{"id":6743,"date":"2024-05-02T13:27:12","date_gmt":"2024-05-02T13:27:12","guid":{"rendered":"https:\/\/skaitytaknyga.lt\/?post_type=product&#038;p=6743"},"modified":"2026-03-18T11:16:12","modified_gmt":"2026-03-18T09:16:12","slug":"l-kleypas-brangesne-uz-gyvenima","status":"publish","type":"product","link":"https:\/\/skaitytaknyga.lt\/en\/produktas\/l-kleypas-brangesne-uz-gyvenima\/","title":{"rendered":"Brangesn\u0117 u\u017e gyvenim\u0105"},"content":{"rendered":"<p><em>\u0160i\u0173 bebaimi\u0173 ir ry\u017eting\u0173 vyr\u0173 i\u0161 Lenktosios gatv\u0117s karalien\u0117s Viktorijos laik\u0173 Londone laukia ne vienas i\u0161\u0161\u016bkis. Ta\u010diau d\u0117l meil\u0117s jie pasiry\u017e\u0119 rizikuoti viskuo.<\/em><\/p>\n<p>Nikas D\u017eentris \u2013 skandalinga asmenyb\u0117. Ta\u010diau jis sugeba i\u0161spr\u0119sti net pat\u012f subtiliausi\u0105 reikal\u0105, tod\u0117l yra pasamdomas rasti dingusi\u0105 panel\u0119 \u0160arlot\u0119 Hovard. Nikui \u0161i u\u017eduotis atrodo gryni niekai&#8230; ta\u010diau netrukus jis yra priverstas pakeisti nuomon\u0119.<br \/>\nKaip nepakeis, jei vietoj savaval\u0117s akipl\u0117\u0161os pamato \u012f siaubing\u0105 pad\u0117t\u012f papuolusi\u0105 b\u016btyb\u0119, kuri slapstosi nuo vyro, galin\u010dio sutrypti jos siel\u0105. Nikas, apstulbindamas net pat\u012f save, pasi\u016blo jai tai, ko dar niekam niekada n\u0117ra si\u016bl\u0119s.<br \/>\nPapra\u0161o \u0160arlot\u0117s tapti jo \u017emona.<br \/>\nNikas supranta \u2013 tai nebus s\u0105junga d\u0117l aki\u0173. Jis jau\u010dia tai, ko pati \u0160arlot\u0117 dar ne\u017eino: ji ne ma\u017eiau geidulinga negu jis. Praeities demon\u0173 persekiojamas, paprast\u0173 Londono gyventoj\u0173 dievinamas, bet i\u0161 Lenktosios gatv\u0117s policijos b\u016brio atleistas vagi\u0173 gaudytojas greitai susivokia gal\u012fs u\u017evaldyti \u0160arlot\u0117s k\u016bn\u0105. Ta\u010diau jos meilei pelnyti reik\u0117s daug daugiau nei aistros.<\/p>\n","protected":false},"excerpt":{"rendered":"<p><em>\u0160i\u0173 bebaimi\u0173 ir ry\u017eting\u0173 vyr\u0173 i\u0161 Lenktosios gatv\u0117s karalien\u0117s Viktorijos laik\u0173 Londone laukia ne vienas i\u0161\u0161\u016bkis. Ta\u010diau d\u0117l meil\u0117s jie pasiry\u017e\u0119 rizikuoti viskuo.<\/em><\/p>\n<p>Nikas D\u017eentris \u2013 skandalinga asmenyb\u0117. Ta\u010diau jis sugeba i\u0161spr\u0119sti net pat\u012f subtiliausi\u0105 reikal\u0105, tod\u0117l yra pasamdomas rasti dingusi\u0105 panel\u0119 \u0160arlot\u0119 Hovard. Nikui \u0161i u\u017eduotis atrodo gryni niekai&#8230; ta\u010diau netrukus jis yra priverstas pakeisti nuomon\u0119.<br \/>\nKaip nepakeis, jei vietoj savaval\u0117s akipl\u0117\u0161os pamato \u012f siaubing\u0105 pad\u0117t\u012f papuolusi\u0105 b\u016btyb\u0119, kuri slapstosi nuo vyro, galin\u010dio sutrypti jos siel\u0105. Nikas, apstulbindamas net pat\u012f save, pasi\u016blo jai tai, ko dar niekam niekada n\u0117ra si\u016bl\u0119s.<br \/>\nPapra\u0161o \u0160arlot\u0117s tapti jo \u017emona.<br \/>\nNikas supranta \u2013 tai nebus s\u0105junga d\u0117l aki\u0173. Jis jau\u010dia tai, ko pati \u0160arlot\u0117 dar ne\u017eino: ji ne ma\u017eiau geidulinga negu jis. Praeities demon\u0173 persekiojamas, paprast\u0173 Londono gyventoj\u0173 dievinamas, bet i\u0161 Lenktosios gatv\u0117s policijos b\u016brio atleistas vagi\u0173 gaudytojas greitai susivokia gal\u012fs u\u017evaldyti \u0160arlot\u0117s k\u016bn\u0105. Ta\u010diau jos meilei pelnyti reik\u0117s daug daugiau nei aistros.<\/p>\n","protected":false},"featured_media":6755,"comment_status":"closed","ping_status":"closed","template":"","meta":{"_acf_changed":false,"site-sidebar-layout":"default","site-content-layout":"","ast-site-content-layout":"default","site-content-style":"default","site-sidebar-style":"default","ast-global-header-display":"","ast-banner-title-visibility":"","ast-main-header-display":"","ast-hfb-above-header-display":"","ast-hfb-below-header-display":"","ast-hfb-mobile-header-display":"","site-post-title":"","ast-breadcrumbs-content":"","ast-featured-img":"","footer-sml-layout":"","ast-disable-related-posts":"","theme-transparent-header-meta":"","adv-header-id-meta":"","stick-header-meta":"","header-above-stick-meta":"","header-main-stick-meta":"","header-below-stick-meta":"","astra-migrate-meta-layouts":"default","ast-page-background-enabled":"default","ast-page-background-meta":{"desktop":{"background-color":"","background-image":"","background-repeat":"repeat","background-position":"center center","background-size":"auto","background-attachment":"scroll","background-type":"","background-media":"","overlay-type":"","overlay-color":"","overlay-opacity":"","overlay-gradient":""},"tablet":{"background-color":"","background-image":"","background-repeat":"repeat","background-position":"center center","background-size":"auto","background-attachment":"scroll","background-type":"","background-media":"","overlay-type":"","overlay-color":"","overlay-opacity":"","overlay-gradient":""},"mobile":{"background-color":"","background-image":"","background-repeat":"repeat","background-position":"center center","background-size":"auto","background-attachment":"scroll","background-type":"","background-media":"","overlay-type":"","overlay-color":"","overlay-opacity":"","overlay-gradient":""}},"ast-content-background-meta":{"desktop":{"background-color":"var(--ast-global-color-4)","background-image":"","background-repeat":"repeat","background-position":"center center","background-size":"auto","background-attachment":"scroll","background-type":"","background-media":"","overlay-type":"","overlay-color":"","overlay-opacity":"","overlay-gradient":""},"tablet":{"background-color":"var(--ast-global-color-4)","background-image":"","background-repeat":"repeat","background-position":"center center","background-size":"auto","background-attachment":"scroll","background-type":"","background-media":"","overlay-type":"","overlay-color":"","overlay-opacity":"","overlay-gradient":""},"mobile":{"background-color":"var(--ast-global-color-4)","background-image":"","background-repeat":"repeat","background-position":"center center","background-size":"auto","background-attachment":"scroll","background-type":"","background-media":"","overlay-type":"","overlay-color":"","overlay-opacity":"","overlay-gradient":""}}},"product_brand":[],"product_cat":[9734],"product_tag":[],"class_list":{"0":"post-6743","1":"product","2":"type-product","3":"status-publish","4":"has-post-thumbnail","6":"product_cat-romanai","7":"desktop-align-left","8":"tablet-align-left","9":"mobile-align-left","11":"first","12":"outofstock","13":"shipping-taxable","14":"purchasable","15":"product-type-simple"},"acf":[],"yoast_head":"<!-- This site is optimized with the Yoast SEO plugin v27.4 - https:\/\/yoast.com\/product\/yoast-seo-wordpress\/ -->\n<title>Brangesn\u0117 u\u017e gyvenim\u0105<\/title>\n<meta name=\"description\" content=\"\u0160i\u0173 bebaimi\u0173 ir ry\u017eting\u0173 vyr\u0173 i\u0161 Lenktosios gatv\u0117s karalien\u0117s Viktorijos laik\u0173 Londone laukia ne vienas i\u0161\u0161\u016bkis. Ta\u010diau d\u0117l meil\u0117s jie pasiry\u017e\u0119 rizikuoti viskuo.  Nikas D\u017eentris \u2013 skandalinga asmenyb\u0117. Ta\u010diau jis sugeba i\u0161spr\u0119sti net pat\u012f subtiliausi\u0105 reikal\u0105, tod\u0117l yra pasamdomas rasti dingusi\u0105 panel\u0119 \u0160arlot\u0119 Hovard. Nikui \u0161i u\u017eduotis atrodo gryni niekai... ta\u010diau netrukus jis yra priverstas pakeisti nuomon\u0119. Kaip nepakeis, jei vietoj savaval\u0117s akipl\u0117\u0161os pamato \u012f siaubing\u0105 pad\u0117t\u012f papuolusi\u0105 b\u016btyb\u0119, kuri slapstosi nuo vyro, galin\u010dio sutrypti jos siel\u0105. Nikas, apstulbindamas net pat\u012f save, pasi\u016blo jai tai, ko dar niekam niekada n\u0117ra si\u016bl\u0119s. Papra\u0161o \u0160arlot\u0117s tapti jo \u017emona. Nikas supranta \u2013 tai nebus s\u0105junga d\u0117l aki\u0173. Jis jau\u010dia tai, ko pati \u0160arlot\u0117 dar ne\u017eino: ji ne ma\u017eiau geidulinga negu jis. Praeities demon\u0173 persekiojamas, paprast\u0173 Londono gyventoj\u0173 dievinamas, bet i\u0161 Lenktosios gatv\u0117s policijos b\u016brio atleistas vagi\u0173 gaudytojas greitai susivokia gal\u012fs u\u017evaldyti \u0160arlot\u0117s k\u016bn\u0105. Ta\u010diau jos meilei pelnyti reik\u0117s daug daugiau nei aistros.\" \/>\n<meta name=\"robots\" content=\"index, follow, max-snippet:-1, max-image-preview:large, max-video-preview:-1\" \/>\n<link rel=\"canonical\" href=\"https:\/\/skaitytaknyga.lt\/en\/produktas\/l-kleypas-brangesne-uz-gyvenima\/\" \/>\n<meta property=\"og:locale\" content=\"en_GB\" \/>\n<meta property=\"og:locale:alternate\" content=\"lt_LT\" \/>\n<meta property=\"og:type\" content=\"article\" \/>\n<meta property=\"og:title\" content=\"Brangesn\u0117 u\u017e gyvenim\u0105\" \/>\n<meta property=\"og:description\" content=\"\u0160i\u0173 bebaimi\u0173 ir ry\u017eting\u0173 vyr\u0173 i\u0161 Lenktosios gatv\u0117s karalien\u0117s Viktorijos laik\u0173 Londone laukia ne vienas i\u0161\u0161\u016bkis. Ta\u010diau d\u0117l meil\u0117s jie pasiry\u017e\u0119 rizikuoti viskuo.  Nikas D\u017eentris \u2013 skandalinga asmenyb\u0117. Ta\u010diau jis sugeba i\u0161spr\u0119sti net pat\u012f subtiliausi\u0105 reikal\u0105, tod\u0117l yra pasamdomas rasti dingusi\u0105 panel\u0119 \u0160arlot\u0119 Hovard. Nikui \u0161i u\u017eduotis atrodo gryni niekai... ta\u010diau netrukus jis yra priverstas pakeisti nuomon\u0119. Kaip nepakeis, jei vietoj savaval\u0117s akipl\u0117\u0161os pamato \u012f siaubing\u0105 pad\u0117t\u012f papuolusi\u0105 b\u016btyb\u0119, kuri slapstosi nuo vyro, galin\u010dio sutrypti jos siel\u0105. Nikas, apstulbindamas net pat\u012f save, pasi\u016blo jai tai, ko dar niekam niekada n\u0117ra si\u016bl\u0119s. Papra\u0161o \u0160arlot\u0117s tapti jo \u017emona. Nikas supranta \u2013 tai nebus s\u0105junga d\u0117l aki\u0173. Jis jau\u010dia tai, ko pati \u0160arlot\u0117 dar ne\u017eino: ji ne ma\u017eiau geidulinga negu jis. Praeities demon\u0173 persekiojamas, paprast\u0173 Londono gyventoj\u0173 dievinamas, bet i\u0161 Lenktosios gatv\u0117s policijos b\u016brio atleistas vagi\u0173 gaudytojas greitai susivokia gal\u012fs u\u017evaldyti \u0160arlot\u0117s k\u016bn\u0105. Ta\u010diau jos meilei pelnyti reik\u0117s daug daugiau nei aistros.\" \/>\n<meta property=\"og:url\" content=\"https:\/\/skaitytaknyga.lt\/en\/produktas\/l-kleypas-brangesne-uz-gyvenima\/\" \/>\n<meta property=\"og:site_name\" content=\"Skaitytaknyga\" \/>\n<meta property=\"article:publisher\" content=\"https:\/\/www.facebook.com\/skaitytaknyga\/\" \/>\n<meta property=\"article:modified_time\" content=\"2026-03-18T09:16:12+00:00\" \/>\n<meta property=\"og:image\" content=\"https:\/\/skaitytaknyga.lt\/wp-content\/uploads\/2024\/05\/000000000002172173-59de870ec17e2-asset-knyguklubas-cdb_9786090302316_brangesne-uz-gyvenima_p1.jpg\" \/>\n\t<meta property=\"og:image:width\" content=\"285\" \/>\n\t<meta property=\"og:image:height\" content=\"410\" \/>\n\t<meta property=\"og:image:type\" content=\"image\/jpeg\" \/>\n<meta name=\"twitter:card\" content=\"summary_large_image\" \/>\n<meta name=\"twitter:label1\" content=\"Estimated reading time\" \/>\n\t<meta name=\"twitter:data1\" content=\"1 minute\" \/>\n<script type=\"application\/ld+json\" class=\"yoast-schema-graph\">{\"@context\":\"https:\\\/\\\/schema.org\",\"@graph\":[{\"@type\":\"WebPage\",\"@id\":\"https:\\\/\\\/skaitytaknyga.lt\\\/produktas\\\/l-kleypas-brangesne-uz-gyvenima\\\/\",\"url\":\"https:\\\/\\\/skaitytaknyga.lt\\\/produktas\\\/l-kleypas-brangesne-uz-gyvenima\\\/\",\"name\":\"Brangesn\u0117 u\u017e gyvenim\u0105\",\"isPartOf\":{\"@id\":\"https:\\\/\\\/skaitytaknyga.lt\\\/#website\"},\"primaryImageOfPage\":{\"@id\":\"https:\\\/\\\/skaitytaknyga.lt\\\/produktas\\\/l-kleypas-brangesne-uz-gyvenima\\\/#primaryimage\"},\"image\":{\"@id\":\"https:\\\/\\\/skaitytaknyga.lt\\\/produktas\\\/l-kleypas-brangesne-uz-gyvenima\\\/#primaryimage\"},\"thumbnailUrl\":\"https:\\\/\\\/skaitytaknyga.lt\\\/wp-content\\\/uploads\\\/2024\\\/05\\\/000000000002172173-59de870ec17e2-asset-knyguklubas-cdb_9786090302316_brangesne-uz-gyvenima_p1.jpg\",\"datePublished\":\"2024-05-02T13:27:12+00:00\",\"dateModified\":\"2026-03-18T09:16:12+00:00\",\"description\":\"\u0160i\u0173 bebaimi\u0173 ir ry\u017eting\u0173 vyr\u0173 i\u0161 Lenktosios gatv\u0117s karalien\u0117s Viktorijos laik\u0173 Londone laukia ne vienas i\u0161\u0161\u016bkis. Ta\u010diau d\u0117l meil\u0117s jie pasiry\u017e\u0119 rizikuoti viskuo. Nikas D\u017eentris \u2013 skandalinga asmenyb\u0117. Ta\u010diau jis sugeba i\u0161spr\u0119sti net pat\u012f subtiliausi\u0105 reikal\u0105, tod\u0117l yra pasamdomas rasti dingusi\u0105 panel\u0119 \u0160arlot\u0119 Hovard. Nikui \u0161i u\u017eduotis atrodo gryni niekai... ta\u010diau netrukus jis yra priverstas pakeisti nuomon\u0119. Kaip nepakeis, jei vietoj savaval\u0117s akipl\u0117\u0161os pamato \u012f siaubing\u0105 pad\u0117t\u012f papuolusi\u0105 b\u016btyb\u0119, kuri slapstosi nuo vyro, galin\u010dio sutrypti jos siel\u0105. Nikas, apstulbindamas net pat\u012f save, pasi\u016blo jai tai, ko dar niekam niekada n\u0117ra si\u016bl\u0119s. Papra\u0161o \u0160arlot\u0117s tapti jo \u017emona. Nikas supranta \u2013 tai nebus s\u0105junga d\u0117l aki\u0173. Jis jau\u010dia tai, ko pati \u0160arlot\u0117 dar ne\u017eino: ji ne ma\u017eiau geidulinga negu jis. Praeities demon\u0173 persekiojamas, paprast\u0173 Londono gyventoj\u0173 dievinamas, bet i\u0161 Lenktosios gatv\u0117s policijos b\u016brio atleistas vagi\u0173 gaudytojas greitai susivokia gal\u012fs u\u017evaldyti \u0160arlot\u0117s k\u016bn\u0105. Ta\u010diau jos meilei pelnyti reik\u0117s daug daugiau nei aistros.\",\"breadcrumb\":{\"@id\":\"https:\\\/\\\/skaitytaknyga.lt\\\/produktas\\\/l-kleypas-brangesne-uz-gyvenima\\\/#breadcrumb\"},\"inLanguage\":\"en-GB\",\"potentialAction\":[{\"@type\":\"ReadAction\",\"target\":[\"https:\\\/\\\/skaitytaknyga.lt\\\/produktas\\\/l-kleypas-brangesne-uz-gyvenima\\\/\"]}]},{\"@type\":\"ImageObject\",\"inLanguage\":\"en-GB\",\"@id\":\"https:\\\/\\\/skaitytaknyga.lt\\\/produktas\\\/l-kleypas-brangesne-uz-gyvenima\\\/#primaryimage\",\"url\":\"https:\\\/\\\/skaitytaknyga.lt\\\/wp-content\\\/uploads\\\/2024\\\/05\\\/000000000002172173-59de870ec17e2-asset-knyguklubas-cdb_9786090302316_brangesne-uz-gyvenima_p1.jpg\",\"contentUrl\":\"https:\\\/\\\/skaitytaknyga.lt\\\/wp-content\\\/uploads\\\/2024\\\/05\\\/000000000002172173-59de870ec17e2-asset-knyguklubas-cdb_9786090302316_brangesne-uz-gyvenima_p1.jpg\",\"width\":285,\"height\":410},{\"@type\":\"BreadcrumbList\",\"@id\":\"https:\\\/\\\/skaitytaknyga.lt\\\/produktas\\\/l-kleypas-brangesne-uz-gyvenima\\\/#breadcrumb\",\"itemListElement\":[{\"@type\":\"ListItem\",\"position\":1,\"name\":\"Home\",\"item\":\"https:\\\/\\\/skaitytaknyga.lt\\\/\"},{\"@type\":\"ListItem\",\"position\":2,\"name\":\"Parduotuv\u0117\",\"item\":\"https:\\\/\\\/skaitytaknyga.lt\\\/knygu-parduotuve\\\/\"},{\"@type\":\"ListItem\",\"position\":3,\"name\":\"Brangesn\u0117 u\u017e gyvenim\u0105\"}]},{\"@type\":\"WebSite\",\"@id\":\"https:\\\/\\\/skaitytaknyga.lt\\\/#website\",\"url\":\"https:\\\/\\\/skaitytaknyga.lt\\\/\",\"name\":\"skaitytaknyga.lt\",\"description\":\"Skaitytaknyga.lt \u2013 tai ma\u017eas \u0161eimos verslas, kuris prasid\u0117jo nuo meil\u0117s knygoms ir siekio i\u0161gelb\u0117ti knygas nuo likimo prie konteinerio. Kas vienam nereikalingas daiktas \u2013 kitam lobis, o mes esame tarpininkai, kurie padeda abiems tapti laimingesniems ???? \u017dinome kaip nelengva i\u0161gyventi ma\u017eiems verslams, tad nuo \u0161iol, \u010dia rasite ir kit\u0173, ma\u017e\u0173 \u0161eim\u0173 versl\u0173, rank\u0173 darbo, dovan\u0173 sau ir artimiesiems.\",\"publisher\":{\"@id\":\"https:\\\/\\\/skaitytaknyga.lt\\\/#organization\"},\"potentialAction\":[{\"@type\":\"SearchAction\",\"target\":{\"@type\":\"EntryPoint\",\"urlTemplate\":\"https:\\\/\\\/skaitytaknyga.lt\\\/?s={search_term_string}\"},\"query-input\":{\"@type\":\"PropertyValueSpecification\",\"valueRequired\":true,\"valueName\":\"search_term_string\"}}],\"inLanguage\":\"en-GB\"},{\"@type\":\"Organization\",\"@id\":\"https:\\\/\\\/skaitytaknyga.lt\\\/#organization\",\"name\":\"skaitytaknyga.lt\",\"url\":\"https:\\\/\\\/skaitytaknyga.lt\\\/\",\"logo\":{\"@type\":\"ImageObject\",\"inLanguage\":\"en-GB\",\"@id\":\"https:\\\/\\\/skaitytaknyga.lt\\\/#\\\/schema\\\/logo\\\/image\\\/\",\"url\":\"https:\\\/\\\/skaitytaknyga.lt\\\/wp-content\\\/uploads\\\/2024\\\/05\\\/cropped-cropped-cropped-02_00843_jt3bggkj1j3HLc7SyY6rEUpg.jpeg\",\"contentUrl\":\"https:\\\/\\\/skaitytaknyga.lt\\\/wp-content\\\/uploads\\\/2024\\\/05\\\/cropped-cropped-cropped-02_00843_jt3bggkj1j3HLc7SyY6rEUpg.jpeg\",\"width\":1600,\"height\":1600,\"caption\":\"skaitytaknyga.lt\"},\"image\":{\"@id\":\"https:\\\/\\\/skaitytaknyga.lt\\\/#\\\/schema\\\/logo\\\/image\\\/\"},\"sameAs\":[\"https:\\\/\\\/www.facebook.com\\\/skaitytaknyga\\\/\"]}]}<\/script>\n<!-- \/ Yoast SEO plugin. -->","yoast_head_json":{"title":"Brangesn\u0117 u\u017e gyvenim\u0105","description":"\u0160i\u0173 bebaimi\u0173 ir ry\u017eting\u0173 vyr\u0173 i\u0161 Lenktosios gatv\u0117s karalien\u0117s Viktorijos laik\u0173 Londone laukia ne vienas i\u0161\u0161\u016bkis. Ta\u010diau d\u0117l meil\u0117s jie pasiry\u017e\u0119 rizikuoti viskuo.  Nikas D\u017eentris \u2013 skandalinga asmenyb\u0117. Ta\u010diau jis sugeba i\u0161spr\u0119sti net pat\u012f subtiliausi\u0105 reikal\u0105, tod\u0117l yra pasamdomas rasti dingusi\u0105 panel\u0119 \u0160arlot\u0119 Hovard. Nikui \u0161i u\u017eduotis atrodo gryni niekai... ta\u010diau netrukus jis yra priverstas pakeisti nuomon\u0119. Kaip nepakeis, jei vietoj savaval\u0117s akipl\u0117\u0161os pamato \u012f siaubing\u0105 pad\u0117t\u012f papuolusi\u0105 b\u016btyb\u0119, kuri slapstosi nuo vyro, galin\u010dio sutrypti jos siel\u0105. Nikas, apstulbindamas net pat\u012f save, pasi\u016blo jai tai, ko dar niekam niekada n\u0117ra si\u016bl\u0119s. Papra\u0161o \u0160arlot\u0117s tapti jo \u017emona. Nikas supranta \u2013 tai nebus s\u0105junga d\u0117l aki\u0173. Jis jau\u010dia tai, ko pati \u0160arlot\u0117 dar ne\u017eino: ji ne ma\u017eiau geidulinga negu jis. Praeities demon\u0173 persekiojamas, paprast\u0173 Londono gyventoj\u0173 dievinamas, bet i\u0161 Lenktosios gatv\u0117s policijos b\u016brio atleistas vagi\u0173 gaudytojas greitai susivokia gal\u012fs u\u017evaldyti \u0160arlot\u0117s k\u016bn\u0105. Ta\u010diau jos meilei pelnyti reik\u0117s daug daugiau nei aistros.","robots":{"index":"index","follow":"follow","max-snippet":"max-snippet:-1","max-image-preview":"max-image-preview:large","max-video-preview":"max-video-preview:-1"},"canonical":"https:\/\/skaitytaknyga.lt\/en\/produktas\/l-kleypas-brangesne-uz-gyvenima\/","og_locale":"en_GB","og_type":"article","og_title":"[:lt]Brangesn\u0117 u\u017e gyvenim\u0105[:] - Skaitytaknyga","og_description":"\u0160i\u0173 bebaimi\u0173 ir ry\u017eting\u0173 vyr\u0173 i\u0161 Lenktosios gatv\u0117s karalien\u0117s Viktorijos laik\u0173 Londone laukia ne vienas i\u0161\u0161\u016bkis. Ta\u010diau d\u0117l meil\u0117s jie pasiry\u017e\u0119 rizikuoti viskuo.  Nikas D\u017eentris \u2013 skandalinga asmenyb\u0117. Ta\u010diau jis sugeba i\u0161spr\u0119sti net pat\u012f subtiliausi\u0105 reikal\u0105, tod\u0117l yra pasamdomas rasti dingusi\u0105 panel\u0119 \u0160arlot\u0119 Hovard. Nikui \u0161i u\u017eduotis atrodo gryni niekai... ta\u010diau netrukus jis yra priverstas pakeisti nuomon\u0119. Kaip nepakeis, jei vietoj savaval\u0117s akipl\u0117\u0161os pamato \u012f siaubing\u0105 pad\u0117t\u012f papuolusi\u0105 b\u016btyb\u0119, kuri slapstosi nuo vyro, galin\u010dio sutrypti jos siel\u0105. Nikas, apstulbindamas net pat\u012f save, pasi\u016blo jai tai, ko dar niekam niekada n\u0117ra si\u016bl\u0119s. Papra\u0161o \u0160arlot\u0117s tapti jo \u017emona. Nikas supranta \u2013 tai nebus s\u0105junga d\u0117l aki\u0173. Jis jau\u010dia tai, ko pati \u0160arlot\u0117 dar ne\u017eino: ji ne ma\u017eiau geidulinga negu jis. Praeities demon\u0173 persekiojamas, paprast\u0173 Londono gyventoj\u0173 dievinamas, bet i\u0161 Lenktosios gatv\u0117s policijos b\u016brio atleistas vagi\u0173 gaudytojas greitai susivokia gal\u012fs u\u017evaldyti \u0160arlot\u0117s k\u016bn\u0105. Ta\u010diau jos meilei pelnyti reik\u0117s daug daugiau nei aistros.","og_url":"https:\/\/skaitytaknyga.lt\/en\/produktas\/l-kleypas-brangesne-uz-gyvenima\/","og_site_name":"Skaitytaknyga","article_publisher":"https:\/\/www.facebook.com\/skaitytaknyga\/","article_modified_time":"2026-03-18T09:16:12+00:00","og_image":[{"width":285,"height":410,"url":"https:\/\/skaitytaknyga.lt\/wp-content\/uploads\/2024\/05\/000000000002172173-59de870ec17e2-asset-knyguklubas-cdb_9786090302316_brangesne-uz-gyvenima_p1.jpg","type":"image\/jpeg"}],"twitter_card":"summary_large_image","twitter_misc":{"Estimated reading time":"1 minute"},"schema":{"@context":"https:\/\/schema.org","@graph":[{"@type":"WebPage","@id":"https:\/\/skaitytaknyga.lt\/produktas\/l-kleypas-brangesne-uz-gyvenima\/","url":"https:\/\/skaitytaknyga.lt\/produktas\/l-kleypas-brangesne-uz-gyvenima\/","name":"Brangesn\u0117 u\u017e gyvenim\u0105","isPartOf":{"@id":"https:\/\/skaitytaknyga.lt\/#website"},"primaryImageOfPage":{"@id":"https:\/\/skaitytaknyga.lt\/produktas\/l-kleypas-brangesne-uz-gyvenima\/#primaryimage"},"image":{"@id":"https:\/\/skaitytaknyga.lt\/produktas\/l-kleypas-brangesne-uz-gyvenima\/#primaryimage"},"thumbnailUrl":"https:\/\/skaitytaknyga.lt\/wp-content\/uploads\/2024\/05\/000000000002172173-59de870ec17e2-asset-knyguklubas-cdb_9786090302316_brangesne-uz-gyvenima_p1.jpg","datePublished":"2024-05-02T13:27:12+00:00","dateModified":"2026-03-18T09:16:12+00:00","description":"\u0160i\u0173 bebaimi\u0173 ir ry\u017eting\u0173 vyr\u0173 i\u0161 Lenktosios gatv\u0117s karalien\u0117s Viktorijos laik\u0173 Londone laukia ne vienas i\u0161\u0161\u016bkis. Ta\u010diau d\u0117l meil\u0117s jie pasiry\u017e\u0119 rizikuoti viskuo. Nikas D\u017eentris \u2013 skandalinga asmenyb\u0117. Ta\u010diau jis sugeba i\u0161spr\u0119sti net pat\u012f subtiliausi\u0105 reikal\u0105, tod\u0117l yra pasamdomas rasti dingusi\u0105 panel\u0119 \u0160arlot\u0119 Hovard. Nikui \u0161i u\u017eduotis atrodo gryni niekai... ta\u010diau netrukus jis yra priverstas pakeisti nuomon\u0119. Kaip nepakeis, jei vietoj savaval\u0117s akipl\u0117\u0161os pamato \u012f siaubing\u0105 pad\u0117t\u012f papuolusi\u0105 b\u016btyb\u0119, kuri slapstosi nuo vyro, galin\u010dio sutrypti jos siel\u0105. Nikas, apstulbindamas net pat\u012f save, pasi\u016blo jai tai, ko dar niekam niekada n\u0117ra si\u016bl\u0119s. Papra\u0161o \u0160arlot\u0117s tapti jo \u017emona. Nikas supranta \u2013 tai nebus s\u0105junga d\u0117l aki\u0173. Jis jau\u010dia tai, ko pati \u0160arlot\u0117 dar ne\u017eino: ji ne ma\u017eiau geidulinga negu jis. Praeities demon\u0173 persekiojamas, paprast\u0173 Londono gyventoj\u0173 dievinamas, bet i\u0161 Lenktosios gatv\u0117s policijos b\u016brio atleistas vagi\u0173 gaudytojas greitai susivokia gal\u012fs u\u017evaldyti \u0160arlot\u0117s k\u016bn\u0105. Ta\u010diau jos meilei pelnyti reik\u0117s daug daugiau nei aistros.","breadcrumb":{"@id":"https:\/\/skaitytaknyga.lt\/produktas\/l-kleypas-brangesne-uz-gyvenima\/#breadcrumb"},"inLanguage":"en-GB","potentialAction":[{"@type":"ReadAction","target":["https:\/\/skaitytaknyga.lt\/produktas\/l-kleypas-brangesne-uz-gyvenima\/"]}]},{"@type":"ImageObject","inLanguage":"en-GB","@id":"https:\/\/skaitytaknyga.lt\/produktas\/l-kleypas-brangesne-uz-gyvenima\/#primaryimage","url":"https:\/\/skaitytaknyga.lt\/wp-content\/uploads\/2024\/05\/000000000002172173-59de870ec17e2-asset-knyguklubas-cdb_9786090302316_brangesne-uz-gyvenima_p1.jpg","contentUrl":"https:\/\/skaitytaknyga.lt\/wp-content\/uploads\/2024\/05\/000000000002172173-59de870ec17e2-asset-knyguklubas-cdb_9786090302316_brangesne-uz-gyvenima_p1.jpg","width":285,"height":410},{"@type":"BreadcrumbList","@id":"https:\/\/skaitytaknyga.lt\/produktas\/l-kleypas-brangesne-uz-gyvenima\/#breadcrumb","itemListElement":[{"@type":"ListItem","position":1,"name":"Home","item":"https:\/\/skaitytaknyga.lt\/"},{"@type":"ListItem","position":2,"name":"Parduotuv\u0117","item":"https:\/\/skaitytaknyga.lt\/knygu-parduotuve\/"},{"@type":"ListItem","position":3,"name":"Brangesn\u0117 u\u017e gyvenim\u0105"}]},{"@type":"WebSite","@id":"https:\/\/skaitytaknyga.lt\/#website","url":"https:\/\/skaitytaknyga.lt\/","name":"skaitytaknyga.lt","description":"Skaitytaknyga.lt \u2013 tai ma\u017eas \u0161eimos verslas, kuris prasid\u0117jo nuo meil\u0117s knygoms ir siekio i\u0161gelb\u0117ti knygas nuo likimo prie konteinerio. Kas vienam nereikalingas daiktas \u2013 kitam lobis, o mes esame tarpininkai, kurie padeda abiems tapti laimingesniems ???? \u017dinome kaip nelengva i\u0161gyventi ma\u017eiems verslams, tad nuo \u0161iol, \u010dia rasite ir kit\u0173, ma\u017e\u0173 \u0161eim\u0173 versl\u0173, rank\u0173 darbo, dovan\u0173 sau ir artimiesiems.","publisher":{"@id":"https:\/\/skaitytaknyga.lt\/#organization"},"potentialAction":[{"@type":"SearchAction","target":{"@type":"EntryPoint","urlTemplate":"https:\/\/skaitytaknyga.lt\/?s={search_term_string}"},"query-input":{"@type":"PropertyValueSpecification","valueRequired":true,"valueName":"search_term_string"}}],"inLanguage":"en-GB"},{"@type":"Organization","@id":"https:\/\/skaitytaknyga.lt\/#organization","name":"skaitytaknyga.lt","url":"https:\/\/skaitytaknyga.lt\/","logo":{"@type":"ImageObject","inLanguage":"en-GB","@id":"https:\/\/skaitytaknyga.lt\/#\/schema\/logo\/image\/","url":"https:\/\/skaitytaknyga.lt\/wp-content\/uploads\/2024\/05\/cropped-cropped-cropped-02_00843_jt3bggkj1j3HLc7SyY6rEUpg.jpeg","contentUrl":"https:\/\/skaitytaknyga.lt\/wp-content\/uploads\/2024\/05\/cropped-cropped-cropped-02_00843_jt3bggkj1j3HLc7SyY6rEUpg.jpeg","width":1600,"height":1600,"caption":"skaitytaknyga.lt"},"image":{"@id":"https:\/\/skaitytaknyga.lt\/#\/schema\/logo\/image\/"},"sameAs":["https:\/\/www.facebook.com\/skaitytaknyga\/"]}]}},"_links":{"self":[{"href":"https:\/\/skaitytaknyga.lt\/en\/wp-json\/wp\/v2\/product\/6743","targetHints":{"allow":["GET"]}}],"collection":[{"href":"https:\/\/skaitytaknyga.lt\/en\/wp-json\/wp\/v2\/product"}],"about":[{"href":"https:\/\/skaitytaknyga.lt\/en\/wp-json\/wp\/v2\/types\/product"}],"replies":[{"embeddable":true,"href":"https:\/\/skaitytaknyga.lt\/en\/wp-json\/wp\/v2\/comments?post=6743"}],"wp:featuredmedia":[{"embeddable":true,"href":"https:\/\/skaitytaknyga.lt\/en\/wp-json\/wp\/v2\/media\/6755"}],"wp:attachment":[{"href":"https:\/\/skaitytaknyga.lt\/en\/wp-json\/wp\/v2\/media?parent=6743"}],"wp:term":[{"taxonomy":"product_brand","embeddable":true,"href":"https:\/\/skaitytaknyga.lt\/en\/wp-json\/wp\/v2\/product_brand?post=6743"},{"taxonomy":"product_cat","embeddable":true,"href":"https:\/\/skaitytaknyga.lt\/en\/wp-json\/wp\/v2\/product_cat?post=6743"},{"taxonomy":"product_tag","embeddable":true,"href":"https:\/\/skaitytaknyga.lt\/en\/wp-json\/wp\/v2\/product_tag?post=6743"}],"curies":[{"name":"wp","href":"https:\/\/api.w.org\/{rel}","templated":true}]}}