{"id":6732,"date":"2024-05-02T13:26:52","date_gmt":"2024-05-02T13:26:52","guid":{"rendered":"https:\/\/skaitytaknyga.lt\/?post_type=product&#038;p=6732"},"modified":"2024-05-03T07:29:57","modified_gmt":"2024-05-03T07:29:57","slug":"juozas-vaitkus-likimo-juodrasciai-nedideli-patepimai-knygos-apacioje","status":"publish","type":"product","link":"https:\/\/skaitytaknyga.lt\/en\/produktas\/juozas-vaitkus-likimo-juodrasciai-nedideli-patepimai-knygos-apacioje\/","title":{"rendered":"Juozas Vaitkus \u201eLikimo juodra\u0161\u010diai\u201c (nedideli patepimai knygos apa\u010dioje)"},"content":{"rendered":"<div>Knygos autorius, gerai \u017einomas knyg\u0173 leid\u0117jas, vert\u0117jas, kaln\u0173 turizmo sporto meistras, visuomen\u0117s veik\u0117jas, 1968-1996 metais dirb\u0119s \u201eMinties\u201c, \u201eMokslo\u201c leidykl\u0173 vyriausiuoju redaktoriumi, \u201eVyturio\u201c leidyklos direktoriumi, savo atisiminimuose pasakoja apie t\u0173 met\u0173 knyg\u0173 leidybos problemas Lietuvoje. Taip pat knygoje atsiveria tarpukario Lietuvos kaimas, nuo\u0161ird\u017eiai atkurtas t\u0117vo paveikslas, neu\u017emir\u0161ti mokyklos ir studij\u0173 draugai. Autorius atvirai prabyla, kaip buvo rengiami karo karo \u017evalgai Vakar\u0173 Europos \u0161alims. Tai bene pirmas vie\u0161as buvusio GRU rezervisto \u017eodis Lietuvoje \u0161ia tema.<\/div>\n","protected":false},"excerpt":{"rendered":"<div>Knygos autorius, gerai \u017einomas knyg\u0173 leid\u0117jas, vert\u0117jas, kaln\u0173 turizmo sporto meistras, visuomen\u0117s veik\u0117jas, 1968-1996 metais dirb\u0119s \u201eMinties\u201c, \u201eMokslo\u201c leidykl\u0173 vyriausiuoju redaktoriumi, \u201eVyturio\u201c leidyklos direktoriumi, savo atisiminimuose pasakoja apie t\u0173 met\u0173 knyg\u0173 leidybos problemas Lietuvoje. Taip pat knygoje atsiveria tarpukario Lietuvos kaimas, nuo\u0161ird\u017eiai atkurtas t\u0117vo paveikslas, neu\u017emir\u0161ti mokyklos ir studij\u0173 draugai. Autorius atvirai prabyla, kaip buvo rengiami karo karo \u017evalgai Vakar\u0173 Europos \u0161alims. Tai bene pirmas vie\u0161as buvusio GRU rezervisto \u017eodis Lietuvoje \u0161ia tema.<\/div>\n","protected":false},"featured_media":6752,"comment_status":"closed","ping_status":"closed","template":"","meta":{"_acf_changed":false,"site-sidebar-layout":"default","site-content-layout":"","ast-site-content-layout":"default","site-content-style":"default","site-sidebar-style":"default","ast-global-header-display":"","ast-banner-title-visibility":"","ast-main-header-display":"","ast-hfb-above-header-display":"","ast-hfb-below-header-display":"","ast-hfb-mobile-header-display":"","site-post-title":"","ast-breadcrumbs-content":"","ast-featured-img":"","footer-sml-layout":"","ast-disable-related-posts":"","theme-transparent-header-meta":"","adv-header-id-meta":"","stick-header-meta":"","header-above-stick-meta":"","header-main-stick-meta":"","header-below-stick-meta":"","astra-migrate-meta-layouts":"default","ast-page-background-enabled":"default","ast-page-background-meta":{"desktop":{"background-color":"","background-image":"","background-repeat":"repeat","background-position":"center center","background-size":"auto","background-attachment":"scroll","background-type":"","background-media":"","overlay-type":"","overlay-color":"","overlay-opacity":"","overlay-gradient":""},"tablet":{"background-color":"","background-image":"","background-repeat":"repeat","background-position":"center center","background-size":"auto","background-attachment":"scroll","background-type":"","background-media":"","overlay-type":"","overlay-color":"","overlay-opacity":"","overlay-gradient":""},"mobile":{"background-color":"","background-image":"","background-repeat":"repeat","background-position":"center center","background-size":"auto","background-attachment":"scroll","background-type":"","background-media":"","overlay-type":"","overlay-color":"","overlay-opacity":"","overlay-gradient":""}},"ast-content-background-meta":{"desktop":{"background-color":"var(--ast-global-color-4)","background-image":"","background-repeat":"repeat","background-position":"center center","background-size":"auto","background-attachment":"scroll","background-type":"","background-media":"","overlay-type":"","overlay-color":"","overlay-opacity":"","overlay-gradient":""},"tablet":{"background-color":"var(--ast-global-color-4)","background-image":"","background-repeat":"repeat","background-position":"center center","background-size":"auto","background-attachment":"scroll","background-type":"","background-media":"","overlay-type":"","overlay-color":"","overlay-opacity":"","overlay-gradient":""},"mobile":{"background-color":"var(--ast-global-color-4)","background-image":"","background-repeat":"repeat","background-position":"center center","background-size":"auto","background-attachment":"scroll","background-type":"","background-media":"","overlay-type":"","overlay-color":"","overlay-opacity":"","overlay-gradient":""}}},"product_brand":[],"product_cat":[33,448],"product_tag":[],"class_list":{"0":"post-6732","1":"product","2":"type-product","3":"status-publish","4":"has-post-thumbnail","6":"product_cat-biografijos","7":"product_cat-keliones","8":"desktop-align-left","9":"tablet-align-left","10":"mobile-align-left","12":"first","13":"instock","14":"shipping-taxable","15":"purchasable","16":"product-type-simple"},"acf":[],"yoast_head":"<!-- This site is optimized with the Yoast SEO plugin v27.0 - https:\/\/yoast.com\/product\/yoast-seo-wordpress\/ -->\n<title>Juozas Vaitkus \u201eLikimo juodra\u0161\u010diai\u201c (nedideli patepimai knygos apa\u010dioje) - Skaitytaknyga<\/title>\n<meta name=\"description\" content=\"Knygos autorius, gerai \u017einomas knyg\u0173 leid\u0117jas, vert\u0117jas, kaln\u0173 turizmo sporto meistras, visuomen\u0117s veik\u0117jas, 1968-1996 metais dirb\u0119s \u201eMinties\u201c, \u201eMokslo\u201c leidykl\u0173 vyriausiuoju redaktoriumi, \u201eVyturio\u201c leidyklos direktoriumi, savo atisiminimuose pasakoja apie t\u0173 met\u0173 knyg\u0173 leidybos problemas Lietuvoje. Taip pat knygoje atsiveria tarpukario Lietuvos kaimas, nuo\u0161ird\u017eiai atkurtas t\u0117vo paveikslas, neu\u017emir\u0161ti mokyklos ir studij\u0173 draugai. Autorius atvirai prabyla, kaip buvo rengiami karo karo \u017evalgai Vakar\u0173 Europos \u0161alims. Tai bene pirmas vie\u0161as buvusio GRU rezervisto \u017eodis Lietuvoje \u0161ia tema.\" \/>\n<meta name=\"robots\" content=\"index, follow, max-snippet:-1, max-image-preview:large, max-video-preview:-1\" \/>\n<link rel=\"canonical\" href=\"https:\/\/skaitytaknyga.lt\/en\/produktas\/juozas-vaitkus-likimo-juodrasciai-nedideli-patepimai-knygos-apacioje\/\" \/>\n<meta property=\"og:locale\" content=\"en_GB\" \/>\n<meta property=\"og:locale:alternate\" content=\"lt_LT\" \/>\n<meta property=\"og:type\" content=\"article\" \/>\n<meta property=\"og:title\" content=\"Juozas Vaitkus \u201eLikimo juodra\u0161\u010diai\u201c (nedideli patepimai knygos apa\u010dioje) - Skaitytaknyga\" \/>\n<meta property=\"og:description\" content=\"Knygos autorius, gerai \u017einomas knyg\u0173 leid\u0117jas, vert\u0117jas, kaln\u0173 turizmo sporto meistras, visuomen\u0117s veik\u0117jas, 1968-1996 metais dirb\u0119s \u201eMinties\u201c, \u201eMokslo\u201c leidykl\u0173 vyriausiuoju redaktoriumi, \u201eVyturio\u201c leidyklos direktoriumi, savo atisiminimuose pasakoja apie t\u0173 met\u0173 knyg\u0173 leidybos problemas Lietuvoje. Taip pat knygoje atsiveria tarpukario Lietuvos kaimas, nuo\u0161ird\u017eiai atkurtas t\u0117vo paveikslas, neu\u017emir\u0161ti mokyklos ir studij\u0173 draugai. Autorius atvirai prabyla, kaip buvo rengiami karo karo \u017evalgai Vakar\u0173 Europos \u0161alims. Tai bene pirmas vie\u0161as buvusio GRU rezervisto \u017eodis Lietuvoje \u0161ia tema.\" \/>\n<meta property=\"og:url\" content=\"https:\/\/skaitytaknyga.lt\/en\/produktas\/juozas-vaitkus-likimo-juodrasciai-nedideli-patepimai-knygos-apacioje\/\" \/>\n<meta property=\"og:site_name\" content=\"Skaitytaknyga\" \/>\n<meta property=\"article:publisher\" content=\"https:\/\/www.facebook.com\/skaitytaknyga\/\" \/>\n<meta property=\"article:modified_time\" content=\"2024-05-03T07:29:57+00:00\" \/>\n<meta property=\"og:image\" content=\"https:\/\/skaitytaknyga.lt\/wp-content\/uploads\/2024\/05\/likimokjuodrasciai.jpg\" \/>\n\t<meta property=\"og:image:width\" content=\"345\" \/>\n\t<meta property=\"og:image:height\" content=\"450\" \/>\n\t<meta property=\"og:image:type\" content=\"image\/jpeg\" \/>\n<meta name=\"twitter:card\" content=\"summary_large_image\" \/>\n<meta name=\"twitter:label1\" content=\"Estimated reading time\" \/>\n\t<meta name=\"twitter:data1\" content=\"1 minute\" \/>\n<script type=\"application\/ld+json\" class=\"yoast-schema-graph\">{\"@context\":\"https:\/\/schema.org\",\"@graph\":[{\"@type\":\"WebPage\",\"@id\":\"https:\/\/skaitytaknyga.lt\/produktas\/juozas-vaitkus-likimo-juodrasciai-nedideli-patepimai-knygos-apacioje\/\",\"url\":\"https:\/\/skaitytaknyga.lt\/produktas\/juozas-vaitkus-likimo-juodrasciai-nedideli-patepimai-knygos-apacioje\/\",\"name\":\"Juozas Vaitkus \u201eLikimo juodra\u0161\u010diai\u201c (nedideli patepimai knygos apa\u010dioje) - Skaitytaknyga\",\"isPartOf\":{\"@id\":\"https:\/\/skaitytaknyga.lt\/#website\"},\"primaryImageOfPage\":{\"@id\":\"https:\/\/skaitytaknyga.lt\/produktas\/juozas-vaitkus-likimo-juodrasciai-nedideli-patepimai-knygos-apacioje\/#primaryimage\"},\"image\":{\"@id\":\"https:\/\/skaitytaknyga.lt\/produktas\/juozas-vaitkus-likimo-juodrasciai-nedideli-patepimai-knygos-apacioje\/#primaryimage\"},\"thumbnailUrl\":\"https:\/\/skaitytaknyga.lt\/wp-content\/uploads\/2024\/05\/likimokjuodrasciai.jpg\",\"datePublished\":\"2024-05-02T13:26:52+00:00\",\"dateModified\":\"2024-05-03T07:29:57+00:00\",\"description\":\"Knygos autorius, gerai \u017einomas knyg\u0173 leid\u0117jas, vert\u0117jas, kaln\u0173 turizmo sporto meistras, visuomen\u0117s veik\u0117jas, 1968-1996 metais dirb\u0119s \u201eMinties\u201c, \u201eMokslo\u201c leidykl\u0173 vyriausiuoju redaktoriumi, \u201eVyturio\u201c leidyklos direktoriumi, savo atisiminimuose pasakoja apie t\u0173 met\u0173 knyg\u0173 leidybos problemas Lietuvoje. Taip pat knygoje atsiveria tarpukario Lietuvos kaimas, nuo\u0161ird\u017eiai atkurtas t\u0117vo paveikslas, neu\u017emir\u0161ti mokyklos ir studij\u0173 draugai. Autorius atvirai prabyla, kaip buvo rengiami karo karo \u017evalgai Vakar\u0173 Europos \u0161alims. Tai bene pirmas vie\u0161as buvusio GRU rezervisto \u017eodis Lietuvoje \u0161ia tema.\",\"breadcrumb\":{\"@id\":\"https:\/\/skaitytaknyga.lt\/produktas\/juozas-vaitkus-likimo-juodrasciai-nedideli-patepimai-knygos-apacioje\/#breadcrumb\"},\"inLanguage\":\"en-GB\",\"potentialAction\":[{\"@type\":\"ReadAction\",\"target\":[\"https:\/\/skaitytaknyga.lt\/produktas\/juozas-vaitkus-likimo-juodrasciai-nedideli-patepimai-knygos-apacioje\/\"]}]},{\"@type\":\"ImageObject\",\"inLanguage\":\"en-GB\",\"@id\":\"https:\/\/skaitytaknyga.lt\/produktas\/juozas-vaitkus-likimo-juodrasciai-nedideli-patepimai-knygos-apacioje\/#primaryimage\",\"url\":\"https:\/\/skaitytaknyga.lt\/wp-content\/uploads\/2024\/05\/likimokjuodrasciai.jpg\",\"contentUrl\":\"https:\/\/skaitytaknyga.lt\/wp-content\/uploads\/2024\/05\/likimokjuodrasciai.jpg\",\"width\":345,\"height\":450},{\"@type\":\"BreadcrumbList\",\"@id\":\"https:\/\/skaitytaknyga.lt\/produktas\/juozas-vaitkus-likimo-juodrasciai-nedideli-patepimai-knygos-apacioje\/#breadcrumb\",\"itemListElement\":[{\"@type\":\"ListItem\",\"position\":1,\"name\":\"Home\",\"item\":\"https:\/\/skaitytaknyga.lt\/\"},{\"@type\":\"ListItem\",\"position\":2,\"name\":\"Parduotuv\u0117\",\"item\":\"https:\/\/skaitytaknyga.lt\/knygu-parduotuve\/\"},{\"@type\":\"ListItem\",\"position\":3,\"name\":\"Juozas Vaitkus \u201eLikimo juodra\u0161\u010diai\u201c (nedideli patepimai knygos apa\u010dioje)\"}]},{\"@type\":\"WebSite\",\"@id\":\"https:\/\/skaitytaknyga.lt\/#website\",\"url\":\"https:\/\/skaitytaknyga.lt\/\",\"name\":\"skaitytaknyga.lt\",\"description\":\"Skaitytaknyga.lt \u2013 tai ma\u017eas \u0161eimos verslas, kuris prasid\u0117jo nuo meil\u0117s knygoms ir siekio i\u0161gelb\u0117ti knygas nuo likimo prie konteinerio. Kas vienam nereikalingas daiktas \u2013 kitam lobis, o mes esame tarpininkai, kurie padeda abiems tapti laimingesniems ???? \u017dinome kaip nelengva i\u0161gyventi ma\u017eiems verslams, tad nuo \u0161iol, \u010dia rasite ir kit\u0173, ma\u017e\u0173 \u0161eim\u0173 versl\u0173, rank\u0173 darbo, dovan\u0173 sau ir artimiesiems.\",\"publisher\":{\"@id\":\"https:\/\/skaitytaknyga.lt\/#organization\"},\"potentialAction\":[{\"@type\":\"SearchAction\",\"target\":{\"@type\":\"EntryPoint\",\"urlTemplate\":\"https:\/\/skaitytaknyga.lt\/?s={search_term_string}\"},\"query-input\":{\"@type\":\"PropertyValueSpecification\",\"valueRequired\":true,\"valueName\":\"search_term_string\"}}],\"inLanguage\":\"en-GB\"},{\"@type\":\"Organization\",\"@id\":\"https:\/\/skaitytaknyga.lt\/#organization\",\"name\":\"skaitytaknyga.lt\",\"url\":\"https:\/\/skaitytaknyga.lt\/\",\"logo\":{\"@type\":\"ImageObject\",\"inLanguage\":\"en-GB\",\"@id\":\"https:\/\/skaitytaknyga.lt\/#\/schema\/logo\/image\/\",\"url\":\"https:\/\/skaitytaknyga.lt\/wp-content\/uploads\/2024\/05\/cropped-cropped-cropped-02_00843_jt3bggkj1j3HLc7SyY6rEUpg.jpeg\",\"contentUrl\":\"https:\/\/skaitytaknyga.lt\/wp-content\/uploads\/2024\/05\/cropped-cropped-cropped-02_00843_jt3bggkj1j3HLc7SyY6rEUpg.jpeg\",\"width\":1600,\"height\":1600,\"caption\":\"skaitytaknyga.lt\"},\"image\":{\"@id\":\"https:\/\/skaitytaknyga.lt\/#\/schema\/logo\/image\/\"},\"sameAs\":[\"https:\/\/www.facebook.com\/skaitytaknyga\/\"]}]}<\/script>\n<!-- \/ Yoast SEO plugin. -->","yoast_head_json":{"title":"Juozas Vaitkus \u201eLikimo juodra\u0161\u010diai\u201c (nedideli patepimai knygos apa\u010dioje) - Skaitytaknyga","description":"Knygos autorius, gerai \u017einomas knyg\u0173 leid\u0117jas, vert\u0117jas, kaln\u0173 turizmo sporto meistras, visuomen\u0117s veik\u0117jas, 1968-1996 metais dirb\u0119s \u201eMinties\u201c, \u201eMokslo\u201c leidykl\u0173 vyriausiuoju redaktoriumi, \u201eVyturio\u201c leidyklos direktoriumi, savo atisiminimuose pasakoja apie t\u0173 met\u0173 knyg\u0173 leidybos problemas Lietuvoje. Taip pat knygoje atsiveria tarpukario Lietuvos kaimas, nuo\u0161ird\u017eiai atkurtas t\u0117vo paveikslas, neu\u017emir\u0161ti mokyklos ir studij\u0173 draugai. Autorius atvirai prabyla, kaip buvo rengiami karo karo \u017evalgai Vakar\u0173 Europos \u0161alims. Tai bene pirmas vie\u0161as buvusio GRU rezervisto \u017eodis Lietuvoje \u0161ia tema.","robots":{"index":"index","follow":"follow","max-snippet":"max-snippet:-1","max-image-preview":"max-image-preview:large","max-video-preview":"max-video-preview:-1"},"canonical":"https:\/\/skaitytaknyga.lt\/en\/produktas\/juozas-vaitkus-likimo-juodrasciai-nedideli-patepimai-knygos-apacioje\/","og_locale":"en_GB","og_type":"article","og_title":"Juozas Vaitkus \u201eLikimo juodra\u0161\u010diai\u201c (nedideli patepimai knygos apa\u010dioje) - Skaitytaknyga","og_description":"Knygos autorius, gerai \u017einomas knyg\u0173 leid\u0117jas, vert\u0117jas, kaln\u0173 turizmo sporto meistras, visuomen\u0117s veik\u0117jas, 1968-1996 metais dirb\u0119s \u201eMinties\u201c, \u201eMokslo\u201c leidykl\u0173 vyriausiuoju redaktoriumi, \u201eVyturio\u201c leidyklos direktoriumi, savo atisiminimuose pasakoja apie t\u0173 met\u0173 knyg\u0173 leidybos problemas Lietuvoje. Taip pat knygoje atsiveria tarpukario Lietuvos kaimas, nuo\u0161ird\u017eiai atkurtas t\u0117vo paveikslas, neu\u017emir\u0161ti mokyklos ir studij\u0173 draugai. Autorius atvirai prabyla, kaip buvo rengiami karo karo \u017evalgai Vakar\u0173 Europos \u0161alims. Tai bene pirmas vie\u0161as buvusio GRU rezervisto \u017eodis Lietuvoje \u0161ia tema.","og_url":"https:\/\/skaitytaknyga.lt\/en\/produktas\/juozas-vaitkus-likimo-juodrasciai-nedideli-patepimai-knygos-apacioje\/","og_site_name":"Skaitytaknyga","article_publisher":"https:\/\/www.facebook.com\/skaitytaknyga\/","article_modified_time":"2024-05-03T07:29:57+00:00","og_image":[{"width":345,"height":450,"url":"https:\/\/skaitytaknyga.lt\/wp-content\/uploads\/2024\/05\/likimokjuodrasciai.jpg","type":"image\/jpeg"}],"twitter_card":"summary_large_image","twitter_misc":{"Estimated reading time":"1 minute"},"schema":{"@context":"https:\/\/schema.org","@graph":[{"@type":"WebPage","@id":"https:\/\/skaitytaknyga.lt\/produktas\/juozas-vaitkus-likimo-juodrasciai-nedideli-patepimai-knygos-apacioje\/","url":"https:\/\/skaitytaknyga.lt\/produktas\/juozas-vaitkus-likimo-juodrasciai-nedideli-patepimai-knygos-apacioje\/","name":"Juozas Vaitkus \u201eLikimo juodra\u0161\u010diai\u201c (nedideli patepimai knygos apa\u010dioje) - Skaitytaknyga","isPartOf":{"@id":"https:\/\/skaitytaknyga.lt\/#website"},"primaryImageOfPage":{"@id":"https:\/\/skaitytaknyga.lt\/produktas\/juozas-vaitkus-likimo-juodrasciai-nedideli-patepimai-knygos-apacioje\/#primaryimage"},"image":{"@id":"https:\/\/skaitytaknyga.lt\/produktas\/juozas-vaitkus-likimo-juodrasciai-nedideli-patepimai-knygos-apacioje\/#primaryimage"},"thumbnailUrl":"https:\/\/skaitytaknyga.lt\/wp-content\/uploads\/2024\/05\/likimokjuodrasciai.jpg","datePublished":"2024-05-02T13:26:52+00:00","dateModified":"2024-05-03T07:29:57+00:00","description":"Knygos autorius, gerai \u017einomas knyg\u0173 leid\u0117jas, vert\u0117jas, kaln\u0173 turizmo sporto meistras, visuomen\u0117s veik\u0117jas, 1968-1996 metais dirb\u0119s \u201eMinties\u201c, \u201eMokslo\u201c leidykl\u0173 vyriausiuoju redaktoriumi, \u201eVyturio\u201c leidyklos direktoriumi, savo atisiminimuose pasakoja apie t\u0173 met\u0173 knyg\u0173 leidybos problemas Lietuvoje. Taip pat knygoje atsiveria tarpukario Lietuvos kaimas, nuo\u0161ird\u017eiai atkurtas t\u0117vo paveikslas, neu\u017emir\u0161ti mokyklos ir studij\u0173 draugai. Autorius atvirai prabyla, kaip buvo rengiami karo karo \u017evalgai Vakar\u0173 Europos \u0161alims. Tai bene pirmas vie\u0161as buvusio GRU rezervisto \u017eodis Lietuvoje \u0161ia tema.","breadcrumb":{"@id":"https:\/\/skaitytaknyga.lt\/produktas\/juozas-vaitkus-likimo-juodrasciai-nedideli-patepimai-knygos-apacioje\/#breadcrumb"},"inLanguage":"en-GB","potentialAction":[{"@type":"ReadAction","target":["https:\/\/skaitytaknyga.lt\/produktas\/juozas-vaitkus-likimo-juodrasciai-nedideli-patepimai-knygos-apacioje\/"]}]},{"@type":"ImageObject","inLanguage":"en-GB","@id":"https:\/\/skaitytaknyga.lt\/produktas\/juozas-vaitkus-likimo-juodrasciai-nedideli-patepimai-knygos-apacioje\/#primaryimage","url":"https:\/\/skaitytaknyga.lt\/wp-content\/uploads\/2024\/05\/likimokjuodrasciai.jpg","contentUrl":"https:\/\/skaitytaknyga.lt\/wp-content\/uploads\/2024\/05\/likimokjuodrasciai.jpg","width":345,"height":450},{"@type":"BreadcrumbList","@id":"https:\/\/skaitytaknyga.lt\/produktas\/juozas-vaitkus-likimo-juodrasciai-nedideli-patepimai-knygos-apacioje\/#breadcrumb","itemListElement":[{"@type":"ListItem","position":1,"name":"Home","item":"https:\/\/skaitytaknyga.lt\/"},{"@type":"ListItem","position":2,"name":"Parduotuv\u0117","item":"https:\/\/skaitytaknyga.lt\/knygu-parduotuve\/"},{"@type":"ListItem","position":3,"name":"Juozas Vaitkus \u201eLikimo juodra\u0161\u010diai\u201c (nedideli patepimai knygos apa\u010dioje)"}]},{"@type":"WebSite","@id":"https:\/\/skaitytaknyga.lt\/#website","url":"https:\/\/skaitytaknyga.lt\/","name":"skaitytaknyga.lt","description":"Skaitytaknyga.lt \u2013 tai ma\u017eas \u0161eimos verslas, kuris prasid\u0117jo nuo meil\u0117s knygoms ir siekio i\u0161gelb\u0117ti knygas nuo likimo prie konteinerio. Kas vienam nereikalingas daiktas \u2013 kitam lobis, o mes esame tarpininkai, kurie padeda abiems tapti laimingesniems ???? \u017dinome kaip nelengva i\u0161gyventi ma\u017eiems verslams, tad nuo \u0161iol, \u010dia rasite ir kit\u0173, ma\u017e\u0173 \u0161eim\u0173 versl\u0173, rank\u0173 darbo, dovan\u0173 sau ir artimiesiems.","publisher":{"@id":"https:\/\/skaitytaknyga.lt\/#organization"},"potentialAction":[{"@type":"SearchAction","target":{"@type":"EntryPoint","urlTemplate":"https:\/\/skaitytaknyga.lt\/?s={search_term_string}"},"query-input":{"@type":"PropertyValueSpecification","valueRequired":true,"valueName":"search_term_string"}}],"inLanguage":"en-GB"},{"@type":"Organization","@id":"https:\/\/skaitytaknyga.lt\/#organization","name":"skaitytaknyga.lt","url":"https:\/\/skaitytaknyga.lt\/","logo":{"@type":"ImageObject","inLanguage":"en-GB","@id":"https:\/\/skaitytaknyga.lt\/#\/schema\/logo\/image\/","url":"https:\/\/skaitytaknyga.lt\/wp-content\/uploads\/2024\/05\/cropped-cropped-cropped-02_00843_jt3bggkj1j3HLc7SyY6rEUpg.jpeg","contentUrl":"https:\/\/skaitytaknyga.lt\/wp-content\/uploads\/2024\/05\/cropped-cropped-cropped-02_00843_jt3bggkj1j3HLc7SyY6rEUpg.jpeg","width":1600,"height":1600,"caption":"skaitytaknyga.lt"},"image":{"@id":"https:\/\/skaitytaknyga.lt\/#\/schema\/logo\/image\/"},"sameAs":["https:\/\/www.facebook.com\/skaitytaknyga\/"]}]}},"_links":{"self":[{"href":"https:\/\/skaitytaknyga.lt\/en\/wp-json\/wp\/v2\/product\/6732","targetHints":{"allow":["GET"]}}],"collection":[{"href":"https:\/\/skaitytaknyga.lt\/en\/wp-json\/wp\/v2\/product"}],"about":[{"href":"https:\/\/skaitytaknyga.lt\/en\/wp-json\/wp\/v2\/types\/product"}],"replies":[{"embeddable":true,"href":"https:\/\/skaitytaknyga.lt\/en\/wp-json\/wp\/v2\/comments?post=6732"}],"wp:featuredmedia":[{"embeddable":true,"href":"https:\/\/skaitytaknyga.lt\/en\/wp-json\/wp\/v2\/media\/6752"}],"wp:attachment":[{"href":"https:\/\/skaitytaknyga.lt\/en\/wp-json\/wp\/v2\/media?parent=6732"}],"wp:term":[{"taxonomy":"product_brand","embeddable":true,"href":"https:\/\/skaitytaknyga.lt\/en\/wp-json\/wp\/v2\/product_brand?post=6732"},{"taxonomy":"product_cat","embeddable":true,"href":"https:\/\/skaitytaknyga.lt\/en\/wp-json\/wp\/v2\/product_cat?post=6732"},{"taxonomy":"product_tag","embeddable":true,"href":"https:\/\/skaitytaknyga.lt\/en\/wp-json\/wp\/v2\/product_tag?post=6732"}],"curies":[{"name":"wp","href":"https:\/\/api.w.org\/{rel}","templated":true}]}}