{"id":6715,"date":"2024-05-02T13:26:30","date_gmt":"2024-05-02T13:26:30","guid":{"rendered":"https:\/\/skaitytaknyga.lt\/?post_type=product&#038;p=6715"},"modified":"2026-03-05T15:36:53","modified_gmt":"2026-03-05T13:36:53","slug":"mario-puzo-omerta","status":"publish","type":"product","link":"https:\/\/skaitytaknyga.lt\/en\/produktas\/mario-puzo-omerta\/","title":{"rendered":"Omerta"},"content":{"rendered":"<p><strong>\u201eOmerta&#8221; &#8211; tai paskutin\u0117 did\u017eiosios Mafijos trilogijos dalis (pirmosios dvi &#8211; \u201eKrik\u0161tat\u0117vis&#8221; ir \u201ePaskutinis Donas&#8221;).<\/strong><\/p>\n<p>\u010cia pasakojama apie Eiprili\u0173 mafijos \u0161eim\u0105. Didysis Donas Eiprilis klastingai nu\u017eudomas, bet jo \u0161eimos verslas jau \u012fteisintas. Jo vaikai net nebe\u017eino apie t\u0117vo veikl\u0105, versl\u0105 ir juodus darbus.<\/p>\n<p>Baig\u0119s Vest Point\u0105 pulkininkas Valerijus, televizijos savininkas Markatonijus ir advokat\u0117 Nikol\u0117 negali paremti t\u0117vo reikal\u0173, t\u0105 gali padaryti tik jo \u012fvaikis Astoras Viola, Sicilijos mafioz\u0173 aukl\u0117tinis. Ta\u010diau jam ant kuln\u0173 mina \u0161eimos prie\u0161ai ir FTB agentas Kurtas Silkis.<\/p>\n","protected":false},"excerpt":{"rendered":"<p><strong>\u201eOmerta&#8221; &#8211; tai paskutin\u0117 did\u017eiosios Mafijos trilogijos dalis (pirmosios dvi &#8211; \u201eKrik\u0161tat\u0117vis&#8221; ir \u201ePaskutinis Donas&#8221;).<\/strong><\/p>\n<p>\u010cia pasakojama apie Eiprili\u0173 mafijos \u0161eim\u0105. Didysis Donas Eiprilis klastingai nu\u017eudomas, bet jo \u0161eimos verslas jau \u012fteisintas. Jo vaikai net nebe\u017eino apie t\u0117vo veikl\u0105, versl\u0105 ir juodus darbus.<\/p>\n<p>Baig\u0119s Vest Point\u0105 pulkininkas Valerijus, televizijos savininkas Markatonijus ir advokat\u0117 Nikol\u0117 negali paremti t\u0117vo reikal\u0173, t\u0105 gali padaryti tik jo \u012fvaikis Astoras Viola, Sicilijos mafioz\u0173 aukl\u0117tinis. Ta\u010diau jam ant kuln\u0173 mina \u0161eimos prie\u0161ai ir FTB agentas Kurtas Silkis.<\/p>\n","protected":false},"featured_media":6735,"comment_status":"closed","ping_status":"closed","template":"","meta":{"_acf_changed":false,"site-sidebar-layout":"default","site-content-layout":"","ast-site-content-layout":"default","site-content-style":"default","site-sidebar-style":"default","ast-global-header-display":"","ast-banner-title-visibility":"","ast-main-header-display":"","ast-hfb-above-header-display":"","ast-hfb-below-header-display":"","ast-hfb-mobile-header-display":"","site-post-title":"","ast-breadcrumbs-content":"","ast-featured-img":"","footer-sml-layout":"","ast-disable-related-posts":"","theme-transparent-header-meta":"","adv-header-id-meta":"","stick-header-meta":"","header-above-stick-meta":"","header-main-stick-meta":"","header-below-stick-meta":"","astra-migrate-meta-layouts":"default","ast-page-background-enabled":"default","ast-page-background-meta":{"desktop":{"background-color":"","background-image":"","background-repeat":"repeat","background-position":"center center","background-size":"auto","background-attachment":"scroll","background-type":"","background-media":"","overlay-type":"","overlay-color":"","overlay-opacity":"","overlay-gradient":""},"tablet":{"background-color":"","background-image":"","background-repeat":"repeat","background-position":"center center","background-size":"auto","background-attachment":"scroll","background-type":"","background-media":"","overlay-type":"","overlay-color":"","overlay-opacity":"","overlay-gradient":""},"mobile":{"background-color":"","background-image":"","background-repeat":"repeat","background-position":"center center","background-size":"auto","background-attachment":"scroll","background-type":"","background-media":"","overlay-type":"","overlay-color":"","overlay-opacity":"","overlay-gradient":""}},"ast-content-background-meta":{"desktop":{"background-color":"var(--ast-global-color-4)","background-image":"","background-repeat":"repeat","background-position":"center center","background-size":"auto","background-attachment":"scroll","background-type":"","background-media":"","overlay-type":"","overlay-color":"","overlay-opacity":"","overlay-gradient":""},"tablet":{"background-color":"var(--ast-global-color-4)","background-image":"","background-repeat":"repeat","background-position":"center center","background-size":"auto","background-attachment":"scroll","background-type":"","background-media":"","overlay-type":"","overlay-color":"","overlay-opacity":"","overlay-gradient":""},"mobile":{"background-color":"var(--ast-global-color-4)","background-image":"","background-repeat":"repeat","background-position":"center center","background-size":"auto","background-attachment":"scroll","background-type":"","background-media":"","overlay-type":"","overlay-color":"","overlay-opacity":"","overlay-gradient":""}}},"product_brand":[],"product_cat":[15],"product_tag":[1728,4027,4073,3985,3151],"class_list":{"0":"post-6715","1":"product","2":"type-product","3":"status-publish","4":"has-post-thumbnail","6":"product_cat-uncategorized","7":"product_tag-mafija","8":"product_tag-mario-puzo","9":"product_tag-omerta","10":"product_tag-sicilija","11":"product_tag-trilogija","12":"desktop-align-left","13":"tablet-align-left","14":"mobile-align-left","16":"first","17":"outofstock","18":"shipping-taxable","19":"purchasable","20":"product-type-simple"},"acf":[],"yoast_head":"<!-- This site is optimized with the Yoast SEO plugin v27.0 - https:\/\/yoast.com\/product\/yoast-seo-wordpress\/ -->\n<title>Omerta<\/title>\n<meta name=\"description\" content=\"\u201eOmerta&quot; - tai paskutin\u0117 did\u017eiosios Mafijos trilogijos dalis (pirmosios dvi - \u201eKrik\u0161tat\u0117vis&quot; ir \u201ePaskutinis Donas&quot;).  \u010cia pasakojama apie Eiprili\u0173 mafijos \u0161eim\u0105. Didysis Donas Eiprilis klastingai nu\u017eudomas, bet jo \u0161eimos verslas jau \u012fteisintas. Jo vaikai net nebe\u017eino apie t\u0117vo veikl\u0105, versl\u0105 ir juodus darbus.  Baig\u0119s Vest Point\u0105 pulkininkas Valerijus, televizijos savininkas Markatonijus ir advokat\u0117 Nikol\u0117 negali paremti t\u0117vo reikal\u0173, t\u0105 gali padaryti tik jo \u012fvaikis Astoras Viola, Sicilijos mafioz\u0173 aukl\u0117tinis. Ta\u010diau jam ant kuln\u0173 mina \u0161eimos prie\u0161ai ir FTB agentas Kurtas Silkis.\" \/>\n<meta name=\"robots\" content=\"index, follow, max-snippet:-1, max-image-preview:large, max-video-preview:-1\" \/>\n<link rel=\"canonical\" href=\"https:\/\/skaitytaknyga.lt\/en\/produktas\/mario-puzo-omerta\/\" \/>\n<meta property=\"og:locale\" content=\"en_GB\" \/>\n<meta property=\"og:locale:alternate\" content=\"lt_LT\" \/>\n<meta property=\"og:type\" content=\"article\" \/>\n<meta property=\"og:title\" content=\"Omerta\" \/>\n<meta property=\"og:description\" content=\"\u201eOmerta&quot; - tai paskutin\u0117 did\u017eiosios Mafijos trilogijos dalis (pirmosios dvi - \u201eKrik\u0161tat\u0117vis&quot; ir \u201ePaskutinis Donas&quot;).  \u010cia pasakojama apie Eiprili\u0173 mafijos \u0161eim\u0105. Didysis Donas Eiprilis klastingai nu\u017eudomas, bet jo \u0161eimos verslas jau \u012fteisintas. Jo vaikai net nebe\u017eino apie t\u0117vo veikl\u0105, versl\u0105 ir juodus darbus.  Baig\u0119s Vest Point\u0105 pulkininkas Valerijus, televizijos savininkas Markatonijus ir advokat\u0117 Nikol\u0117 negali paremti t\u0117vo reikal\u0173, t\u0105 gali padaryti tik jo \u012fvaikis Astoras Viola, Sicilijos mafioz\u0173 aukl\u0117tinis. Ta\u010diau jam ant kuln\u0173 mina \u0161eimos prie\u0161ai ir FTB agentas Kurtas Silkis.\" \/>\n<meta property=\"og:url\" content=\"https:\/\/skaitytaknyga.lt\/en\/produktas\/mario-puzo-omerta\/\" \/>\n<meta property=\"og:site_name\" content=\"Skaitytaknyga\" \/>\n<meta property=\"article:publisher\" content=\"https:\/\/www.facebook.com\/skaitytaknyga\/\" \/>\n<meta property=\"article:modified_time\" content=\"2026-03-05T13:36:53+00:00\" \/>\n<meta property=\"og:image\" content=\"https:\/\/skaitytaknyga.lt\/wp-content\/uploads\/2024\/05\/1462873001_Omerta.jpg\" \/>\n\t<meta property=\"og:image:width\" content=\"266\" \/>\n\t<meta property=\"og:image:height\" content=\"430\" \/>\n\t<meta property=\"og:image:type\" content=\"image\/jpeg\" \/>\n<meta name=\"twitter:card\" content=\"summary_large_image\" \/>\n<meta name=\"twitter:label1\" content=\"Estimated reading time\" \/>\n\t<meta name=\"twitter:data1\" content=\"1 minute\" \/>\n<script type=\"application\/ld+json\" class=\"yoast-schema-graph\">{\"@context\":\"https:\/\/schema.org\",\"@graph\":[{\"@type\":\"WebPage\",\"@id\":\"https:\/\/skaitytaknyga.lt\/produktas\/mario-puzo-omerta\/\",\"url\":\"https:\/\/skaitytaknyga.lt\/produktas\/mario-puzo-omerta\/\",\"name\":\"Omerta\",\"isPartOf\":{\"@id\":\"https:\/\/skaitytaknyga.lt\/#website\"},\"primaryImageOfPage\":{\"@id\":\"https:\/\/skaitytaknyga.lt\/produktas\/mario-puzo-omerta\/#primaryimage\"},\"image\":{\"@id\":\"https:\/\/skaitytaknyga.lt\/produktas\/mario-puzo-omerta\/#primaryimage\"},\"thumbnailUrl\":\"https:\/\/skaitytaknyga.lt\/wp-content\/uploads\/2024\/05\/1462873001_Omerta.jpg\",\"datePublished\":\"2024-05-02T13:26:30+00:00\",\"dateModified\":\"2026-03-05T13:36:53+00:00\",\"description\":\"\u201eOmerta\\\" - tai paskutin\u0117 did\u017eiosios Mafijos trilogijos dalis (pirmosios dvi - \u201eKrik\u0161tat\u0117vis\\\" ir \u201ePaskutinis Donas\\\"). \u010cia pasakojama apie Eiprili\u0173 mafijos \u0161eim\u0105. Didysis Donas Eiprilis klastingai nu\u017eudomas, bet jo \u0161eimos verslas jau \u012fteisintas. Jo vaikai net nebe\u017eino apie t\u0117vo veikl\u0105, versl\u0105 ir juodus darbus. Baig\u0119s Vest Point\u0105 pulkininkas Valerijus, televizijos savininkas Markatonijus ir advokat\u0117 Nikol\u0117 negali paremti t\u0117vo reikal\u0173, t\u0105 gali padaryti tik jo \u012fvaikis Astoras Viola, Sicilijos mafioz\u0173 aukl\u0117tinis. Ta\u010diau jam ant kuln\u0173 mina \u0161eimos prie\u0161ai ir FTB agentas Kurtas Silkis.\",\"breadcrumb\":{\"@id\":\"https:\/\/skaitytaknyga.lt\/produktas\/mario-puzo-omerta\/#breadcrumb\"},\"inLanguage\":\"en-GB\",\"potentialAction\":[{\"@type\":\"ReadAction\",\"target\":[\"https:\/\/skaitytaknyga.lt\/produktas\/mario-puzo-omerta\/\"]}]},{\"@type\":\"ImageObject\",\"inLanguage\":\"en-GB\",\"@id\":\"https:\/\/skaitytaknyga.lt\/produktas\/mario-puzo-omerta\/#primaryimage\",\"url\":\"https:\/\/skaitytaknyga.lt\/wp-content\/uploads\/2024\/05\/1462873001_Omerta.jpg\",\"contentUrl\":\"https:\/\/skaitytaknyga.lt\/wp-content\/uploads\/2024\/05\/1462873001_Omerta.jpg\",\"width\":266,\"height\":430},{\"@type\":\"BreadcrumbList\",\"@id\":\"https:\/\/skaitytaknyga.lt\/produktas\/mario-puzo-omerta\/#breadcrumb\",\"itemListElement\":[{\"@type\":\"ListItem\",\"position\":1,\"name\":\"Home\",\"item\":\"https:\/\/skaitytaknyga.lt\/\"},{\"@type\":\"ListItem\",\"position\":2,\"name\":\"Parduotuv\u0117\",\"item\":\"https:\/\/skaitytaknyga.lt\/knygu-parduotuve\/\"},{\"@type\":\"ListItem\",\"position\":3,\"name\":\"Omerta\"}]},{\"@type\":\"WebSite\",\"@id\":\"https:\/\/skaitytaknyga.lt\/#website\",\"url\":\"https:\/\/skaitytaknyga.lt\/\",\"name\":\"skaitytaknyga.lt\",\"description\":\"Skaitytaknyga.lt \u2013 tai ma\u017eas \u0161eimos verslas, kuris prasid\u0117jo nuo meil\u0117s knygoms ir siekio i\u0161gelb\u0117ti knygas nuo likimo prie konteinerio. Kas vienam nereikalingas daiktas \u2013 kitam lobis, o mes esame tarpininkai, kurie padeda abiems tapti laimingesniems ???? \u017dinome kaip nelengva i\u0161gyventi ma\u017eiems verslams, tad nuo \u0161iol, \u010dia rasite ir kit\u0173, ma\u017e\u0173 \u0161eim\u0173 versl\u0173, rank\u0173 darbo, dovan\u0173 sau ir artimiesiems.\",\"publisher\":{\"@id\":\"https:\/\/skaitytaknyga.lt\/#organization\"},\"potentialAction\":[{\"@type\":\"SearchAction\",\"target\":{\"@type\":\"EntryPoint\",\"urlTemplate\":\"https:\/\/skaitytaknyga.lt\/?s={search_term_string}\"},\"query-input\":{\"@type\":\"PropertyValueSpecification\",\"valueRequired\":true,\"valueName\":\"search_term_string\"}}],\"inLanguage\":\"en-GB\"},{\"@type\":\"Organization\",\"@id\":\"https:\/\/skaitytaknyga.lt\/#organization\",\"name\":\"skaitytaknyga.lt\",\"url\":\"https:\/\/skaitytaknyga.lt\/\",\"logo\":{\"@type\":\"ImageObject\",\"inLanguage\":\"en-GB\",\"@id\":\"https:\/\/skaitytaknyga.lt\/#\/schema\/logo\/image\/\",\"url\":\"https:\/\/skaitytaknyga.lt\/wp-content\/uploads\/2024\/05\/cropped-cropped-cropped-02_00843_jt3bggkj1j3HLc7SyY6rEUpg.jpeg\",\"contentUrl\":\"https:\/\/skaitytaknyga.lt\/wp-content\/uploads\/2024\/05\/cropped-cropped-cropped-02_00843_jt3bggkj1j3HLc7SyY6rEUpg.jpeg\",\"width\":1600,\"height\":1600,\"caption\":\"skaitytaknyga.lt\"},\"image\":{\"@id\":\"https:\/\/skaitytaknyga.lt\/#\/schema\/logo\/image\/\"},\"sameAs\":[\"https:\/\/www.facebook.com\/skaitytaknyga\/\"]}]}<\/script>\n<!-- \/ Yoast SEO plugin. -->","yoast_head_json":{"title":"Omerta","description":"\u201eOmerta\" - tai paskutin\u0117 did\u017eiosios Mafijos trilogijos dalis (pirmosios dvi - \u201eKrik\u0161tat\u0117vis\" ir \u201ePaskutinis Donas\").  \u010cia pasakojama apie Eiprili\u0173 mafijos \u0161eim\u0105. Didysis Donas Eiprilis klastingai nu\u017eudomas, bet jo \u0161eimos verslas jau \u012fteisintas. Jo vaikai net nebe\u017eino apie t\u0117vo veikl\u0105, versl\u0105 ir juodus darbus.  Baig\u0119s Vest Point\u0105 pulkininkas Valerijus, televizijos savininkas Markatonijus ir advokat\u0117 Nikol\u0117 negali paremti t\u0117vo reikal\u0173, t\u0105 gali padaryti tik jo \u012fvaikis Astoras Viola, Sicilijos mafioz\u0173 aukl\u0117tinis. Ta\u010diau jam ant kuln\u0173 mina \u0161eimos prie\u0161ai ir FTB agentas Kurtas Silkis.","robots":{"index":"index","follow":"follow","max-snippet":"max-snippet:-1","max-image-preview":"max-image-preview:large","max-video-preview":"max-video-preview:-1"},"canonical":"https:\/\/skaitytaknyga.lt\/en\/produktas\/mario-puzo-omerta\/","og_locale":"en_GB","og_type":"article","og_title":"[:lt]Omerta[:] - Skaitytaknyga","og_description":"\u201eOmerta\" - tai paskutin\u0117 did\u017eiosios Mafijos trilogijos dalis (pirmosios dvi - \u201eKrik\u0161tat\u0117vis\" ir \u201ePaskutinis Donas\").  \u010cia pasakojama apie Eiprili\u0173 mafijos \u0161eim\u0105. Didysis Donas Eiprilis klastingai nu\u017eudomas, bet jo \u0161eimos verslas jau \u012fteisintas. Jo vaikai net nebe\u017eino apie t\u0117vo veikl\u0105, versl\u0105 ir juodus darbus.  Baig\u0119s Vest Point\u0105 pulkininkas Valerijus, televizijos savininkas Markatonijus ir advokat\u0117 Nikol\u0117 negali paremti t\u0117vo reikal\u0173, t\u0105 gali padaryti tik jo \u012fvaikis Astoras Viola, Sicilijos mafioz\u0173 aukl\u0117tinis. Ta\u010diau jam ant kuln\u0173 mina \u0161eimos prie\u0161ai ir FTB agentas Kurtas Silkis.","og_url":"https:\/\/skaitytaknyga.lt\/en\/produktas\/mario-puzo-omerta\/","og_site_name":"Skaitytaknyga","article_publisher":"https:\/\/www.facebook.com\/skaitytaknyga\/","article_modified_time":"2026-03-05T13:36:53+00:00","og_image":[{"width":266,"height":430,"url":"https:\/\/skaitytaknyga.lt\/wp-content\/uploads\/2024\/05\/1462873001_Omerta.jpg","type":"image\/jpeg"}],"twitter_card":"summary_large_image","twitter_misc":{"Estimated reading time":"1 minute"},"schema":{"@context":"https:\/\/schema.org","@graph":[{"@type":"WebPage","@id":"https:\/\/skaitytaknyga.lt\/produktas\/mario-puzo-omerta\/","url":"https:\/\/skaitytaknyga.lt\/produktas\/mario-puzo-omerta\/","name":"Omerta","isPartOf":{"@id":"https:\/\/skaitytaknyga.lt\/#website"},"primaryImageOfPage":{"@id":"https:\/\/skaitytaknyga.lt\/produktas\/mario-puzo-omerta\/#primaryimage"},"image":{"@id":"https:\/\/skaitytaknyga.lt\/produktas\/mario-puzo-omerta\/#primaryimage"},"thumbnailUrl":"https:\/\/skaitytaknyga.lt\/wp-content\/uploads\/2024\/05\/1462873001_Omerta.jpg","datePublished":"2024-05-02T13:26:30+00:00","dateModified":"2026-03-05T13:36:53+00:00","description":"\u201eOmerta\" - tai paskutin\u0117 did\u017eiosios Mafijos trilogijos dalis (pirmosios dvi - \u201eKrik\u0161tat\u0117vis\" ir \u201ePaskutinis Donas\"). \u010cia pasakojama apie Eiprili\u0173 mafijos \u0161eim\u0105. Didysis Donas Eiprilis klastingai nu\u017eudomas, bet jo \u0161eimos verslas jau \u012fteisintas. Jo vaikai net nebe\u017eino apie t\u0117vo veikl\u0105, versl\u0105 ir juodus darbus. Baig\u0119s Vest Point\u0105 pulkininkas Valerijus, televizijos savininkas Markatonijus ir advokat\u0117 Nikol\u0117 negali paremti t\u0117vo reikal\u0173, t\u0105 gali padaryti tik jo \u012fvaikis Astoras Viola, Sicilijos mafioz\u0173 aukl\u0117tinis. Ta\u010diau jam ant kuln\u0173 mina \u0161eimos prie\u0161ai ir FTB agentas Kurtas Silkis.","breadcrumb":{"@id":"https:\/\/skaitytaknyga.lt\/produktas\/mario-puzo-omerta\/#breadcrumb"},"inLanguage":"en-GB","potentialAction":[{"@type":"ReadAction","target":["https:\/\/skaitytaknyga.lt\/produktas\/mario-puzo-omerta\/"]}]},{"@type":"ImageObject","inLanguage":"en-GB","@id":"https:\/\/skaitytaknyga.lt\/produktas\/mario-puzo-omerta\/#primaryimage","url":"https:\/\/skaitytaknyga.lt\/wp-content\/uploads\/2024\/05\/1462873001_Omerta.jpg","contentUrl":"https:\/\/skaitytaknyga.lt\/wp-content\/uploads\/2024\/05\/1462873001_Omerta.jpg","width":266,"height":430},{"@type":"BreadcrumbList","@id":"https:\/\/skaitytaknyga.lt\/produktas\/mario-puzo-omerta\/#breadcrumb","itemListElement":[{"@type":"ListItem","position":1,"name":"Home","item":"https:\/\/skaitytaknyga.lt\/"},{"@type":"ListItem","position":2,"name":"Parduotuv\u0117","item":"https:\/\/skaitytaknyga.lt\/knygu-parduotuve\/"},{"@type":"ListItem","position":3,"name":"Omerta"}]},{"@type":"WebSite","@id":"https:\/\/skaitytaknyga.lt\/#website","url":"https:\/\/skaitytaknyga.lt\/","name":"skaitytaknyga.lt","description":"Skaitytaknyga.lt \u2013 tai ma\u017eas \u0161eimos verslas, kuris prasid\u0117jo nuo meil\u0117s knygoms ir siekio i\u0161gelb\u0117ti knygas nuo likimo prie konteinerio. Kas vienam nereikalingas daiktas \u2013 kitam lobis, o mes esame tarpininkai, kurie padeda abiems tapti laimingesniems ???? \u017dinome kaip nelengva i\u0161gyventi ma\u017eiems verslams, tad nuo \u0161iol, \u010dia rasite ir kit\u0173, ma\u017e\u0173 \u0161eim\u0173 versl\u0173, rank\u0173 darbo, dovan\u0173 sau ir artimiesiems.","publisher":{"@id":"https:\/\/skaitytaknyga.lt\/#organization"},"potentialAction":[{"@type":"SearchAction","target":{"@type":"EntryPoint","urlTemplate":"https:\/\/skaitytaknyga.lt\/?s={search_term_string}"},"query-input":{"@type":"PropertyValueSpecification","valueRequired":true,"valueName":"search_term_string"}}],"inLanguage":"en-GB"},{"@type":"Organization","@id":"https:\/\/skaitytaknyga.lt\/#organization","name":"skaitytaknyga.lt","url":"https:\/\/skaitytaknyga.lt\/","logo":{"@type":"ImageObject","inLanguage":"en-GB","@id":"https:\/\/skaitytaknyga.lt\/#\/schema\/logo\/image\/","url":"https:\/\/skaitytaknyga.lt\/wp-content\/uploads\/2024\/05\/cropped-cropped-cropped-02_00843_jt3bggkj1j3HLc7SyY6rEUpg.jpeg","contentUrl":"https:\/\/skaitytaknyga.lt\/wp-content\/uploads\/2024\/05\/cropped-cropped-cropped-02_00843_jt3bggkj1j3HLc7SyY6rEUpg.jpeg","width":1600,"height":1600,"caption":"skaitytaknyga.lt"},"image":{"@id":"https:\/\/skaitytaknyga.lt\/#\/schema\/logo\/image\/"},"sameAs":["https:\/\/www.facebook.com\/skaitytaknyga\/"]}]}},"_links":{"self":[{"href":"https:\/\/skaitytaknyga.lt\/en\/wp-json\/wp\/v2\/product\/6715","targetHints":{"allow":["GET"]}}],"collection":[{"href":"https:\/\/skaitytaknyga.lt\/en\/wp-json\/wp\/v2\/product"}],"about":[{"href":"https:\/\/skaitytaknyga.lt\/en\/wp-json\/wp\/v2\/types\/product"}],"replies":[{"embeddable":true,"href":"https:\/\/skaitytaknyga.lt\/en\/wp-json\/wp\/v2\/comments?post=6715"}],"wp:featuredmedia":[{"embeddable":true,"href":"https:\/\/skaitytaknyga.lt\/en\/wp-json\/wp\/v2\/media\/6735"}],"wp:attachment":[{"href":"https:\/\/skaitytaknyga.lt\/en\/wp-json\/wp\/v2\/media?parent=6715"}],"wp:term":[{"taxonomy":"product_brand","embeddable":true,"href":"https:\/\/skaitytaknyga.lt\/en\/wp-json\/wp\/v2\/product_brand?post=6715"},{"taxonomy":"product_cat","embeddable":true,"href":"https:\/\/skaitytaknyga.lt\/en\/wp-json\/wp\/v2\/product_cat?post=6715"},{"taxonomy":"product_tag","embeddable":true,"href":"https:\/\/skaitytaknyga.lt\/en\/wp-json\/wp\/v2\/product_tag?post=6715"}],"curies":[{"name":"wp","href":"https:\/\/api.w.org\/{rel}","templated":true}]}}