{"id":6694,"date":"2024-05-02T13:26:06","date_gmt":"2024-05-02T13:26:06","guid":{"rendered":"https:\/\/skaitytaknyga.lt\/?post_type=product&#038;p=6694"},"modified":"2026-03-05T10:46:58","modified_gmt":"2026-03-05T08:46:58","slug":"j-grisham-verdiktas","status":"publish","type":"product","link":"https:\/\/skaitytaknyga.lt\/en\/produktas\/j-grisham-verdiktas\/","title":{"rendered":"Verdiktas"},"content":{"rendered":"<p>Jie \u2014 dvylika prisiekusi\u0173j\u0173, vyr\u0173 ir moter\u0173, daugiamilijoninio juridinio uragano centre. Juos tiria, stebi, stengiasi paveikti ir persekioja brang\u016bs teisininkai ir konsultantai, nesibodintys nieko, kad tik u\u017esitikrint\u0173 palank\u0173 sau verdikt\u0105. Tad prisiekusieji turi apsispr\u0119sti pa\u010dioje prie\u0161taringiausioje \u0161imtme\u010dio civilin\u0117je byloje \u2014 tabako kompanijai i\u0161keltas ie\u0161kinys ateityje sudarys precedent\u0105.<\/p>\n<p>Ta\u010diau tik saujel\u0117 \u017emoni\u0173 \u017eino ties\u0105: prisiekusieji turi lyder\u012f, ir verdiktas priklauso nuo jo\u2026 Jis, antrasis prisiekusysis, kiekvien\u0105 savo \u017eingsn\u012f yra suplanav\u0119s padedamas gra\u017eios moters, veikian\u010dios i\u0161or\u0117je, u\u017e teismo r\u016bm\u0173 sien\u0173. Kol korporacin\u0117 imperija balansuoja ties bedugne, kol gedinti \u0161eima laukia \u017ealos atlyginimo ir kol advokatai \u012fnirtingai kaunasi d\u0117l savo karjeros, kry\u017emin\u0117je godumo ir korupcijos ugnyje netrukus i\u0161ai\u0161k\u0117s pritrenkianti tiesa apie antr\u0105j\u012f prisiekus\u012fj\u012f.<\/p>\n","protected":false},"excerpt":{"rendered":"<p>Jie \u2014 dvylika prisiekusi\u0173j\u0173, vyr\u0173 ir moter\u0173, daugiamilijoninio juridinio uragano centre. Juos tiria, stebi, stengiasi paveikti ir persekioja brang\u016bs teisininkai ir konsultantai, nesibodintys nieko, kad tik u\u017esitikrint\u0173 palank\u0173 sau verdikt\u0105. Tad prisiekusieji turi apsispr\u0119sti pa\u010dioje prie\u0161taringiausioje \u0161imtme\u010dio civilin\u0117je byloje \u2014 tabako kompanijai i\u0161keltas ie\u0161kinys ateityje sudarys precedent\u0105.<\/p>\n<p>Ta\u010diau tik saujel\u0117 \u017emoni\u0173 \u017eino ties\u0105: prisiekusieji turi lyder\u012f, ir verdiktas priklauso nuo jo\u2026 Jis, antrasis prisiekusysis, kiekvien\u0105 savo \u017eingsn\u012f yra suplanav\u0119s padedamas gra\u017eios moters, veikian\u010dios i\u0161or\u0117je, u\u017e teismo r\u016bm\u0173 sien\u0173. Kol korporacin\u0117 imperija balansuoja ties bedugne, kol gedinti \u0161eima laukia \u017ealos atlyginimo ir kol advokatai \u012fnirtingai kaunasi d\u0117l savo karjeros, kry\u017emin\u0117je godumo ir korupcijos ugnyje netrukus i\u0161ai\u0161k\u0117s pritrenkianti tiesa apie antr\u0105j\u012f prisiekus\u012fj\u012f.<\/p>\n","protected":false},"featured_media":6705,"comment_status":"closed","ping_status":"closed","template":"","meta":{"_acf_changed":false,"site-sidebar-layout":"default","site-content-layout":"","ast-site-content-layout":"default","site-content-style":"default","site-sidebar-style":"default","ast-global-header-display":"","ast-banner-title-visibility":"","ast-main-header-display":"","ast-hfb-above-header-display":"","ast-hfb-below-header-display":"","ast-hfb-mobile-header-display":"","site-post-title":"","ast-breadcrumbs-content":"","ast-featured-img":"","footer-sml-layout":"","ast-disable-related-posts":"","theme-transparent-header-meta":"","adv-header-id-meta":"","stick-header-meta":"","header-above-stick-meta":"","header-main-stick-meta":"","header-below-stick-meta":"","astra-migrate-meta-layouts":"default","ast-page-background-enabled":"default","ast-page-background-meta":{"desktop":{"background-color":"","background-image":"","background-repeat":"repeat","background-position":"center center","background-size":"auto","background-attachment":"scroll","background-type":"","background-media":"","overlay-type":"","overlay-color":"","overlay-opacity":"","overlay-gradient":""},"tablet":{"background-color":"","background-image":"","background-repeat":"repeat","background-position":"center center","background-size":"auto","background-attachment":"scroll","background-type":"","background-media":"","overlay-type":"","overlay-color":"","overlay-opacity":"","overlay-gradient":""},"mobile":{"background-color":"","background-image":"","background-repeat":"repeat","background-position":"center center","background-size":"auto","background-attachment":"scroll","background-type":"","background-media":"","overlay-type":"","overlay-color":"","overlay-opacity":"","overlay-gradient":""}},"ast-content-background-meta":{"desktop":{"background-color":"var(--ast-global-color-4)","background-image":"","background-repeat":"repeat","background-position":"center center","background-size":"auto","background-attachment":"scroll","background-type":"","background-media":"","overlay-type":"","overlay-color":"","overlay-opacity":"","overlay-gradient":""},"tablet":{"background-color":"var(--ast-global-color-4)","background-image":"","background-repeat":"repeat","background-position":"center center","background-size":"auto","background-attachment":"scroll","background-type":"","background-media":"","overlay-type":"","overlay-color":"","overlay-opacity":"","overlay-gradient":""},"mobile":{"background-color":"var(--ast-global-color-4)","background-image":"","background-repeat":"repeat","background-position":"center center","background-size":"auto","background-attachment":"scroll","background-type":"","background-media":"","overlay-type":"","overlay-color":"","overlay-opacity":"","overlay-gradient":""}}},"product_brand":[],"product_cat":[9581],"product_tag":[],"class_list":{"0":"post-6694","1":"product","2":"type-product","3":"status-publish","4":"has-post-thumbnail","6":"product_cat-kriminaliniai-romanai","7":"desktop-align-left","8":"tablet-align-left","9":"mobile-align-left","11":"first","12":"outofstock","13":"shipping-taxable","14":"purchasable","15":"product-type-simple"},"acf":[],"yoast_head":"<!-- This site is optimized with the Yoast SEO plugin v27.0 - https:\/\/yoast.com\/product\/yoast-seo-wordpress\/ -->\n<title>Verdiktas<\/title>\n<meta name=\"description\" content=\"Jie \u2014 dvylika prisiekusi\u0173j\u0173, vyr\u0173 ir moter\u0173, daugiamilijoninio juridinio uragano centre. Juos tiria, stebi, stengiasi paveikti ir persekioja brang\u016bs teisininkai ir konsultantai, nesibodintys nieko, kad tik u\u017esitikrint\u0173 palank\u0173 sau verdikt\u0105. Tad prisiekusieji turi apsispr\u0119sti pa\u010dioje prie\u0161taringiausioje \u0161imtme\u010dio civilin\u0117je byloje \u2014 tabako kompanijai i\u0161keltas ie\u0161kinys ateityje sudarys precedent\u0105.  Ta\u010diau tik saujel\u0117 \u017emoni\u0173 \u017eino ties\u0105: prisiekusieji turi lyder\u012f, ir verdiktas priklauso nuo jo\u2026 Jis, antrasis prisiekusysis, kiekvien\u0105 savo \u017eingsn\u012f yra suplanav\u0119s padedamas gra\u017eios moters, veikian\u010dios i\u0161or\u0117je, u\u017e teismo r\u016bm\u0173 sien\u0173. Kol korporacin\u0117 imperija balansuoja ties bedugne, kol gedinti \u0161eima laukia \u017ealos atlyginimo ir kol advokatai \u012fnirtingai kaunasi d\u0117l savo karjeros, kry\u017emin\u0117je godumo ir korupcijos ugnyje netrukus i\u0161ai\u0161k\u0117s pritrenkianti tiesa apie antr\u0105j\u012f prisiekus\u012fj\u012f.\" \/>\n<meta name=\"robots\" content=\"index, follow, max-snippet:-1, max-image-preview:large, max-video-preview:-1\" \/>\n<link rel=\"canonical\" href=\"https:\/\/skaitytaknyga.lt\/en\/produktas\/j-grisham-verdiktas\/\" \/>\n<meta property=\"og:locale\" content=\"en_GB\" \/>\n<meta property=\"og:locale:alternate\" content=\"lt_LT\" \/>\n<meta property=\"og:type\" content=\"article\" \/>\n<meta property=\"og:title\" content=\"Verdiktas\" \/>\n<meta property=\"og:description\" content=\"Jie \u2014 dvylika prisiekusi\u0173j\u0173, vyr\u0173 ir moter\u0173, daugiamilijoninio juridinio uragano centre. Juos tiria, stebi, stengiasi paveikti ir persekioja brang\u016bs teisininkai ir konsultantai, nesibodintys nieko, kad tik u\u017esitikrint\u0173 palank\u0173 sau verdikt\u0105. Tad prisiekusieji turi apsispr\u0119sti pa\u010dioje prie\u0161taringiausioje \u0161imtme\u010dio civilin\u0117je byloje \u2014 tabako kompanijai i\u0161keltas ie\u0161kinys ateityje sudarys precedent\u0105.  Ta\u010diau tik saujel\u0117 \u017emoni\u0173 \u017eino ties\u0105: prisiekusieji turi lyder\u012f, ir verdiktas priklauso nuo jo\u2026 Jis, antrasis prisiekusysis, kiekvien\u0105 savo \u017eingsn\u012f yra suplanav\u0119s padedamas gra\u017eios moters, veikian\u010dios i\u0161or\u0117je, u\u017e teismo r\u016bm\u0173 sien\u0173. Kol korporacin\u0117 imperija balansuoja ties bedugne, kol gedinti \u0161eima laukia \u017ealos atlyginimo ir kol advokatai \u012fnirtingai kaunasi d\u0117l savo karjeros, kry\u017emin\u0117je godumo ir korupcijos ugnyje netrukus i\u0161ai\u0161k\u0117s pritrenkianti tiesa apie antr\u0105j\u012f prisiekus\u012fj\u012f.\" \/>\n<meta property=\"og:url\" content=\"https:\/\/skaitytaknyga.lt\/en\/produktas\/j-grisham-verdiktas\/\" \/>\n<meta property=\"og:site_name\" content=\"Skaitytaknyga\" \/>\n<meta property=\"article:publisher\" content=\"https:\/\/www.facebook.com\/skaitytaknyga\/\" \/>\n<meta property=\"article:modified_time\" content=\"2026-03-05T08:46:58+00:00\" \/>\n<meta property=\"og:image\" content=\"https:\/\/skaitytaknyga.lt\/wp-content\/uploads\/2024\/05\/1462879377_img0013.jpg\" \/>\n\t<meta property=\"og:image:width\" content=\"271\" \/>\n\t<meta property=\"og:image:height\" content=\"430\" \/>\n\t<meta property=\"og:image:type\" content=\"image\/jpeg\" \/>\n<meta name=\"twitter:card\" content=\"summary_large_image\" \/>\n<meta name=\"twitter:label1\" content=\"Estimated reading time\" \/>\n\t<meta name=\"twitter:data1\" content=\"1 minute\" \/>\n<script type=\"application\/ld+json\" class=\"yoast-schema-graph\">{\"@context\":\"https:\/\/schema.org\",\"@graph\":[{\"@type\":\"WebPage\",\"@id\":\"https:\/\/skaitytaknyga.lt\/produktas\/j-grisham-verdiktas\/\",\"url\":\"https:\/\/skaitytaknyga.lt\/produktas\/j-grisham-verdiktas\/\",\"name\":\"Verdiktas\",\"isPartOf\":{\"@id\":\"https:\/\/skaitytaknyga.lt\/#website\"},\"primaryImageOfPage\":{\"@id\":\"https:\/\/skaitytaknyga.lt\/produktas\/j-grisham-verdiktas\/#primaryimage\"},\"image\":{\"@id\":\"https:\/\/skaitytaknyga.lt\/produktas\/j-grisham-verdiktas\/#primaryimage\"},\"thumbnailUrl\":\"https:\/\/skaitytaknyga.lt\/wp-content\/uploads\/2024\/05\/1462879377_img0013.jpg\",\"datePublished\":\"2024-05-02T13:26:06+00:00\",\"dateModified\":\"2026-03-05T08:46:58+00:00\",\"description\":\"Jie \u2014 dvylika prisiekusi\u0173j\u0173, vyr\u0173 ir moter\u0173, daugiamilijoninio juridinio uragano centre. Juos tiria, stebi, stengiasi paveikti ir persekioja brang\u016bs teisininkai ir konsultantai, nesibodintys nieko, kad tik u\u017esitikrint\u0173 palank\u0173 sau verdikt\u0105. Tad prisiekusieji turi apsispr\u0119sti pa\u010dioje prie\u0161taringiausioje \u0161imtme\u010dio civilin\u0117je byloje \u2014 tabako kompanijai i\u0161keltas ie\u0161kinys ateityje sudarys precedent\u0105. Ta\u010diau tik saujel\u0117 \u017emoni\u0173 \u017eino ties\u0105: prisiekusieji turi lyder\u012f, ir verdiktas priklauso nuo jo\u2026 Jis, antrasis prisiekusysis, kiekvien\u0105 savo \u017eingsn\u012f yra suplanav\u0119s padedamas gra\u017eios moters, veikian\u010dios i\u0161or\u0117je, u\u017e teismo r\u016bm\u0173 sien\u0173. Kol korporacin\u0117 imperija balansuoja ties bedugne, kol gedinti \u0161eima laukia \u017ealos atlyginimo ir kol advokatai \u012fnirtingai kaunasi d\u0117l savo karjeros, kry\u017emin\u0117je godumo ir korupcijos ugnyje netrukus i\u0161ai\u0161k\u0117s pritrenkianti tiesa apie antr\u0105j\u012f prisiekus\u012fj\u012f.\",\"breadcrumb\":{\"@id\":\"https:\/\/skaitytaknyga.lt\/produktas\/j-grisham-verdiktas\/#breadcrumb\"},\"inLanguage\":\"en-GB\",\"potentialAction\":[{\"@type\":\"ReadAction\",\"target\":[\"https:\/\/skaitytaknyga.lt\/produktas\/j-grisham-verdiktas\/\"]}]},{\"@type\":\"ImageObject\",\"inLanguage\":\"en-GB\",\"@id\":\"https:\/\/skaitytaknyga.lt\/produktas\/j-grisham-verdiktas\/#primaryimage\",\"url\":\"https:\/\/skaitytaknyga.lt\/wp-content\/uploads\/2024\/05\/1462879377_img0013.jpg\",\"contentUrl\":\"https:\/\/skaitytaknyga.lt\/wp-content\/uploads\/2024\/05\/1462879377_img0013.jpg\",\"width\":271,\"height\":430},{\"@type\":\"BreadcrumbList\",\"@id\":\"https:\/\/skaitytaknyga.lt\/produktas\/j-grisham-verdiktas\/#breadcrumb\",\"itemListElement\":[{\"@type\":\"ListItem\",\"position\":1,\"name\":\"Home\",\"item\":\"https:\/\/skaitytaknyga.lt\/\"},{\"@type\":\"ListItem\",\"position\":2,\"name\":\"Parduotuv\u0117\",\"item\":\"https:\/\/skaitytaknyga.lt\/knygu-parduotuve\/\"},{\"@type\":\"ListItem\",\"position\":3,\"name\":\"Verdiktas\"}]},{\"@type\":\"WebSite\",\"@id\":\"https:\/\/skaitytaknyga.lt\/#website\",\"url\":\"https:\/\/skaitytaknyga.lt\/\",\"name\":\"skaitytaknyga.lt\",\"description\":\"Skaitytaknyga.lt \u2013 tai ma\u017eas \u0161eimos verslas, kuris prasid\u0117jo nuo meil\u0117s knygoms ir siekio i\u0161gelb\u0117ti knygas nuo likimo prie konteinerio. Kas vienam nereikalingas daiktas \u2013 kitam lobis, o mes esame tarpininkai, kurie padeda abiems tapti laimingesniems ???? \u017dinome kaip nelengva i\u0161gyventi ma\u017eiems verslams, tad nuo \u0161iol, \u010dia rasite ir kit\u0173, ma\u017e\u0173 \u0161eim\u0173 versl\u0173, rank\u0173 darbo, dovan\u0173 sau ir artimiesiems.\",\"publisher\":{\"@id\":\"https:\/\/skaitytaknyga.lt\/#organization\"},\"potentialAction\":[{\"@type\":\"SearchAction\",\"target\":{\"@type\":\"EntryPoint\",\"urlTemplate\":\"https:\/\/skaitytaknyga.lt\/?s={search_term_string}\"},\"query-input\":{\"@type\":\"PropertyValueSpecification\",\"valueRequired\":true,\"valueName\":\"search_term_string\"}}],\"inLanguage\":\"en-GB\"},{\"@type\":\"Organization\",\"@id\":\"https:\/\/skaitytaknyga.lt\/#organization\",\"name\":\"skaitytaknyga.lt\",\"url\":\"https:\/\/skaitytaknyga.lt\/\",\"logo\":{\"@type\":\"ImageObject\",\"inLanguage\":\"en-GB\",\"@id\":\"https:\/\/skaitytaknyga.lt\/#\/schema\/logo\/image\/\",\"url\":\"https:\/\/skaitytaknyga.lt\/wp-content\/uploads\/2024\/05\/cropped-cropped-cropped-02_00843_jt3bggkj1j3HLc7SyY6rEUpg.jpeg\",\"contentUrl\":\"https:\/\/skaitytaknyga.lt\/wp-content\/uploads\/2024\/05\/cropped-cropped-cropped-02_00843_jt3bggkj1j3HLc7SyY6rEUpg.jpeg\",\"width\":1600,\"height\":1600,\"caption\":\"skaitytaknyga.lt\"},\"image\":{\"@id\":\"https:\/\/skaitytaknyga.lt\/#\/schema\/logo\/image\/\"},\"sameAs\":[\"https:\/\/www.facebook.com\/skaitytaknyga\/\"]}]}<\/script>\n<!-- \/ Yoast SEO plugin. -->","yoast_head_json":{"title":"Verdiktas","description":"Jie \u2014 dvylika prisiekusi\u0173j\u0173, vyr\u0173 ir moter\u0173, daugiamilijoninio juridinio uragano centre. Juos tiria, stebi, stengiasi paveikti ir persekioja brang\u016bs teisininkai ir konsultantai, nesibodintys nieko, kad tik u\u017esitikrint\u0173 palank\u0173 sau verdikt\u0105. Tad prisiekusieji turi apsispr\u0119sti pa\u010dioje prie\u0161taringiausioje \u0161imtme\u010dio civilin\u0117je byloje \u2014 tabako kompanijai i\u0161keltas ie\u0161kinys ateityje sudarys precedent\u0105.  Ta\u010diau tik saujel\u0117 \u017emoni\u0173 \u017eino ties\u0105: prisiekusieji turi lyder\u012f, ir verdiktas priklauso nuo jo\u2026 Jis, antrasis prisiekusysis, kiekvien\u0105 savo \u017eingsn\u012f yra suplanav\u0119s padedamas gra\u017eios moters, veikian\u010dios i\u0161or\u0117je, u\u017e teismo r\u016bm\u0173 sien\u0173. Kol korporacin\u0117 imperija balansuoja ties bedugne, kol gedinti \u0161eima laukia \u017ealos atlyginimo ir kol advokatai \u012fnirtingai kaunasi d\u0117l savo karjeros, kry\u017emin\u0117je godumo ir korupcijos ugnyje netrukus i\u0161ai\u0161k\u0117s pritrenkianti tiesa apie antr\u0105j\u012f prisiekus\u012fj\u012f.","robots":{"index":"index","follow":"follow","max-snippet":"max-snippet:-1","max-image-preview":"max-image-preview:large","max-video-preview":"max-video-preview:-1"},"canonical":"https:\/\/skaitytaknyga.lt\/en\/produktas\/j-grisham-verdiktas\/","og_locale":"en_GB","og_type":"article","og_title":"[:lt]Verdiktas[:] - Skaitytaknyga","og_description":"Jie \u2014 dvylika prisiekusi\u0173j\u0173, vyr\u0173 ir moter\u0173, daugiamilijoninio juridinio uragano centre. Juos tiria, stebi, stengiasi paveikti ir persekioja brang\u016bs teisininkai ir konsultantai, nesibodintys nieko, kad tik u\u017esitikrint\u0173 palank\u0173 sau verdikt\u0105. Tad prisiekusieji turi apsispr\u0119sti pa\u010dioje prie\u0161taringiausioje \u0161imtme\u010dio civilin\u0117je byloje \u2014 tabako kompanijai i\u0161keltas ie\u0161kinys ateityje sudarys precedent\u0105.  Ta\u010diau tik saujel\u0117 \u017emoni\u0173 \u017eino ties\u0105: prisiekusieji turi lyder\u012f, ir verdiktas priklauso nuo jo\u2026 Jis, antrasis prisiekusysis, kiekvien\u0105 savo \u017eingsn\u012f yra suplanav\u0119s padedamas gra\u017eios moters, veikian\u010dios i\u0161or\u0117je, u\u017e teismo r\u016bm\u0173 sien\u0173. Kol korporacin\u0117 imperija balansuoja ties bedugne, kol gedinti \u0161eima laukia \u017ealos atlyginimo ir kol advokatai \u012fnirtingai kaunasi d\u0117l savo karjeros, kry\u017emin\u0117je godumo ir korupcijos ugnyje netrukus i\u0161ai\u0161k\u0117s pritrenkianti tiesa apie antr\u0105j\u012f prisiekus\u012fj\u012f.","og_url":"https:\/\/skaitytaknyga.lt\/en\/produktas\/j-grisham-verdiktas\/","og_site_name":"Skaitytaknyga","article_publisher":"https:\/\/www.facebook.com\/skaitytaknyga\/","article_modified_time":"2026-03-05T08:46:58+00:00","og_image":[{"width":271,"height":430,"url":"https:\/\/skaitytaknyga.lt\/wp-content\/uploads\/2024\/05\/1462879377_img0013.jpg","type":"image\/jpeg"}],"twitter_card":"summary_large_image","twitter_misc":{"Estimated reading time":"1 minute"},"schema":{"@context":"https:\/\/schema.org","@graph":[{"@type":"WebPage","@id":"https:\/\/skaitytaknyga.lt\/produktas\/j-grisham-verdiktas\/","url":"https:\/\/skaitytaknyga.lt\/produktas\/j-grisham-verdiktas\/","name":"Verdiktas","isPartOf":{"@id":"https:\/\/skaitytaknyga.lt\/#website"},"primaryImageOfPage":{"@id":"https:\/\/skaitytaknyga.lt\/produktas\/j-grisham-verdiktas\/#primaryimage"},"image":{"@id":"https:\/\/skaitytaknyga.lt\/produktas\/j-grisham-verdiktas\/#primaryimage"},"thumbnailUrl":"https:\/\/skaitytaknyga.lt\/wp-content\/uploads\/2024\/05\/1462879377_img0013.jpg","datePublished":"2024-05-02T13:26:06+00:00","dateModified":"2026-03-05T08:46:58+00:00","description":"Jie \u2014 dvylika prisiekusi\u0173j\u0173, vyr\u0173 ir moter\u0173, daugiamilijoninio juridinio uragano centre. Juos tiria, stebi, stengiasi paveikti ir persekioja brang\u016bs teisininkai ir konsultantai, nesibodintys nieko, kad tik u\u017esitikrint\u0173 palank\u0173 sau verdikt\u0105. Tad prisiekusieji turi apsispr\u0119sti pa\u010dioje prie\u0161taringiausioje \u0161imtme\u010dio civilin\u0117je byloje \u2014 tabako kompanijai i\u0161keltas ie\u0161kinys ateityje sudarys precedent\u0105. Ta\u010diau tik saujel\u0117 \u017emoni\u0173 \u017eino ties\u0105: prisiekusieji turi lyder\u012f, ir verdiktas priklauso nuo jo\u2026 Jis, antrasis prisiekusysis, kiekvien\u0105 savo \u017eingsn\u012f yra suplanav\u0119s padedamas gra\u017eios moters, veikian\u010dios i\u0161or\u0117je, u\u017e teismo r\u016bm\u0173 sien\u0173. Kol korporacin\u0117 imperija balansuoja ties bedugne, kol gedinti \u0161eima laukia \u017ealos atlyginimo ir kol advokatai \u012fnirtingai kaunasi d\u0117l savo karjeros, kry\u017emin\u0117je godumo ir korupcijos ugnyje netrukus i\u0161ai\u0161k\u0117s pritrenkianti tiesa apie antr\u0105j\u012f prisiekus\u012fj\u012f.","breadcrumb":{"@id":"https:\/\/skaitytaknyga.lt\/produktas\/j-grisham-verdiktas\/#breadcrumb"},"inLanguage":"en-GB","potentialAction":[{"@type":"ReadAction","target":["https:\/\/skaitytaknyga.lt\/produktas\/j-grisham-verdiktas\/"]}]},{"@type":"ImageObject","inLanguage":"en-GB","@id":"https:\/\/skaitytaknyga.lt\/produktas\/j-grisham-verdiktas\/#primaryimage","url":"https:\/\/skaitytaknyga.lt\/wp-content\/uploads\/2024\/05\/1462879377_img0013.jpg","contentUrl":"https:\/\/skaitytaknyga.lt\/wp-content\/uploads\/2024\/05\/1462879377_img0013.jpg","width":271,"height":430},{"@type":"BreadcrumbList","@id":"https:\/\/skaitytaknyga.lt\/produktas\/j-grisham-verdiktas\/#breadcrumb","itemListElement":[{"@type":"ListItem","position":1,"name":"Home","item":"https:\/\/skaitytaknyga.lt\/"},{"@type":"ListItem","position":2,"name":"Parduotuv\u0117","item":"https:\/\/skaitytaknyga.lt\/knygu-parduotuve\/"},{"@type":"ListItem","position":3,"name":"Verdiktas"}]},{"@type":"WebSite","@id":"https:\/\/skaitytaknyga.lt\/#website","url":"https:\/\/skaitytaknyga.lt\/","name":"skaitytaknyga.lt","description":"Skaitytaknyga.lt \u2013 tai ma\u017eas \u0161eimos verslas, kuris prasid\u0117jo nuo meil\u0117s knygoms ir siekio i\u0161gelb\u0117ti knygas nuo likimo prie konteinerio. Kas vienam nereikalingas daiktas \u2013 kitam lobis, o mes esame tarpininkai, kurie padeda abiems tapti laimingesniems ???? \u017dinome kaip nelengva i\u0161gyventi ma\u017eiems verslams, tad nuo \u0161iol, \u010dia rasite ir kit\u0173, ma\u017e\u0173 \u0161eim\u0173 versl\u0173, rank\u0173 darbo, dovan\u0173 sau ir artimiesiems.","publisher":{"@id":"https:\/\/skaitytaknyga.lt\/#organization"},"potentialAction":[{"@type":"SearchAction","target":{"@type":"EntryPoint","urlTemplate":"https:\/\/skaitytaknyga.lt\/?s={search_term_string}"},"query-input":{"@type":"PropertyValueSpecification","valueRequired":true,"valueName":"search_term_string"}}],"inLanguage":"en-GB"},{"@type":"Organization","@id":"https:\/\/skaitytaknyga.lt\/#organization","name":"skaitytaknyga.lt","url":"https:\/\/skaitytaknyga.lt\/","logo":{"@type":"ImageObject","inLanguage":"en-GB","@id":"https:\/\/skaitytaknyga.lt\/#\/schema\/logo\/image\/","url":"https:\/\/skaitytaknyga.lt\/wp-content\/uploads\/2024\/05\/cropped-cropped-cropped-02_00843_jt3bggkj1j3HLc7SyY6rEUpg.jpeg","contentUrl":"https:\/\/skaitytaknyga.lt\/wp-content\/uploads\/2024\/05\/cropped-cropped-cropped-02_00843_jt3bggkj1j3HLc7SyY6rEUpg.jpeg","width":1600,"height":1600,"caption":"skaitytaknyga.lt"},"image":{"@id":"https:\/\/skaitytaknyga.lt\/#\/schema\/logo\/image\/"},"sameAs":["https:\/\/www.facebook.com\/skaitytaknyga\/"]}]}},"_links":{"self":[{"href":"https:\/\/skaitytaknyga.lt\/en\/wp-json\/wp\/v2\/product\/6694","targetHints":{"allow":["GET"]}}],"collection":[{"href":"https:\/\/skaitytaknyga.lt\/en\/wp-json\/wp\/v2\/product"}],"about":[{"href":"https:\/\/skaitytaknyga.lt\/en\/wp-json\/wp\/v2\/types\/product"}],"replies":[{"embeddable":true,"href":"https:\/\/skaitytaknyga.lt\/en\/wp-json\/wp\/v2\/comments?post=6694"}],"wp:featuredmedia":[{"embeddable":true,"href":"https:\/\/skaitytaknyga.lt\/en\/wp-json\/wp\/v2\/media\/6705"}],"wp:attachment":[{"href":"https:\/\/skaitytaknyga.lt\/en\/wp-json\/wp\/v2\/media?parent=6694"}],"wp:term":[{"taxonomy":"product_brand","embeddable":true,"href":"https:\/\/skaitytaknyga.lt\/en\/wp-json\/wp\/v2\/product_brand?post=6694"},{"taxonomy":"product_cat","embeddable":true,"href":"https:\/\/skaitytaknyga.lt\/en\/wp-json\/wp\/v2\/product_cat?post=6694"},{"taxonomy":"product_tag","embeddable":true,"href":"https:\/\/skaitytaknyga.lt\/en\/wp-json\/wp\/v2\/product_tag?post=6694"}],"curies":[{"name":"wp","href":"https:\/\/api.w.org\/{rel}","templated":true}]}}