{"id":6693,"date":"2024-05-02T13:26:06","date_gmt":"2024-05-02T13:26:06","guid":{"rendered":"https:\/\/skaitytaknyga.lt\/?post_type=product&#038;p=6693"},"modified":"2026-03-05T10:46:58","modified_gmt":"2026-03-05T08:46:58","slug":"j-grisham-brokeris","status":"publish","type":"product","link":"https:\/\/skaitytaknyga.lt\/en\/produktas\/j-grisham-brokeris\/","title":{"rendered":"Brokeris"},"content":{"rendered":"<p>Baigiamosiomis savo valandomis Ovaliajame kabinete, po pralaim\u0117t\u0173 pakartotini\u0173 rinkim\u0173 pasitraukiantis i\u0161 pareig\u0173 Jungtini\u0173 Valstij\u0173 prezidentas suteikia prie\u0161taring\u0105 paskutin\u0117s minut\u0117s malon\u0119 D\u017eoelui Bekmenui, garsiam ir \u012ftakingam Va\u0161ingtono brokeriui, pastaruosius \u0161e\u0161erius metus buvusiam nuki\u0161tam \u012f federalin\u012f kal\u0117jim\u0105. Bet niekas ne\u017eino, kad prezidentas suteik\u0117 malon\u0119 tik smarkiai mygiamas C\u017dV. Regis, Bekmenas savo, kaip \u012ftakingo brokerio, \u0161lov\u0117s vir\u0161\u016bn\u0117je gal\u0117jo su\u017einoti paslaptis, kurios stato pavojun sud\u0117tingiausi\u0105 pasaulyje \u017evalgybini\u0173 \u017dem\u0117s palydov\u0173 sistem\u0105.<\/p>\n<p>Kari\u0161ku krovininiu l\u0117ktuvu Bekmenas patyliukais, slap\u010dia i\u0161danginamas i\u0161 \u0161alies, gauna nauj\u0105 vard\u0105, nauj\u0105 asmens tapatyb\u0119 ir naujus namus Italijoje. Kai galop jis \u012fsitvirtina savo naujajame gyvenime, C\u017dV nutekina informacij\u0105 apie jo buvimo viet\u0105 izraelie\u010diams, rusams, kinams ir saudo arabams. Paskui C\u017dV daro tai, k\u0105 geriausiai moka: s\u0117d\u0117ti u\u017euoglaudoje ir steb\u0117ti. Svarbu ne tai, ar Bekmenas i\u0161liks gyvas \u2013 tam n\u0117ra joki\u0173 \u0161ans\u0173. Klausimas, \u012f kur\u012f C\u017dV \u017e\u016btb\u016bt nori gauti atsakym\u0105 \u2013 kas j\u012f nu\u017eudys?<\/p>\n","protected":false},"excerpt":{"rendered":"<p>Baigiamosiomis savo valandomis Ovaliajame kabinete, po pralaim\u0117t\u0173 pakartotini\u0173 rinkim\u0173 pasitraukiantis i\u0161 pareig\u0173 Jungtini\u0173 Valstij\u0173 prezidentas suteikia prie\u0161taring\u0105 paskutin\u0117s minut\u0117s malon\u0119 D\u017eoelui Bekmenui, garsiam ir \u012ftakingam Va\u0161ingtono brokeriui, pastaruosius \u0161e\u0161erius metus buvusiam nuki\u0161tam \u012f federalin\u012f kal\u0117jim\u0105. Bet niekas ne\u017eino, kad prezidentas suteik\u0117 malon\u0119 tik smarkiai mygiamas C\u017dV. Regis, Bekmenas savo, kaip \u012ftakingo brokerio, \u0161lov\u0117s vir\u0161\u016bn\u0117je gal\u0117jo su\u017einoti paslaptis, kurios stato pavojun sud\u0117tingiausi\u0105 pasaulyje \u017evalgybini\u0173 \u017dem\u0117s palydov\u0173 sistem\u0105.<\/p>\n<p>Kari\u0161ku krovininiu l\u0117ktuvu Bekmenas patyliukais, slap\u010dia i\u0161danginamas i\u0161 \u0161alies, gauna nauj\u0105 vard\u0105, nauj\u0105 asmens tapatyb\u0119 ir naujus namus Italijoje. Kai galop jis \u012fsitvirtina savo naujajame gyvenime, C\u017dV nutekina informacij\u0105 apie jo buvimo viet\u0105 izraelie\u010diams, rusams, kinams ir saudo arabams. Paskui C\u017dV daro tai, k\u0105 geriausiai moka: s\u0117d\u0117ti u\u017euoglaudoje ir steb\u0117ti. Svarbu ne tai, ar Bekmenas i\u0161liks gyvas \u2013 tam n\u0117ra joki\u0173 \u0161ans\u0173. Klausimas, \u012f kur\u012f C\u017dV \u017e\u016btb\u016bt nori gauti atsakym\u0105 \u2013 kas j\u012f nu\u017eudys?<\/p>\n","protected":false},"featured_media":6704,"comment_status":"closed","ping_status":"closed","template":"","meta":{"_acf_changed":false,"site-sidebar-layout":"default","site-content-layout":"","ast-site-content-layout":"default","site-content-style":"default","site-sidebar-style":"default","ast-global-header-display":"","ast-banner-title-visibility":"","ast-main-header-display":"","ast-hfb-above-header-display":"","ast-hfb-below-header-display":"","ast-hfb-mobile-header-display":"","site-post-title":"","ast-breadcrumbs-content":"","ast-featured-img":"","footer-sml-layout":"","ast-disable-related-posts":"","theme-transparent-header-meta":"","adv-header-id-meta":"","stick-header-meta":"","header-above-stick-meta":"","header-main-stick-meta":"","header-below-stick-meta":"","astra-migrate-meta-layouts":"default","ast-page-background-enabled":"default","ast-page-background-meta":{"desktop":{"background-color":"","background-image":"","background-repeat":"repeat","background-position":"center center","background-size":"auto","background-attachment":"scroll","background-type":"","background-media":"","overlay-type":"","overlay-color":"","overlay-opacity":"","overlay-gradient":""},"tablet":{"background-color":"","background-image":"","background-repeat":"repeat","background-position":"center center","background-size":"auto","background-attachment":"scroll","background-type":"","background-media":"","overlay-type":"","overlay-color":"","overlay-opacity":"","overlay-gradient":""},"mobile":{"background-color":"","background-image":"","background-repeat":"repeat","background-position":"center center","background-size":"auto","background-attachment":"scroll","background-type":"","background-media":"","overlay-type":"","overlay-color":"","overlay-opacity":"","overlay-gradient":""}},"ast-content-background-meta":{"desktop":{"background-color":"var(--ast-global-color-4)","background-image":"","background-repeat":"repeat","background-position":"center center","background-size":"auto","background-attachment":"scroll","background-type":"","background-media":"","overlay-type":"","overlay-color":"","overlay-opacity":"","overlay-gradient":""},"tablet":{"background-color":"var(--ast-global-color-4)","background-image":"","background-repeat":"repeat","background-position":"center center","background-size":"auto","background-attachment":"scroll","background-type":"","background-media":"","overlay-type":"","overlay-color":"","overlay-opacity":"","overlay-gradient":""},"mobile":{"background-color":"var(--ast-global-color-4)","background-image":"","background-repeat":"repeat","background-position":"center center","background-size":"auto","background-attachment":"scroll","background-type":"","background-media":"","overlay-type":"","overlay-color":"","overlay-opacity":"","overlay-gradient":""}}},"product_brand":[],"product_cat":[9581],"product_tag":[],"class_list":{"0":"post-6693","1":"product","2":"type-product","3":"status-publish","4":"has-post-thumbnail","6":"product_cat-kriminaliniai-romanai","7":"desktop-align-left","8":"tablet-align-left","9":"mobile-align-left","11":"first","12":"instock","13":"shipping-taxable","14":"purchasable","15":"product-type-simple"},"acf":[],"yoast_head":"<!-- This site is optimized with the Yoast SEO plugin v27.0 - https:\/\/yoast.com\/product\/yoast-seo-wordpress\/ -->\n<title>Brokeris<\/title>\n<meta name=\"description\" content=\"Baigiamosiomis savo valandomis Ovaliajame kabinete, po pralaim\u0117t\u0173 pakartotini\u0173 rinkim\u0173 pasitraukiantis i\u0161 pareig\u0173 Jungtini\u0173 Valstij\u0173 prezidentas suteikia prie\u0161taring\u0105 paskutin\u0117s minut\u0117s malon\u0119 D\u017eoelui Bekmenui, garsiam ir \u012ftakingam Va\u0161ingtono brokeriui, pastaruosius \u0161e\u0161erius metus buvusiam nuki\u0161tam \u012f federalin\u012f kal\u0117jim\u0105. Bet niekas ne\u017eino, kad prezidentas suteik\u0117 malon\u0119 tik smarkiai mygiamas C\u017dV. Regis, Bekmenas savo, kaip \u012ftakingo brokerio, \u0161lov\u0117s vir\u0161\u016bn\u0117je gal\u0117jo su\u017einoti paslaptis, kurios stato pavojun sud\u0117tingiausi\u0105 pasaulyje \u017evalgybini\u0173 \u017dem\u0117s palydov\u0173 sistem\u0105.  Kari\u0161ku krovininiu l\u0117ktuvu Bekmenas patyliukais, slap\u010dia i\u0161danginamas i\u0161 \u0161alies, gauna nauj\u0105 vard\u0105, nauj\u0105 asmens tapatyb\u0119 ir naujus namus Italijoje. Kai galop jis \u012fsitvirtina savo naujajame gyvenime, C\u017dV nutekina informacij\u0105 apie jo buvimo viet\u0105 izraelie\u010diams, rusams, kinams ir saudo arabams. Paskui C\u017dV daro tai, k\u0105 geriausiai moka: s\u0117d\u0117ti u\u017euoglaudoje ir steb\u0117ti. Svarbu ne tai, ar Bekmenas i\u0161liks gyvas \u2013 tam n\u0117ra joki\u0173 \u0161ans\u0173. Klausimas, \u012f kur\u012f C\u017dV \u017e\u016btb\u016bt nori gauti atsakym\u0105 \u2013 kas j\u012f nu\u017eudys?\" \/>\n<meta name=\"robots\" content=\"index, follow, max-snippet:-1, max-image-preview:large, max-video-preview:-1\" \/>\n<link rel=\"canonical\" href=\"https:\/\/skaitytaknyga.lt\/en\/produktas\/j-grisham-brokeris\/\" \/>\n<meta property=\"og:locale\" content=\"en_GB\" \/>\n<meta property=\"og:locale:alternate\" content=\"lt_LT\" \/>\n<meta property=\"og:type\" content=\"article\" \/>\n<meta property=\"og:title\" content=\"Brokeris\" \/>\n<meta property=\"og:description\" content=\"Baigiamosiomis savo valandomis Ovaliajame kabinete, po pralaim\u0117t\u0173 pakartotini\u0173 rinkim\u0173 pasitraukiantis i\u0161 pareig\u0173 Jungtini\u0173 Valstij\u0173 prezidentas suteikia prie\u0161taring\u0105 paskutin\u0117s minut\u0117s malon\u0119 D\u017eoelui Bekmenui, garsiam ir \u012ftakingam Va\u0161ingtono brokeriui, pastaruosius \u0161e\u0161erius metus buvusiam nuki\u0161tam \u012f federalin\u012f kal\u0117jim\u0105. Bet niekas ne\u017eino, kad prezidentas suteik\u0117 malon\u0119 tik smarkiai mygiamas C\u017dV. Regis, Bekmenas savo, kaip \u012ftakingo brokerio, \u0161lov\u0117s vir\u0161\u016bn\u0117je gal\u0117jo su\u017einoti paslaptis, kurios stato pavojun sud\u0117tingiausi\u0105 pasaulyje \u017evalgybini\u0173 \u017dem\u0117s palydov\u0173 sistem\u0105.  Kari\u0161ku krovininiu l\u0117ktuvu Bekmenas patyliukais, slap\u010dia i\u0161danginamas i\u0161 \u0161alies, gauna nauj\u0105 vard\u0105, nauj\u0105 asmens tapatyb\u0119 ir naujus namus Italijoje. Kai galop jis \u012fsitvirtina savo naujajame gyvenime, C\u017dV nutekina informacij\u0105 apie jo buvimo viet\u0105 izraelie\u010diams, rusams, kinams ir saudo arabams. Paskui C\u017dV daro tai, k\u0105 geriausiai moka: s\u0117d\u0117ti u\u017euoglaudoje ir steb\u0117ti. Svarbu ne tai, ar Bekmenas i\u0161liks gyvas \u2013 tam n\u0117ra joki\u0173 \u0161ans\u0173. Klausimas, \u012f kur\u012f C\u017dV \u017e\u016btb\u016bt nori gauti atsakym\u0105 \u2013 kas j\u012f nu\u017eudys?\" \/>\n<meta property=\"og:url\" content=\"https:\/\/skaitytaknyga.lt\/en\/produktas\/j-grisham-brokeris\/\" \/>\n<meta property=\"og:site_name\" content=\"Skaitytaknyga\" \/>\n<meta property=\"article:publisher\" content=\"https:\/\/www.facebook.com\/skaitytaknyga\/\" \/>\n<meta property=\"article:modified_time\" content=\"2026-03-05T08:46:58+00:00\" \/>\n<meta property=\"og:image\" content=\"https:\/\/skaitytaknyga.lt\/wp-content\/uploads\/2024\/05\/1462890534_img0008-001.jpg\" \/>\n\t<meta property=\"og:image:width\" content=\"271\" \/>\n\t<meta property=\"og:image:height\" content=\"430\" \/>\n\t<meta property=\"og:image:type\" content=\"image\/jpeg\" \/>\n<meta name=\"twitter:card\" content=\"summary_large_image\" \/>\n<meta name=\"twitter:label1\" content=\"Estimated reading time\" \/>\n\t<meta name=\"twitter:data1\" content=\"1 minute\" \/>\n<script type=\"application\/ld+json\" class=\"yoast-schema-graph\">{\"@context\":\"https:\/\/schema.org\",\"@graph\":[{\"@type\":\"WebPage\",\"@id\":\"https:\/\/skaitytaknyga.lt\/produktas\/j-grisham-brokeris\/\",\"url\":\"https:\/\/skaitytaknyga.lt\/produktas\/j-grisham-brokeris\/\",\"name\":\"Brokeris\",\"isPartOf\":{\"@id\":\"https:\/\/skaitytaknyga.lt\/#website\"},\"primaryImageOfPage\":{\"@id\":\"https:\/\/skaitytaknyga.lt\/produktas\/j-grisham-brokeris\/#primaryimage\"},\"image\":{\"@id\":\"https:\/\/skaitytaknyga.lt\/produktas\/j-grisham-brokeris\/#primaryimage\"},\"thumbnailUrl\":\"https:\/\/skaitytaknyga.lt\/wp-content\/uploads\/2024\/05\/1462890534_img0008-001.jpg\",\"datePublished\":\"2024-05-02T13:26:06+00:00\",\"dateModified\":\"2026-03-05T08:46:58+00:00\",\"description\":\"Baigiamosiomis savo valandomis Ovaliajame kabinete, po pralaim\u0117t\u0173 pakartotini\u0173 rinkim\u0173 pasitraukiantis i\u0161 pareig\u0173 Jungtini\u0173 Valstij\u0173 prezidentas suteikia prie\u0161taring\u0105 paskutin\u0117s minut\u0117s malon\u0119 D\u017eoelui Bekmenui, garsiam ir \u012ftakingam Va\u0161ingtono brokeriui, pastaruosius \u0161e\u0161erius metus buvusiam nuki\u0161tam \u012f federalin\u012f kal\u0117jim\u0105. Bet niekas ne\u017eino, kad prezidentas suteik\u0117 malon\u0119 tik smarkiai mygiamas C\u017dV. Regis, Bekmenas savo, kaip \u012ftakingo brokerio, \u0161lov\u0117s vir\u0161\u016bn\u0117je gal\u0117jo su\u017einoti paslaptis, kurios stato pavojun sud\u0117tingiausi\u0105 pasaulyje \u017evalgybini\u0173 \u017dem\u0117s palydov\u0173 sistem\u0105. Kari\u0161ku krovininiu l\u0117ktuvu Bekmenas patyliukais, slap\u010dia i\u0161danginamas i\u0161 \u0161alies, gauna nauj\u0105 vard\u0105, nauj\u0105 asmens tapatyb\u0119 ir naujus namus Italijoje. Kai galop jis \u012fsitvirtina savo naujajame gyvenime, C\u017dV nutekina informacij\u0105 apie jo buvimo viet\u0105 izraelie\u010diams, rusams, kinams ir saudo arabams. Paskui C\u017dV daro tai, k\u0105 geriausiai moka: s\u0117d\u0117ti u\u017euoglaudoje ir steb\u0117ti. Svarbu ne tai, ar Bekmenas i\u0161liks gyvas \u2013 tam n\u0117ra joki\u0173 \u0161ans\u0173. Klausimas, \u012f kur\u012f C\u017dV \u017e\u016btb\u016bt nori gauti atsakym\u0105 \u2013 kas j\u012f nu\u017eudys?\",\"breadcrumb\":{\"@id\":\"https:\/\/skaitytaknyga.lt\/produktas\/j-grisham-brokeris\/#breadcrumb\"},\"inLanguage\":\"en-GB\",\"potentialAction\":[{\"@type\":\"ReadAction\",\"target\":[\"https:\/\/skaitytaknyga.lt\/produktas\/j-grisham-brokeris\/\"]}]},{\"@type\":\"ImageObject\",\"inLanguage\":\"en-GB\",\"@id\":\"https:\/\/skaitytaknyga.lt\/produktas\/j-grisham-brokeris\/#primaryimage\",\"url\":\"https:\/\/skaitytaknyga.lt\/wp-content\/uploads\/2024\/05\/1462890534_img0008-001.jpg\",\"contentUrl\":\"https:\/\/skaitytaknyga.lt\/wp-content\/uploads\/2024\/05\/1462890534_img0008-001.jpg\",\"width\":271,\"height\":430},{\"@type\":\"BreadcrumbList\",\"@id\":\"https:\/\/skaitytaknyga.lt\/produktas\/j-grisham-brokeris\/#breadcrumb\",\"itemListElement\":[{\"@type\":\"ListItem\",\"position\":1,\"name\":\"Home\",\"item\":\"https:\/\/skaitytaknyga.lt\/\"},{\"@type\":\"ListItem\",\"position\":2,\"name\":\"Parduotuv\u0117\",\"item\":\"https:\/\/skaitytaknyga.lt\/knygu-parduotuve\/\"},{\"@type\":\"ListItem\",\"position\":3,\"name\":\"Brokeris\"}]},{\"@type\":\"WebSite\",\"@id\":\"https:\/\/skaitytaknyga.lt\/#website\",\"url\":\"https:\/\/skaitytaknyga.lt\/\",\"name\":\"skaitytaknyga.lt\",\"description\":\"Skaitytaknyga.lt \u2013 tai ma\u017eas \u0161eimos verslas, kuris prasid\u0117jo nuo meil\u0117s knygoms ir siekio i\u0161gelb\u0117ti knygas nuo likimo prie konteinerio. Kas vienam nereikalingas daiktas \u2013 kitam lobis, o mes esame tarpininkai, kurie padeda abiems tapti laimingesniems ???? \u017dinome kaip nelengva i\u0161gyventi ma\u017eiems verslams, tad nuo \u0161iol, \u010dia rasite ir kit\u0173, ma\u017e\u0173 \u0161eim\u0173 versl\u0173, rank\u0173 darbo, dovan\u0173 sau ir artimiesiems.\",\"publisher\":{\"@id\":\"https:\/\/skaitytaknyga.lt\/#organization\"},\"potentialAction\":[{\"@type\":\"SearchAction\",\"target\":{\"@type\":\"EntryPoint\",\"urlTemplate\":\"https:\/\/skaitytaknyga.lt\/?s={search_term_string}\"},\"query-input\":{\"@type\":\"PropertyValueSpecification\",\"valueRequired\":true,\"valueName\":\"search_term_string\"}}],\"inLanguage\":\"en-GB\"},{\"@type\":\"Organization\",\"@id\":\"https:\/\/skaitytaknyga.lt\/#organization\",\"name\":\"skaitytaknyga.lt\",\"url\":\"https:\/\/skaitytaknyga.lt\/\",\"logo\":{\"@type\":\"ImageObject\",\"inLanguage\":\"en-GB\",\"@id\":\"https:\/\/skaitytaknyga.lt\/#\/schema\/logo\/image\/\",\"url\":\"https:\/\/skaitytaknyga.lt\/wp-content\/uploads\/2024\/05\/cropped-cropped-cropped-02_00843_jt3bggkj1j3HLc7SyY6rEUpg.jpeg\",\"contentUrl\":\"https:\/\/skaitytaknyga.lt\/wp-content\/uploads\/2024\/05\/cropped-cropped-cropped-02_00843_jt3bggkj1j3HLc7SyY6rEUpg.jpeg\",\"width\":1600,\"height\":1600,\"caption\":\"skaitytaknyga.lt\"},\"image\":{\"@id\":\"https:\/\/skaitytaknyga.lt\/#\/schema\/logo\/image\/\"},\"sameAs\":[\"https:\/\/www.facebook.com\/skaitytaknyga\/\"]}]}<\/script>\n<!-- \/ Yoast SEO plugin. -->","yoast_head_json":{"title":"Brokeris","description":"Baigiamosiomis savo valandomis Ovaliajame kabinete, po pralaim\u0117t\u0173 pakartotini\u0173 rinkim\u0173 pasitraukiantis i\u0161 pareig\u0173 Jungtini\u0173 Valstij\u0173 prezidentas suteikia prie\u0161taring\u0105 paskutin\u0117s minut\u0117s malon\u0119 D\u017eoelui Bekmenui, garsiam ir \u012ftakingam Va\u0161ingtono brokeriui, pastaruosius \u0161e\u0161erius metus buvusiam nuki\u0161tam \u012f federalin\u012f kal\u0117jim\u0105. Bet niekas ne\u017eino, kad prezidentas suteik\u0117 malon\u0119 tik smarkiai mygiamas C\u017dV. Regis, Bekmenas savo, kaip \u012ftakingo brokerio, \u0161lov\u0117s vir\u0161\u016bn\u0117je gal\u0117jo su\u017einoti paslaptis, kurios stato pavojun sud\u0117tingiausi\u0105 pasaulyje \u017evalgybini\u0173 \u017dem\u0117s palydov\u0173 sistem\u0105.  Kari\u0161ku krovininiu l\u0117ktuvu Bekmenas patyliukais, slap\u010dia i\u0161danginamas i\u0161 \u0161alies, gauna nauj\u0105 vard\u0105, nauj\u0105 asmens tapatyb\u0119 ir naujus namus Italijoje. Kai galop jis \u012fsitvirtina savo naujajame gyvenime, C\u017dV nutekina informacij\u0105 apie jo buvimo viet\u0105 izraelie\u010diams, rusams, kinams ir saudo arabams. Paskui C\u017dV daro tai, k\u0105 geriausiai moka: s\u0117d\u0117ti u\u017euoglaudoje ir steb\u0117ti. Svarbu ne tai, ar Bekmenas i\u0161liks gyvas \u2013 tam n\u0117ra joki\u0173 \u0161ans\u0173. Klausimas, \u012f kur\u012f C\u017dV \u017e\u016btb\u016bt nori gauti atsakym\u0105 \u2013 kas j\u012f nu\u017eudys?","robots":{"index":"index","follow":"follow","max-snippet":"max-snippet:-1","max-image-preview":"max-image-preview:large","max-video-preview":"max-video-preview:-1"},"canonical":"https:\/\/skaitytaknyga.lt\/en\/produktas\/j-grisham-brokeris\/","og_locale":"en_GB","og_type":"article","og_title":"[:lt]Brokeris[:] - Skaitytaknyga","og_description":"Baigiamosiomis savo valandomis Ovaliajame kabinete, po pralaim\u0117t\u0173 pakartotini\u0173 rinkim\u0173 pasitraukiantis i\u0161 pareig\u0173 Jungtini\u0173 Valstij\u0173 prezidentas suteikia prie\u0161taring\u0105 paskutin\u0117s minut\u0117s malon\u0119 D\u017eoelui Bekmenui, garsiam ir \u012ftakingam Va\u0161ingtono brokeriui, pastaruosius \u0161e\u0161erius metus buvusiam nuki\u0161tam \u012f federalin\u012f kal\u0117jim\u0105. Bet niekas ne\u017eino, kad prezidentas suteik\u0117 malon\u0119 tik smarkiai mygiamas C\u017dV. Regis, Bekmenas savo, kaip \u012ftakingo brokerio, \u0161lov\u0117s vir\u0161\u016bn\u0117je gal\u0117jo su\u017einoti paslaptis, kurios stato pavojun sud\u0117tingiausi\u0105 pasaulyje \u017evalgybini\u0173 \u017dem\u0117s palydov\u0173 sistem\u0105.  Kari\u0161ku krovininiu l\u0117ktuvu Bekmenas patyliukais, slap\u010dia i\u0161danginamas i\u0161 \u0161alies, gauna nauj\u0105 vard\u0105, nauj\u0105 asmens tapatyb\u0119 ir naujus namus Italijoje. Kai galop jis \u012fsitvirtina savo naujajame gyvenime, C\u017dV nutekina informacij\u0105 apie jo buvimo viet\u0105 izraelie\u010diams, rusams, kinams ir saudo arabams. Paskui C\u017dV daro tai, k\u0105 geriausiai moka: s\u0117d\u0117ti u\u017euoglaudoje ir steb\u0117ti. Svarbu ne tai, ar Bekmenas i\u0161liks gyvas \u2013 tam n\u0117ra joki\u0173 \u0161ans\u0173. Klausimas, \u012f kur\u012f C\u017dV \u017e\u016btb\u016bt nori gauti atsakym\u0105 \u2013 kas j\u012f nu\u017eudys?","og_url":"https:\/\/skaitytaknyga.lt\/en\/produktas\/j-grisham-brokeris\/","og_site_name":"Skaitytaknyga","article_publisher":"https:\/\/www.facebook.com\/skaitytaknyga\/","article_modified_time":"2026-03-05T08:46:58+00:00","og_image":[{"width":271,"height":430,"url":"https:\/\/skaitytaknyga.lt\/wp-content\/uploads\/2024\/05\/1462890534_img0008-001.jpg","type":"image\/jpeg"}],"twitter_card":"summary_large_image","twitter_misc":{"Estimated reading time":"1 minute"},"schema":{"@context":"https:\/\/schema.org","@graph":[{"@type":"WebPage","@id":"https:\/\/skaitytaknyga.lt\/produktas\/j-grisham-brokeris\/","url":"https:\/\/skaitytaknyga.lt\/produktas\/j-grisham-brokeris\/","name":"Brokeris","isPartOf":{"@id":"https:\/\/skaitytaknyga.lt\/#website"},"primaryImageOfPage":{"@id":"https:\/\/skaitytaknyga.lt\/produktas\/j-grisham-brokeris\/#primaryimage"},"image":{"@id":"https:\/\/skaitytaknyga.lt\/produktas\/j-grisham-brokeris\/#primaryimage"},"thumbnailUrl":"https:\/\/skaitytaknyga.lt\/wp-content\/uploads\/2024\/05\/1462890534_img0008-001.jpg","datePublished":"2024-05-02T13:26:06+00:00","dateModified":"2026-03-05T08:46:58+00:00","description":"Baigiamosiomis savo valandomis Ovaliajame kabinete, po pralaim\u0117t\u0173 pakartotini\u0173 rinkim\u0173 pasitraukiantis i\u0161 pareig\u0173 Jungtini\u0173 Valstij\u0173 prezidentas suteikia prie\u0161taring\u0105 paskutin\u0117s minut\u0117s malon\u0119 D\u017eoelui Bekmenui, garsiam ir \u012ftakingam Va\u0161ingtono brokeriui, pastaruosius \u0161e\u0161erius metus buvusiam nuki\u0161tam \u012f federalin\u012f kal\u0117jim\u0105. Bet niekas ne\u017eino, kad prezidentas suteik\u0117 malon\u0119 tik smarkiai mygiamas C\u017dV. Regis, Bekmenas savo, kaip \u012ftakingo brokerio, \u0161lov\u0117s vir\u0161\u016bn\u0117je gal\u0117jo su\u017einoti paslaptis, kurios stato pavojun sud\u0117tingiausi\u0105 pasaulyje \u017evalgybini\u0173 \u017dem\u0117s palydov\u0173 sistem\u0105. Kari\u0161ku krovininiu l\u0117ktuvu Bekmenas patyliukais, slap\u010dia i\u0161danginamas i\u0161 \u0161alies, gauna nauj\u0105 vard\u0105, nauj\u0105 asmens tapatyb\u0119 ir naujus namus Italijoje. Kai galop jis \u012fsitvirtina savo naujajame gyvenime, C\u017dV nutekina informacij\u0105 apie jo buvimo viet\u0105 izraelie\u010diams, rusams, kinams ir saudo arabams. Paskui C\u017dV daro tai, k\u0105 geriausiai moka: s\u0117d\u0117ti u\u017euoglaudoje ir steb\u0117ti. Svarbu ne tai, ar Bekmenas i\u0161liks gyvas \u2013 tam n\u0117ra joki\u0173 \u0161ans\u0173. Klausimas, \u012f kur\u012f C\u017dV \u017e\u016btb\u016bt nori gauti atsakym\u0105 \u2013 kas j\u012f nu\u017eudys?","breadcrumb":{"@id":"https:\/\/skaitytaknyga.lt\/produktas\/j-grisham-brokeris\/#breadcrumb"},"inLanguage":"en-GB","potentialAction":[{"@type":"ReadAction","target":["https:\/\/skaitytaknyga.lt\/produktas\/j-grisham-brokeris\/"]}]},{"@type":"ImageObject","inLanguage":"en-GB","@id":"https:\/\/skaitytaknyga.lt\/produktas\/j-grisham-brokeris\/#primaryimage","url":"https:\/\/skaitytaknyga.lt\/wp-content\/uploads\/2024\/05\/1462890534_img0008-001.jpg","contentUrl":"https:\/\/skaitytaknyga.lt\/wp-content\/uploads\/2024\/05\/1462890534_img0008-001.jpg","width":271,"height":430},{"@type":"BreadcrumbList","@id":"https:\/\/skaitytaknyga.lt\/produktas\/j-grisham-brokeris\/#breadcrumb","itemListElement":[{"@type":"ListItem","position":1,"name":"Home","item":"https:\/\/skaitytaknyga.lt\/"},{"@type":"ListItem","position":2,"name":"Parduotuv\u0117","item":"https:\/\/skaitytaknyga.lt\/knygu-parduotuve\/"},{"@type":"ListItem","position":3,"name":"Brokeris"}]},{"@type":"WebSite","@id":"https:\/\/skaitytaknyga.lt\/#website","url":"https:\/\/skaitytaknyga.lt\/","name":"skaitytaknyga.lt","description":"Skaitytaknyga.lt \u2013 tai ma\u017eas \u0161eimos verslas, kuris prasid\u0117jo nuo meil\u0117s knygoms ir siekio i\u0161gelb\u0117ti knygas nuo likimo prie konteinerio. Kas vienam nereikalingas daiktas \u2013 kitam lobis, o mes esame tarpininkai, kurie padeda abiems tapti laimingesniems ???? \u017dinome kaip nelengva i\u0161gyventi ma\u017eiems verslams, tad nuo \u0161iol, \u010dia rasite ir kit\u0173, ma\u017e\u0173 \u0161eim\u0173 versl\u0173, rank\u0173 darbo, dovan\u0173 sau ir artimiesiems.","publisher":{"@id":"https:\/\/skaitytaknyga.lt\/#organization"},"potentialAction":[{"@type":"SearchAction","target":{"@type":"EntryPoint","urlTemplate":"https:\/\/skaitytaknyga.lt\/?s={search_term_string}"},"query-input":{"@type":"PropertyValueSpecification","valueRequired":true,"valueName":"search_term_string"}}],"inLanguage":"en-GB"},{"@type":"Organization","@id":"https:\/\/skaitytaknyga.lt\/#organization","name":"skaitytaknyga.lt","url":"https:\/\/skaitytaknyga.lt\/","logo":{"@type":"ImageObject","inLanguage":"en-GB","@id":"https:\/\/skaitytaknyga.lt\/#\/schema\/logo\/image\/","url":"https:\/\/skaitytaknyga.lt\/wp-content\/uploads\/2024\/05\/cropped-cropped-cropped-02_00843_jt3bggkj1j3HLc7SyY6rEUpg.jpeg","contentUrl":"https:\/\/skaitytaknyga.lt\/wp-content\/uploads\/2024\/05\/cropped-cropped-cropped-02_00843_jt3bggkj1j3HLc7SyY6rEUpg.jpeg","width":1600,"height":1600,"caption":"skaitytaknyga.lt"},"image":{"@id":"https:\/\/skaitytaknyga.lt\/#\/schema\/logo\/image\/"},"sameAs":["https:\/\/www.facebook.com\/skaitytaknyga\/"]}]}},"_links":{"self":[{"href":"https:\/\/skaitytaknyga.lt\/en\/wp-json\/wp\/v2\/product\/6693","targetHints":{"allow":["GET"]}}],"collection":[{"href":"https:\/\/skaitytaknyga.lt\/en\/wp-json\/wp\/v2\/product"}],"about":[{"href":"https:\/\/skaitytaknyga.lt\/en\/wp-json\/wp\/v2\/types\/product"}],"replies":[{"embeddable":true,"href":"https:\/\/skaitytaknyga.lt\/en\/wp-json\/wp\/v2\/comments?post=6693"}],"wp:featuredmedia":[{"embeddable":true,"href":"https:\/\/skaitytaknyga.lt\/en\/wp-json\/wp\/v2\/media\/6704"}],"wp:attachment":[{"href":"https:\/\/skaitytaknyga.lt\/en\/wp-json\/wp\/v2\/media?parent=6693"}],"wp:term":[{"taxonomy":"product_brand","embeddable":true,"href":"https:\/\/skaitytaknyga.lt\/en\/wp-json\/wp\/v2\/product_brand?post=6693"},{"taxonomy":"product_cat","embeddable":true,"href":"https:\/\/skaitytaknyga.lt\/en\/wp-json\/wp\/v2\/product_cat?post=6693"},{"taxonomy":"product_tag","embeddable":true,"href":"https:\/\/skaitytaknyga.lt\/en\/wp-json\/wp\/v2\/product_tag?post=6693"}],"curies":[{"name":"wp","href":"https:\/\/api.w.org\/{rel}","templated":true}]}}