{"id":6675,"date":"2024-05-02T13:25:21","date_gmt":"2024-05-02T13:25:21","guid":{"rendered":"https:\/\/skaitytaknyga.lt\/?post_type=product&#038;p=6675"},"modified":"2024-05-03T07:29:55","modified_gmt":"2024-05-03T07:29:55","slug":"bernardas-aleknavicius-kelione-sugriztantys-is-praeities","status":"publish","type":"product","link":"https:\/\/skaitytaknyga.lt\/en\/produktas\/bernardas-aleknavicius-kelione-sugriztantys-is-praeities\/","title":{"rendered":"Bernardas Aleknavi\u010dius \u201eKelion\u0117. Sugr\u012f\u017etantys i\u0161 praeities\u201c"},"content":{"rendered":"<div class=\"book-descript-wrapper\">\n<section class=\"product-descript more-content-wrapper\">\n<div class=\"\">\n<p>Tre\u010dioji trilogijos \u201eKelion\u0117\u201c dalis (Pirmoji dalis \u2013 \u201eKelion\u0117. Einu per Lietuv\u0105\u201c (2009), antroji \u2013 \u201eKelion\u0117. Juos sutikau gyvenime\u201c (2011).<\/p>\n<p><strong>Bernardas Aleknavi\u010dius<\/strong>\u00a0\u2013 vienintelis fotomenininkas Lietuvoje, kuris savo fotografijos k\u016brinius \u201e\u012fsuka\u201c \u012f literat\u016brin\u012f r\u016bk\u0105, ir \u0161ie tampa ne tik vaizdiniais, bet ir ra\u0161ytiniais k\u016briniais. Trilogija \u201eKelion\u0117\u201c \u2013 nepakartojamas paminklas i\u0161kilioms asmenyb\u0117ms, kurios nelengv\u0105 stagnacijos nakt\u012f k\u0117l\u0117 Lietuvos kult\u016br\u0105. I\u0161 trilogijos puslapi\u0173 \u012f mus \u017evelgia daugiau kaip 700 asmenybi\u0173.<\/p>\n<p>Trilogijos \u201eKelion\u0117\u201c tre\u010dioji dalis \u2013 \u201eSugr\u012f\u017etantys i\u0161 praeities\u201c \u2013 byloja apie teatro, dail\u0117s, tautodail\u0117s, architekt\u016bros, muziejininkyst\u0117s, \u017eurnalistikos k\u016br\u0117jus.<\/p>\n<\/div>\n<\/section>\n<\/div>\n","protected":false},"excerpt":{"rendered":"<div class=\"book-descript-wrapper\">\n<section class=\"product-descript more-content-wrapper\">\n<div class=\"\">\n<p>Tre\u010dioji trilogijos \u201eKelion\u0117\u201c dalis (Pirmoji dalis \u2013 \u201eKelion\u0117. Einu per Lietuv\u0105\u201c (2009), antroji \u2013 \u201eKelion\u0117. Juos sutikau gyvenime\u201c (2011).<\/p>\n<p><strong>Bernardas Aleknavi\u010dius<\/strong>\u00a0\u2013 vienintelis fotomenininkas Lietuvoje, kuris savo fotografijos k\u016brinius \u201e\u012fsuka\u201c \u012f literat\u016brin\u012f r\u016bk\u0105, ir \u0161ie tampa ne tik vaizdiniais, bet ir ra\u0161ytiniais k\u016briniais. Trilogija \u201eKelion\u0117\u201c \u2013 nepakartojamas paminklas i\u0161kilioms asmenyb\u0117ms, kurios nelengv\u0105 stagnacijos nakt\u012f k\u0117l\u0117 Lietuvos kult\u016br\u0105. I\u0161 trilogijos puslapi\u0173 \u012f mus \u017evelgia daugiau kaip 700 asmenybi\u0173.<\/p>\n<p>Trilogijos \u201eKelion\u0117\u201c tre\u010dioji dalis \u2013 \u201eSugr\u012f\u017etantys i\u0161 praeities\u201c \u2013 byloja apie teatro, dail\u0117s, tautodail\u0117s, architekt\u016bros, muziejininkyst\u0117s, \u017eurnalistikos k\u016br\u0117jus.<\/p>\n<\/div>\n<\/section>\n<\/div>\n","protected":false},"featured_media":6697,"comment_status":"closed","ping_status":"closed","template":"","meta":{"_acf_changed":false,"site-sidebar-layout":"default","site-content-layout":"","ast-site-content-layout":"default","site-content-style":"default","site-sidebar-style":"default","ast-global-header-display":"","ast-banner-title-visibility":"","ast-main-header-display":"","ast-hfb-above-header-display":"","ast-hfb-below-header-display":"","ast-hfb-mobile-header-display":"","site-post-title":"","ast-breadcrumbs-content":"","ast-featured-img":"","footer-sml-layout":"","ast-disable-related-posts":"","theme-transparent-header-meta":"","adv-header-id-meta":"","stick-header-meta":"","header-above-stick-meta":"","header-main-stick-meta":"","header-below-stick-meta":"","astra-migrate-meta-layouts":"default","ast-page-background-enabled":"default","ast-page-background-meta":{"desktop":{"background-color":"","background-image":"","background-repeat":"repeat","background-position":"center center","background-size":"auto","background-attachment":"scroll","background-type":"","background-media":"","overlay-type":"","overlay-color":"","overlay-opacity":"","overlay-gradient":""},"tablet":{"background-color":"","background-image":"","background-repeat":"repeat","background-position":"center center","background-size":"auto","background-attachment":"scroll","background-type":"","background-media":"","overlay-type":"","overlay-color":"","overlay-opacity":"","overlay-gradient":""},"mobile":{"background-color":"","background-image":"","background-repeat":"repeat","background-position":"center center","background-size":"auto","background-attachment":"scroll","background-type":"","background-media":"","overlay-type":"","overlay-color":"","overlay-opacity":"","overlay-gradient":""}},"ast-content-background-meta":{"desktop":{"background-color":"var(--ast-global-color-4)","background-image":"","background-repeat":"repeat","background-position":"center center","background-size":"auto","background-attachment":"scroll","background-type":"","background-media":"","overlay-type":"","overlay-color":"","overlay-opacity":"","overlay-gradient":""},"tablet":{"background-color":"var(--ast-global-color-4)","background-image":"","background-repeat":"repeat","background-position":"center center","background-size":"auto","background-attachment":"scroll","background-type":"","background-media":"","overlay-type":"","overlay-color":"","overlay-opacity":"","overlay-gradient":""},"mobile":{"background-color":"var(--ast-global-color-4)","background-image":"","background-repeat":"repeat","background-position":"center center","background-size":"auto","background-attachment":"scroll","background-type":"","background-media":"","overlay-type":"","overlay-color":"","overlay-opacity":"","overlay-gradient":""}}},"product_brand":[],"product_cat":[57],"product_tag":[],"class_list":{"0":"post-6675","1":"product","2":"type-product","3":"status-publish","4":"has-post-thumbnail","6":"product_cat-menas-ir-albumai","7":"desktop-align-left","8":"tablet-align-left","9":"mobile-align-left","11":"first","12":"instock","13":"shipping-taxable","14":"purchasable","15":"product-type-simple"},"acf":[],"yoast_head":"<!-- This site is optimized with the Yoast SEO plugin v27.0 - https:\/\/yoast.com\/product\/yoast-seo-wordpress\/ -->\n<title>Bernardas Aleknavi\u010dius \u201eKelion\u0117. Sugr\u012f\u017etantys i\u0161 praeities\u201c - Skaitytaknyga<\/title>\n<meta name=\"description\" content=\"Tre\u010dioji trilogijos \u201eKelion\u0117\u201c dalis (Pirmoji dalis \u2013 \u201eKelion\u0117. Einu per Lietuv\u0105\u201c (2009), antroji \u2013 \u201eKelion\u0117. Juos sutikau gyvenime\u201c (2011).  Bernardas Aleknavi\u010dius\u00a0\u2013 vienintelis fotomenininkas Lietuvoje, kuris savo fotografijos k\u016brinius \u201e\u012fsuka\u201c \u012f literat\u016brin\u012f r\u016bk\u0105, ir \u0161ie tampa ne tik vaizdiniais, bet ir ra\u0161ytiniais k\u016briniais. Trilogija \u201eKelion\u0117\u201c \u2013 nepakartojamas paminklas i\u0161kilioms asmenyb\u0117ms, kurios nelengv\u0105 stagnacijos nakt\u012f k\u0117l\u0117 Lietuvos kult\u016br\u0105. I\u0161 trilogijos puslapi\u0173 \u012f mus \u017evelgia daugiau kaip 700 asmenybi\u0173.  Trilogijos \u201eKelion\u0117\u201c tre\u010dioji dalis \u2013 \u201eSugr\u012f\u017etantys i\u0161 praeities\u201c \u2013 byloja apie teatro, dail\u0117s, tautodail\u0117s, architekt\u016bros, muziejininkyst\u0117s, \u017eurnalistikos k\u016br\u0117jus.\" \/>\n<meta name=\"robots\" content=\"index, follow, max-snippet:-1, max-image-preview:large, max-video-preview:-1\" \/>\n<link rel=\"canonical\" href=\"https:\/\/skaitytaknyga.lt\/en\/produktas\/bernardas-aleknavicius-kelione-sugriztantys-is-praeities\/\" \/>\n<meta property=\"og:locale\" content=\"en_GB\" \/>\n<meta property=\"og:locale:alternate\" content=\"lt_LT\" \/>\n<meta property=\"og:type\" content=\"article\" \/>\n<meta property=\"og:title\" content=\"Bernardas Aleknavi\u010dius \u201eKelion\u0117. Sugr\u012f\u017etantys i\u0161 praeities\u201c - Skaitytaknyga\" \/>\n<meta property=\"og:description\" content=\"Tre\u010dioji trilogijos \u201eKelion\u0117\u201c dalis (Pirmoji dalis \u2013 \u201eKelion\u0117. Einu per Lietuv\u0105\u201c (2009), antroji \u2013 \u201eKelion\u0117. Juos sutikau gyvenime\u201c (2011).  Bernardas Aleknavi\u010dius\u00a0\u2013 vienintelis fotomenininkas Lietuvoje, kuris savo fotografijos k\u016brinius \u201e\u012fsuka\u201c \u012f literat\u016brin\u012f r\u016bk\u0105, ir \u0161ie tampa ne tik vaizdiniais, bet ir ra\u0161ytiniais k\u016briniais. Trilogija \u201eKelion\u0117\u201c \u2013 nepakartojamas paminklas i\u0161kilioms asmenyb\u0117ms, kurios nelengv\u0105 stagnacijos nakt\u012f k\u0117l\u0117 Lietuvos kult\u016br\u0105. I\u0161 trilogijos puslapi\u0173 \u012f mus \u017evelgia daugiau kaip 700 asmenybi\u0173.  Trilogijos \u201eKelion\u0117\u201c tre\u010dioji dalis \u2013 \u201eSugr\u012f\u017etantys i\u0161 praeities\u201c \u2013 byloja apie teatro, dail\u0117s, tautodail\u0117s, architekt\u016bros, muziejininkyst\u0117s, \u017eurnalistikos k\u016br\u0117jus.\" \/>\n<meta property=\"og:url\" content=\"https:\/\/skaitytaknyga.lt\/en\/produktas\/bernardas-aleknavicius-kelione-sugriztantys-is-praeities\/\" \/>\n<meta property=\"og:site_name\" content=\"Skaitytaknyga\" \/>\n<meta property=\"article:publisher\" content=\"https:\/\/www.facebook.com\/skaitytaknyga\/\" \/>\n<meta property=\"article:modified_time\" content=\"2024-05-03T07:29:55+00:00\" \/>\n<meta property=\"og:image\" content=\"https:\/\/skaitytaknyga.lt\/wp-content\/uploads\/2024\/05\/1462878726_baleknavius-sugriztantysispraeities2-virselis.jpg\" \/>\n\t<meta property=\"og:image:width\" content=\"320\" \/>\n\t<meta property=\"og:image:height\" content=\"280\" \/>\n\t<meta property=\"og:image:type\" content=\"image\/jpeg\" \/>\n<meta name=\"twitter:card\" content=\"summary_large_image\" \/>\n<meta name=\"twitter:label1\" content=\"Estimated reading time\" \/>\n\t<meta name=\"twitter:data1\" content=\"1 minute\" \/>\n<script type=\"application\/ld+json\" class=\"yoast-schema-graph\">{\"@context\":\"https:\/\/schema.org\",\"@graph\":[{\"@type\":\"WebPage\",\"@id\":\"https:\/\/skaitytaknyga.lt\/produktas\/bernardas-aleknavicius-kelione-sugriztantys-is-praeities\/\",\"url\":\"https:\/\/skaitytaknyga.lt\/produktas\/bernardas-aleknavicius-kelione-sugriztantys-is-praeities\/\",\"name\":\"Bernardas Aleknavi\u010dius \u201eKelion\u0117. Sugr\u012f\u017etantys i\u0161 praeities\u201c - Skaitytaknyga\",\"isPartOf\":{\"@id\":\"https:\/\/skaitytaknyga.lt\/#website\"},\"primaryImageOfPage\":{\"@id\":\"https:\/\/skaitytaknyga.lt\/produktas\/bernardas-aleknavicius-kelione-sugriztantys-is-praeities\/#primaryimage\"},\"image\":{\"@id\":\"https:\/\/skaitytaknyga.lt\/produktas\/bernardas-aleknavicius-kelione-sugriztantys-is-praeities\/#primaryimage\"},\"thumbnailUrl\":\"https:\/\/skaitytaknyga.lt\/wp-content\/uploads\/2024\/05\/1462878726_baleknavius-sugriztantysispraeities2-virselis.jpg\",\"datePublished\":\"2024-05-02T13:25:21+00:00\",\"dateModified\":\"2024-05-03T07:29:55+00:00\",\"description\":\"Tre\u010dioji trilogijos \u201eKelion\u0117\u201c dalis (Pirmoji dalis \u2013 \u201eKelion\u0117. Einu per Lietuv\u0105\u201c (2009), antroji \u2013 \u201eKelion\u0117. Juos sutikau gyvenime\u201c (2011). Bernardas Aleknavi\u010dius\u00a0\u2013 vienintelis fotomenininkas Lietuvoje, kuris savo fotografijos k\u016brinius \u201e\u012fsuka\u201c \u012f literat\u016brin\u012f r\u016bk\u0105, ir \u0161ie tampa ne tik vaizdiniais, bet ir ra\u0161ytiniais k\u016briniais. Trilogija \u201eKelion\u0117\u201c \u2013 nepakartojamas paminklas i\u0161kilioms asmenyb\u0117ms, kurios nelengv\u0105 stagnacijos nakt\u012f k\u0117l\u0117 Lietuvos kult\u016br\u0105. I\u0161 trilogijos puslapi\u0173 \u012f mus \u017evelgia daugiau kaip 700 asmenybi\u0173. Trilogijos \u201eKelion\u0117\u201c tre\u010dioji dalis \u2013 \u201eSugr\u012f\u017etantys i\u0161 praeities\u201c \u2013 byloja apie teatro, dail\u0117s, tautodail\u0117s, architekt\u016bros, muziejininkyst\u0117s, \u017eurnalistikos k\u016br\u0117jus.\",\"breadcrumb\":{\"@id\":\"https:\/\/skaitytaknyga.lt\/produktas\/bernardas-aleknavicius-kelione-sugriztantys-is-praeities\/#breadcrumb\"},\"inLanguage\":\"en-GB\",\"potentialAction\":[{\"@type\":\"ReadAction\",\"target\":[\"https:\/\/skaitytaknyga.lt\/produktas\/bernardas-aleknavicius-kelione-sugriztantys-is-praeities\/\"]}]},{\"@type\":\"ImageObject\",\"inLanguage\":\"en-GB\",\"@id\":\"https:\/\/skaitytaknyga.lt\/produktas\/bernardas-aleknavicius-kelione-sugriztantys-is-praeities\/#primaryimage\",\"url\":\"https:\/\/skaitytaknyga.lt\/wp-content\/uploads\/2024\/05\/1462878726_baleknavius-sugriztantysispraeities2-virselis.jpg\",\"contentUrl\":\"https:\/\/skaitytaknyga.lt\/wp-content\/uploads\/2024\/05\/1462878726_baleknavius-sugriztantysispraeities2-virselis.jpg\",\"width\":320,\"height\":280},{\"@type\":\"BreadcrumbList\",\"@id\":\"https:\/\/skaitytaknyga.lt\/produktas\/bernardas-aleknavicius-kelione-sugriztantys-is-praeities\/#breadcrumb\",\"itemListElement\":[{\"@type\":\"ListItem\",\"position\":1,\"name\":\"Home\",\"item\":\"https:\/\/skaitytaknyga.lt\/\"},{\"@type\":\"ListItem\",\"position\":2,\"name\":\"Parduotuv\u0117\",\"item\":\"https:\/\/skaitytaknyga.lt\/knygu-parduotuve\/\"},{\"@type\":\"ListItem\",\"position\":3,\"name\":\"Bernardas Aleknavi\u010dius \u201eKelion\u0117. Sugr\u012f\u017etantys i\u0161 praeities\u201c\"}]},{\"@type\":\"WebSite\",\"@id\":\"https:\/\/skaitytaknyga.lt\/#website\",\"url\":\"https:\/\/skaitytaknyga.lt\/\",\"name\":\"skaitytaknyga.lt\",\"description\":\"Skaitytaknyga.lt \u2013 tai ma\u017eas \u0161eimos verslas, kuris prasid\u0117jo nuo meil\u0117s knygoms ir siekio i\u0161gelb\u0117ti knygas nuo likimo prie konteinerio. Kas vienam nereikalingas daiktas \u2013 kitam lobis, o mes esame tarpininkai, kurie padeda abiems tapti laimingesniems ???? \u017dinome kaip nelengva i\u0161gyventi ma\u017eiems verslams, tad nuo \u0161iol, \u010dia rasite ir kit\u0173, ma\u017e\u0173 \u0161eim\u0173 versl\u0173, rank\u0173 darbo, dovan\u0173 sau ir artimiesiems.\",\"publisher\":{\"@id\":\"https:\/\/skaitytaknyga.lt\/#organization\"},\"potentialAction\":[{\"@type\":\"SearchAction\",\"target\":{\"@type\":\"EntryPoint\",\"urlTemplate\":\"https:\/\/skaitytaknyga.lt\/?s={search_term_string}\"},\"query-input\":{\"@type\":\"PropertyValueSpecification\",\"valueRequired\":true,\"valueName\":\"search_term_string\"}}],\"inLanguage\":\"en-GB\"},{\"@type\":\"Organization\",\"@id\":\"https:\/\/skaitytaknyga.lt\/#organization\",\"name\":\"skaitytaknyga.lt\",\"url\":\"https:\/\/skaitytaknyga.lt\/\",\"logo\":{\"@type\":\"ImageObject\",\"inLanguage\":\"en-GB\",\"@id\":\"https:\/\/skaitytaknyga.lt\/#\/schema\/logo\/image\/\",\"url\":\"https:\/\/skaitytaknyga.lt\/wp-content\/uploads\/2024\/05\/cropped-cropped-cropped-02_00843_jt3bggkj1j3HLc7SyY6rEUpg.jpeg\",\"contentUrl\":\"https:\/\/skaitytaknyga.lt\/wp-content\/uploads\/2024\/05\/cropped-cropped-cropped-02_00843_jt3bggkj1j3HLc7SyY6rEUpg.jpeg\",\"width\":1600,\"height\":1600,\"caption\":\"skaitytaknyga.lt\"},\"image\":{\"@id\":\"https:\/\/skaitytaknyga.lt\/#\/schema\/logo\/image\/\"},\"sameAs\":[\"https:\/\/www.facebook.com\/skaitytaknyga\/\"]}]}<\/script>\n<!-- \/ Yoast SEO plugin. -->","yoast_head_json":{"title":"Bernardas Aleknavi\u010dius \u201eKelion\u0117. Sugr\u012f\u017etantys i\u0161 praeities\u201c - Skaitytaknyga","description":"Tre\u010dioji trilogijos \u201eKelion\u0117\u201c dalis (Pirmoji dalis \u2013 \u201eKelion\u0117. Einu per Lietuv\u0105\u201c (2009), antroji \u2013 \u201eKelion\u0117. Juos sutikau gyvenime\u201c (2011).  Bernardas Aleknavi\u010dius\u00a0\u2013 vienintelis fotomenininkas Lietuvoje, kuris savo fotografijos k\u016brinius \u201e\u012fsuka\u201c \u012f literat\u016brin\u012f r\u016bk\u0105, ir \u0161ie tampa ne tik vaizdiniais, bet ir ra\u0161ytiniais k\u016briniais. Trilogija \u201eKelion\u0117\u201c \u2013 nepakartojamas paminklas i\u0161kilioms asmenyb\u0117ms, kurios nelengv\u0105 stagnacijos nakt\u012f k\u0117l\u0117 Lietuvos kult\u016br\u0105. I\u0161 trilogijos puslapi\u0173 \u012f mus \u017evelgia daugiau kaip 700 asmenybi\u0173.  Trilogijos \u201eKelion\u0117\u201c tre\u010dioji dalis \u2013 \u201eSugr\u012f\u017etantys i\u0161 praeities\u201c \u2013 byloja apie teatro, dail\u0117s, tautodail\u0117s, architekt\u016bros, muziejininkyst\u0117s, \u017eurnalistikos k\u016br\u0117jus.","robots":{"index":"index","follow":"follow","max-snippet":"max-snippet:-1","max-image-preview":"max-image-preview:large","max-video-preview":"max-video-preview:-1"},"canonical":"https:\/\/skaitytaknyga.lt\/en\/produktas\/bernardas-aleknavicius-kelione-sugriztantys-is-praeities\/","og_locale":"en_GB","og_type":"article","og_title":"Bernardas Aleknavi\u010dius \u201eKelion\u0117. Sugr\u012f\u017etantys i\u0161 praeities\u201c - Skaitytaknyga","og_description":"Tre\u010dioji trilogijos \u201eKelion\u0117\u201c dalis (Pirmoji dalis \u2013 \u201eKelion\u0117. Einu per Lietuv\u0105\u201c (2009), antroji \u2013 \u201eKelion\u0117. Juos sutikau gyvenime\u201c (2011).  Bernardas Aleknavi\u010dius\u00a0\u2013 vienintelis fotomenininkas Lietuvoje, kuris savo fotografijos k\u016brinius \u201e\u012fsuka\u201c \u012f literat\u016brin\u012f r\u016bk\u0105, ir \u0161ie tampa ne tik vaizdiniais, bet ir ra\u0161ytiniais k\u016briniais. Trilogija \u201eKelion\u0117\u201c \u2013 nepakartojamas paminklas i\u0161kilioms asmenyb\u0117ms, kurios nelengv\u0105 stagnacijos nakt\u012f k\u0117l\u0117 Lietuvos kult\u016br\u0105. I\u0161 trilogijos puslapi\u0173 \u012f mus \u017evelgia daugiau kaip 700 asmenybi\u0173.  Trilogijos \u201eKelion\u0117\u201c tre\u010dioji dalis \u2013 \u201eSugr\u012f\u017etantys i\u0161 praeities\u201c \u2013 byloja apie teatro, dail\u0117s, tautodail\u0117s, architekt\u016bros, muziejininkyst\u0117s, \u017eurnalistikos k\u016br\u0117jus.","og_url":"https:\/\/skaitytaknyga.lt\/en\/produktas\/bernardas-aleknavicius-kelione-sugriztantys-is-praeities\/","og_site_name":"Skaitytaknyga","article_publisher":"https:\/\/www.facebook.com\/skaitytaknyga\/","article_modified_time":"2024-05-03T07:29:55+00:00","og_image":[{"width":320,"height":280,"url":"https:\/\/skaitytaknyga.lt\/wp-content\/uploads\/2024\/05\/1462878726_baleknavius-sugriztantysispraeities2-virselis.jpg","type":"image\/jpeg"}],"twitter_card":"summary_large_image","twitter_misc":{"Estimated reading time":"1 minute"},"schema":{"@context":"https:\/\/schema.org","@graph":[{"@type":"WebPage","@id":"https:\/\/skaitytaknyga.lt\/produktas\/bernardas-aleknavicius-kelione-sugriztantys-is-praeities\/","url":"https:\/\/skaitytaknyga.lt\/produktas\/bernardas-aleknavicius-kelione-sugriztantys-is-praeities\/","name":"Bernardas Aleknavi\u010dius \u201eKelion\u0117. Sugr\u012f\u017etantys i\u0161 praeities\u201c - Skaitytaknyga","isPartOf":{"@id":"https:\/\/skaitytaknyga.lt\/#website"},"primaryImageOfPage":{"@id":"https:\/\/skaitytaknyga.lt\/produktas\/bernardas-aleknavicius-kelione-sugriztantys-is-praeities\/#primaryimage"},"image":{"@id":"https:\/\/skaitytaknyga.lt\/produktas\/bernardas-aleknavicius-kelione-sugriztantys-is-praeities\/#primaryimage"},"thumbnailUrl":"https:\/\/skaitytaknyga.lt\/wp-content\/uploads\/2024\/05\/1462878726_baleknavius-sugriztantysispraeities2-virselis.jpg","datePublished":"2024-05-02T13:25:21+00:00","dateModified":"2024-05-03T07:29:55+00:00","description":"Tre\u010dioji trilogijos \u201eKelion\u0117\u201c dalis (Pirmoji dalis \u2013 \u201eKelion\u0117. Einu per Lietuv\u0105\u201c (2009), antroji \u2013 \u201eKelion\u0117. Juos sutikau gyvenime\u201c (2011). Bernardas Aleknavi\u010dius\u00a0\u2013 vienintelis fotomenininkas Lietuvoje, kuris savo fotografijos k\u016brinius \u201e\u012fsuka\u201c \u012f literat\u016brin\u012f r\u016bk\u0105, ir \u0161ie tampa ne tik vaizdiniais, bet ir ra\u0161ytiniais k\u016briniais. Trilogija \u201eKelion\u0117\u201c \u2013 nepakartojamas paminklas i\u0161kilioms asmenyb\u0117ms, kurios nelengv\u0105 stagnacijos nakt\u012f k\u0117l\u0117 Lietuvos kult\u016br\u0105. I\u0161 trilogijos puslapi\u0173 \u012f mus \u017evelgia daugiau kaip 700 asmenybi\u0173. Trilogijos \u201eKelion\u0117\u201c tre\u010dioji dalis \u2013 \u201eSugr\u012f\u017etantys i\u0161 praeities\u201c \u2013 byloja apie teatro, dail\u0117s, tautodail\u0117s, architekt\u016bros, muziejininkyst\u0117s, \u017eurnalistikos k\u016br\u0117jus.","breadcrumb":{"@id":"https:\/\/skaitytaknyga.lt\/produktas\/bernardas-aleknavicius-kelione-sugriztantys-is-praeities\/#breadcrumb"},"inLanguage":"en-GB","potentialAction":[{"@type":"ReadAction","target":["https:\/\/skaitytaknyga.lt\/produktas\/bernardas-aleknavicius-kelione-sugriztantys-is-praeities\/"]}]},{"@type":"ImageObject","inLanguage":"en-GB","@id":"https:\/\/skaitytaknyga.lt\/produktas\/bernardas-aleknavicius-kelione-sugriztantys-is-praeities\/#primaryimage","url":"https:\/\/skaitytaknyga.lt\/wp-content\/uploads\/2024\/05\/1462878726_baleknavius-sugriztantysispraeities2-virselis.jpg","contentUrl":"https:\/\/skaitytaknyga.lt\/wp-content\/uploads\/2024\/05\/1462878726_baleknavius-sugriztantysispraeities2-virselis.jpg","width":320,"height":280},{"@type":"BreadcrumbList","@id":"https:\/\/skaitytaknyga.lt\/produktas\/bernardas-aleknavicius-kelione-sugriztantys-is-praeities\/#breadcrumb","itemListElement":[{"@type":"ListItem","position":1,"name":"Home","item":"https:\/\/skaitytaknyga.lt\/"},{"@type":"ListItem","position":2,"name":"Parduotuv\u0117","item":"https:\/\/skaitytaknyga.lt\/knygu-parduotuve\/"},{"@type":"ListItem","position":3,"name":"Bernardas Aleknavi\u010dius \u201eKelion\u0117. Sugr\u012f\u017etantys i\u0161 praeities\u201c"}]},{"@type":"WebSite","@id":"https:\/\/skaitytaknyga.lt\/#website","url":"https:\/\/skaitytaknyga.lt\/","name":"skaitytaknyga.lt","description":"Skaitytaknyga.lt \u2013 tai ma\u017eas \u0161eimos verslas, kuris prasid\u0117jo nuo meil\u0117s knygoms ir siekio i\u0161gelb\u0117ti knygas nuo likimo prie konteinerio. Kas vienam nereikalingas daiktas \u2013 kitam lobis, o mes esame tarpininkai, kurie padeda abiems tapti laimingesniems ???? \u017dinome kaip nelengva i\u0161gyventi ma\u017eiems verslams, tad nuo \u0161iol, \u010dia rasite ir kit\u0173, ma\u017e\u0173 \u0161eim\u0173 versl\u0173, rank\u0173 darbo, dovan\u0173 sau ir artimiesiems.","publisher":{"@id":"https:\/\/skaitytaknyga.lt\/#organization"},"potentialAction":[{"@type":"SearchAction","target":{"@type":"EntryPoint","urlTemplate":"https:\/\/skaitytaknyga.lt\/?s={search_term_string}"},"query-input":{"@type":"PropertyValueSpecification","valueRequired":true,"valueName":"search_term_string"}}],"inLanguage":"en-GB"},{"@type":"Organization","@id":"https:\/\/skaitytaknyga.lt\/#organization","name":"skaitytaknyga.lt","url":"https:\/\/skaitytaknyga.lt\/","logo":{"@type":"ImageObject","inLanguage":"en-GB","@id":"https:\/\/skaitytaknyga.lt\/#\/schema\/logo\/image\/","url":"https:\/\/skaitytaknyga.lt\/wp-content\/uploads\/2024\/05\/cropped-cropped-cropped-02_00843_jt3bggkj1j3HLc7SyY6rEUpg.jpeg","contentUrl":"https:\/\/skaitytaknyga.lt\/wp-content\/uploads\/2024\/05\/cropped-cropped-cropped-02_00843_jt3bggkj1j3HLc7SyY6rEUpg.jpeg","width":1600,"height":1600,"caption":"skaitytaknyga.lt"},"image":{"@id":"https:\/\/skaitytaknyga.lt\/#\/schema\/logo\/image\/"},"sameAs":["https:\/\/www.facebook.com\/skaitytaknyga\/"]}]}},"_links":{"self":[{"href":"https:\/\/skaitytaknyga.lt\/en\/wp-json\/wp\/v2\/product\/6675","targetHints":{"allow":["GET"]}}],"collection":[{"href":"https:\/\/skaitytaknyga.lt\/en\/wp-json\/wp\/v2\/product"}],"about":[{"href":"https:\/\/skaitytaknyga.lt\/en\/wp-json\/wp\/v2\/types\/product"}],"replies":[{"embeddable":true,"href":"https:\/\/skaitytaknyga.lt\/en\/wp-json\/wp\/v2\/comments?post=6675"}],"wp:featuredmedia":[{"embeddable":true,"href":"https:\/\/skaitytaknyga.lt\/en\/wp-json\/wp\/v2\/media\/6697"}],"wp:attachment":[{"href":"https:\/\/skaitytaknyga.lt\/en\/wp-json\/wp\/v2\/media?parent=6675"}],"wp:term":[{"taxonomy":"product_brand","embeddable":true,"href":"https:\/\/skaitytaknyga.lt\/en\/wp-json\/wp\/v2\/product_brand?post=6675"},{"taxonomy":"product_cat","embeddable":true,"href":"https:\/\/skaitytaknyga.lt\/en\/wp-json\/wp\/v2\/product_cat?post=6675"},{"taxonomy":"product_tag","embeddable":true,"href":"https:\/\/skaitytaknyga.lt\/en\/wp-json\/wp\/v2\/product_tag?post=6675"}],"curies":[{"name":"wp","href":"https:\/\/api.w.org\/{rel}","templated":true}]}}