{"id":6646,"date":"2024-05-02T13:24:14","date_gmt":"2024-05-02T13:24:14","guid":{"rendered":"https:\/\/skaitytaknyga.lt\/?post_type=product&#038;p=6646"},"modified":"2024-05-03T07:29:53","modified_gmt":"2024-05-03T07:29:53","slug":"saul-bellow-hercogas-virselis-su-nedideliu-defektu","status":"publish","type":"product","link":"https:\/\/skaitytaknyga.lt\/en\/produktas\/saul-bellow-hercogas-virselis-su-nedideliu-defektu\/","title":{"rendered":"Saul Bellow \u201eHercogas\u201c (vir\u0161elis su nedideliu defektu)"},"content":{"rendered":"<p>Pagrindinis jo veik\u0117jas gyvenimo prasm\u0119 suvokia tik brandos am\u017eiuje. Bendravimas su \u017emon\u0117mis jam neteikia d\u017eiaugsmo, tod\u0117l savo mintis jis perteikia kitaip \u2014 ra\u0161o kruop\u0161\u010diausius u\u017era\u0161us, daro ir \u017eymi savo pastabas ir i\u0161vadas; da\u017enai jis tuos u\u017era\u0161us stilizuoja pagal savo nuotaik\u0105. Ta\u010diau Hercogo balse, nepaisant viso jo keistumo ir kvailumo, gird\u0117ti civilizacijos \u2014 m\u016bs\u0173 civilizacijos \u2014 balsas.<\/p>\n<p>&nbsp;<\/p>\n","protected":false},"excerpt":{"rendered":"<p>Pagrindinis jo veik\u0117jas gyvenimo prasm\u0119 suvokia tik brandos am\u017eiuje. Bendravimas su \u017emon\u0117mis jam neteikia d\u017eiaugsmo, tod\u0117l savo mintis jis perteikia kitaip \u2014 ra\u0161o kruop\u0161\u010diausius u\u017era\u0161us, daro ir \u017eymi savo pastabas ir i\u0161vadas; da\u017enai jis tuos u\u017era\u0161us stilizuoja pagal savo nuotaik\u0105. Ta\u010diau Hercogo balse, nepaisant viso jo keistumo ir kvailumo, gird\u0117ti civilizacijos \u2014 m\u016bs\u0173 civilizacijos \u2014 balsas.<\/p>\n<p>&nbsp;<\/p>\n","protected":false},"featured_media":6664,"comment_status":"closed","ping_status":"closed","template":"","meta":{"_acf_changed":false,"site-sidebar-layout":"default","site-content-layout":"","ast-site-content-layout":"default","site-content-style":"default","site-sidebar-style":"default","ast-global-header-display":"","ast-banner-title-visibility":"","ast-main-header-display":"","ast-hfb-above-header-display":"","ast-hfb-below-header-display":"","ast-hfb-mobile-header-display":"","site-post-title":"","ast-breadcrumbs-content":"","ast-featured-img":"","footer-sml-layout":"","ast-disable-related-posts":"","theme-transparent-header-meta":"","adv-header-id-meta":"","stick-header-meta":"","header-above-stick-meta":"","header-main-stick-meta":"","header-below-stick-meta":"","astra-migrate-meta-layouts":"default","ast-page-background-enabled":"default","ast-page-background-meta":{"desktop":{"background-color":"","background-image":"","background-repeat":"repeat","background-position":"center center","background-size":"auto","background-attachment":"scroll","background-type":"","background-media":"","overlay-type":"","overlay-color":"","overlay-opacity":"","overlay-gradient":""},"tablet":{"background-color":"","background-image":"","background-repeat":"repeat","background-position":"center center","background-size":"auto","background-attachment":"scroll","background-type":"","background-media":"","overlay-type":"","overlay-color":"","overlay-opacity":"","overlay-gradient":""},"mobile":{"background-color":"","background-image":"","background-repeat":"repeat","background-position":"center center","background-size":"auto","background-attachment":"scroll","background-type":"","background-media":"","overlay-type":"","overlay-color":"","overlay-opacity":"","overlay-gradient":""}},"ast-content-background-meta":{"desktop":{"background-color":"var(--ast-global-color-4)","background-image":"","background-repeat":"repeat","background-position":"center center","background-size":"auto","background-attachment":"scroll","background-type":"","background-media":"","overlay-type":"","overlay-color":"","overlay-opacity":"","overlay-gradient":""},"tablet":{"background-color":"var(--ast-global-color-4)","background-image":"","background-repeat":"repeat","background-position":"center center","background-size":"auto","background-attachment":"scroll","background-type":"","background-media":"","overlay-type":"","overlay-color":"","overlay-opacity":"","overlay-gradient":""},"mobile":{"background-color":"var(--ast-global-color-4)","background-image":"","background-repeat":"repeat","background-position":"center center","background-size":"auto","background-attachment":"scroll","background-type":"","background-media":"","overlay-type":"","overlay-color":"","overlay-opacity":"","overlay-gradient":""}}},"product_brand":[],"product_cat":[31],"product_tag":[],"class_list":{"0":"post-6646","1":"product","2":"type-product","3":"status-publish","4":"has-post-thumbnail","6":"product_cat-grozine-literatura","7":"desktop-align-left","8":"tablet-align-left","9":"mobile-align-left","11":"first","12":"instock","13":"shipping-taxable","14":"purchasable","15":"product-type-simple"},"acf":[],"yoast_head":"<!-- This site is optimized with the Yoast SEO plugin v27.0 - https:\/\/yoast.com\/product\/yoast-seo-wordpress\/ -->\n<title>Saul Bellow \u201eHercogas\u201c (vir\u0161elis su nedideliu defektu) - Skaitytaknyga<\/title>\n<meta name=\"description\" content=\"Pagrindinis jo veik\u0117jas gyvenimo prasm\u0119 suvokia tik brandos am\u017eiuje. Bendravimas su \u017emon\u0117mis jam neteikia d\u017eiaugsmo, tod\u0117l savo mintis jis perteikia kitaip \u2014 ra\u0161o kruop\u0161\u010diausius u\u017era\u0161us, daro ir \u017eymi savo pastabas ir i\u0161vadas; da\u017enai jis tuos u\u017era\u0161us stilizuoja pagal savo nuotaik\u0105. Ta\u010diau Hercogo balse, nepaisant viso jo keistumo ir kvailumo, gird\u0117ti civilizacijos \u2014 m\u016bs\u0173 civilizacijos \u2014 balsas.  &nbsp;\" \/>\n<meta name=\"robots\" content=\"index, follow, max-snippet:-1, max-image-preview:large, max-video-preview:-1\" \/>\n<link rel=\"canonical\" href=\"https:\/\/skaitytaknyga.lt\/en\/produktas\/saul-bellow-hercogas-virselis-su-nedideliu-defektu\/\" \/>\n<meta property=\"og:locale\" content=\"en_GB\" \/>\n<meta property=\"og:locale:alternate\" content=\"lt_LT\" \/>\n<meta property=\"og:type\" content=\"article\" \/>\n<meta property=\"og:title\" content=\"Saul Bellow \u201eHercogas\u201c (vir\u0161elis su nedideliu defektu) - Skaitytaknyga\" \/>\n<meta property=\"og:description\" content=\"Pagrindinis jo veik\u0117jas gyvenimo prasm\u0119 suvokia tik brandos am\u017eiuje. Bendravimas su \u017emon\u0117mis jam neteikia d\u017eiaugsmo, tod\u0117l savo mintis jis perteikia kitaip \u2014 ra\u0161o kruop\u0161\u010diausius u\u017era\u0161us, daro ir \u017eymi savo pastabas ir i\u0161vadas; da\u017enai jis tuos u\u017era\u0161us stilizuoja pagal savo nuotaik\u0105. Ta\u010diau Hercogo balse, nepaisant viso jo keistumo ir kvailumo, gird\u0117ti civilizacijos \u2014 m\u016bs\u0173 civilizacijos \u2014 balsas.  &nbsp;\" \/>\n<meta property=\"og:url\" content=\"https:\/\/skaitytaknyga.lt\/en\/produktas\/saul-bellow-hercogas-virselis-su-nedideliu-defektu\/\" \/>\n<meta property=\"og:site_name\" content=\"Skaitytaknyga\" \/>\n<meta property=\"article:publisher\" content=\"https:\/\/www.facebook.com\/skaitytaknyga\/\" \/>\n<meta property=\"article:modified_time\" content=\"2024-05-03T07:29:53+00:00\" \/>\n<meta property=\"og:image\" content=\"https:\/\/skaitytaknyga.lt\/wp-content\/uploads\/2024\/05\/hercogas_large.jpg\" \/>\n\t<meta property=\"og:image:width\" content=\"290\" \/>\n\t<meta property=\"og:image:height\" content=\"480\" \/>\n\t<meta property=\"og:image:type\" content=\"image\/jpeg\" \/>\n<meta name=\"twitter:card\" content=\"summary_large_image\" \/>\n<meta name=\"twitter:label1\" content=\"Estimated reading time\" \/>\n\t<meta name=\"twitter:data1\" content=\"1 minute\" \/>\n<script type=\"application\/ld+json\" class=\"yoast-schema-graph\">{\"@context\":\"https:\/\/schema.org\",\"@graph\":[{\"@type\":\"WebPage\",\"@id\":\"https:\/\/skaitytaknyga.lt\/en\/produktas\/saul-bellow-hercogas-virselis-su-nedideliu-defektu\/\",\"url\":\"https:\/\/skaitytaknyga.lt\/en\/produktas\/saul-bellow-hercogas-virselis-su-nedideliu-defektu\/\",\"name\":\"Saul Bellow \u201eHercogas\u201c (vir\u0161elis su nedideliu defektu) - Skaitytaknyga\",\"isPartOf\":{\"@id\":\"https:\/\/skaitytaknyga.lt\/#website\"},\"primaryImageOfPage\":{\"@id\":\"https:\/\/skaitytaknyga.lt\/en\/produktas\/saul-bellow-hercogas-virselis-su-nedideliu-defektu\/#primaryimage\"},\"image\":{\"@id\":\"https:\/\/skaitytaknyga.lt\/en\/produktas\/saul-bellow-hercogas-virselis-su-nedideliu-defektu\/#primaryimage\"},\"thumbnailUrl\":\"https:\/\/skaitytaknyga.lt\/wp-content\/uploads\/2024\/05\/hercogas_large.jpg\",\"datePublished\":\"2024-05-02T13:24:14+00:00\",\"dateModified\":\"2024-05-03T07:29:53+00:00\",\"description\":\"Pagrindinis jo veik\u0117jas gyvenimo prasm\u0119 suvokia tik brandos am\u017eiuje. Bendravimas su \u017emon\u0117mis jam neteikia d\u017eiaugsmo, tod\u0117l savo mintis jis perteikia kitaip \u2014 ra\u0161o kruop\u0161\u010diausius u\u017era\u0161us, daro ir \u017eymi savo pastabas ir i\u0161vadas; da\u017enai jis tuos u\u017era\u0161us stilizuoja pagal savo nuotaik\u0105. Ta\u010diau Hercogo balse, nepaisant viso jo keistumo ir kvailumo, gird\u0117ti civilizacijos \u2014 m\u016bs\u0173 civilizacijos \u2014 balsas. &nbsp;\",\"breadcrumb\":{\"@id\":\"https:\/\/skaitytaknyga.lt\/en\/produktas\/saul-bellow-hercogas-virselis-su-nedideliu-defektu\/#breadcrumb\"},\"inLanguage\":\"en-GB\",\"potentialAction\":[{\"@type\":\"ReadAction\",\"target\":[\"https:\/\/skaitytaknyga.lt\/en\/produktas\/saul-bellow-hercogas-virselis-su-nedideliu-defektu\/\"]}]},{\"@type\":\"ImageObject\",\"inLanguage\":\"en-GB\",\"@id\":\"https:\/\/skaitytaknyga.lt\/en\/produktas\/saul-bellow-hercogas-virselis-su-nedideliu-defektu\/#primaryimage\",\"url\":\"https:\/\/skaitytaknyga.lt\/wp-content\/uploads\/2024\/05\/hercogas_large.jpg\",\"contentUrl\":\"https:\/\/skaitytaknyga.lt\/wp-content\/uploads\/2024\/05\/hercogas_large.jpg\",\"width\":290,\"height\":480},{\"@type\":\"BreadcrumbList\",\"@id\":\"https:\/\/skaitytaknyga.lt\/en\/produktas\/saul-bellow-hercogas-virselis-su-nedideliu-defektu\/#breadcrumb\",\"itemListElement\":[{\"@type\":\"ListItem\",\"position\":1,\"name\":\"Home\",\"item\":\"https:\/\/skaitytaknyga.lt\/\"},{\"@type\":\"ListItem\",\"position\":2,\"name\":\"Parduotuv\u0117\",\"item\":\"https:\/\/skaitytaknyga.lt\/knygu-parduotuve\/\"},{\"@type\":\"ListItem\",\"position\":3,\"name\":\"Saul Bellow \u201eHercogas\u201c (vir\u0161elis su nedideliu defektu)\"}]},{\"@type\":\"WebSite\",\"@id\":\"https:\/\/skaitytaknyga.lt\/#website\",\"url\":\"https:\/\/skaitytaknyga.lt\/\",\"name\":\"skaitytaknyga.lt\",\"description\":\"Skaitytaknyga.lt \u2013 tai ma\u017eas \u0161eimos verslas, kuris prasid\u0117jo nuo meil\u0117s knygoms ir siekio i\u0161gelb\u0117ti knygas nuo likimo prie konteinerio. Kas vienam nereikalingas daiktas \u2013 kitam lobis, o mes esame tarpininkai, kurie padeda abiems tapti laimingesniems ???? \u017dinome kaip nelengva i\u0161gyventi ma\u017eiems verslams, tad nuo \u0161iol, \u010dia rasite ir kit\u0173, ma\u017e\u0173 \u0161eim\u0173 versl\u0173, rank\u0173 darbo, dovan\u0173 sau ir artimiesiems.\",\"publisher\":{\"@id\":\"https:\/\/skaitytaknyga.lt\/#organization\"},\"potentialAction\":[{\"@type\":\"SearchAction\",\"target\":{\"@type\":\"EntryPoint\",\"urlTemplate\":\"https:\/\/skaitytaknyga.lt\/?s={search_term_string}\"},\"query-input\":{\"@type\":\"PropertyValueSpecification\",\"valueRequired\":true,\"valueName\":\"search_term_string\"}}],\"inLanguage\":\"en-GB\"},{\"@type\":\"Organization\",\"@id\":\"https:\/\/skaitytaknyga.lt\/#organization\",\"name\":\"skaitytaknyga.lt\",\"url\":\"https:\/\/skaitytaknyga.lt\/\",\"logo\":{\"@type\":\"ImageObject\",\"inLanguage\":\"en-GB\",\"@id\":\"https:\/\/skaitytaknyga.lt\/#\/schema\/logo\/image\/\",\"url\":\"https:\/\/skaitytaknyga.lt\/wp-content\/uploads\/2024\/05\/cropped-cropped-cropped-02_00843_jt3bggkj1j3HLc7SyY6rEUpg.jpeg\",\"contentUrl\":\"https:\/\/skaitytaknyga.lt\/wp-content\/uploads\/2024\/05\/cropped-cropped-cropped-02_00843_jt3bggkj1j3HLc7SyY6rEUpg.jpeg\",\"width\":1600,\"height\":1600,\"caption\":\"skaitytaknyga.lt\"},\"image\":{\"@id\":\"https:\/\/skaitytaknyga.lt\/#\/schema\/logo\/image\/\"},\"sameAs\":[\"https:\/\/www.facebook.com\/skaitytaknyga\/\"]}]}<\/script>\n<!-- \/ Yoast SEO plugin. -->","yoast_head_json":{"title":"Saul Bellow \u201eHercogas\u201c (vir\u0161elis su nedideliu defektu) - Skaitytaknyga","description":"Pagrindinis jo veik\u0117jas gyvenimo prasm\u0119 suvokia tik brandos am\u017eiuje. Bendravimas su \u017emon\u0117mis jam neteikia d\u017eiaugsmo, tod\u0117l savo mintis jis perteikia kitaip \u2014 ra\u0161o kruop\u0161\u010diausius u\u017era\u0161us, daro ir \u017eymi savo pastabas ir i\u0161vadas; da\u017enai jis tuos u\u017era\u0161us stilizuoja pagal savo nuotaik\u0105. Ta\u010diau Hercogo balse, nepaisant viso jo keistumo ir kvailumo, gird\u0117ti civilizacijos \u2014 m\u016bs\u0173 civilizacijos \u2014 balsas.  &nbsp;","robots":{"index":"index","follow":"follow","max-snippet":"max-snippet:-1","max-image-preview":"max-image-preview:large","max-video-preview":"max-video-preview:-1"},"canonical":"https:\/\/skaitytaknyga.lt\/en\/produktas\/saul-bellow-hercogas-virselis-su-nedideliu-defektu\/","og_locale":"en_GB","og_type":"article","og_title":"Saul Bellow \u201eHercogas\u201c (vir\u0161elis su nedideliu defektu) - Skaitytaknyga","og_description":"Pagrindinis jo veik\u0117jas gyvenimo prasm\u0119 suvokia tik brandos am\u017eiuje. Bendravimas su \u017emon\u0117mis jam neteikia d\u017eiaugsmo, tod\u0117l savo mintis jis perteikia kitaip \u2014 ra\u0161o kruop\u0161\u010diausius u\u017era\u0161us, daro ir \u017eymi savo pastabas ir i\u0161vadas; da\u017enai jis tuos u\u017era\u0161us stilizuoja pagal savo nuotaik\u0105. Ta\u010diau Hercogo balse, nepaisant viso jo keistumo ir kvailumo, gird\u0117ti civilizacijos \u2014 m\u016bs\u0173 civilizacijos \u2014 balsas.  &nbsp;","og_url":"https:\/\/skaitytaknyga.lt\/en\/produktas\/saul-bellow-hercogas-virselis-su-nedideliu-defektu\/","og_site_name":"Skaitytaknyga","article_publisher":"https:\/\/www.facebook.com\/skaitytaknyga\/","article_modified_time":"2024-05-03T07:29:53+00:00","og_image":[{"width":290,"height":480,"url":"https:\/\/skaitytaknyga.lt\/wp-content\/uploads\/2024\/05\/hercogas_large.jpg","type":"image\/jpeg"}],"twitter_card":"summary_large_image","twitter_misc":{"Estimated reading time":"1 minute"},"schema":{"@context":"https:\/\/schema.org","@graph":[{"@type":"WebPage","@id":"https:\/\/skaitytaknyga.lt\/en\/produktas\/saul-bellow-hercogas-virselis-su-nedideliu-defektu\/","url":"https:\/\/skaitytaknyga.lt\/en\/produktas\/saul-bellow-hercogas-virselis-su-nedideliu-defektu\/","name":"Saul Bellow \u201eHercogas\u201c (vir\u0161elis su nedideliu defektu) - Skaitytaknyga","isPartOf":{"@id":"https:\/\/skaitytaknyga.lt\/#website"},"primaryImageOfPage":{"@id":"https:\/\/skaitytaknyga.lt\/en\/produktas\/saul-bellow-hercogas-virselis-su-nedideliu-defektu\/#primaryimage"},"image":{"@id":"https:\/\/skaitytaknyga.lt\/en\/produktas\/saul-bellow-hercogas-virselis-su-nedideliu-defektu\/#primaryimage"},"thumbnailUrl":"https:\/\/skaitytaknyga.lt\/wp-content\/uploads\/2024\/05\/hercogas_large.jpg","datePublished":"2024-05-02T13:24:14+00:00","dateModified":"2024-05-03T07:29:53+00:00","description":"Pagrindinis jo veik\u0117jas gyvenimo prasm\u0119 suvokia tik brandos am\u017eiuje. Bendravimas su \u017emon\u0117mis jam neteikia d\u017eiaugsmo, tod\u0117l savo mintis jis perteikia kitaip \u2014 ra\u0161o kruop\u0161\u010diausius u\u017era\u0161us, daro ir \u017eymi savo pastabas ir i\u0161vadas; da\u017enai jis tuos u\u017era\u0161us stilizuoja pagal savo nuotaik\u0105. Ta\u010diau Hercogo balse, nepaisant viso jo keistumo ir kvailumo, gird\u0117ti civilizacijos \u2014 m\u016bs\u0173 civilizacijos \u2014 balsas. &nbsp;","breadcrumb":{"@id":"https:\/\/skaitytaknyga.lt\/en\/produktas\/saul-bellow-hercogas-virselis-su-nedideliu-defektu\/#breadcrumb"},"inLanguage":"en-GB","potentialAction":[{"@type":"ReadAction","target":["https:\/\/skaitytaknyga.lt\/en\/produktas\/saul-bellow-hercogas-virselis-su-nedideliu-defektu\/"]}]},{"@type":"ImageObject","inLanguage":"en-GB","@id":"https:\/\/skaitytaknyga.lt\/en\/produktas\/saul-bellow-hercogas-virselis-su-nedideliu-defektu\/#primaryimage","url":"https:\/\/skaitytaknyga.lt\/wp-content\/uploads\/2024\/05\/hercogas_large.jpg","contentUrl":"https:\/\/skaitytaknyga.lt\/wp-content\/uploads\/2024\/05\/hercogas_large.jpg","width":290,"height":480},{"@type":"BreadcrumbList","@id":"https:\/\/skaitytaknyga.lt\/en\/produktas\/saul-bellow-hercogas-virselis-su-nedideliu-defektu\/#breadcrumb","itemListElement":[{"@type":"ListItem","position":1,"name":"Home","item":"https:\/\/skaitytaknyga.lt\/"},{"@type":"ListItem","position":2,"name":"Parduotuv\u0117","item":"https:\/\/skaitytaknyga.lt\/knygu-parduotuve\/"},{"@type":"ListItem","position":3,"name":"Saul Bellow \u201eHercogas\u201c (vir\u0161elis su nedideliu defektu)"}]},{"@type":"WebSite","@id":"https:\/\/skaitytaknyga.lt\/#website","url":"https:\/\/skaitytaknyga.lt\/","name":"skaitytaknyga.lt","description":"Skaitytaknyga.lt \u2013 tai ma\u017eas \u0161eimos verslas, kuris prasid\u0117jo nuo meil\u0117s knygoms ir siekio i\u0161gelb\u0117ti knygas nuo likimo prie konteinerio. Kas vienam nereikalingas daiktas \u2013 kitam lobis, o mes esame tarpininkai, kurie padeda abiems tapti laimingesniems ???? \u017dinome kaip nelengva i\u0161gyventi ma\u017eiems verslams, tad nuo \u0161iol, \u010dia rasite ir kit\u0173, ma\u017e\u0173 \u0161eim\u0173 versl\u0173, rank\u0173 darbo, dovan\u0173 sau ir artimiesiems.","publisher":{"@id":"https:\/\/skaitytaknyga.lt\/#organization"},"potentialAction":[{"@type":"SearchAction","target":{"@type":"EntryPoint","urlTemplate":"https:\/\/skaitytaknyga.lt\/?s={search_term_string}"},"query-input":{"@type":"PropertyValueSpecification","valueRequired":true,"valueName":"search_term_string"}}],"inLanguage":"en-GB"},{"@type":"Organization","@id":"https:\/\/skaitytaknyga.lt\/#organization","name":"skaitytaknyga.lt","url":"https:\/\/skaitytaknyga.lt\/","logo":{"@type":"ImageObject","inLanguage":"en-GB","@id":"https:\/\/skaitytaknyga.lt\/#\/schema\/logo\/image\/","url":"https:\/\/skaitytaknyga.lt\/wp-content\/uploads\/2024\/05\/cropped-cropped-cropped-02_00843_jt3bggkj1j3HLc7SyY6rEUpg.jpeg","contentUrl":"https:\/\/skaitytaknyga.lt\/wp-content\/uploads\/2024\/05\/cropped-cropped-cropped-02_00843_jt3bggkj1j3HLc7SyY6rEUpg.jpeg","width":1600,"height":1600,"caption":"skaitytaknyga.lt"},"image":{"@id":"https:\/\/skaitytaknyga.lt\/#\/schema\/logo\/image\/"},"sameAs":["https:\/\/www.facebook.com\/skaitytaknyga\/"]}]}},"_links":{"self":[{"href":"https:\/\/skaitytaknyga.lt\/en\/wp-json\/wp\/v2\/product\/6646","targetHints":{"allow":["GET"]}}],"collection":[{"href":"https:\/\/skaitytaknyga.lt\/en\/wp-json\/wp\/v2\/product"}],"about":[{"href":"https:\/\/skaitytaknyga.lt\/en\/wp-json\/wp\/v2\/types\/product"}],"replies":[{"embeddable":true,"href":"https:\/\/skaitytaknyga.lt\/en\/wp-json\/wp\/v2\/comments?post=6646"}],"wp:featuredmedia":[{"embeddable":true,"href":"https:\/\/skaitytaknyga.lt\/en\/wp-json\/wp\/v2\/media\/6664"}],"wp:attachment":[{"href":"https:\/\/skaitytaknyga.lt\/en\/wp-json\/wp\/v2\/media?parent=6646"}],"wp:term":[{"taxonomy":"product_brand","embeddable":true,"href":"https:\/\/skaitytaknyga.lt\/en\/wp-json\/wp\/v2\/product_brand?post=6646"},{"taxonomy":"product_cat","embeddable":true,"href":"https:\/\/skaitytaknyga.lt\/en\/wp-json\/wp\/v2\/product_cat?post=6646"},{"taxonomy":"product_tag","embeddable":true,"href":"https:\/\/skaitytaknyga.lt\/en\/wp-json\/wp\/v2\/product_tag?post=6646"}],"curies":[{"name":"wp","href":"https:\/\/api.w.org\/{rel}","templated":true}]}}