{"id":6642,"date":"2024-05-02T13:24:14","date_gmt":"2024-05-02T13:24:14","guid":{"rendered":"https:\/\/skaitytaknyga.lt\/?post_type=product&#038;p=6642"},"modified":"2026-03-19T21:51:17","modified_gmt":"2026-03-19T19:51:17","slug":"liutas-mockunas-pavarges-herojus","status":"publish","type":"product","link":"https:\/\/skaitytaknyga.lt\/en\/produktas\/liutas-mockunas-pavarges-herojus\/","title":{"rendered":"Pavarg\u0119s herojus"},"content":{"rendered":"<div class=\"book-descript-wrapper\">\n<section class=\"product-descript more-content-wrapper\">\n<div class=\"\">\n<p>Knyga apie Jon\u0105 Deksn\u012f ir su juo susijusius \u012fvykius. Tie \u012fvykiai &#8211; tai dalis lietuvi\u0173 rezistencijos prie\u0161 kra\u0161to okupantus per Antr\u0105j\u012f pasaulin\u012f kar\u0105 ir pokar\u012f istorijos. Per kruop\u0161\u010diai dokumentuot\u0105 asmens istorij\u0105, knygoje prisilie\u010diama prie svarbi\u0173j\u0173 lietuvi\u0173 rezistencijos problem\u0173: lietuvi\u0173 rezistencijos tiksl\u0173 karo ir pokario metais adekvatumas to meto tarptautin\u0117s politikos realijoms; pab\u0117geli\u0173 ir rezistencijos kra\u0161te santyki\u0173 dinamika pokaryje; aktyvaus\/pasyvaus pasiprie\u0161inimo okupantui privalumai, i\u0161davyst\u0117s problema rezistencijoje, b\u016bsimos nepriklausomos Lietuvos bruo\u017eai rezistencijos dokumentuose\u2026<\/p>\n<\/div>\n<\/section>\n<\/div>\n","protected":false},"excerpt":{"rendered":"<div class=\"book-descript-wrapper\">\n<section class=\"product-descript more-content-wrapper\">\n<div class=\"\">\n<p>Knyga apie Jon\u0105 Deksn\u012f ir su juo susijusius \u012fvykius. Tie \u012fvykiai &#8211; tai dalis lietuvi\u0173 rezistencijos prie\u0161 kra\u0161to okupantus per Antr\u0105j\u012f pasaulin\u012f kar\u0105 ir pokar\u012f istorijos. Per kruop\u0161\u010diai dokumentuot\u0105 asmens istorij\u0105, knygoje prisilie\u010diama prie svarbi\u0173j\u0173 lietuvi\u0173 rezistencijos problem\u0173: lietuvi\u0173 rezistencijos tiksl\u0173 karo ir pokario metais adekvatumas to meto tarptautin\u0117s politikos realijoms; pab\u0117geli\u0173 ir rezistencijos kra\u0161te santyki\u0173 dinamika pokaryje; aktyvaus\/pasyvaus pasiprie\u0161inimo okupantui privalumai, i\u0161davyst\u0117s problema rezistencijoje, b\u016bsimos nepriklausomos Lietuvos bruo\u017eai rezistencijos dokumentuose\u2026<\/p>\n<\/div>\n<\/section>\n<\/div>\n","protected":false},"featured_media":6654,"comment_status":"closed","ping_status":"closed","template":"","meta":{"_acf_changed":false,"site-sidebar-layout":"default","site-content-layout":"","ast-site-content-layout":"default","site-content-style":"default","site-sidebar-style":"default","ast-global-header-display":"","ast-banner-title-visibility":"","ast-main-header-display":"","ast-hfb-above-header-display":"","ast-hfb-below-header-display":"","ast-hfb-mobile-header-display":"","site-post-title":"","ast-breadcrumbs-content":"","ast-featured-img":"","footer-sml-layout":"","ast-disable-related-posts":"","theme-transparent-header-meta":"","adv-header-id-meta":"","stick-header-meta":"","header-above-stick-meta":"","header-main-stick-meta":"","header-below-stick-meta":"","astra-migrate-meta-layouts":"default","ast-page-background-enabled":"default","ast-page-background-meta":{"desktop":{"background-color":"","background-image":"","background-repeat":"repeat","background-position":"center center","background-size":"auto","background-attachment":"scroll","background-type":"","background-media":"","overlay-type":"","overlay-color":"","overlay-opacity":"","overlay-gradient":""},"tablet":{"background-color":"","background-image":"","background-repeat":"repeat","background-position":"center center","background-size":"auto","background-attachment":"scroll","background-type":"","background-media":"","overlay-type":"","overlay-color":"","overlay-opacity":"","overlay-gradient":""},"mobile":{"background-color":"","background-image":"","background-repeat":"repeat","background-position":"center center","background-size":"auto","background-attachment":"scroll","background-type":"","background-media":"","overlay-type":"","overlay-color":"","overlay-opacity":"","overlay-gradient":""}},"ast-content-background-meta":{"desktop":{"background-color":"var(--ast-global-color-4)","background-image":"","background-repeat":"repeat","background-position":"center center","background-size":"auto","background-attachment":"scroll","background-type":"","background-media":"","overlay-type":"","overlay-color":"","overlay-opacity":"","overlay-gradient":""},"tablet":{"background-color":"var(--ast-global-color-4)","background-image":"","background-repeat":"repeat","background-position":"center center","background-size":"auto","background-attachment":"scroll","background-type":"","background-media":"","overlay-type":"","overlay-color":"","overlay-opacity":"","overlay-gradient":""},"mobile":{"background-color":"var(--ast-global-color-4)","background-image":"","background-repeat":"repeat","background-position":"center center","background-size":"auto","background-attachment":"scroll","background-type":"","background-media":"","overlay-type":"","overlay-color":"","overlay-opacity":"","overlay-gradient":""}}},"product_brand":[],"product_cat":[9862,33,174],"product_tag":[],"class_list":{"0":"post-6642","1":"product","2":"type-product","3":"status-publish","4":"has-post-thumbnail","6":"product_cat-lietuvos-istorija","7":"product_cat-biografijos","8":"product_cat-istorija-ir-politologija","9":"desktop-align-left","10":"tablet-align-left","11":"mobile-align-left","13":"first","14":"outofstock","15":"shipping-taxable","16":"purchasable","17":"product-type-simple"},"acf":[],"yoast_head":"<!-- This site is optimized with the Yoast SEO plugin v27.0 - https:\/\/yoast.com\/product\/yoast-seo-wordpress\/ -->\n<title>Pavarg\u0119s herojus<\/title>\n<meta name=\"description\" content=\"Knyga apie Jon\u0105 Deksn\u012f ir su juo susijusius \u012fvykius. Tie \u012fvykiai - tai dalis lietuvi\u0173 rezistencijos prie\u0161 kra\u0161to okupantus per Antr\u0105j\u012f pasaulin\u012f kar\u0105 ir pokar\u012f istorijos. Per kruop\u0161\u010diai dokumentuot\u0105 asmens istorij\u0105, knygoje prisilie\u010diama prie svarbi\u0173j\u0173 lietuvi\u0173 rezistencijos problem\u0173: lietuvi\u0173 rezistencijos tiksl\u0173 karo ir pokario metais adekvatumas to meto tarptautin\u0117s politikos realijoms; pab\u0117geli\u0173 ir rezistencijos kra\u0161te santyki\u0173 dinamika pokaryje; aktyvaus\/pasyvaus pasiprie\u0161inimo okupantui privalumai, i\u0161davyst\u0117s problema rezistencijoje, b\u016bsimos nepriklausomos Lietuvos bruo\u017eai rezistencijos dokumentuose\u2026\" \/>\n<meta name=\"robots\" content=\"index, follow, max-snippet:-1, max-image-preview:large, max-video-preview:-1\" \/>\n<link rel=\"canonical\" href=\"https:\/\/skaitytaknyga.lt\/en\/produktas\/liutas-mockunas-pavarges-herojus\/\" \/>\n<meta property=\"og:locale\" content=\"en_GB\" \/>\n<meta property=\"og:locale:alternate\" content=\"lt_LT\" \/>\n<meta property=\"og:type\" content=\"article\" \/>\n<meta property=\"og:title\" content=\"Pavarg\u0119s herojus\" \/>\n<meta property=\"og:description\" content=\"Knyga apie Jon\u0105 Deksn\u012f ir su juo susijusius \u012fvykius. Tie \u012fvykiai - tai dalis lietuvi\u0173 rezistencijos prie\u0161 kra\u0161to okupantus per Antr\u0105j\u012f pasaulin\u012f kar\u0105 ir pokar\u012f istorijos. Per kruop\u0161\u010diai dokumentuot\u0105 asmens istorij\u0105, knygoje prisilie\u010diama prie svarbi\u0173j\u0173 lietuvi\u0173 rezistencijos problem\u0173: lietuvi\u0173 rezistencijos tiksl\u0173 karo ir pokario metais adekvatumas to meto tarptautin\u0117s politikos realijoms; pab\u0117geli\u0173 ir rezistencijos kra\u0161te santyki\u0173 dinamika pokaryje; aktyvaus\/pasyvaus pasiprie\u0161inimo okupantui privalumai, i\u0161davyst\u0117s problema rezistencijoje, b\u016bsimos nepriklausomos Lietuvos bruo\u017eai rezistencijos dokumentuose\u2026\" \/>\n<meta property=\"og:url\" content=\"https:\/\/skaitytaknyga.lt\/en\/produktas\/liutas-mockunas-pavarges-herojus\/\" \/>\n<meta property=\"og:site_name\" content=\"Skaitytaknyga\" \/>\n<meta property=\"article:publisher\" content=\"https:\/\/www.facebook.com\/skaitytaknyga\/\" \/>\n<meta property=\"article:modified_time\" content=\"2026-03-19T19:51:17+00:00\" \/>\n<meta property=\"og:image\" content=\"https:\/\/skaitytaknyga.lt\/wp-content\/uploads\/2024\/05\/pavarges-herojus.jpg\" \/>\n\t<meta property=\"og:image:width\" content=\"575\" \/>\n\t<meta property=\"og:image:height\" content=\"800\" \/>\n\t<meta property=\"og:image:type\" content=\"image\/jpeg\" \/>\n<meta name=\"twitter:card\" content=\"summary_large_image\" \/>\n<meta name=\"twitter:label1\" content=\"Estimated reading time\" \/>\n\t<meta name=\"twitter:data1\" content=\"1 minute\" \/>\n<script type=\"application\/ld+json\" class=\"yoast-schema-graph\">{\"@context\":\"https:\/\/schema.org\",\"@graph\":[{\"@type\":\"WebPage\",\"@id\":\"https:\/\/skaitytaknyga.lt\/produktas\/liutas-mockunas-pavarges-herojus\/\",\"url\":\"https:\/\/skaitytaknyga.lt\/produktas\/liutas-mockunas-pavarges-herojus\/\",\"name\":\"Pavarg\u0119s herojus\",\"isPartOf\":{\"@id\":\"https:\/\/skaitytaknyga.lt\/#website\"},\"primaryImageOfPage\":{\"@id\":\"https:\/\/skaitytaknyga.lt\/produktas\/liutas-mockunas-pavarges-herojus\/#primaryimage\"},\"image\":{\"@id\":\"https:\/\/skaitytaknyga.lt\/produktas\/liutas-mockunas-pavarges-herojus\/#primaryimage\"},\"thumbnailUrl\":\"https:\/\/skaitytaknyga.lt\/wp-content\/uploads\/2024\/05\/pavarges-herojus.jpg\",\"datePublished\":\"2024-05-02T13:24:14+00:00\",\"dateModified\":\"2026-03-19T19:51:17+00:00\",\"description\":\"Knyga apie Jon\u0105 Deksn\u012f ir su juo susijusius \u012fvykius. Tie \u012fvykiai - tai dalis lietuvi\u0173 rezistencijos prie\u0161 kra\u0161to okupantus per Antr\u0105j\u012f pasaulin\u012f kar\u0105 ir pokar\u012f istorijos. Per kruop\u0161\u010diai dokumentuot\u0105 asmens istorij\u0105, knygoje prisilie\u010diama prie svarbi\u0173j\u0173 lietuvi\u0173 rezistencijos problem\u0173: lietuvi\u0173 rezistencijos tiksl\u0173 karo ir pokario metais adekvatumas to meto tarptautin\u0117s politikos realijoms; pab\u0117geli\u0173 ir rezistencijos kra\u0161te santyki\u0173 dinamika pokaryje; aktyvaus\/pasyvaus pasiprie\u0161inimo okupantui privalumai, i\u0161davyst\u0117s problema rezistencijoje, b\u016bsimos nepriklausomos Lietuvos bruo\u017eai rezistencijos dokumentuose\u2026\",\"breadcrumb\":{\"@id\":\"https:\/\/skaitytaknyga.lt\/produktas\/liutas-mockunas-pavarges-herojus\/#breadcrumb\"},\"inLanguage\":\"en-GB\",\"potentialAction\":[{\"@type\":\"ReadAction\",\"target\":[\"https:\/\/skaitytaknyga.lt\/produktas\/liutas-mockunas-pavarges-herojus\/\"]}]},{\"@type\":\"ImageObject\",\"inLanguage\":\"en-GB\",\"@id\":\"https:\/\/skaitytaknyga.lt\/produktas\/liutas-mockunas-pavarges-herojus\/#primaryimage\",\"url\":\"https:\/\/skaitytaknyga.lt\/wp-content\/uploads\/2024\/05\/pavarges-herojus.jpg\",\"contentUrl\":\"https:\/\/skaitytaknyga.lt\/wp-content\/uploads\/2024\/05\/pavarges-herojus.jpg\",\"width\":575,\"height\":800},{\"@type\":\"BreadcrumbList\",\"@id\":\"https:\/\/skaitytaknyga.lt\/produktas\/liutas-mockunas-pavarges-herojus\/#breadcrumb\",\"itemListElement\":[{\"@type\":\"ListItem\",\"position\":1,\"name\":\"Home\",\"item\":\"https:\/\/skaitytaknyga.lt\/\"},{\"@type\":\"ListItem\",\"position\":2,\"name\":\"Parduotuv\u0117\",\"item\":\"https:\/\/skaitytaknyga.lt\/knygu-parduotuve\/\"},{\"@type\":\"ListItem\",\"position\":3,\"name\":\"Pavarg\u0119s herojus\"}]},{\"@type\":\"WebSite\",\"@id\":\"https:\/\/skaitytaknyga.lt\/#website\",\"url\":\"https:\/\/skaitytaknyga.lt\/\",\"name\":\"skaitytaknyga.lt\",\"description\":\"Skaitytaknyga.lt \u2013 tai ma\u017eas \u0161eimos verslas, kuris prasid\u0117jo nuo meil\u0117s knygoms ir siekio i\u0161gelb\u0117ti knygas nuo likimo prie konteinerio. Kas vienam nereikalingas daiktas \u2013 kitam lobis, o mes esame tarpininkai, kurie padeda abiems tapti laimingesniems ???? \u017dinome kaip nelengva i\u0161gyventi ma\u017eiems verslams, tad nuo \u0161iol, \u010dia rasite ir kit\u0173, ma\u017e\u0173 \u0161eim\u0173 versl\u0173, rank\u0173 darbo, dovan\u0173 sau ir artimiesiems.\",\"publisher\":{\"@id\":\"https:\/\/skaitytaknyga.lt\/#organization\"},\"potentialAction\":[{\"@type\":\"SearchAction\",\"target\":{\"@type\":\"EntryPoint\",\"urlTemplate\":\"https:\/\/skaitytaknyga.lt\/?s={search_term_string}\"},\"query-input\":{\"@type\":\"PropertyValueSpecification\",\"valueRequired\":true,\"valueName\":\"search_term_string\"}}],\"inLanguage\":\"en-GB\"},{\"@type\":\"Organization\",\"@id\":\"https:\/\/skaitytaknyga.lt\/#organization\",\"name\":\"skaitytaknyga.lt\",\"url\":\"https:\/\/skaitytaknyga.lt\/\",\"logo\":{\"@type\":\"ImageObject\",\"inLanguage\":\"en-GB\",\"@id\":\"https:\/\/skaitytaknyga.lt\/#\/schema\/logo\/image\/\",\"url\":\"https:\/\/skaitytaknyga.lt\/wp-content\/uploads\/2024\/05\/cropped-cropped-cropped-02_00843_jt3bggkj1j3HLc7SyY6rEUpg.jpeg\",\"contentUrl\":\"https:\/\/skaitytaknyga.lt\/wp-content\/uploads\/2024\/05\/cropped-cropped-cropped-02_00843_jt3bggkj1j3HLc7SyY6rEUpg.jpeg\",\"width\":1600,\"height\":1600,\"caption\":\"skaitytaknyga.lt\"},\"image\":{\"@id\":\"https:\/\/skaitytaknyga.lt\/#\/schema\/logo\/image\/\"},\"sameAs\":[\"https:\/\/www.facebook.com\/skaitytaknyga\/\"]}]}<\/script>\n<!-- \/ Yoast SEO plugin. -->","yoast_head_json":{"title":"Pavarg\u0119s herojus","description":"Knyga apie Jon\u0105 Deksn\u012f ir su juo susijusius \u012fvykius. Tie \u012fvykiai - tai dalis lietuvi\u0173 rezistencijos prie\u0161 kra\u0161to okupantus per Antr\u0105j\u012f pasaulin\u012f kar\u0105 ir pokar\u012f istorijos. Per kruop\u0161\u010diai dokumentuot\u0105 asmens istorij\u0105, knygoje prisilie\u010diama prie svarbi\u0173j\u0173 lietuvi\u0173 rezistencijos problem\u0173: lietuvi\u0173 rezistencijos tiksl\u0173 karo ir pokario metais adekvatumas to meto tarptautin\u0117s politikos realijoms; pab\u0117geli\u0173 ir rezistencijos kra\u0161te santyki\u0173 dinamika pokaryje; aktyvaus\/pasyvaus pasiprie\u0161inimo okupantui privalumai, i\u0161davyst\u0117s problema rezistencijoje, b\u016bsimos nepriklausomos Lietuvos bruo\u017eai rezistencijos dokumentuose\u2026","robots":{"index":"index","follow":"follow","max-snippet":"max-snippet:-1","max-image-preview":"max-image-preview:large","max-video-preview":"max-video-preview:-1"},"canonical":"https:\/\/skaitytaknyga.lt\/en\/produktas\/liutas-mockunas-pavarges-herojus\/","og_locale":"en_GB","og_type":"article","og_title":"[:lt]Pavarg\u0119s herojus[:] - Skaitytaknyga","og_description":"Knyga apie Jon\u0105 Deksn\u012f ir su juo susijusius \u012fvykius. Tie \u012fvykiai - tai dalis lietuvi\u0173 rezistencijos prie\u0161 kra\u0161to okupantus per Antr\u0105j\u012f pasaulin\u012f kar\u0105 ir pokar\u012f istorijos. Per kruop\u0161\u010diai dokumentuot\u0105 asmens istorij\u0105, knygoje prisilie\u010diama prie svarbi\u0173j\u0173 lietuvi\u0173 rezistencijos problem\u0173: lietuvi\u0173 rezistencijos tiksl\u0173 karo ir pokario metais adekvatumas to meto tarptautin\u0117s politikos realijoms; pab\u0117geli\u0173 ir rezistencijos kra\u0161te santyki\u0173 dinamika pokaryje; aktyvaus\/pasyvaus pasiprie\u0161inimo okupantui privalumai, i\u0161davyst\u0117s problema rezistencijoje, b\u016bsimos nepriklausomos Lietuvos bruo\u017eai rezistencijos dokumentuose\u2026","og_url":"https:\/\/skaitytaknyga.lt\/en\/produktas\/liutas-mockunas-pavarges-herojus\/","og_site_name":"Skaitytaknyga","article_publisher":"https:\/\/www.facebook.com\/skaitytaknyga\/","article_modified_time":"2026-03-19T19:51:17+00:00","og_image":[{"width":575,"height":800,"url":"https:\/\/skaitytaknyga.lt\/wp-content\/uploads\/2024\/05\/pavarges-herojus.jpg","type":"image\/jpeg"}],"twitter_card":"summary_large_image","twitter_misc":{"Estimated reading time":"1 minute"},"schema":{"@context":"https:\/\/schema.org","@graph":[{"@type":"WebPage","@id":"https:\/\/skaitytaknyga.lt\/produktas\/liutas-mockunas-pavarges-herojus\/","url":"https:\/\/skaitytaknyga.lt\/produktas\/liutas-mockunas-pavarges-herojus\/","name":"Pavarg\u0119s herojus","isPartOf":{"@id":"https:\/\/skaitytaknyga.lt\/#website"},"primaryImageOfPage":{"@id":"https:\/\/skaitytaknyga.lt\/produktas\/liutas-mockunas-pavarges-herojus\/#primaryimage"},"image":{"@id":"https:\/\/skaitytaknyga.lt\/produktas\/liutas-mockunas-pavarges-herojus\/#primaryimage"},"thumbnailUrl":"https:\/\/skaitytaknyga.lt\/wp-content\/uploads\/2024\/05\/pavarges-herojus.jpg","datePublished":"2024-05-02T13:24:14+00:00","dateModified":"2026-03-19T19:51:17+00:00","description":"Knyga apie Jon\u0105 Deksn\u012f ir su juo susijusius \u012fvykius. Tie \u012fvykiai - tai dalis lietuvi\u0173 rezistencijos prie\u0161 kra\u0161to okupantus per Antr\u0105j\u012f pasaulin\u012f kar\u0105 ir pokar\u012f istorijos. Per kruop\u0161\u010diai dokumentuot\u0105 asmens istorij\u0105, knygoje prisilie\u010diama prie svarbi\u0173j\u0173 lietuvi\u0173 rezistencijos problem\u0173: lietuvi\u0173 rezistencijos tiksl\u0173 karo ir pokario metais adekvatumas to meto tarptautin\u0117s politikos realijoms; pab\u0117geli\u0173 ir rezistencijos kra\u0161te santyki\u0173 dinamika pokaryje; aktyvaus\/pasyvaus pasiprie\u0161inimo okupantui privalumai, i\u0161davyst\u0117s problema rezistencijoje, b\u016bsimos nepriklausomos Lietuvos bruo\u017eai rezistencijos dokumentuose\u2026","breadcrumb":{"@id":"https:\/\/skaitytaknyga.lt\/produktas\/liutas-mockunas-pavarges-herojus\/#breadcrumb"},"inLanguage":"en-GB","potentialAction":[{"@type":"ReadAction","target":["https:\/\/skaitytaknyga.lt\/produktas\/liutas-mockunas-pavarges-herojus\/"]}]},{"@type":"ImageObject","inLanguage":"en-GB","@id":"https:\/\/skaitytaknyga.lt\/produktas\/liutas-mockunas-pavarges-herojus\/#primaryimage","url":"https:\/\/skaitytaknyga.lt\/wp-content\/uploads\/2024\/05\/pavarges-herojus.jpg","contentUrl":"https:\/\/skaitytaknyga.lt\/wp-content\/uploads\/2024\/05\/pavarges-herojus.jpg","width":575,"height":800},{"@type":"BreadcrumbList","@id":"https:\/\/skaitytaknyga.lt\/produktas\/liutas-mockunas-pavarges-herojus\/#breadcrumb","itemListElement":[{"@type":"ListItem","position":1,"name":"Home","item":"https:\/\/skaitytaknyga.lt\/"},{"@type":"ListItem","position":2,"name":"Parduotuv\u0117","item":"https:\/\/skaitytaknyga.lt\/knygu-parduotuve\/"},{"@type":"ListItem","position":3,"name":"Pavarg\u0119s herojus"}]},{"@type":"WebSite","@id":"https:\/\/skaitytaknyga.lt\/#website","url":"https:\/\/skaitytaknyga.lt\/","name":"skaitytaknyga.lt","description":"Skaitytaknyga.lt \u2013 tai ma\u017eas \u0161eimos verslas, kuris prasid\u0117jo nuo meil\u0117s knygoms ir siekio i\u0161gelb\u0117ti knygas nuo likimo prie konteinerio. Kas vienam nereikalingas daiktas \u2013 kitam lobis, o mes esame tarpininkai, kurie padeda abiems tapti laimingesniems ???? \u017dinome kaip nelengva i\u0161gyventi ma\u017eiems verslams, tad nuo \u0161iol, \u010dia rasite ir kit\u0173, ma\u017e\u0173 \u0161eim\u0173 versl\u0173, rank\u0173 darbo, dovan\u0173 sau ir artimiesiems.","publisher":{"@id":"https:\/\/skaitytaknyga.lt\/#organization"},"potentialAction":[{"@type":"SearchAction","target":{"@type":"EntryPoint","urlTemplate":"https:\/\/skaitytaknyga.lt\/?s={search_term_string}"},"query-input":{"@type":"PropertyValueSpecification","valueRequired":true,"valueName":"search_term_string"}}],"inLanguage":"en-GB"},{"@type":"Organization","@id":"https:\/\/skaitytaknyga.lt\/#organization","name":"skaitytaknyga.lt","url":"https:\/\/skaitytaknyga.lt\/","logo":{"@type":"ImageObject","inLanguage":"en-GB","@id":"https:\/\/skaitytaknyga.lt\/#\/schema\/logo\/image\/","url":"https:\/\/skaitytaknyga.lt\/wp-content\/uploads\/2024\/05\/cropped-cropped-cropped-02_00843_jt3bggkj1j3HLc7SyY6rEUpg.jpeg","contentUrl":"https:\/\/skaitytaknyga.lt\/wp-content\/uploads\/2024\/05\/cropped-cropped-cropped-02_00843_jt3bggkj1j3HLc7SyY6rEUpg.jpeg","width":1600,"height":1600,"caption":"skaitytaknyga.lt"},"image":{"@id":"https:\/\/skaitytaknyga.lt\/#\/schema\/logo\/image\/"},"sameAs":["https:\/\/www.facebook.com\/skaitytaknyga\/"]}]}},"_links":{"self":[{"href":"https:\/\/skaitytaknyga.lt\/en\/wp-json\/wp\/v2\/product\/6642","targetHints":{"allow":["GET"]}}],"collection":[{"href":"https:\/\/skaitytaknyga.lt\/en\/wp-json\/wp\/v2\/product"}],"about":[{"href":"https:\/\/skaitytaknyga.lt\/en\/wp-json\/wp\/v2\/types\/product"}],"replies":[{"embeddable":true,"href":"https:\/\/skaitytaknyga.lt\/en\/wp-json\/wp\/v2\/comments?post=6642"}],"wp:featuredmedia":[{"embeddable":true,"href":"https:\/\/skaitytaknyga.lt\/en\/wp-json\/wp\/v2\/media\/6654"}],"wp:attachment":[{"href":"https:\/\/skaitytaknyga.lt\/en\/wp-json\/wp\/v2\/media?parent=6642"}],"wp:term":[{"taxonomy":"product_brand","embeddable":true,"href":"https:\/\/skaitytaknyga.lt\/en\/wp-json\/wp\/v2\/product_brand?post=6642"},{"taxonomy":"product_cat","embeddable":true,"href":"https:\/\/skaitytaknyga.lt\/en\/wp-json\/wp\/v2\/product_cat?post=6642"},{"taxonomy":"product_tag","embeddable":true,"href":"https:\/\/skaitytaknyga.lt\/en\/wp-json\/wp\/v2\/product_tag?post=6642"}],"curies":[{"name":"wp","href":"https:\/\/api.w.org\/{rel}","templated":true}]}}