{"id":6629,"date":"2024-05-02T13:23:52","date_gmt":"2024-05-02T13:23:52","guid":{"rendered":"https:\/\/skaitytaknyga.lt\/?post_type=product&#038;p=6629"},"modified":"2024-05-03T07:29:53","modified_gmt":"2024-05-03T07:29:53","slug":"douglas-coupland-x-karta","status":"publish","type":"product","link":"https:\/\/skaitytaknyga.lt\/en\/produktas\/douglas-coupland-x-karta\/","title":{"rendered":"Douglas Coupland \u201eX karta\u201c"},"content":{"rendered":"<p>I\u0161leid\u0119s pirm\u0105j\u012f roman\u0105\u00a0<strong>\u201eX karta\u201c<\/strong>\u00a0(1991), Douglas Couplandas i\u0161kart tapo kultiniu ra\u0161ytoju, j\u012f imta vadinti savo laiko balsu, kult\u016bros prana\u0161u, moderniuoju McLuhanu ar net savo kartos Dalai Lama. Nors pats autorius nuolat pabr\u0117\u017eia, kad visada kalba \u201etik savo, o ne visos kartos vardu\u201c, jo herojai, da\u017enai labai s\u0105mojingi, atviri ir link\u0119 analizuoti save, i\u0161rei\u0161kia i\u0161tisos kartos, kamuojamos XX a. pabaigos gyvenimo komplikacij\u0173 ir tu\u0161tumos, mintis.<\/p>\n<p>Trys pagrindiniai\u00a0<strong>\u201eX kartos\u201c<\/strong>\u00a0veik\u0117jai save vadina \u201epadangi\u0173 valkatomis\u201c. Nebepak\u0117l\u0119 \u201enesveik\u0173 pastat\u0173 sindromo\u201c ir kit\u0173 tu\u0161\u010dio, sekinan\u010dio, bever\u010dio ir beprasmio japi\u0173 gyvenimo varg\u0173, jie met\u0117 gerai mokamus, bet d\u017eiaugsmo neteikian\u010dius darbus ir atsikraust\u0117 gyventi \u012f dykum\u0105. Jie gyvena sau, paprastai, kukliai, nevarginami pernelyg ankstyv\u0173 krizi\u0173, u\u017esiimdami atsitiktiniais darbais ir kalb\u0117damiesi. Apie gyvenim\u0105, jo prasm\u0119, \u017emones, pasaul\u012f, kuris ir toliau gri\u016bva&#8230;<\/p>\n","protected":false},"excerpt":{"rendered":"<p>I\u0161leid\u0119s pirm\u0105j\u012f roman\u0105\u00a0<strong>\u201eX karta\u201c<\/strong>\u00a0(1991), Douglas Couplandas i\u0161kart tapo kultiniu ra\u0161ytoju, j\u012f imta vadinti savo laiko balsu, kult\u016bros prana\u0161u, moderniuoju McLuhanu ar net savo kartos Dalai Lama. Nors pats autorius nuolat pabr\u0117\u017eia, kad visada kalba \u201etik savo, o ne visos kartos vardu\u201c, jo herojai, da\u017enai labai s\u0105mojingi, atviri ir link\u0119 analizuoti save, i\u0161rei\u0161kia i\u0161tisos kartos, kamuojamos XX a. pabaigos gyvenimo komplikacij\u0173 ir tu\u0161tumos, mintis.<\/p>\n<p>Trys pagrindiniai\u00a0<strong>\u201eX kartos\u201c<\/strong>\u00a0veik\u0117jai save vadina \u201epadangi\u0173 valkatomis\u201c. Nebepak\u0117l\u0119 \u201enesveik\u0173 pastat\u0173 sindromo\u201c ir kit\u0173 tu\u0161\u010dio, sekinan\u010dio, bever\u010dio ir beprasmio japi\u0173 gyvenimo varg\u0173, jie met\u0117 gerai mokamus, bet d\u017eiaugsmo neteikian\u010dius darbus ir atsikraust\u0117 gyventi \u012f dykum\u0105. Jie gyvena sau, paprastai, kukliai, nevarginami pernelyg ankstyv\u0173 krizi\u0173, u\u017esiimdami atsitiktiniais darbais ir kalb\u0117damiesi. Apie gyvenim\u0105, jo prasm\u0119, \u017emones, pasaul\u012f, kuris ir toliau gri\u016bva&#8230;<\/p>\n","protected":false},"featured_media":6641,"comment_status":"closed","ping_status":"closed","template":"","meta":{"_acf_changed":false,"site-sidebar-layout":"default","site-content-layout":"","ast-site-content-layout":"default","site-content-style":"default","site-sidebar-style":"default","ast-global-header-display":"","ast-banner-title-visibility":"","ast-main-header-display":"","ast-hfb-above-header-display":"","ast-hfb-below-header-display":"","ast-hfb-mobile-header-display":"","site-post-title":"","ast-breadcrumbs-content":"","ast-featured-img":"","footer-sml-layout":"","ast-disable-related-posts":"","theme-transparent-header-meta":"","adv-header-id-meta":"","stick-header-meta":"","header-above-stick-meta":"","header-main-stick-meta":"","header-below-stick-meta":"","astra-migrate-meta-layouts":"default","ast-page-background-enabled":"default","ast-page-background-meta":{"desktop":{"background-color":"","background-image":"","background-repeat":"repeat","background-position":"center center","background-size":"auto","background-attachment":"scroll","background-type":"","background-media":"","overlay-type":"","overlay-color":"","overlay-opacity":"","overlay-gradient":""},"tablet":{"background-color":"","background-image":"","background-repeat":"repeat","background-position":"center center","background-size":"auto","background-attachment":"scroll","background-type":"","background-media":"","overlay-type":"","overlay-color":"","overlay-opacity":"","overlay-gradient":""},"mobile":{"background-color":"","background-image":"","background-repeat":"repeat","background-position":"center center","background-size":"auto","background-attachment":"scroll","background-type":"","background-media":"","overlay-type":"","overlay-color":"","overlay-opacity":"","overlay-gradient":""}},"ast-content-background-meta":{"desktop":{"background-color":"var(--ast-global-color-4)","background-image":"","background-repeat":"repeat","background-position":"center center","background-size":"auto","background-attachment":"scroll","background-type":"","background-media":"","overlay-type":"","overlay-color":"","overlay-opacity":"","overlay-gradient":""},"tablet":{"background-color":"var(--ast-global-color-4)","background-image":"","background-repeat":"repeat","background-position":"center center","background-size":"auto","background-attachment":"scroll","background-type":"","background-media":"","overlay-type":"","overlay-color":"","overlay-opacity":"","overlay-gradient":""},"mobile":{"background-color":"var(--ast-global-color-4)","background-image":"","background-repeat":"repeat","background-position":"center center","background-size":"auto","background-attachment":"scroll","background-type":"","background-media":"","overlay-type":"","overlay-color":"","overlay-opacity":"","overlay-gradient":""}}},"product_brand":[],"product_cat":[31],"product_tag":[],"class_list":{"0":"post-6629","1":"product","2":"type-product","3":"status-publish","4":"has-post-thumbnail","6":"product_cat-grozine-literatura","7":"desktop-align-left","8":"tablet-align-left","9":"mobile-align-left","11":"first","12":"instock","13":"shipping-taxable","14":"purchasable","15":"product-type-simple"},"acf":[],"yoast_head":"<!-- This site is optimized with the Yoast SEO plugin v27.0 - https:\/\/yoast.com\/product\/yoast-seo-wordpress\/ -->\n<title>Douglas Coupland \u201eX karta\u201c - Skaitytaknyga<\/title>\n<meta name=\"description\" content=\"I\u0161leid\u0119s pirm\u0105j\u012f roman\u0105\u00a0\u201eX karta\u201c\u00a0(1991), Douglas Couplandas i\u0161kart tapo kultiniu ra\u0161ytoju, j\u012f imta vadinti savo laiko balsu, kult\u016bros prana\u0161u, moderniuoju McLuhanu ar net savo kartos Dalai Lama. Nors pats autorius nuolat pabr\u0117\u017eia, kad visada kalba \u201etik savo, o ne visos kartos vardu\u201c, jo herojai, da\u017enai labai s\u0105mojingi, atviri ir link\u0119 analizuoti save, i\u0161rei\u0161kia i\u0161tisos kartos, kamuojamos XX a. pabaigos gyvenimo komplikacij\u0173 ir tu\u0161tumos, mintis.  Trys pagrindiniai\u00a0\u201eX kartos\u201c\u00a0veik\u0117jai save vadina \u201epadangi\u0173 valkatomis\u201c. Nebepak\u0117l\u0119 \u201enesveik\u0173 pastat\u0173 sindromo\u201c ir kit\u0173 tu\u0161\u010dio, sekinan\u010dio, bever\u010dio ir beprasmio japi\u0173 gyvenimo varg\u0173, jie met\u0117 gerai mokamus, bet d\u017eiaugsmo neteikian\u010dius darbus ir atsikraust\u0117 gyventi \u012f dykum\u0105. Jie gyvena sau, paprastai, kukliai, nevarginami pernelyg ankstyv\u0173 krizi\u0173, u\u017esiimdami atsitiktiniais darbais ir kalb\u0117damiesi. Apie gyvenim\u0105, jo prasm\u0119, \u017emones, pasaul\u012f, kuris ir toliau gri\u016bva...\" \/>\n<meta name=\"robots\" content=\"index, follow, max-snippet:-1, max-image-preview:large, max-video-preview:-1\" \/>\n<link rel=\"canonical\" href=\"https:\/\/skaitytaknyga.lt\/en\/produktas\/douglas-coupland-x-karta\/\" \/>\n<meta property=\"og:locale\" content=\"en_GB\" \/>\n<meta property=\"og:locale:alternate\" content=\"lt_LT\" \/>\n<meta property=\"og:type\" content=\"article\" \/>\n<meta property=\"og:title\" content=\"Douglas Coupland \u201eX karta\u201c - Skaitytaknyga\" \/>\n<meta property=\"og:description\" content=\"I\u0161leid\u0119s pirm\u0105j\u012f roman\u0105\u00a0\u201eX karta\u201c\u00a0(1991), Douglas Couplandas i\u0161kart tapo kultiniu ra\u0161ytoju, j\u012f imta vadinti savo laiko balsu, kult\u016bros prana\u0161u, moderniuoju McLuhanu ar net savo kartos Dalai Lama. Nors pats autorius nuolat pabr\u0117\u017eia, kad visada kalba \u201etik savo, o ne visos kartos vardu\u201c, jo herojai, da\u017enai labai s\u0105mojingi, atviri ir link\u0119 analizuoti save, i\u0161rei\u0161kia i\u0161tisos kartos, kamuojamos XX a. pabaigos gyvenimo komplikacij\u0173 ir tu\u0161tumos, mintis.  Trys pagrindiniai\u00a0\u201eX kartos\u201c\u00a0veik\u0117jai save vadina \u201epadangi\u0173 valkatomis\u201c. Nebepak\u0117l\u0119 \u201enesveik\u0173 pastat\u0173 sindromo\u201c ir kit\u0173 tu\u0161\u010dio, sekinan\u010dio, bever\u010dio ir beprasmio japi\u0173 gyvenimo varg\u0173, jie met\u0117 gerai mokamus, bet d\u017eiaugsmo neteikian\u010dius darbus ir atsikraust\u0117 gyventi \u012f dykum\u0105. Jie gyvena sau, paprastai, kukliai, nevarginami pernelyg ankstyv\u0173 krizi\u0173, u\u017esiimdami atsitiktiniais darbais ir kalb\u0117damiesi. Apie gyvenim\u0105, jo prasm\u0119, \u017emones, pasaul\u012f, kuris ir toliau gri\u016bva...\" \/>\n<meta property=\"og:url\" content=\"https:\/\/skaitytaknyga.lt\/en\/produktas\/douglas-coupland-x-karta\/\" \/>\n<meta property=\"og:site_name\" content=\"Skaitytaknyga\" \/>\n<meta property=\"article:publisher\" content=\"https:\/\/www.facebook.com\/skaitytaknyga\/\" \/>\n<meta property=\"article:modified_time\" content=\"2024-05-03T07:29:53+00:00\" \/>\n<meta property=\"og:image\" content=\"https:\/\/skaitytaknyga.lt\/wp-content\/uploads\/2024\/05\/1462880808_img0001.jpg\" \/>\n\t<meta property=\"og:image:width\" content=\"287\" \/>\n\t<meta property=\"og:image:height\" content=\"430\" \/>\n\t<meta property=\"og:image:type\" content=\"image\/jpeg\" \/>\n<meta name=\"twitter:card\" content=\"summary_large_image\" \/>\n<meta name=\"twitter:label1\" content=\"Estimated reading time\" \/>\n\t<meta name=\"twitter:data1\" content=\"1 minute\" \/>\n<script type=\"application\/ld+json\" class=\"yoast-schema-graph\">{\"@context\":\"https:\/\/schema.org\",\"@graph\":[{\"@type\":\"WebPage\",\"@id\":\"https:\/\/skaitytaknyga.lt\/produktas\/douglas-coupland-x-karta\/\",\"url\":\"https:\/\/skaitytaknyga.lt\/produktas\/douglas-coupland-x-karta\/\",\"name\":\"Douglas Coupland \u201eX karta\u201c - Skaitytaknyga\",\"isPartOf\":{\"@id\":\"https:\/\/skaitytaknyga.lt\/#website\"},\"primaryImageOfPage\":{\"@id\":\"https:\/\/skaitytaknyga.lt\/produktas\/douglas-coupland-x-karta\/#primaryimage\"},\"image\":{\"@id\":\"https:\/\/skaitytaknyga.lt\/produktas\/douglas-coupland-x-karta\/#primaryimage\"},\"thumbnailUrl\":\"https:\/\/skaitytaknyga.lt\/wp-content\/uploads\/2024\/05\/1462880808_img0001.jpg\",\"datePublished\":\"2024-05-02T13:23:52+00:00\",\"dateModified\":\"2024-05-03T07:29:53+00:00\",\"description\":\"I\u0161leid\u0119s pirm\u0105j\u012f roman\u0105\u00a0\u201eX karta\u201c\u00a0(1991), Douglas Couplandas i\u0161kart tapo kultiniu ra\u0161ytoju, j\u012f imta vadinti savo laiko balsu, kult\u016bros prana\u0161u, moderniuoju McLuhanu ar net savo kartos Dalai Lama. Nors pats autorius nuolat pabr\u0117\u017eia, kad visada kalba \u201etik savo, o ne visos kartos vardu\u201c, jo herojai, da\u017enai labai s\u0105mojingi, atviri ir link\u0119 analizuoti save, i\u0161rei\u0161kia i\u0161tisos kartos, kamuojamos XX a. pabaigos gyvenimo komplikacij\u0173 ir tu\u0161tumos, mintis. Trys pagrindiniai\u00a0\u201eX kartos\u201c\u00a0veik\u0117jai save vadina \u201epadangi\u0173 valkatomis\u201c. Nebepak\u0117l\u0119 \u201enesveik\u0173 pastat\u0173 sindromo\u201c ir kit\u0173 tu\u0161\u010dio, sekinan\u010dio, bever\u010dio ir beprasmio japi\u0173 gyvenimo varg\u0173, jie met\u0117 gerai mokamus, bet d\u017eiaugsmo neteikian\u010dius darbus ir atsikraust\u0117 gyventi \u012f dykum\u0105. Jie gyvena sau, paprastai, kukliai, nevarginami pernelyg ankstyv\u0173 krizi\u0173, u\u017esiimdami atsitiktiniais darbais ir kalb\u0117damiesi. Apie gyvenim\u0105, jo prasm\u0119, \u017emones, pasaul\u012f, kuris ir toliau gri\u016bva...\",\"breadcrumb\":{\"@id\":\"https:\/\/skaitytaknyga.lt\/produktas\/douglas-coupland-x-karta\/#breadcrumb\"},\"inLanguage\":\"en-GB\",\"potentialAction\":[{\"@type\":\"ReadAction\",\"target\":[\"https:\/\/skaitytaknyga.lt\/produktas\/douglas-coupland-x-karta\/\"]}]},{\"@type\":\"ImageObject\",\"inLanguage\":\"en-GB\",\"@id\":\"https:\/\/skaitytaknyga.lt\/produktas\/douglas-coupland-x-karta\/#primaryimage\",\"url\":\"https:\/\/skaitytaknyga.lt\/wp-content\/uploads\/2024\/05\/1462880808_img0001.jpg\",\"contentUrl\":\"https:\/\/skaitytaknyga.lt\/wp-content\/uploads\/2024\/05\/1462880808_img0001.jpg\",\"width\":287,\"height\":430},{\"@type\":\"BreadcrumbList\",\"@id\":\"https:\/\/skaitytaknyga.lt\/produktas\/douglas-coupland-x-karta\/#breadcrumb\",\"itemListElement\":[{\"@type\":\"ListItem\",\"position\":1,\"name\":\"Home\",\"item\":\"https:\/\/skaitytaknyga.lt\/\"},{\"@type\":\"ListItem\",\"position\":2,\"name\":\"Parduotuv\u0117\",\"item\":\"https:\/\/skaitytaknyga.lt\/knygu-parduotuve\/\"},{\"@type\":\"ListItem\",\"position\":3,\"name\":\"Douglas Coupland \u201eX karta\u201c\"}]},{\"@type\":\"WebSite\",\"@id\":\"https:\/\/skaitytaknyga.lt\/#website\",\"url\":\"https:\/\/skaitytaknyga.lt\/\",\"name\":\"skaitytaknyga.lt\",\"description\":\"Skaitytaknyga.lt \u2013 tai ma\u017eas \u0161eimos verslas, kuris prasid\u0117jo nuo meil\u0117s knygoms ir siekio i\u0161gelb\u0117ti knygas nuo likimo prie konteinerio. Kas vienam nereikalingas daiktas \u2013 kitam lobis, o mes esame tarpininkai, kurie padeda abiems tapti laimingesniems ???? \u017dinome kaip nelengva i\u0161gyventi ma\u017eiems verslams, tad nuo \u0161iol, \u010dia rasite ir kit\u0173, ma\u017e\u0173 \u0161eim\u0173 versl\u0173, rank\u0173 darbo, dovan\u0173 sau ir artimiesiems.\",\"publisher\":{\"@id\":\"https:\/\/skaitytaknyga.lt\/#organization\"},\"potentialAction\":[{\"@type\":\"SearchAction\",\"target\":{\"@type\":\"EntryPoint\",\"urlTemplate\":\"https:\/\/skaitytaknyga.lt\/?s={search_term_string}\"},\"query-input\":{\"@type\":\"PropertyValueSpecification\",\"valueRequired\":true,\"valueName\":\"search_term_string\"}}],\"inLanguage\":\"en-GB\"},{\"@type\":\"Organization\",\"@id\":\"https:\/\/skaitytaknyga.lt\/#organization\",\"name\":\"skaitytaknyga.lt\",\"url\":\"https:\/\/skaitytaknyga.lt\/\",\"logo\":{\"@type\":\"ImageObject\",\"inLanguage\":\"en-GB\",\"@id\":\"https:\/\/skaitytaknyga.lt\/#\/schema\/logo\/image\/\",\"url\":\"https:\/\/skaitytaknyga.lt\/wp-content\/uploads\/2024\/05\/cropped-cropped-cropped-02_00843_jt3bggkj1j3HLc7SyY6rEUpg.jpeg\",\"contentUrl\":\"https:\/\/skaitytaknyga.lt\/wp-content\/uploads\/2024\/05\/cropped-cropped-cropped-02_00843_jt3bggkj1j3HLc7SyY6rEUpg.jpeg\",\"width\":1600,\"height\":1600,\"caption\":\"skaitytaknyga.lt\"},\"image\":{\"@id\":\"https:\/\/skaitytaknyga.lt\/#\/schema\/logo\/image\/\"},\"sameAs\":[\"https:\/\/www.facebook.com\/skaitytaknyga\/\"]}]}<\/script>\n<!-- \/ Yoast SEO plugin. -->","yoast_head_json":{"title":"Douglas Coupland \u201eX karta\u201c - Skaitytaknyga","description":"I\u0161leid\u0119s pirm\u0105j\u012f roman\u0105\u00a0\u201eX karta\u201c\u00a0(1991), Douglas Couplandas i\u0161kart tapo kultiniu ra\u0161ytoju, j\u012f imta vadinti savo laiko balsu, kult\u016bros prana\u0161u, moderniuoju McLuhanu ar net savo kartos Dalai Lama. Nors pats autorius nuolat pabr\u0117\u017eia, kad visada kalba \u201etik savo, o ne visos kartos vardu\u201c, jo herojai, da\u017enai labai s\u0105mojingi, atviri ir link\u0119 analizuoti save, i\u0161rei\u0161kia i\u0161tisos kartos, kamuojamos XX a. pabaigos gyvenimo komplikacij\u0173 ir tu\u0161tumos, mintis.  Trys pagrindiniai\u00a0\u201eX kartos\u201c\u00a0veik\u0117jai save vadina \u201epadangi\u0173 valkatomis\u201c. Nebepak\u0117l\u0119 \u201enesveik\u0173 pastat\u0173 sindromo\u201c ir kit\u0173 tu\u0161\u010dio, sekinan\u010dio, bever\u010dio ir beprasmio japi\u0173 gyvenimo varg\u0173, jie met\u0117 gerai mokamus, bet d\u017eiaugsmo neteikian\u010dius darbus ir atsikraust\u0117 gyventi \u012f dykum\u0105. Jie gyvena sau, paprastai, kukliai, nevarginami pernelyg ankstyv\u0173 krizi\u0173, u\u017esiimdami atsitiktiniais darbais ir kalb\u0117damiesi. Apie gyvenim\u0105, jo prasm\u0119, \u017emones, pasaul\u012f, kuris ir toliau gri\u016bva...","robots":{"index":"index","follow":"follow","max-snippet":"max-snippet:-1","max-image-preview":"max-image-preview:large","max-video-preview":"max-video-preview:-1"},"canonical":"https:\/\/skaitytaknyga.lt\/en\/produktas\/douglas-coupland-x-karta\/","og_locale":"en_GB","og_type":"article","og_title":"Douglas Coupland \u201eX karta\u201c - Skaitytaknyga","og_description":"I\u0161leid\u0119s pirm\u0105j\u012f roman\u0105\u00a0\u201eX karta\u201c\u00a0(1991), Douglas Couplandas i\u0161kart tapo kultiniu ra\u0161ytoju, j\u012f imta vadinti savo laiko balsu, kult\u016bros prana\u0161u, moderniuoju McLuhanu ar net savo kartos Dalai Lama. Nors pats autorius nuolat pabr\u0117\u017eia, kad visada kalba \u201etik savo, o ne visos kartos vardu\u201c, jo herojai, da\u017enai labai s\u0105mojingi, atviri ir link\u0119 analizuoti save, i\u0161rei\u0161kia i\u0161tisos kartos, kamuojamos XX a. pabaigos gyvenimo komplikacij\u0173 ir tu\u0161tumos, mintis.  Trys pagrindiniai\u00a0\u201eX kartos\u201c\u00a0veik\u0117jai save vadina \u201epadangi\u0173 valkatomis\u201c. Nebepak\u0117l\u0119 \u201enesveik\u0173 pastat\u0173 sindromo\u201c ir kit\u0173 tu\u0161\u010dio, sekinan\u010dio, bever\u010dio ir beprasmio japi\u0173 gyvenimo varg\u0173, jie met\u0117 gerai mokamus, bet d\u017eiaugsmo neteikian\u010dius darbus ir atsikraust\u0117 gyventi \u012f dykum\u0105. Jie gyvena sau, paprastai, kukliai, nevarginami pernelyg ankstyv\u0173 krizi\u0173, u\u017esiimdami atsitiktiniais darbais ir kalb\u0117damiesi. Apie gyvenim\u0105, jo prasm\u0119, \u017emones, pasaul\u012f, kuris ir toliau gri\u016bva...","og_url":"https:\/\/skaitytaknyga.lt\/en\/produktas\/douglas-coupland-x-karta\/","og_site_name":"Skaitytaknyga","article_publisher":"https:\/\/www.facebook.com\/skaitytaknyga\/","article_modified_time":"2024-05-03T07:29:53+00:00","og_image":[{"width":287,"height":430,"url":"https:\/\/skaitytaknyga.lt\/wp-content\/uploads\/2024\/05\/1462880808_img0001.jpg","type":"image\/jpeg"}],"twitter_card":"summary_large_image","twitter_misc":{"Estimated reading time":"1 minute"},"schema":{"@context":"https:\/\/schema.org","@graph":[{"@type":"WebPage","@id":"https:\/\/skaitytaknyga.lt\/produktas\/douglas-coupland-x-karta\/","url":"https:\/\/skaitytaknyga.lt\/produktas\/douglas-coupland-x-karta\/","name":"Douglas Coupland \u201eX karta\u201c - Skaitytaknyga","isPartOf":{"@id":"https:\/\/skaitytaknyga.lt\/#website"},"primaryImageOfPage":{"@id":"https:\/\/skaitytaknyga.lt\/produktas\/douglas-coupland-x-karta\/#primaryimage"},"image":{"@id":"https:\/\/skaitytaknyga.lt\/produktas\/douglas-coupland-x-karta\/#primaryimage"},"thumbnailUrl":"https:\/\/skaitytaknyga.lt\/wp-content\/uploads\/2024\/05\/1462880808_img0001.jpg","datePublished":"2024-05-02T13:23:52+00:00","dateModified":"2024-05-03T07:29:53+00:00","description":"I\u0161leid\u0119s pirm\u0105j\u012f roman\u0105\u00a0\u201eX karta\u201c\u00a0(1991), Douglas Couplandas i\u0161kart tapo kultiniu ra\u0161ytoju, j\u012f imta vadinti savo laiko balsu, kult\u016bros prana\u0161u, moderniuoju McLuhanu ar net savo kartos Dalai Lama. Nors pats autorius nuolat pabr\u0117\u017eia, kad visada kalba \u201etik savo, o ne visos kartos vardu\u201c, jo herojai, da\u017enai labai s\u0105mojingi, atviri ir link\u0119 analizuoti save, i\u0161rei\u0161kia i\u0161tisos kartos, kamuojamos XX a. pabaigos gyvenimo komplikacij\u0173 ir tu\u0161tumos, mintis. Trys pagrindiniai\u00a0\u201eX kartos\u201c\u00a0veik\u0117jai save vadina \u201epadangi\u0173 valkatomis\u201c. Nebepak\u0117l\u0119 \u201enesveik\u0173 pastat\u0173 sindromo\u201c ir kit\u0173 tu\u0161\u010dio, sekinan\u010dio, bever\u010dio ir beprasmio japi\u0173 gyvenimo varg\u0173, jie met\u0117 gerai mokamus, bet d\u017eiaugsmo neteikian\u010dius darbus ir atsikraust\u0117 gyventi \u012f dykum\u0105. Jie gyvena sau, paprastai, kukliai, nevarginami pernelyg ankstyv\u0173 krizi\u0173, u\u017esiimdami atsitiktiniais darbais ir kalb\u0117damiesi. Apie gyvenim\u0105, jo prasm\u0119, \u017emones, pasaul\u012f, kuris ir toliau gri\u016bva...","breadcrumb":{"@id":"https:\/\/skaitytaknyga.lt\/produktas\/douglas-coupland-x-karta\/#breadcrumb"},"inLanguage":"en-GB","potentialAction":[{"@type":"ReadAction","target":["https:\/\/skaitytaknyga.lt\/produktas\/douglas-coupland-x-karta\/"]}]},{"@type":"ImageObject","inLanguage":"en-GB","@id":"https:\/\/skaitytaknyga.lt\/produktas\/douglas-coupland-x-karta\/#primaryimage","url":"https:\/\/skaitytaknyga.lt\/wp-content\/uploads\/2024\/05\/1462880808_img0001.jpg","contentUrl":"https:\/\/skaitytaknyga.lt\/wp-content\/uploads\/2024\/05\/1462880808_img0001.jpg","width":287,"height":430},{"@type":"BreadcrumbList","@id":"https:\/\/skaitytaknyga.lt\/produktas\/douglas-coupland-x-karta\/#breadcrumb","itemListElement":[{"@type":"ListItem","position":1,"name":"Home","item":"https:\/\/skaitytaknyga.lt\/"},{"@type":"ListItem","position":2,"name":"Parduotuv\u0117","item":"https:\/\/skaitytaknyga.lt\/knygu-parduotuve\/"},{"@type":"ListItem","position":3,"name":"Douglas Coupland \u201eX karta\u201c"}]},{"@type":"WebSite","@id":"https:\/\/skaitytaknyga.lt\/#website","url":"https:\/\/skaitytaknyga.lt\/","name":"skaitytaknyga.lt","description":"Skaitytaknyga.lt \u2013 tai ma\u017eas \u0161eimos verslas, kuris prasid\u0117jo nuo meil\u0117s knygoms ir siekio i\u0161gelb\u0117ti knygas nuo likimo prie konteinerio. Kas vienam nereikalingas daiktas \u2013 kitam lobis, o mes esame tarpininkai, kurie padeda abiems tapti laimingesniems ???? \u017dinome kaip nelengva i\u0161gyventi ma\u017eiems verslams, tad nuo \u0161iol, \u010dia rasite ir kit\u0173, ma\u017e\u0173 \u0161eim\u0173 versl\u0173, rank\u0173 darbo, dovan\u0173 sau ir artimiesiems.","publisher":{"@id":"https:\/\/skaitytaknyga.lt\/#organization"},"potentialAction":[{"@type":"SearchAction","target":{"@type":"EntryPoint","urlTemplate":"https:\/\/skaitytaknyga.lt\/?s={search_term_string}"},"query-input":{"@type":"PropertyValueSpecification","valueRequired":true,"valueName":"search_term_string"}}],"inLanguage":"en-GB"},{"@type":"Organization","@id":"https:\/\/skaitytaknyga.lt\/#organization","name":"skaitytaknyga.lt","url":"https:\/\/skaitytaknyga.lt\/","logo":{"@type":"ImageObject","inLanguage":"en-GB","@id":"https:\/\/skaitytaknyga.lt\/#\/schema\/logo\/image\/","url":"https:\/\/skaitytaknyga.lt\/wp-content\/uploads\/2024\/05\/cropped-cropped-cropped-02_00843_jt3bggkj1j3HLc7SyY6rEUpg.jpeg","contentUrl":"https:\/\/skaitytaknyga.lt\/wp-content\/uploads\/2024\/05\/cropped-cropped-cropped-02_00843_jt3bggkj1j3HLc7SyY6rEUpg.jpeg","width":1600,"height":1600,"caption":"skaitytaknyga.lt"},"image":{"@id":"https:\/\/skaitytaknyga.lt\/#\/schema\/logo\/image\/"},"sameAs":["https:\/\/www.facebook.com\/skaitytaknyga\/"]}]}},"_links":{"self":[{"href":"https:\/\/skaitytaknyga.lt\/en\/wp-json\/wp\/v2\/product\/6629","targetHints":{"allow":["GET"]}}],"collection":[{"href":"https:\/\/skaitytaknyga.lt\/en\/wp-json\/wp\/v2\/product"}],"about":[{"href":"https:\/\/skaitytaknyga.lt\/en\/wp-json\/wp\/v2\/types\/product"}],"replies":[{"embeddable":true,"href":"https:\/\/skaitytaknyga.lt\/en\/wp-json\/wp\/v2\/comments?post=6629"}],"wp:featuredmedia":[{"embeddable":true,"href":"https:\/\/skaitytaknyga.lt\/en\/wp-json\/wp\/v2\/media\/6641"}],"wp:attachment":[{"href":"https:\/\/skaitytaknyga.lt\/en\/wp-json\/wp\/v2\/media?parent=6629"}],"wp:term":[{"taxonomy":"product_brand","embeddable":true,"href":"https:\/\/skaitytaknyga.lt\/en\/wp-json\/wp\/v2\/product_brand?post=6629"},{"taxonomy":"product_cat","embeddable":true,"href":"https:\/\/skaitytaknyga.lt\/en\/wp-json\/wp\/v2\/product_cat?post=6629"},{"taxonomy":"product_tag","embeddable":true,"href":"https:\/\/skaitytaknyga.lt\/en\/wp-json\/wp\/v2\/product_tag?post=6629"}],"curies":[{"name":"wp","href":"https:\/\/api.w.org\/{rel}","templated":true}]}}