{"id":6624,"date":"2024-05-02T16:23:51","date_gmt":"2024-05-02T13:23:51","guid":{"rendered":"https:\/\/skaitytaknyga.lt\/?post_type=product&#038;p=6624"},"modified":"2025-09-07T20:46:16","modified_gmt":"2025-09-07T17:46:16","slug":"stephen-chbosky-atskaluno-laiskai","status":"publish","type":"product","link":"https:\/\/skaitytaknyga.lt\/en\/produktas\/stephen-chbosky-atskaluno-laiskai\/","title":{"rendered":"Atskal\u016bno lai\u0161kai"},"content":{"rendered":"<div class=\"book-descript-wrapper\">\n<section class=\"product-descript more-content-wrapper\">\n<div class=\"\">\n<p>Tai jaudinanti istorija apie vienus paauglio gyvenimo metus, apie tai, kaip sunku augti ir suaugti net, regis, draugi\u0161koje \u0161eimoje ir turint ger\u0173 draug\u0173.<\/p>\n<p>Romano veik\u0117jas, \u0161e\u0161iolikmetis \u010carlis, bando suvokti, kaip galima vienu metu b\u016bti ir laimingam, ir li\u016bdnam. B\u0117da, kad jis nori ir gyventi savo gyvenim\u0105, ir nuo jo pab\u0117gti.<\/p>\n<p>\u0160is romanas\u00a0&#8211; tai \u010carlio lai\u0161kai (siun\u010diami ne elektroniniu, o tikru pa\u0161tu!) visai nepa\u017e\u012fstamam \u017emogui, atviresni ir u\u017e dienora\u0161t\u012f, leid\u017eiantys pa\u017evelgti \u012f nematom\u0105j\u0105 paauglyst\u0117s pus\u0119.<\/p>\n<\/div>\n<\/section>\n<\/div>\n","protected":false},"excerpt":{"rendered":"<div class=\"book-descript-wrapper\">\n<section class=\"product-descript more-content-wrapper\">\n<div class=\"\">\n<p>Tai jaudinanti istorija apie vienus paauglio gyvenimo metus, apie tai, kaip sunku augti ir suaugti net, regis, draugi\u0161koje \u0161eimoje ir turint ger\u0173 draug\u0173.<\/p>\n<p>Romano veik\u0117jas, \u0161e\u0161iolikmetis \u010carlis, bando suvokti, kaip galima vienu metu b\u016bti ir laimingam, ir li\u016bdnam. B\u0117da, kad jis nori ir gyventi savo gyvenim\u0105, ir nuo jo pab\u0117gti.<\/p>\n<p>\u0160is romanas\u00a0&#8211; tai \u010carlio lai\u0161kai (siun\u010diami ne elektroniniu, o tikru pa\u0161tu!) visai nepa\u017e\u012fstamam \u017emogui, atviresni ir u\u017e dienora\u0161t\u012f, leid\u017eiantys pa\u017evelgti \u012f nematom\u0105j\u0105 paauglyst\u0117s pus\u0119.<\/p>\n<\/div>\n<\/section>\n<\/div>\n","protected":false},"featured_media":6636,"comment_status":"closed","ping_status":"closed","template":"","meta":{"_acf_changed":false,"site-sidebar-layout":"default","site-content-layout":"","ast-site-content-layout":"default","site-content-style":"default","site-sidebar-style":"default","ast-global-header-display":"","ast-banner-title-visibility":"","ast-main-header-display":"","ast-hfb-above-header-display":"","ast-hfb-below-header-display":"","ast-hfb-mobile-header-display":"","site-post-title":"","ast-breadcrumbs-content":"","ast-featured-img":"","footer-sml-layout":"","ast-disable-related-posts":"","theme-transparent-header-meta":"","adv-header-id-meta":"","stick-header-meta":"","header-above-stick-meta":"","header-main-stick-meta":"","header-below-stick-meta":"","astra-migrate-meta-layouts":"default","ast-page-background-enabled":"default","ast-page-background-meta":{"desktop":{"background-color":"","background-image":"","background-repeat":"repeat","background-position":"center center","background-size":"auto","background-attachment":"scroll","background-type":"","background-media":"","overlay-type":"","overlay-color":"","overlay-opacity":"","overlay-gradient":""},"tablet":{"background-color":"","background-image":"","background-repeat":"repeat","background-position":"center center","background-size":"auto","background-attachment":"scroll","background-type":"","background-media":"","overlay-type":"","overlay-color":"","overlay-opacity":"","overlay-gradient":""},"mobile":{"background-color":"","background-image":"","background-repeat":"repeat","background-position":"center center","background-size":"auto","background-attachment":"scroll","background-type":"","background-media":"","overlay-type":"","overlay-color":"","overlay-opacity":"","overlay-gradient":""}},"ast-content-background-meta":{"desktop":{"background-color":"var(--ast-global-color-4)","background-image":"","background-repeat":"repeat","background-position":"center center","background-size":"auto","background-attachment":"scroll","background-type":"","background-media":"","overlay-type":"","overlay-color":"","overlay-opacity":"","overlay-gradient":""},"tablet":{"background-color":"var(--ast-global-color-4)","background-image":"","background-repeat":"repeat","background-position":"center center","background-size":"auto","background-attachment":"scroll","background-type":"","background-media":"","overlay-type":"","overlay-color":"","overlay-opacity":"","overlay-gradient":""},"mobile":{"background-color":"var(--ast-global-color-4)","background-image":"","background-repeat":"repeat","background-position":"center center","background-size":"auto","background-attachment":"scroll","background-type":"","background-media":"","overlay-type":"","overlay-color":"","overlay-opacity":"","overlay-gradient":""}}},"product_brand":[],"product_cat":[35],"product_tag":[2594,2593,1647,1796,2596,2476,2595,2592],"class_list":{"0":"post-6624","1":"product","2":"type-product","3":"status-publish","4":"has-post-thumbnail","6":"product_cat-vaikams-ir-paaugliams","7":"product_tag-asmenine-raida","8":"product_tag-atskaluno-laiskai","9":"product_tag-draugyste","10":"product_tag-meile","11":"product_tag-paaugliu-gyvenimas","12":"product_tag-paaugliu-literatura","13":"product_tag-psichologine-drama","14":"product_tag-stephen-chbosky","15":"desktop-align-left","16":"tablet-align-left","17":"mobile-align-left","19":"first","20":"outofstock","21":"shipping-taxable","22":"purchasable","23":"product-type-simple"},"acf":[],"yoast_head":"<!-- This site is optimized with the Yoast SEO plugin v27.0 - https:\/\/yoast.com\/product\/yoast-seo-wordpress\/ -->\n<title>Atskal\u016bno lai\u0161kai<\/title>\n<meta name=\"description\" content=\"Tai jaudinanti istorija apie vienus paauglio gyvenimo metus, apie tai, kaip sunku augti ir suaugti net, regis, draugi\u0161koje \u0161eimoje ir turint ger\u0173 draug\u0173.  Romano veik\u0117jas, \u0161e\u0161iolikmetis \u010carlis, bando suvokti, kaip galima vienu metu b\u016bti ir laimingam, ir li\u016bdnam. B\u0117da, kad jis nori ir gyventi savo gyvenim\u0105, ir nuo jo pab\u0117gti.  \u0160is romanas\u00a0- tai \u010carlio lai\u0161kai (siun\u010diami ne elektroniniu, o tikru pa\u0161tu!) visai nepa\u017e\u012fstamam \u017emogui, atviresni ir u\u017e dienora\u0161t\u012f, leid\u017eiantys pa\u017evelgti \u012f nematom\u0105j\u0105 paauglyst\u0117s pus\u0119.\" \/>\n<meta name=\"robots\" content=\"index, follow, max-snippet:-1, max-image-preview:large, max-video-preview:-1\" \/>\n<link rel=\"canonical\" href=\"https:\/\/skaitytaknyga.lt\/en\/produktas\/stephen-chbosky-atskaluno-laiskai\/\" \/>\n<meta property=\"og:locale\" content=\"en_GB\" \/>\n<meta property=\"og:locale:alternate\" content=\"lt_LT\" \/>\n<meta property=\"og:type\" content=\"article\" \/>\n<meta property=\"og:title\" content=\"Atskal\u016bno lai\u0161kai\" \/>\n<meta property=\"og:description\" content=\"Tai jaudinanti istorija apie vienus paauglio gyvenimo metus, apie tai, kaip sunku augti ir suaugti net, regis, draugi\u0161koje \u0161eimoje ir turint ger\u0173 draug\u0173.  Romano veik\u0117jas, \u0161e\u0161iolikmetis \u010carlis, bando suvokti, kaip galima vienu metu b\u016bti ir laimingam, ir li\u016bdnam. B\u0117da, kad jis nori ir gyventi savo gyvenim\u0105, ir nuo jo pab\u0117gti.  \u0160is romanas\u00a0- tai \u010carlio lai\u0161kai (siun\u010diami ne elektroniniu, o tikru pa\u0161tu!) visai nepa\u017e\u012fstamam \u017emogui, atviresni ir u\u017e dienora\u0161t\u012f, leid\u017eiantys pa\u017evelgti \u012f nematom\u0105j\u0105 paauglyst\u0117s pus\u0119.\" \/>\n<meta property=\"og:url\" content=\"https:\/\/skaitytaknyga.lt\/en\/produktas\/stephen-chbosky-atskaluno-laiskai\/\" \/>\n<meta property=\"og:site_name\" content=\"Skaitytaknyga\" \/>\n<meta property=\"article:publisher\" content=\"https:\/\/www.facebook.com\/skaitytaknyga\/\" \/>\n<meta property=\"article:modified_time\" content=\"2025-09-07T17:46:16+00:00\" \/>\n<meta property=\"og:image\" content=\"https:\/\/skaitytaknyga.lt\/wp-content\/uploads\/2024\/05\/1462886304_img0005-002.jpg\" \/>\n\t<meta property=\"og:image:width\" content=\"260\" \/>\n\t<meta property=\"og:image:height\" content=\"430\" \/>\n\t<meta property=\"og:image:type\" content=\"image\/jpeg\" \/>\n<meta name=\"twitter:card\" content=\"summary_large_image\" \/>\n<meta name=\"twitter:label1\" content=\"Estimated reading time\" \/>\n\t<meta name=\"twitter:data1\" content=\"1 minute\" \/>\n<script type=\"application\/ld+json\" class=\"yoast-schema-graph\">{\"@context\":\"https:\/\/schema.org\",\"@graph\":[{\"@type\":\"WebPage\",\"@id\":\"https:\/\/skaitytaknyga.lt\/produktas\/stephen-chbosky-atskaluno-laiskai\/\",\"url\":\"https:\/\/skaitytaknyga.lt\/produktas\/stephen-chbosky-atskaluno-laiskai\/\",\"name\":\"Atskal\u016bno lai\u0161kai\",\"isPartOf\":{\"@id\":\"https:\/\/skaitytaknyga.lt\/#website\"},\"primaryImageOfPage\":{\"@id\":\"https:\/\/skaitytaknyga.lt\/produktas\/stephen-chbosky-atskaluno-laiskai\/#primaryimage\"},\"image\":{\"@id\":\"https:\/\/skaitytaknyga.lt\/produktas\/stephen-chbosky-atskaluno-laiskai\/#primaryimage\"},\"thumbnailUrl\":\"https:\/\/skaitytaknyga.lt\/wp-content\/uploads\/2024\/05\/1462886304_img0005-002.jpg\",\"datePublished\":\"2024-05-02T13:23:51+00:00\",\"dateModified\":\"2025-09-07T17:46:16+00:00\",\"description\":\"Tai jaudinanti istorija apie vienus paauglio gyvenimo metus, apie tai, kaip sunku augti ir suaugti net, regis, draugi\u0161koje \u0161eimoje ir turint ger\u0173 draug\u0173. Romano veik\u0117jas, \u0161e\u0161iolikmetis \u010carlis, bando suvokti, kaip galima vienu metu b\u016bti ir laimingam, ir li\u016bdnam. B\u0117da, kad jis nori ir gyventi savo gyvenim\u0105, ir nuo jo pab\u0117gti. \u0160is romanas\u00a0- tai \u010carlio lai\u0161kai (siun\u010diami ne elektroniniu, o tikru pa\u0161tu!) visai nepa\u017e\u012fstamam \u017emogui, atviresni ir u\u017e dienora\u0161t\u012f, leid\u017eiantys pa\u017evelgti \u012f nematom\u0105j\u0105 paauglyst\u0117s pus\u0119.\",\"breadcrumb\":{\"@id\":\"https:\/\/skaitytaknyga.lt\/produktas\/stephen-chbosky-atskaluno-laiskai\/#breadcrumb\"},\"inLanguage\":\"en-GB\",\"potentialAction\":[{\"@type\":\"ReadAction\",\"target\":[\"https:\/\/skaitytaknyga.lt\/produktas\/stephen-chbosky-atskaluno-laiskai\/\"]}]},{\"@type\":\"ImageObject\",\"inLanguage\":\"en-GB\",\"@id\":\"https:\/\/skaitytaknyga.lt\/produktas\/stephen-chbosky-atskaluno-laiskai\/#primaryimage\",\"url\":\"https:\/\/skaitytaknyga.lt\/wp-content\/uploads\/2024\/05\/1462886304_img0005-002.jpg\",\"contentUrl\":\"https:\/\/skaitytaknyga.lt\/wp-content\/uploads\/2024\/05\/1462886304_img0005-002.jpg\",\"width\":260,\"height\":430},{\"@type\":\"BreadcrumbList\",\"@id\":\"https:\/\/skaitytaknyga.lt\/produktas\/stephen-chbosky-atskaluno-laiskai\/#breadcrumb\",\"itemListElement\":[{\"@type\":\"ListItem\",\"position\":1,\"name\":\"Home\",\"item\":\"https:\/\/skaitytaknyga.lt\/\"},{\"@type\":\"ListItem\",\"position\":2,\"name\":\"Parduotuv\u0117\",\"item\":\"https:\/\/skaitytaknyga.lt\/knygu-parduotuve\/\"},{\"@type\":\"ListItem\",\"position\":3,\"name\":\"Atskal\u016bno lai\u0161kai\"}]},{\"@type\":\"WebSite\",\"@id\":\"https:\/\/skaitytaknyga.lt\/#website\",\"url\":\"https:\/\/skaitytaknyga.lt\/\",\"name\":\"skaitytaknyga.lt\",\"description\":\"Skaitytaknyga.lt \u2013 tai ma\u017eas \u0161eimos verslas, kuris prasid\u0117jo nuo meil\u0117s knygoms ir siekio i\u0161gelb\u0117ti knygas nuo likimo prie konteinerio. Kas vienam nereikalingas daiktas \u2013 kitam lobis, o mes esame tarpininkai, kurie padeda abiems tapti laimingesniems ???? \u017dinome kaip nelengva i\u0161gyventi ma\u017eiems verslams, tad nuo \u0161iol, \u010dia rasite ir kit\u0173, ma\u017e\u0173 \u0161eim\u0173 versl\u0173, rank\u0173 darbo, dovan\u0173 sau ir artimiesiems.\",\"publisher\":{\"@id\":\"https:\/\/skaitytaknyga.lt\/#organization\"},\"potentialAction\":[{\"@type\":\"SearchAction\",\"target\":{\"@type\":\"EntryPoint\",\"urlTemplate\":\"https:\/\/skaitytaknyga.lt\/?s={search_term_string}\"},\"query-input\":{\"@type\":\"PropertyValueSpecification\",\"valueRequired\":true,\"valueName\":\"search_term_string\"}}],\"inLanguage\":\"en-GB\"},{\"@type\":\"Organization\",\"@id\":\"https:\/\/skaitytaknyga.lt\/#organization\",\"name\":\"skaitytaknyga.lt\",\"url\":\"https:\/\/skaitytaknyga.lt\/\",\"logo\":{\"@type\":\"ImageObject\",\"inLanguage\":\"en-GB\",\"@id\":\"https:\/\/skaitytaknyga.lt\/#\/schema\/logo\/image\/\",\"url\":\"https:\/\/skaitytaknyga.lt\/wp-content\/uploads\/2024\/05\/cropped-cropped-cropped-02_00843_jt3bggkj1j3HLc7SyY6rEUpg.jpeg\",\"contentUrl\":\"https:\/\/skaitytaknyga.lt\/wp-content\/uploads\/2024\/05\/cropped-cropped-cropped-02_00843_jt3bggkj1j3HLc7SyY6rEUpg.jpeg\",\"width\":1600,\"height\":1600,\"caption\":\"skaitytaknyga.lt\"},\"image\":{\"@id\":\"https:\/\/skaitytaknyga.lt\/#\/schema\/logo\/image\/\"},\"sameAs\":[\"https:\/\/www.facebook.com\/skaitytaknyga\/\"]}]}<\/script>\n<!-- \/ Yoast SEO plugin. -->","yoast_head_json":{"title":"Atskal\u016bno lai\u0161kai","description":"Tai jaudinanti istorija apie vienus paauglio gyvenimo metus, apie tai, kaip sunku augti ir suaugti net, regis, draugi\u0161koje \u0161eimoje ir turint ger\u0173 draug\u0173.  Romano veik\u0117jas, \u0161e\u0161iolikmetis \u010carlis, bando suvokti, kaip galima vienu metu b\u016bti ir laimingam, ir li\u016bdnam. B\u0117da, kad jis nori ir gyventi savo gyvenim\u0105, ir nuo jo pab\u0117gti.  \u0160is romanas\u00a0- tai \u010carlio lai\u0161kai (siun\u010diami ne elektroniniu, o tikru pa\u0161tu!) visai nepa\u017e\u012fstamam \u017emogui, atviresni ir u\u017e dienora\u0161t\u012f, leid\u017eiantys pa\u017evelgti \u012f nematom\u0105j\u0105 paauglyst\u0117s pus\u0119.","robots":{"index":"index","follow":"follow","max-snippet":"max-snippet:-1","max-image-preview":"max-image-preview:large","max-video-preview":"max-video-preview:-1"},"canonical":"https:\/\/skaitytaknyga.lt\/en\/produktas\/stephen-chbosky-atskaluno-laiskai\/","og_locale":"en_GB","og_type":"article","og_title":"[:lt]Atskal\u016bno lai\u0161kai[:] - Skaitytaknyga","og_description":"Tai jaudinanti istorija apie vienus paauglio gyvenimo metus, apie tai, kaip sunku augti ir suaugti net, regis, draugi\u0161koje \u0161eimoje ir turint ger\u0173 draug\u0173.  Romano veik\u0117jas, \u0161e\u0161iolikmetis \u010carlis, bando suvokti, kaip galima vienu metu b\u016bti ir laimingam, ir li\u016bdnam. B\u0117da, kad jis nori ir gyventi savo gyvenim\u0105, ir nuo jo pab\u0117gti.  \u0160is romanas\u00a0- tai \u010carlio lai\u0161kai (siun\u010diami ne elektroniniu, o tikru pa\u0161tu!) visai nepa\u017e\u012fstamam \u017emogui, atviresni ir u\u017e dienora\u0161t\u012f, leid\u017eiantys pa\u017evelgti \u012f nematom\u0105j\u0105 paauglyst\u0117s pus\u0119.","og_url":"https:\/\/skaitytaknyga.lt\/en\/produktas\/stephen-chbosky-atskaluno-laiskai\/","og_site_name":"Skaitytaknyga","article_publisher":"https:\/\/www.facebook.com\/skaitytaknyga\/","article_modified_time":"2025-09-07T17:46:16+00:00","og_image":[{"width":260,"height":430,"url":"https:\/\/skaitytaknyga.lt\/wp-content\/uploads\/2024\/05\/1462886304_img0005-002.jpg","type":"image\/jpeg"}],"twitter_card":"summary_large_image","twitter_misc":{"Estimated reading time":"1 minute"},"schema":{"@context":"https:\/\/schema.org","@graph":[{"@type":"WebPage","@id":"https:\/\/skaitytaknyga.lt\/produktas\/stephen-chbosky-atskaluno-laiskai\/","url":"https:\/\/skaitytaknyga.lt\/produktas\/stephen-chbosky-atskaluno-laiskai\/","name":"Atskal\u016bno lai\u0161kai","isPartOf":{"@id":"https:\/\/skaitytaknyga.lt\/#website"},"primaryImageOfPage":{"@id":"https:\/\/skaitytaknyga.lt\/produktas\/stephen-chbosky-atskaluno-laiskai\/#primaryimage"},"image":{"@id":"https:\/\/skaitytaknyga.lt\/produktas\/stephen-chbosky-atskaluno-laiskai\/#primaryimage"},"thumbnailUrl":"https:\/\/skaitytaknyga.lt\/wp-content\/uploads\/2024\/05\/1462886304_img0005-002.jpg","datePublished":"2024-05-02T13:23:51+00:00","dateModified":"2025-09-07T17:46:16+00:00","description":"Tai jaudinanti istorija apie vienus paauglio gyvenimo metus, apie tai, kaip sunku augti ir suaugti net, regis, draugi\u0161koje \u0161eimoje ir turint ger\u0173 draug\u0173. Romano veik\u0117jas, \u0161e\u0161iolikmetis \u010carlis, bando suvokti, kaip galima vienu metu b\u016bti ir laimingam, ir li\u016bdnam. B\u0117da, kad jis nori ir gyventi savo gyvenim\u0105, ir nuo jo pab\u0117gti. \u0160is romanas\u00a0- tai \u010carlio lai\u0161kai (siun\u010diami ne elektroniniu, o tikru pa\u0161tu!) visai nepa\u017e\u012fstamam \u017emogui, atviresni ir u\u017e dienora\u0161t\u012f, leid\u017eiantys pa\u017evelgti \u012f nematom\u0105j\u0105 paauglyst\u0117s pus\u0119.","breadcrumb":{"@id":"https:\/\/skaitytaknyga.lt\/produktas\/stephen-chbosky-atskaluno-laiskai\/#breadcrumb"},"inLanguage":"en-GB","potentialAction":[{"@type":"ReadAction","target":["https:\/\/skaitytaknyga.lt\/produktas\/stephen-chbosky-atskaluno-laiskai\/"]}]},{"@type":"ImageObject","inLanguage":"en-GB","@id":"https:\/\/skaitytaknyga.lt\/produktas\/stephen-chbosky-atskaluno-laiskai\/#primaryimage","url":"https:\/\/skaitytaknyga.lt\/wp-content\/uploads\/2024\/05\/1462886304_img0005-002.jpg","contentUrl":"https:\/\/skaitytaknyga.lt\/wp-content\/uploads\/2024\/05\/1462886304_img0005-002.jpg","width":260,"height":430},{"@type":"BreadcrumbList","@id":"https:\/\/skaitytaknyga.lt\/produktas\/stephen-chbosky-atskaluno-laiskai\/#breadcrumb","itemListElement":[{"@type":"ListItem","position":1,"name":"Home","item":"https:\/\/skaitytaknyga.lt\/"},{"@type":"ListItem","position":2,"name":"Parduotuv\u0117","item":"https:\/\/skaitytaknyga.lt\/knygu-parduotuve\/"},{"@type":"ListItem","position":3,"name":"Atskal\u016bno lai\u0161kai"}]},{"@type":"WebSite","@id":"https:\/\/skaitytaknyga.lt\/#website","url":"https:\/\/skaitytaknyga.lt\/","name":"skaitytaknyga.lt","description":"Skaitytaknyga.lt \u2013 tai ma\u017eas \u0161eimos verslas, kuris prasid\u0117jo nuo meil\u0117s knygoms ir siekio i\u0161gelb\u0117ti knygas nuo likimo prie konteinerio. Kas vienam nereikalingas daiktas \u2013 kitam lobis, o mes esame tarpininkai, kurie padeda abiems tapti laimingesniems ???? \u017dinome kaip nelengva i\u0161gyventi ma\u017eiems verslams, tad nuo \u0161iol, \u010dia rasite ir kit\u0173, ma\u017e\u0173 \u0161eim\u0173 versl\u0173, rank\u0173 darbo, dovan\u0173 sau ir artimiesiems.","publisher":{"@id":"https:\/\/skaitytaknyga.lt\/#organization"},"potentialAction":[{"@type":"SearchAction","target":{"@type":"EntryPoint","urlTemplate":"https:\/\/skaitytaknyga.lt\/?s={search_term_string}"},"query-input":{"@type":"PropertyValueSpecification","valueRequired":true,"valueName":"search_term_string"}}],"inLanguage":"en-GB"},{"@type":"Organization","@id":"https:\/\/skaitytaknyga.lt\/#organization","name":"skaitytaknyga.lt","url":"https:\/\/skaitytaknyga.lt\/","logo":{"@type":"ImageObject","inLanguage":"en-GB","@id":"https:\/\/skaitytaknyga.lt\/#\/schema\/logo\/image\/","url":"https:\/\/skaitytaknyga.lt\/wp-content\/uploads\/2024\/05\/cropped-cropped-cropped-02_00843_jt3bggkj1j3HLc7SyY6rEUpg.jpeg","contentUrl":"https:\/\/skaitytaknyga.lt\/wp-content\/uploads\/2024\/05\/cropped-cropped-cropped-02_00843_jt3bggkj1j3HLc7SyY6rEUpg.jpeg","width":1600,"height":1600,"caption":"skaitytaknyga.lt"},"image":{"@id":"https:\/\/skaitytaknyga.lt\/#\/schema\/logo\/image\/"},"sameAs":["https:\/\/www.facebook.com\/skaitytaknyga\/"]}]}},"_links":{"self":[{"href":"https:\/\/skaitytaknyga.lt\/en\/wp-json\/wp\/v2\/product\/6624","targetHints":{"allow":["GET"]}}],"collection":[{"href":"https:\/\/skaitytaknyga.lt\/en\/wp-json\/wp\/v2\/product"}],"about":[{"href":"https:\/\/skaitytaknyga.lt\/en\/wp-json\/wp\/v2\/types\/product"}],"replies":[{"embeddable":true,"href":"https:\/\/skaitytaknyga.lt\/en\/wp-json\/wp\/v2\/comments?post=6624"}],"wp:featuredmedia":[{"embeddable":true,"href":"https:\/\/skaitytaknyga.lt\/en\/wp-json\/wp\/v2\/media\/6636"}],"wp:attachment":[{"href":"https:\/\/skaitytaknyga.lt\/en\/wp-json\/wp\/v2\/media?parent=6624"}],"wp:term":[{"taxonomy":"product_brand","embeddable":true,"href":"https:\/\/skaitytaknyga.lt\/en\/wp-json\/wp\/v2\/product_brand?post=6624"},{"taxonomy":"product_cat","embeddable":true,"href":"https:\/\/skaitytaknyga.lt\/en\/wp-json\/wp\/v2\/product_cat?post=6624"},{"taxonomy":"product_tag","embeddable":true,"href":"https:\/\/skaitytaknyga.lt\/en\/wp-json\/wp\/v2\/product_tag?post=6624"}],"curies":[{"name":"wp","href":"https:\/\/api.w.org\/{rel}","templated":true}]}}