{"id":6611,"date":"2024-05-02T13:23:21","date_gmt":"2024-05-02T13:23:21","guid":{"rendered":"https:\/\/skaitytaknyga.lt\/?post_type=product&#038;p=6611"},"modified":"2024-05-03T07:29:53","modified_gmt":"2024-05-03T07:29:53","slug":"the-psychology-of-physical-attraction-su-nedideliu-defektu","status":"publish","type":"product","link":"https:\/\/skaitytaknyga.lt\/en\/produktas\/the-psychology-of-physical-attraction-su-nedideliu-defektu\/","title":{"rendered":"The Psychology of Physical Attraction (Su nedideliu defektu)"},"content":{"rendered":"<p><span id=\"freeText4877167034591935612\">People have long been interested in the complexities of human beauty, but until recently the science of attractiveness was largely left to poets, playwrights, philosophers, and artists. This book begins the task of providing a scientific look at physical attraction, by offering an overview of scholarly work on physical beauty, culture, evolution and other aspects of human attractiveness.<\/p>\n<p><em>The Psychology of Physical Attraction<\/em>\u00a0begins by discussing the role of evolution in the development of what it means to be &#8216;attractive&#8217; in contemporary society. It provides a general overview of evolutionary psychology and mate choice, as well as an in-depth focus on physical characteristics such as physical symmetry, body weight and ratios, and youthfulness. The book goes on to explore the role of societal and cultural ideals of beauty through a discussion of the social psychology of human beauty. Finally, the &#8220;morality&#8221; of physical attractiveness is examined, looking at issues such as discrimination on the basis of looks, body image and eating disorders and cosmetic surgery.<\/p>\n<p>Combining both evolutionary and social perspectives, this book offers a unique and comprehensive overview of the many debates involved in the science of physical attraction which ultimately allows for a better understanding of human beauty. It will be of interest to students and researchers in psychology, as well as anyone interested in the science of physical attractiveness.<\/span><\/p>\n","protected":false},"excerpt":{"rendered":"<p><span id=\"freeText4877167034591935612\">People have long been interested in the complexities of human beauty, but until recently the science of attractiveness was largely left to poets, playwrights, philosophers, and artists. This book begins the task of providing a scientific look at physical attraction, by offering an overview of scholarly work on physical beauty, culture, evolution and other aspects of human attractiveness.<\/p>\n<p><em>The Psychology of Physical Attraction<\/em>\u00a0begins by discussing the role of evolution in the development of what it means to be &#8216;attractive&#8217; in contemporary society. It provides a general overview of evolutionary psychology and mate choice, as well as an in-depth focus on physical characteristics such as physical symmetry, body weight and ratios, and youthfulness. The book goes on to explore the role of societal and cultural ideals of beauty through a discussion of the social psychology of human beauty. Finally, the &#8220;morality&#8221; of physical attractiveness is examined, looking at issues such as discrimination on the basis of looks, body image and eating disorders and cosmetic surgery.<\/p>\n<p>Combining both evolutionary and social perspectives, this book offers a unique and comprehensive overview of the many debates involved in the science of physical attraction which ultimately allows for a better understanding of human beauty. It will be of interest to students and researchers in psychology, as well as anyone interested in the science of physical attractiveness.<\/span><\/p>\n","protected":false},"featured_media":6623,"comment_status":"closed","ping_status":"closed","template":"","meta":{"_acf_changed":false,"site-sidebar-layout":"default","site-content-layout":"","ast-site-content-layout":"default","site-content-style":"default","site-sidebar-style":"default","ast-global-header-display":"","ast-banner-title-visibility":"","ast-main-header-display":"","ast-hfb-above-header-display":"","ast-hfb-below-header-display":"","ast-hfb-mobile-header-display":"","site-post-title":"","ast-breadcrumbs-content":"","ast-featured-img":"","footer-sml-layout":"","ast-disable-related-posts":"","theme-transparent-header-meta":"","adv-header-id-meta":"","stick-header-meta":"","header-above-stick-meta":"","header-main-stick-meta":"","header-below-stick-meta":"","astra-migrate-meta-layouts":"default","ast-page-background-enabled":"default","ast-page-background-meta":{"desktop":{"background-color":"","background-image":"","background-repeat":"repeat","background-position":"center center","background-size":"auto","background-attachment":"scroll","background-type":"","background-media":"","overlay-type":"","overlay-color":"","overlay-opacity":"","overlay-gradient":""},"tablet":{"background-color":"","background-image":"","background-repeat":"repeat","background-position":"center center","background-size":"auto","background-attachment":"scroll","background-type":"","background-media":"","overlay-type":"","overlay-color":"","overlay-opacity":"","overlay-gradient":""},"mobile":{"background-color":"","background-image":"","background-repeat":"repeat","background-position":"center center","background-size":"auto","background-attachment":"scroll","background-type":"","background-media":"","overlay-type":"","overlay-color":"","overlay-opacity":"","overlay-gradient":""}},"ast-content-background-meta":{"desktop":{"background-color":"var(--ast-global-color-4)","background-image":"","background-repeat":"repeat","background-position":"center center","background-size":"auto","background-attachment":"scroll","background-type":"","background-media":"","overlay-type":"","overlay-color":"","overlay-opacity":"","overlay-gradient":""},"tablet":{"background-color":"var(--ast-global-color-4)","background-image":"","background-repeat":"repeat","background-position":"center center","background-size":"auto","background-attachment":"scroll","background-type":"","background-media":"","overlay-type":"","overlay-color":"","overlay-opacity":"","overlay-gradient":""},"mobile":{"background-color":"var(--ast-global-color-4)","background-image":"","background-repeat":"repeat","background-position":"center center","background-size":"auto","background-attachment":"scroll","background-type":"","background-media":"","overlay-type":"","overlay-color":"","overlay-opacity":"","overlay-gradient":""}}},"product_brand":[],"product_cat":[34,30],"product_tag":[],"class_list":{"0":"post-6611","1":"product","2":"type-product","3":"status-publish","4":"has-post-thumbnail","6":"product_cat-knygos-anglu-kalba","7":"product_cat-psichologija-ir-saviugda","8":"desktop-align-left","9":"tablet-align-left","10":"mobile-align-left","12":"first","13":"instock","14":"shipping-taxable","15":"purchasable","16":"product-type-simple"},"acf":[],"yoast_head":"<!-- This site is optimized with the Yoast SEO plugin v27.0 - https:\/\/yoast.com\/product\/yoast-seo-wordpress\/ -->\n<title>The Psychology of Physical Attraction (Su nedideliu defektu) - Skaitytaknyga<\/title>\n<meta name=\"description\" content=\"People have long been interested in the complexities of human beauty, but until recently the science of attractiveness was largely left to poets, playwrights, philosophers, and artists. This book begins the task of providing a scientific look at physical attraction, by offering an overview of scholarly work on physical beauty, culture, evolution and other aspects of human attractiveness.  The Psychology of Physical Attraction\u00a0begins by discussing the role of evolution in the development of what it means to be &#039;attractive&#039; in contemporary society. It provides a general overview of evolutionary psychology and mate choice, as well as an in-depth focus on physical characteristics such as physical symmetry, body weight and ratios, and youthfulness. The book goes on to explore the role of societal and cultural ideals of beauty through a discussion of the social psychology of human beauty. Finally, the &quot;morality&quot; of physical attractiveness is examined, looking at issues such as discrimination on the basis of looks, body image and eating disorders and cosmetic surgery.  Combining both evolutionary and social perspectives, this book offers a unique and comprehensive overview of the many debates involved in the science of physical attraction which ultimately allows for a better understanding of human beauty. It will be of interest to students and researchers in psychology, as well as anyone interested in the science of physical attractiveness.\" \/>\n<meta name=\"robots\" content=\"index, follow, max-snippet:-1, max-image-preview:large, max-video-preview:-1\" \/>\n<link rel=\"canonical\" href=\"https:\/\/skaitytaknyga.lt\/en\/produktas\/the-psychology-of-physical-attraction-su-nedideliu-defektu\/\" \/>\n<meta property=\"og:locale\" content=\"en_GB\" \/>\n<meta property=\"og:locale:alternate\" content=\"lt_LT\" \/>\n<meta property=\"og:type\" content=\"article\" \/>\n<meta property=\"og:title\" content=\"The Psychology of Physical Attraction (Su nedideliu defektu) - Skaitytaknyga\" \/>\n<meta property=\"og:description\" content=\"People have long been interested in the complexities of human beauty, but until recently the science of attractiveness was largely left to poets, playwrights, philosophers, and artists. This book begins the task of providing a scientific look at physical attraction, by offering an overview of scholarly work on physical beauty, culture, evolution and other aspects of human attractiveness.  The Psychology of Physical Attraction\u00a0begins by discussing the role of evolution in the development of what it means to be &#039;attractive&#039; in contemporary society. It provides a general overview of evolutionary psychology and mate choice, as well as an in-depth focus on physical characteristics such as physical symmetry, body weight and ratios, and youthfulness. The book goes on to explore the role of societal and cultural ideals of beauty through a discussion of the social psychology of human beauty. Finally, the &quot;morality&quot; of physical attractiveness is examined, looking at issues such as discrimination on the basis of looks, body image and eating disorders and cosmetic surgery.  Combining both evolutionary and social perspectives, this book offers a unique and comprehensive overview of the many debates involved in the science of physical attraction which ultimately allows for a better understanding of human beauty. It will be of interest to students and researchers in psychology, as well as anyone interested in the science of physical attractiveness.\" \/>\n<meta property=\"og:url\" content=\"https:\/\/skaitytaknyga.lt\/en\/produktas\/the-psychology-of-physical-attraction-su-nedideliu-defektu\/\" \/>\n<meta property=\"og:site_name\" content=\"Skaitytaknyga\" \/>\n<meta property=\"article:publisher\" content=\"https:\/\/www.facebook.com\/skaitytaknyga\/\" \/>\n<meta property=\"article:modified_time\" content=\"2024-05-03T07:29:53+00:00\" \/>\n<meta property=\"og:image\" content=\"https:\/\/skaitytaknyga.lt\/wp-content\/uploads\/2024\/05\/9780415422512.jpg\" \/>\n\t<meta property=\"og:image:width\" content=\"700\" \/>\n\t<meta property=\"og:image:height\" content=\"1055\" \/>\n\t<meta property=\"og:image:type\" content=\"image\/jpeg\" \/>\n<meta name=\"twitter:card\" content=\"summary_large_image\" \/>\n<meta name=\"twitter:label1\" content=\"Estimated reading time\" \/>\n\t<meta name=\"twitter:data1\" content=\"1 minute\" \/>\n<script type=\"application\/ld+json\" class=\"yoast-schema-graph\">{\"@context\":\"https:\/\/schema.org\",\"@graph\":[{\"@type\":\"WebPage\",\"@id\":\"https:\/\/skaitytaknyga.lt\/produktas\/the-psychology-of-physical-attraction-su-nedideliu-defektu\/\",\"url\":\"https:\/\/skaitytaknyga.lt\/produktas\/the-psychology-of-physical-attraction-su-nedideliu-defektu\/\",\"name\":\"The Psychology of Physical Attraction (Su nedideliu defektu) - Skaitytaknyga\",\"isPartOf\":{\"@id\":\"https:\/\/skaitytaknyga.lt\/#website\"},\"primaryImageOfPage\":{\"@id\":\"https:\/\/skaitytaknyga.lt\/produktas\/the-psychology-of-physical-attraction-su-nedideliu-defektu\/#primaryimage\"},\"image\":{\"@id\":\"https:\/\/skaitytaknyga.lt\/produktas\/the-psychology-of-physical-attraction-su-nedideliu-defektu\/#primaryimage\"},\"thumbnailUrl\":\"https:\/\/skaitytaknyga.lt\/wp-content\/uploads\/2024\/05\/9780415422512.jpg\",\"datePublished\":\"2024-05-02T13:23:21+00:00\",\"dateModified\":\"2024-05-03T07:29:53+00:00\",\"description\":\"People have long been interested in the complexities of human beauty, but until recently the science of attractiveness was largely left to poets, playwrights, philosophers, and artists. This book begins the task of providing a scientific look at physical attraction, by offering an overview of scholarly work on physical beauty, culture, evolution and other aspects of human attractiveness. The Psychology of Physical Attraction\u00a0begins by discussing the role of evolution in the development of what it means to be 'attractive' in contemporary society. It provides a general overview of evolutionary psychology and mate choice, as well as an in-depth focus on physical characteristics such as physical symmetry, body weight and ratios, and youthfulness. The book goes on to explore the role of societal and cultural ideals of beauty through a discussion of the social psychology of human beauty. Finally, the \\\"morality\\\" of physical attractiveness is examined, looking at issues such as discrimination on the basis of looks, body image and eating disorders and cosmetic surgery. Combining both evolutionary and social perspectives, this book offers a unique and comprehensive overview of the many debates involved in the science of physical attraction which ultimately allows for a better understanding of human beauty. It will be of interest to students and researchers in psychology, as well as anyone interested in the science of physical attractiveness.\",\"breadcrumb\":{\"@id\":\"https:\/\/skaitytaknyga.lt\/produktas\/the-psychology-of-physical-attraction-su-nedideliu-defektu\/#breadcrumb\"},\"inLanguage\":\"en-GB\",\"potentialAction\":[{\"@type\":\"ReadAction\",\"target\":[\"https:\/\/skaitytaknyga.lt\/produktas\/the-psychology-of-physical-attraction-su-nedideliu-defektu\/\"]}]},{\"@type\":\"ImageObject\",\"inLanguage\":\"en-GB\",\"@id\":\"https:\/\/skaitytaknyga.lt\/produktas\/the-psychology-of-physical-attraction-su-nedideliu-defektu\/#primaryimage\",\"url\":\"https:\/\/skaitytaknyga.lt\/wp-content\/uploads\/2024\/05\/9780415422512.jpg\",\"contentUrl\":\"https:\/\/skaitytaknyga.lt\/wp-content\/uploads\/2024\/05\/9780415422512.jpg\",\"width\":700,\"height\":1055},{\"@type\":\"BreadcrumbList\",\"@id\":\"https:\/\/skaitytaknyga.lt\/produktas\/the-psychology-of-physical-attraction-su-nedideliu-defektu\/#breadcrumb\",\"itemListElement\":[{\"@type\":\"ListItem\",\"position\":1,\"name\":\"Home\",\"item\":\"https:\/\/skaitytaknyga.lt\/\"},{\"@type\":\"ListItem\",\"position\":2,\"name\":\"Parduotuv\u0117\",\"item\":\"https:\/\/skaitytaknyga.lt\/knygu-parduotuve\/\"},{\"@type\":\"ListItem\",\"position\":3,\"name\":\"The Psychology of Physical Attraction (Su nedideliu defektu)\"}]},{\"@type\":\"WebSite\",\"@id\":\"https:\/\/skaitytaknyga.lt\/#website\",\"url\":\"https:\/\/skaitytaknyga.lt\/\",\"name\":\"skaitytaknyga.lt\",\"description\":\"Skaitytaknyga.lt \u2013 tai ma\u017eas \u0161eimos verslas, kuris prasid\u0117jo nuo meil\u0117s knygoms ir siekio i\u0161gelb\u0117ti knygas nuo likimo prie konteinerio. Kas vienam nereikalingas daiktas \u2013 kitam lobis, o mes esame tarpininkai, kurie padeda abiems tapti laimingesniems ???? \u017dinome kaip nelengva i\u0161gyventi ma\u017eiems verslams, tad nuo \u0161iol, \u010dia rasite ir kit\u0173, ma\u017e\u0173 \u0161eim\u0173 versl\u0173, rank\u0173 darbo, dovan\u0173 sau ir artimiesiems.\",\"publisher\":{\"@id\":\"https:\/\/skaitytaknyga.lt\/#organization\"},\"potentialAction\":[{\"@type\":\"SearchAction\",\"target\":{\"@type\":\"EntryPoint\",\"urlTemplate\":\"https:\/\/skaitytaknyga.lt\/?s={search_term_string}\"},\"query-input\":{\"@type\":\"PropertyValueSpecification\",\"valueRequired\":true,\"valueName\":\"search_term_string\"}}],\"inLanguage\":\"en-GB\"},{\"@type\":\"Organization\",\"@id\":\"https:\/\/skaitytaknyga.lt\/#organization\",\"name\":\"skaitytaknyga.lt\",\"url\":\"https:\/\/skaitytaknyga.lt\/\",\"logo\":{\"@type\":\"ImageObject\",\"inLanguage\":\"en-GB\",\"@id\":\"https:\/\/skaitytaknyga.lt\/#\/schema\/logo\/image\/\",\"url\":\"https:\/\/skaitytaknyga.lt\/wp-content\/uploads\/2024\/05\/cropped-cropped-cropped-02_00843_jt3bggkj1j3HLc7SyY6rEUpg.jpeg\",\"contentUrl\":\"https:\/\/skaitytaknyga.lt\/wp-content\/uploads\/2024\/05\/cropped-cropped-cropped-02_00843_jt3bggkj1j3HLc7SyY6rEUpg.jpeg\",\"width\":1600,\"height\":1600,\"caption\":\"skaitytaknyga.lt\"},\"image\":{\"@id\":\"https:\/\/skaitytaknyga.lt\/#\/schema\/logo\/image\/\"},\"sameAs\":[\"https:\/\/www.facebook.com\/skaitytaknyga\/\"]}]}<\/script>\n<!-- \/ Yoast SEO plugin. -->","yoast_head_json":{"title":"The Psychology of Physical Attraction (Su nedideliu defektu) - Skaitytaknyga","description":"People have long been interested in the complexities of human beauty, but until recently the science of attractiveness was largely left to poets, playwrights, philosophers, and artists. This book begins the task of providing a scientific look at physical attraction, by offering an overview of scholarly work on physical beauty, culture, evolution and other aspects of human attractiveness.  The Psychology of Physical Attraction\u00a0begins by discussing the role of evolution in the development of what it means to be 'attractive' in contemporary society. It provides a general overview of evolutionary psychology and mate choice, as well as an in-depth focus on physical characteristics such as physical symmetry, body weight and ratios, and youthfulness. The book goes on to explore the role of societal and cultural ideals of beauty through a discussion of the social psychology of human beauty. Finally, the \"morality\" of physical attractiveness is examined, looking at issues such as discrimination on the basis of looks, body image and eating disorders and cosmetic surgery.  Combining both evolutionary and social perspectives, this book offers a unique and comprehensive overview of the many debates involved in the science of physical attraction which ultimately allows for a better understanding of human beauty. It will be of interest to students and researchers in psychology, as well as anyone interested in the science of physical attractiveness.","robots":{"index":"index","follow":"follow","max-snippet":"max-snippet:-1","max-image-preview":"max-image-preview:large","max-video-preview":"max-video-preview:-1"},"canonical":"https:\/\/skaitytaknyga.lt\/en\/produktas\/the-psychology-of-physical-attraction-su-nedideliu-defektu\/","og_locale":"en_GB","og_type":"article","og_title":"The Psychology of Physical Attraction (Su nedideliu defektu) - Skaitytaknyga","og_description":"People have long been interested in the complexities of human beauty, but until recently the science of attractiveness was largely left to poets, playwrights, philosophers, and artists. This book begins the task of providing a scientific look at physical attraction, by offering an overview of scholarly work on physical beauty, culture, evolution and other aspects of human attractiveness.  The Psychology of Physical Attraction\u00a0begins by discussing the role of evolution in the development of what it means to be 'attractive' in contemporary society. It provides a general overview of evolutionary psychology and mate choice, as well as an in-depth focus on physical characteristics such as physical symmetry, body weight and ratios, and youthfulness. The book goes on to explore the role of societal and cultural ideals of beauty through a discussion of the social psychology of human beauty. Finally, the \"morality\" of physical attractiveness is examined, looking at issues such as discrimination on the basis of looks, body image and eating disorders and cosmetic surgery.  Combining both evolutionary and social perspectives, this book offers a unique and comprehensive overview of the many debates involved in the science of physical attraction which ultimately allows for a better understanding of human beauty. It will be of interest to students and researchers in psychology, as well as anyone interested in the science of physical attractiveness.","og_url":"https:\/\/skaitytaknyga.lt\/en\/produktas\/the-psychology-of-physical-attraction-su-nedideliu-defektu\/","og_site_name":"Skaitytaknyga","article_publisher":"https:\/\/www.facebook.com\/skaitytaknyga\/","article_modified_time":"2024-05-03T07:29:53+00:00","og_image":[{"width":700,"height":1055,"url":"https:\/\/skaitytaknyga.lt\/wp-content\/uploads\/2024\/05\/9780415422512.jpg","type":"image\/jpeg"}],"twitter_card":"summary_large_image","twitter_misc":{"Estimated reading time":"1 minute"},"schema":{"@context":"https:\/\/schema.org","@graph":[{"@type":"WebPage","@id":"https:\/\/skaitytaknyga.lt\/produktas\/the-psychology-of-physical-attraction-su-nedideliu-defektu\/","url":"https:\/\/skaitytaknyga.lt\/produktas\/the-psychology-of-physical-attraction-su-nedideliu-defektu\/","name":"The Psychology of Physical Attraction (Su nedideliu defektu) - Skaitytaknyga","isPartOf":{"@id":"https:\/\/skaitytaknyga.lt\/#website"},"primaryImageOfPage":{"@id":"https:\/\/skaitytaknyga.lt\/produktas\/the-psychology-of-physical-attraction-su-nedideliu-defektu\/#primaryimage"},"image":{"@id":"https:\/\/skaitytaknyga.lt\/produktas\/the-psychology-of-physical-attraction-su-nedideliu-defektu\/#primaryimage"},"thumbnailUrl":"https:\/\/skaitytaknyga.lt\/wp-content\/uploads\/2024\/05\/9780415422512.jpg","datePublished":"2024-05-02T13:23:21+00:00","dateModified":"2024-05-03T07:29:53+00:00","description":"People have long been interested in the complexities of human beauty, but until recently the science of attractiveness was largely left to poets, playwrights, philosophers, and artists. This book begins the task of providing a scientific look at physical attraction, by offering an overview of scholarly work on physical beauty, culture, evolution and other aspects of human attractiveness. The Psychology of Physical Attraction\u00a0begins by discussing the role of evolution in the development of what it means to be 'attractive' in contemporary society. It provides a general overview of evolutionary psychology and mate choice, as well as an in-depth focus on physical characteristics such as physical symmetry, body weight and ratios, and youthfulness. The book goes on to explore the role of societal and cultural ideals of beauty through a discussion of the social psychology of human beauty. Finally, the \"morality\" of physical attractiveness is examined, looking at issues such as discrimination on the basis of looks, body image and eating disorders and cosmetic surgery. Combining both evolutionary and social perspectives, this book offers a unique and comprehensive overview of the many debates involved in the science of physical attraction which ultimately allows for a better understanding of human beauty. It will be of interest to students and researchers in psychology, as well as anyone interested in the science of physical attractiveness.","breadcrumb":{"@id":"https:\/\/skaitytaknyga.lt\/produktas\/the-psychology-of-physical-attraction-su-nedideliu-defektu\/#breadcrumb"},"inLanguage":"en-GB","potentialAction":[{"@type":"ReadAction","target":["https:\/\/skaitytaknyga.lt\/produktas\/the-psychology-of-physical-attraction-su-nedideliu-defektu\/"]}]},{"@type":"ImageObject","inLanguage":"en-GB","@id":"https:\/\/skaitytaknyga.lt\/produktas\/the-psychology-of-physical-attraction-su-nedideliu-defektu\/#primaryimage","url":"https:\/\/skaitytaknyga.lt\/wp-content\/uploads\/2024\/05\/9780415422512.jpg","contentUrl":"https:\/\/skaitytaknyga.lt\/wp-content\/uploads\/2024\/05\/9780415422512.jpg","width":700,"height":1055},{"@type":"BreadcrumbList","@id":"https:\/\/skaitytaknyga.lt\/produktas\/the-psychology-of-physical-attraction-su-nedideliu-defektu\/#breadcrumb","itemListElement":[{"@type":"ListItem","position":1,"name":"Home","item":"https:\/\/skaitytaknyga.lt\/"},{"@type":"ListItem","position":2,"name":"Parduotuv\u0117","item":"https:\/\/skaitytaknyga.lt\/knygu-parduotuve\/"},{"@type":"ListItem","position":3,"name":"The Psychology of Physical Attraction (Su nedideliu defektu)"}]},{"@type":"WebSite","@id":"https:\/\/skaitytaknyga.lt\/#website","url":"https:\/\/skaitytaknyga.lt\/","name":"skaitytaknyga.lt","description":"Skaitytaknyga.lt \u2013 tai ma\u017eas \u0161eimos verslas, kuris prasid\u0117jo nuo meil\u0117s knygoms ir siekio i\u0161gelb\u0117ti knygas nuo likimo prie konteinerio. Kas vienam nereikalingas daiktas \u2013 kitam lobis, o mes esame tarpininkai, kurie padeda abiems tapti laimingesniems ???? \u017dinome kaip nelengva i\u0161gyventi ma\u017eiems verslams, tad nuo \u0161iol, \u010dia rasite ir kit\u0173, ma\u017e\u0173 \u0161eim\u0173 versl\u0173, rank\u0173 darbo, dovan\u0173 sau ir artimiesiems.","publisher":{"@id":"https:\/\/skaitytaknyga.lt\/#organization"},"potentialAction":[{"@type":"SearchAction","target":{"@type":"EntryPoint","urlTemplate":"https:\/\/skaitytaknyga.lt\/?s={search_term_string}"},"query-input":{"@type":"PropertyValueSpecification","valueRequired":true,"valueName":"search_term_string"}}],"inLanguage":"en-GB"},{"@type":"Organization","@id":"https:\/\/skaitytaknyga.lt\/#organization","name":"skaitytaknyga.lt","url":"https:\/\/skaitytaknyga.lt\/","logo":{"@type":"ImageObject","inLanguage":"en-GB","@id":"https:\/\/skaitytaknyga.lt\/#\/schema\/logo\/image\/","url":"https:\/\/skaitytaknyga.lt\/wp-content\/uploads\/2024\/05\/cropped-cropped-cropped-02_00843_jt3bggkj1j3HLc7SyY6rEUpg.jpeg","contentUrl":"https:\/\/skaitytaknyga.lt\/wp-content\/uploads\/2024\/05\/cropped-cropped-cropped-02_00843_jt3bggkj1j3HLc7SyY6rEUpg.jpeg","width":1600,"height":1600,"caption":"skaitytaknyga.lt"},"image":{"@id":"https:\/\/skaitytaknyga.lt\/#\/schema\/logo\/image\/"},"sameAs":["https:\/\/www.facebook.com\/skaitytaknyga\/"]}]}},"_links":{"self":[{"href":"https:\/\/skaitytaknyga.lt\/en\/wp-json\/wp\/v2\/product\/6611","targetHints":{"allow":["GET"]}}],"collection":[{"href":"https:\/\/skaitytaknyga.lt\/en\/wp-json\/wp\/v2\/product"}],"about":[{"href":"https:\/\/skaitytaknyga.lt\/en\/wp-json\/wp\/v2\/types\/product"}],"replies":[{"embeddable":true,"href":"https:\/\/skaitytaknyga.lt\/en\/wp-json\/wp\/v2\/comments?post=6611"}],"wp:featuredmedia":[{"embeddable":true,"href":"https:\/\/skaitytaknyga.lt\/en\/wp-json\/wp\/v2\/media\/6623"}],"wp:attachment":[{"href":"https:\/\/skaitytaknyga.lt\/en\/wp-json\/wp\/v2\/media?parent=6611"}],"wp:term":[{"taxonomy":"product_brand","embeddable":true,"href":"https:\/\/skaitytaknyga.lt\/en\/wp-json\/wp\/v2\/product_brand?post=6611"},{"taxonomy":"product_cat","embeddable":true,"href":"https:\/\/skaitytaknyga.lt\/en\/wp-json\/wp\/v2\/product_cat?post=6611"},{"taxonomy":"product_tag","embeddable":true,"href":"https:\/\/skaitytaknyga.lt\/en\/wp-json\/wp\/v2\/product_tag?post=6611"}],"curies":[{"name":"wp","href":"https:\/\/api.w.org\/{rel}","templated":true}]}}