{"id":6598,"date":"2024-05-02T13:23:00","date_gmt":"2024-05-02T13:23:00","guid":{"rendered":"https:\/\/skaitytaknyga.lt\/?post_type=product&#038;p=6598"},"modified":"2024-05-03T07:29:52","modified_gmt":"2024-05-03T07:29:52","slug":"savas-ir-kitas-siuolaikiniais-poziuriais","status":"publish","type":"product","link":"https:\/\/skaitytaknyga.lt\/en\/produktas\/savas-ir-kitas-siuolaikiniais-poziuriais\/","title":{"rendered":"Savas ir kitas: \u0161iuolaikiniais po\u017ei\u016briais"},"content":{"rendered":"<p>Pa\u017einti sava ir kita skatina \u0161iuolaikinio mokslo ir visuomen\u0117s aktualijos. Klausimai, kas ir koks esu, kaip suprantu Kit\u0105, susij\u0119 su socialiniu, kult\u016briniu, politiniu gyvenimu; istorijoje jie gvildenami nuo seno. Atsakymai \u012f \u0161iuos klausimus svarb\u016bs demokratin\u0117s pilietin\u0117s visuomen\u0117s pl\u0117totei, jie atskleid\u017eia \u012fvairiausius Europos integracijos ypatumus.<\/p>\n<p>Etnologijoje ir antropologijoje susidom\u0117jimas savo ir kito apibr\u0117\u017eimais rodo tarpdalykinius diskursus, \u017emoni\u0173 tapatybes, \u0161iuolaikin\u0117s visuomen\u0117s keitim\u0105si ir ma\u017eiau kintan\u010dias vertybes. \u0160ioje knygoje atskleid\u017eiame \u0161iuolaikinius teorinius po\u017ei\u016brius \u012f antropologij\u0105 ir etnologij\u0105, kult\u016bros studijas: nagrin\u0117jame tyrim\u0173 metodologij\u0173 ypatumus, siekdami sudominti \u017emogaus tapatybe, \u017emoni\u0173 santykiais Europoje, paribiuose ir Lietuvoje, \u0161iuolaikin\u0117mis kult\u016bros vertyb\u0117mis. Nagrin\u0117jame mokslo istorij\u0105, tautas, j\u0173 tapatybes, stereotipus, \u0161eimas ir i\u0161skirtinius kult\u016bros \u017eenklus.<\/p>\n","protected":false},"excerpt":{"rendered":"<p>Pa\u017einti sava ir kita skatina \u0161iuolaikinio mokslo ir visuomen\u0117s aktualijos. Klausimai, kas ir koks esu, kaip suprantu Kit\u0105, susij\u0119 su socialiniu, kult\u016briniu, politiniu gyvenimu; istorijoje jie gvildenami nuo seno. Atsakymai \u012f \u0161iuos klausimus svarb\u016bs demokratin\u0117s pilietin\u0117s visuomen\u0117s pl\u0117totei, jie atskleid\u017eia \u012fvairiausius Europos integracijos ypatumus.<\/p>\n<p>Etnologijoje ir antropologijoje susidom\u0117jimas savo ir kito apibr\u0117\u017eimais rodo tarpdalykinius diskursus, \u017emoni\u0173 tapatybes, \u0161iuolaikin\u0117s visuomen\u0117s keitim\u0105si ir ma\u017eiau kintan\u010dias vertybes. \u0160ioje knygoje atskleid\u017eiame \u0161iuolaikinius teorinius po\u017ei\u016brius \u012f antropologij\u0105 ir etnologij\u0105, kult\u016bros studijas: nagrin\u0117jame tyrim\u0173 metodologij\u0173 ypatumus, siekdami sudominti \u017emogaus tapatybe, \u017emoni\u0173 santykiais Europoje, paribiuose ir Lietuvoje, \u0161iuolaikin\u0117mis kult\u016bros vertyb\u0117mis. Nagrin\u0117jame mokslo istorij\u0105, tautas, j\u0173 tapatybes, stereotipus, \u0161eimas ir i\u0161skirtinius kult\u016bros \u017eenklus.<\/p>\n","protected":false},"featured_media":6617,"comment_status":"closed","ping_status":"closed","template":"","meta":{"_acf_changed":false,"site-sidebar-layout":"default","site-content-layout":"","ast-site-content-layout":"default","site-content-style":"default","site-sidebar-style":"default","ast-global-header-display":"","ast-banner-title-visibility":"","ast-main-header-display":"","ast-hfb-above-header-display":"","ast-hfb-below-header-display":"","ast-hfb-mobile-header-display":"","site-post-title":"","ast-breadcrumbs-content":"","ast-featured-img":"","footer-sml-layout":"","ast-disable-related-posts":"","theme-transparent-header-meta":"","adv-header-id-meta":"","stick-header-meta":"","header-above-stick-meta":"","header-main-stick-meta":"","header-below-stick-meta":"","astra-migrate-meta-layouts":"default","ast-page-background-enabled":"default","ast-page-background-meta":{"desktop":{"background-color":"","background-image":"","background-repeat":"repeat","background-position":"center center","background-size":"auto","background-attachment":"scroll","background-type":"","background-media":"","overlay-type":"","overlay-color":"","overlay-opacity":"","overlay-gradient":""},"tablet":{"background-color":"","background-image":"","background-repeat":"repeat","background-position":"center center","background-size":"auto","background-attachment":"scroll","background-type":"","background-media":"","overlay-type":"","overlay-color":"","overlay-opacity":"","overlay-gradient":""},"mobile":{"background-color":"","background-image":"","background-repeat":"repeat","background-position":"center center","background-size":"auto","background-attachment":"scroll","background-type":"","background-media":"","overlay-type":"","overlay-color":"","overlay-opacity":"","overlay-gradient":""}},"ast-content-background-meta":{"desktop":{"background-color":"var(--ast-global-color-4)","background-image":"","background-repeat":"repeat","background-position":"center center","background-size":"auto","background-attachment":"scroll","background-type":"","background-media":"","overlay-type":"","overlay-color":"","overlay-opacity":"","overlay-gradient":""},"tablet":{"background-color":"var(--ast-global-color-4)","background-image":"","background-repeat":"repeat","background-position":"center center","background-size":"auto","background-attachment":"scroll","background-type":"","background-media":"","overlay-type":"","overlay-color":"","overlay-opacity":"","overlay-gradient":""},"mobile":{"background-color":"var(--ast-global-color-4)","background-image":"","background-repeat":"repeat","background-position":"center center","background-size":"auto","background-attachment":"scroll","background-type":"","background-media":"","overlay-type":"","overlay-color":"","overlay-opacity":"","overlay-gradient":""}}},"product_brand":[],"product_cat":[165],"product_tag":[],"class_list":{"0":"post-6598","1":"product","2":"type-product","3":"status-publish","4":"has-post-thumbnail","6":"product_cat-religija-filosofija-ir-ezoterika","7":"desktop-align-left","8":"tablet-align-left","9":"mobile-align-left","11":"first","12":"outofstock","13":"shipping-taxable","14":"purchasable","15":"product-type-simple"},"acf":[],"yoast_head":"<!-- This site is optimized with the Yoast SEO plugin v27.0 - https:\/\/yoast.com\/product\/yoast-seo-wordpress\/ -->\n<title>Savas ir kitas: \u0161iuolaikiniais po\u017ei\u016briais - Skaitytaknyga<\/title>\n<meta name=\"description\" content=\"Pa\u017einti sava ir kita skatina \u0161iuolaikinio mokslo ir visuomen\u0117s aktualijos. Klausimai, kas ir koks esu, kaip suprantu Kit\u0105, susij\u0119 su socialiniu, kult\u016briniu, politiniu gyvenimu; istorijoje jie gvildenami nuo seno. Atsakymai \u012f \u0161iuos klausimus svarb\u016bs demokratin\u0117s pilietin\u0117s visuomen\u0117s pl\u0117totei, jie atskleid\u017eia \u012fvairiausius Europos integracijos ypatumus.  Etnologijoje ir antropologijoje susidom\u0117jimas savo ir kito apibr\u0117\u017eimais rodo tarpdalykinius diskursus, \u017emoni\u0173 tapatybes, \u0161iuolaikin\u0117s visuomen\u0117s keitim\u0105si ir ma\u017eiau kintan\u010dias vertybes. \u0160ioje knygoje atskleid\u017eiame \u0161iuolaikinius teorinius po\u017ei\u016brius \u012f antropologij\u0105 ir etnologij\u0105, kult\u016bros studijas: nagrin\u0117jame tyrim\u0173 metodologij\u0173 ypatumus, siekdami sudominti \u017emogaus tapatybe, \u017emoni\u0173 santykiais Europoje, paribiuose ir Lietuvoje, \u0161iuolaikin\u0117mis kult\u016bros vertyb\u0117mis. Nagrin\u0117jame mokslo istorij\u0105, tautas, j\u0173 tapatybes, stereotipus, \u0161eimas ir i\u0161skirtinius kult\u016bros \u017eenklus.\" \/>\n<meta name=\"robots\" content=\"index, follow, max-snippet:-1, max-image-preview:large, max-video-preview:-1\" \/>\n<link rel=\"canonical\" href=\"https:\/\/skaitytaknyga.lt\/en\/produktas\/savas-ir-kitas-siuolaikiniais-poziuriais\/\" \/>\n<meta property=\"og:locale\" content=\"en_GB\" \/>\n<meta property=\"og:locale:alternate\" content=\"lt_LT\" \/>\n<meta property=\"og:type\" content=\"article\" \/>\n<meta property=\"og:title\" content=\"Savas ir kitas: \u0161iuolaikiniais po\u017ei\u016briais - Skaitytaknyga\" \/>\n<meta property=\"og:description\" content=\"Pa\u017einti sava ir kita skatina \u0161iuolaikinio mokslo ir visuomen\u0117s aktualijos. Klausimai, kas ir koks esu, kaip suprantu Kit\u0105, susij\u0119 su socialiniu, kult\u016briniu, politiniu gyvenimu; istorijoje jie gvildenami nuo seno. Atsakymai \u012f \u0161iuos klausimus svarb\u016bs demokratin\u0117s pilietin\u0117s visuomen\u0117s pl\u0117totei, jie atskleid\u017eia \u012fvairiausius Europos integracijos ypatumus.  Etnologijoje ir antropologijoje susidom\u0117jimas savo ir kito apibr\u0117\u017eimais rodo tarpdalykinius diskursus, \u017emoni\u0173 tapatybes, \u0161iuolaikin\u0117s visuomen\u0117s keitim\u0105si ir ma\u017eiau kintan\u010dias vertybes. \u0160ioje knygoje atskleid\u017eiame \u0161iuolaikinius teorinius po\u017ei\u016brius \u012f antropologij\u0105 ir etnologij\u0105, kult\u016bros studijas: nagrin\u0117jame tyrim\u0173 metodologij\u0173 ypatumus, siekdami sudominti \u017emogaus tapatybe, \u017emoni\u0173 santykiais Europoje, paribiuose ir Lietuvoje, \u0161iuolaikin\u0117mis kult\u016bros vertyb\u0117mis. Nagrin\u0117jame mokslo istorij\u0105, tautas, j\u0173 tapatybes, stereotipus, \u0161eimas ir i\u0161skirtinius kult\u016bros \u017eenklus.\" \/>\n<meta property=\"og:url\" content=\"https:\/\/skaitytaknyga.lt\/en\/produktas\/savas-ir-kitas-siuolaikiniais-poziuriais\/\" \/>\n<meta property=\"og:site_name\" content=\"Skaitytaknyga\" \/>\n<meta property=\"article:publisher\" content=\"https:\/\/www.facebook.com\/skaitytaknyga\/\" \/>\n<meta property=\"article:modified_time\" content=\"2024-05-03T07:29:52+00:00\" \/>\n<meta property=\"og:image\" content=\"https:\/\/skaitytaknyga.lt\/wp-content\/uploads\/2024\/05\/savas-ir-kitas-siuolaikiniais-poziuriais.jpg\" \/>\n\t<meta property=\"og:image:width\" content=\"278\" \/>\n\t<meta property=\"og:image:height\" content=\"430\" \/>\n\t<meta property=\"og:image:type\" content=\"image\/jpeg\" \/>\n<meta name=\"twitter:card\" content=\"summary_large_image\" \/>\n<meta name=\"twitter:label1\" content=\"Estimated reading time\" \/>\n\t<meta name=\"twitter:data1\" content=\"1 minute\" \/>\n<script type=\"application\/ld+json\" class=\"yoast-schema-graph\">{\"@context\":\"https:\/\/schema.org\",\"@graph\":[{\"@type\":\"WebPage\",\"@id\":\"https:\/\/skaitytaknyga.lt\/produktas\/savas-ir-kitas-siuolaikiniais-poziuriais\/\",\"url\":\"https:\/\/skaitytaknyga.lt\/produktas\/savas-ir-kitas-siuolaikiniais-poziuriais\/\",\"name\":\"Savas ir kitas: \u0161iuolaikiniais po\u017ei\u016briais - Skaitytaknyga\",\"isPartOf\":{\"@id\":\"https:\/\/skaitytaknyga.lt\/#website\"},\"primaryImageOfPage\":{\"@id\":\"https:\/\/skaitytaknyga.lt\/produktas\/savas-ir-kitas-siuolaikiniais-poziuriais\/#primaryimage\"},\"image\":{\"@id\":\"https:\/\/skaitytaknyga.lt\/produktas\/savas-ir-kitas-siuolaikiniais-poziuriais\/#primaryimage\"},\"thumbnailUrl\":\"https:\/\/skaitytaknyga.lt\/wp-content\/uploads\/2024\/05\/savas-ir-kitas-siuolaikiniais-poziuriais.jpg\",\"datePublished\":\"2024-05-02T13:23:00+00:00\",\"dateModified\":\"2024-05-03T07:29:52+00:00\",\"description\":\"Pa\u017einti sava ir kita skatina \u0161iuolaikinio mokslo ir visuomen\u0117s aktualijos. Klausimai, kas ir koks esu, kaip suprantu Kit\u0105, susij\u0119 su socialiniu, kult\u016briniu, politiniu gyvenimu; istorijoje jie gvildenami nuo seno. Atsakymai \u012f \u0161iuos klausimus svarb\u016bs demokratin\u0117s pilietin\u0117s visuomen\u0117s pl\u0117totei, jie atskleid\u017eia \u012fvairiausius Europos integracijos ypatumus. Etnologijoje ir antropologijoje susidom\u0117jimas savo ir kito apibr\u0117\u017eimais rodo tarpdalykinius diskursus, \u017emoni\u0173 tapatybes, \u0161iuolaikin\u0117s visuomen\u0117s keitim\u0105si ir ma\u017eiau kintan\u010dias vertybes. \u0160ioje knygoje atskleid\u017eiame \u0161iuolaikinius teorinius po\u017ei\u016brius \u012f antropologij\u0105 ir etnologij\u0105, kult\u016bros studijas: nagrin\u0117jame tyrim\u0173 metodologij\u0173 ypatumus, siekdami sudominti \u017emogaus tapatybe, \u017emoni\u0173 santykiais Europoje, paribiuose ir Lietuvoje, \u0161iuolaikin\u0117mis kult\u016bros vertyb\u0117mis. Nagrin\u0117jame mokslo istorij\u0105, tautas, j\u0173 tapatybes, stereotipus, \u0161eimas ir i\u0161skirtinius kult\u016bros \u017eenklus.\",\"breadcrumb\":{\"@id\":\"https:\/\/skaitytaknyga.lt\/produktas\/savas-ir-kitas-siuolaikiniais-poziuriais\/#breadcrumb\"},\"inLanguage\":\"en-GB\",\"potentialAction\":[{\"@type\":\"ReadAction\",\"target\":[\"https:\/\/skaitytaknyga.lt\/produktas\/savas-ir-kitas-siuolaikiniais-poziuriais\/\"]}]},{\"@type\":\"ImageObject\",\"inLanguage\":\"en-GB\",\"@id\":\"https:\/\/skaitytaknyga.lt\/produktas\/savas-ir-kitas-siuolaikiniais-poziuriais\/#primaryimage\",\"url\":\"https:\/\/skaitytaknyga.lt\/wp-content\/uploads\/2024\/05\/savas-ir-kitas-siuolaikiniais-poziuriais.jpg\",\"contentUrl\":\"https:\/\/skaitytaknyga.lt\/wp-content\/uploads\/2024\/05\/savas-ir-kitas-siuolaikiniais-poziuriais.jpg\",\"width\":278,\"height\":430},{\"@type\":\"BreadcrumbList\",\"@id\":\"https:\/\/skaitytaknyga.lt\/produktas\/savas-ir-kitas-siuolaikiniais-poziuriais\/#breadcrumb\",\"itemListElement\":[{\"@type\":\"ListItem\",\"position\":1,\"name\":\"Home\",\"item\":\"https:\/\/skaitytaknyga.lt\/\"},{\"@type\":\"ListItem\",\"position\":2,\"name\":\"Parduotuv\u0117\",\"item\":\"https:\/\/skaitytaknyga.lt\/knygu-parduotuve\/\"},{\"@type\":\"ListItem\",\"position\":3,\"name\":\"Savas ir kitas: \u0161iuolaikiniais po\u017ei\u016briais\"}]},{\"@type\":\"WebSite\",\"@id\":\"https:\/\/skaitytaknyga.lt\/#website\",\"url\":\"https:\/\/skaitytaknyga.lt\/\",\"name\":\"skaitytaknyga.lt\",\"description\":\"Skaitytaknyga.lt \u2013 tai ma\u017eas \u0161eimos verslas, kuris prasid\u0117jo nuo meil\u0117s knygoms ir siekio i\u0161gelb\u0117ti knygas nuo likimo prie konteinerio. Kas vienam nereikalingas daiktas \u2013 kitam lobis, o mes esame tarpininkai, kurie padeda abiems tapti laimingesniems ???? \u017dinome kaip nelengva i\u0161gyventi ma\u017eiems verslams, tad nuo \u0161iol, \u010dia rasite ir kit\u0173, ma\u017e\u0173 \u0161eim\u0173 versl\u0173, rank\u0173 darbo, dovan\u0173 sau ir artimiesiems.\",\"publisher\":{\"@id\":\"https:\/\/skaitytaknyga.lt\/#organization\"},\"potentialAction\":[{\"@type\":\"SearchAction\",\"target\":{\"@type\":\"EntryPoint\",\"urlTemplate\":\"https:\/\/skaitytaknyga.lt\/?s={search_term_string}\"},\"query-input\":{\"@type\":\"PropertyValueSpecification\",\"valueRequired\":true,\"valueName\":\"search_term_string\"}}],\"inLanguage\":\"en-GB\"},{\"@type\":\"Organization\",\"@id\":\"https:\/\/skaitytaknyga.lt\/#organization\",\"name\":\"skaitytaknyga.lt\",\"url\":\"https:\/\/skaitytaknyga.lt\/\",\"logo\":{\"@type\":\"ImageObject\",\"inLanguage\":\"en-GB\",\"@id\":\"https:\/\/skaitytaknyga.lt\/#\/schema\/logo\/image\/\",\"url\":\"https:\/\/skaitytaknyga.lt\/wp-content\/uploads\/2024\/05\/cropped-cropped-cropped-02_00843_jt3bggkj1j3HLc7SyY6rEUpg.jpeg\",\"contentUrl\":\"https:\/\/skaitytaknyga.lt\/wp-content\/uploads\/2024\/05\/cropped-cropped-cropped-02_00843_jt3bggkj1j3HLc7SyY6rEUpg.jpeg\",\"width\":1600,\"height\":1600,\"caption\":\"skaitytaknyga.lt\"},\"image\":{\"@id\":\"https:\/\/skaitytaknyga.lt\/#\/schema\/logo\/image\/\"},\"sameAs\":[\"https:\/\/www.facebook.com\/skaitytaknyga\/\"]}]}<\/script>\n<!-- \/ Yoast SEO plugin. -->","yoast_head_json":{"title":"Savas ir kitas: \u0161iuolaikiniais po\u017ei\u016briais - Skaitytaknyga","description":"Pa\u017einti sava ir kita skatina \u0161iuolaikinio mokslo ir visuomen\u0117s aktualijos. Klausimai, kas ir koks esu, kaip suprantu Kit\u0105, susij\u0119 su socialiniu, kult\u016briniu, politiniu gyvenimu; istorijoje jie gvildenami nuo seno. Atsakymai \u012f \u0161iuos klausimus svarb\u016bs demokratin\u0117s pilietin\u0117s visuomen\u0117s pl\u0117totei, jie atskleid\u017eia \u012fvairiausius Europos integracijos ypatumus.  Etnologijoje ir antropologijoje susidom\u0117jimas savo ir kito apibr\u0117\u017eimais rodo tarpdalykinius diskursus, \u017emoni\u0173 tapatybes, \u0161iuolaikin\u0117s visuomen\u0117s keitim\u0105si ir ma\u017eiau kintan\u010dias vertybes. \u0160ioje knygoje atskleid\u017eiame \u0161iuolaikinius teorinius po\u017ei\u016brius \u012f antropologij\u0105 ir etnologij\u0105, kult\u016bros studijas: nagrin\u0117jame tyrim\u0173 metodologij\u0173 ypatumus, siekdami sudominti \u017emogaus tapatybe, \u017emoni\u0173 santykiais Europoje, paribiuose ir Lietuvoje, \u0161iuolaikin\u0117mis kult\u016bros vertyb\u0117mis. Nagrin\u0117jame mokslo istorij\u0105, tautas, j\u0173 tapatybes, stereotipus, \u0161eimas ir i\u0161skirtinius kult\u016bros \u017eenklus.","robots":{"index":"index","follow":"follow","max-snippet":"max-snippet:-1","max-image-preview":"max-image-preview:large","max-video-preview":"max-video-preview:-1"},"canonical":"https:\/\/skaitytaknyga.lt\/en\/produktas\/savas-ir-kitas-siuolaikiniais-poziuriais\/","og_locale":"en_GB","og_type":"article","og_title":"Savas ir kitas: \u0161iuolaikiniais po\u017ei\u016briais - Skaitytaknyga","og_description":"Pa\u017einti sava ir kita skatina \u0161iuolaikinio mokslo ir visuomen\u0117s aktualijos. Klausimai, kas ir koks esu, kaip suprantu Kit\u0105, susij\u0119 su socialiniu, kult\u016briniu, politiniu gyvenimu; istorijoje jie gvildenami nuo seno. Atsakymai \u012f \u0161iuos klausimus svarb\u016bs demokratin\u0117s pilietin\u0117s visuomen\u0117s pl\u0117totei, jie atskleid\u017eia \u012fvairiausius Europos integracijos ypatumus.  Etnologijoje ir antropologijoje susidom\u0117jimas savo ir kito apibr\u0117\u017eimais rodo tarpdalykinius diskursus, \u017emoni\u0173 tapatybes, \u0161iuolaikin\u0117s visuomen\u0117s keitim\u0105si ir ma\u017eiau kintan\u010dias vertybes. \u0160ioje knygoje atskleid\u017eiame \u0161iuolaikinius teorinius po\u017ei\u016brius \u012f antropologij\u0105 ir etnologij\u0105, kult\u016bros studijas: nagrin\u0117jame tyrim\u0173 metodologij\u0173 ypatumus, siekdami sudominti \u017emogaus tapatybe, \u017emoni\u0173 santykiais Europoje, paribiuose ir Lietuvoje, \u0161iuolaikin\u0117mis kult\u016bros vertyb\u0117mis. Nagrin\u0117jame mokslo istorij\u0105, tautas, j\u0173 tapatybes, stereotipus, \u0161eimas ir i\u0161skirtinius kult\u016bros \u017eenklus.","og_url":"https:\/\/skaitytaknyga.lt\/en\/produktas\/savas-ir-kitas-siuolaikiniais-poziuriais\/","og_site_name":"Skaitytaknyga","article_publisher":"https:\/\/www.facebook.com\/skaitytaknyga\/","article_modified_time":"2024-05-03T07:29:52+00:00","og_image":[{"width":278,"height":430,"url":"https:\/\/skaitytaknyga.lt\/wp-content\/uploads\/2024\/05\/savas-ir-kitas-siuolaikiniais-poziuriais.jpg","type":"image\/jpeg"}],"twitter_card":"summary_large_image","twitter_misc":{"Estimated reading time":"1 minute"},"schema":{"@context":"https:\/\/schema.org","@graph":[{"@type":"WebPage","@id":"https:\/\/skaitytaknyga.lt\/produktas\/savas-ir-kitas-siuolaikiniais-poziuriais\/","url":"https:\/\/skaitytaknyga.lt\/produktas\/savas-ir-kitas-siuolaikiniais-poziuriais\/","name":"Savas ir kitas: \u0161iuolaikiniais po\u017ei\u016briais - Skaitytaknyga","isPartOf":{"@id":"https:\/\/skaitytaknyga.lt\/#website"},"primaryImageOfPage":{"@id":"https:\/\/skaitytaknyga.lt\/produktas\/savas-ir-kitas-siuolaikiniais-poziuriais\/#primaryimage"},"image":{"@id":"https:\/\/skaitytaknyga.lt\/produktas\/savas-ir-kitas-siuolaikiniais-poziuriais\/#primaryimage"},"thumbnailUrl":"https:\/\/skaitytaknyga.lt\/wp-content\/uploads\/2024\/05\/savas-ir-kitas-siuolaikiniais-poziuriais.jpg","datePublished":"2024-05-02T13:23:00+00:00","dateModified":"2024-05-03T07:29:52+00:00","description":"Pa\u017einti sava ir kita skatina \u0161iuolaikinio mokslo ir visuomen\u0117s aktualijos. Klausimai, kas ir koks esu, kaip suprantu Kit\u0105, susij\u0119 su socialiniu, kult\u016briniu, politiniu gyvenimu; istorijoje jie gvildenami nuo seno. Atsakymai \u012f \u0161iuos klausimus svarb\u016bs demokratin\u0117s pilietin\u0117s visuomen\u0117s pl\u0117totei, jie atskleid\u017eia \u012fvairiausius Europos integracijos ypatumus. Etnologijoje ir antropologijoje susidom\u0117jimas savo ir kito apibr\u0117\u017eimais rodo tarpdalykinius diskursus, \u017emoni\u0173 tapatybes, \u0161iuolaikin\u0117s visuomen\u0117s keitim\u0105si ir ma\u017eiau kintan\u010dias vertybes. \u0160ioje knygoje atskleid\u017eiame \u0161iuolaikinius teorinius po\u017ei\u016brius \u012f antropologij\u0105 ir etnologij\u0105, kult\u016bros studijas: nagrin\u0117jame tyrim\u0173 metodologij\u0173 ypatumus, siekdami sudominti \u017emogaus tapatybe, \u017emoni\u0173 santykiais Europoje, paribiuose ir Lietuvoje, \u0161iuolaikin\u0117mis kult\u016bros vertyb\u0117mis. Nagrin\u0117jame mokslo istorij\u0105, tautas, j\u0173 tapatybes, stereotipus, \u0161eimas ir i\u0161skirtinius kult\u016bros \u017eenklus.","breadcrumb":{"@id":"https:\/\/skaitytaknyga.lt\/produktas\/savas-ir-kitas-siuolaikiniais-poziuriais\/#breadcrumb"},"inLanguage":"en-GB","potentialAction":[{"@type":"ReadAction","target":["https:\/\/skaitytaknyga.lt\/produktas\/savas-ir-kitas-siuolaikiniais-poziuriais\/"]}]},{"@type":"ImageObject","inLanguage":"en-GB","@id":"https:\/\/skaitytaknyga.lt\/produktas\/savas-ir-kitas-siuolaikiniais-poziuriais\/#primaryimage","url":"https:\/\/skaitytaknyga.lt\/wp-content\/uploads\/2024\/05\/savas-ir-kitas-siuolaikiniais-poziuriais.jpg","contentUrl":"https:\/\/skaitytaknyga.lt\/wp-content\/uploads\/2024\/05\/savas-ir-kitas-siuolaikiniais-poziuriais.jpg","width":278,"height":430},{"@type":"BreadcrumbList","@id":"https:\/\/skaitytaknyga.lt\/produktas\/savas-ir-kitas-siuolaikiniais-poziuriais\/#breadcrumb","itemListElement":[{"@type":"ListItem","position":1,"name":"Home","item":"https:\/\/skaitytaknyga.lt\/"},{"@type":"ListItem","position":2,"name":"Parduotuv\u0117","item":"https:\/\/skaitytaknyga.lt\/knygu-parduotuve\/"},{"@type":"ListItem","position":3,"name":"Savas ir kitas: \u0161iuolaikiniais po\u017ei\u016briais"}]},{"@type":"WebSite","@id":"https:\/\/skaitytaknyga.lt\/#website","url":"https:\/\/skaitytaknyga.lt\/","name":"skaitytaknyga.lt","description":"Skaitytaknyga.lt \u2013 tai ma\u017eas \u0161eimos verslas, kuris prasid\u0117jo nuo meil\u0117s knygoms ir siekio i\u0161gelb\u0117ti knygas nuo likimo prie konteinerio. Kas vienam nereikalingas daiktas \u2013 kitam lobis, o mes esame tarpininkai, kurie padeda abiems tapti laimingesniems ???? \u017dinome kaip nelengva i\u0161gyventi ma\u017eiems verslams, tad nuo \u0161iol, \u010dia rasite ir kit\u0173, ma\u017e\u0173 \u0161eim\u0173 versl\u0173, rank\u0173 darbo, dovan\u0173 sau ir artimiesiems.","publisher":{"@id":"https:\/\/skaitytaknyga.lt\/#organization"},"potentialAction":[{"@type":"SearchAction","target":{"@type":"EntryPoint","urlTemplate":"https:\/\/skaitytaknyga.lt\/?s={search_term_string}"},"query-input":{"@type":"PropertyValueSpecification","valueRequired":true,"valueName":"search_term_string"}}],"inLanguage":"en-GB"},{"@type":"Organization","@id":"https:\/\/skaitytaknyga.lt\/#organization","name":"skaitytaknyga.lt","url":"https:\/\/skaitytaknyga.lt\/","logo":{"@type":"ImageObject","inLanguage":"en-GB","@id":"https:\/\/skaitytaknyga.lt\/#\/schema\/logo\/image\/","url":"https:\/\/skaitytaknyga.lt\/wp-content\/uploads\/2024\/05\/cropped-cropped-cropped-02_00843_jt3bggkj1j3HLc7SyY6rEUpg.jpeg","contentUrl":"https:\/\/skaitytaknyga.lt\/wp-content\/uploads\/2024\/05\/cropped-cropped-cropped-02_00843_jt3bggkj1j3HLc7SyY6rEUpg.jpeg","width":1600,"height":1600,"caption":"skaitytaknyga.lt"},"image":{"@id":"https:\/\/skaitytaknyga.lt\/#\/schema\/logo\/image\/"},"sameAs":["https:\/\/www.facebook.com\/skaitytaknyga\/"]}]}},"_links":{"self":[{"href":"https:\/\/skaitytaknyga.lt\/en\/wp-json\/wp\/v2\/product\/6598","targetHints":{"allow":["GET"]}}],"collection":[{"href":"https:\/\/skaitytaknyga.lt\/en\/wp-json\/wp\/v2\/product"}],"about":[{"href":"https:\/\/skaitytaknyga.lt\/en\/wp-json\/wp\/v2\/types\/product"}],"replies":[{"embeddable":true,"href":"https:\/\/skaitytaknyga.lt\/en\/wp-json\/wp\/v2\/comments?post=6598"}],"wp:featuredmedia":[{"embeddable":true,"href":"https:\/\/skaitytaknyga.lt\/en\/wp-json\/wp\/v2\/media\/6617"}],"wp:attachment":[{"href":"https:\/\/skaitytaknyga.lt\/en\/wp-json\/wp\/v2\/media?parent=6598"}],"wp:term":[{"taxonomy":"product_brand","embeddable":true,"href":"https:\/\/skaitytaknyga.lt\/en\/wp-json\/wp\/v2\/product_brand?post=6598"},{"taxonomy":"product_cat","embeddable":true,"href":"https:\/\/skaitytaknyga.lt\/en\/wp-json\/wp\/v2\/product_cat?post=6598"},{"taxonomy":"product_tag","embeddable":true,"href":"https:\/\/skaitytaknyga.lt\/en\/wp-json\/wp\/v2\/product_tag?post=6598"}],"curies":[{"name":"wp","href":"https:\/\/api.w.org\/{rel}","templated":true}]}}