{"id":6597,"date":"2024-05-02T13:23:00","date_gmt":"2024-05-02T13:23:00","guid":{"rendered":"https:\/\/skaitytaknyga.lt\/?post_type=product&#038;p=6597"},"modified":"2025-01-09T08:09:29","modified_gmt":"2025-01-09T06:09:29","slug":"nematomasis-zmogus-iliustruota-didzioji-klasika","status":"publish","type":"product","link":"https:\/\/skaitytaknyga.lt\/en\/produktas\/nematomasis-zmogus-iliustruota-didzioji-klasika\/","title":{"rendered":"Nematomasis \u017emogus. Iliustruota did\u017eioji klasika"},"content":{"rendered":"<p>Jis yra visur ir&#8230; niekur! Tykus ramus kra\u0161tas, \u0161\u0117lstanti sniego p\u016bga, paslaptingas nepa\u017e\u012fstamasis&#8230; Tai daugiau negu reikia, kad miestelio \u017emon\u0117s imt\u0173 gyventi gandais ir sp\u0117lion\u0117mis.<\/p>\n<p>Kas gal\u0117t\u0173 b\u016bti tas \u012ftartinai atrodantis, veid\u0105 slepiantis, nuo vis\u0173 nusigr\u0119\u017eiantis \u017emogus? bet kai nepa\u017e\u012fstamasis pagaliau atsisuka veidu \u012f \u017emones, atsiranda daugiau klausim\u0173 negu atsakym\u0173, ir daugiau nenusakomo siaubo, kai nesulaikomas pami\u0161\u0117lis \u012fstumia kadaise ram\u0173 kra\u0161t\u0105 \u012f smurto ir \u017eudyni\u0173 gniau\u017etus.<\/p>\n<p>Galiausiai vienam \u017emogui lemta atskleisti paslapt\u012f, padaryti gal\u0105 siaut\u0117jimui ir \u012fsp\u0117ti beveid\u017eio Nematomojo \u017dmogaus m\u012fsl\u0119!<\/p>\n","protected":false},"excerpt":{"rendered":"<p>Jis yra visur ir&#8230; niekur! Tykus ramus kra\u0161tas, \u0161\u0117lstanti sniego p\u016bga, paslaptingas nepa\u017e\u012fstamasis&#8230; Tai daugiau negu reikia, kad miestelio \u017emon\u0117s imt\u0173 gyventi gandais ir sp\u0117lion\u0117mis.<\/p>\n<p>Kas gal\u0117t\u0173 b\u016bti tas \u012ftartinai atrodantis, veid\u0105 slepiantis, nuo vis\u0173 nusigr\u0119\u017eiantis \u017emogus? bet kai nepa\u017e\u012fstamasis pagaliau atsisuka veidu \u012f \u017emones, atsiranda daugiau klausim\u0173 negu atsakym\u0173, ir daugiau nenusakomo siaubo, kai nesulaikomas pami\u0161\u0117lis \u012fstumia kadaise ram\u0173 kra\u0161t\u0105 \u012f smurto ir \u017eudyni\u0173 gniau\u017etus.<\/p>\n<p>Galiausiai vienam \u017emogui lemta atskleisti paslapt\u012f, padaryti gal\u0105 siaut\u0117jimui ir \u012fsp\u0117ti beveid\u017eio Nematomojo \u017dmogaus m\u012fsl\u0119!<\/p>\n","protected":false},"featured_media":6616,"comment_status":"closed","ping_status":"closed","template":"","meta":{"_acf_changed":false,"site-sidebar-layout":"default","site-content-layout":"","ast-site-content-layout":"default","site-content-style":"default","site-sidebar-style":"default","ast-global-header-display":"","ast-banner-title-visibility":"","ast-main-header-display":"","ast-hfb-above-header-display":"","ast-hfb-below-header-display":"","ast-hfb-mobile-header-display":"","site-post-title":"","ast-breadcrumbs-content":"","ast-featured-img":"","footer-sml-layout":"","ast-disable-related-posts":"","theme-transparent-header-meta":"","adv-header-id-meta":"","stick-header-meta":"","header-above-stick-meta":"","header-main-stick-meta":"","header-below-stick-meta":"","astra-migrate-meta-layouts":"default","ast-page-background-enabled":"default","ast-page-background-meta":{"desktop":{"background-color":"","background-image":"","background-repeat":"repeat","background-position":"center center","background-size":"auto","background-attachment":"scroll","background-type":"","background-media":"","overlay-type":"","overlay-color":"","overlay-opacity":"","overlay-gradient":""},"tablet":{"background-color":"","background-image":"","background-repeat":"repeat","background-position":"center center","background-size":"auto","background-attachment":"scroll","background-type":"","background-media":"","overlay-type":"","overlay-color":"","overlay-opacity":"","overlay-gradient":""},"mobile":{"background-color":"","background-image":"","background-repeat":"repeat","background-position":"center center","background-size":"auto","background-attachment":"scroll","background-type":"","background-media":"","overlay-type":"","overlay-color":"","overlay-opacity":"","overlay-gradient":""}},"ast-content-background-meta":{"desktop":{"background-color":"var(--ast-global-color-4)","background-image":"","background-repeat":"repeat","background-position":"center center","background-size":"auto","background-attachment":"scroll","background-type":"","background-media":"","overlay-type":"","overlay-color":"","overlay-opacity":"","overlay-gradient":""},"tablet":{"background-color":"var(--ast-global-color-4)","background-image":"","background-repeat":"repeat","background-position":"center center","background-size":"auto","background-attachment":"scroll","background-type":"","background-media":"","overlay-type":"","overlay-color":"","overlay-opacity":"","overlay-gradient":""},"mobile":{"background-color":"var(--ast-global-color-4)","background-image":"","background-repeat":"repeat","background-position":"center center","background-size":"auto","background-attachment":"scroll","background-type":"","background-media":"","overlay-type":"","overlay-color":"","overlay-opacity":"","overlay-gradient":""}}},"product_brand":[],"product_cat":[35],"product_tag":[],"class_list":{"0":"post-6597","1":"product","2":"type-product","3":"status-publish","4":"has-post-thumbnail","6":"product_cat-vaikams-ir-paaugliams","7":"desktop-align-left","8":"tablet-align-left","9":"mobile-align-left","11":"first","12":"outofstock","13":"shipping-taxable","14":"purchasable","15":"product-type-simple"},"acf":[],"yoast_head":"<!-- This site is optimized with the Yoast SEO plugin v27.0 - https:\/\/yoast.com\/product\/yoast-seo-wordpress\/ -->\n<title>Nematomasis \u017emogus. Iliustruota did\u017eioji klasika<\/title>\n<meta name=\"description\" content=\"Jis yra visur ir... niekur! Tykus ramus kra\u0161tas, \u0161\u0117lstanti sniego p\u016bga, paslaptingas nepa\u017e\u012fstamasis... Tai daugiau negu reikia, kad miestelio \u017emon\u0117s imt\u0173 gyventi gandais ir sp\u0117lion\u0117mis.  Kas gal\u0117t\u0173 b\u016bti tas \u012ftartinai atrodantis, veid\u0105 slepiantis, nuo vis\u0173 nusigr\u0119\u017eiantis \u017emogus? bet kai nepa\u017e\u012fstamasis pagaliau atsisuka veidu \u012f \u017emones, atsiranda daugiau klausim\u0173 negu atsakym\u0173, ir daugiau nenusakomo siaubo, kai nesulaikomas pami\u0161\u0117lis \u012fstumia kadaise ram\u0173 kra\u0161t\u0105 \u012f smurto ir \u017eudyni\u0173 gniau\u017etus.  Galiausiai vienam \u017emogui lemta atskleisti paslapt\u012f, padaryti gal\u0105 siaut\u0117jimui ir \u012fsp\u0117ti beveid\u017eio Nematomojo \u017dmogaus m\u012fsl\u0119!\" \/>\n<meta name=\"robots\" content=\"index, follow, max-snippet:-1, max-image-preview:large, max-video-preview:-1\" \/>\n<link rel=\"canonical\" href=\"https:\/\/skaitytaknyga.lt\/en\/produktas\/nematomasis-zmogus-iliustruota-didzioji-klasika\/\" \/>\n<meta property=\"og:locale\" content=\"en_GB\" \/>\n<meta property=\"og:locale:alternate\" content=\"lt_LT\" \/>\n<meta property=\"og:type\" content=\"article\" \/>\n<meta property=\"og:title\" content=\"Nematomasis \u017emogus. Iliustruota did\u017eioji klasika\" \/>\n<meta property=\"og:description\" content=\"Jis yra visur ir... niekur! Tykus ramus kra\u0161tas, \u0161\u0117lstanti sniego p\u016bga, paslaptingas nepa\u017e\u012fstamasis... Tai daugiau negu reikia, kad miestelio \u017emon\u0117s imt\u0173 gyventi gandais ir sp\u0117lion\u0117mis.  Kas gal\u0117t\u0173 b\u016bti tas \u012ftartinai atrodantis, veid\u0105 slepiantis, nuo vis\u0173 nusigr\u0119\u017eiantis \u017emogus? bet kai nepa\u017e\u012fstamasis pagaliau atsisuka veidu \u012f \u017emones, atsiranda daugiau klausim\u0173 negu atsakym\u0173, ir daugiau nenusakomo siaubo, kai nesulaikomas pami\u0161\u0117lis \u012fstumia kadaise ram\u0173 kra\u0161t\u0105 \u012f smurto ir \u017eudyni\u0173 gniau\u017etus.  Galiausiai vienam \u017emogui lemta atskleisti paslapt\u012f, padaryti gal\u0105 siaut\u0117jimui ir \u012fsp\u0117ti beveid\u017eio Nematomojo \u017dmogaus m\u012fsl\u0119!\" \/>\n<meta property=\"og:url\" content=\"https:\/\/skaitytaknyga.lt\/en\/produktas\/nematomasis-zmogus-iliustruota-didzioji-klasika\/\" \/>\n<meta property=\"og:site_name\" content=\"Skaitytaknyga\" \/>\n<meta property=\"article:publisher\" content=\"https:\/\/www.facebook.com\/skaitytaknyga\/\" \/>\n<meta property=\"article:modified_time\" content=\"2025-01-09T06:09:29+00:00\" \/>\n<meta property=\"og:image\" content=\"https:\/\/skaitytaknyga.lt\/wp-content\/uploads\/2024\/05\/img-0016.jpg\" \/>\n\t<meta property=\"og:image:width\" content=\"289\" \/>\n\t<meta property=\"og:image:height\" content=\"430\" \/>\n\t<meta property=\"og:image:type\" content=\"image\/jpeg\" \/>\n<meta name=\"twitter:card\" content=\"summary_large_image\" \/>\n<meta name=\"twitter:label1\" content=\"Estimated reading time\" \/>\n\t<meta name=\"twitter:data1\" content=\"1 minute\" \/>\n<script type=\"application\/ld+json\" class=\"yoast-schema-graph\">{\"@context\":\"https:\/\/schema.org\",\"@graph\":[{\"@type\":\"WebPage\",\"@id\":\"https:\/\/skaitytaknyga.lt\/produktas\/nematomasis-zmogus-iliustruota-didzioji-klasika\/\",\"url\":\"https:\/\/skaitytaknyga.lt\/produktas\/nematomasis-zmogus-iliustruota-didzioji-klasika\/\",\"name\":\"Nematomasis \u017emogus. Iliustruota did\u017eioji klasika\",\"isPartOf\":{\"@id\":\"https:\/\/skaitytaknyga.lt\/#website\"},\"primaryImageOfPage\":{\"@id\":\"https:\/\/skaitytaknyga.lt\/produktas\/nematomasis-zmogus-iliustruota-didzioji-klasika\/#primaryimage\"},\"image\":{\"@id\":\"https:\/\/skaitytaknyga.lt\/produktas\/nematomasis-zmogus-iliustruota-didzioji-klasika\/#primaryimage\"},\"thumbnailUrl\":\"https:\/\/skaitytaknyga.lt\/wp-content\/uploads\/2024\/05\/img-0016.jpg\",\"datePublished\":\"2024-05-02T13:23:00+00:00\",\"dateModified\":\"2025-01-09T06:09:29+00:00\",\"description\":\"Jis yra visur ir... niekur! Tykus ramus kra\u0161tas, \u0161\u0117lstanti sniego p\u016bga, paslaptingas nepa\u017e\u012fstamasis... Tai daugiau negu reikia, kad miestelio \u017emon\u0117s imt\u0173 gyventi gandais ir sp\u0117lion\u0117mis. Kas gal\u0117t\u0173 b\u016bti tas \u012ftartinai atrodantis, veid\u0105 slepiantis, nuo vis\u0173 nusigr\u0119\u017eiantis \u017emogus? bet kai nepa\u017e\u012fstamasis pagaliau atsisuka veidu \u012f \u017emones, atsiranda daugiau klausim\u0173 negu atsakym\u0173, ir daugiau nenusakomo siaubo, kai nesulaikomas pami\u0161\u0117lis \u012fstumia kadaise ram\u0173 kra\u0161t\u0105 \u012f smurto ir \u017eudyni\u0173 gniau\u017etus. Galiausiai vienam \u017emogui lemta atskleisti paslapt\u012f, padaryti gal\u0105 siaut\u0117jimui ir \u012fsp\u0117ti beveid\u017eio Nematomojo \u017dmogaus m\u012fsl\u0119!\",\"breadcrumb\":{\"@id\":\"https:\/\/skaitytaknyga.lt\/produktas\/nematomasis-zmogus-iliustruota-didzioji-klasika\/#breadcrumb\"},\"inLanguage\":\"en-GB\",\"potentialAction\":[{\"@type\":\"ReadAction\",\"target\":[\"https:\/\/skaitytaknyga.lt\/produktas\/nematomasis-zmogus-iliustruota-didzioji-klasika\/\"]}]},{\"@type\":\"ImageObject\",\"inLanguage\":\"en-GB\",\"@id\":\"https:\/\/skaitytaknyga.lt\/produktas\/nematomasis-zmogus-iliustruota-didzioji-klasika\/#primaryimage\",\"url\":\"https:\/\/skaitytaknyga.lt\/wp-content\/uploads\/2024\/05\/img-0016.jpg\",\"contentUrl\":\"https:\/\/skaitytaknyga.lt\/wp-content\/uploads\/2024\/05\/img-0016.jpg\",\"width\":289,\"height\":430},{\"@type\":\"BreadcrumbList\",\"@id\":\"https:\/\/skaitytaknyga.lt\/produktas\/nematomasis-zmogus-iliustruota-didzioji-klasika\/#breadcrumb\",\"itemListElement\":[{\"@type\":\"ListItem\",\"position\":1,\"name\":\"Home\",\"item\":\"https:\/\/skaitytaknyga.lt\/\"},{\"@type\":\"ListItem\",\"position\":2,\"name\":\"Parduotuv\u0117\",\"item\":\"https:\/\/skaitytaknyga.lt\/knygu-parduotuve\/\"},{\"@type\":\"ListItem\",\"position\":3,\"name\":\"Nematomasis \u017emogus. Iliustruota did\u017eioji klasika\"}]},{\"@type\":\"WebSite\",\"@id\":\"https:\/\/skaitytaknyga.lt\/#website\",\"url\":\"https:\/\/skaitytaknyga.lt\/\",\"name\":\"skaitytaknyga.lt\",\"description\":\"Skaitytaknyga.lt \u2013 tai ma\u017eas \u0161eimos verslas, kuris prasid\u0117jo nuo meil\u0117s knygoms ir siekio i\u0161gelb\u0117ti knygas nuo likimo prie konteinerio. Kas vienam nereikalingas daiktas \u2013 kitam lobis, o mes esame tarpininkai, kurie padeda abiems tapti laimingesniems ???? \u017dinome kaip nelengva i\u0161gyventi ma\u017eiems verslams, tad nuo \u0161iol, \u010dia rasite ir kit\u0173, ma\u017e\u0173 \u0161eim\u0173 versl\u0173, rank\u0173 darbo, dovan\u0173 sau ir artimiesiems.\",\"publisher\":{\"@id\":\"https:\/\/skaitytaknyga.lt\/#organization\"},\"potentialAction\":[{\"@type\":\"SearchAction\",\"target\":{\"@type\":\"EntryPoint\",\"urlTemplate\":\"https:\/\/skaitytaknyga.lt\/?s={search_term_string}\"},\"query-input\":{\"@type\":\"PropertyValueSpecification\",\"valueRequired\":true,\"valueName\":\"search_term_string\"}}],\"inLanguage\":\"en-GB\"},{\"@type\":\"Organization\",\"@id\":\"https:\/\/skaitytaknyga.lt\/#organization\",\"name\":\"skaitytaknyga.lt\",\"url\":\"https:\/\/skaitytaknyga.lt\/\",\"logo\":{\"@type\":\"ImageObject\",\"inLanguage\":\"en-GB\",\"@id\":\"https:\/\/skaitytaknyga.lt\/#\/schema\/logo\/image\/\",\"url\":\"https:\/\/skaitytaknyga.lt\/wp-content\/uploads\/2024\/05\/cropped-cropped-cropped-02_00843_jt3bggkj1j3HLc7SyY6rEUpg.jpeg\",\"contentUrl\":\"https:\/\/skaitytaknyga.lt\/wp-content\/uploads\/2024\/05\/cropped-cropped-cropped-02_00843_jt3bggkj1j3HLc7SyY6rEUpg.jpeg\",\"width\":1600,\"height\":1600,\"caption\":\"skaitytaknyga.lt\"},\"image\":{\"@id\":\"https:\/\/skaitytaknyga.lt\/#\/schema\/logo\/image\/\"},\"sameAs\":[\"https:\/\/www.facebook.com\/skaitytaknyga\/\"]}]}<\/script>\n<!-- \/ Yoast SEO plugin. -->","yoast_head_json":{"title":"Nematomasis \u017emogus. Iliustruota did\u017eioji klasika","description":"Jis yra visur ir... niekur! Tykus ramus kra\u0161tas, \u0161\u0117lstanti sniego p\u016bga, paslaptingas nepa\u017e\u012fstamasis... Tai daugiau negu reikia, kad miestelio \u017emon\u0117s imt\u0173 gyventi gandais ir sp\u0117lion\u0117mis.  Kas gal\u0117t\u0173 b\u016bti tas \u012ftartinai atrodantis, veid\u0105 slepiantis, nuo vis\u0173 nusigr\u0119\u017eiantis \u017emogus? bet kai nepa\u017e\u012fstamasis pagaliau atsisuka veidu \u012f \u017emones, atsiranda daugiau klausim\u0173 negu atsakym\u0173, ir daugiau nenusakomo siaubo, kai nesulaikomas pami\u0161\u0117lis \u012fstumia kadaise ram\u0173 kra\u0161t\u0105 \u012f smurto ir \u017eudyni\u0173 gniau\u017etus.  Galiausiai vienam \u017emogui lemta atskleisti paslapt\u012f, padaryti gal\u0105 siaut\u0117jimui ir \u012fsp\u0117ti beveid\u017eio Nematomojo \u017dmogaus m\u012fsl\u0119!","robots":{"index":"index","follow":"follow","max-snippet":"max-snippet:-1","max-image-preview":"max-image-preview:large","max-video-preview":"max-video-preview:-1"},"canonical":"https:\/\/skaitytaknyga.lt\/en\/produktas\/nematomasis-zmogus-iliustruota-didzioji-klasika\/","og_locale":"en_GB","og_type":"article","og_title":"[:lt]Nematomasis \u017emogus. Iliustruota did\u017eioji klasika[:] - Skaitytaknyga","og_description":"Jis yra visur ir... niekur! Tykus ramus kra\u0161tas, \u0161\u0117lstanti sniego p\u016bga, paslaptingas nepa\u017e\u012fstamasis... Tai daugiau negu reikia, kad miestelio \u017emon\u0117s imt\u0173 gyventi gandais ir sp\u0117lion\u0117mis.  Kas gal\u0117t\u0173 b\u016bti tas \u012ftartinai atrodantis, veid\u0105 slepiantis, nuo vis\u0173 nusigr\u0119\u017eiantis \u017emogus? bet kai nepa\u017e\u012fstamasis pagaliau atsisuka veidu \u012f \u017emones, atsiranda daugiau klausim\u0173 negu atsakym\u0173, ir daugiau nenusakomo siaubo, kai nesulaikomas pami\u0161\u0117lis \u012fstumia kadaise ram\u0173 kra\u0161t\u0105 \u012f smurto ir \u017eudyni\u0173 gniau\u017etus.  Galiausiai vienam \u017emogui lemta atskleisti paslapt\u012f, padaryti gal\u0105 siaut\u0117jimui ir \u012fsp\u0117ti beveid\u017eio Nematomojo \u017dmogaus m\u012fsl\u0119!","og_url":"https:\/\/skaitytaknyga.lt\/en\/produktas\/nematomasis-zmogus-iliustruota-didzioji-klasika\/","og_site_name":"Skaitytaknyga","article_publisher":"https:\/\/www.facebook.com\/skaitytaknyga\/","article_modified_time":"2025-01-09T06:09:29+00:00","og_image":[{"width":289,"height":430,"url":"https:\/\/skaitytaknyga.lt\/wp-content\/uploads\/2024\/05\/img-0016.jpg","type":"image\/jpeg"}],"twitter_card":"summary_large_image","twitter_misc":{"Estimated reading time":"1 minute"},"schema":{"@context":"https:\/\/schema.org","@graph":[{"@type":"WebPage","@id":"https:\/\/skaitytaknyga.lt\/produktas\/nematomasis-zmogus-iliustruota-didzioji-klasika\/","url":"https:\/\/skaitytaknyga.lt\/produktas\/nematomasis-zmogus-iliustruota-didzioji-klasika\/","name":"Nematomasis \u017emogus. Iliustruota did\u017eioji klasika","isPartOf":{"@id":"https:\/\/skaitytaknyga.lt\/#website"},"primaryImageOfPage":{"@id":"https:\/\/skaitytaknyga.lt\/produktas\/nematomasis-zmogus-iliustruota-didzioji-klasika\/#primaryimage"},"image":{"@id":"https:\/\/skaitytaknyga.lt\/produktas\/nematomasis-zmogus-iliustruota-didzioji-klasika\/#primaryimage"},"thumbnailUrl":"https:\/\/skaitytaknyga.lt\/wp-content\/uploads\/2024\/05\/img-0016.jpg","datePublished":"2024-05-02T13:23:00+00:00","dateModified":"2025-01-09T06:09:29+00:00","description":"Jis yra visur ir... niekur! Tykus ramus kra\u0161tas, \u0161\u0117lstanti sniego p\u016bga, paslaptingas nepa\u017e\u012fstamasis... Tai daugiau negu reikia, kad miestelio \u017emon\u0117s imt\u0173 gyventi gandais ir sp\u0117lion\u0117mis. Kas gal\u0117t\u0173 b\u016bti tas \u012ftartinai atrodantis, veid\u0105 slepiantis, nuo vis\u0173 nusigr\u0119\u017eiantis \u017emogus? bet kai nepa\u017e\u012fstamasis pagaliau atsisuka veidu \u012f \u017emones, atsiranda daugiau klausim\u0173 negu atsakym\u0173, ir daugiau nenusakomo siaubo, kai nesulaikomas pami\u0161\u0117lis \u012fstumia kadaise ram\u0173 kra\u0161t\u0105 \u012f smurto ir \u017eudyni\u0173 gniau\u017etus. Galiausiai vienam \u017emogui lemta atskleisti paslapt\u012f, padaryti gal\u0105 siaut\u0117jimui ir \u012fsp\u0117ti beveid\u017eio Nematomojo \u017dmogaus m\u012fsl\u0119!","breadcrumb":{"@id":"https:\/\/skaitytaknyga.lt\/produktas\/nematomasis-zmogus-iliustruota-didzioji-klasika\/#breadcrumb"},"inLanguage":"en-GB","potentialAction":[{"@type":"ReadAction","target":["https:\/\/skaitytaknyga.lt\/produktas\/nematomasis-zmogus-iliustruota-didzioji-klasika\/"]}]},{"@type":"ImageObject","inLanguage":"en-GB","@id":"https:\/\/skaitytaknyga.lt\/produktas\/nematomasis-zmogus-iliustruota-didzioji-klasika\/#primaryimage","url":"https:\/\/skaitytaknyga.lt\/wp-content\/uploads\/2024\/05\/img-0016.jpg","contentUrl":"https:\/\/skaitytaknyga.lt\/wp-content\/uploads\/2024\/05\/img-0016.jpg","width":289,"height":430},{"@type":"BreadcrumbList","@id":"https:\/\/skaitytaknyga.lt\/produktas\/nematomasis-zmogus-iliustruota-didzioji-klasika\/#breadcrumb","itemListElement":[{"@type":"ListItem","position":1,"name":"Home","item":"https:\/\/skaitytaknyga.lt\/"},{"@type":"ListItem","position":2,"name":"Parduotuv\u0117","item":"https:\/\/skaitytaknyga.lt\/knygu-parduotuve\/"},{"@type":"ListItem","position":3,"name":"Nematomasis \u017emogus. Iliustruota did\u017eioji klasika"}]},{"@type":"WebSite","@id":"https:\/\/skaitytaknyga.lt\/#website","url":"https:\/\/skaitytaknyga.lt\/","name":"skaitytaknyga.lt","description":"Skaitytaknyga.lt \u2013 tai ma\u017eas \u0161eimos verslas, kuris prasid\u0117jo nuo meil\u0117s knygoms ir siekio i\u0161gelb\u0117ti knygas nuo likimo prie konteinerio. Kas vienam nereikalingas daiktas \u2013 kitam lobis, o mes esame tarpininkai, kurie padeda abiems tapti laimingesniems ???? \u017dinome kaip nelengva i\u0161gyventi ma\u017eiems verslams, tad nuo \u0161iol, \u010dia rasite ir kit\u0173, ma\u017e\u0173 \u0161eim\u0173 versl\u0173, rank\u0173 darbo, dovan\u0173 sau ir artimiesiems.","publisher":{"@id":"https:\/\/skaitytaknyga.lt\/#organization"},"potentialAction":[{"@type":"SearchAction","target":{"@type":"EntryPoint","urlTemplate":"https:\/\/skaitytaknyga.lt\/?s={search_term_string}"},"query-input":{"@type":"PropertyValueSpecification","valueRequired":true,"valueName":"search_term_string"}}],"inLanguage":"en-GB"},{"@type":"Organization","@id":"https:\/\/skaitytaknyga.lt\/#organization","name":"skaitytaknyga.lt","url":"https:\/\/skaitytaknyga.lt\/","logo":{"@type":"ImageObject","inLanguage":"en-GB","@id":"https:\/\/skaitytaknyga.lt\/#\/schema\/logo\/image\/","url":"https:\/\/skaitytaknyga.lt\/wp-content\/uploads\/2024\/05\/cropped-cropped-cropped-02_00843_jt3bggkj1j3HLc7SyY6rEUpg.jpeg","contentUrl":"https:\/\/skaitytaknyga.lt\/wp-content\/uploads\/2024\/05\/cropped-cropped-cropped-02_00843_jt3bggkj1j3HLc7SyY6rEUpg.jpeg","width":1600,"height":1600,"caption":"skaitytaknyga.lt"},"image":{"@id":"https:\/\/skaitytaknyga.lt\/#\/schema\/logo\/image\/"},"sameAs":["https:\/\/www.facebook.com\/skaitytaknyga\/"]}]}},"_links":{"self":[{"href":"https:\/\/skaitytaknyga.lt\/en\/wp-json\/wp\/v2\/product\/6597","targetHints":{"allow":["GET"]}}],"collection":[{"href":"https:\/\/skaitytaknyga.lt\/en\/wp-json\/wp\/v2\/product"}],"about":[{"href":"https:\/\/skaitytaknyga.lt\/en\/wp-json\/wp\/v2\/types\/product"}],"replies":[{"embeddable":true,"href":"https:\/\/skaitytaknyga.lt\/en\/wp-json\/wp\/v2\/comments?post=6597"}],"wp:featuredmedia":[{"embeddable":true,"href":"https:\/\/skaitytaknyga.lt\/en\/wp-json\/wp\/v2\/media\/6616"}],"wp:attachment":[{"href":"https:\/\/skaitytaknyga.lt\/en\/wp-json\/wp\/v2\/media?parent=6597"}],"wp:term":[{"taxonomy":"product_brand","embeddable":true,"href":"https:\/\/skaitytaknyga.lt\/en\/wp-json\/wp\/v2\/product_brand?post=6597"},{"taxonomy":"product_cat","embeddable":true,"href":"https:\/\/skaitytaknyga.lt\/en\/wp-json\/wp\/v2\/product_cat?post=6597"},{"taxonomy":"product_tag","embeddable":true,"href":"https:\/\/skaitytaknyga.lt\/en\/wp-json\/wp\/v2\/product_tag?post=6597"}],"curies":[{"name":"wp","href":"https:\/\/api.w.org\/{rel}","templated":true}]}}