{"id":6595,"date":"2024-07-26T11:23:00","date_gmt":"2024-07-26T08:23:00","guid":{"rendered":"https:\/\/skaitytaknyga.lt\/?post_type=product&#038;p=6595"},"modified":"2024-07-26T12:12:25","modified_gmt":"2024-07-26T09:12:25","slug":"kita-mitchell-paselusi-mociute-ir-pirstas-isdavikas","status":"publish","type":"product","link":"https:\/\/skaitytaknyga.lt\/en\/produktas\/kita-mitchell-paselusi-mociute-ir-pirstas-isdavikas\/","title":{"rendered":"Kita Mitchell \u201ePa\u0161\u0117lusi mo\u010diut\u0117 ir pir\u0161tas i\u0161davikas\u201c"},"content":{"rendered":"<div class=\"book-descript-wrapper\">\n<section class=\"product-descript more-content-wrapper\">\n<div class=\"\">\n<p>Mo\u010diut\u0117 leid\u017eiasi \u012f misij\u0105*<br \/>\n*bet ne \u012f t\u0105, apie kuri\u0105 galvoja<\/p>\n<p>Radusi paslapting\u0105 amulet\u0105, pa\u0161\u0117lusi mo\u010diut\u0117 nusprend\u017eia, kad tai senov\u0117s Egipto brangenyb\u0117! Ar jo slaptos galios i\u0161gelb\u0117s Olio \u017eiurk\u0117n\u0105 nuo nei\u0161vengiamos pra\u017e\u016bties?<\/p>\n<p>Mo\u010diut\u0117 su Oliu i\u0161skrenda \u012f Kair\u0105 kar\u0161to oro balionu ir pakeliui tikrai nepadaro avarijos. Jie privalo atskleisti slapt\u0105 amuleto gali\u0105, bet pirma teks at\u0161aukti senov\u0117s prakeiksm\u0105, susijus\u012f su s\u0117km\u0119 ne\u0161an\u010diu \u0161unimi&#8230;<\/p>\n<ul class=\"about-product d-none d-xl-block mt-4\">\n<li><strong>Originalus pavadinimas:<\/strong>\u00a0Grandma Dangerous and the Toe of Treachery<\/li>\n<li><strong>Autorius:<\/strong>\u00a0Kita Mitchell<\/li>\n<li><strong>Leid\u0117jas:<\/strong>\u00a0Alma littera<\/li>\n<li><strong>Metai:<\/strong>\u00a02019<\/li>\n<li><strong>Puslapiai:<\/strong>\u00a0240<\/li>\n<li><strong>ISBN:<\/strong>\u00a09786090139127<\/li>\n<li><strong>Versijos kodas:<\/strong>\u00a0PT.<\/li>\n<li><strong>Formatas:<\/strong>\u00a012,5 x 19,8 x 2 cm, kieti vir\u0161eliai<\/li>\n<li><strong>Kalba:<\/strong>\u00a0Lietuvi\u0173<\/li>\n<li><strong>Vert\u0117jas:<\/strong>\u00a0Gabriel\u0117 Pri\u0161mantait\u0117<\/li>\n<\/ul>\n<\/div>\n<\/section>\n<\/div>\n","protected":false},"excerpt":{"rendered":"<p>Mo\u010diut\u0117 leid\u017eiasi \u012f misij\u0105* *bet ne \u012f t\u0105, apie kuri\u0105 galvoja Radusi paslapting\u0105 amulet\u0105, pa\u0161\u0117lusi mo\u010diut\u0117 nusprend\u017eia, kad tai senov\u0117s Egipto brangenyb\u0117! Ar jo slaptos galios i\u0161gelb\u0117s Olio \u017eiurk\u0117n\u0105 nuo nei\u0161vengiamos pra\u017e\u016bties? Mo\u010diut\u0117 su Oliu i\u0161skrenda \u012f Kair\u0105 kar\u0161to oro balionu ir pakeliui tikrai nepadaro avarijos. Jie privalo atskleisti slapt\u0105 amuleto gali\u0105, bet pirma teks at\u0161aukti senov\u0117s prakeiksm\u0105, susijus\u012f su s\u0117km\u0119 ne\u0161an\u010diu \u0161unimi&#8230; Originalus pavadinimas:\u00a0Grandma Dangerous and the Toe of Treachery Autorius:\u00a0Kita Mitchell Leid\u0117jas:\u00a0Alma littera Metai:\u00a02019 Puslapiai:\u00a0240 ISBN:\u00a09786090139127 Versijos kodas:\u00a0PT. Formatas:\u00a012,5 x 19,8 x 2 cm, kieti vir\u0161eliai Kalba:\u00a0Lietuvi\u0173 Vert\u0117jas:\u00a0Gabriel\u0117 Pri\u0161mantait\u0117<\/p>\n","protected":false},"featured_media":13302,"comment_status":"closed","ping_status":"closed","template":"","meta":{"_acf_changed":false,"site-sidebar-layout":"default","site-content-layout":"","ast-site-content-layout":"default","site-content-style":"default","site-sidebar-style":"default","ast-global-header-display":"","ast-banner-title-visibility":"","ast-main-header-display":"","ast-hfb-above-header-display":"","ast-hfb-below-header-display":"","ast-hfb-mobile-header-display":"","site-post-title":"","ast-breadcrumbs-content":"","ast-featured-img":"","footer-sml-layout":"","ast-disable-related-posts":"","theme-transparent-header-meta":"default","adv-header-id-meta":"","stick-header-meta":"","header-above-stick-meta":"","header-main-stick-meta":"","header-below-stick-meta":"","astra-migrate-meta-layouts":"set","ast-page-background-enabled":"default","ast-page-background-meta":{"desktop":{"background-color":"","background-image":"","background-repeat":"repeat","background-position":"center center","background-size":"auto","background-attachment":"scroll","background-type":"","background-media":"","overlay-type":"","overlay-color":"","overlay-opacity":"","overlay-gradient":""},"tablet":{"background-color":"","background-image":"","background-repeat":"repeat","background-position":"center center","background-size":"auto","background-attachment":"scroll","background-type":"","background-media":"","overlay-type":"","overlay-color":"","overlay-opacity":"","overlay-gradient":""},"mobile":{"background-color":"","background-image":"","background-repeat":"repeat","background-position":"center center","background-size":"auto","background-attachment":"scroll","background-type":"","background-media":"","overlay-type":"","overlay-color":"","overlay-opacity":"","overlay-gradient":""}},"ast-content-background-meta":{"desktop":{"background-color":"var(--ast-global-color-4)","background-image":"","background-repeat":"repeat","background-position":"center center","background-size":"auto","background-attachment":"scroll","background-type":"","background-media":"","overlay-type":"","overlay-color":"","overlay-opacity":"","overlay-gradient":""},"tablet":{"background-color":"var(--ast-global-color-4)","background-image":"","background-repeat":"repeat","background-position":"center center","background-size":"auto","background-attachment":"scroll","background-type":"","background-media":"","overlay-type":"","overlay-color":"","overlay-opacity":"","overlay-gradient":""},"mobile":{"background-color":"var(--ast-global-color-4)","background-image":"","background-repeat":"repeat","background-position":"center center","background-size":"auto","background-attachment":"scroll","background-type":"","background-media":"","overlay-type":"","overlay-color":"","overlay-opacity":"","overlay-gradient":""}}},"product_brand":[],"product_cat":[35],"product_tag":[],"class_list":{"0":"post-6595","1":"product","2":"type-product","3":"status-publish","4":"has-post-thumbnail","6":"product_cat-vaikams-ir-paaugliams","7":"desktop-align-left","8":"tablet-align-left","9":"mobile-align-left","11":"first","12":"instock","13":"shipping-taxable","14":"purchasable","15":"product-type-simple"},"acf":[],"yoast_head":"<!-- This site is optimized with the Yoast SEO plugin v27.0 - https:\/\/yoast.com\/product\/yoast-seo-wordpress\/ -->\n<title>Kita Mitchell \u201ePa\u0161\u0117lusi mo\u010diut\u0117 ir pir\u0161tas i\u0161davikas\u201c<\/title>\n<meta name=\"description\" content=\"Radusi paslapting\u0105 amulet\u0105, pa\u0161\u0117lusi mo\u010diut\u0117 nusprend\u017eia, kad tai senov\u0117s Egipto brangenyb\u0117! Ar jo slaptos galios i\u0161gelb\u0117s Olio \u017eiurk\u0117n\u0105?\" \/>\n<meta name=\"robots\" content=\"index, follow, max-snippet:-1, max-image-preview:large, max-video-preview:-1\" \/>\n<link rel=\"canonical\" href=\"https:\/\/skaitytaknyga.lt\/en\/produktas\/kita-mitchell-paselusi-mociute-ir-pirstas-isdavikas\/\" \/>\n<meta property=\"og:locale\" content=\"en_GB\" \/>\n<meta property=\"og:locale:alternate\" content=\"lt_LT\" \/>\n<meta property=\"og:type\" content=\"article\" \/>\n<meta property=\"og:title\" content=\"Kita Mitchell \u201ePa\u0161\u0117lusi mo\u010diut\u0117 ir pir\u0161tas i\u0161davikas\u201c\" \/>\n<meta property=\"og:description\" content=\"Radusi paslapting\u0105 amulet\u0105, pa\u0161\u0117lusi mo\u010diut\u0117 nusprend\u017eia, kad tai senov\u0117s Egipto brangenyb\u0117! Ar jo slaptos galios i\u0161gelb\u0117s Olio \u017eiurk\u0117n\u0105?\" \/>\n<meta property=\"og:url\" content=\"https:\/\/skaitytaknyga.lt\/en\/produktas\/kita-mitchell-paselusi-mociute-ir-pirstas-isdavikas\/\" \/>\n<meta property=\"og:site_name\" content=\"Skaitytaknyga\" \/>\n<meta property=\"article:publisher\" content=\"https:\/\/www.facebook.com\/skaitytaknyga\/\" \/>\n<meta property=\"article:modified_time\" content=\"2024-07-26T09:12:25+00:00\" \/>\n<meta property=\"og:image\" content=\"https:\/\/skaitytaknyga.lt\/wp-content\/uploads\/2024\/05\/1573467679_9786090139127.webp\" \/>\n\t<meta property=\"og:image:width\" content=\"315\" \/>\n\t<meta property=\"og:image:height\" content=\"498\" \/>\n\t<meta property=\"og:image:type\" content=\"image\/webp\" \/>\n<meta name=\"twitter:card\" content=\"summary_large_image\" \/>\n<meta name=\"twitter:label1\" content=\"Estimated reading time\" \/>\n\t<meta name=\"twitter:data1\" content=\"1 minute\" \/>\n<script type=\"application\/ld+json\" class=\"yoast-schema-graph\">{\"@context\":\"https:\/\/schema.org\",\"@graph\":[{\"@type\":\"WebPage\",\"@id\":\"https:\/\/skaitytaknyga.lt\/produktas\/kita-mitchell-paselusi-mociute-ir-pirstas-isdavikas\/\",\"url\":\"https:\/\/skaitytaknyga.lt\/produktas\/kita-mitchell-paselusi-mociute-ir-pirstas-isdavikas\/\",\"name\":\"Kita Mitchell \u201ePa\u0161\u0117lusi mo\u010diut\u0117 ir pir\u0161tas i\u0161davikas\u201c\",\"isPartOf\":{\"@id\":\"https:\/\/skaitytaknyga.lt\/#website\"},\"primaryImageOfPage\":{\"@id\":\"https:\/\/skaitytaknyga.lt\/produktas\/kita-mitchell-paselusi-mociute-ir-pirstas-isdavikas\/#primaryimage\"},\"image\":{\"@id\":\"https:\/\/skaitytaknyga.lt\/produktas\/kita-mitchell-paselusi-mociute-ir-pirstas-isdavikas\/#primaryimage\"},\"thumbnailUrl\":\"https:\/\/skaitytaknyga.lt\/wp-content\/uploads\/2024\/05\/1573467679_9786090139127.webp\",\"datePublished\":\"2024-07-26T08:23:00+00:00\",\"dateModified\":\"2024-07-26T09:12:25+00:00\",\"description\":\"Radusi paslapting\u0105 amulet\u0105, pa\u0161\u0117lusi mo\u010diut\u0117 nusprend\u017eia, kad tai senov\u0117s Egipto brangenyb\u0117! Ar jo slaptos galios i\u0161gelb\u0117s Olio \u017eiurk\u0117n\u0105?\",\"breadcrumb\":{\"@id\":\"https:\/\/skaitytaknyga.lt\/produktas\/kita-mitchell-paselusi-mociute-ir-pirstas-isdavikas\/#breadcrumb\"},\"inLanguage\":\"en-GB\",\"potentialAction\":[{\"@type\":\"ReadAction\",\"target\":[\"https:\/\/skaitytaknyga.lt\/produktas\/kita-mitchell-paselusi-mociute-ir-pirstas-isdavikas\/\"]}]},{\"@type\":\"ImageObject\",\"inLanguage\":\"en-GB\",\"@id\":\"https:\/\/skaitytaknyga.lt\/produktas\/kita-mitchell-paselusi-mociute-ir-pirstas-isdavikas\/#primaryimage\",\"url\":\"https:\/\/skaitytaknyga.lt\/wp-content\/uploads\/2024\/05\/1573467679_9786090139127.webp\",\"contentUrl\":\"https:\/\/skaitytaknyga.lt\/wp-content\/uploads\/2024\/05\/1573467679_9786090139127.webp\",\"width\":315,\"height\":498,\"caption\":\"Pa\u0161\u0117lusi mo\u010diut\u0117 ir pir\u0161tas i\u0161davikas\"},{\"@type\":\"BreadcrumbList\",\"@id\":\"https:\/\/skaitytaknyga.lt\/produktas\/kita-mitchell-paselusi-mociute-ir-pirstas-isdavikas\/#breadcrumb\",\"itemListElement\":[{\"@type\":\"ListItem\",\"position\":1,\"name\":\"Home\",\"item\":\"https:\/\/skaitytaknyga.lt\/\"},{\"@type\":\"ListItem\",\"position\":2,\"name\":\"Parduotuv\u0117\",\"item\":\"https:\/\/skaitytaknyga.lt\/knygu-parduotuve\/\"},{\"@type\":\"ListItem\",\"position\":3,\"name\":\"Kita Mitchell \u201ePa\u0161\u0117lusi mo\u010diut\u0117 ir pir\u0161tas i\u0161davikas\u201c\"}]},{\"@type\":\"WebSite\",\"@id\":\"https:\/\/skaitytaknyga.lt\/#website\",\"url\":\"https:\/\/skaitytaknyga.lt\/\",\"name\":\"skaitytaknyga.lt\",\"description\":\"Skaitytaknyga.lt \u2013 tai ma\u017eas \u0161eimos verslas, kuris prasid\u0117jo nuo meil\u0117s knygoms ir siekio i\u0161gelb\u0117ti knygas nuo likimo prie konteinerio. Kas vienam nereikalingas daiktas \u2013 kitam lobis, o mes esame tarpininkai, kurie padeda abiems tapti laimingesniems ???? \u017dinome kaip nelengva i\u0161gyventi ma\u017eiems verslams, tad nuo \u0161iol, \u010dia rasite ir kit\u0173, ma\u017e\u0173 \u0161eim\u0173 versl\u0173, rank\u0173 darbo, dovan\u0173 sau ir artimiesiems.\",\"publisher\":{\"@id\":\"https:\/\/skaitytaknyga.lt\/#organization\"},\"potentialAction\":[{\"@type\":\"SearchAction\",\"target\":{\"@type\":\"EntryPoint\",\"urlTemplate\":\"https:\/\/skaitytaknyga.lt\/?s={search_term_string}\"},\"query-input\":{\"@type\":\"PropertyValueSpecification\",\"valueRequired\":true,\"valueName\":\"search_term_string\"}}],\"inLanguage\":\"en-GB\"},{\"@type\":\"Organization\",\"@id\":\"https:\/\/skaitytaknyga.lt\/#organization\",\"name\":\"skaitytaknyga.lt\",\"url\":\"https:\/\/skaitytaknyga.lt\/\",\"logo\":{\"@type\":\"ImageObject\",\"inLanguage\":\"en-GB\",\"@id\":\"https:\/\/skaitytaknyga.lt\/#\/schema\/logo\/image\/\",\"url\":\"https:\/\/skaitytaknyga.lt\/wp-content\/uploads\/2024\/05\/cropped-cropped-cropped-02_00843_jt3bggkj1j3HLc7SyY6rEUpg.jpeg\",\"contentUrl\":\"https:\/\/skaitytaknyga.lt\/wp-content\/uploads\/2024\/05\/cropped-cropped-cropped-02_00843_jt3bggkj1j3HLc7SyY6rEUpg.jpeg\",\"width\":1600,\"height\":1600,\"caption\":\"skaitytaknyga.lt\"},\"image\":{\"@id\":\"https:\/\/skaitytaknyga.lt\/#\/schema\/logo\/image\/\"},\"sameAs\":[\"https:\/\/www.facebook.com\/skaitytaknyga\/\"]}]}<\/script>\n<!-- \/ Yoast SEO plugin. -->","yoast_head_json":{"title":"Kita Mitchell \u201ePa\u0161\u0117lusi mo\u010diut\u0117 ir pir\u0161tas i\u0161davikas\u201c","description":"Radusi paslapting\u0105 amulet\u0105, pa\u0161\u0117lusi mo\u010diut\u0117 nusprend\u017eia, kad tai senov\u0117s Egipto brangenyb\u0117! Ar jo slaptos galios i\u0161gelb\u0117s Olio \u017eiurk\u0117n\u0105?","robots":{"index":"index","follow":"follow","max-snippet":"max-snippet:-1","max-image-preview":"max-image-preview:large","max-video-preview":"max-video-preview:-1"},"canonical":"https:\/\/skaitytaknyga.lt\/en\/produktas\/kita-mitchell-paselusi-mociute-ir-pirstas-isdavikas\/","og_locale":"en_GB","og_type":"article","og_title":"[:lt]Kita Mitchell \u201ePa\u0161\u0117lusi mo\u010diut\u0117 ir pir\u0161tas i\u0161davikas\u201c[:] - Skaitytaknyga","og_description":"[:lt]Radusi paslapting\u0105 amulet\u0105, pa\u0161\u0117lusi mo\u010diut\u0117 nusprend\u017eia, kad tai senov\u0117s Egipto brangenyb\u0117! Ar jo slaptos galios i\u0161gelb\u0117s Olio \u017eiurk\u0117n\u0105?[:]","og_url":"https:\/\/skaitytaknyga.lt\/en\/produktas\/kita-mitchell-paselusi-mociute-ir-pirstas-isdavikas\/","og_site_name":"Skaitytaknyga","article_publisher":"https:\/\/www.facebook.com\/skaitytaknyga\/","article_modified_time":"2024-07-26T09:12:25+00:00","og_image":[{"width":315,"height":498,"url":"https:\/\/skaitytaknyga.lt\/wp-content\/uploads\/2024\/05\/1573467679_9786090139127.webp","type":"image\/webp"}],"twitter_card":"summary_large_image","twitter_misc":{"Estimated reading time":"1 minute"},"schema":{"@context":"https:\/\/schema.org","@graph":[{"@type":"WebPage","@id":"https:\/\/skaitytaknyga.lt\/produktas\/kita-mitchell-paselusi-mociute-ir-pirstas-isdavikas\/","url":"https:\/\/skaitytaknyga.lt\/produktas\/kita-mitchell-paselusi-mociute-ir-pirstas-isdavikas\/","name":"Kita Mitchell \u201ePa\u0161\u0117lusi mo\u010diut\u0117 ir pir\u0161tas i\u0161davikas\u201c","isPartOf":{"@id":"https:\/\/skaitytaknyga.lt\/#website"},"primaryImageOfPage":{"@id":"https:\/\/skaitytaknyga.lt\/produktas\/kita-mitchell-paselusi-mociute-ir-pirstas-isdavikas\/#primaryimage"},"image":{"@id":"https:\/\/skaitytaknyga.lt\/produktas\/kita-mitchell-paselusi-mociute-ir-pirstas-isdavikas\/#primaryimage"},"thumbnailUrl":"https:\/\/skaitytaknyga.lt\/wp-content\/uploads\/2024\/05\/1573467679_9786090139127.webp","datePublished":"2024-07-26T08:23:00+00:00","dateModified":"2024-07-26T09:12:25+00:00","description":"Radusi paslapting\u0105 amulet\u0105, pa\u0161\u0117lusi mo\u010diut\u0117 nusprend\u017eia, kad tai senov\u0117s Egipto brangenyb\u0117! Ar jo slaptos galios i\u0161gelb\u0117s Olio \u017eiurk\u0117n\u0105?","breadcrumb":{"@id":"https:\/\/skaitytaknyga.lt\/produktas\/kita-mitchell-paselusi-mociute-ir-pirstas-isdavikas\/#breadcrumb"},"inLanguage":"en-GB","potentialAction":[{"@type":"ReadAction","target":["https:\/\/skaitytaknyga.lt\/produktas\/kita-mitchell-paselusi-mociute-ir-pirstas-isdavikas\/"]}]},{"@type":"ImageObject","inLanguage":"en-GB","@id":"https:\/\/skaitytaknyga.lt\/produktas\/kita-mitchell-paselusi-mociute-ir-pirstas-isdavikas\/#primaryimage","url":"https:\/\/skaitytaknyga.lt\/wp-content\/uploads\/2024\/05\/1573467679_9786090139127.webp","contentUrl":"https:\/\/skaitytaknyga.lt\/wp-content\/uploads\/2024\/05\/1573467679_9786090139127.webp","width":315,"height":498,"caption":"Pa\u0161\u0117lusi mo\u010diut\u0117 ir pir\u0161tas i\u0161davikas"},{"@type":"BreadcrumbList","@id":"https:\/\/skaitytaknyga.lt\/produktas\/kita-mitchell-paselusi-mociute-ir-pirstas-isdavikas\/#breadcrumb","itemListElement":[{"@type":"ListItem","position":1,"name":"Home","item":"https:\/\/skaitytaknyga.lt\/"},{"@type":"ListItem","position":2,"name":"Parduotuv\u0117","item":"https:\/\/skaitytaknyga.lt\/knygu-parduotuve\/"},{"@type":"ListItem","position":3,"name":"Kita Mitchell \u201ePa\u0161\u0117lusi mo\u010diut\u0117 ir pir\u0161tas i\u0161davikas\u201c"}]},{"@type":"WebSite","@id":"https:\/\/skaitytaknyga.lt\/#website","url":"https:\/\/skaitytaknyga.lt\/","name":"skaitytaknyga.lt","description":"Skaitytaknyga.lt \u2013 tai ma\u017eas \u0161eimos verslas, kuris prasid\u0117jo nuo meil\u0117s knygoms ir siekio i\u0161gelb\u0117ti knygas nuo likimo prie konteinerio. Kas vienam nereikalingas daiktas \u2013 kitam lobis, o mes esame tarpininkai, kurie padeda abiems tapti laimingesniems ???? \u017dinome kaip nelengva i\u0161gyventi ma\u017eiems verslams, tad nuo \u0161iol, \u010dia rasite ir kit\u0173, ma\u017e\u0173 \u0161eim\u0173 versl\u0173, rank\u0173 darbo, dovan\u0173 sau ir artimiesiems.","publisher":{"@id":"https:\/\/skaitytaknyga.lt\/#organization"},"potentialAction":[{"@type":"SearchAction","target":{"@type":"EntryPoint","urlTemplate":"https:\/\/skaitytaknyga.lt\/?s={search_term_string}"},"query-input":{"@type":"PropertyValueSpecification","valueRequired":true,"valueName":"search_term_string"}}],"inLanguage":"en-GB"},{"@type":"Organization","@id":"https:\/\/skaitytaknyga.lt\/#organization","name":"skaitytaknyga.lt","url":"https:\/\/skaitytaknyga.lt\/","logo":{"@type":"ImageObject","inLanguage":"en-GB","@id":"https:\/\/skaitytaknyga.lt\/#\/schema\/logo\/image\/","url":"https:\/\/skaitytaknyga.lt\/wp-content\/uploads\/2024\/05\/cropped-cropped-cropped-02_00843_jt3bggkj1j3HLc7SyY6rEUpg.jpeg","contentUrl":"https:\/\/skaitytaknyga.lt\/wp-content\/uploads\/2024\/05\/cropped-cropped-cropped-02_00843_jt3bggkj1j3HLc7SyY6rEUpg.jpeg","width":1600,"height":1600,"caption":"skaitytaknyga.lt"},"image":{"@id":"https:\/\/skaitytaknyga.lt\/#\/schema\/logo\/image\/"},"sameAs":["https:\/\/www.facebook.com\/skaitytaknyga\/"]}]}},"_links":{"self":[{"href":"https:\/\/skaitytaknyga.lt\/en\/wp-json\/wp\/v2\/product\/6595","targetHints":{"allow":["GET"]}}],"collection":[{"href":"https:\/\/skaitytaknyga.lt\/en\/wp-json\/wp\/v2\/product"}],"about":[{"href":"https:\/\/skaitytaknyga.lt\/en\/wp-json\/wp\/v2\/types\/product"}],"replies":[{"embeddable":true,"href":"https:\/\/skaitytaknyga.lt\/en\/wp-json\/wp\/v2\/comments?post=6595"}],"wp:featuredmedia":[{"embeddable":true,"href":"https:\/\/skaitytaknyga.lt\/en\/wp-json\/wp\/v2\/media\/13302"}],"wp:attachment":[{"href":"https:\/\/skaitytaknyga.lt\/en\/wp-json\/wp\/v2\/media?parent=6595"}],"wp:term":[{"taxonomy":"product_brand","embeddable":true,"href":"https:\/\/skaitytaknyga.lt\/en\/wp-json\/wp\/v2\/product_brand?post=6595"},{"taxonomy":"product_cat","embeddable":true,"href":"https:\/\/skaitytaknyga.lt\/en\/wp-json\/wp\/v2\/product_cat?post=6595"},{"taxonomy":"product_tag","embeddable":true,"href":"https:\/\/skaitytaknyga.lt\/en\/wp-json\/wp\/v2\/product_tag?post=6595"}],"curies":[{"name":"wp","href":"https:\/\/api.w.org\/{rel}","templated":true}]}}