{"id":6593,"date":"2024-05-02T13:22:59","date_gmt":"2024-05-02T13:22:59","guid":{"rendered":"https:\/\/skaitytaknyga.lt\/?post_type=product&#038;p=6593"},"modified":"2024-05-03T07:29:52","modified_gmt":"2024-05-03T07:29:52","slug":"friedreich-weissensteiner-geniju-moterys","status":"publish","type":"product","link":"https:\/\/skaitytaknyga.lt\/en\/produktas\/friedreich-weissensteiner-geniju-moterys\/","title":{"rendered":"Friedreich Weissensteiner \u201eGenij\u0173 moterys\u201c"},"content":{"rendered":"<p>Vertinant vieno ar kito genialaus \u017emogaus k\u016bryb\u0105, talent\u0105 ir asmenyb\u0119 nereik\u0117t\u0173 pamir\u0161ti ir privataus gyvenimo detali\u0173. Pavyzd\u017eiui, apie Thom\u0105 Mann\u0105 \u0161ioje knygoje ra\u0161oma: \u201eSakoma tiesiai ir atvirai: be savo puikios, apsukrios, nesavanaudi\u0161kos \u017emonos jis neb\u016bt\u0173 buv\u0119s ir tap\u0119s tuo, kas buvo \u2013 jo gyvenimas b\u016bt\u0173 nuvingiav\u0119s kitais keliais &lt;&#8230;&gt;\u201c. \u012edomu, ar genijus (Volfgang\u0105 Amadeus\u0105 Mozart\u0105, Johan\u0105 Volfgang\u0105 Goethe\u2018\u0119, Richard\u0105 Vagner\u012f, Albert\u0105 Ein\u0161tein\u0105, Gustav\u0105 Mahler\u012f ir Franz\u0105 Werfel\u012f) b\u016bt\u0173 lyd\u0117jusi tokia s\u0117km\u0117, jei ne j\u0173 gyvenimo\u00a0 moterys. Ne ro\u017e\u0117mis kloti k\u016br\u0117j\u0173 gyvenimo keliai, bet ne j\u0173 \u017eiedais barstytos ir Constanze\u2018\u0117s Weber, Christiane\u2018\u0117s Vulpius, Cosimos Liszt, Milevos Mari\u0107, Almos Schindler ir Katios Pringsheim dienos, nugyventos su savaisiais genijais. O ir patys genijai, visuomen\u0117s da\u017enai laikomi idealiais, \u0161eimoje, priva\u010diame gyvenime, pasirodo, buvusios ne tokios jau taurios, neretai ir visai nepatraukios asmenyb\u0117s.<\/p>\n","protected":false},"excerpt":{"rendered":"<p>Vertinant vieno ar kito genialaus \u017emogaus k\u016bryb\u0105, talent\u0105 ir asmenyb\u0119 nereik\u0117t\u0173 pamir\u0161ti ir privataus gyvenimo detali\u0173. Pavyzd\u017eiui, apie Thom\u0105 Mann\u0105 \u0161ioje knygoje ra\u0161oma: \u201eSakoma tiesiai ir atvirai: be savo puikios, apsukrios, nesavanaudi\u0161kos \u017emonos jis neb\u016bt\u0173 buv\u0119s ir tap\u0119s tuo, kas buvo \u2013 jo gyvenimas b\u016bt\u0173 nuvingiav\u0119s kitais keliais &lt;&#8230;&gt;\u201c. \u012edomu, ar genijus (Volfgang\u0105 Amadeus\u0105 Mozart\u0105, Johan\u0105 Volfgang\u0105 Goethe\u2018\u0119, Richard\u0105 Vagner\u012f, Albert\u0105 Ein\u0161tein\u0105, Gustav\u0105 Mahler\u012f ir Franz\u0105 Werfel\u012f) b\u016bt\u0173 lyd\u0117jusi tokia s\u0117km\u0117, jei ne j\u0173 gyvenimo\u00a0 moterys. Ne ro\u017e\u0117mis kloti k\u016br\u0117j\u0173 gyvenimo keliai, bet ne j\u0173 \u017eiedais barstytos ir Constanze\u2018\u0117s Weber, Christiane\u2018\u0117s Vulpius, Cosimos Liszt, Milevos Mari\u0107, Almos Schindler ir Katios Pringsheim dienos, nugyventos su savaisiais genijais. O ir patys genijai, visuomen\u0117s da\u017enai laikomi idealiais, \u0161eimoje, priva\u010diame gyvenime, pasirodo, buvusios ne tokios jau taurios, neretai ir visai nepatraukios asmenyb\u0117s.<\/p>\n","protected":false},"featured_media":6605,"comment_status":"closed","ping_status":"closed","template":"","meta":{"_acf_changed":false,"site-sidebar-layout":"default","site-content-layout":"","ast-site-content-layout":"default","site-content-style":"default","site-sidebar-style":"default","ast-global-header-display":"","ast-banner-title-visibility":"","ast-main-header-display":"","ast-hfb-above-header-display":"","ast-hfb-below-header-display":"","ast-hfb-mobile-header-display":"","site-post-title":"","ast-breadcrumbs-content":"","ast-featured-img":"","footer-sml-layout":"","ast-disable-related-posts":"","theme-transparent-header-meta":"","adv-header-id-meta":"","stick-header-meta":"","header-above-stick-meta":"","header-main-stick-meta":"","header-below-stick-meta":"","astra-migrate-meta-layouts":"default","ast-page-background-enabled":"default","ast-page-background-meta":{"desktop":{"background-color":"","background-image":"","background-repeat":"repeat","background-position":"center center","background-size":"auto","background-attachment":"scroll","background-type":"","background-media":"","overlay-type":"","overlay-color":"","overlay-opacity":"","overlay-gradient":""},"tablet":{"background-color":"","background-image":"","background-repeat":"repeat","background-position":"center center","background-size":"auto","background-attachment":"scroll","background-type":"","background-media":"","overlay-type":"","overlay-color":"","overlay-opacity":"","overlay-gradient":""},"mobile":{"background-color":"","background-image":"","background-repeat":"repeat","background-position":"center center","background-size":"auto","background-attachment":"scroll","background-type":"","background-media":"","overlay-type":"","overlay-color":"","overlay-opacity":"","overlay-gradient":""}},"ast-content-background-meta":{"desktop":{"background-color":"var(--ast-global-color-4)","background-image":"","background-repeat":"repeat","background-position":"center center","background-size":"auto","background-attachment":"scroll","background-type":"","background-media":"","overlay-type":"","overlay-color":"","overlay-opacity":"","overlay-gradient":""},"tablet":{"background-color":"var(--ast-global-color-4)","background-image":"","background-repeat":"repeat","background-position":"center center","background-size":"auto","background-attachment":"scroll","background-type":"","background-media":"","overlay-type":"","overlay-color":"","overlay-opacity":"","overlay-gradient":""},"mobile":{"background-color":"var(--ast-global-color-4)","background-image":"","background-repeat":"repeat","background-position":"center center","background-size":"auto","background-attachment":"scroll","background-type":"","background-media":"","overlay-type":"","overlay-color":"","overlay-opacity":"","overlay-gradient":""}}},"product_brand":[],"product_cat":[33],"product_tag":[],"class_list":{"0":"post-6593","1":"product","2":"type-product","3":"status-publish","4":"has-post-thumbnail","6":"product_cat-biografijos","7":"desktop-align-left","8":"tablet-align-left","9":"mobile-align-left","11":"first","12":"instock","13":"shipping-taxable","14":"purchasable","15":"product-type-simple"},"acf":[],"yoast_head":"<!-- This site is optimized with the Yoast SEO plugin v27.0 - https:\/\/yoast.com\/product\/yoast-seo-wordpress\/ -->\n<title>Friedreich Weissensteiner \u201eGenij\u0173 moterys\u201c - Skaitytaknyga<\/title>\n<meta name=\"description\" content=\"Vertinant vieno ar kito genialaus \u017emogaus k\u016bryb\u0105, talent\u0105 ir asmenyb\u0119 nereik\u0117t\u0173 pamir\u0161ti ir privataus gyvenimo detali\u0173. Pavyzd\u017eiui, apie Thom\u0105 Mann\u0105 \u0161ioje knygoje ra\u0161oma: \u201eSakoma tiesiai ir atvirai: be savo puikios, apsukrios, nesavanaudi\u0161kos \u017emonos jis neb\u016bt\u0173 buv\u0119s ir tap\u0119s tuo, kas buvo \u2013 jo gyvenimas b\u016bt\u0173 nuvingiav\u0119s kitais keliais &lt;...&gt;\u201c. \u012edomu, ar genijus (Volfgang\u0105 Amadeus\u0105 Mozart\u0105, Johan\u0105 Volfgang\u0105 Goethe\u2018\u0119, Richard\u0105 Vagner\u012f, Albert\u0105 Ein\u0161tein\u0105, Gustav\u0105 Mahler\u012f ir Franz\u0105 Werfel\u012f) b\u016bt\u0173 lyd\u0117jusi tokia s\u0117km\u0117, jei ne j\u0173 gyvenimo\u00a0 moterys. Ne ro\u017e\u0117mis kloti k\u016br\u0117j\u0173 gyvenimo keliai, bet ne j\u0173 \u017eiedais barstytos ir Constanze\u2018\u0117s Weber, Christiane\u2018\u0117s Vulpius, Cosimos Liszt, Milevos Mari\u0107, Almos Schindler ir Katios Pringsheim dienos, nugyventos su savaisiais genijais. O ir patys genijai, visuomen\u0117s da\u017enai laikomi idealiais, \u0161eimoje, priva\u010diame gyvenime, pasirodo, buvusios ne tokios jau taurios, neretai ir visai nepatraukios asmenyb\u0117s.\" \/>\n<meta name=\"robots\" content=\"index, follow, max-snippet:-1, max-image-preview:large, max-video-preview:-1\" \/>\n<link rel=\"canonical\" href=\"https:\/\/skaitytaknyga.lt\/en\/produktas\/friedreich-weissensteiner-geniju-moterys\/\" \/>\n<meta property=\"og:locale\" content=\"en_GB\" \/>\n<meta property=\"og:locale:alternate\" content=\"lt_LT\" \/>\n<meta property=\"og:type\" content=\"article\" \/>\n<meta property=\"og:title\" content=\"Friedreich Weissensteiner \u201eGenij\u0173 moterys\u201c - Skaitytaknyga\" \/>\n<meta property=\"og:description\" content=\"Vertinant vieno ar kito genialaus \u017emogaus k\u016bryb\u0105, talent\u0105 ir asmenyb\u0119 nereik\u0117t\u0173 pamir\u0161ti ir privataus gyvenimo detali\u0173. Pavyzd\u017eiui, apie Thom\u0105 Mann\u0105 \u0161ioje knygoje ra\u0161oma: \u201eSakoma tiesiai ir atvirai: be savo puikios, apsukrios, nesavanaudi\u0161kos \u017emonos jis neb\u016bt\u0173 buv\u0119s ir tap\u0119s tuo, kas buvo \u2013 jo gyvenimas b\u016bt\u0173 nuvingiav\u0119s kitais keliais &lt;...&gt;\u201c. \u012edomu, ar genijus (Volfgang\u0105 Amadeus\u0105 Mozart\u0105, Johan\u0105 Volfgang\u0105 Goethe\u2018\u0119, Richard\u0105 Vagner\u012f, Albert\u0105 Ein\u0161tein\u0105, Gustav\u0105 Mahler\u012f ir Franz\u0105 Werfel\u012f) b\u016bt\u0173 lyd\u0117jusi tokia s\u0117km\u0117, jei ne j\u0173 gyvenimo\u00a0 moterys. Ne ro\u017e\u0117mis kloti k\u016br\u0117j\u0173 gyvenimo keliai, bet ne j\u0173 \u017eiedais barstytos ir Constanze\u2018\u0117s Weber, Christiane\u2018\u0117s Vulpius, Cosimos Liszt, Milevos Mari\u0107, Almos Schindler ir Katios Pringsheim dienos, nugyventos su savaisiais genijais. O ir patys genijai, visuomen\u0117s da\u017enai laikomi idealiais, \u0161eimoje, priva\u010diame gyvenime, pasirodo, buvusios ne tokios jau taurios, neretai ir visai nepatraukios asmenyb\u0117s.\" \/>\n<meta property=\"og:url\" content=\"https:\/\/skaitytaknyga.lt\/en\/produktas\/friedreich-weissensteiner-geniju-moterys\/\" \/>\n<meta property=\"og:site_name\" content=\"Skaitytaknyga\" \/>\n<meta property=\"article:publisher\" content=\"https:\/\/www.facebook.com\/skaitytaknyga\/\" \/>\n<meta property=\"article:modified_time\" content=\"2024-05-03T07:29:52+00:00\" \/>\n<meta property=\"og:image\" content=\"https:\/\/skaitytaknyga.lt\/wp-content\/uploads\/2024\/05\/1462879662_img0021-001.jpg\" \/>\n\t<meta property=\"og:image:width\" content=\"258\" \/>\n\t<meta property=\"og:image:height\" content=\"430\" \/>\n\t<meta property=\"og:image:type\" content=\"image\/jpeg\" \/>\n<meta name=\"twitter:card\" content=\"summary_large_image\" \/>\n<meta name=\"twitter:label1\" content=\"Estimated reading time\" \/>\n\t<meta name=\"twitter:data1\" content=\"1 minute\" \/>\n<script type=\"application\/ld+json\" class=\"yoast-schema-graph\">{\"@context\":\"https:\/\/schema.org\",\"@graph\":[{\"@type\":\"WebPage\",\"@id\":\"https:\/\/skaitytaknyga.lt\/produktas\/friedreich-weissensteiner-geniju-moterys\/\",\"url\":\"https:\/\/skaitytaknyga.lt\/produktas\/friedreich-weissensteiner-geniju-moterys\/\",\"name\":\"Friedreich Weissensteiner \u201eGenij\u0173 moterys\u201c - Skaitytaknyga\",\"isPartOf\":{\"@id\":\"https:\/\/skaitytaknyga.lt\/#website\"},\"primaryImageOfPage\":{\"@id\":\"https:\/\/skaitytaknyga.lt\/produktas\/friedreich-weissensteiner-geniju-moterys\/#primaryimage\"},\"image\":{\"@id\":\"https:\/\/skaitytaknyga.lt\/produktas\/friedreich-weissensteiner-geniju-moterys\/#primaryimage\"},\"thumbnailUrl\":\"https:\/\/skaitytaknyga.lt\/wp-content\/uploads\/2024\/05\/1462879662_img0021-001.jpg\",\"datePublished\":\"2024-05-02T13:22:59+00:00\",\"dateModified\":\"2024-05-03T07:29:52+00:00\",\"description\":\"Vertinant vieno ar kito genialaus \u017emogaus k\u016bryb\u0105, talent\u0105 ir asmenyb\u0119 nereik\u0117t\u0173 pamir\u0161ti ir privataus gyvenimo detali\u0173. Pavyzd\u017eiui, apie Thom\u0105 Mann\u0105 \u0161ioje knygoje ra\u0161oma: \u201eSakoma tiesiai ir atvirai: be savo puikios, apsukrios, nesavanaudi\u0161kos \u017emonos jis neb\u016bt\u0173 buv\u0119s ir tap\u0119s tuo, kas buvo \u2013 jo gyvenimas b\u016bt\u0173 nuvingiav\u0119s kitais keliais &lt;...&gt;\u201c. \u012edomu, ar genijus (Volfgang\u0105 Amadeus\u0105 Mozart\u0105, Johan\u0105 Volfgang\u0105 Goethe\u2018\u0119, Richard\u0105 Vagner\u012f, Albert\u0105 Ein\u0161tein\u0105, Gustav\u0105 Mahler\u012f ir Franz\u0105 Werfel\u012f) b\u016bt\u0173 lyd\u0117jusi tokia s\u0117km\u0117, jei ne j\u0173 gyvenimo\u00a0 moterys. Ne ro\u017e\u0117mis kloti k\u016br\u0117j\u0173 gyvenimo keliai, bet ne j\u0173 \u017eiedais barstytos ir Constanze\u2018\u0117s Weber, Christiane\u2018\u0117s Vulpius, Cosimos Liszt, Milevos Mari\u0107, Almos Schindler ir Katios Pringsheim dienos, nugyventos su savaisiais genijais. O ir patys genijai, visuomen\u0117s da\u017enai laikomi idealiais, \u0161eimoje, priva\u010diame gyvenime, pasirodo, buvusios ne tokios jau taurios, neretai ir visai nepatraukios asmenyb\u0117s.\",\"breadcrumb\":{\"@id\":\"https:\/\/skaitytaknyga.lt\/produktas\/friedreich-weissensteiner-geniju-moterys\/#breadcrumb\"},\"inLanguage\":\"en-GB\",\"potentialAction\":[{\"@type\":\"ReadAction\",\"target\":[\"https:\/\/skaitytaknyga.lt\/produktas\/friedreich-weissensteiner-geniju-moterys\/\"]}]},{\"@type\":\"ImageObject\",\"inLanguage\":\"en-GB\",\"@id\":\"https:\/\/skaitytaknyga.lt\/produktas\/friedreich-weissensteiner-geniju-moterys\/#primaryimage\",\"url\":\"https:\/\/skaitytaknyga.lt\/wp-content\/uploads\/2024\/05\/1462879662_img0021-001.jpg\",\"contentUrl\":\"https:\/\/skaitytaknyga.lt\/wp-content\/uploads\/2024\/05\/1462879662_img0021-001.jpg\",\"width\":258,\"height\":430},{\"@type\":\"BreadcrumbList\",\"@id\":\"https:\/\/skaitytaknyga.lt\/produktas\/friedreich-weissensteiner-geniju-moterys\/#breadcrumb\",\"itemListElement\":[{\"@type\":\"ListItem\",\"position\":1,\"name\":\"Home\",\"item\":\"https:\/\/skaitytaknyga.lt\/\"},{\"@type\":\"ListItem\",\"position\":2,\"name\":\"Parduotuv\u0117\",\"item\":\"https:\/\/skaitytaknyga.lt\/knygu-parduotuve\/\"},{\"@type\":\"ListItem\",\"position\":3,\"name\":\"Friedreich Weissensteiner \u201eGenij\u0173 moterys\u201c\"}]},{\"@type\":\"WebSite\",\"@id\":\"https:\/\/skaitytaknyga.lt\/#website\",\"url\":\"https:\/\/skaitytaknyga.lt\/\",\"name\":\"skaitytaknyga.lt\",\"description\":\"Skaitytaknyga.lt \u2013 tai ma\u017eas \u0161eimos verslas, kuris prasid\u0117jo nuo meil\u0117s knygoms ir siekio i\u0161gelb\u0117ti knygas nuo likimo prie konteinerio. Kas vienam nereikalingas daiktas \u2013 kitam lobis, o mes esame tarpininkai, kurie padeda abiems tapti laimingesniems ???? \u017dinome kaip nelengva i\u0161gyventi ma\u017eiems verslams, tad nuo \u0161iol, \u010dia rasite ir kit\u0173, ma\u017e\u0173 \u0161eim\u0173 versl\u0173, rank\u0173 darbo, dovan\u0173 sau ir artimiesiems.\",\"publisher\":{\"@id\":\"https:\/\/skaitytaknyga.lt\/#organization\"},\"potentialAction\":[{\"@type\":\"SearchAction\",\"target\":{\"@type\":\"EntryPoint\",\"urlTemplate\":\"https:\/\/skaitytaknyga.lt\/?s={search_term_string}\"},\"query-input\":{\"@type\":\"PropertyValueSpecification\",\"valueRequired\":true,\"valueName\":\"search_term_string\"}}],\"inLanguage\":\"en-GB\"},{\"@type\":\"Organization\",\"@id\":\"https:\/\/skaitytaknyga.lt\/#organization\",\"name\":\"skaitytaknyga.lt\",\"url\":\"https:\/\/skaitytaknyga.lt\/\",\"logo\":{\"@type\":\"ImageObject\",\"inLanguage\":\"en-GB\",\"@id\":\"https:\/\/skaitytaknyga.lt\/#\/schema\/logo\/image\/\",\"url\":\"https:\/\/skaitytaknyga.lt\/wp-content\/uploads\/2024\/05\/cropped-cropped-cropped-02_00843_jt3bggkj1j3HLc7SyY6rEUpg.jpeg\",\"contentUrl\":\"https:\/\/skaitytaknyga.lt\/wp-content\/uploads\/2024\/05\/cropped-cropped-cropped-02_00843_jt3bggkj1j3HLc7SyY6rEUpg.jpeg\",\"width\":1600,\"height\":1600,\"caption\":\"skaitytaknyga.lt\"},\"image\":{\"@id\":\"https:\/\/skaitytaknyga.lt\/#\/schema\/logo\/image\/\"},\"sameAs\":[\"https:\/\/www.facebook.com\/skaitytaknyga\/\"]}]}<\/script>\n<!-- \/ Yoast SEO plugin. -->","yoast_head_json":{"title":"Friedreich Weissensteiner \u201eGenij\u0173 moterys\u201c - Skaitytaknyga","description":"Vertinant vieno ar kito genialaus \u017emogaus k\u016bryb\u0105, talent\u0105 ir asmenyb\u0119 nereik\u0117t\u0173 pamir\u0161ti ir privataus gyvenimo detali\u0173. Pavyzd\u017eiui, apie Thom\u0105 Mann\u0105 \u0161ioje knygoje ra\u0161oma: \u201eSakoma tiesiai ir atvirai: be savo puikios, apsukrios, nesavanaudi\u0161kos \u017emonos jis neb\u016bt\u0173 buv\u0119s ir tap\u0119s tuo, kas buvo \u2013 jo gyvenimas b\u016bt\u0173 nuvingiav\u0119s kitais keliais &lt;...&gt;\u201c. \u012edomu, ar genijus (Volfgang\u0105 Amadeus\u0105 Mozart\u0105, Johan\u0105 Volfgang\u0105 Goethe\u2018\u0119, Richard\u0105 Vagner\u012f, Albert\u0105 Ein\u0161tein\u0105, Gustav\u0105 Mahler\u012f ir Franz\u0105 Werfel\u012f) b\u016bt\u0173 lyd\u0117jusi tokia s\u0117km\u0117, jei ne j\u0173 gyvenimo\u00a0 moterys. Ne ro\u017e\u0117mis kloti k\u016br\u0117j\u0173 gyvenimo keliai, bet ne j\u0173 \u017eiedais barstytos ir Constanze\u2018\u0117s Weber, Christiane\u2018\u0117s Vulpius, Cosimos Liszt, Milevos Mari\u0107, Almos Schindler ir Katios Pringsheim dienos, nugyventos su savaisiais genijais. O ir patys genijai, visuomen\u0117s da\u017enai laikomi idealiais, \u0161eimoje, priva\u010diame gyvenime, pasirodo, buvusios ne tokios jau taurios, neretai ir visai nepatraukios asmenyb\u0117s.","robots":{"index":"index","follow":"follow","max-snippet":"max-snippet:-1","max-image-preview":"max-image-preview:large","max-video-preview":"max-video-preview:-1"},"canonical":"https:\/\/skaitytaknyga.lt\/en\/produktas\/friedreich-weissensteiner-geniju-moterys\/","og_locale":"en_GB","og_type":"article","og_title":"Friedreich Weissensteiner \u201eGenij\u0173 moterys\u201c - Skaitytaknyga","og_description":"Vertinant vieno ar kito genialaus \u017emogaus k\u016bryb\u0105, talent\u0105 ir asmenyb\u0119 nereik\u0117t\u0173 pamir\u0161ti ir privataus gyvenimo detali\u0173. Pavyzd\u017eiui, apie Thom\u0105 Mann\u0105 \u0161ioje knygoje ra\u0161oma: \u201eSakoma tiesiai ir atvirai: be savo puikios, apsukrios, nesavanaudi\u0161kos \u017emonos jis neb\u016bt\u0173 buv\u0119s ir tap\u0119s tuo, kas buvo \u2013 jo gyvenimas b\u016bt\u0173 nuvingiav\u0119s kitais keliais &lt;...&gt;\u201c. \u012edomu, ar genijus (Volfgang\u0105 Amadeus\u0105 Mozart\u0105, Johan\u0105 Volfgang\u0105 Goethe\u2018\u0119, Richard\u0105 Vagner\u012f, Albert\u0105 Ein\u0161tein\u0105, Gustav\u0105 Mahler\u012f ir Franz\u0105 Werfel\u012f) b\u016bt\u0173 lyd\u0117jusi tokia s\u0117km\u0117, jei ne j\u0173 gyvenimo\u00a0 moterys. Ne ro\u017e\u0117mis kloti k\u016br\u0117j\u0173 gyvenimo keliai, bet ne j\u0173 \u017eiedais barstytos ir Constanze\u2018\u0117s Weber, Christiane\u2018\u0117s Vulpius, Cosimos Liszt, Milevos Mari\u0107, Almos Schindler ir Katios Pringsheim dienos, nugyventos su savaisiais genijais. O ir patys genijai, visuomen\u0117s da\u017enai laikomi idealiais, \u0161eimoje, priva\u010diame gyvenime, pasirodo, buvusios ne tokios jau taurios, neretai ir visai nepatraukios asmenyb\u0117s.","og_url":"https:\/\/skaitytaknyga.lt\/en\/produktas\/friedreich-weissensteiner-geniju-moterys\/","og_site_name":"Skaitytaknyga","article_publisher":"https:\/\/www.facebook.com\/skaitytaknyga\/","article_modified_time":"2024-05-03T07:29:52+00:00","og_image":[{"width":258,"height":430,"url":"https:\/\/skaitytaknyga.lt\/wp-content\/uploads\/2024\/05\/1462879662_img0021-001.jpg","type":"image\/jpeg"}],"twitter_card":"summary_large_image","twitter_misc":{"Estimated reading time":"1 minute"},"schema":{"@context":"https:\/\/schema.org","@graph":[{"@type":"WebPage","@id":"https:\/\/skaitytaknyga.lt\/produktas\/friedreich-weissensteiner-geniju-moterys\/","url":"https:\/\/skaitytaknyga.lt\/produktas\/friedreich-weissensteiner-geniju-moterys\/","name":"Friedreich Weissensteiner \u201eGenij\u0173 moterys\u201c - Skaitytaknyga","isPartOf":{"@id":"https:\/\/skaitytaknyga.lt\/#website"},"primaryImageOfPage":{"@id":"https:\/\/skaitytaknyga.lt\/produktas\/friedreich-weissensteiner-geniju-moterys\/#primaryimage"},"image":{"@id":"https:\/\/skaitytaknyga.lt\/produktas\/friedreich-weissensteiner-geniju-moterys\/#primaryimage"},"thumbnailUrl":"https:\/\/skaitytaknyga.lt\/wp-content\/uploads\/2024\/05\/1462879662_img0021-001.jpg","datePublished":"2024-05-02T13:22:59+00:00","dateModified":"2024-05-03T07:29:52+00:00","description":"Vertinant vieno ar kito genialaus \u017emogaus k\u016bryb\u0105, talent\u0105 ir asmenyb\u0119 nereik\u0117t\u0173 pamir\u0161ti ir privataus gyvenimo detali\u0173. Pavyzd\u017eiui, apie Thom\u0105 Mann\u0105 \u0161ioje knygoje ra\u0161oma: \u201eSakoma tiesiai ir atvirai: be savo puikios, apsukrios, nesavanaudi\u0161kos \u017emonos jis neb\u016bt\u0173 buv\u0119s ir tap\u0119s tuo, kas buvo \u2013 jo gyvenimas b\u016bt\u0173 nuvingiav\u0119s kitais keliais &lt;...&gt;\u201c. \u012edomu, ar genijus (Volfgang\u0105 Amadeus\u0105 Mozart\u0105, Johan\u0105 Volfgang\u0105 Goethe\u2018\u0119, Richard\u0105 Vagner\u012f, Albert\u0105 Ein\u0161tein\u0105, Gustav\u0105 Mahler\u012f ir Franz\u0105 Werfel\u012f) b\u016bt\u0173 lyd\u0117jusi tokia s\u0117km\u0117, jei ne j\u0173 gyvenimo\u00a0 moterys. Ne ro\u017e\u0117mis kloti k\u016br\u0117j\u0173 gyvenimo keliai, bet ne j\u0173 \u017eiedais barstytos ir Constanze\u2018\u0117s Weber, Christiane\u2018\u0117s Vulpius, Cosimos Liszt, Milevos Mari\u0107, Almos Schindler ir Katios Pringsheim dienos, nugyventos su savaisiais genijais. O ir patys genijai, visuomen\u0117s da\u017enai laikomi idealiais, \u0161eimoje, priva\u010diame gyvenime, pasirodo, buvusios ne tokios jau taurios, neretai ir visai nepatraukios asmenyb\u0117s.","breadcrumb":{"@id":"https:\/\/skaitytaknyga.lt\/produktas\/friedreich-weissensteiner-geniju-moterys\/#breadcrumb"},"inLanguage":"en-GB","potentialAction":[{"@type":"ReadAction","target":["https:\/\/skaitytaknyga.lt\/produktas\/friedreich-weissensteiner-geniju-moterys\/"]}]},{"@type":"ImageObject","inLanguage":"en-GB","@id":"https:\/\/skaitytaknyga.lt\/produktas\/friedreich-weissensteiner-geniju-moterys\/#primaryimage","url":"https:\/\/skaitytaknyga.lt\/wp-content\/uploads\/2024\/05\/1462879662_img0021-001.jpg","contentUrl":"https:\/\/skaitytaknyga.lt\/wp-content\/uploads\/2024\/05\/1462879662_img0021-001.jpg","width":258,"height":430},{"@type":"BreadcrumbList","@id":"https:\/\/skaitytaknyga.lt\/produktas\/friedreich-weissensteiner-geniju-moterys\/#breadcrumb","itemListElement":[{"@type":"ListItem","position":1,"name":"Home","item":"https:\/\/skaitytaknyga.lt\/"},{"@type":"ListItem","position":2,"name":"Parduotuv\u0117","item":"https:\/\/skaitytaknyga.lt\/knygu-parduotuve\/"},{"@type":"ListItem","position":3,"name":"Friedreich Weissensteiner \u201eGenij\u0173 moterys\u201c"}]},{"@type":"WebSite","@id":"https:\/\/skaitytaknyga.lt\/#website","url":"https:\/\/skaitytaknyga.lt\/","name":"skaitytaknyga.lt","description":"Skaitytaknyga.lt \u2013 tai ma\u017eas \u0161eimos verslas, kuris prasid\u0117jo nuo meil\u0117s knygoms ir siekio i\u0161gelb\u0117ti knygas nuo likimo prie konteinerio. Kas vienam nereikalingas daiktas \u2013 kitam lobis, o mes esame tarpininkai, kurie padeda abiems tapti laimingesniems ???? \u017dinome kaip nelengva i\u0161gyventi ma\u017eiems verslams, tad nuo \u0161iol, \u010dia rasite ir kit\u0173, ma\u017e\u0173 \u0161eim\u0173 versl\u0173, rank\u0173 darbo, dovan\u0173 sau ir artimiesiems.","publisher":{"@id":"https:\/\/skaitytaknyga.lt\/#organization"},"potentialAction":[{"@type":"SearchAction","target":{"@type":"EntryPoint","urlTemplate":"https:\/\/skaitytaknyga.lt\/?s={search_term_string}"},"query-input":{"@type":"PropertyValueSpecification","valueRequired":true,"valueName":"search_term_string"}}],"inLanguage":"en-GB"},{"@type":"Organization","@id":"https:\/\/skaitytaknyga.lt\/#organization","name":"skaitytaknyga.lt","url":"https:\/\/skaitytaknyga.lt\/","logo":{"@type":"ImageObject","inLanguage":"en-GB","@id":"https:\/\/skaitytaknyga.lt\/#\/schema\/logo\/image\/","url":"https:\/\/skaitytaknyga.lt\/wp-content\/uploads\/2024\/05\/cropped-cropped-cropped-02_00843_jt3bggkj1j3HLc7SyY6rEUpg.jpeg","contentUrl":"https:\/\/skaitytaknyga.lt\/wp-content\/uploads\/2024\/05\/cropped-cropped-cropped-02_00843_jt3bggkj1j3HLc7SyY6rEUpg.jpeg","width":1600,"height":1600,"caption":"skaitytaknyga.lt"},"image":{"@id":"https:\/\/skaitytaknyga.lt\/#\/schema\/logo\/image\/"},"sameAs":["https:\/\/www.facebook.com\/skaitytaknyga\/"]}]}},"_links":{"self":[{"href":"https:\/\/skaitytaknyga.lt\/en\/wp-json\/wp\/v2\/product\/6593","targetHints":{"allow":["GET"]}}],"collection":[{"href":"https:\/\/skaitytaknyga.lt\/en\/wp-json\/wp\/v2\/product"}],"about":[{"href":"https:\/\/skaitytaknyga.lt\/en\/wp-json\/wp\/v2\/types\/product"}],"replies":[{"embeddable":true,"href":"https:\/\/skaitytaknyga.lt\/en\/wp-json\/wp\/v2\/comments?post=6593"}],"wp:featuredmedia":[{"embeddable":true,"href":"https:\/\/skaitytaknyga.lt\/en\/wp-json\/wp\/v2\/media\/6605"}],"wp:attachment":[{"href":"https:\/\/skaitytaknyga.lt\/en\/wp-json\/wp\/v2\/media?parent=6593"}],"wp:term":[{"taxonomy":"product_brand","embeddable":true,"href":"https:\/\/skaitytaknyga.lt\/en\/wp-json\/wp\/v2\/product_brand?post=6593"},{"taxonomy":"product_cat","embeddable":true,"href":"https:\/\/skaitytaknyga.lt\/en\/wp-json\/wp\/v2\/product_cat?post=6593"},{"taxonomy":"product_tag","embeddable":true,"href":"https:\/\/skaitytaknyga.lt\/en\/wp-json\/wp\/v2\/product_tag?post=6593"}],"curies":[{"name":"wp","href":"https:\/\/api.w.org\/{rel}","templated":true}]}}