{"id":6565,"date":"2024-05-02T13:22:14","date_gmt":"2024-05-02T13:22:14","guid":{"rendered":"https:\/\/skaitytaknyga.lt\/?post_type=product&#038;p=6565"},"modified":"2026-03-05T13:02:24","modified_gmt":"2026-03-05T11:02:24","slug":"jurga-ivanauskaite-placebas-nedideli-virselio-defektai","status":"publish","type":"product","link":"https:\/\/skaitytaknyga.lt\/en\/produktas\/jurga-ivanauskaite-placebas-nedideli-virselio-defektai\/","title":{"rendered":"Placebas"},"content":{"rendered":"<p><strong>Ar kada jaut\u0117t\u0117s svetimi \u0161iame pasaulyje?<\/strong><\/p>\n<p>Ar kartais pagalvojate, kad gyvenate pagal ka\u017ekieno Kito sukurt\u0105 scenarij\u0173? Ar nemanote, kad J\u016bs\u0173 slap\u010diausi\u0173 min\u010di\u0173 klausomasi? Ar J\u016bs naudojat\u0117s kompiuteriu, ar kompiuteris \u2013 Jumis? Ar skaitote laikra\u0161\u010dius? Ar perjungiate TV kanal\u0105, kai rodoma reklama? Ar reguliariai valot\u0117s dantis? Ar da\u017enai \u017ei\u016brite \u012f veidrod\u012f? Ar sapnuojate ko\u0161marus? Ar vengiate pikt\u0173 \u0161un\u0173? Ar mylite kates? Ar band\u0117te \u017eudytis? Ar esate vyras? O gal \u2013 moteris? Ar visos j\u016bs\u0173 meil\u0117s li\u016bdnai baigiasi? Ar norite b\u016bti laimingi? Ar bijote mirties?<\/p>\n<p>Jei bent \u012f vien\u0105 klausim\u0105 atsak\u0117te teigiamai, tai \u201ePlacebas\u201c \u2013 kaip tik Jums!<\/p>\n<p>\u0160is romanas &#8211; \u012ftaigus, sukre\u010diantis psichologinis, filosofinis, fantastinis k\u016brinys. Jame, pl\u0117tojant b\u016br\u0117jos \u017e\u016bties intrig\u0105, su ironija ir sarkazmu gvildenami kai kurie neigiami Lietuvos dabarties rei\u0161kiniai, nujau\u010diamos pragai\u0161tingos \u0161iandienin\u0117s visuomen\u0117s &#8211; naujojo Placebo pasaulio pagrindo &#8211; elgesio pasekm\u0117s.<\/p>\n","protected":false},"excerpt":{"rendered":"<p><strong>Ar kada jaut\u0117t\u0117s svetimi \u0161iame pasaulyje?<\/strong><\/p>\n<p>Ar kartais pagalvojate, kad gyvenate pagal ka\u017ekieno Kito sukurt\u0105 scenarij\u0173? Ar nemanote, kad J\u016bs\u0173 slap\u010diausi\u0173 min\u010di\u0173 klausomasi? Ar J\u016bs naudojat\u0117s kompiuteriu, ar kompiuteris \u2013 Jumis? Ar skaitote laikra\u0161\u010dius? Ar perjungiate TV kanal\u0105, kai rodoma reklama? Ar reguliariai valot\u0117s dantis? Ar da\u017enai \u017ei\u016brite \u012f veidrod\u012f? Ar sapnuojate ko\u0161marus? Ar vengiate pikt\u0173 \u0161un\u0173? Ar mylite kates? Ar band\u0117te \u017eudytis? Ar esate vyras? O gal \u2013 moteris? Ar visos j\u016bs\u0173 meil\u0117s li\u016bdnai baigiasi? Ar norite b\u016bti laimingi? Ar bijote mirties?<\/p>\n<p>Jei bent \u012f vien\u0105 klausim\u0105 atsak\u0117te teigiamai, tai \u201ePlacebas\u201c \u2013 kaip tik Jums!<\/p>\n<p>\u0160is romanas &#8211; \u012ftaigus, sukre\u010diantis psichologinis, filosofinis, fantastinis k\u016brinys. Jame, pl\u0117tojant b\u016br\u0117jos \u017e\u016bties intrig\u0105, su ironija ir sarkazmu gvildenami kai kurie neigiami Lietuvos dabarties rei\u0161kiniai, nujau\u010diamos pragai\u0161tingos \u0161iandienin\u0117s visuomen\u0117s &#8211; naujojo Placebo pasaulio pagrindo &#8211; elgesio pasekm\u0117s.<\/p>\n","protected":false},"featured_media":6585,"comment_status":"closed","ping_status":"closed","template":"","meta":{"_acf_changed":false,"site-sidebar-layout":"default","site-content-layout":"","ast-site-content-layout":"default","site-content-style":"default","site-sidebar-style":"default","ast-global-header-display":"","ast-banner-title-visibility":"","ast-main-header-display":"","ast-hfb-above-header-display":"","ast-hfb-below-header-display":"","ast-hfb-mobile-header-display":"","site-post-title":"","ast-breadcrumbs-content":"","ast-featured-img":"","footer-sml-layout":"","ast-disable-related-posts":"","theme-transparent-header-meta":"","adv-header-id-meta":"","stick-header-meta":"","header-above-stick-meta":"","header-main-stick-meta":"","header-below-stick-meta":"","astra-migrate-meta-layouts":"default","ast-page-background-enabled":"default","ast-page-background-meta":{"desktop":{"background-color":"","background-image":"","background-repeat":"repeat","background-position":"center center","background-size":"auto","background-attachment":"scroll","background-type":"","background-media":"","overlay-type":"","overlay-color":"","overlay-opacity":"","overlay-gradient":""},"tablet":{"background-color":"","background-image":"","background-repeat":"repeat","background-position":"center center","background-size":"auto","background-attachment":"scroll","background-type":"","background-media":"","overlay-type":"","overlay-color":"","overlay-opacity":"","overlay-gradient":""},"mobile":{"background-color":"","background-image":"","background-repeat":"repeat","background-position":"center center","background-size":"auto","background-attachment":"scroll","background-type":"","background-media":"","overlay-type":"","overlay-color":"","overlay-opacity":"","overlay-gradient":""}},"ast-content-background-meta":{"desktop":{"background-color":"var(--ast-global-color-4)","background-image":"","background-repeat":"repeat","background-position":"center center","background-size":"auto","background-attachment":"scroll","background-type":"","background-media":"","overlay-type":"","overlay-color":"","overlay-opacity":"","overlay-gradient":""},"tablet":{"background-color":"var(--ast-global-color-4)","background-image":"","background-repeat":"repeat","background-position":"center center","background-size":"auto","background-attachment":"scroll","background-type":"","background-media":"","overlay-type":"","overlay-color":"","overlay-opacity":"","overlay-gradient":""},"mobile":{"background-color":"var(--ast-global-color-4)","background-image":"","background-repeat":"repeat","background-position":"center center","background-size":"auto","background-attachment":"scroll","background-type":"","background-media":"","overlay-type":"","overlay-color":"","overlay-opacity":"","overlay-gradient":""}}},"product_brand":[],"product_cat":[9590],"product_tag":[],"class_list":{"0":"post-6565","1":"product","2":"type-product","3":"status-publish","4":"has-post-thumbnail","6":"product_cat-lietuviu-literatura","7":"pa_leidimo-metai-680","8":"pa_virselis-kietas","9":"desktop-align-left","10":"tablet-align-left","11":"mobile-align-left","13":"first","14":"instock","15":"shipping-taxable","16":"purchasable","17":"product-type-simple"},"acf":[],"yoast_head":"<!-- This site is optimized with the Yoast SEO plugin v27.0 - https:\/\/yoast.com\/product\/yoast-seo-wordpress\/ -->\n<title>Placebas<\/title>\n<meta name=\"description\" content=\"Ar kada jaut\u0117t\u0117s svetimi \u0161iame pasaulyje?  Ar kartais pagalvojate, kad gyvenate pagal ka\u017ekieno Kito sukurt\u0105 scenarij\u0173? Ar nemanote, kad J\u016bs\u0173 slap\u010diausi\u0173 min\u010di\u0173 klausomasi? Ar J\u016bs naudojat\u0117s kompiuteriu, ar kompiuteris \u2013 Jumis? Ar skaitote laikra\u0161\u010dius? Ar perjungiate TV kanal\u0105, kai rodoma reklama? Ar reguliariai valot\u0117s dantis? Ar da\u017enai \u017ei\u016brite \u012f veidrod\u012f? Ar sapnuojate ko\u0161marus? Ar vengiate pikt\u0173 \u0161un\u0173? Ar mylite kates? Ar band\u0117te \u017eudytis? Ar esate vyras? O gal \u2013 moteris? Ar visos j\u016bs\u0173 meil\u0117s li\u016bdnai baigiasi? Ar norite b\u016bti laimingi? Ar bijote mirties?  Jei bent \u012f vien\u0105 klausim\u0105 atsak\u0117te teigiamai, tai \u201ePlacebas\u201c \u2013 kaip tik Jums!  \u0160is romanas - \u012ftaigus, sukre\u010diantis psichologinis, filosofinis, fantastinis k\u016brinys. Jame, pl\u0117tojant b\u016br\u0117jos \u017e\u016bties intrig\u0105, su ironija ir sarkazmu gvildenami kai kurie neigiami Lietuvos dabarties rei\u0161kiniai, nujau\u010diamos pragai\u0161tingos \u0161iandienin\u0117s visuomen\u0117s - naujojo Placebo pasaulio pagrindo - elgesio pasekm\u0117s.\" \/>\n<meta name=\"robots\" content=\"index, follow, max-snippet:-1, max-image-preview:large, max-video-preview:-1\" \/>\n<link rel=\"canonical\" href=\"https:\/\/skaitytaknyga.lt\/en\/produktas\/jurga-ivanauskaite-placebas-nedideli-virselio-defektai\/\" \/>\n<meta property=\"og:locale\" content=\"en_GB\" \/>\n<meta property=\"og:locale:alternate\" content=\"lt_LT\" \/>\n<meta property=\"og:type\" content=\"article\" \/>\n<meta property=\"og:title\" content=\"Placebas\" \/>\n<meta property=\"og:description\" content=\"Ar kada jaut\u0117t\u0117s svetimi \u0161iame pasaulyje?  Ar kartais pagalvojate, kad gyvenate pagal ka\u017ekieno Kito sukurt\u0105 scenarij\u0173? Ar nemanote, kad J\u016bs\u0173 slap\u010diausi\u0173 min\u010di\u0173 klausomasi? Ar J\u016bs naudojat\u0117s kompiuteriu, ar kompiuteris \u2013 Jumis? Ar skaitote laikra\u0161\u010dius? Ar perjungiate TV kanal\u0105, kai rodoma reklama? Ar reguliariai valot\u0117s dantis? Ar da\u017enai \u017ei\u016brite \u012f veidrod\u012f? Ar sapnuojate ko\u0161marus? Ar vengiate pikt\u0173 \u0161un\u0173? Ar mylite kates? Ar band\u0117te \u017eudytis? Ar esate vyras? O gal \u2013 moteris? Ar visos j\u016bs\u0173 meil\u0117s li\u016bdnai baigiasi? Ar norite b\u016bti laimingi? Ar bijote mirties?  Jei bent \u012f vien\u0105 klausim\u0105 atsak\u0117te teigiamai, tai \u201ePlacebas\u201c \u2013 kaip tik Jums!  \u0160is romanas - \u012ftaigus, sukre\u010diantis psichologinis, filosofinis, fantastinis k\u016brinys. Jame, pl\u0117tojant b\u016br\u0117jos \u017e\u016bties intrig\u0105, su ironija ir sarkazmu gvildenami kai kurie neigiami Lietuvos dabarties rei\u0161kiniai, nujau\u010diamos pragai\u0161tingos \u0161iandienin\u0117s visuomen\u0117s - naujojo Placebo pasaulio pagrindo - elgesio pasekm\u0117s.\" \/>\n<meta property=\"og:url\" content=\"https:\/\/skaitytaknyga.lt\/en\/produktas\/jurga-ivanauskaite-placebas-nedideli-virselio-defektai\/\" \/>\n<meta property=\"og:site_name\" content=\"Skaitytaknyga\" \/>\n<meta property=\"article:publisher\" content=\"https:\/\/www.facebook.com\/skaitytaknyga\/\" \/>\n<meta property=\"article:modified_time\" content=\"2026-03-05T11:02:24+00:00\" \/>\n<meta property=\"og:image\" content=\"https:\/\/skaitytaknyga.lt\/wp-content\/uploads\/2024\/05\/1522238567_Scan_28-03-2018_1422.jpg\" \/>\n\t<meta property=\"og:image:width\" content=\"293\" \/>\n\t<meta property=\"og:image:height\" content=\"430\" \/>\n\t<meta property=\"og:image:type\" content=\"image\/jpeg\" \/>\n<meta name=\"twitter:card\" content=\"summary_large_image\" \/>\n<meta name=\"twitter:label1\" content=\"Estimated reading time\" \/>\n\t<meta name=\"twitter:data1\" content=\"1 minute\" \/>\n<script type=\"application\/ld+json\" class=\"yoast-schema-graph\">{\"@context\":\"https:\/\/schema.org\",\"@graph\":[{\"@type\":\"WebPage\",\"@id\":\"https:\/\/skaitytaknyga.lt\/produktas\/jurga-ivanauskaite-placebas-nedideli-virselio-defektai\/\",\"url\":\"https:\/\/skaitytaknyga.lt\/produktas\/jurga-ivanauskaite-placebas-nedideli-virselio-defektai\/\",\"name\":\"Placebas\",\"isPartOf\":{\"@id\":\"https:\/\/skaitytaknyga.lt\/#website\"},\"primaryImageOfPage\":{\"@id\":\"https:\/\/skaitytaknyga.lt\/produktas\/jurga-ivanauskaite-placebas-nedideli-virselio-defektai\/#primaryimage\"},\"image\":{\"@id\":\"https:\/\/skaitytaknyga.lt\/produktas\/jurga-ivanauskaite-placebas-nedideli-virselio-defektai\/#primaryimage\"},\"thumbnailUrl\":\"https:\/\/skaitytaknyga.lt\/wp-content\/uploads\/2024\/05\/1522238567_Scan_28-03-2018_1422.jpg\",\"datePublished\":\"2024-05-02T13:22:14+00:00\",\"dateModified\":\"2026-03-05T11:02:24+00:00\",\"description\":\"Ar kada jaut\u0117t\u0117s svetimi \u0161iame pasaulyje? Ar kartais pagalvojate, kad gyvenate pagal ka\u017ekieno Kito sukurt\u0105 scenarij\u0173? Ar nemanote, kad J\u016bs\u0173 slap\u010diausi\u0173 min\u010di\u0173 klausomasi? Ar J\u016bs naudojat\u0117s kompiuteriu, ar kompiuteris \u2013 Jumis? Ar skaitote laikra\u0161\u010dius? Ar perjungiate TV kanal\u0105, kai rodoma reklama? Ar reguliariai valot\u0117s dantis? Ar da\u017enai \u017ei\u016brite \u012f veidrod\u012f? Ar sapnuojate ko\u0161marus? Ar vengiate pikt\u0173 \u0161un\u0173? Ar mylite kates? Ar band\u0117te \u017eudytis? Ar esate vyras? O gal \u2013 moteris? Ar visos j\u016bs\u0173 meil\u0117s li\u016bdnai baigiasi? Ar norite b\u016bti laimingi? Ar bijote mirties? Jei bent \u012f vien\u0105 klausim\u0105 atsak\u0117te teigiamai, tai \u201ePlacebas\u201c \u2013 kaip tik Jums! \u0160is romanas - \u012ftaigus, sukre\u010diantis psichologinis, filosofinis, fantastinis k\u016brinys. Jame, pl\u0117tojant b\u016br\u0117jos \u017e\u016bties intrig\u0105, su ironija ir sarkazmu gvildenami kai kurie neigiami Lietuvos dabarties rei\u0161kiniai, nujau\u010diamos pragai\u0161tingos \u0161iandienin\u0117s visuomen\u0117s - naujojo Placebo pasaulio pagrindo - elgesio pasekm\u0117s.\",\"breadcrumb\":{\"@id\":\"https:\/\/skaitytaknyga.lt\/produktas\/jurga-ivanauskaite-placebas-nedideli-virselio-defektai\/#breadcrumb\"},\"inLanguage\":\"en-GB\",\"potentialAction\":[{\"@type\":\"ReadAction\",\"target\":[\"https:\/\/skaitytaknyga.lt\/produktas\/jurga-ivanauskaite-placebas-nedideli-virselio-defektai\/\"]}]},{\"@type\":\"ImageObject\",\"inLanguage\":\"en-GB\",\"@id\":\"https:\/\/skaitytaknyga.lt\/produktas\/jurga-ivanauskaite-placebas-nedideli-virselio-defektai\/#primaryimage\",\"url\":\"https:\/\/skaitytaknyga.lt\/wp-content\/uploads\/2024\/05\/1522238567_Scan_28-03-2018_1422.jpg\",\"contentUrl\":\"https:\/\/skaitytaknyga.lt\/wp-content\/uploads\/2024\/05\/1522238567_Scan_28-03-2018_1422.jpg\",\"width\":293,\"height\":430},{\"@type\":\"BreadcrumbList\",\"@id\":\"https:\/\/skaitytaknyga.lt\/produktas\/jurga-ivanauskaite-placebas-nedideli-virselio-defektai\/#breadcrumb\",\"itemListElement\":[{\"@type\":\"ListItem\",\"position\":1,\"name\":\"Home\",\"item\":\"https:\/\/skaitytaknyga.lt\/\"},{\"@type\":\"ListItem\",\"position\":2,\"name\":\"Parduotuv\u0117\",\"item\":\"https:\/\/skaitytaknyga.lt\/knygu-parduotuve\/\"},{\"@type\":\"ListItem\",\"position\":3,\"name\":\"Placebas\"}]},{\"@type\":\"WebSite\",\"@id\":\"https:\/\/skaitytaknyga.lt\/#website\",\"url\":\"https:\/\/skaitytaknyga.lt\/\",\"name\":\"skaitytaknyga.lt\",\"description\":\"Skaitytaknyga.lt \u2013 tai ma\u017eas \u0161eimos verslas, kuris prasid\u0117jo nuo meil\u0117s knygoms ir siekio i\u0161gelb\u0117ti knygas nuo likimo prie konteinerio. Kas vienam nereikalingas daiktas \u2013 kitam lobis, o mes esame tarpininkai, kurie padeda abiems tapti laimingesniems ???? \u017dinome kaip nelengva i\u0161gyventi ma\u017eiems verslams, tad nuo \u0161iol, \u010dia rasite ir kit\u0173, ma\u017e\u0173 \u0161eim\u0173 versl\u0173, rank\u0173 darbo, dovan\u0173 sau ir artimiesiems.\",\"publisher\":{\"@id\":\"https:\/\/skaitytaknyga.lt\/#organization\"},\"potentialAction\":[{\"@type\":\"SearchAction\",\"target\":{\"@type\":\"EntryPoint\",\"urlTemplate\":\"https:\/\/skaitytaknyga.lt\/?s={search_term_string}\"},\"query-input\":{\"@type\":\"PropertyValueSpecification\",\"valueRequired\":true,\"valueName\":\"search_term_string\"}}],\"inLanguage\":\"en-GB\"},{\"@type\":\"Organization\",\"@id\":\"https:\/\/skaitytaknyga.lt\/#organization\",\"name\":\"skaitytaknyga.lt\",\"url\":\"https:\/\/skaitytaknyga.lt\/\",\"logo\":{\"@type\":\"ImageObject\",\"inLanguage\":\"en-GB\",\"@id\":\"https:\/\/skaitytaknyga.lt\/#\/schema\/logo\/image\/\",\"url\":\"https:\/\/skaitytaknyga.lt\/wp-content\/uploads\/2024\/05\/cropped-cropped-cropped-02_00843_jt3bggkj1j3HLc7SyY6rEUpg.jpeg\",\"contentUrl\":\"https:\/\/skaitytaknyga.lt\/wp-content\/uploads\/2024\/05\/cropped-cropped-cropped-02_00843_jt3bggkj1j3HLc7SyY6rEUpg.jpeg\",\"width\":1600,\"height\":1600,\"caption\":\"skaitytaknyga.lt\"},\"image\":{\"@id\":\"https:\/\/skaitytaknyga.lt\/#\/schema\/logo\/image\/\"},\"sameAs\":[\"https:\/\/www.facebook.com\/skaitytaknyga\/\"]}]}<\/script>\n<!-- \/ Yoast SEO plugin. -->","yoast_head_json":{"title":"Placebas","description":"Ar kada jaut\u0117t\u0117s svetimi \u0161iame pasaulyje?  Ar kartais pagalvojate, kad gyvenate pagal ka\u017ekieno Kito sukurt\u0105 scenarij\u0173? Ar nemanote, kad J\u016bs\u0173 slap\u010diausi\u0173 min\u010di\u0173 klausomasi? Ar J\u016bs naudojat\u0117s kompiuteriu, ar kompiuteris \u2013 Jumis? Ar skaitote laikra\u0161\u010dius? Ar perjungiate TV kanal\u0105, kai rodoma reklama? Ar reguliariai valot\u0117s dantis? Ar da\u017enai \u017ei\u016brite \u012f veidrod\u012f? Ar sapnuojate ko\u0161marus? Ar vengiate pikt\u0173 \u0161un\u0173? Ar mylite kates? Ar band\u0117te \u017eudytis? Ar esate vyras? O gal \u2013 moteris? Ar visos j\u016bs\u0173 meil\u0117s li\u016bdnai baigiasi? Ar norite b\u016bti laimingi? Ar bijote mirties?  Jei bent \u012f vien\u0105 klausim\u0105 atsak\u0117te teigiamai, tai \u201ePlacebas\u201c \u2013 kaip tik Jums!  \u0160is romanas - \u012ftaigus, sukre\u010diantis psichologinis, filosofinis, fantastinis k\u016brinys. Jame, pl\u0117tojant b\u016br\u0117jos \u017e\u016bties intrig\u0105, su ironija ir sarkazmu gvildenami kai kurie neigiami Lietuvos dabarties rei\u0161kiniai, nujau\u010diamos pragai\u0161tingos \u0161iandienin\u0117s visuomen\u0117s - naujojo Placebo pasaulio pagrindo - elgesio pasekm\u0117s.","robots":{"index":"index","follow":"follow","max-snippet":"max-snippet:-1","max-image-preview":"max-image-preview:large","max-video-preview":"max-video-preview:-1"},"canonical":"https:\/\/skaitytaknyga.lt\/en\/produktas\/jurga-ivanauskaite-placebas-nedideli-virselio-defektai\/","og_locale":"en_GB","og_type":"article","og_title":"[:lt]Placebas[:] - Skaitytaknyga","og_description":"Ar kada jaut\u0117t\u0117s svetimi \u0161iame pasaulyje?  Ar kartais pagalvojate, kad gyvenate pagal ka\u017ekieno Kito sukurt\u0105 scenarij\u0173? Ar nemanote, kad J\u016bs\u0173 slap\u010diausi\u0173 min\u010di\u0173 klausomasi? Ar J\u016bs naudojat\u0117s kompiuteriu, ar kompiuteris \u2013 Jumis? Ar skaitote laikra\u0161\u010dius? Ar perjungiate TV kanal\u0105, kai rodoma reklama? Ar reguliariai valot\u0117s dantis? Ar da\u017enai \u017ei\u016brite \u012f veidrod\u012f? Ar sapnuojate ko\u0161marus? Ar vengiate pikt\u0173 \u0161un\u0173? Ar mylite kates? Ar band\u0117te \u017eudytis? Ar esate vyras? O gal \u2013 moteris? Ar visos j\u016bs\u0173 meil\u0117s li\u016bdnai baigiasi? Ar norite b\u016bti laimingi? Ar bijote mirties?  Jei bent \u012f vien\u0105 klausim\u0105 atsak\u0117te teigiamai, tai \u201ePlacebas\u201c \u2013 kaip tik Jums!  \u0160is romanas - \u012ftaigus, sukre\u010diantis psichologinis, filosofinis, fantastinis k\u016brinys. Jame, pl\u0117tojant b\u016br\u0117jos \u017e\u016bties intrig\u0105, su ironija ir sarkazmu gvildenami kai kurie neigiami Lietuvos dabarties rei\u0161kiniai, nujau\u010diamos pragai\u0161tingos \u0161iandienin\u0117s visuomen\u0117s - naujojo Placebo pasaulio pagrindo - elgesio pasekm\u0117s.","og_url":"https:\/\/skaitytaknyga.lt\/en\/produktas\/jurga-ivanauskaite-placebas-nedideli-virselio-defektai\/","og_site_name":"Skaitytaknyga","article_publisher":"https:\/\/www.facebook.com\/skaitytaknyga\/","article_modified_time":"2026-03-05T11:02:24+00:00","og_image":[{"width":293,"height":430,"url":"https:\/\/skaitytaknyga.lt\/wp-content\/uploads\/2024\/05\/1522238567_Scan_28-03-2018_1422.jpg","type":"image\/jpeg"}],"twitter_card":"summary_large_image","twitter_misc":{"Estimated reading time":"1 minute"},"schema":{"@context":"https:\/\/schema.org","@graph":[{"@type":"WebPage","@id":"https:\/\/skaitytaknyga.lt\/produktas\/jurga-ivanauskaite-placebas-nedideli-virselio-defektai\/","url":"https:\/\/skaitytaknyga.lt\/produktas\/jurga-ivanauskaite-placebas-nedideli-virselio-defektai\/","name":"Placebas","isPartOf":{"@id":"https:\/\/skaitytaknyga.lt\/#website"},"primaryImageOfPage":{"@id":"https:\/\/skaitytaknyga.lt\/produktas\/jurga-ivanauskaite-placebas-nedideli-virselio-defektai\/#primaryimage"},"image":{"@id":"https:\/\/skaitytaknyga.lt\/produktas\/jurga-ivanauskaite-placebas-nedideli-virselio-defektai\/#primaryimage"},"thumbnailUrl":"https:\/\/skaitytaknyga.lt\/wp-content\/uploads\/2024\/05\/1522238567_Scan_28-03-2018_1422.jpg","datePublished":"2024-05-02T13:22:14+00:00","dateModified":"2026-03-05T11:02:24+00:00","description":"Ar kada jaut\u0117t\u0117s svetimi \u0161iame pasaulyje? Ar kartais pagalvojate, kad gyvenate pagal ka\u017ekieno Kito sukurt\u0105 scenarij\u0173? Ar nemanote, kad J\u016bs\u0173 slap\u010diausi\u0173 min\u010di\u0173 klausomasi? Ar J\u016bs naudojat\u0117s kompiuteriu, ar kompiuteris \u2013 Jumis? Ar skaitote laikra\u0161\u010dius? Ar perjungiate TV kanal\u0105, kai rodoma reklama? Ar reguliariai valot\u0117s dantis? Ar da\u017enai \u017ei\u016brite \u012f veidrod\u012f? Ar sapnuojate ko\u0161marus? Ar vengiate pikt\u0173 \u0161un\u0173? Ar mylite kates? Ar band\u0117te \u017eudytis? Ar esate vyras? O gal \u2013 moteris? Ar visos j\u016bs\u0173 meil\u0117s li\u016bdnai baigiasi? Ar norite b\u016bti laimingi? Ar bijote mirties? Jei bent \u012f vien\u0105 klausim\u0105 atsak\u0117te teigiamai, tai \u201ePlacebas\u201c \u2013 kaip tik Jums! \u0160is romanas - \u012ftaigus, sukre\u010diantis psichologinis, filosofinis, fantastinis k\u016brinys. Jame, pl\u0117tojant b\u016br\u0117jos \u017e\u016bties intrig\u0105, su ironija ir sarkazmu gvildenami kai kurie neigiami Lietuvos dabarties rei\u0161kiniai, nujau\u010diamos pragai\u0161tingos \u0161iandienin\u0117s visuomen\u0117s - naujojo Placebo pasaulio pagrindo - elgesio pasekm\u0117s.","breadcrumb":{"@id":"https:\/\/skaitytaknyga.lt\/produktas\/jurga-ivanauskaite-placebas-nedideli-virselio-defektai\/#breadcrumb"},"inLanguage":"en-GB","potentialAction":[{"@type":"ReadAction","target":["https:\/\/skaitytaknyga.lt\/produktas\/jurga-ivanauskaite-placebas-nedideli-virselio-defektai\/"]}]},{"@type":"ImageObject","inLanguage":"en-GB","@id":"https:\/\/skaitytaknyga.lt\/produktas\/jurga-ivanauskaite-placebas-nedideli-virselio-defektai\/#primaryimage","url":"https:\/\/skaitytaknyga.lt\/wp-content\/uploads\/2024\/05\/1522238567_Scan_28-03-2018_1422.jpg","contentUrl":"https:\/\/skaitytaknyga.lt\/wp-content\/uploads\/2024\/05\/1522238567_Scan_28-03-2018_1422.jpg","width":293,"height":430},{"@type":"BreadcrumbList","@id":"https:\/\/skaitytaknyga.lt\/produktas\/jurga-ivanauskaite-placebas-nedideli-virselio-defektai\/#breadcrumb","itemListElement":[{"@type":"ListItem","position":1,"name":"Home","item":"https:\/\/skaitytaknyga.lt\/"},{"@type":"ListItem","position":2,"name":"Parduotuv\u0117","item":"https:\/\/skaitytaknyga.lt\/knygu-parduotuve\/"},{"@type":"ListItem","position":3,"name":"Placebas"}]},{"@type":"WebSite","@id":"https:\/\/skaitytaknyga.lt\/#website","url":"https:\/\/skaitytaknyga.lt\/","name":"skaitytaknyga.lt","description":"Skaitytaknyga.lt \u2013 tai ma\u017eas \u0161eimos verslas, kuris prasid\u0117jo nuo meil\u0117s knygoms ir siekio i\u0161gelb\u0117ti knygas nuo likimo prie konteinerio. Kas vienam nereikalingas daiktas \u2013 kitam lobis, o mes esame tarpininkai, kurie padeda abiems tapti laimingesniems ???? \u017dinome kaip nelengva i\u0161gyventi ma\u017eiems verslams, tad nuo \u0161iol, \u010dia rasite ir kit\u0173, ma\u017e\u0173 \u0161eim\u0173 versl\u0173, rank\u0173 darbo, dovan\u0173 sau ir artimiesiems.","publisher":{"@id":"https:\/\/skaitytaknyga.lt\/#organization"},"potentialAction":[{"@type":"SearchAction","target":{"@type":"EntryPoint","urlTemplate":"https:\/\/skaitytaknyga.lt\/?s={search_term_string}"},"query-input":{"@type":"PropertyValueSpecification","valueRequired":true,"valueName":"search_term_string"}}],"inLanguage":"en-GB"},{"@type":"Organization","@id":"https:\/\/skaitytaknyga.lt\/#organization","name":"skaitytaknyga.lt","url":"https:\/\/skaitytaknyga.lt\/","logo":{"@type":"ImageObject","inLanguage":"en-GB","@id":"https:\/\/skaitytaknyga.lt\/#\/schema\/logo\/image\/","url":"https:\/\/skaitytaknyga.lt\/wp-content\/uploads\/2024\/05\/cropped-cropped-cropped-02_00843_jt3bggkj1j3HLc7SyY6rEUpg.jpeg","contentUrl":"https:\/\/skaitytaknyga.lt\/wp-content\/uploads\/2024\/05\/cropped-cropped-cropped-02_00843_jt3bggkj1j3HLc7SyY6rEUpg.jpeg","width":1600,"height":1600,"caption":"skaitytaknyga.lt"},"image":{"@id":"https:\/\/skaitytaknyga.lt\/#\/schema\/logo\/image\/"},"sameAs":["https:\/\/www.facebook.com\/skaitytaknyga\/"]}]}},"_links":{"self":[{"href":"https:\/\/skaitytaknyga.lt\/en\/wp-json\/wp\/v2\/product\/6565","targetHints":{"allow":["GET"]}}],"collection":[{"href":"https:\/\/skaitytaknyga.lt\/en\/wp-json\/wp\/v2\/product"}],"about":[{"href":"https:\/\/skaitytaknyga.lt\/en\/wp-json\/wp\/v2\/types\/product"}],"replies":[{"embeddable":true,"href":"https:\/\/skaitytaknyga.lt\/en\/wp-json\/wp\/v2\/comments?post=6565"}],"wp:featuredmedia":[{"embeddable":true,"href":"https:\/\/skaitytaknyga.lt\/en\/wp-json\/wp\/v2\/media\/6585"}],"wp:attachment":[{"href":"https:\/\/skaitytaknyga.lt\/en\/wp-json\/wp\/v2\/media?parent=6565"}],"wp:term":[{"taxonomy":"product_brand","embeddable":true,"href":"https:\/\/skaitytaknyga.lt\/en\/wp-json\/wp\/v2\/product_brand?post=6565"},{"taxonomy":"product_cat","embeddable":true,"href":"https:\/\/skaitytaknyga.lt\/en\/wp-json\/wp\/v2\/product_cat?post=6565"},{"taxonomy":"product_tag","embeddable":true,"href":"https:\/\/skaitytaknyga.lt\/en\/wp-json\/wp\/v2\/product_tag?post=6565"}],"curies":[{"name":"wp","href":"https:\/\/api.w.org\/{rel}","templated":true}]}}