{"id":6563,"date":"2024-05-02T13:22:14","date_gmt":"2024-05-02T13:22:14","guid":{"rendered":"https:\/\/skaitytaknyga.lt\/?post_type=product&#038;p=6563"},"modified":"2026-03-05T11:04:29","modified_gmt":"2026-03-05T09:04:29","slug":"jurga-ivanauskaite-virsvalandziai","status":"publish","type":"product","link":"https:\/\/skaitytaknyga.lt\/en\/produktas\/jurga-ivanauskaite-virsvalandziai\/","title":{"rendered":"Vir\u0161valand\u017eiai"},"content":{"rendered":"<p><strong>\u201eVir\u0161valand\u017eiai&#8221;<\/strong>\u00a0\u2013 paskutin\u0117 Jurgos Ivanauskait\u0117s (1961\u20132007) knyga. Prad\u0117ta ra\u0161yti fatali\u0161k\u0105 2005 m. gruod\u017eio 12-\u0105j\u0105, kai Jurga su\u017eino apie jai suteikt\u0105 Nacionalin\u0119 premij\u0105 ir i\u0161girsta mirtinos ligos diagnoz\u0119, ir baigta po met\u0173, kai nutr\u016bko Jurgos gyvenimas. Nedaug lietuvi\u0173 literat\u016broje yra toki\u0173 atvir\u0173 ir skaud\u017ei\u0173, ta\u010diau nepaprastai dr\u0105si\u0173 ir gili\u0173, gyvenim\u0105 teigian\u010di\u0173 knyg\u0173. Laik\u0105 po diagnoz\u0117s, kurio jau fakti\u0161kai nebebuvo, ra\u0161ytoja pavadino vir\u0161valand\u017eiais. Laik\u0105, kuris buvo nepaprastai sunkus, u\u017ego\u017etas art\u0117jan\u010dios mirties \u0161e\u0161\u0117lio, bauginantis ir skausmingas, Jurga i\u0161gyveno kaip dovan\u0105. I\u0161gyveno silpna, pavargusi d\u0117l nuolatin\u0117s kovos su liga, ta\u010diau kartu \u2013 tvirta ir i\u0161mintinga kaip niekada gyvenime, sugebanti pasijuokti net sud\u0117tingomis aplinkyb\u0117mis. \u010cia esminiai i\u0161gyvenimai, \u010dia dvasin\u0117s patirtys, apm\u0105stymai apie kan\u010dios prigimt\u012f ir \u0161ventum\u0105. \u010cia negailestinga ligonin\u0117s kasdienyb\u0117, gniu\u017edanti mirties baim\u0117 ir Dievo artumo poj\u016btis. Tai, kaip sak\u0117 ji pati, yra Kelio ir Kelion\u0117s istorija.<\/p>\n<p>Jurga ra\u0161\u0117 tol, kol gyveno. Iki paskutini\u0173 dien\u0173.\u00a0<strong>\u201eVir\u0161valand\u017eiai&#8221;<\/strong>\u00a0\u2013 galimyb\u0117 nueiti t\u0105 nepaprastai sunk\u0173 keli\u0105 drauge, kad ji gyvent\u0173 toliau.<\/p>\n","protected":false},"excerpt":{"rendered":"<p><strong>\u201eVir\u0161valand\u017eiai&#8221;<\/strong>\u00a0\u2013 paskutin\u0117 Jurgos Ivanauskait\u0117s (1961\u20132007) knyga. Prad\u0117ta ra\u0161yti fatali\u0161k\u0105 2005 m. gruod\u017eio 12-\u0105j\u0105, kai Jurga su\u017eino apie jai suteikt\u0105 Nacionalin\u0119 premij\u0105 ir i\u0161girsta mirtinos ligos diagnoz\u0119, ir baigta po met\u0173, kai nutr\u016bko Jurgos gyvenimas. Nedaug lietuvi\u0173 literat\u016broje yra toki\u0173 atvir\u0173 ir skaud\u017ei\u0173, ta\u010diau nepaprastai dr\u0105si\u0173 ir gili\u0173, gyvenim\u0105 teigian\u010di\u0173 knyg\u0173. Laik\u0105 po diagnoz\u0117s, kurio jau fakti\u0161kai nebebuvo, ra\u0161ytoja pavadino vir\u0161valand\u017eiais. Laik\u0105, kuris buvo nepaprastai sunkus, u\u017ego\u017etas art\u0117jan\u010dios mirties \u0161e\u0161\u0117lio, bauginantis ir skausmingas, Jurga i\u0161gyveno kaip dovan\u0105. I\u0161gyveno silpna, pavargusi d\u0117l nuolatin\u0117s kovos su liga, ta\u010diau kartu \u2013 tvirta ir i\u0161mintinga kaip niekada gyvenime, sugebanti pasijuokti net sud\u0117tingomis aplinkyb\u0117mis. \u010cia esminiai i\u0161gyvenimai, \u010dia dvasin\u0117s patirtys, apm\u0105stymai apie kan\u010dios prigimt\u012f ir \u0161ventum\u0105. \u010cia negailestinga ligonin\u0117s kasdienyb\u0117, gniu\u017edanti mirties baim\u0117 ir Dievo artumo poj\u016btis. Tai, kaip sak\u0117 ji pati, yra Kelio ir Kelion\u0117s istorija.<\/p>\n<p>Jurga ra\u0161\u0117 tol, kol gyveno. Iki paskutini\u0173 dien\u0173.\u00a0<strong>\u201eVir\u0161valand\u017eiai&#8221;<\/strong>\u00a0\u2013 galimyb\u0117 nueiti t\u0105 nepaprastai sunk\u0173 keli\u0105 drauge, kad ji gyvent\u0173 toliau.<\/p>\n","protected":false},"featured_media":6575,"comment_status":"closed","ping_status":"closed","template":"","meta":{"_acf_changed":false,"site-sidebar-layout":"default","site-content-layout":"","ast-site-content-layout":"default","site-content-style":"default","site-sidebar-style":"default","ast-global-header-display":"","ast-banner-title-visibility":"","ast-main-header-display":"","ast-hfb-above-header-display":"","ast-hfb-below-header-display":"","ast-hfb-mobile-header-display":"","site-post-title":"","ast-breadcrumbs-content":"","ast-featured-img":"","footer-sml-layout":"","ast-disable-related-posts":"","theme-transparent-header-meta":"","adv-header-id-meta":"","stick-header-meta":"","header-above-stick-meta":"","header-main-stick-meta":"","header-below-stick-meta":"","astra-migrate-meta-layouts":"default","ast-page-background-enabled":"default","ast-page-background-meta":{"desktop":{"background-color":"","background-image":"","background-repeat":"repeat","background-position":"center center","background-size":"auto","background-attachment":"scroll","background-type":"","background-media":"","overlay-type":"","overlay-color":"","overlay-opacity":"","overlay-gradient":""},"tablet":{"background-color":"","background-image":"","background-repeat":"repeat","background-position":"center center","background-size":"auto","background-attachment":"scroll","background-type":"","background-media":"","overlay-type":"","overlay-color":"","overlay-opacity":"","overlay-gradient":""},"mobile":{"background-color":"","background-image":"","background-repeat":"repeat","background-position":"center center","background-size":"auto","background-attachment":"scroll","background-type":"","background-media":"","overlay-type":"","overlay-color":"","overlay-opacity":"","overlay-gradient":""}},"ast-content-background-meta":{"desktop":{"background-color":"var(--ast-global-color-4)","background-image":"","background-repeat":"repeat","background-position":"center center","background-size":"auto","background-attachment":"scroll","background-type":"","background-media":"","overlay-type":"","overlay-color":"","overlay-opacity":"","overlay-gradient":""},"tablet":{"background-color":"var(--ast-global-color-4)","background-image":"","background-repeat":"repeat","background-position":"center center","background-size":"auto","background-attachment":"scroll","background-type":"","background-media":"","overlay-type":"","overlay-color":"","overlay-opacity":"","overlay-gradient":""},"mobile":{"background-color":"var(--ast-global-color-4)","background-image":"","background-repeat":"repeat","background-position":"center center","background-size":"auto","background-attachment":"scroll","background-type":"","background-media":"","overlay-type":"","overlay-color":"","overlay-opacity":"","overlay-gradient":""}}},"product_brand":[],"product_cat":[9590],"product_tag":[],"class_list":{"0":"post-6563","1":"product","2":"type-product","3":"status-publish","4":"has-post-thumbnail","6":"product_cat-lietuviu-literatura","7":"pa_leidimo-metai-680","8":"pa_virselis-kietas","9":"desktop-align-left","10":"tablet-align-left","11":"mobile-align-left","13":"first","14":"outofstock","15":"shipping-taxable","16":"purchasable","17":"product-type-simple"},"acf":[],"yoast_head":"<!-- This site is optimized with the Yoast SEO plugin v27.0 - https:\/\/yoast.com\/product\/yoast-seo-wordpress\/ -->\n<title>Vir\u0161valand\u017eiai<\/title>\n<meta name=\"description\" content=\"\u201eVir\u0161valand\u017eiai&quot;\u00a0\u2013 paskutin\u0117 Jurgos Ivanauskait\u0117s (1961\u20132007) knyga. Prad\u0117ta ra\u0161yti fatali\u0161k\u0105 2005 m. gruod\u017eio 12-\u0105j\u0105, kai Jurga su\u017eino apie jai suteikt\u0105 Nacionalin\u0119 premij\u0105 ir i\u0161girsta mirtinos ligos diagnoz\u0119, ir baigta po met\u0173, kai nutr\u016bko Jurgos gyvenimas. Nedaug lietuvi\u0173 literat\u016broje yra toki\u0173 atvir\u0173 ir skaud\u017ei\u0173, ta\u010diau nepaprastai dr\u0105si\u0173 ir gili\u0173, gyvenim\u0105 teigian\u010di\u0173 knyg\u0173. Laik\u0105 po diagnoz\u0117s, kurio jau fakti\u0161kai nebebuvo, ra\u0161ytoja pavadino vir\u0161valand\u017eiais. Laik\u0105, kuris buvo nepaprastai sunkus, u\u017ego\u017etas art\u0117jan\u010dios mirties \u0161e\u0161\u0117lio, bauginantis ir skausmingas, Jurga i\u0161gyveno kaip dovan\u0105. I\u0161gyveno silpna, pavargusi d\u0117l nuolatin\u0117s kovos su liga, ta\u010diau kartu \u2013 tvirta ir i\u0161mintinga kaip niekada gyvenime, sugebanti pasijuokti net sud\u0117tingomis aplinkyb\u0117mis. \u010cia esminiai i\u0161gyvenimai, \u010dia dvasin\u0117s patirtys, apm\u0105stymai apie kan\u010dios prigimt\u012f ir \u0161ventum\u0105. \u010cia negailestinga ligonin\u0117s kasdienyb\u0117, gniu\u017edanti mirties baim\u0117 ir Dievo artumo poj\u016btis. Tai, kaip sak\u0117 ji pati, yra Kelio ir Kelion\u0117s istorija.  Jurga ra\u0161\u0117 tol, kol gyveno. Iki paskutini\u0173 dien\u0173.\u00a0\u201eVir\u0161valand\u017eiai&quot;\u00a0\u2013 galimyb\u0117 nueiti t\u0105 nepaprastai sunk\u0173 keli\u0105 drauge, kad ji gyvent\u0173 toliau.\" \/>\n<meta name=\"robots\" content=\"index, follow, max-snippet:-1, max-image-preview:large, max-video-preview:-1\" \/>\n<link rel=\"canonical\" href=\"https:\/\/skaitytaknyga.lt\/en\/produktas\/jurga-ivanauskaite-virsvalandziai\/\" \/>\n<meta property=\"og:locale\" content=\"en_GB\" \/>\n<meta property=\"og:locale:alternate\" content=\"lt_LT\" \/>\n<meta property=\"og:type\" content=\"article\" \/>\n<meta property=\"og:title\" content=\"Vir\u0161valand\u017eiai\" \/>\n<meta property=\"og:description\" content=\"\u201eVir\u0161valand\u017eiai&quot;\u00a0\u2013 paskutin\u0117 Jurgos Ivanauskait\u0117s (1961\u20132007) knyga. Prad\u0117ta ra\u0161yti fatali\u0161k\u0105 2005 m. gruod\u017eio 12-\u0105j\u0105, kai Jurga su\u017eino apie jai suteikt\u0105 Nacionalin\u0119 premij\u0105 ir i\u0161girsta mirtinos ligos diagnoz\u0119, ir baigta po met\u0173, kai nutr\u016bko Jurgos gyvenimas. Nedaug lietuvi\u0173 literat\u016broje yra toki\u0173 atvir\u0173 ir skaud\u017ei\u0173, ta\u010diau nepaprastai dr\u0105si\u0173 ir gili\u0173, gyvenim\u0105 teigian\u010di\u0173 knyg\u0173. Laik\u0105 po diagnoz\u0117s, kurio jau fakti\u0161kai nebebuvo, ra\u0161ytoja pavadino vir\u0161valand\u017eiais. Laik\u0105, kuris buvo nepaprastai sunkus, u\u017ego\u017etas art\u0117jan\u010dios mirties \u0161e\u0161\u0117lio, bauginantis ir skausmingas, Jurga i\u0161gyveno kaip dovan\u0105. I\u0161gyveno silpna, pavargusi d\u0117l nuolatin\u0117s kovos su liga, ta\u010diau kartu \u2013 tvirta ir i\u0161mintinga kaip niekada gyvenime, sugebanti pasijuokti net sud\u0117tingomis aplinkyb\u0117mis. \u010cia esminiai i\u0161gyvenimai, \u010dia dvasin\u0117s patirtys, apm\u0105stymai apie kan\u010dios prigimt\u012f ir \u0161ventum\u0105. \u010cia negailestinga ligonin\u0117s kasdienyb\u0117, gniu\u017edanti mirties baim\u0117 ir Dievo artumo poj\u016btis. Tai, kaip sak\u0117 ji pati, yra Kelio ir Kelion\u0117s istorija.  Jurga ra\u0161\u0117 tol, kol gyveno. Iki paskutini\u0173 dien\u0173.\u00a0\u201eVir\u0161valand\u017eiai&quot;\u00a0\u2013 galimyb\u0117 nueiti t\u0105 nepaprastai sunk\u0173 keli\u0105 drauge, kad ji gyvent\u0173 toliau.\" \/>\n<meta property=\"og:url\" content=\"https:\/\/skaitytaknyga.lt\/en\/produktas\/jurga-ivanauskaite-virsvalandziai\/\" \/>\n<meta property=\"og:site_name\" content=\"Skaitytaknyga\" \/>\n<meta property=\"article:publisher\" content=\"https:\/\/www.facebook.com\/skaitytaknyga\/\" \/>\n<meta property=\"article:modified_time\" content=\"2026-03-05T09:04:29+00:00\" \/>\n<meta property=\"og:image\" content=\"https:\/\/skaitytaknyga.lt\/wp-content\/uploads\/2024\/05\/1591096033_virsvalandziai-1.jpg\" \/>\n\t<meta property=\"og:image:width\" content=\"287\" \/>\n\t<meta property=\"og:image:height\" content=\"430\" \/>\n\t<meta property=\"og:image:type\" content=\"image\/jpeg\" \/>\n<meta name=\"twitter:card\" content=\"summary_large_image\" \/>\n<meta name=\"twitter:label1\" content=\"Estimated reading time\" \/>\n\t<meta name=\"twitter:data1\" content=\"1 minute\" \/>\n<script type=\"application\/ld+json\" class=\"yoast-schema-graph\">{\"@context\":\"https:\/\/schema.org\",\"@graph\":[{\"@type\":\"WebPage\",\"@id\":\"https:\/\/skaitytaknyga.lt\/produktas\/jurga-ivanauskaite-virsvalandziai\/\",\"url\":\"https:\/\/skaitytaknyga.lt\/produktas\/jurga-ivanauskaite-virsvalandziai\/\",\"name\":\"Vir\u0161valand\u017eiai\",\"isPartOf\":{\"@id\":\"https:\/\/skaitytaknyga.lt\/#website\"},\"primaryImageOfPage\":{\"@id\":\"https:\/\/skaitytaknyga.lt\/produktas\/jurga-ivanauskaite-virsvalandziai\/#primaryimage\"},\"image\":{\"@id\":\"https:\/\/skaitytaknyga.lt\/produktas\/jurga-ivanauskaite-virsvalandziai\/#primaryimage\"},\"thumbnailUrl\":\"https:\/\/skaitytaknyga.lt\/wp-content\/uploads\/2024\/05\/1591096033_virsvalandziai-1.jpg\",\"datePublished\":\"2024-05-02T13:22:14+00:00\",\"dateModified\":\"2026-03-05T09:04:29+00:00\",\"description\":\"\u201eVir\u0161valand\u017eiai\\\"\u00a0\u2013 paskutin\u0117 Jurgos Ivanauskait\u0117s (1961\u20132007) knyga. Prad\u0117ta ra\u0161yti fatali\u0161k\u0105 2005 m. gruod\u017eio 12-\u0105j\u0105, kai Jurga su\u017eino apie jai suteikt\u0105 Nacionalin\u0119 premij\u0105 ir i\u0161girsta mirtinos ligos diagnoz\u0119, ir baigta po met\u0173, kai nutr\u016bko Jurgos gyvenimas. Nedaug lietuvi\u0173 literat\u016broje yra toki\u0173 atvir\u0173 ir skaud\u017ei\u0173, ta\u010diau nepaprastai dr\u0105si\u0173 ir gili\u0173, gyvenim\u0105 teigian\u010di\u0173 knyg\u0173. Laik\u0105 po diagnoz\u0117s, kurio jau fakti\u0161kai nebebuvo, ra\u0161ytoja pavadino vir\u0161valand\u017eiais. Laik\u0105, kuris buvo nepaprastai sunkus, u\u017ego\u017etas art\u0117jan\u010dios mirties \u0161e\u0161\u0117lio, bauginantis ir skausmingas, Jurga i\u0161gyveno kaip dovan\u0105. I\u0161gyveno silpna, pavargusi d\u0117l nuolatin\u0117s kovos su liga, ta\u010diau kartu \u2013 tvirta ir i\u0161mintinga kaip niekada gyvenime, sugebanti pasijuokti net sud\u0117tingomis aplinkyb\u0117mis. \u010cia esminiai i\u0161gyvenimai, \u010dia dvasin\u0117s patirtys, apm\u0105stymai apie kan\u010dios prigimt\u012f ir \u0161ventum\u0105. \u010cia negailestinga ligonin\u0117s kasdienyb\u0117, gniu\u017edanti mirties baim\u0117 ir Dievo artumo poj\u016btis. Tai, kaip sak\u0117 ji pati, yra Kelio ir Kelion\u0117s istorija. Jurga ra\u0161\u0117 tol, kol gyveno. Iki paskutini\u0173 dien\u0173.\u00a0\u201eVir\u0161valand\u017eiai\\\"\u00a0\u2013 galimyb\u0117 nueiti t\u0105 nepaprastai sunk\u0173 keli\u0105 drauge, kad ji gyvent\u0173 toliau.\",\"breadcrumb\":{\"@id\":\"https:\/\/skaitytaknyga.lt\/produktas\/jurga-ivanauskaite-virsvalandziai\/#breadcrumb\"},\"inLanguage\":\"en-GB\",\"potentialAction\":[{\"@type\":\"ReadAction\",\"target\":[\"https:\/\/skaitytaknyga.lt\/produktas\/jurga-ivanauskaite-virsvalandziai\/\"]}]},{\"@type\":\"ImageObject\",\"inLanguage\":\"en-GB\",\"@id\":\"https:\/\/skaitytaknyga.lt\/produktas\/jurga-ivanauskaite-virsvalandziai\/#primaryimage\",\"url\":\"https:\/\/skaitytaknyga.lt\/wp-content\/uploads\/2024\/05\/1591096033_virsvalandziai-1.jpg\",\"contentUrl\":\"https:\/\/skaitytaknyga.lt\/wp-content\/uploads\/2024\/05\/1591096033_virsvalandziai-1.jpg\",\"width\":287,\"height\":430},{\"@type\":\"BreadcrumbList\",\"@id\":\"https:\/\/skaitytaknyga.lt\/produktas\/jurga-ivanauskaite-virsvalandziai\/#breadcrumb\",\"itemListElement\":[{\"@type\":\"ListItem\",\"position\":1,\"name\":\"Home\",\"item\":\"https:\/\/skaitytaknyga.lt\/\"},{\"@type\":\"ListItem\",\"position\":2,\"name\":\"Parduotuv\u0117\",\"item\":\"https:\/\/skaitytaknyga.lt\/knygu-parduotuve\/\"},{\"@type\":\"ListItem\",\"position\":3,\"name\":\"Vir\u0161valand\u017eiai\"}]},{\"@type\":\"WebSite\",\"@id\":\"https:\/\/skaitytaknyga.lt\/#website\",\"url\":\"https:\/\/skaitytaknyga.lt\/\",\"name\":\"skaitytaknyga.lt\",\"description\":\"Skaitytaknyga.lt \u2013 tai ma\u017eas \u0161eimos verslas, kuris prasid\u0117jo nuo meil\u0117s knygoms ir siekio i\u0161gelb\u0117ti knygas nuo likimo prie konteinerio. Kas vienam nereikalingas daiktas \u2013 kitam lobis, o mes esame tarpininkai, kurie padeda abiems tapti laimingesniems ???? \u017dinome kaip nelengva i\u0161gyventi ma\u017eiems verslams, tad nuo \u0161iol, \u010dia rasite ir kit\u0173, ma\u017e\u0173 \u0161eim\u0173 versl\u0173, rank\u0173 darbo, dovan\u0173 sau ir artimiesiems.\",\"publisher\":{\"@id\":\"https:\/\/skaitytaknyga.lt\/#organization\"},\"potentialAction\":[{\"@type\":\"SearchAction\",\"target\":{\"@type\":\"EntryPoint\",\"urlTemplate\":\"https:\/\/skaitytaknyga.lt\/?s={search_term_string}\"},\"query-input\":{\"@type\":\"PropertyValueSpecification\",\"valueRequired\":true,\"valueName\":\"search_term_string\"}}],\"inLanguage\":\"en-GB\"},{\"@type\":\"Organization\",\"@id\":\"https:\/\/skaitytaknyga.lt\/#organization\",\"name\":\"skaitytaknyga.lt\",\"url\":\"https:\/\/skaitytaknyga.lt\/\",\"logo\":{\"@type\":\"ImageObject\",\"inLanguage\":\"en-GB\",\"@id\":\"https:\/\/skaitytaknyga.lt\/#\/schema\/logo\/image\/\",\"url\":\"https:\/\/skaitytaknyga.lt\/wp-content\/uploads\/2024\/05\/cropped-cropped-cropped-02_00843_jt3bggkj1j3HLc7SyY6rEUpg.jpeg\",\"contentUrl\":\"https:\/\/skaitytaknyga.lt\/wp-content\/uploads\/2024\/05\/cropped-cropped-cropped-02_00843_jt3bggkj1j3HLc7SyY6rEUpg.jpeg\",\"width\":1600,\"height\":1600,\"caption\":\"skaitytaknyga.lt\"},\"image\":{\"@id\":\"https:\/\/skaitytaknyga.lt\/#\/schema\/logo\/image\/\"},\"sameAs\":[\"https:\/\/www.facebook.com\/skaitytaknyga\/\"]}]}<\/script>\n<!-- \/ Yoast SEO plugin. -->","yoast_head_json":{"title":"Vir\u0161valand\u017eiai","description":"\u201eVir\u0161valand\u017eiai\"\u00a0\u2013 paskutin\u0117 Jurgos Ivanauskait\u0117s (1961\u20132007) knyga. Prad\u0117ta ra\u0161yti fatali\u0161k\u0105 2005 m. gruod\u017eio 12-\u0105j\u0105, kai Jurga su\u017eino apie jai suteikt\u0105 Nacionalin\u0119 premij\u0105 ir i\u0161girsta mirtinos ligos diagnoz\u0119, ir baigta po met\u0173, kai nutr\u016bko Jurgos gyvenimas. Nedaug lietuvi\u0173 literat\u016broje yra toki\u0173 atvir\u0173 ir skaud\u017ei\u0173, ta\u010diau nepaprastai dr\u0105si\u0173 ir gili\u0173, gyvenim\u0105 teigian\u010di\u0173 knyg\u0173. Laik\u0105 po diagnoz\u0117s, kurio jau fakti\u0161kai nebebuvo, ra\u0161ytoja pavadino vir\u0161valand\u017eiais. Laik\u0105, kuris buvo nepaprastai sunkus, u\u017ego\u017etas art\u0117jan\u010dios mirties \u0161e\u0161\u0117lio, bauginantis ir skausmingas, Jurga i\u0161gyveno kaip dovan\u0105. I\u0161gyveno silpna, pavargusi d\u0117l nuolatin\u0117s kovos su liga, ta\u010diau kartu \u2013 tvirta ir i\u0161mintinga kaip niekada gyvenime, sugebanti pasijuokti net sud\u0117tingomis aplinkyb\u0117mis. \u010cia esminiai i\u0161gyvenimai, \u010dia dvasin\u0117s patirtys, apm\u0105stymai apie kan\u010dios prigimt\u012f ir \u0161ventum\u0105. \u010cia negailestinga ligonin\u0117s kasdienyb\u0117, gniu\u017edanti mirties baim\u0117 ir Dievo artumo poj\u016btis. Tai, kaip sak\u0117 ji pati, yra Kelio ir Kelion\u0117s istorija.  Jurga ra\u0161\u0117 tol, kol gyveno. Iki paskutini\u0173 dien\u0173.\u00a0\u201eVir\u0161valand\u017eiai\"\u00a0\u2013 galimyb\u0117 nueiti t\u0105 nepaprastai sunk\u0173 keli\u0105 drauge, kad ji gyvent\u0173 toliau.","robots":{"index":"index","follow":"follow","max-snippet":"max-snippet:-1","max-image-preview":"max-image-preview:large","max-video-preview":"max-video-preview:-1"},"canonical":"https:\/\/skaitytaknyga.lt\/en\/produktas\/jurga-ivanauskaite-virsvalandziai\/","og_locale":"en_GB","og_type":"article","og_title":"[:lt]Vir\u0161valand\u017eiai[:] - Skaitytaknyga","og_description":"\u201eVir\u0161valand\u017eiai\"\u00a0\u2013 paskutin\u0117 Jurgos Ivanauskait\u0117s (1961\u20132007) knyga. Prad\u0117ta ra\u0161yti fatali\u0161k\u0105 2005 m. gruod\u017eio 12-\u0105j\u0105, kai Jurga su\u017eino apie jai suteikt\u0105 Nacionalin\u0119 premij\u0105 ir i\u0161girsta mirtinos ligos diagnoz\u0119, ir baigta po met\u0173, kai nutr\u016bko Jurgos gyvenimas. Nedaug lietuvi\u0173 literat\u016broje yra toki\u0173 atvir\u0173 ir skaud\u017ei\u0173, ta\u010diau nepaprastai dr\u0105si\u0173 ir gili\u0173, gyvenim\u0105 teigian\u010di\u0173 knyg\u0173. Laik\u0105 po diagnoz\u0117s, kurio jau fakti\u0161kai nebebuvo, ra\u0161ytoja pavadino vir\u0161valand\u017eiais. Laik\u0105, kuris buvo nepaprastai sunkus, u\u017ego\u017etas art\u0117jan\u010dios mirties \u0161e\u0161\u0117lio, bauginantis ir skausmingas, Jurga i\u0161gyveno kaip dovan\u0105. I\u0161gyveno silpna, pavargusi d\u0117l nuolatin\u0117s kovos su liga, ta\u010diau kartu \u2013 tvirta ir i\u0161mintinga kaip niekada gyvenime, sugebanti pasijuokti net sud\u0117tingomis aplinkyb\u0117mis. \u010cia esminiai i\u0161gyvenimai, \u010dia dvasin\u0117s patirtys, apm\u0105stymai apie kan\u010dios prigimt\u012f ir \u0161ventum\u0105. \u010cia negailestinga ligonin\u0117s kasdienyb\u0117, gniu\u017edanti mirties baim\u0117 ir Dievo artumo poj\u016btis. Tai, kaip sak\u0117 ji pati, yra Kelio ir Kelion\u0117s istorija.  Jurga ra\u0161\u0117 tol, kol gyveno. Iki paskutini\u0173 dien\u0173.\u00a0\u201eVir\u0161valand\u017eiai\"\u00a0\u2013 galimyb\u0117 nueiti t\u0105 nepaprastai sunk\u0173 keli\u0105 drauge, kad ji gyvent\u0173 toliau.","og_url":"https:\/\/skaitytaknyga.lt\/en\/produktas\/jurga-ivanauskaite-virsvalandziai\/","og_site_name":"Skaitytaknyga","article_publisher":"https:\/\/www.facebook.com\/skaitytaknyga\/","article_modified_time":"2026-03-05T09:04:29+00:00","og_image":[{"width":287,"height":430,"url":"https:\/\/skaitytaknyga.lt\/wp-content\/uploads\/2024\/05\/1591096033_virsvalandziai-1.jpg","type":"image\/jpeg"}],"twitter_card":"summary_large_image","twitter_misc":{"Estimated reading time":"1 minute"},"schema":{"@context":"https:\/\/schema.org","@graph":[{"@type":"WebPage","@id":"https:\/\/skaitytaknyga.lt\/produktas\/jurga-ivanauskaite-virsvalandziai\/","url":"https:\/\/skaitytaknyga.lt\/produktas\/jurga-ivanauskaite-virsvalandziai\/","name":"Vir\u0161valand\u017eiai","isPartOf":{"@id":"https:\/\/skaitytaknyga.lt\/#website"},"primaryImageOfPage":{"@id":"https:\/\/skaitytaknyga.lt\/produktas\/jurga-ivanauskaite-virsvalandziai\/#primaryimage"},"image":{"@id":"https:\/\/skaitytaknyga.lt\/produktas\/jurga-ivanauskaite-virsvalandziai\/#primaryimage"},"thumbnailUrl":"https:\/\/skaitytaknyga.lt\/wp-content\/uploads\/2024\/05\/1591096033_virsvalandziai-1.jpg","datePublished":"2024-05-02T13:22:14+00:00","dateModified":"2026-03-05T09:04:29+00:00","description":"\u201eVir\u0161valand\u017eiai\"\u00a0\u2013 paskutin\u0117 Jurgos Ivanauskait\u0117s (1961\u20132007) knyga. Prad\u0117ta ra\u0161yti fatali\u0161k\u0105 2005 m. gruod\u017eio 12-\u0105j\u0105, kai Jurga su\u017eino apie jai suteikt\u0105 Nacionalin\u0119 premij\u0105 ir i\u0161girsta mirtinos ligos diagnoz\u0119, ir baigta po met\u0173, kai nutr\u016bko Jurgos gyvenimas. Nedaug lietuvi\u0173 literat\u016broje yra toki\u0173 atvir\u0173 ir skaud\u017ei\u0173, ta\u010diau nepaprastai dr\u0105si\u0173 ir gili\u0173, gyvenim\u0105 teigian\u010di\u0173 knyg\u0173. Laik\u0105 po diagnoz\u0117s, kurio jau fakti\u0161kai nebebuvo, ra\u0161ytoja pavadino vir\u0161valand\u017eiais. Laik\u0105, kuris buvo nepaprastai sunkus, u\u017ego\u017etas art\u0117jan\u010dios mirties \u0161e\u0161\u0117lio, bauginantis ir skausmingas, Jurga i\u0161gyveno kaip dovan\u0105. I\u0161gyveno silpna, pavargusi d\u0117l nuolatin\u0117s kovos su liga, ta\u010diau kartu \u2013 tvirta ir i\u0161mintinga kaip niekada gyvenime, sugebanti pasijuokti net sud\u0117tingomis aplinkyb\u0117mis. \u010cia esminiai i\u0161gyvenimai, \u010dia dvasin\u0117s patirtys, apm\u0105stymai apie kan\u010dios prigimt\u012f ir \u0161ventum\u0105. \u010cia negailestinga ligonin\u0117s kasdienyb\u0117, gniu\u017edanti mirties baim\u0117 ir Dievo artumo poj\u016btis. Tai, kaip sak\u0117 ji pati, yra Kelio ir Kelion\u0117s istorija. Jurga ra\u0161\u0117 tol, kol gyveno. Iki paskutini\u0173 dien\u0173.\u00a0\u201eVir\u0161valand\u017eiai\"\u00a0\u2013 galimyb\u0117 nueiti t\u0105 nepaprastai sunk\u0173 keli\u0105 drauge, kad ji gyvent\u0173 toliau.","breadcrumb":{"@id":"https:\/\/skaitytaknyga.lt\/produktas\/jurga-ivanauskaite-virsvalandziai\/#breadcrumb"},"inLanguage":"en-GB","potentialAction":[{"@type":"ReadAction","target":["https:\/\/skaitytaknyga.lt\/produktas\/jurga-ivanauskaite-virsvalandziai\/"]}]},{"@type":"ImageObject","inLanguage":"en-GB","@id":"https:\/\/skaitytaknyga.lt\/produktas\/jurga-ivanauskaite-virsvalandziai\/#primaryimage","url":"https:\/\/skaitytaknyga.lt\/wp-content\/uploads\/2024\/05\/1591096033_virsvalandziai-1.jpg","contentUrl":"https:\/\/skaitytaknyga.lt\/wp-content\/uploads\/2024\/05\/1591096033_virsvalandziai-1.jpg","width":287,"height":430},{"@type":"BreadcrumbList","@id":"https:\/\/skaitytaknyga.lt\/produktas\/jurga-ivanauskaite-virsvalandziai\/#breadcrumb","itemListElement":[{"@type":"ListItem","position":1,"name":"Home","item":"https:\/\/skaitytaknyga.lt\/"},{"@type":"ListItem","position":2,"name":"Parduotuv\u0117","item":"https:\/\/skaitytaknyga.lt\/knygu-parduotuve\/"},{"@type":"ListItem","position":3,"name":"Vir\u0161valand\u017eiai"}]},{"@type":"WebSite","@id":"https:\/\/skaitytaknyga.lt\/#website","url":"https:\/\/skaitytaknyga.lt\/","name":"skaitytaknyga.lt","description":"Skaitytaknyga.lt \u2013 tai ma\u017eas \u0161eimos verslas, kuris prasid\u0117jo nuo meil\u0117s knygoms ir siekio i\u0161gelb\u0117ti knygas nuo likimo prie konteinerio. Kas vienam nereikalingas daiktas \u2013 kitam lobis, o mes esame tarpininkai, kurie padeda abiems tapti laimingesniems ???? \u017dinome kaip nelengva i\u0161gyventi ma\u017eiems verslams, tad nuo \u0161iol, \u010dia rasite ir kit\u0173, ma\u017e\u0173 \u0161eim\u0173 versl\u0173, rank\u0173 darbo, dovan\u0173 sau ir artimiesiems.","publisher":{"@id":"https:\/\/skaitytaknyga.lt\/#organization"},"potentialAction":[{"@type":"SearchAction","target":{"@type":"EntryPoint","urlTemplate":"https:\/\/skaitytaknyga.lt\/?s={search_term_string}"},"query-input":{"@type":"PropertyValueSpecification","valueRequired":true,"valueName":"search_term_string"}}],"inLanguage":"en-GB"},{"@type":"Organization","@id":"https:\/\/skaitytaknyga.lt\/#organization","name":"skaitytaknyga.lt","url":"https:\/\/skaitytaknyga.lt\/","logo":{"@type":"ImageObject","inLanguage":"en-GB","@id":"https:\/\/skaitytaknyga.lt\/#\/schema\/logo\/image\/","url":"https:\/\/skaitytaknyga.lt\/wp-content\/uploads\/2024\/05\/cropped-cropped-cropped-02_00843_jt3bggkj1j3HLc7SyY6rEUpg.jpeg","contentUrl":"https:\/\/skaitytaknyga.lt\/wp-content\/uploads\/2024\/05\/cropped-cropped-cropped-02_00843_jt3bggkj1j3HLc7SyY6rEUpg.jpeg","width":1600,"height":1600,"caption":"skaitytaknyga.lt"},"image":{"@id":"https:\/\/skaitytaknyga.lt\/#\/schema\/logo\/image\/"},"sameAs":["https:\/\/www.facebook.com\/skaitytaknyga\/"]}]}},"_links":{"self":[{"href":"https:\/\/skaitytaknyga.lt\/en\/wp-json\/wp\/v2\/product\/6563","targetHints":{"allow":["GET"]}}],"collection":[{"href":"https:\/\/skaitytaknyga.lt\/en\/wp-json\/wp\/v2\/product"}],"about":[{"href":"https:\/\/skaitytaknyga.lt\/en\/wp-json\/wp\/v2\/types\/product"}],"replies":[{"embeddable":true,"href":"https:\/\/skaitytaknyga.lt\/en\/wp-json\/wp\/v2\/comments?post=6563"}],"wp:featuredmedia":[{"embeddable":true,"href":"https:\/\/skaitytaknyga.lt\/en\/wp-json\/wp\/v2\/media\/6575"}],"wp:attachment":[{"href":"https:\/\/skaitytaknyga.lt\/en\/wp-json\/wp\/v2\/media?parent=6563"}],"wp:term":[{"taxonomy":"product_brand","embeddable":true,"href":"https:\/\/skaitytaknyga.lt\/en\/wp-json\/wp\/v2\/product_brand?post=6563"},{"taxonomy":"product_cat","embeddable":true,"href":"https:\/\/skaitytaknyga.lt\/en\/wp-json\/wp\/v2\/product_cat?post=6563"},{"taxonomy":"product_tag","embeddable":true,"href":"https:\/\/skaitytaknyga.lt\/en\/wp-json\/wp\/v2\/product_tag?post=6563"}],"curies":[{"name":"wp","href":"https:\/\/api.w.org\/{rel}","templated":true}]}}