{"id":6545,"date":"2024-05-02T13:21:30","date_gmt":"2024-05-02T13:21:30","guid":{"rendered":"https:\/\/skaitytaknyga.lt\/?post_type=product&#038;p=6545"},"modified":"2026-03-18T15:00:09","modified_gmt":"2026-03-18T13:00:09","slug":"kovos-keliu-zengiant","status":"publish","type":"product","link":"https:\/\/skaitytaknyga.lt\/en\/produktas\/kovos-keliu-zengiant\/","title":{"rendered":"Kovos keliu \u017eengiant"},"content":{"rendered":"<div class=\"book-descript-wrapper\">\n<section class=\"product-descript more-content-wrapper\">\n<div class=\"\">\n<p>Pokario antologijoje publikuojama 200 eil\u0117ra\u0161\u010di\u0173 ir dain\u0173 i\u0161 pokario metais sudaryt\u0173 rinkini\u0173 ir laikra\u0161t\u0117li\u0173, kuriuos leido \u017demai\u010di\u0173, Jungtin\u0117s K\u0119stu\u010dio ir Prisik\u0117limo apygard\u0173 partizanai. Dauguma k\u016brini\u0173 pasira\u0161yti slapyvard\u017eiais, dalis &#8211; be para\u0161\u0173. Pritaikius tritomio Lietuvos partizan\u0173 poezijos s\u0105vado &#8220;Kovos keliu \u017eengiant&#8221; temin\u0119 strukt\u016br\u0105, i\u0161skirti eil\u0117ra\u0161\u010di\u0173 ir dain\u0173 skyriai &#8220;T\u0117vynei&#8221;, &#8220;\u017duvusiems laisv\u0117s kovotojams&#8221;, Motinai, broliui, sesei&#8221;, &#8220;Kaliniui, tremtiniui&#8221;, &#8220;Raudoniesiems&#8221;, perimti ir to leidinio meninio apipavidalinimo elementai.<\/p>\n<\/div>\n<\/section>\n<\/div>\n","protected":false},"excerpt":{"rendered":"<div class=\"book-descript-wrapper\">\n<section class=\"product-descript more-content-wrapper\">\n<div class=\"\">\n<p>Pokario antologijoje publikuojama 200 eil\u0117ra\u0161\u010di\u0173 ir dain\u0173 i\u0161 pokario metais sudaryt\u0173 rinkini\u0173 ir laikra\u0161t\u0117li\u0173, kuriuos leido \u017demai\u010di\u0173, Jungtin\u0117s K\u0119stu\u010dio ir Prisik\u0117limo apygard\u0173 partizanai. Dauguma k\u016brini\u0173 pasira\u0161yti slapyvard\u017eiais, dalis &#8211; be para\u0161\u0173. Pritaikius tritomio Lietuvos partizan\u0173 poezijos s\u0105vado &#8220;Kovos keliu \u017eengiant&#8221; temin\u0119 strukt\u016br\u0105, i\u0161skirti eil\u0117ra\u0161\u010di\u0173 ir dain\u0173 skyriai &#8220;T\u0117vynei&#8221;, &#8220;\u017duvusiems laisv\u0117s kovotojams&#8221;, Motinai, broliui, sesei&#8221;, &#8220;Kaliniui, tremtiniui&#8221;, &#8220;Raudoniesiems&#8221;, perimti ir to leidinio meninio apipavidalinimo elementai.<\/p>\n<\/div>\n<\/section>\n<\/div>\n","protected":false},"featured_media":6559,"comment_status":"closed","ping_status":"closed","template":"","meta":{"_acf_changed":false,"site-sidebar-layout":"default","site-content-layout":"","ast-site-content-layout":"default","site-content-style":"default","site-sidebar-style":"default","ast-global-header-display":"","ast-banner-title-visibility":"","ast-main-header-display":"","ast-hfb-above-header-display":"","ast-hfb-below-header-display":"","ast-hfb-mobile-header-display":"","site-post-title":"","ast-breadcrumbs-content":"","ast-featured-img":"","footer-sml-layout":"","ast-disable-related-posts":"","theme-transparent-header-meta":"","adv-header-id-meta":"","stick-header-meta":"","header-above-stick-meta":"","header-main-stick-meta":"","header-below-stick-meta":"","astra-migrate-meta-layouts":"default","ast-page-background-enabled":"default","ast-page-background-meta":{"desktop":{"background-color":"","background-image":"","background-repeat":"repeat","background-position":"center center","background-size":"auto","background-attachment":"scroll","background-type":"","background-media":"","overlay-type":"","overlay-color":"","overlay-opacity":"","overlay-gradient":""},"tablet":{"background-color":"","background-image":"","background-repeat":"repeat","background-position":"center center","background-size":"auto","background-attachment":"scroll","background-type":"","background-media":"","overlay-type":"","overlay-color":"","overlay-opacity":"","overlay-gradient":""},"mobile":{"background-color":"","background-image":"","background-repeat":"repeat","background-position":"center center","background-size":"auto","background-attachment":"scroll","background-type":"","background-media":"","overlay-type":"","overlay-color":"","overlay-opacity":"","overlay-gradient":""}},"ast-content-background-meta":{"desktop":{"background-color":"var(--ast-global-color-4)","background-image":"","background-repeat":"repeat","background-position":"center center","background-size":"auto","background-attachment":"scroll","background-type":"","background-media":"","overlay-type":"","overlay-color":"","overlay-opacity":"","overlay-gradient":""},"tablet":{"background-color":"var(--ast-global-color-4)","background-image":"","background-repeat":"repeat","background-position":"center center","background-size":"auto","background-attachment":"scroll","background-type":"","background-media":"","overlay-type":"","overlay-color":"","overlay-opacity":"","overlay-gradient":""},"mobile":{"background-color":"var(--ast-global-color-4)","background-image":"","background-repeat":"repeat","background-position":"center center","background-size":"auto","background-attachment":"scroll","background-type":"","background-media":"","overlay-type":"","overlay-color":"","overlay-opacity":"","overlay-gradient":""}}},"product_brand":[],"product_cat":[9862,174],"product_tag":[],"class_list":{"0":"post-6545","1":"product","2":"type-product","3":"status-publish","4":"has-post-thumbnail","6":"product_cat-lietuvos-istorija","7":"product_cat-istorija-ir-politologija","8":"desktop-align-left","9":"tablet-align-left","10":"mobile-align-left","12":"first","13":"instock","14":"shipping-taxable","15":"purchasable","16":"product-type-simple"},"acf":[],"yoast_head":"<!-- This site is optimized with the Yoast SEO plugin v27.0 - https:\/\/yoast.com\/product\/yoast-seo-wordpress\/ -->\n<title>Kovos keliu \u017eengiant<\/title>\n<meta name=\"description\" content=\"Pokario antologijoje publikuojama 200 eil\u0117ra\u0161\u010di\u0173 ir dain\u0173 i\u0161 pokario metais sudaryt\u0173 rinkini\u0173 ir laikra\u0161t\u0117li\u0173, kuriuos leido \u017demai\u010di\u0173, Jungtin\u0117s K\u0119stu\u010dio ir Prisik\u0117limo apygard\u0173 partizanai. Dauguma k\u016brini\u0173 pasira\u0161yti slapyvard\u017eiais, dalis - be para\u0161\u0173. Pritaikius tritomio Lietuvos partizan\u0173 poezijos s\u0105vado &quot;Kovos keliu \u017eengiant&quot; temin\u0119 strukt\u016br\u0105, i\u0161skirti eil\u0117ra\u0161\u010di\u0173 ir dain\u0173 skyriai &quot;T\u0117vynei&quot;, &quot;\u017duvusiems laisv\u0117s kovotojams&quot;, Motinai, broliui, sesei&quot;, &quot;Kaliniui, tremtiniui&quot;, &quot;Raudoniesiems&quot;, perimti ir to leidinio meninio apipavidalinimo elementai.\" \/>\n<meta name=\"robots\" content=\"index, follow, max-snippet:-1, max-image-preview:large, max-video-preview:-1\" \/>\n<link rel=\"canonical\" href=\"https:\/\/skaitytaknyga.lt\/en\/produktas\/kovos-keliu-zengiant\/\" \/>\n<meta property=\"og:locale\" content=\"en_GB\" \/>\n<meta property=\"og:locale:alternate\" content=\"lt_LT\" \/>\n<meta property=\"og:type\" content=\"article\" \/>\n<meta property=\"og:title\" content=\"Kovos keliu \u017eengiant\" \/>\n<meta property=\"og:description\" content=\"Pokario antologijoje publikuojama 200 eil\u0117ra\u0161\u010di\u0173 ir dain\u0173 i\u0161 pokario metais sudaryt\u0173 rinkini\u0173 ir laikra\u0161t\u0117li\u0173, kuriuos leido \u017demai\u010di\u0173, Jungtin\u0117s K\u0119stu\u010dio ir Prisik\u0117limo apygard\u0173 partizanai. Dauguma k\u016brini\u0173 pasira\u0161yti slapyvard\u017eiais, dalis - be para\u0161\u0173. Pritaikius tritomio Lietuvos partizan\u0173 poezijos s\u0105vado &quot;Kovos keliu \u017eengiant&quot; temin\u0119 strukt\u016br\u0105, i\u0161skirti eil\u0117ra\u0161\u010di\u0173 ir dain\u0173 skyriai &quot;T\u0117vynei&quot;, &quot;\u017duvusiems laisv\u0117s kovotojams&quot;, Motinai, broliui, sesei&quot;, &quot;Kaliniui, tremtiniui&quot;, &quot;Raudoniesiems&quot;, perimti ir to leidinio meninio apipavidalinimo elementai.\" \/>\n<meta property=\"og:url\" content=\"https:\/\/skaitytaknyga.lt\/en\/produktas\/kovos-keliu-zengiant\/\" \/>\n<meta property=\"og:site_name\" content=\"Skaitytaknyga\" \/>\n<meta property=\"article:publisher\" content=\"https:\/\/www.facebook.com\/skaitytaknyga\/\" \/>\n<meta property=\"article:modified_time\" content=\"2026-03-18T13:00:09+00:00\" \/>\n<meta property=\"og:image\" content=\"https:\/\/skaitytaknyga.lt\/wp-content\/uploads\/2024\/05\/1505459088_jpg_0007.jpg\" \/>\n\t<meta property=\"og:image:width\" content=\"271\" \/>\n\t<meta property=\"og:image:height\" content=\"430\" \/>\n\t<meta property=\"og:image:type\" content=\"image\/jpeg\" \/>\n<meta name=\"twitter:card\" content=\"summary_large_image\" \/>\n<meta name=\"twitter:label1\" content=\"Estimated reading time\" \/>\n\t<meta name=\"twitter:data1\" content=\"1 minute\" \/>\n<script type=\"application\/ld+json\" class=\"yoast-schema-graph\">{\"@context\":\"https:\/\/schema.org\",\"@graph\":[{\"@type\":\"WebPage\",\"@id\":\"https:\/\/skaitytaknyga.lt\/produktas\/kovos-keliu-zengiant\/\",\"url\":\"https:\/\/skaitytaknyga.lt\/produktas\/kovos-keliu-zengiant\/\",\"name\":\"Kovos keliu \u017eengiant\",\"isPartOf\":{\"@id\":\"https:\/\/skaitytaknyga.lt\/#website\"},\"primaryImageOfPage\":{\"@id\":\"https:\/\/skaitytaknyga.lt\/produktas\/kovos-keliu-zengiant\/#primaryimage\"},\"image\":{\"@id\":\"https:\/\/skaitytaknyga.lt\/produktas\/kovos-keliu-zengiant\/#primaryimage\"},\"thumbnailUrl\":\"https:\/\/skaitytaknyga.lt\/wp-content\/uploads\/2024\/05\/1505459088_jpg_0007.jpg\",\"datePublished\":\"2024-05-02T13:21:30+00:00\",\"dateModified\":\"2026-03-18T13:00:09+00:00\",\"description\":\"Pokario antologijoje publikuojama 200 eil\u0117ra\u0161\u010di\u0173 ir dain\u0173 i\u0161 pokario metais sudaryt\u0173 rinkini\u0173 ir laikra\u0161t\u0117li\u0173, kuriuos leido \u017demai\u010di\u0173, Jungtin\u0117s K\u0119stu\u010dio ir Prisik\u0117limo apygard\u0173 partizanai. Dauguma k\u016brini\u0173 pasira\u0161yti slapyvard\u017eiais, dalis - be para\u0161\u0173. Pritaikius tritomio Lietuvos partizan\u0173 poezijos s\u0105vado \\\"Kovos keliu \u017eengiant\\\" temin\u0119 strukt\u016br\u0105, i\u0161skirti eil\u0117ra\u0161\u010di\u0173 ir dain\u0173 skyriai \\\"T\u0117vynei\\\", \\\"\u017duvusiems laisv\u0117s kovotojams\\\", Motinai, broliui, sesei\\\", \\\"Kaliniui, tremtiniui\\\", \\\"Raudoniesiems\\\", perimti ir to leidinio meninio apipavidalinimo elementai.\",\"breadcrumb\":{\"@id\":\"https:\/\/skaitytaknyga.lt\/produktas\/kovos-keliu-zengiant\/#breadcrumb\"},\"inLanguage\":\"en-GB\",\"potentialAction\":[{\"@type\":\"ReadAction\",\"target\":[\"https:\/\/skaitytaknyga.lt\/produktas\/kovos-keliu-zengiant\/\"]}]},{\"@type\":\"ImageObject\",\"inLanguage\":\"en-GB\",\"@id\":\"https:\/\/skaitytaknyga.lt\/produktas\/kovos-keliu-zengiant\/#primaryimage\",\"url\":\"https:\/\/skaitytaknyga.lt\/wp-content\/uploads\/2024\/05\/1505459088_jpg_0007.jpg\",\"contentUrl\":\"https:\/\/skaitytaknyga.lt\/wp-content\/uploads\/2024\/05\/1505459088_jpg_0007.jpg\",\"width\":271,\"height\":430},{\"@type\":\"BreadcrumbList\",\"@id\":\"https:\/\/skaitytaknyga.lt\/produktas\/kovos-keliu-zengiant\/#breadcrumb\",\"itemListElement\":[{\"@type\":\"ListItem\",\"position\":1,\"name\":\"Home\",\"item\":\"https:\/\/skaitytaknyga.lt\/\"},{\"@type\":\"ListItem\",\"position\":2,\"name\":\"Parduotuv\u0117\",\"item\":\"https:\/\/skaitytaknyga.lt\/knygu-parduotuve\/\"},{\"@type\":\"ListItem\",\"position\":3,\"name\":\"Kovos keliu \u017eengiant\"}]},{\"@type\":\"WebSite\",\"@id\":\"https:\/\/skaitytaknyga.lt\/#website\",\"url\":\"https:\/\/skaitytaknyga.lt\/\",\"name\":\"skaitytaknyga.lt\",\"description\":\"Skaitytaknyga.lt \u2013 tai ma\u017eas \u0161eimos verslas, kuris prasid\u0117jo nuo meil\u0117s knygoms ir siekio i\u0161gelb\u0117ti knygas nuo likimo prie konteinerio. Kas vienam nereikalingas daiktas \u2013 kitam lobis, o mes esame tarpininkai, kurie padeda abiems tapti laimingesniems ???? \u017dinome kaip nelengva i\u0161gyventi ma\u017eiems verslams, tad nuo \u0161iol, \u010dia rasite ir kit\u0173, ma\u017e\u0173 \u0161eim\u0173 versl\u0173, rank\u0173 darbo, dovan\u0173 sau ir artimiesiems.\",\"publisher\":{\"@id\":\"https:\/\/skaitytaknyga.lt\/#organization\"},\"potentialAction\":[{\"@type\":\"SearchAction\",\"target\":{\"@type\":\"EntryPoint\",\"urlTemplate\":\"https:\/\/skaitytaknyga.lt\/?s={search_term_string}\"},\"query-input\":{\"@type\":\"PropertyValueSpecification\",\"valueRequired\":true,\"valueName\":\"search_term_string\"}}],\"inLanguage\":\"en-GB\"},{\"@type\":\"Organization\",\"@id\":\"https:\/\/skaitytaknyga.lt\/#organization\",\"name\":\"skaitytaknyga.lt\",\"url\":\"https:\/\/skaitytaknyga.lt\/\",\"logo\":{\"@type\":\"ImageObject\",\"inLanguage\":\"en-GB\",\"@id\":\"https:\/\/skaitytaknyga.lt\/#\/schema\/logo\/image\/\",\"url\":\"https:\/\/skaitytaknyga.lt\/wp-content\/uploads\/2024\/05\/cropped-cropped-cropped-02_00843_jt3bggkj1j3HLc7SyY6rEUpg.jpeg\",\"contentUrl\":\"https:\/\/skaitytaknyga.lt\/wp-content\/uploads\/2024\/05\/cropped-cropped-cropped-02_00843_jt3bggkj1j3HLc7SyY6rEUpg.jpeg\",\"width\":1600,\"height\":1600,\"caption\":\"skaitytaknyga.lt\"},\"image\":{\"@id\":\"https:\/\/skaitytaknyga.lt\/#\/schema\/logo\/image\/\"},\"sameAs\":[\"https:\/\/www.facebook.com\/skaitytaknyga\/\"]}]}<\/script>\n<!-- \/ Yoast SEO plugin. -->","yoast_head_json":{"title":"Kovos keliu \u017eengiant","description":"Pokario antologijoje publikuojama 200 eil\u0117ra\u0161\u010di\u0173 ir dain\u0173 i\u0161 pokario metais sudaryt\u0173 rinkini\u0173 ir laikra\u0161t\u0117li\u0173, kuriuos leido \u017demai\u010di\u0173, Jungtin\u0117s K\u0119stu\u010dio ir Prisik\u0117limo apygard\u0173 partizanai. Dauguma k\u016brini\u0173 pasira\u0161yti slapyvard\u017eiais, dalis - be para\u0161\u0173. Pritaikius tritomio Lietuvos partizan\u0173 poezijos s\u0105vado \"Kovos keliu \u017eengiant\" temin\u0119 strukt\u016br\u0105, i\u0161skirti eil\u0117ra\u0161\u010di\u0173 ir dain\u0173 skyriai \"T\u0117vynei\", \"\u017duvusiems laisv\u0117s kovotojams\", Motinai, broliui, sesei\", \"Kaliniui, tremtiniui\", \"Raudoniesiems\", perimti ir to leidinio meninio apipavidalinimo elementai.","robots":{"index":"index","follow":"follow","max-snippet":"max-snippet:-1","max-image-preview":"max-image-preview:large","max-video-preview":"max-video-preview:-1"},"canonical":"https:\/\/skaitytaknyga.lt\/en\/produktas\/kovos-keliu-zengiant\/","og_locale":"en_GB","og_type":"article","og_title":"[:lt]Kovos keliu \u017eengiant[:] - Skaitytaknyga","og_description":"Pokario antologijoje publikuojama 200 eil\u0117ra\u0161\u010di\u0173 ir dain\u0173 i\u0161 pokario metais sudaryt\u0173 rinkini\u0173 ir laikra\u0161t\u0117li\u0173, kuriuos leido \u017demai\u010di\u0173, Jungtin\u0117s K\u0119stu\u010dio ir Prisik\u0117limo apygard\u0173 partizanai. Dauguma k\u016brini\u0173 pasira\u0161yti slapyvard\u017eiais, dalis - be para\u0161\u0173. Pritaikius tritomio Lietuvos partizan\u0173 poezijos s\u0105vado \"Kovos keliu \u017eengiant\" temin\u0119 strukt\u016br\u0105, i\u0161skirti eil\u0117ra\u0161\u010di\u0173 ir dain\u0173 skyriai \"T\u0117vynei\", \"\u017duvusiems laisv\u0117s kovotojams\", Motinai, broliui, sesei\", \"Kaliniui, tremtiniui\", \"Raudoniesiems\", perimti ir to leidinio meninio apipavidalinimo elementai.","og_url":"https:\/\/skaitytaknyga.lt\/en\/produktas\/kovos-keliu-zengiant\/","og_site_name":"Skaitytaknyga","article_publisher":"https:\/\/www.facebook.com\/skaitytaknyga\/","article_modified_time":"2026-03-18T13:00:09+00:00","og_image":[{"width":271,"height":430,"url":"https:\/\/skaitytaknyga.lt\/wp-content\/uploads\/2024\/05\/1505459088_jpg_0007.jpg","type":"image\/jpeg"}],"twitter_card":"summary_large_image","twitter_misc":{"Estimated reading time":"1 minute"},"schema":{"@context":"https:\/\/schema.org","@graph":[{"@type":"WebPage","@id":"https:\/\/skaitytaknyga.lt\/produktas\/kovos-keliu-zengiant\/","url":"https:\/\/skaitytaknyga.lt\/produktas\/kovos-keliu-zengiant\/","name":"Kovos keliu \u017eengiant","isPartOf":{"@id":"https:\/\/skaitytaknyga.lt\/#website"},"primaryImageOfPage":{"@id":"https:\/\/skaitytaknyga.lt\/produktas\/kovos-keliu-zengiant\/#primaryimage"},"image":{"@id":"https:\/\/skaitytaknyga.lt\/produktas\/kovos-keliu-zengiant\/#primaryimage"},"thumbnailUrl":"https:\/\/skaitytaknyga.lt\/wp-content\/uploads\/2024\/05\/1505459088_jpg_0007.jpg","datePublished":"2024-05-02T13:21:30+00:00","dateModified":"2026-03-18T13:00:09+00:00","description":"Pokario antologijoje publikuojama 200 eil\u0117ra\u0161\u010di\u0173 ir dain\u0173 i\u0161 pokario metais sudaryt\u0173 rinkini\u0173 ir laikra\u0161t\u0117li\u0173, kuriuos leido \u017demai\u010di\u0173, Jungtin\u0117s K\u0119stu\u010dio ir Prisik\u0117limo apygard\u0173 partizanai. Dauguma k\u016brini\u0173 pasira\u0161yti slapyvard\u017eiais, dalis - be para\u0161\u0173. Pritaikius tritomio Lietuvos partizan\u0173 poezijos s\u0105vado \"Kovos keliu \u017eengiant\" temin\u0119 strukt\u016br\u0105, i\u0161skirti eil\u0117ra\u0161\u010di\u0173 ir dain\u0173 skyriai \"T\u0117vynei\", \"\u017duvusiems laisv\u0117s kovotojams\", Motinai, broliui, sesei\", \"Kaliniui, tremtiniui\", \"Raudoniesiems\", perimti ir to leidinio meninio apipavidalinimo elementai.","breadcrumb":{"@id":"https:\/\/skaitytaknyga.lt\/produktas\/kovos-keliu-zengiant\/#breadcrumb"},"inLanguage":"en-GB","potentialAction":[{"@type":"ReadAction","target":["https:\/\/skaitytaknyga.lt\/produktas\/kovos-keliu-zengiant\/"]}]},{"@type":"ImageObject","inLanguage":"en-GB","@id":"https:\/\/skaitytaknyga.lt\/produktas\/kovos-keliu-zengiant\/#primaryimage","url":"https:\/\/skaitytaknyga.lt\/wp-content\/uploads\/2024\/05\/1505459088_jpg_0007.jpg","contentUrl":"https:\/\/skaitytaknyga.lt\/wp-content\/uploads\/2024\/05\/1505459088_jpg_0007.jpg","width":271,"height":430},{"@type":"BreadcrumbList","@id":"https:\/\/skaitytaknyga.lt\/produktas\/kovos-keliu-zengiant\/#breadcrumb","itemListElement":[{"@type":"ListItem","position":1,"name":"Home","item":"https:\/\/skaitytaknyga.lt\/"},{"@type":"ListItem","position":2,"name":"Parduotuv\u0117","item":"https:\/\/skaitytaknyga.lt\/knygu-parduotuve\/"},{"@type":"ListItem","position":3,"name":"Kovos keliu \u017eengiant"}]},{"@type":"WebSite","@id":"https:\/\/skaitytaknyga.lt\/#website","url":"https:\/\/skaitytaknyga.lt\/","name":"skaitytaknyga.lt","description":"Skaitytaknyga.lt \u2013 tai ma\u017eas \u0161eimos verslas, kuris prasid\u0117jo nuo meil\u0117s knygoms ir siekio i\u0161gelb\u0117ti knygas nuo likimo prie konteinerio. Kas vienam nereikalingas daiktas \u2013 kitam lobis, o mes esame tarpininkai, kurie padeda abiems tapti laimingesniems ???? \u017dinome kaip nelengva i\u0161gyventi ma\u017eiems verslams, tad nuo \u0161iol, \u010dia rasite ir kit\u0173, ma\u017e\u0173 \u0161eim\u0173 versl\u0173, rank\u0173 darbo, dovan\u0173 sau ir artimiesiems.","publisher":{"@id":"https:\/\/skaitytaknyga.lt\/#organization"},"potentialAction":[{"@type":"SearchAction","target":{"@type":"EntryPoint","urlTemplate":"https:\/\/skaitytaknyga.lt\/?s={search_term_string}"},"query-input":{"@type":"PropertyValueSpecification","valueRequired":true,"valueName":"search_term_string"}}],"inLanguage":"en-GB"},{"@type":"Organization","@id":"https:\/\/skaitytaknyga.lt\/#organization","name":"skaitytaknyga.lt","url":"https:\/\/skaitytaknyga.lt\/","logo":{"@type":"ImageObject","inLanguage":"en-GB","@id":"https:\/\/skaitytaknyga.lt\/#\/schema\/logo\/image\/","url":"https:\/\/skaitytaknyga.lt\/wp-content\/uploads\/2024\/05\/cropped-cropped-cropped-02_00843_jt3bggkj1j3HLc7SyY6rEUpg.jpeg","contentUrl":"https:\/\/skaitytaknyga.lt\/wp-content\/uploads\/2024\/05\/cropped-cropped-cropped-02_00843_jt3bggkj1j3HLc7SyY6rEUpg.jpeg","width":1600,"height":1600,"caption":"skaitytaknyga.lt"},"image":{"@id":"https:\/\/skaitytaknyga.lt\/#\/schema\/logo\/image\/"},"sameAs":["https:\/\/www.facebook.com\/skaitytaknyga\/"]}]}},"_links":{"self":[{"href":"https:\/\/skaitytaknyga.lt\/en\/wp-json\/wp\/v2\/product\/6545","targetHints":{"allow":["GET"]}}],"collection":[{"href":"https:\/\/skaitytaknyga.lt\/en\/wp-json\/wp\/v2\/product"}],"about":[{"href":"https:\/\/skaitytaknyga.lt\/en\/wp-json\/wp\/v2\/types\/product"}],"replies":[{"embeddable":true,"href":"https:\/\/skaitytaknyga.lt\/en\/wp-json\/wp\/v2\/comments?post=6545"}],"wp:featuredmedia":[{"embeddable":true,"href":"https:\/\/skaitytaknyga.lt\/en\/wp-json\/wp\/v2\/media\/6559"}],"wp:attachment":[{"href":"https:\/\/skaitytaknyga.lt\/en\/wp-json\/wp\/v2\/media?parent=6545"}],"wp:term":[{"taxonomy":"product_brand","embeddable":true,"href":"https:\/\/skaitytaknyga.lt\/en\/wp-json\/wp\/v2\/product_brand?post=6545"},{"taxonomy":"product_cat","embeddable":true,"href":"https:\/\/skaitytaknyga.lt\/en\/wp-json\/wp\/v2\/product_cat?post=6545"},{"taxonomy":"product_tag","embeddable":true,"href":"https:\/\/skaitytaknyga.lt\/en\/wp-json\/wp\/v2\/product_tag?post=6545"}],"curies":[{"name":"wp","href":"https:\/\/api.w.org\/{rel}","templated":true}]}}