{"id":6543,"date":"2024-05-02T13:21:30","date_gmt":"2024-05-02T13:21:30","guid":{"rendered":"https:\/\/skaitytaknyga.lt\/?post_type=product&#038;p=6543"},"modified":"2026-02-05T11:50:12","modified_gmt":"2026-02-05T09:50:12","slug":"arvydas-sliogeris-butis-ir-pasaulis","status":"publish","type":"product","link":"https:\/\/skaitytaknyga.lt\/en\/produktas\/arvydas-sliogeris-butis-ir-pasaulis\/","title":{"rendered":"Arvydas \u0160liogeris \u201eB\u016btis ir pasaulis\u201c"},"content":{"rendered":"<p>Knygoje autorius apm\u0105sto, kaip b\u016btis atsiveria \u017emogui &#8211; baigtinei ir daikti\u0161kuoju horizontu apribotai b\u016btybei. \u017dmogaus baigtinumas ir jo priri\u0161tumas prie daikti\u0161kosios situacijos nagrin\u0117jamas metafizi\u0161kai apm\u0105stant tam tikros vietos (topos) meil\u0119, kuri\u0105 autorius vadina \u201evietove \u0161iapus horizonto, arba meil\u0117s lauku\u201c. Tai kartu nam\u0173 ir T\u0117vyn\u0117s b\u016bti\u0161kos esm\u0117s apm\u0105stymas. Tod\u0117l \u0161iuos savo apm\u0105stymus autorius vadina filotopija. Nors knyga sudaryta i\u0161 fragment\u0173, ta\u010diau juos sieja vidinis minties vientisumas.<\/p>\n","protected":false},"excerpt":{"rendered":"<p>Knygoje autorius apm\u0105sto, kaip b\u016btis atsiveria \u017emogui &#8211; baigtinei ir daikti\u0161kuoju horizontu apribotai b\u016btybei. \u017dmogaus baigtinumas ir jo priri\u0161tumas prie daikti\u0161kosios situacijos nagrin\u0117jamas metafizi\u0161kai apm\u0105stant tam tikros vietos (topos) meil\u0119, kuri\u0105 autorius vadina \u201evietove \u0161iapus horizonto, arba meil\u0117s lauku\u201c. Tai kartu nam\u0173 ir T\u0117vyn\u0117s b\u016bti\u0161kos esm\u0117s apm\u0105stymas. Tod\u0117l \u0161iuos savo apm\u0105stymus autorius vadina filotopija. Nors knyga sudaryta i\u0161 fragment\u0173, ta\u010diau juos sieja vidinis minties vientisumas.<\/p>\n","protected":false},"featured_media":6557,"comment_status":"closed","ping_status":"closed","template":"","meta":{"_acf_changed":false,"site-sidebar-layout":"default","site-content-layout":"","ast-site-content-layout":"default","site-content-style":"default","site-sidebar-style":"default","ast-global-header-display":"","ast-banner-title-visibility":"","ast-main-header-display":"","ast-hfb-above-header-display":"","ast-hfb-below-header-display":"","ast-hfb-mobile-header-display":"","site-post-title":"","ast-breadcrumbs-content":"","ast-featured-img":"","footer-sml-layout":"","ast-disable-related-posts":"","theme-transparent-header-meta":"","adv-header-id-meta":"","stick-header-meta":"","header-above-stick-meta":"","header-main-stick-meta":"","header-below-stick-meta":"","astra-migrate-meta-layouts":"default","ast-page-background-enabled":"default","ast-page-background-meta":{"desktop":{"background-color":"","background-image":"","background-repeat":"repeat","background-position":"center center","background-size":"auto","background-attachment":"scroll","background-type":"","background-media":"","overlay-type":"","overlay-color":"","overlay-opacity":"","overlay-gradient":""},"tablet":{"background-color":"","background-image":"","background-repeat":"repeat","background-position":"center center","background-size":"auto","background-attachment":"scroll","background-type":"","background-media":"","overlay-type":"","overlay-color":"","overlay-opacity":"","overlay-gradient":""},"mobile":{"background-color":"","background-image":"","background-repeat":"repeat","background-position":"center center","background-size":"auto","background-attachment":"scroll","background-type":"","background-media":"","overlay-type":"","overlay-color":"","overlay-opacity":"","overlay-gradient":""}},"ast-content-background-meta":{"desktop":{"background-color":"var(--ast-global-color-4)","background-image":"","background-repeat":"repeat","background-position":"center center","background-size":"auto","background-attachment":"scroll","background-type":"","background-media":"","overlay-type":"","overlay-color":"","overlay-opacity":"","overlay-gradient":""},"tablet":{"background-color":"var(--ast-global-color-4)","background-image":"","background-repeat":"repeat","background-position":"center center","background-size":"auto","background-attachment":"scroll","background-type":"","background-media":"","overlay-type":"","overlay-color":"","overlay-opacity":"","overlay-gradient":""},"mobile":{"background-color":"var(--ast-global-color-4)","background-image":"","background-repeat":"repeat","background-position":"center center","background-size":"auto","background-attachment":"scroll","background-type":"","background-media":"","overlay-type":"","overlay-color":"","overlay-opacity":"","overlay-gradient":""}}},"product_brand":[],"product_cat":[165],"product_tag":[],"class_list":{"0":"post-6543","1":"product","2":"type-product","3":"status-publish","4":"has-post-thumbnail","6":"product_cat-religija-filosofija-ir-ezoterika","7":"desktop-align-left","8":"tablet-align-left","9":"mobile-align-left","11":"first","12":"instock","13":"shipping-taxable","14":"purchasable","15":"product-type-simple"},"acf":[],"yoast_head":"<!-- This site is optimized with the Yoast SEO plugin v27.4 - https:\/\/yoast.com\/product\/yoast-seo-wordpress\/ -->\n<title>Arvydas \u0160liogeris \u201eB\u016btis ir pasaulis\u201c - Skaitytaknyga<\/title>\n<meta name=\"description\" content=\"Knygoje autorius apm\u0105sto, kaip b\u016btis atsiveria \u017emogui - baigtinei ir daikti\u0161kuoju horizontu apribotai b\u016btybei. \u017dmogaus baigtinumas ir jo priri\u0161tumas prie daikti\u0161kosios situacijos nagrin\u0117jamas metafizi\u0161kai apm\u0105stant tam tikros vietos (topos) meil\u0119, kuri\u0105 autorius vadina \u201evietove \u0161iapus horizonto, arba meil\u0117s lauku\u201c. Tai kartu nam\u0173 ir T\u0117vyn\u0117s b\u016bti\u0161kos esm\u0117s apm\u0105stymas. Tod\u0117l \u0161iuos savo apm\u0105stymus autorius vadina filotopija. Nors knyga sudaryta i\u0161 fragment\u0173, ta\u010diau juos sieja vidinis minties vientisumas.\" \/>\n<meta name=\"robots\" content=\"index, follow, max-snippet:-1, max-image-preview:large, max-video-preview:-1\" \/>\n<link rel=\"canonical\" href=\"https:\/\/skaitytaknyga.lt\/en\/produktas\/arvydas-sliogeris-butis-ir-pasaulis\/\" \/>\n<meta property=\"og:locale\" content=\"en_GB\" \/>\n<meta property=\"og:locale:alternate\" content=\"lt_LT\" \/>\n<meta property=\"og:type\" content=\"article\" \/>\n<meta property=\"og:title\" content=\"Arvydas \u0160liogeris \u201eB\u016btis ir pasaulis\u201c - Skaitytaknyga\" \/>\n<meta property=\"og:description\" content=\"Knygoje autorius apm\u0105sto, kaip b\u016btis atsiveria \u017emogui - baigtinei ir daikti\u0161kuoju horizontu apribotai b\u016btybei. \u017dmogaus baigtinumas ir jo priri\u0161tumas prie daikti\u0161kosios situacijos nagrin\u0117jamas metafizi\u0161kai apm\u0105stant tam tikros vietos (topos) meil\u0119, kuri\u0105 autorius vadina \u201evietove \u0161iapus horizonto, arba meil\u0117s lauku\u201c. Tai kartu nam\u0173 ir T\u0117vyn\u0117s b\u016bti\u0161kos esm\u0117s apm\u0105stymas. Tod\u0117l \u0161iuos savo apm\u0105stymus autorius vadina filotopija. Nors knyga sudaryta i\u0161 fragment\u0173, ta\u010diau juos sieja vidinis minties vientisumas.\" \/>\n<meta property=\"og:url\" content=\"https:\/\/skaitytaknyga.lt\/en\/produktas\/arvydas-sliogeris-butis-ir-pasaulis\/\" \/>\n<meta property=\"og:site_name\" content=\"Skaitytaknyga\" \/>\n<meta property=\"article:publisher\" content=\"https:\/\/www.facebook.com\/skaitytaknyga\/\" \/>\n<meta property=\"article:modified_time\" content=\"2026-02-05T09:50:12+00:00\" \/>\n<meta property=\"og:image\" content=\"https:\/\/skaitytaknyga.lt\/wp-content\/uploads\/2024\/05\/Be-pavadinimo-5.png\" \/>\n\t<meta property=\"og:image:width\" content=\"210\" \/>\n\t<meta property=\"og:image:height\" content=\"334\" \/>\n\t<meta property=\"og:image:type\" content=\"image\/png\" \/>\n<meta name=\"twitter:card\" content=\"summary_large_image\" \/>\n<meta name=\"twitter:label1\" content=\"Estimated reading time\" \/>\n\t<meta name=\"twitter:data1\" content=\"1 minute\" \/>\n<script type=\"application\/ld+json\" class=\"yoast-schema-graph\">{\"@context\":\"https:\\\/\\\/schema.org\",\"@graph\":[{\"@type\":\"WebPage\",\"@id\":\"https:\\\/\\\/skaitytaknyga.lt\\\/produktas\\\/arvydas-sliogeris-butis-ir-pasaulis\\\/\",\"url\":\"https:\\\/\\\/skaitytaknyga.lt\\\/produktas\\\/arvydas-sliogeris-butis-ir-pasaulis\\\/\",\"name\":\"Arvydas \u0160liogeris \u201eB\u016btis ir pasaulis\u201c - Skaitytaknyga\",\"isPartOf\":{\"@id\":\"https:\\\/\\\/skaitytaknyga.lt\\\/#website\"},\"primaryImageOfPage\":{\"@id\":\"https:\\\/\\\/skaitytaknyga.lt\\\/produktas\\\/arvydas-sliogeris-butis-ir-pasaulis\\\/#primaryimage\"},\"image\":{\"@id\":\"https:\\\/\\\/skaitytaknyga.lt\\\/produktas\\\/arvydas-sliogeris-butis-ir-pasaulis\\\/#primaryimage\"},\"thumbnailUrl\":\"https:\\\/\\\/skaitytaknyga.lt\\\/wp-content\\\/uploads\\\/2024\\\/05\\\/Be-pavadinimo-5.png\",\"datePublished\":\"2024-05-02T13:21:30+00:00\",\"dateModified\":\"2026-02-05T09:50:12+00:00\",\"description\":\"Knygoje autorius apm\u0105sto, kaip b\u016btis atsiveria \u017emogui - baigtinei ir daikti\u0161kuoju horizontu apribotai b\u016btybei. \u017dmogaus baigtinumas ir jo priri\u0161tumas prie daikti\u0161kosios situacijos nagrin\u0117jamas metafizi\u0161kai apm\u0105stant tam tikros vietos (topos) meil\u0119, kuri\u0105 autorius vadina \u201evietove \u0161iapus horizonto, arba meil\u0117s lauku\u201c. Tai kartu nam\u0173 ir T\u0117vyn\u0117s b\u016bti\u0161kos esm\u0117s apm\u0105stymas. Tod\u0117l \u0161iuos savo apm\u0105stymus autorius vadina filotopija. Nors knyga sudaryta i\u0161 fragment\u0173, ta\u010diau juos sieja vidinis minties vientisumas.\",\"breadcrumb\":{\"@id\":\"https:\\\/\\\/skaitytaknyga.lt\\\/produktas\\\/arvydas-sliogeris-butis-ir-pasaulis\\\/#breadcrumb\"},\"inLanguage\":\"en-GB\",\"potentialAction\":[{\"@type\":\"ReadAction\",\"target\":[\"https:\\\/\\\/skaitytaknyga.lt\\\/produktas\\\/arvydas-sliogeris-butis-ir-pasaulis\\\/\"]}]},{\"@type\":\"ImageObject\",\"inLanguage\":\"en-GB\",\"@id\":\"https:\\\/\\\/skaitytaknyga.lt\\\/produktas\\\/arvydas-sliogeris-butis-ir-pasaulis\\\/#primaryimage\",\"url\":\"https:\\\/\\\/skaitytaknyga.lt\\\/wp-content\\\/uploads\\\/2024\\\/05\\\/Be-pavadinimo-5.png\",\"contentUrl\":\"https:\\\/\\\/skaitytaknyga.lt\\\/wp-content\\\/uploads\\\/2024\\\/05\\\/Be-pavadinimo-5.png\",\"width\":210,\"height\":334},{\"@type\":\"BreadcrumbList\",\"@id\":\"https:\\\/\\\/skaitytaknyga.lt\\\/produktas\\\/arvydas-sliogeris-butis-ir-pasaulis\\\/#breadcrumb\",\"itemListElement\":[{\"@type\":\"ListItem\",\"position\":1,\"name\":\"Home\",\"item\":\"https:\\\/\\\/skaitytaknyga.lt\\\/\"},{\"@type\":\"ListItem\",\"position\":2,\"name\":\"Parduotuv\u0117\",\"item\":\"https:\\\/\\\/skaitytaknyga.lt\\\/knygu-parduotuve\\\/\"},{\"@type\":\"ListItem\",\"position\":3,\"name\":\"Arvydas \u0160liogeris \u201eB\u016btis ir pasaulis\u201c\"}]},{\"@type\":\"WebSite\",\"@id\":\"https:\\\/\\\/skaitytaknyga.lt\\\/#website\",\"url\":\"https:\\\/\\\/skaitytaknyga.lt\\\/\",\"name\":\"skaitytaknyga.lt\",\"description\":\"Skaitytaknyga.lt \u2013 tai ma\u017eas \u0161eimos verslas, kuris prasid\u0117jo nuo meil\u0117s knygoms ir siekio i\u0161gelb\u0117ti knygas nuo likimo prie konteinerio. Kas vienam nereikalingas daiktas \u2013 kitam lobis, o mes esame tarpininkai, kurie padeda abiems tapti laimingesniems ???? \u017dinome kaip nelengva i\u0161gyventi ma\u017eiems verslams, tad nuo \u0161iol, \u010dia rasite ir kit\u0173, ma\u017e\u0173 \u0161eim\u0173 versl\u0173, rank\u0173 darbo, dovan\u0173 sau ir artimiesiems.\",\"publisher\":{\"@id\":\"https:\\\/\\\/skaitytaknyga.lt\\\/#organization\"},\"potentialAction\":[{\"@type\":\"SearchAction\",\"target\":{\"@type\":\"EntryPoint\",\"urlTemplate\":\"https:\\\/\\\/skaitytaknyga.lt\\\/?s={search_term_string}\"},\"query-input\":{\"@type\":\"PropertyValueSpecification\",\"valueRequired\":true,\"valueName\":\"search_term_string\"}}],\"inLanguage\":\"en-GB\"},{\"@type\":\"Organization\",\"@id\":\"https:\\\/\\\/skaitytaknyga.lt\\\/#organization\",\"name\":\"skaitytaknyga.lt\",\"url\":\"https:\\\/\\\/skaitytaknyga.lt\\\/\",\"logo\":{\"@type\":\"ImageObject\",\"inLanguage\":\"en-GB\",\"@id\":\"https:\\\/\\\/skaitytaknyga.lt\\\/#\\\/schema\\\/logo\\\/image\\\/\",\"url\":\"https:\\\/\\\/skaitytaknyga.lt\\\/wp-content\\\/uploads\\\/2024\\\/05\\\/cropped-cropped-cropped-02_00843_jt3bggkj1j3HLc7SyY6rEUpg.jpeg\",\"contentUrl\":\"https:\\\/\\\/skaitytaknyga.lt\\\/wp-content\\\/uploads\\\/2024\\\/05\\\/cropped-cropped-cropped-02_00843_jt3bggkj1j3HLc7SyY6rEUpg.jpeg\",\"width\":1600,\"height\":1600,\"caption\":\"skaitytaknyga.lt\"},\"image\":{\"@id\":\"https:\\\/\\\/skaitytaknyga.lt\\\/#\\\/schema\\\/logo\\\/image\\\/\"},\"sameAs\":[\"https:\\\/\\\/www.facebook.com\\\/skaitytaknyga\\\/\"]}]}<\/script>\n<!-- \/ Yoast SEO plugin. -->","yoast_head_json":{"title":"Arvydas \u0160liogeris \u201eB\u016btis ir pasaulis\u201c - Skaitytaknyga","description":"Knygoje autorius apm\u0105sto, kaip b\u016btis atsiveria \u017emogui - baigtinei ir daikti\u0161kuoju horizontu apribotai b\u016btybei. \u017dmogaus baigtinumas ir jo priri\u0161tumas prie daikti\u0161kosios situacijos nagrin\u0117jamas metafizi\u0161kai apm\u0105stant tam tikros vietos (topos) meil\u0119, kuri\u0105 autorius vadina \u201evietove \u0161iapus horizonto, arba meil\u0117s lauku\u201c. Tai kartu nam\u0173 ir T\u0117vyn\u0117s b\u016bti\u0161kos esm\u0117s apm\u0105stymas. Tod\u0117l \u0161iuos savo apm\u0105stymus autorius vadina filotopija. Nors knyga sudaryta i\u0161 fragment\u0173, ta\u010diau juos sieja vidinis minties vientisumas.","robots":{"index":"index","follow":"follow","max-snippet":"max-snippet:-1","max-image-preview":"max-image-preview:large","max-video-preview":"max-video-preview:-1"},"canonical":"https:\/\/skaitytaknyga.lt\/en\/produktas\/arvydas-sliogeris-butis-ir-pasaulis\/","og_locale":"en_GB","og_type":"article","og_title":"Arvydas \u0160liogeris \u201eB\u016btis ir pasaulis\u201c - Skaitytaknyga","og_description":"Knygoje autorius apm\u0105sto, kaip b\u016btis atsiveria \u017emogui - baigtinei ir daikti\u0161kuoju horizontu apribotai b\u016btybei. \u017dmogaus baigtinumas ir jo priri\u0161tumas prie daikti\u0161kosios situacijos nagrin\u0117jamas metafizi\u0161kai apm\u0105stant tam tikros vietos (topos) meil\u0119, kuri\u0105 autorius vadina \u201evietove \u0161iapus horizonto, arba meil\u0117s lauku\u201c. Tai kartu nam\u0173 ir T\u0117vyn\u0117s b\u016bti\u0161kos esm\u0117s apm\u0105stymas. Tod\u0117l \u0161iuos savo apm\u0105stymus autorius vadina filotopija. Nors knyga sudaryta i\u0161 fragment\u0173, ta\u010diau juos sieja vidinis minties vientisumas.","og_url":"https:\/\/skaitytaknyga.lt\/en\/produktas\/arvydas-sliogeris-butis-ir-pasaulis\/","og_site_name":"Skaitytaknyga","article_publisher":"https:\/\/www.facebook.com\/skaitytaknyga\/","article_modified_time":"2026-02-05T09:50:12+00:00","og_image":[{"width":210,"height":334,"url":"https:\/\/skaitytaknyga.lt\/wp-content\/uploads\/2024\/05\/Be-pavadinimo-5.png","type":"image\/png"}],"twitter_card":"summary_large_image","twitter_misc":{"Estimated reading time":"1 minute"},"schema":{"@context":"https:\/\/schema.org","@graph":[{"@type":"WebPage","@id":"https:\/\/skaitytaknyga.lt\/produktas\/arvydas-sliogeris-butis-ir-pasaulis\/","url":"https:\/\/skaitytaknyga.lt\/produktas\/arvydas-sliogeris-butis-ir-pasaulis\/","name":"Arvydas \u0160liogeris \u201eB\u016btis ir pasaulis\u201c - Skaitytaknyga","isPartOf":{"@id":"https:\/\/skaitytaknyga.lt\/#website"},"primaryImageOfPage":{"@id":"https:\/\/skaitytaknyga.lt\/produktas\/arvydas-sliogeris-butis-ir-pasaulis\/#primaryimage"},"image":{"@id":"https:\/\/skaitytaknyga.lt\/produktas\/arvydas-sliogeris-butis-ir-pasaulis\/#primaryimage"},"thumbnailUrl":"https:\/\/skaitytaknyga.lt\/wp-content\/uploads\/2024\/05\/Be-pavadinimo-5.png","datePublished":"2024-05-02T13:21:30+00:00","dateModified":"2026-02-05T09:50:12+00:00","description":"Knygoje autorius apm\u0105sto, kaip b\u016btis atsiveria \u017emogui - baigtinei ir daikti\u0161kuoju horizontu apribotai b\u016btybei. \u017dmogaus baigtinumas ir jo priri\u0161tumas prie daikti\u0161kosios situacijos nagrin\u0117jamas metafizi\u0161kai apm\u0105stant tam tikros vietos (topos) meil\u0119, kuri\u0105 autorius vadina \u201evietove \u0161iapus horizonto, arba meil\u0117s lauku\u201c. Tai kartu nam\u0173 ir T\u0117vyn\u0117s b\u016bti\u0161kos esm\u0117s apm\u0105stymas. Tod\u0117l \u0161iuos savo apm\u0105stymus autorius vadina filotopija. Nors knyga sudaryta i\u0161 fragment\u0173, ta\u010diau juos sieja vidinis minties vientisumas.","breadcrumb":{"@id":"https:\/\/skaitytaknyga.lt\/produktas\/arvydas-sliogeris-butis-ir-pasaulis\/#breadcrumb"},"inLanguage":"en-GB","potentialAction":[{"@type":"ReadAction","target":["https:\/\/skaitytaknyga.lt\/produktas\/arvydas-sliogeris-butis-ir-pasaulis\/"]}]},{"@type":"ImageObject","inLanguage":"en-GB","@id":"https:\/\/skaitytaknyga.lt\/produktas\/arvydas-sliogeris-butis-ir-pasaulis\/#primaryimage","url":"https:\/\/skaitytaknyga.lt\/wp-content\/uploads\/2024\/05\/Be-pavadinimo-5.png","contentUrl":"https:\/\/skaitytaknyga.lt\/wp-content\/uploads\/2024\/05\/Be-pavadinimo-5.png","width":210,"height":334},{"@type":"BreadcrumbList","@id":"https:\/\/skaitytaknyga.lt\/produktas\/arvydas-sliogeris-butis-ir-pasaulis\/#breadcrumb","itemListElement":[{"@type":"ListItem","position":1,"name":"Home","item":"https:\/\/skaitytaknyga.lt\/"},{"@type":"ListItem","position":2,"name":"Parduotuv\u0117","item":"https:\/\/skaitytaknyga.lt\/knygu-parduotuve\/"},{"@type":"ListItem","position":3,"name":"Arvydas \u0160liogeris \u201eB\u016btis ir pasaulis\u201c"}]},{"@type":"WebSite","@id":"https:\/\/skaitytaknyga.lt\/#website","url":"https:\/\/skaitytaknyga.lt\/","name":"skaitytaknyga.lt","description":"Skaitytaknyga.lt \u2013 tai ma\u017eas \u0161eimos verslas, kuris prasid\u0117jo nuo meil\u0117s knygoms ir siekio i\u0161gelb\u0117ti knygas nuo likimo prie konteinerio. Kas vienam nereikalingas daiktas \u2013 kitam lobis, o mes esame tarpininkai, kurie padeda abiems tapti laimingesniems ???? \u017dinome kaip nelengva i\u0161gyventi ma\u017eiems verslams, tad nuo \u0161iol, \u010dia rasite ir kit\u0173, ma\u017e\u0173 \u0161eim\u0173 versl\u0173, rank\u0173 darbo, dovan\u0173 sau ir artimiesiems.","publisher":{"@id":"https:\/\/skaitytaknyga.lt\/#organization"},"potentialAction":[{"@type":"SearchAction","target":{"@type":"EntryPoint","urlTemplate":"https:\/\/skaitytaknyga.lt\/?s={search_term_string}"},"query-input":{"@type":"PropertyValueSpecification","valueRequired":true,"valueName":"search_term_string"}}],"inLanguage":"en-GB"},{"@type":"Organization","@id":"https:\/\/skaitytaknyga.lt\/#organization","name":"skaitytaknyga.lt","url":"https:\/\/skaitytaknyga.lt\/","logo":{"@type":"ImageObject","inLanguage":"en-GB","@id":"https:\/\/skaitytaknyga.lt\/#\/schema\/logo\/image\/","url":"https:\/\/skaitytaknyga.lt\/wp-content\/uploads\/2024\/05\/cropped-cropped-cropped-02_00843_jt3bggkj1j3HLc7SyY6rEUpg.jpeg","contentUrl":"https:\/\/skaitytaknyga.lt\/wp-content\/uploads\/2024\/05\/cropped-cropped-cropped-02_00843_jt3bggkj1j3HLc7SyY6rEUpg.jpeg","width":1600,"height":1600,"caption":"skaitytaknyga.lt"},"image":{"@id":"https:\/\/skaitytaknyga.lt\/#\/schema\/logo\/image\/"},"sameAs":["https:\/\/www.facebook.com\/skaitytaknyga\/"]}]}},"_links":{"self":[{"href":"https:\/\/skaitytaknyga.lt\/en\/wp-json\/wp\/v2\/product\/6543","targetHints":{"allow":["GET"]}}],"collection":[{"href":"https:\/\/skaitytaknyga.lt\/en\/wp-json\/wp\/v2\/product"}],"about":[{"href":"https:\/\/skaitytaknyga.lt\/en\/wp-json\/wp\/v2\/types\/product"}],"replies":[{"embeddable":true,"href":"https:\/\/skaitytaknyga.lt\/en\/wp-json\/wp\/v2\/comments?post=6543"}],"wp:featuredmedia":[{"embeddable":true,"href":"https:\/\/skaitytaknyga.lt\/en\/wp-json\/wp\/v2\/media\/6557"}],"wp:attachment":[{"href":"https:\/\/skaitytaknyga.lt\/en\/wp-json\/wp\/v2\/media?parent=6543"}],"wp:term":[{"taxonomy":"product_brand","embeddable":true,"href":"https:\/\/skaitytaknyga.lt\/en\/wp-json\/wp\/v2\/product_brand?post=6543"},{"taxonomy":"product_cat","embeddable":true,"href":"https:\/\/skaitytaknyga.lt\/en\/wp-json\/wp\/v2\/product_cat?post=6543"},{"taxonomy":"product_tag","embeddable":true,"href":"https:\/\/skaitytaknyga.lt\/en\/wp-json\/wp\/v2\/product_tag?post=6543"}],"curies":[{"name":"wp","href":"https:\/\/api.w.org\/{rel}","templated":true}]}}