{"id":6542,"date":"2024-05-02T13:21:30","date_gmt":"2024-05-02T13:21:30","guid":{"rendered":"https:\/\/skaitytaknyga.lt\/?post_type=product&#038;p=6542"},"modified":"2024-08-28T21:55:00","modified_gmt":"2024-08-28T18:55:00","slug":"alfas-pakenas-metai-su-pauliumi-atsiminimai-apie-pauliu-sirvi","status":"publish","type":"product","link":"https:\/\/skaitytaknyga.lt\/en\/produktas\/alfas-pakenas-metai-su-pauliumi-atsiminimai-apie-pauliu-sirvi\/","title":{"rendered":"Alfas Pak\u0117nas \u201eMetai su Pauliumi. Atsiminimai apie Pauli\u0173 \u0160irv\u012f\u201c"},"content":{"rendered":"<p>Alfo Pak\u0117no knygoje \u201eMetai su Pauliumi. Atsiminimai apie Pauli\u0173 \u0160irv\u012f\u201c, gars\u016bs \u00a0ra\u0161ytojai, \u0161eimos nariai, vaikyst\u0117s ir jaunyst\u0117s draugai stilingai pasakoja apie poet\u0105 Pauli\u0173 \u0160irv\u012f, to meto visuomen\u0117s nuotaikas, pa\u017eeria \u012fsimenan\u010di\u0173 detali\u0173 apie XX am\u017eiaus antrosios pus\u0117s Vilni\u0173, jo gatves, kavines, bohemos papro\u010dius. Aptariama ir P. \u0160irvio k\u016bryba, jos s\u0105sajos su folkloru.<\/p>\n<p>Pirmojoje knygos dalyje pla\u010diau nu\u0161vie\u010diami pokario ir poeto brandos metai, antrojoje- vaikyst\u0117, jaunyst\u0117, bandymai vie\u0161ai reik\u0161tis. Skelbiama P. \u0160irvio prozos- autobiografija, dienora\u0161\u010dio fragmentas, lai\u0161kas, es\u0117. Leidiniu m\u0117ginama pla\u010diau apib\u016bdinti poeto asmenyb\u0119, \u012fminti nebl\u0117stan\u010di\u0105 jo poezijos populiarumo m\u012fsl\u0119.<\/p>\n<p>Paulius \u0160irvys (1920\u20131979) \u2013 poetas, i\u0161leid\u0119s eil\u0117ra\u0161\u010di\u0173 rinkinius.\u00a0\u017dygio draugai\u00a0(1954),\u00a0O\u0161ia gimtin\u0117s ber\u017eai\u00a0(1956),\u00a0Ber\u017e\u0173 lop\u0161in\u0117\u00a0(1961),\u00a0Ir nusine\u0161\u0117 saul\u0119 mi\u0161kai\u2026\u00a0(1969), rinktin\u0119\u00a0Ilgesys \u2013 ta giesm\u0117\u00a0(1972), knyg\u0105 vaikams\u00a0Vytur\u0117liai dainor\u0117liai\u00a0(1965).<br \/>\nPaulius \u0160irvys \u2013 vienas \u017einomiausi\u0173 ir mylimiausi\u0173 lietuvi\u0173 poet\u0173. Jo populiarumas susietas su jo gyvenimo legenda, apie j\u012f pasakota daugyb\u0117 legend\u0173, anekdot\u0173.<\/p>\n<p>Debiutav\u0119s pokario metais, kai jausm\u0173 rai\u0161ka literat\u016broje, asmeni\u0161kumas buvo kontroliuojami, o neretai ir draud\u017eiami, \u0160irvys sugeb\u0117jo prabilti savitu balsu apie dvi svabiausias viso savo k\u016brybinio gyvenimo temas \u2013 fronto kareivio ir skaud\u017ei\u0105 meil\u0117s patirt\u012f. Skaitytojai pri\u0117m\u0117 poet\u0105 kaip lyrikos grynuol\u012f, i\u0161pa\u017eintin\u0117s poezijos korif\u0117j\u0173, ir nedar\u0117, pasak Marcelijaus Martinai\u010dio, skirtumo tarp poeto ir asmens. Nema\u017eai \u0160irvio eil\u0117r\u0161a\u010di\u0173 virto dainomis.<\/p>\n","protected":false},"excerpt":{"rendered":"<p>Alfo Pak\u0117no knygoje \u201eMetai su Pauliumi. Atsiminimai apie Pauli\u0173 \u0160irv\u012f\u201c, gars\u016bs \u00a0ra\u0161ytojai, \u0161eimos nariai, vaikyst\u0117s ir jaunyst\u0117s draugai stilingai pasakoja apie poet\u0105 Pauli\u0173 \u0160irv\u012f, to meto visuomen\u0117s nuotaikas, pa\u017eeria \u012fsimenan\u010di\u0173 detali\u0173 apie XX am\u017eiaus antrosios pus\u0117s Vilni\u0173, jo gatves, kavines, bohemos papro\u010dius. Aptariama ir P. \u0160irvio k\u016bryba, jos s\u0105sajos su folkloru. Pirmojoje knygos dalyje pla\u010diau nu\u0161vie\u010diami pokario ir poeto brandos metai, antrojoje- vaikyst\u0117, jaunyst\u0117, bandymai vie\u0161ai reik\u0161tis. Skelbiama P. \u0160irvio prozos- autobiografija, dienora\u0161\u010dio fragmentas, lai\u0161kas, es\u0117. Leidiniu m\u0117ginama pla\u010diau apib\u016bdinti poeto asmenyb\u0119, \u012fminti nebl\u0117stan\u010di\u0105 jo poezijos populiarumo m\u012fsl\u0119. Paulius \u0160irvys (1920\u20131979) \u2013 poetas, i\u0161leid\u0119s eil\u0117ra\u0161\u010di\u0173 rinkinius.\u00a0\u017dygio draugai\u00a0(1954),\u00a0O\u0161ia gimtin\u0117s ber\u017eai\u00a0(1956),\u00a0Ber\u017e\u0173 lop\u0161in\u0117\u00a0(1961),\u00a0Ir nusine\u0161\u0117 saul\u0119 mi\u0161kai\u2026\u00a0(1969), rinktin\u0119\u00a0Ilgesys \u2013 ta giesm\u0117\u00a0(1972), knyg\u0105 vaikams\u00a0Vytur\u0117liai dainor\u0117liai\u00a0(1965). Paulius \u0160irvys \u2013 vienas \u017einomiausi\u0173 ir mylimiausi\u0173 lietuvi\u0173 poet\u0173. Jo populiarumas susietas su jo gyvenimo legenda, apie j\u012f pasakota daugyb\u0117 legend\u0173, anekdot\u0173. Debiutav\u0119s pokario metais, kai jausm\u0173 rai\u0161ka literat\u016broje, asmeni\u0161kumas buvo kontroliuojami, o neretai ir draud\u017eiami, \u0160irvys sugeb\u0117jo prabilti savitu balsu apie dvi svabiausias viso savo k\u016brybinio gyvenimo temas \u2013 fronto kareivio ir skaud\u017ei\u0105 meil\u0117s patirt\u012f. Skaitytojai pri\u0117m\u0117 poet\u0105 kaip lyrikos grynuol\u012f, i\u0161pa\u017eintin\u0117s poezijos korif\u0117j\u0173, ir nedar\u0117, pasak Marcelijaus Martinai\u010dio, skirtumo tarp poeto ir asmens. Nema\u017eai \u0160irvio eil\u0117r\u0161a\u010di\u0173 virto dainomis.<\/p>\n","protected":false},"featured_media":6556,"comment_status":"closed","ping_status":"closed","template":"","meta":{"_acf_changed":false,"site-sidebar-layout":"default","site-content-layout":"","ast-site-content-layout":"default","site-content-style":"default","site-sidebar-style":"default","ast-global-header-display":"","ast-banner-title-visibility":"","ast-main-header-display":"","ast-hfb-above-header-display":"","ast-hfb-below-header-display":"","ast-hfb-mobile-header-display":"","site-post-title":"","ast-breadcrumbs-content":"","ast-featured-img":"","footer-sml-layout":"","ast-disable-related-posts":"","theme-transparent-header-meta":"default","adv-header-id-meta":"","stick-header-meta":"","header-above-stick-meta":"","header-main-stick-meta":"","header-below-stick-meta":"","astra-migrate-meta-layouts":"set","ast-page-background-enabled":"default","ast-page-background-meta":{"desktop":{"background-color":"","background-image":"","background-repeat":"repeat","background-position":"center center","background-size":"auto","background-attachment":"scroll","background-type":"","background-media":"","overlay-type":"","overlay-color":"","overlay-opacity":"","overlay-gradient":""},"tablet":{"background-color":"","background-image":"","background-repeat":"repeat","background-position":"center center","background-size":"auto","background-attachment":"scroll","background-type":"","background-media":"","overlay-type":"","overlay-color":"","overlay-opacity":"","overlay-gradient":""},"mobile":{"background-color":"","background-image":"","background-repeat":"repeat","background-position":"center center","background-size":"auto","background-attachment":"scroll","background-type":"","background-media":"","overlay-type":"","overlay-color":"","overlay-opacity":"","overlay-gradient":""}},"ast-content-background-meta":{"desktop":{"background-color":"var(--ast-global-color-4)","background-image":"","background-repeat":"repeat","background-position":"center center","background-size":"auto","background-attachment":"scroll","background-type":"","background-media":"","overlay-type":"","overlay-color":"","overlay-opacity":"","overlay-gradient":""},"tablet":{"background-color":"var(--ast-global-color-4)","background-image":"","background-repeat":"repeat","background-position":"center center","background-size":"auto","background-attachment":"scroll","background-type":"","background-media":"","overlay-type":"","overlay-color":"","overlay-opacity":"","overlay-gradient":""},"mobile":{"background-color":"var(--ast-global-color-4)","background-image":"","background-repeat":"repeat","background-position":"center center","background-size":"auto","background-attachment":"scroll","background-type":"","background-media":"","overlay-type":"","overlay-color":"","overlay-opacity":"","overlay-gradient":""}}},"product_brand":[],"product_cat":[33],"product_tag":[],"class_list":{"0":"post-6542","1":"product","2":"type-product","3":"status-publish","4":"has-post-thumbnail","6":"product_cat-biografijos","7":"desktop-align-left","8":"tablet-align-left","9":"mobile-align-left","11":"first","12":"outofstock","13":"shipping-taxable","14":"purchasable","15":"product-type-simple"},"acf":[],"yoast_head":"<!-- This site is optimized with the Yoast SEO plugin v27.0 - https:\/\/yoast.com\/product\/yoast-seo-wordpress\/ -->\n<title>Alfas Pak\u0117nas \u201eMetai su Pauliumi. Atsiminimai apie Pauli\u0173 \u0160irv\u012f\u201c<\/title>\n<meta name=\"description\" content=\"Gars\u016bs ra\u0161ytojai, \u0161eimos nariai, vaikyst\u0117s ir jaunyst\u0117s draugai stilingai pasakoja apie poet\u0105 Pauli\u0173 \u0160irv\u012f, to meto visuomen\u0117s nuotaikas, XX a Vilni\u0173\" \/>\n<meta name=\"robots\" content=\"index, follow, max-snippet:-1, max-image-preview:large, max-video-preview:-1\" \/>\n<link rel=\"canonical\" href=\"https:\/\/skaitytaknyga.lt\/en\/produktas\/alfas-pakenas-metai-su-pauliumi-atsiminimai-apie-pauliu-sirvi\/\" \/>\n<meta property=\"og:locale\" content=\"en_GB\" \/>\n<meta property=\"og:locale:alternate\" content=\"lt_LT\" \/>\n<meta property=\"og:type\" content=\"article\" \/>\n<meta property=\"og:title\" content=\"Alfas Pak\u0117nas \u201eMetai su Pauliumi. Atsiminimai apie Pauli\u0173 \u0160irv\u012f\u201c\" \/>\n<meta property=\"og:description\" content=\"Gars\u016bs ra\u0161ytojai, \u0161eimos nariai, vaikyst\u0117s ir jaunyst\u0117s draugai stilingai pasakoja apie poet\u0105 Pauli\u0173 \u0160irv\u012f, to meto visuomen\u0117s nuotaikas, XX a Vilni\u0173\" \/>\n<meta property=\"og:url\" content=\"https:\/\/skaitytaknyga.lt\/en\/produktas\/alfas-pakenas-metai-su-pauliumi-atsiminimai-apie-pauliu-sirvi\/\" \/>\n<meta property=\"og:site_name\" content=\"Skaitytaknyga\" \/>\n<meta property=\"article:publisher\" content=\"https:\/\/www.facebook.com\/skaitytaknyga\/\" \/>\n<meta property=\"article:modified_time\" content=\"2024-08-28T18:55:00+00:00\" \/>\n<meta property=\"og:image\" content=\"https:\/\/skaitytaknyga.lt\/wp-content\/uploads\/2024\/05\/1527593895_IMG_0015.jpg\" \/>\n\t<meta property=\"og:image:width\" content=\"310\" \/>\n\t<meta property=\"og:image:height\" content=\"430\" \/>\n\t<meta property=\"og:image:type\" content=\"image\/jpeg\" \/>\n<meta name=\"twitter:card\" content=\"summary_large_image\" \/>\n<meta name=\"twitter:label1\" content=\"Estimated reading time\" \/>\n\t<meta name=\"twitter:data1\" content=\"2 minutes\" \/>\n<script type=\"application\/ld+json\" class=\"yoast-schema-graph\">{\"@context\":\"https:\/\/schema.org\",\"@graph\":[{\"@type\":\"WebPage\",\"@id\":\"https:\/\/skaitytaknyga.lt\/produktas\/alfas-pakenas-metai-su-pauliumi-atsiminimai-apie-pauliu-sirvi\/\",\"url\":\"https:\/\/skaitytaknyga.lt\/produktas\/alfas-pakenas-metai-su-pauliumi-atsiminimai-apie-pauliu-sirvi\/\",\"name\":\"Alfas Pak\u0117nas \u201eMetai su Pauliumi. Atsiminimai apie Pauli\u0173 \u0160irv\u012f\u201c\",\"isPartOf\":{\"@id\":\"https:\/\/skaitytaknyga.lt\/#website\"},\"primaryImageOfPage\":{\"@id\":\"https:\/\/skaitytaknyga.lt\/produktas\/alfas-pakenas-metai-su-pauliumi-atsiminimai-apie-pauliu-sirvi\/#primaryimage\"},\"image\":{\"@id\":\"https:\/\/skaitytaknyga.lt\/produktas\/alfas-pakenas-metai-su-pauliumi-atsiminimai-apie-pauliu-sirvi\/#primaryimage\"},\"thumbnailUrl\":\"https:\/\/skaitytaknyga.lt\/wp-content\/uploads\/2024\/05\/1527593895_IMG_0015.jpg\",\"datePublished\":\"2024-05-02T13:21:30+00:00\",\"dateModified\":\"2024-08-28T18:55:00+00:00\",\"description\":\"Gars\u016bs ra\u0161ytojai, \u0161eimos nariai, vaikyst\u0117s ir jaunyst\u0117s draugai stilingai pasakoja apie poet\u0105 Pauli\u0173 \u0160irv\u012f, to meto visuomen\u0117s nuotaikas, XX a Vilni\u0173\",\"breadcrumb\":{\"@id\":\"https:\/\/skaitytaknyga.lt\/produktas\/alfas-pakenas-metai-su-pauliumi-atsiminimai-apie-pauliu-sirvi\/#breadcrumb\"},\"inLanguage\":\"en-GB\",\"potentialAction\":[{\"@type\":\"ReadAction\",\"target\":[\"https:\/\/skaitytaknyga.lt\/produktas\/alfas-pakenas-metai-su-pauliumi-atsiminimai-apie-pauliu-sirvi\/\"]}]},{\"@type\":\"ImageObject\",\"inLanguage\":\"en-GB\",\"@id\":\"https:\/\/skaitytaknyga.lt\/produktas\/alfas-pakenas-metai-su-pauliumi-atsiminimai-apie-pauliu-sirvi\/#primaryimage\",\"url\":\"https:\/\/skaitytaknyga.lt\/wp-content\/uploads\/2024\/05\/1527593895_IMG_0015.jpg\",\"contentUrl\":\"https:\/\/skaitytaknyga.lt\/wp-content\/uploads\/2024\/05\/1527593895_IMG_0015.jpg\",\"width\":310,\"height\":430,\"caption\":\"Alfas Pak\u0117nas \u201eMetai su Pauliumi. Atsiminimai apie Pauli\u0173 \u0160irv\u012f\u201c\"},{\"@type\":\"BreadcrumbList\",\"@id\":\"https:\/\/skaitytaknyga.lt\/produktas\/alfas-pakenas-metai-su-pauliumi-atsiminimai-apie-pauliu-sirvi\/#breadcrumb\",\"itemListElement\":[{\"@type\":\"ListItem\",\"position\":1,\"name\":\"Home\",\"item\":\"https:\/\/skaitytaknyga.lt\/\"},{\"@type\":\"ListItem\",\"position\":2,\"name\":\"Parduotuv\u0117\",\"item\":\"https:\/\/skaitytaknyga.lt\/knygu-parduotuve\/\"},{\"@type\":\"ListItem\",\"position\":3,\"name\":\"Alfas Pak\u0117nas \u201eMetai su Pauliumi. Atsiminimai apie Pauli\u0173 \u0160irv\u012f\u201c\"}]},{\"@type\":\"WebSite\",\"@id\":\"https:\/\/skaitytaknyga.lt\/#website\",\"url\":\"https:\/\/skaitytaknyga.lt\/\",\"name\":\"skaitytaknyga.lt\",\"description\":\"Skaitytaknyga.lt \u2013 tai ma\u017eas \u0161eimos verslas, kuris prasid\u0117jo nuo meil\u0117s knygoms ir siekio i\u0161gelb\u0117ti knygas nuo likimo prie konteinerio. Kas vienam nereikalingas daiktas \u2013 kitam lobis, o mes esame tarpininkai, kurie padeda abiems tapti laimingesniems ???? \u017dinome kaip nelengva i\u0161gyventi ma\u017eiems verslams, tad nuo \u0161iol, \u010dia rasite ir kit\u0173, ma\u017e\u0173 \u0161eim\u0173 versl\u0173, rank\u0173 darbo, dovan\u0173 sau ir artimiesiems.\",\"publisher\":{\"@id\":\"https:\/\/skaitytaknyga.lt\/#organization\"},\"potentialAction\":[{\"@type\":\"SearchAction\",\"target\":{\"@type\":\"EntryPoint\",\"urlTemplate\":\"https:\/\/skaitytaknyga.lt\/?s={search_term_string}\"},\"query-input\":{\"@type\":\"PropertyValueSpecification\",\"valueRequired\":true,\"valueName\":\"search_term_string\"}}],\"inLanguage\":\"en-GB\"},{\"@type\":\"Organization\",\"@id\":\"https:\/\/skaitytaknyga.lt\/#organization\",\"name\":\"skaitytaknyga.lt\",\"url\":\"https:\/\/skaitytaknyga.lt\/\",\"logo\":{\"@type\":\"ImageObject\",\"inLanguage\":\"en-GB\",\"@id\":\"https:\/\/skaitytaknyga.lt\/#\/schema\/logo\/image\/\",\"url\":\"https:\/\/skaitytaknyga.lt\/wp-content\/uploads\/2024\/05\/cropped-cropped-cropped-02_00843_jt3bggkj1j3HLc7SyY6rEUpg.jpeg\",\"contentUrl\":\"https:\/\/skaitytaknyga.lt\/wp-content\/uploads\/2024\/05\/cropped-cropped-cropped-02_00843_jt3bggkj1j3HLc7SyY6rEUpg.jpeg\",\"width\":1600,\"height\":1600,\"caption\":\"skaitytaknyga.lt\"},\"image\":{\"@id\":\"https:\/\/skaitytaknyga.lt\/#\/schema\/logo\/image\/\"},\"sameAs\":[\"https:\/\/www.facebook.com\/skaitytaknyga\/\"]}]}<\/script>\n<!-- \/ Yoast SEO plugin. -->","yoast_head_json":{"title":"Alfas Pak\u0117nas \u201eMetai su Pauliumi. Atsiminimai apie Pauli\u0173 \u0160irv\u012f\u201c","description":"Gars\u016bs ra\u0161ytojai, \u0161eimos nariai, vaikyst\u0117s ir jaunyst\u0117s draugai stilingai pasakoja apie poet\u0105 Pauli\u0173 \u0160irv\u012f, to meto visuomen\u0117s nuotaikas, XX a Vilni\u0173","robots":{"index":"index","follow":"follow","max-snippet":"max-snippet:-1","max-image-preview":"max-image-preview:large","max-video-preview":"max-video-preview:-1"},"canonical":"https:\/\/skaitytaknyga.lt\/en\/produktas\/alfas-pakenas-metai-su-pauliumi-atsiminimai-apie-pauliu-sirvi\/","og_locale":"en_GB","og_type":"article","og_title":"[:lt]Alfas Pak\u0117nas \u201eMetai su Pauliumi. Atsiminimai apie Pauli\u0173 \u0160irv\u012f\u201c[:] - Skaitytaknyga","og_description":"[:lt]Gars\u016bs ra\u0161ytojai, \u0161eimos nariai, vaikyst\u0117s ir jaunyst\u0117s draugai stilingai pasakoja apie poet\u0105 Pauli\u0173 \u0160irv\u012f, to meto visuomen\u0117s nuotaikas, XX a Vilni\u0173[:]","og_url":"https:\/\/skaitytaknyga.lt\/en\/produktas\/alfas-pakenas-metai-su-pauliumi-atsiminimai-apie-pauliu-sirvi\/","og_site_name":"Skaitytaknyga","article_publisher":"https:\/\/www.facebook.com\/skaitytaknyga\/","article_modified_time":"2024-08-28T18:55:00+00:00","og_image":[{"width":310,"height":430,"url":"https:\/\/skaitytaknyga.lt\/wp-content\/uploads\/2024\/05\/1527593895_IMG_0015.jpg","type":"image\/jpeg"}],"twitter_card":"summary_large_image","twitter_misc":{"Estimated reading time":"2 minutes"},"schema":{"@context":"https:\/\/schema.org","@graph":[{"@type":"WebPage","@id":"https:\/\/skaitytaknyga.lt\/produktas\/alfas-pakenas-metai-su-pauliumi-atsiminimai-apie-pauliu-sirvi\/","url":"https:\/\/skaitytaknyga.lt\/produktas\/alfas-pakenas-metai-su-pauliumi-atsiminimai-apie-pauliu-sirvi\/","name":"Alfas Pak\u0117nas \u201eMetai su Pauliumi. Atsiminimai apie Pauli\u0173 \u0160irv\u012f\u201c","isPartOf":{"@id":"https:\/\/skaitytaknyga.lt\/#website"},"primaryImageOfPage":{"@id":"https:\/\/skaitytaknyga.lt\/produktas\/alfas-pakenas-metai-su-pauliumi-atsiminimai-apie-pauliu-sirvi\/#primaryimage"},"image":{"@id":"https:\/\/skaitytaknyga.lt\/produktas\/alfas-pakenas-metai-su-pauliumi-atsiminimai-apie-pauliu-sirvi\/#primaryimage"},"thumbnailUrl":"https:\/\/skaitytaknyga.lt\/wp-content\/uploads\/2024\/05\/1527593895_IMG_0015.jpg","datePublished":"2024-05-02T13:21:30+00:00","dateModified":"2024-08-28T18:55:00+00:00","description":"Gars\u016bs ra\u0161ytojai, \u0161eimos nariai, vaikyst\u0117s ir jaunyst\u0117s draugai stilingai pasakoja apie poet\u0105 Pauli\u0173 \u0160irv\u012f, to meto visuomen\u0117s nuotaikas, XX a Vilni\u0173","breadcrumb":{"@id":"https:\/\/skaitytaknyga.lt\/produktas\/alfas-pakenas-metai-su-pauliumi-atsiminimai-apie-pauliu-sirvi\/#breadcrumb"},"inLanguage":"en-GB","potentialAction":[{"@type":"ReadAction","target":["https:\/\/skaitytaknyga.lt\/produktas\/alfas-pakenas-metai-su-pauliumi-atsiminimai-apie-pauliu-sirvi\/"]}]},{"@type":"ImageObject","inLanguage":"en-GB","@id":"https:\/\/skaitytaknyga.lt\/produktas\/alfas-pakenas-metai-su-pauliumi-atsiminimai-apie-pauliu-sirvi\/#primaryimage","url":"https:\/\/skaitytaknyga.lt\/wp-content\/uploads\/2024\/05\/1527593895_IMG_0015.jpg","contentUrl":"https:\/\/skaitytaknyga.lt\/wp-content\/uploads\/2024\/05\/1527593895_IMG_0015.jpg","width":310,"height":430,"caption":"Alfas Pak\u0117nas \u201eMetai su Pauliumi. Atsiminimai apie Pauli\u0173 \u0160irv\u012f\u201c"},{"@type":"BreadcrumbList","@id":"https:\/\/skaitytaknyga.lt\/produktas\/alfas-pakenas-metai-su-pauliumi-atsiminimai-apie-pauliu-sirvi\/#breadcrumb","itemListElement":[{"@type":"ListItem","position":1,"name":"Home","item":"https:\/\/skaitytaknyga.lt\/"},{"@type":"ListItem","position":2,"name":"Parduotuv\u0117","item":"https:\/\/skaitytaknyga.lt\/knygu-parduotuve\/"},{"@type":"ListItem","position":3,"name":"Alfas Pak\u0117nas \u201eMetai su Pauliumi. Atsiminimai apie Pauli\u0173 \u0160irv\u012f\u201c"}]},{"@type":"WebSite","@id":"https:\/\/skaitytaknyga.lt\/#website","url":"https:\/\/skaitytaknyga.lt\/","name":"skaitytaknyga.lt","description":"Skaitytaknyga.lt \u2013 tai ma\u017eas \u0161eimos verslas, kuris prasid\u0117jo nuo meil\u0117s knygoms ir siekio i\u0161gelb\u0117ti knygas nuo likimo prie konteinerio. Kas vienam nereikalingas daiktas \u2013 kitam lobis, o mes esame tarpininkai, kurie padeda abiems tapti laimingesniems ???? \u017dinome kaip nelengva i\u0161gyventi ma\u017eiems verslams, tad nuo \u0161iol, \u010dia rasite ir kit\u0173, ma\u017e\u0173 \u0161eim\u0173 versl\u0173, rank\u0173 darbo, dovan\u0173 sau ir artimiesiems.","publisher":{"@id":"https:\/\/skaitytaknyga.lt\/#organization"},"potentialAction":[{"@type":"SearchAction","target":{"@type":"EntryPoint","urlTemplate":"https:\/\/skaitytaknyga.lt\/?s={search_term_string}"},"query-input":{"@type":"PropertyValueSpecification","valueRequired":true,"valueName":"search_term_string"}}],"inLanguage":"en-GB"},{"@type":"Organization","@id":"https:\/\/skaitytaknyga.lt\/#organization","name":"skaitytaknyga.lt","url":"https:\/\/skaitytaknyga.lt\/","logo":{"@type":"ImageObject","inLanguage":"en-GB","@id":"https:\/\/skaitytaknyga.lt\/#\/schema\/logo\/image\/","url":"https:\/\/skaitytaknyga.lt\/wp-content\/uploads\/2024\/05\/cropped-cropped-cropped-02_00843_jt3bggkj1j3HLc7SyY6rEUpg.jpeg","contentUrl":"https:\/\/skaitytaknyga.lt\/wp-content\/uploads\/2024\/05\/cropped-cropped-cropped-02_00843_jt3bggkj1j3HLc7SyY6rEUpg.jpeg","width":1600,"height":1600,"caption":"skaitytaknyga.lt"},"image":{"@id":"https:\/\/skaitytaknyga.lt\/#\/schema\/logo\/image\/"},"sameAs":["https:\/\/www.facebook.com\/skaitytaknyga\/"]}]}},"_links":{"self":[{"href":"https:\/\/skaitytaknyga.lt\/en\/wp-json\/wp\/v2\/product\/6542","targetHints":{"allow":["GET"]}}],"collection":[{"href":"https:\/\/skaitytaknyga.lt\/en\/wp-json\/wp\/v2\/product"}],"about":[{"href":"https:\/\/skaitytaknyga.lt\/en\/wp-json\/wp\/v2\/types\/product"}],"replies":[{"embeddable":true,"href":"https:\/\/skaitytaknyga.lt\/en\/wp-json\/wp\/v2\/comments?post=6542"}],"wp:featuredmedia":[{"embeddable":true,"href":"https:\/\/skaitytaknyga.lt\/en\/wp-json\/wp\/v2\/media\/6556"}],"wp:attachment":[{"href":"https:\/\/skaitytaknyga.lt\/en\/wp-json\/wp\/v2\/media?parent=6542"}],"wp:term":[{"taxonomy":"product_brand","embeddable":true,"href":"https:\/\/skaitytaknyga.lt\/en\/wp-json\/wp\/v2\/product_brand?post=6542"},{"taxonomy":"product_cat","embeddable":true,"href":"https:\/\/skaitytaknyga.lt\/en\/wp-json\/wp\/v2\/product_cat?post=6542"},{"taxonomy":"product_tag","embeddable":true,"href":"https:\/\/skaitytaknyga.lt\/en\/wp-json\/wp\/v2\/product_tag?post=6542"}],"curies":[{"name":"wp","href":"https:\/\/api.w.org\/{rel}","templated":true}]}}