{"id":6541,"date":"2024-05-02T16:21:30","date_gmt":"2024-05-02T13:21:30","guid":{"rendered":"https:\/\/skaitytaknyga.lt\/?post_type=product&#038;p=6541"},"modified":"2025-05-15T10:20:23","modified_gmt":"2025-05-15T07:20:23","slug":"viktorija-daujotyte-justino-marcinkeviciaus-zeme","status":"publish","type":"product","link":"https:\/\/skaitytaknyga.lt\/en\/produktas\/viktorija-daujotyte-justino-marcinkeviciaus-zeme\/","title":{"rendered":"Justino Marcinkevi\u010diaus \u017eem\u0117"},"content":{"rendered":"<p>Viktorijos Daujotyt\u0117s knygoje &#8220;Justino Marcinkevi\u010diaus \u017eem\u0117, arba \u017dmogaus \u0161iapus&#8221; siekiama atskleisti Justino Marcinkevi\u010diaus asmens ir k\u016brybos vien\u012f, svarbi\u0105sias poetines reik\u0161mes sutelkiant \u012f gyvenim\u0105, \u012f klausimus, kuri\u0173 niekas negali i\u0161vengti. Daugiausia m\u0105stoma apie lyrik\u0105, joje girdint ir epini\u0173 prasmi\u0173 gausm\u0105. Naujai ry\u0161kinami tragi\u0161kieji poeto k\u016brybos bruo\u017eai. Bandoma pagr\u012fsti\u00a0<i>nacionalinio poeto<\/i>\u00a0samprat\u0105, siejant j\u0105 su tautos mentaline erdve.\u00a0<i>Ma\u017eosios formos<\/i>\u00a0interpretuojamos ir kaip poeto\u00a0<i>slaptasis atvirumas<\/i>, kaip gyvybinga prie\u0161tara, paradoksas.<\/p>\n<p>Knygoje spausdinami pokalbiai su Justinu Marcinkevi\u010diumi;\u00a0<i>kalb\u0117tasi<\/i>\u00a0ne d\u0117l pokalbio, o susitikus (ir telefonu), paprastai, nat\u016braliai, bet specialiai \u012fsid\u0117mint, \u012fsimenant svarbesnes pokalbi\u0173 gijas, mintis, jas atsargiai u\u017esira\u0161ant, persira\u0161ant.<\/p>\n<p>Baigiama vie\u0161omis kalbomis Justinui Marcinkevi\u010diui; kad likt\u0173 ry\u0161ys tarp to, kas kalb\u0117ta anks\u010diau ir kas kalbama dabar.<\/p>\n","protected":false},"excerpt":{"rendered":"<p>Viktorijos Daujotyt\u0117s knygoje &#8220;Justino Marcinkevi\u010diaus \u017eem\u0117, arba \u017dmogaus \u0161iapus&#8221; siekiama atskleisti Justino Marcinkevi\u010diaus asmens ir k\u016brybos vien\u012f, svarbi\u0105sias poetines reik\u0161mes sutelkiant \u012f gyvenim\u0105, \u012f klausimus, kuri\u0173 niekas negali i\u0161vengti. Daugiausia m\u0105stoma apie lyrik\u0105, joje girdint ir epini\u0173 prasmi\u0173 gausm\u0105. Naujai ry\u0161kinami tragi\u0161kieji poeto k\u016brybos bruo\u017eai. Bandoma pagr\u012fsti\u00a0<i>nacionalinio poeto<\/i>\u00a0samprat\u0105, siejant j\u0105 su tautos mentaline erdve.\u00a0<i>Ma\u017eosios formos<\/i>\u00a0interpretuojamos ir kaip poeto\u00a0<i>slaptasis atvirumas<\/i>, kaip gyvybinga prie\u0161tara, paradoksas.<\/p>\n<p>Knygoje spausdinami pokalbiai su Justinu Marcinkevi\u010diumi;\u00a0<i>kalb\u0117tasi<\/i>\u00a0ne d\u0117l pokalbio, o susitikus (ir telefonu), paprastai, nat\u016braliai, bet specialiai \u012fsid\u0117mint, \u012fsimenant svarbesnes pokalbi\u0173 gijas, mintis, jas atsargiai u\u017esira\u0161ant, persira\u0161ant.<\/p>\n<p>Baigiama vie\u0161omis kalbomis Justinui Marcinkevi\u010diui; kad likt\u0173 ry\u0161ys tarp to, kas kalb\u0117ta anks\u010diau ir kas kalbama dabar.<\/p>\n","protected":false},"featured_media":6555,"comment_status":"closed","ping_status":"closed","template":"","meta":{"_acf_changed":false,"site-sidebar-layout":"default","site-content-layout":"","ast-site-content-layout":"default","site-content-style":"default","site-sidebar-style":"default","ast-global-header-display":"","ast-banner-title-visibility":"","ast-main-header-display":"","ast-hfb-above-header-display":"","ast-hfb-below-header-display":"","ast-hfb-mobile-header-display":"","site-post-title":"","ast-breadcrumbs-content":"","ast-featured-img":"","footer-sml-layout":"","ast-disable-related-posts":"","theme-transparent-header-meta":"","adv-header-id-meta":"","stick-header-meta":"","header-above-stick-meta":"","header-main-stick-meta":"","header-below-stick-meta":"","astra-migrate-meta-layouts":"default","ast-page-background-enabled":"default","ast-page-background-meta":{"desktop":{"background-color":"","background-image":"","background-repeat":"repeat","background-position":"center center","background-size":"auto","background-attachment":"scroll","background-type":"","background-media":"","overlay-type":"","overlay-color":"","overlay-opacity":"","overlay-gradient":""},"tablet":{"background-color":"","background-image":"","background-repeat":"repeat","background-position":"center center","background-size":"auto","background-attachment":"scroll","background-type":"","background-media":"","overlay-type":"","overlay-color":"","overlay-opacity":"","overlay-gradient":""},"mobile":{"background-color":"","background-image":"","background-repeat":"repeat","background-position":"center center","background-size":"auto","background-attachment":"scroll","background-type":"","background-media":"","overlay-type":"","overlay-color":"","overlay-opacity":"","overlay-gradient":""}},"ast-content-background-meta":{"desktop":{"background-color":"var(--ast-global-color-4)","background-image":"","background-repeat":"repeat","background-position":"center center","background-size":"auto","background-attachment":"scroll","background-type":"","background-media":"","overlay-type":"","overlay-color":"","overlay-opacity":"","overlay-gradient":""},"tablet":{"background-color":"var(--ast-global-color-4)","background-image":"","background-repeat":"repeat","background-position":"center center","background-size":"auto","background-attachment":"scroll","background-type":"","background-media":"","overlay-type":"","overlay-color":"","overlay-opacity":"","overlay-gradient":""},"mobile":{"background-color":"var(--ast-global-color-4)","background-image":"","background-repeat":"repeat","background-position":"center center","background-size":"auto","background-attachment":"scroll","background-type":"","background-media":"","overlay-type":"","overlay-color":"","overlay-opacity":"","overlay-gradient":""}}},"product_brand":[],"product_cat":[33],"product_tag":[2970,2376,1492,1809,2969],"class_list":{"0":"post-6541","1":"product","2":"type-product","3":"status-publish","4":"has-post-thumbnail","6":"product_cat-biografijos","7":"product_tag-justinas-marcinkevicius","8":"product_tag-kultura","9":"product_tag-literatura","10":"product_tag-poezija","11":"product_tag-viktorija-daujotyte","12":"desktop-align-left","13":"tablet-align-left","14":"mobile-align-left","16":"first","17":"instock","18":"shipping-taxable","19":"purchasable","20":"product-type-simple"},"acf":[],"yoast_head":"<!-- This site is optimized with the Yoast SEO plugin v27.0 - https:\/\/yoast.com\/product\/yoast-seo-wordpress\/ -->\n<title>Justino Marcinkevi\u010diaus \u017eem\u0117<\/title>\n<meta name=\"description\" content=\"Viktorijos Daujotyt\u0117s knygoje &quot;Justino Marcinkevi\u010diaus \u017eem\u0117, arba \u017dmogaus \u0161iapus&quot; siekiama atskleisti Justino Marcinkevi\u010diaus asmens ir k\u016brybos vien\u012f, svarbi\u0105sias poetines reik\u0161mes sutelkiant \u012f gyvenim\u0105, \u012f klausimus, kuri\u0173 niekas negali i\u0161vengti. Daugiausia m\u0105stoma apie lyrik\u0105, joje girdint ir epini\u0173 prasmi\u0173 gausm\u0105. Naujai ry\u0161kinami tragi\u0161kieji poeto k\u016brybos bruo\u017eai. Bandoma pagr\u012fsti\u00a0nacionalinio poeto\u00a0samprat\u0105, siejant j\u0105 su tautos mentaline erdve.\u00a0Ma\u017eosios formos\u00a0interpretuojamos ir kaip poeto\u00a0slaptasis atvirumas, kaip gyvybinga prie\u0161tara, paradoksas.  Knygoje spausdinami pokalbiai su Justinu Marcinkevi\u010diumi;\u00a0kalb\u0117tasi\u00a0ne d\u0117l pokalbio, o susitikus (ir telefonu), paprastai, nat\u016braliai, bet specialiai \u012fsid\u0117mint, \u012fsimenant svarbesnes pokalbi\u0173 gijas, mintis, jas atsargiai u\u017esira\u0161ant, persira\u0161ant.  Baigiama vie\u0161omis kalbomis Justinui Marcinkevi\u010diui; kad likt\u0173 ry\u0161ys tarp to, kas kalb\u0117ta anks\u010diau ir kas kalbama dabar.\" \/>\n<meta name=\"robots\" content=\"index, follow, max-snippet:-1, max-image-preview:large, max-video-preview:-1\" \/>\n<link rel=\"canonical\" href=\"https:\/\/skaitytaknyga.lt\/en\/produktas\/viktorija-daujotyte-justino-marcinkeviciaus-zeme\/\" \/>\n<meta property=\"og:locale\" content=\"en_GB\" \/>\n<meta property=\"og:locale:alternate\" content=\"lt_LT\" \/>\n<meta property=\"og:type\" content=\"article\" \/>\n<meta property=\"og:title\" content=\"Justino Marcinkevi\u010diaus \u017eem\u0117\" \/>\n<meta property=\"og:description\" content=\"Viktorijos Daujotyt\u0117s knygoje &quot;Justino Marcinkevi\u010diaus \u017eem\u0117, arba \u017dmogaus \u0161iapus&quot; siekiama atskleisti Justino Marcinkevi\u010diaus asmens ir k\u016brybos vien\u012f, svarbi\u0105sias poetines reik\u0161mes sutelkiant \u012f gyvenim\u0105, \u012f klausimus, kuri\u0173 niekas negali i\u0161vengti. Daugiausia m\u0105stoma apie lyrik\u0105, joje girdint ir epini\u0173 prasmi\u0173 gausm\u0105. Naujai ry\u0161kinami tragi\u0161kieji poeto k\u016brybos bruo\u017eai. Bandoma pagr\u012fsti\u00a0nacionalinio poeto\u00a0samprat\u0105, siejant j\u0105 su tautos mentaline erdve.\u00a0Ma\u017eosios formos\u00a0interpretuojamos ir kaip poeto\u00a0slaptasis atvirumas, kaip gyvybinga prie\u0161tara, paradoksas.  Knygoje spausdinami pokalbiai su Justinu Marcinkevi\u010diumi;\u00a0kalb\u0117tasi\u00a0ne d\u0117l pokalbio, o susitikus (ir telefonu), paprastai, nat\u016braliai, bet specialiai \u012fsid\u0117mint, \u012fsimenant svarbesnes pokalbi\u0173 gijas, mintis, jas atsargiai u\u017esira\u0161ant, persira\u0161ant.  Baigiama vie\u0161omis kalbomis Justinui Marcinkevi\u010diui; kad likt\u0173 ry\u0161ys tarp to, kas kalb\u0117ta anks\u010diau ir kas kalbama dabar.\" \/>\n<meta property=\"og:url\" content=\"https:\/\/skaitytaknyga.lt\/en\/produktas\/viktorija-daujotyte-justino-marcinkeviciaus-zeme\/\" \/>\n<meta property=\"og:site_name\" content=\"Skaitytaknyga\" \/>\n<meta property=\"article:publisher\" content=\"https:\/\/www.facebook.com\/skaitytaknyga\/\" \/>\n<meta property=\"article:modified_time\" content=\"2025-05-15T07:20:23+00:00\" \/>\n<meta property=\"og:image\" content=\"https:\/\/skaitytaknyga.lt\/wp-content\/uploads\/2024\/05\/marcinkeviciauszeme.jpg\" \/>\n\t<meta property=\"og:image:width\" content=\"302\" \/>\n\t<meta property=\"og:image:height\" content=\"450\" \/>\n\t<meta property=\"og:image:type\" content=\"image\/jpeg\" \/>\n<meta name=\"twitter:card\" content=\"summary_large_image\" \/>\n<meta name=\"twitter:label1\" content=\"Estimated reading time\" \/>\n\t<meta name=\"twitter:data1\" content=\"1 minute\" \/>\n<script type=\"application\/ld+json\" class=\"yoast-schema-graph\">{\"@context\":\"https:\/\/schema.org\",\"@graph\":[{\"@type\":\"WebPage\",\"@id\":\"https:\/\/skaitytaknyga.lt\/produktas\/viktorija-daujotyte-justino-marcinkeviciaus-zeme\/\",\"url\":\"https:\/\/skaitytaknyga.lt\/produktas\/viktorija-daujotyte-justino-marcinkeviciaus-zeme\/\",\"name\":\"Justino Marcinkevi\u010diaus \u017eem\u0117\",\"isPartOf\":{\"@id\":\"https:\/\/skaitytaknyga.lt\/#website\"},\"primaryImageOfPage\":{\"@id\":\"https:\/\/skaitytaknyga.lt\/produktas\/viktorija-daujotyte-justino-marcinkeviciaus-zeme\/#primaryimage\"},\"image\":{\"@id\":\"https:\/\/skaitytaknyga.lt\/produktas\/viktorija-daujotyte-justino-marcinkeviciaus-zeme\/#primaryimage\"},\"thumbnailUrl\":\"https:\/\/skaitytaknyga.lt\/wp-content\/uploads\/2024\/05\/marcinkeviciauszeme.jpg\",\"datePublished\":\"2024-05-02T13:21:30+00:00\",\"dateModified\":\"2025-05-15T07:20:23+00:00\",\"description\":\"Viktorijos Daujotyt\u0117s knygoje \\\"Justino Marcinkevi\u010diaus \u017eem\u0117, arba \u017dmogaus \u0161iapus\\\" siekiama atskleisti Justino Marcinkevi\u010diaus asmens ir k\u016brybos vien\u012f, svarbi\u0105sias poetines reik\u0161mes sutelkiant \u012f gyvenim\u0105, \u012f klausimus, kuri\u0173 niekas negali i\u0161vengti. Daugiausia m\u0105stoma apie lyrik\u0105, joje girdint ir epini\u0173 prasmi\u0173 gausm\u0105. Naujai ry\u0161kinami tragi\u0161kieji poeto k\u016brybos bruo\u017eai. Bandoma pagr\u012fsti\u00a0nacionalinio poeto\u00a0samprat\u0105, siejant j\u0105 su tautos mentaline erdve.\u00a0Ma\u017eosios formos\u00a0interpretuojamos ir kaip poeto\u00a0slaptasis atvirumas, kaip gyvybinga prie\u0161tara, paradoksas. Knygoje spausdinami pokalbiai su Justinu Marcinkevi\u010diumi;\u00a0kalb\u0117tasi\u00a0ne d\u0117l pokalbio, o susitikus (ir telefonu), paprastai, nat\u016braliai, bet specialiai \u012fsid\u0117mint, \u012fsimenant svarbesnes pokalbi\u0173 gijas, mintis, jas atsargiai u\u017esira\u0161ant, persira\u0161ant. Baigiama vie\u0161omis kalbomis Justinui Marcinkevi\u010diui; kad likt\u0173 ry\u0161ys tarp to, kas kalb\u0117ta anks\u010diau ir kas kalbama dabar.\",\"breadcrumb\":{\"@id\":\"https:\/\/skaitytaknyga.lt\/produktas\/viktorija-daujotyte-justino-marcinkeviciaus-zeme\/#breadcrumb\"},\"inLanguage\":\"en-GB\",\"potentialAction\":[{\"@type\":\"ReadAction\",\"target\":[\"https:\/\/skaitytaknyga.lt\/produktas\/viktorija-daujotyte-justino-marcinkeviciaus-zeme\/\"]}]},{\"@type\":\"ImageObject\",\"inLanguage\":\"en-GB\",\"@id\":\"https:\/\/skaitytaknyga.lt\/produktas\/viktorija-daujotyte-justino-marcinkeviciaus-zeme\/#primaryimage\",\"url\":\"https:\/\/skaitytaknyga.lt\/wp-content\/uploads\/2024\/05\/marcinkeviciauszeme.jpg\",\"contentUrl\":\"https:\/\/skaitytaknyga.lt\/wp-content\/uploads\/2024\/05\/marcinkeviciauszeme.jpg\",\"width\":302,\"height\":450},{\"@type\":\"BreadcrumbList\",\"@id\":\"https:\/\/skaitytaknyga.lt\/produktas\/viktorija-daujotyte-justino-marcinkeviciaus-zeme\/#breadcrumb\",\"itemListElement\":[{\"@type\":\"ListItem\",\"position\":1,\"name\":\"Home\",\"item\":\"https:\/\/skaitytaknyga.lt\/\"},{\"@type\":\"ListItem\",\"position\":2,\"name\":\"Parduotuv\u0117\",\"item\":\"https:\/\/skaitytaknyga.lt\/knygu-parduotuve\/\"},{\"@type\":\"ListItem\",\"position\":3,\"name\":\"Justino Marcinkevi\u010diaus \u017eem\u0117\"}]},{\"@type\":\"WebSite\",\"@id\":\"https:\/\/skaitytaknyga.lt\/#website\",\"url\":\"https:\/\/skaitytaknyga.lt\/\",\"name\":\"skaitytaknyga.lt\",\"description\":\"Skaitytaknyga.lt \u2013 tai ma\u017eas \u0161eimos verslas, kuris prasid\u0117jo nuo meil\u0117s knygoms ir siekio i\u0161gelb\u0117ti knygas nuo likimo prie konteinerio. Kas vienam nereikalingas daiktas \u2013 kitam lobis, o mes esame tarpininkai, kurie padeda abiems tapti laimingesniems ???? \u017dinome kaip nelengva i\u0161gyventi ma\u017eiems verslams, tad nuo \u0161iol, \u010dia rasite ir kit\u0173, ma\u017e\u0173 \u0161eim\u0173 versl\u0173, rank\u0173 darbo, dovan\u0173 sau ir artimiesiems.\",\"publisher\":{\"@id\":\"https:\/\/skaitytaknyga.lt\/#organization\"},\"potentialAction\":[{\"@type\":\"SearchAction\",\"target\":{\"@type\":\"EntryPoint\",\"urlTemplate\":\"https:\/\/skaitytaknyga.lt\/?s={search_term_string}\"},\"query-input\":{\"@type\":\"PropertyValueSpecification\",\"valueRequired\":true,\"valueName\":\"search_term_string\"}}],\"inLanguage\":\"en-GB\"},{\"@type\":\"Organization\",\"@id\":\"https:\/\/skaitytaknyga.lt\/#organization\",\"name\":\"skaitytaknyga.lt\",\"url\":\"https:\/\/skaitytaknyga.lt\/\",\"logo\":{\"@type\":\"ImageObject\",\"inLanguage\":\"en-GB\",\"@id\":\"https:\/\/skaitytaknyga.lt\/#\/schema\/logo\/image\/\",\"url\":\"https:\/\/skaitytaknyga.lt\/wp-content\/uploads\/2024\/05\/cropped-cropped-cropped-02_00843_jt3bggkj1j3HLc7SyY6rEUpg.jpeg\",\"contentUrl\":\"https:\/\/skaitytaknyga.lt\/wp-content\/uploads\/2024\/05\/cropped-cropped-cropped-02_00843_jt3bggkj1j3HLc7SyY6rEUpg.jpeg\",\"width\":1600,\"height\":1600,\"caption\":\"skaitytaknyga.lt\"},\"image\":{\"@id\":\"https:\/\/skaitytaknyga.lt\/#\/schema\/logo\/image\/\"},\"sameAs\":[\"https:\/\/www.facebook.com\/skaitytaknyga\/\"]}]}<\/script>\n<!-- \/ Yoast SEO plugin. -->","yoast_head_json":{"title":"Justino Marcinkevi\u010diaus \u017eem\u0117","description":"Viktorijos Daujotyt\u0117s knygoje \"Justino Marcinkevi\u010diaus \u017eem\u0117, arba \u017dmogaus \u0161iapus\" siekiama atskleisti Justino Marcinkevi\u010diaus asmens ir k\u016brybos vien\u012f, svarbi\u0105sias poetines reik\u0161mes sutelkiant \u012f gyvenim\u0105, \u012f klausimus, kuri\u0173 niekas negali i\u0161vengti. Daugiausia m\u0105stoma apie lyrik\u0105, joje girdint ir epini\u0173 prasmi\u0173 gausm\u0105. Naujai ry\u0161kinami tragi\u0161kieji poeto k\u016brybos bruo\u017eai. Bandoma pagr\u012fsti\u00a0nacionalinio poeto\u00a0samprat\u0105, siejant j\u0105 su tautos mentaline erdve.\u00a0Ma\u017eosios formos\u00a0interpretuojamos ir kaip poeto\u00a0slaptasis atvirumas, kaip gyvybinga prie\u0161tara, paradoksas.  Knygoje spausdinami pokalbiai su Justinu Marcinkevi\u010diumi;\u00a0kalb\u0117tasi\u00a0ne d\u0117l pokalbio, o susitikus (ir telefonu), paprastai, nat\u016braliai, bet specialiai \u012fsid\u0117mint, \u012fsimenant svarbesnes pokalbi\u0173 gijas, mintis, jas atsargiai u\u017esira\u0161ant, persira\u0161ant.  Baigiama vie\u0161omis kalbomis Justinui Marcinkevi\u010diui; kad likt\u0173 ry\u0161ys tarp to, kas kalb\u0117ta anks\u010diau ir kas kalbama dabar.","robots":{"index":"index","follow":"follow","max-snippet":"max-snippet:-1","max-image-preview":"max-image-preview:large","max-video-preview":"max-video-preview:-1"},"canonical":"https:\/\/skaitytaknyga.lt\/en\/produktas\/viktorija-daujotyte-justino-marcinkeviciaus-zeme\/","og_locale":"en_GB","og_type":"article","og_title":"[:lt]Justino Marcinkevi\u010diaus \u017eem\u0117[:] - Skaitytaknyga","og_description":"Viktorijos Daujotyt\u0117s knygoje \"Justino Marcinkevi\u010diaus \u017eem\u0117, arba \u017dmogaus \u0161iapus\" siekiama atskleisti Justino Marcinkevi\u010diaus asmens ir k\u016brybos vien\u012f, svarbi\u0105sias poetines reik\u0161mes sutelkiant \u012f gyvenim\u0105, \u012f klausimus, kuri\u0173 niekas negali i\u0161vengti. Daugiausia m\u0105stoma apie lyrik\u0105, joje girdint ir epini\u0173 prasmi\u0173 gausm\u0105. Naujai ry\u0161kinami tragi\u0161kieji poeto k\u016brybos bruo\u017eai. Bandoma pagr\u012fsti\u00a0nacionalinio poeto\u00a0samprat\u0105, siejant j\u0105 su tautos mentaline erdve.\u00a0Ma\u017eosios formos\u00a0interpretuojamos ir kaip poeto\u00a0slaptasis atvirumas, kaip gyvybinga prie\u0161tara, paradoksas.  Knygoje spausdinami pokalbiai su Justinu Marcinkevi\u010diumi;\u00a0kalb\u0117tasi\u00a0ne d\u0117l pokalbio, o susitikus (ir telefonu), paprastai, nat\u016braliai, bet specialiai \u012fsid\u0117mint, \u012fsimenant svarbesnes pokalbi\u0173 gijas, mintis, jas atsargiai u\u017esira\u0161ant, persira\u0161ant.  Baigiama vie\u0161omis kalbomis Justinui Marcinkevi\u010diui; kad likt\u0173 ry\u0161ys tarp to, kas kalb\u0117ta anks\u010diau ir kas kalbama dabar.","og_url":"https:\/\/skaitytaknyga.lt\/en\/produktas\/viktorija-daujotyte-justino-marcinkeviciaus-zeme\/","og_site_name":"Skaitytaknyga","article_publisher":"https:\/\/www.facebook.com\/skaitytaknyga\/","article_modified_time":"2025-05-15T07:20:23+00:00","og_image":[{"width":302,"height":450,"url":"https:\/\/skaitytaknyga.lt\/wp-content\/uploads\/2024\/05\/marcinkeviciauszeme.jpg","type":"image\/jpeg"}],"twitter_card":"summary_large_image","twitter_misc":{"Estimated reading time":"1 minute"},"schema":{"@context":"https:\/\/schema.org","@graph":[{"@type":"WebPage","@id":"https:\/\/skaitytaknyga.lt\/produktas\/viktorija-daujotyte-justino-marcinkeviciaus-zeme\/","url":"https:\/\/skaitytaknyga.lt\/produktas\/viktorija-daujotyte-justino-marcinkeviciaus-zeme\/","name":"Justino Marcinkevi\u010diaus \u017eem\u0117","isPartOf":{"@id":"https:\/\/skaitytaknyga.lt\/#website"},"primaryImageOfPage":{"@id":"https:\/\/skaitytaknyga.lt\/produktas\/viktorija-daujotyte-justino-marcinkeviciaus-zeme\/#primaryimage"},"image":{"@id":"https:\/\/skaitytaknyga.lt\/produktas\/viktorija-daujotyte-justino-marcinkeviciaus-zeme\/#primaryimage"},"thumbnailUrl":"https:\/\/skaitytaknyga.lt\/wp-content\/uploads\/2024\/05\/marcinkeviciauszeme.jpg","datePublished":"2024-05-02T13:21:30+00:00","dateModified":"2025-05-15T07:20:23+00:00","description":"Viktorijos Daujotyt\u0117s knygoje \"Justino Marcinkevi\u010diaus \u017eem\u0117, arba \u017dmogaus \u0161iapus\" siekiama atskleisti Justino Marcinkevi\u010diaus asmens ir k\u016brybos vien\u012f, svarbi\u0105sias poetines reik\u0161mes sutelkiant \u012f gyvenim\u0105, \u012f klausimus, kuri\u0173 niekas negali i\u0161vengti. Daugiausia m\u0105stoma apie lyrik\u0105, joje girdint ir epini\u0173 prasmi\u0173 gausm\u0105. Naujai ry\u0161kinami tragi\u0161kieji poeto k\u016brybos bruo\u017eai. Bandoma pagr\u012fsti\u00a0nacionalinio poeto\u00a0samprat\u0105, siejant j\u0105 su tautos mentaline erdve.\u00a0Ma\u017eosios formos\u00a0interpretuojamos ir kaip poeto\u00a0slaptasis atvirumas, kaip gyvybinga prie\u0161tara, paradoksas. Knygoje spausdinami pokalbiai su Justinu Marcinkevi\u010diumi;\u00a0kalb\u0117tasi\u00a0ne d\u0117l pokalbio, o susitikus (ir telefonu), paprastai, nat\u016braliai, bet specialiai \u012fsid\u0117mint, \u012fsimenant svarbesnes pokalbi\u0173 gijas, mintis, jas atsargiai u\u017esira\u0161ant, persira\u0161ant. Baigiama vie\u0161omis kalbomis Justinui Marcinkevi\u010diui; kad likt\u0173 ry\u0161ys tarp to, kas kalb\u0117ta anks\u010diau ir kas kalbama dabar.","breadcrumb":{"@id":"https:\/\/skaitytaknyga.lt\/produktas\/viktorija-daujotyte-justino-marcinkeviciaus-zeme\/#breadcrumb"},"inLanguage":"en-GB","potentialAction":[{"@type":"ReadAction","target":["https:\/\/skaitytaknyga.lt\/produktas\/viktorija-daujotyte-justino-marcinkeviciaus-zeme\/"]}]},{"@type":"ImageObject","inLanguage":"en-GB","@id":"https:\/\/skaitytaknyga.lt\/produktas\/viktorija-daujotyte-justino-marcinkeviciaus-zeme\/#primaryimage","url":"https:\/\/skaitytaknyga.lt\/wp-content\/uploads\/2024\/05\/marcinkeviciauszeme.jpg","contentUrl":"https:\/\/skaitytaknyga.lt\/wp-content\/uploads\/2024\/05\/marcinkeviciauszeme.jpg","width":302,"height":450},{"@type":"BreadcrumbList","@id":"https:\/\/skaitytaknyga.lt\/produktas\/viktorija-daujotyte-justino-marcinkeviciaus-zeme\/#breadcrumb","itemListElement":[{"@type":"ListItem","position":1,"name":"Home","item":"https:\/\/skaitytaknyga.lt\/"},{"@type":"ListItem","position":2,"name":"Parduotuv\u0117","item":"https:\/\/skaitytaknyga.lt\/knygu-parduotuve\/"},{"@type":"ListItem","position":3,"name":"Justino Marcinkevi\u010diaus \u017eem\u0117"}]},{"@type":"WebSite","@id":"https:\/\/skaitytaknyga.lt\/#website","url":"https:\/\/skaitytaknyga.lt\/","name":"skaitytaknyga.lt","description":"Skaitytaknyga.lt \u2013 tai ma\u017eas \u0161eimos verslas, kuris prasid\u0117jo nuo meil\u0117s knygoms ir siekio i\u0161gelb\u0117ti knygas nuo likimo prie konteinerio. Kas vienam nereikalingas daiktas \u2013 kitam lobis, o mes esame tarpininkai, kurie padeda abiems tapti laimingesniems ???? \u017dinome kaip nelengva i\u0161gyventi ma\u017eiems verslams, tad nuo \u0161iol, \u010dia rasite ir kit\u0173, ma\u017e\u0173 \u0161eim\u0173 versl\u0173, rank\u0173 darbo, dovan\u0173 sau ir artimiesiems.","publisher":{"@id":"https:\/\/skaitytaknyga.lt\/#organization"},"potentialAction":[{"@type":"SearchAction","target":{"@type":"EntryPoint","urlTemplate":"https:\/\/skaitytaknyga.lt\/?s={search_term_string}"},"query-input":{"@type":"PropertyValueSpecification","valueRequired":true,"valueName":"search_term_string"}}],"inLanguage":"en-GB"},{"@type":"Organization","@id":"https:\/\/skaitytaknyga.lt\/#organization","name":"skaitytaknyga.lt","url":"https:\/\/skaitytaknyga.lt\/","logo":{"@type":"ImageObject","inLanguage":"en-GB","@id":"https:\/\/skaitytaknyga.lt\/#\/schema\/logo\/image\/","url":"https:\/\/skaitytaknyga.lt\/wp-content\/uploads\/2024\/05\/cropped-cropped-cropped-02_00843_jt3bggkj1j3HLc7SyY6rEUpg.jpeg","contentUrl":"https:\/\/skaitytaknyga.lt\/wp-content\/uploads\/2024\/05\/cropped-cropped-cropped-02_00843_jt3bggkj1j3HLc7SyY6rEUpg.jpeg","width":1600,"height":1600,"caption":"skaitytaknyga.lt"},"image":{"@id":"https:\/\/skaitytaknyga.lt\/#\/schema\/logo\/image\/"},"sameAs":["https:\/\/www.facebook.com\/skaitytaknyga\/"]}]}},"_links":{"self":[{"href":"https:\/\/skaitytaknyga.lt\/en\/wp-json\/wp\/v2\/product\/6541","targetHints":{"allow":["GET"]}}],"collection":[{"href":"https:\/\/skaitytaknyga.lt\/en\/wp-json\/wp\/v2\/product"}],"about":[{"href":"https:\/\/skaitytaknyga.lt\/en\/wp-json\/wp\/v2\/types\/product"}],"replies":[{"embeddable":true,"href":"https:\/\/skaitytaknyga.lt\/en\/wp-json\/wp\/v2\/comments?post=6541"}],"wp:featuredmedia":[{"embeddable":true,"href":"https:\/\/skaitytaknyga.lt\/en\/wp-json\/wp\/v2\/media\/6555"}],"wp:attachment":[{"href":"https:\/\/skaitytaknyga.lt\/en\/wp-json\/wp\/v2\/media?parent=6541"}],"wp:term":[{"taxonomy":"product_brand","embeddable":true,"href":"https:\/\/skaitytaknyga.lt\/en\/wp-json\/wp\/v2\/product_brand?post=6541"},{"taxonomy":"product_cat","embeddable":true,"href":"https:\/\/skaitytaknyga.lt\/en\/wp-json\/wp\/v2\/product_cat?post=6541"},{"taxonomy":"product_tag","embeddable":true,"href":"https:\/\/skaitytaknyga.lt\/en\/wp-json\/wp\/v2\/product_tag?post=6541"}],"curies":[{"name":"wp","href":"https:\/\/api.w.org\/{rel}","templated":true}]}}