{"id":6540,"date":"2024-05-02T13:21:30","date_gmt":"2024-05-02T13:21:30","guid":{"rendered":"https:\/\/skaitytaknyga.lt\/?post_type=product&#038;p=6540"},"modified":"2025-06-26T16:10:08","modified_gmt":"2025-06-26T13:10:08","slug":"rimas-tuminas-teatras-tikresnis-uz-gyvenima-yra-nedideliu-defektu","status":"publish","type":"product","link":"https:\/\/skaitytaknyga.lt\/en\/produktas\/rimas-tuminas-teatras-tikresnis-uz-gyvenima-yra-nedideliu-defektu\/","title":{"rendered":"Rimas Tuminas: teatras, tikresnis u\u017e gyvenim\u0105 (yra nedideli\u0173 defekt\u0173)"},"content":{"rendered":"<div class=\"book-descript-wrapper\">\n<section class=\"product-descript more-content-wrapper\">\n<div class=\"\">\n<p>Re\u017eisieriaus Rimo Tumino, kaip tikro romantiko, teatras gimsta \u017eaidime ir i\u0161 \u017eaidimo. \u017daisti jis kvie\u010dia ir mus, \u017ei\u016brovus. \u0160i knyga \u2013 tai bandymas atskleisti \u017eaid\u017eian\u010dio Rimo Tumino teatro paslapt\u012f, malonum\u0105 ir prasm\u0119.<\/p>\n<p><i>&#8220;A\u0161 tikiu, kad esu gim\u0119s ne \u0161iaip sau, o i\u0161 meil\u0117s, manau, kad aktorius \u2013 taip pat. Idealas man \u2013 laisvas \u017emogus teatre, scenoje. Noriu, kad \u017ei\u016brovas, u\u017euot pasak\u0119s &#8220;a\u0161 ma\u010diau ger\u0105 spektakl\u012f&#8221;, pasakyt\u0173 \u2013 &#8220;a\u0161 ma\u010diau laisvus \u017emones&#8221;.<\/i><br \/>\nRimas Tuminas<\/p>\n<p>Knygos autor\u0117 Ramun\u0117 Balevi\u010di\u016bt\u0117 yra teatrolog\u0117, humanitarini\u0173 moksl\u0173 daktar\u0117, Lietuvos muzikos ir teatro akademijos d\u0117stytoja. Apie de\u0161imtmet\u012f dirbo Vilniaus ma\u017eajame teatre literat\u016brin\u0117s dalies ved\u0117ja.<\/p>\n<\/div>\n<\/section>\n<\/div>\n","protected":false},"excerpt":{"rendered":"<div class=\"book-descript-wrapper\">\n<section class=\"product-descript more-content-wrapper\">\n<div class=\"\">\n<p>Re\u017eisieriaus Rimo Tumino, kaip tikro romantiko, teatras gimsta \u017eaidime ir i\u0161 \u017eaidimo. \u017daisti jis kvie\u010dia ir mus, \u017ei\u016brovus. \u0160i knyga \u2013 tai bandymas atskleisti \u017eaid\u017eian\u010dio Rimo Tumino teatro paslapt\u012f, malonum\u0105 ir prasm\u0119.<\/p>\n<p><i>&#8220;A\u0161 tikiu, kad esu gim\u0119s ne \u0161iaip sau, o i\u0161 meil\u0117s, manau, kad aktorius \u2013 taip pat. Idealas man \u2013 laisvas \u017emogus teatre, scenoje. Noriu, kad \u017ei\u016brovas, u\u017euot pasak\u0119s &#8220;a\u0161 ma\u010diau ger\u0105 spektakl\u012f&#8221;, pasakyt\u0173 \u2013 &#8220;a\u0161 ma\u010diau laisvus \u017emones&#8221;.<\/i><br \/>\nRimas Tuminas<\/p>\n<p>Knygos autor\u0117 Ramun\u0117 Balevi\u010di\u016bt\u0117 yra teatrolog\u0117, humanitarini\u0173 moksl\u0173 daktar\u0117, Lietuvos muzikos ir teatro akademijos d\u0117stytoja. Apie de\u0161imtmet\u012f dirbo Vilniaus ma\u017eajame teatre literat\u016brin\u0117s dalies ved\u0117ja.<\/p>\n<\/div>\n<\/section>\n<\/div>\n","protected":false},"featured_media":6554,"comment_status":"closed","ping_status":"closed","template":"","meta":{"_acf_changed":false,"site-sidebar-layout":"default","site-content-layout":"","ast-site-content-layout":"default","site-content-style":"default","site-sidebar-style":"default","ast-global-header-display":"","ast-banner-title-visibility":"","ast-main-header-display":"","ast-hfb-above-header-display":"","ast-hfb-below-header-display":"","ast-hfb-mobile-header-display":"","site-post-title":"","ast-breadcrumbs-content":"","ast-featured-img":"","footer-sml-layout":"","ast-disable-related-posts":"","theme-transparent-header-meta":"","adv-header-id-meta":"","stick-header-meta":"","header-above-stick-meta":"","header-main-stick-meta":"","header-below-stick-meta":"","astra-migrate-meta-layouts":"default","ast-page-background-enabled":"default","ast-page-background-meta":{"desktop":{"background-color":"","background-image":"","background-repeat":"repeat","background-position":"center center","background-size":"auto","background-attachment":"scroll","background-type":"","background-media":"","overlay-type":"","overlay-color":"","overlay-opacity":"","overlay-gradient":""},"tablet":{"background-color":"","background-image":"","background-repeat":"repeat","background-position":"center center","background-size":"auto","background-attachment":"scroll","background-type":"","background-media":"","overlay-type":"","overlay-color":"","overlay-opacity":"","overlay-gradient":""},"mobile":{"background-color":"","background-image":"","background-repeat":"repeat","background-position":"center center","background-size":"auto","background-attachment":"scroll","background-type":"","background-media":"","overlay-type":"","overlay-color":"","overlay-opacity":"","overlay-gradient":""}},"ast-content-background-meta":{"desktop":{"background-color":"var(--ast-global-color-4)","background-image":"","background-repeat":"repeat","background-position":"center center","background-size":"auto","background-attachment":"scroll","background-type":"","background-media":"","overlay-type":"","overlay-color":"","overlay-opacity":"","overlay-gradient":""},"tablet":{"background-color":"var(--ast-global-color-4)","background-image":"","background-repeat":"repeat","background-position":"center center","background-size":"auto","background-attachment":"scroll","background-type":"","background-media":"","overlay-type":"","overlay-color":"","overlay-opacity":"","overlay-gradient":""},"mobile":{"background-color":"var(--ast-global-color-4)","background-image":"","background-repeat":"repeat","background-position":"center center","background-size":"auto","background-attachment":"scroll","background-type":"","background-media":"","overlay-type":"","overlay-color":"","overlay-opacity":"","overlay-gradient":""}}},"product_brand":[],"product_cat":[33,57],"product_tag":[5996,5999,5998,3002,5997],"class_list":{"0":"post-6540","1":"product","2":"type-product","3":"status-publish","4":"has-post-thumbnail","6":"product_cat-biografijos","7":"product_cat-menas-ir-albumai","8":"product_tag-ramune-baleviciute","9":"product_tag-rezisura","10":"product_tag-rimas-tuminas","11":"product_tag-teatras","12":"product_tag-teatrologija","13":"desktop-align-left","14":"tablet-align-left","15":"mobile-align-left","17":"first","18":"instock","19":"shipping-taxable","20":"purchasable","21":"product-type-simple"},"acf":[],"yoast_head":"<!-- This site is optimized with the Yoast SEO plugin v27.0 - https:\/\/yoast.com\/product\/yoast-seo-wordpress\/ -->\n<title>Rimas Tuminas: teatras, tikresnis u\u017e gyvenim\u0105 (yra nedideli\u0173 defekt\u0173) - Skaitytaknyga<\/title>\n<meta name=\"description\" content=\"Re\u017eisieriaus Rimo Tumino, kaip tikro romantiko, teatras gimsta \u017eaidime ir i\u0161 \u017eaidimo. \u017daisti jis kvie\u010dia ir mus, \u017ei\u016brovus. \u0160i knyga \u2013 tai bandymas atskleisti \u017eaid\u017eian\u010dio Rimo Tumino teatro paslapt\u012f, malonum\u0105 ir prasm\u0119.  &quot;A\u0161 tikiu, kad esu gim\u0119s ne \u0161iaip sau, o i\u0161 meil\u0117s, manau, kad aktorius \u2013 taip pat. Idealas man \u2013 laisvas \u017emogus teatre, scenoje. Noriu, kad \u017ei\u016brovas, u\u017euot pasak\u0119s &quot;a\u0161 ma\u010diau ger\u0105 spektakl\u012f&quot;, pasakyt\u0173 \u2013 &quot;a\u0161 ma\u010diau laisvus \u017emones&quot;. Rimas Tuminas  Knygos autor\u0117 Ramun\u0117 Balevi\u010di\u016bt\u0117 yra teatrolog\u0117, humanitarini\u0173 moksl\u0173 daktar\u0117, Lietuvos muzikos ir teatro akademijos d\u0117stytoja. Apie de\u0161imtmet\u012f dirbo Vilniaus ma\u017eajame teatre literat\u016brin\u0117s dalies ved\u0117ja.\" \/>\n<meta name=\"robots\" content=\"index, follow, max-snippet:-1, max-image-preview:large, max-video-preview:-1\" \/>\n<link rel=\"canonical\" href=\"https:\/\/skaitytaknyga.lt\/en\/produktas\/rimas-tuminas-teatras-tikresnis-uz-gyvenima-yra-nedideliu-defektu\/\" \/>\n<meta property=\"og:locale\" content=\"en_GB\" \/>\n<meta property=\"og:locale:alternate\" content=\"lt_LT\" \/>\n<meta property=\"og:type\" content=\"article\" \/>\n<meta property=\"og:title\" content=\"Rimas Tuminas: teatras, tikresnis u\u017e gyvenim\u0105 (yra nedideli\u0173 defekt\u0173) - Skaitytaknyga\" \/>\n<meta property=\"og:description\" content=\"Re\u017eisieriaus Rimo Tumino, kaip tikro romantiko, teatras gimsta \u017eaidime ir i\u0161 \u017eaidimo. \u017daisti jis kvie\u010dia ir mus, \u017ei\u016brovus. \u0160i knyga \u2013 tai bandymas atskleisti \u017eaid\u017eian\u010dio Rimo Tumino teatro paslapt\u012f, malonum\u0105 ir prasm\u0119.  &quot;A\u0161 tikiu, kad esu gim\u0119s ne \u0161iaip sau, o i\u0161 meil\u0117s, manau, kad aktorius \u2013 taip pat. Idealas man \u2013 laisvas \u017emogus teatre, scenoje. Noriu, kad \u017ei\u016brovas, u\u017euot pasak\u0119s &quot;a\u0161 ma\u010diau ger\u0105 spektakl\u012f&quot;, pasakyt\u0173 \u2013 &quot;a\u0161 ma\u010diau laisvus \u017emones&quot;. Rimas Tuminas  Knygos autor\u0117 Ramun\u0117 Balevi\u010di\u016bt\u0117 yra teatrolog\u0117, humanitarini\u0173 moksl\u0173 daktar\u0117, Lietuvos muzikos ir teatro akademijos d\u0117stytoja. Apie de\u0161imtmet\u012f dirbo Vilniaus ma\u017eajame teatre literat\u016brin\u0117s dalies ved\u0117ja.\" \/>\n<meta property=\"og:url\" content=\"https:\/\/skaitytaknyga.lt\/en\/produktas\/rimas-tuminas-teatras-tikresnis-uz-gyvenima-yra-nedideliu-defektu\/\" \/>\n<meta property=\"og:site_name\" content=\"Skaitytaknyga\" \/>\n<meta property=\"article:publisher\" content=\"https:\/\/www.facebook.com\/skaitytaknyga\/\" \/>\n<meta property=\"article:modified_time\" content=\"2025-06-26T13:10:08+00:00\" \/>\n<meta property=\"og:image\" content=\"https:\/\/skaitytaknyga.lt\/wp-content\/uploads\/2024\/05\/rimastuminas.jpg\" \/>\n\t<meta property=\"og:image:width\" content=\"450\" \/>\n\t<meta property=\"og:image:height\" content=\"450\" \/>\n\t<meta property=\"og:image:type\" content=\"image\/jpeg\" \/>\n<meta name=\"twitter:card\" content=\"summary_large_image\" \/>\n<meta name=\"twitter:label1\" content=\"Estimated reading time\" \/>\n\t<meta name=\"twitter:data1\" content=\"1 minute\" \/>\n<script type=\"application\/ld+json\" class=\"yoast-schema-graph\">{\"@context\":\"https:\/\/schema.org\",\"@graph\":[{\"@type\":\"WebPage\",\"@id\":\"https:\/\/skaitytaknyga.lt\/produktas\/rimas-tuminas-teatras-tikresnis-uz-gyvenima-yra-nedideliu-defektu\/\",\"url\":\"https:\/\/skaitytaknyga.lt\/produktas\/rimas-tuminas-teatras-tikresnis-uz-gyvenima-yra-nedideliu-defektu\/\",\"name\":\"Rimas Tuminas: teatras, tikresnis u\u017e gyvenim\u0105 (yra nedideli\u0173 defekt\u0173) - Skaitytaknyga\",\"isPartOf\":{\"@id\":\"https:\/\/skaitytaknyga.lt\/#website\"},\"primaryImageOfPage\":{\"@id\":\"https:\/\/skaitytaknyga.lt\/produktas\/rimas-tuminas-teatras-tikresnis-uz-gyvenima-yra-nedideliu-defektu\/#primaryimage\"},\"image\":{\"@id\":\"https:\/\/skaitytaknyga.lt\/produktas\/rimas-tuminas-teatras-tikresnis-uz-gyvenima-yra-nedideliu-defektu\/#primaryimage\"},\"thumbnailUrl\":\"https:\/\/skaitytaknyga.lt\/wp-content\/uploads\/2024\/05\/rimastuminas.jpg\",\"datePublished\":\"2024-05-02T13:21:30+00:00\",\"dateModified\":\"2025-06-26T13:10:08+00:00\",\"description\":\"Re\u017eisieriaus Rimo Tumino, kaip tikro romantiko, teatras gimsta \u017eaidime ir i\u0161 \u017eaidimo. \u017daisti jis kvie\u010dia ir mus, \u017ei\u016brovus. \u0160i knyga \u2013 tai bandymas atskleisti \u017eaid\u017eian\u010dio Rimo Tumino teatro paslapt\u012f, malonum\u0105 ir prasm\u0119. \\\"A\u0161 tikiu, kad esu gim\u0119s ne \u0161iaip sau, o i\u0161 meil\u0117s, manau, kad aktorius \u2013 taip pat. Idealas man \u2013 laisvas \u017emogus teatre, scenoje. Noriu, kad \u017ei\u016brovas, u\u017euot pasak\u0119s \\\"a\u0161 ma\u010diau ger\u0105 spektakl\u012f\\\", pasakyt\u0173 \u2013 \\\"a\u0161 ma\u010diau laisvus \u017emones\\\". Rimas Tuminas Knygos autor\u0117 Ramun\u0117 Balevi\u010di\u016bt\u0117 yra teatrolog\u0117, humanitarini\u0173 moksl\u0173 daktar\u0117, Lietuvos muzikos ir teatro akademijos d\u0117stytoja. Apie de\u0161imtmet\u012f dirbo Vilniaus ma\u017eajame teatre literat\u016brin\u0117s dalies ved\u0117ja.\",\"breadcrumb\":{\"@id\":\"https:\/\/skaitytaknyga.lt\/produktas\/rimas-tuminas-teatras-tikresnis-uz-gyvenima-yra-nedideliu-defektu\/#breadcrumb\"},\"inLanguage\":\"en-GB\",\"potentialAction\":[{\"@type\":\"ReadAction\",\"target\":[\"https:\/\/skaitytaknyga.lt\/produktas\/rimas-tuminas-teatras-tikresnis-uz-gyvenima-yra-nedideliu-defektu\/\"]}]},{\"@type\":\"ImageObject\",\"inLanguage\":\"en-GB\",\"@id\":\"https:\/\/skaitytaknyga.lt\/produktas\/rimas-tuminas-teatras-tikresnis-uz-gyvenima-yra-nedideliu-defektu\/#primaryimage\",\"url\":\"https:\/\/skaitytaknyga.lt\/wp-content\/uploads\/2024\/05\/rimastuminas.jpg\",\"contentUrl\":\"https:\/\/skaitytaknyga.lt\/wp-content\/uploads\/2024\/05\/rimastuminas.jpg\",\"width\":450,\"height\":450},{\"@type\":\"BreadcrumbList\",\"@id\":\"https:\/\/skaitytaknyga.lt\/produktas\/rimas-tuminas-teatras-tikresnis-uz-gyvenima-yra-nedideliu-defektu\/#breadcrumb\",\"itemListElement\":[{\"@type\":\"ListItem\",\"position\":1,\"name\":\"Home\",\"item\":\"https:\/\/skaitytaknyga.lt\/\"},{\"@type\":\"ListItem\",\"position\":2,\"name\":\"Parduotuv\u0117\",\"item\":\"https:\/\/skaitytaknyga.lt\/knygu-parduotuve\/\"},{\"@type\":\"ListItem\",\"position\":3,\"name\":\"Rimas Tuminas: teatras, tikresnis u\u017e gyvenim\u0105 (yra nedideli\u0173 defekt\u0173)\"}]},{\"@type\":\"WebSite\",\"@id\":\"https:\/\/skaitytaknyga.lt\/#website\",\"url\":\"https:\/\/skaitytaknyga.lt\/\",\"name\":\"skaitytaknyga.lt\",\"description\":\"Skaitytaknyga.lt \u2013 tai ma\u017eas \u0161eimos verslas, kuris prasid\u0117jo nuo meil\u0117s knygoms ir siekio i\u0161gelb\u0117ti knygas nuo likimo prie konteinerio. Kas vienam nereikalingas daiktas \u2013 kitam lobis, o mes esame tarpininkai, kurie padeda abiems tapti laimingesniems ???? \u017dinome kaip nelengva i\u0161gyventi ma\u017eiems verslams, tad nuo \u0161iol, \u010dia rasite ir kit\u0173, ma\u017e\u0173 \u0161eim\u0173 versl\u0173, rank\u0173 darbo, dovan\u0173 sau ir artimiesiems.\",\"publisher\":{\"@id\":\"https:\/\/skaitytaknyga.lt\/#organization\"},\"potentialAction\":[{\"@type\":\"SearchAction\",\"target\":{\"@type\":\"EntryPoint\",\"urlTemplate\":\"https:\/\/skaitytaknyga.lt\/?s={search_term_string}\"},\"query-input\":{\"@type\":\"PropertyValueSpecification\",\"valueRequired\":true,\"valueName\":\"search_term_string\"}}],\"inLanguage\":\"en-GB\"},{\"@type\":\"Organization\",\"@id\":\"https:\/\/skaitytaknyga.lt\/#organization\",\"name\":\"skaitytaknyga.lt\",\"url\":\"https:\/\/skaitytaknyga.lt\/\",\"logo\":{\"@type\":\"ImageObject\",\"inLanguage\":\"en-GB\",\"@id\":\"https:\/\/skaitytaknyga.lt\/#\/schema\/logo\/image\/\",\"url\":\"https:\/\/skaitytaknyga.lt\/wp-content\/uploads\/2024\/05\/cropped-cropped-cropped-02_00843_jt3bggkj1j3HLc7SyY6rEUpg.jpeg\",\"contentUrl\":\"https:\/\/skaitytaknyga.lt\/wp-content\/uploads\/2024\/05\/cropped-cropped-cropped-02_00843_jt3bggkj1j3HLc7SyY6rEUpg.jpeg\",\"width\":1600,\"height\":1600,\"caption\":\"skaitytaknyga.lt\"},\"image\":{\"@id\":\"https:\/\/skaitytaknyga.lt\/#\/schema\/logo\/image\/\"},\"sameAs\":[\"https:\/\/www.facebook.com\/skaitytaknyga\/\"]}]}<\/script>\n<!-- \/ Yoast SEO plugin. -->","yoast_head_json":{"title":"Rimas Tuminas: teatras, tikresnis u\u017e gyvenim\u0105 (yra nedideli\u0173 defekt\u0173) - Skaitytaknyga","description":"Re\u017eisieriaus Rimo Tumino, kaip tikro romantiko, teatras gimsta \u017eaidime ir i\u0161 \u017eaidimo. \u017daisti jis kvie\u010dia ir mus, \u017ei\u016brovus. \u0160i knyga \u2013 tai bandymas atskleisti \u017eaid\u017eian\u010dio Rimo Tumino teatro paslapt\u012f, malonum\u0105 ir prasm\u0119.  \"A\u0161 tikiu, kad esu gim\u0119s ne \u0161iaip sau, o i\u0161 meil\u0117s, manau, kad aktorius \u2013 taip pat. Idealas man \u2013 laisvas \u017emogus teatre, scenoje. Noriu, kad \u017ei\u016brovas, u\u017euot pasak\u0119s \"a\u0161 ma\u010diau ger\u0105 spektakl\u012f\", pasakyt\u0173 \u2013 \"a\u0161 ma\u010diau laisvus \u017emones\". Rimas Tuminas  Knygos autor\u0117 Ramun\u0117 Balevi\u010di\u016bt\u0117 yra teatrolog\u0117, humanitarini\u0173 moksl\u0173 daktar\u0117, Lietuvos muzikos ir teatro akademijos d\u0117stytoja. Apie de\u0161imtmet\u012f dirbo Vilniaus ma\u017eajame teatre literat\u016brin\u0117s dalies ved\u0117ja.","robots":{"index":"index","follow":"follow","max-snippet":"max-snippet:-1","max-image-preview":"max-image-preview:large","max-video-preview":"max-video-preview:-1"},"canonical":"https:\/\/skaitytaknyga.lt\/en\/produktas\/rimas-tuminas-teatras-tikresnis-uz-gyvenima-yra-nedideliu-defektu\/","og_locale":"en_GB","og_type":"article","og_title":"Rimas Tuminas: teatras, tikresnis u\u017e gyvenim\u0105 (yra nedideli\u0173 defekt\u0173) - Skaitytaknyga","og_description":"Re\u017eisieriaus Rimo Tumino, kaip tikro romantiko, teatras gimsta \u017eaidime ir i\u0161 \u017eaidimo. \u017daisti jis kvie\u010dia ir mus, \u017ei\u016brovus. \u0160i knyga \u2013 tai bandymas atskleisti \u017eaid\u017eian\u010dio Rimo Tumino teatro paslapt\u012f, malonum\u0105 ir prasm\u0119.  \"A\u0161 tikiu, kad esu gim\u0119s ne \u0161iaip sau, o i\u0161 meil\u0117s, manau, kad aktorius \u2013 taip pat. Idealas man \u2013 laisvas \u017emogus teatre, scenoje. Noriu, kad \u017ei\u016brovas, u\u017euot pasak\u0119s \"a\u0161 ma\u010diau ger\u0105 spektakl\u012f\", pasakyt\u0173 \u2013 \"a\u0161 ma\u010diau laisvus \u017emones\". Rimas Tuminas  Knygos autor\u0117 Ramun\u0117 Balevi\u010di\u016bt\u0117 yra teatrolog\u0117, humanitarini\u0173 moksl\u0173 daktar\u0117, Lietuvos muzikos ir teatro akademijos d\u0117stytoja. Apie de\u0161imtmet\u012f dirbo Vilniaus ma\u017eajame teatre literat\u016brin\u0117s dalies ved\u0117ja.","og_url":"https:\/\/skaitytaknyga.lt\/en\/produktas\/rimas-tuminas-teatras-tikresnis-uz-gyvenima-yra-nedideliu-defektu\/","og_site_name":"Skaitytaknyga","article_publisher":"https:\/\/www.facebook.com\/skaitytaknyga\/","article_modified_time":"2025-06-26T13:10:08+00:00","og_image":[{"width":450,"height":450,"url":"https:\/\/skaitytaknyga.lt\/wp-content\/uploads\/2024\/05\/rimastuminas.jpg","type":"image\/jpeg"}],"twitter_card":"summary_large_image","twitter_misc":{"Estimated reading time":"1 minute"},"schema":{"@context":"https:\/\/schema.org","@graph":[{"@type":"WebPage","@id":"https:\/\/skaitytaknyga.lt\/produktas\/rimas-tuminas-teatras-tikresnis-uz-gyvenima-yra-nedideliu-defektu\/","url":"https:\/\/skaitytaknyga.lt\/produktas\/rimas-tuminas-teatras-tikresnis-uz-gyvenima-yra-nedideliu-defektu\/","name":"Rimas Tuminas: teatras, tikresnis u\u017e gyvenim\u0105 (yra nedideli\u0173 defekt\u0173) - Skaitytaknyga","isPartOf":{"@id":"https:\/\/skaitytaknyga.lt\/#website"},"primaryImageOfPage":{"@id":"https:\/\/skaitytaknyga.lt\/produktas\/rimas-tuminas-teatras-tikresnis-uz-gyvenima-yra-nedideliu-defektu\/#primaryimage"},"image":{"@id":"https:\/\/skaitytaknyga.lt\/produktas\/rimas-tuminas-teatras-tikresnis-uz-gyvenima-yra-nedideliu-defektu\/#primaryimage"},"thumbnailUrl":"https:\/\/skaitytaknyga.lt\/wp-content\/uploads\/2024\/05\/rimastuminas.jpg","datePublished":"2024-05-02T13:21:30+00:00","dateModified":"2025-06-26T13:10:08+00:00","description":"Re\u017eisieriaus Rimo Tumino, kaip tikro romantiko, teatras gimsta \u017eaidime ir i\u0161 \u017eaidimo. \u017daisti jis kvie\u010dia ir mus, \u017ei\u016brovus. \u0160i knyga \u2013 tai bandymas atskleisti \u017eaid\u017eian\u010dio Rimo Tumino teatro paslapt\u012f, malonum\u0105 ir prasm\u0119. \"A\u0161 tikiu, kad esu gim\u0119s ne \u0161iaip sau, o i\u0161 meil\u0117s, manau, kad aktorius \u2013 taip pat. Idealas man \u2013 laisvas \u017emogus teatre, scenoje. Noriu, kad \u017ei\u016brovas, u\u017euot pasak\u0119s \"a\u0161 ma\u010diau ger\u0105 spektakl\u012f\", pasakyt\u0173 \u2013 \"a\u0161 ma\u010diau laisvus \u017emones\". Rimas Tuminas Knygos autor\u0117 Ramun\u0117 Balevi\u010di\u016bt\u0117 yra teatrolog\u0117, humanitarini\u0173 moksl\u0173 daktar\u0117, Lietuvos muzikos ir teatro akademijos d\u0117stytoja. Apie de\u0161imtmet\u012f dirbo Vilniaus ma\u017eajame teatre literat\u016brin\u0117s dalies ved\u0117ja.","breadcrumb":{"@id":"https:\/\/skaitytaknyga.lt\/produktas\/rimas-tuminas-teatras-tikresnis-uz-gyvenima-yra-nedideliu-defektu\/#breadcrumb"},"inLanguage":"en-GB","potentialAction":[{"@type":"ReadAction","target":["https:\/\/skaitytaknyga.lt\/produktas\/rimas-tuminas-teatras-tikresnis-uz-gyvenima-yra-nedideliu-defektu\/"]}]},{"@type":"ImageObject","inLanguage":"en-GB","@id":"https:\/\/skaitytaknyga.lt\/produktas\/rimas-tuminas-teatras-tikresnis-uz-gyvenima-yra-nedideliu-defektu\/#primaryimage","url":"https:\/\/skaitytaknyga.lt\/wp-content\/uploads\/2024\/05\/rimastuminas.jpg","contentUrl":"https:\/\/skaitytaknyga.lt\/wp-content\/uploads\/2024\/05\/rimastuminas.jpg","width":450,"height":450},{"@type":"BreadcrumbList","@id":"https:\/\/skaitytaknyga.lt\/produktas\/rimas-tuminas-teatras-tikresnis-uz-gyvenima-yra-nedideliu-defektu\/#breadcrumb","itemListElement":[{"@type":"ListItem","position":1,"name":"Home","item":"https:\/\/skaitytaknyga.lt\/"},{"@type":"ListItem","position":2,"name":"Parduotuv\u0117","item":"https:\/\/skaitytaknyga.lt\/knygu-parduotuve\/"},{"@type":"ListItem","position":3,"name":"Rimas Tuminas: teatras, tikresnis u\u017e gyvenim\u0105 (yra nedideli\u0173 defekt\u0173)"}]},{"@type":"WebSite","@id":"https:\/\/skaitytaknyga.lt\/#website","url":"https:\/\/skaitytaknyga.lt\/","name":"skaitytaknyga.lt","description":"Skaitytaknyga.lt \u2013 tai ma\u017eas \u0161eimos verslas, kuris prasid\u0117jo nuo meil\u0117s knygoms ir siekio i\u0161gelb\u0117ti knygas nuo likimo prie konteinerio. Kas vienam nereikalingas daiktas \u2013 kitam lobis, o mes esame tarpininkai, kurie padeda abiems tapti laimingesniems ???? \u017dinome kaip nelengva i\u0161gyventi ma\u017eiems verslams, tad nuo \u0161iol, \u010dia rasite ir kit\u0173, ma\u017e\u0173 \u0161eim\u0173 versl\u0173, rank\u0173 darbo, dovan\u0173 sau ir artimiesiems.","publisher":{"@id":"https:\/\/skaitytaknyga.lt\/#organization"},"potentialAction":[{"@type":"SearchAction","target":{"@type":"EntryPoint","urlTemplate":"https:\/\/skaitytaknyga.lt\/?s={search_term_string}"},"query-input":{"@type":"PropertyValueSpecification","valueRequired":true,"valueName":"search_term_string"}}],"inLanguage":"en-GB"},{"@type":"Organization","@id":"https:\/\/skaitytaknyga.lt\/#organization","name":"skaitytaknyga.lt","url":"https:\/\/skaitytaknyga.lt\/","logo":{"@type":"ImageObject","inLanguage":"en-GB","@id":"https:\/\/skaitytaknyga.lt\/#\/schema\/logo\/image\/","url":"https:\/\/skaitytaknyga.lt\/wp-content\/uploads\/2024\/05\/cropped-cropped-cropped-02_00843_jt3bggkj1j3HLc7SyY6rEUpg.jpeg","contentUrl":"https:\/\/skaitytaknyga.lt\/wp-content\/uploads\/2024\/05\/cropped-cropped-cropped-02_00843_jt3bggkj1j3HLc7SyY6rEUpg.jpeg","width":1600,"height":1600,"caption":"skaitytaknyga.lt"},"image":{"@id":"https:\/\/skaitytaknyga.lt\/#\/schema\/logo\/image\/"},"sameAs":["https:\/\/www.facebook.com\/skaitytaknyga\/"]}]}},"_links":{"self":[{"href":"https:\/\/skaitytaknyga.lt\/en\/wp-json\/wp\/v2\/product\/6540","targetHints":{"allow":["GET"]}}],"collection":[{"href":"https:\/\/skaitytaknyga.lt\/en\/wp-json\/wp\/v2\/product"}],"about":[{"href":"https:\/\/skaitytaknyga.lt\/en\/wp-json\/wp\/v2\/types\/product"}],"replies":[{"embeddable":true,"href":"https:\/\/skaitytaknyga.lt\/en\/wp-json\/wp\/v2\/comments?post=6540"}],"wp:featuredmedia":[{"embeddable":true,"href":"https:\/\/skaitytaknyga.lt\/en\/wp-json\/wp\/v2\/media\/6554"}],"wp:attachment":[{"href":"https:\/\/skaitytaknyga.lt\/en\/wp-json\/wp\/v2\/media?parent=6540"}],"wp:term":[{"taxonomy":"product_brand","embeddable":true,"href":"https:\/\/skaitytaknyga.lt\/en\/wp-json\/wp\/v2\/product_brand?post=6540"},{"taxonomy":"product_cat","embeddable":true,"href":"https:\/\/skaitytaknyga.lt\/en\/wp-json\/wp\/v2\/product_cat?post=6540"},{"taxonomy":"product_tag","embeddable":true,"href":"https:\/\/skaitytaknyga.lt\/en\/wp-json\/wp\/v2\/product_tag?post=6540"}],"curies":[{"name":"wp","href":"https:\/\/api.w.org\/{rel}","templated":true}]}}