{"id":6531,"date":"2024-05-02T13:21:05","date_gmt":"2024-05-02T13:21:05","guid":{"rendered":"https:\/\/skaitytaknyga.lt\/?post_type=product&#038;p=6531"},"modified":"2025-05-15T10:14:13","modified_gmt":"2025-05-15T07:14:13","slug":"erichas-kestneris-emilis-ir-sekliai","status":"publish","type":"product","link":"https:\/\/skaitytaknyga.lt\/en\/produktas\/erichas-kestneris-emilis-ir-sekliai\/","title":{"rendered":"Emilis ir sekliai"},"content":{"rendered":"<div class=\"book-descript-wrapper\">\n<section class=\"product-descript more-content-wrapper\">\n<div class=\"\">\n<p>Vagone jis liko vienas su ponu, d\u0117vin\u010diu kiet\u0105 skryb\u0117l\u0119. Emiliui tai nelabai patiko. \u017dmogus, kuris dalija \u0161okolad\u0105 ir pasakoja keistus dalykus, n\u0117ra patikimas. Emilis nor\u0117jo v\u0117l pa\u010diupin\u0117ti savo vok\u0105, bet nedr\u012fso. Tik kai traukinys nudard\u0117jo toliau, nu\u0117jo \u012f atkampi\u0105 viet\u0105, i\u0161sitrauk\u0117 vok\u0105 i\u0161 ki\u0161en\u0117s,suskai\u010diavo pinigus &#8211; buvo visi &#8211; ir ne\u017einojo, k\u0105 toliau daryti. &#8220;Ar ma\u017eas berniukas Emilis nuva\u017eiuos \u012f Berlyn\u0105? Ar jis nuve\u0161 mo\u010diutei skirtus pinigus? Kaip jis \u012fveiks kelion\u0117s metu patirtus i\u0161bandymus? Atsakymus \u012f pateiktus klausimus rasite \u0161ioje knygel\u0117je apie ma\u017e\u0105, bet dr\u0105s\u0173 ir atkakl\u0173 berniuk\u0105 Emil\u012f.<\/p>\n<\/div>\n<\/section>\n<\/div>\n","protected":false},"excerpt":{"rendered":"<div class=\"book-descript-wrapper\">\n<section class=\"product-descript more-content-wrapper\">\n<div class=\"\">\n<p>Vagone jis liko vienas su ponu, d\u0117vin\u010diu kiet\u0105 skryb\u0117l\u0119. Emiliui tai nelabai patiko. \u017dmogus, kuris dalija \u0161okolad\u0105 ir pasakoja keistus dalykus, n\u0117ra patikimas. Emilis nor\u0117jo v\u0117l pa\u010diupin\u0117ti savo vok\u0105, bet nedr\u012fso. Tik kai traukinys nudard\u0117jo toliau, nu\u0117jo \u012f atkampi\u0105 viet\u0105, i\u0161sitrauk\u0117 vok\u0105 i\u0161 ki\u0161en\u0117s,suskai\u010diavo pinigus &#8211; buvo visi &#8211; ir ne\u017einojo, k\u0105 toliau daryti. &#8220;Ar ma\u017eas berniukas Emilis nuva\u017eiuos \u012f Berlyn\u0105? Ar jis nuve\u0161 mo\u010diutei skirtus pinigus? Kaip jis \u012fveiks kelion\u0117s metu patirtus i\u0161bandymus? Atsakymus \u012f pateiktus klausimus rasite \u0161ioje knygel\u0117je apie ma\u017e\u0105, bet dr\u0105s\u0173 ir atkakl\u0173 berniuk\u0105 Emil\u012f.<\/p>\n<\/div>\n<\/section>\n<\/div>\n","protected":false},"featured_media":6553,"comment_status":"closed","ping_status":"closed","template":"","meta":{"_acf_changed":false,"site-sidebar-layout":"default","site-content-layout":"","ast-site-content-layout":"default","site-content-style":"default","site-sidebar-style":"default","ast-global-header-display":"","ast-banner-title-visibility":"","ast-main-header-display":"","ast-hfb-above-header-display":"","ast-hfb-below-header-display":"","ast-hfb-mobile-header-display":"","site-post-title":"","ast-breadcrumbs-content":"","ast-featured-img":"","footer-sml-layout":"","ast-disable-related-posts":"","theme-transparent-header-meta":"","adv-header-id-meta":"","stick-header-meta":"","header-above-stick-meta":"","header-main-stick-meta":"","header-below-stick-meta":"","astra-migrate-meta-layouts":"default","ast-page-background-enabled":"default","ast-page-background-meta":{"desktop":{"background-color":"","background-image":"","background-repeat":"repeat","background-position":"center center","background-size":"auto","background-attachment":"scroll","background-type":"","background-media":"","overlay-type":"","overlay-color":"","overlay-opacity":"","overlay-gradient":""},"tablet":{"background-color":"","background-image":"","background-repeat":"repeat","background-position":"center center","background-size":"auto","background-attachment":"scroll","background-type":"","background-media":"","overlay-type":"","overlay-color":"","overlay-opacity":"","overlay-gradient":""},"mobile":{"background-color":"","background-image":"","background-repeat":"repeat","background-position":"center center","background-size":"auto","background-attachment":"scroll","background-type":"","background-media":"","overlay-type":"","overlay-color":"","overlay-opacity":"","overlay-gradient":""}},"ast-content-background-meta":{"desktop":{"background-color":"var(--ast-global-color-4)","background-image":"","background-repeat":"repeat","background-position":"center center","background-size":"auto","background-attachment":"scroll","background-type":"","background-media":"","overlay-type":"","overlay-color":"","overlay-opacity":"","overlay-gradient":""},"tablet":{"background-color":"var(--ast-global-color-4)","background-image":"","background-repeat":"repeat","background-position":"center center","background-size":"auto","background-attachment":"scroll","background-type":"","background-media":"","overlay-type":"","overlay-color":"","overlay-opacity":"","overlay-gradient":""},"mobile":{"background-color":"var(--ast-global-color-4)","background-image":"","background-repeat":"repeat","background-position":"center center","background-size":"auto","background-attachment":"scroll","background-type":"","background-media":"","overlay-type":"","overlay-color":"","overlay-opacity":"","overlay-gradient":""}}},"product_brand":[],"product_cat":[35],"product_tag":[2951,2950,1437,1451,1645],"class_list":{"0":"post-6531","1":"product","2":"type-product","3":"status-publish","4":"has-post-thumbnail","6":"product_cat-vaikams-ir-paaugliams","7":"product_tag-emilis-ir-sekliai","8":"product_tag-erichas-kestneris","9":"product_tag-klasika","10":"product_tag-nuotykiai","11":"product_tag-vaiku-literatura","12":"desktop-align-left","13":"tablet-align-left","14":"mobile-align-left","16":"first","17":"outofstock","18":"shipping-taxable","19":"purchasable","20":"product-type-simple"},"acf":[],"yoast_head":"<!-- This site is optimized with the Yoast SEO plugin v27.0 - https:\/\/yoast.com\/product\/yoast-seo-wordpress\/ -->\n<title>Emilis ir sekliai<\/title>\n<meta name=\"description\" content=\"Vagone jis liko vienas su ponu, d\u0117vin\u010diu kiet\u0105 skryb\u0117l\u0119. Emiliui tai nelabai patiko. \u017dmogus, kuris dalija \u0161okolad\u0105 ir pasakoja keistus dalykus, n\u0117ra patikimas. Emilis nor\u0117jo v\u0117l pa\u010diupin\u0117ti savo vok\u0105, bet nedr\u012fso. Tik kai traukinys nudard\u0117jo toliau, nu\u0117jo \u012f atkampi\u0105 viet\u0105, i\u0161sitrauk\u0117 vok\u0105 i\u0161 ki\u0161en\u0117s,suskai\u010diavo pinigus - buvo visi - ir ne\u017einojo, k\u0105 toliau daryti. &quot;Ar ma\u017eas berniukas Emilis nuva\u017eiuos \u012f Berlyn\u0105? Ar jis nuve\u0161 mo\u010diutei skirtus pinigus? Kaip jis \u012fveiks kelion\u0117s metu patirtus i\u0161bandymus? Atsakymus \u012f pateiktus klausimus rasite \u0161ioje knygel\u0117je apie ma\u017e\u0105, bet dr\u0105s\u0173 ir atkakl\u0173 berniuk\u0105 Emil\u012f.\" \/>\n<meta name=\"robots\" content=\"index, follow, max-snippet:-1, max-image-preview:large, max-video-preview:-1\" \/>\n<link rel=\"canonical\" href=\"https:\/\/skaitytaknyga.lt\/en\/produktas\/erichas-kestneris-emilis-ir-sekliai\/\" \/>\n<meta property=\"og:locale\" content=\"en_GB\" \/>\n<meta property=\"og:locale:alternate\" content=\"lt_LT\" \/>\n<meta property=\"og:type\" content=\"article\" \/>\n<meta property=\"og:title\" content=\"Emilis ir sekliai\" \/>\n<meta property=\"og:description\" content=\"Vagone jis liko vienas su ponu, d\u0117vin\u010diu kiet\u0105 skryb\u0117l\u0119. Emiliui tai nelabai patiko. \u017dmogus, kuris dalija \u0161okolad\u0105 ir pasakoja keistus dalykus, n\u0117ra patikimas. Emilis nor\u0117jo v\u0117l pa\u010diupin\u0117ti savo vok\u0105, bet nedr\u012fso. Tik kai traukinys nudard\u0117jo toliau, nu\u0117jo \u012f atkampi\u0105 viet\u0105, i\u0161sitrauk\u0117 vok\u0105 i\u0161 ki\u0161en\u0117s,suskai\u010diavo pinigus - buvo visi - ir ne\u017einojo, k\u0105 toliau daryti. &quot;Ar ma\u017eas berniukas Emilis nuva\u017eiuos \u012f Berlyn\u0105? Ar jis nuve\u0161 mo\u010diutei skirtus pinigus? Kaip jis \u012fveiks kelion\u0117s metu patirtus i\u0161bandymus? Atsakymus \u012f pateiktus klausimus rasite \u0161ioje knygel\u0117je apie ma\u017e\u0105, bet dr\u0105s\u0173 ir atkakl\u0173 berniuk\u0105 Emil\u012f.\" \/>\n<meta property=\"og:url\" content=\"https:\/\/skaitytaknyga.lt\/en\/produktas\/erichas-kestneris-emilis-ir-sekliai\/\" \/>\n<meta property=\"og:site_name\" content=\"Skaitytaknyga\" \/>\n<meta property=\"article:publisher\" content=\"https:\/\/www.facebook.com\/skaitytaknyga\/\" \/>\n<meta property=\"article:modified_time\" content=\"2025-05-15T07:14:13+00:00\" \/>\n<meta property=\"og:image\" content=\"https:\/\/skaitytaknyga.lt\/wp-content\/uploads\/2024\/05\/134644-image-e1630173947843.jpg\" \/>\n\t<meta property=\"og:image:width\" content=\"486\" \/>\n\t<meta property=\"og:image:height\" content=\"746\" \/>\n\t<meta property=\"og:image:type\" content=\"image\/jpeg\" \/>\n<meta name=\"twitter:card\" content=\"summary_large_image\" \/>\n<meta name=\"twitter:label1\" content=\"Estimated reading time\" \/>\n\t<meta name=\"twitter:data1\" content=\"1 minute\" \/>\n<script type=\"application\/ld+json\" class=\"yoast-schema-graph\">{\"@context\":\"https:\/\/schema.org\",\"@graph\":[{\"@type\":\"WebPage\",\"@id\":\"https:\/\/skaitytaknyga.lt\/produktas\/erichas-kestneris-emilis-ir-sekliai\/\",\"url\":\"https:\/\/skaitytaknyga.lt\/produktas\/erichas-kestneris-emilis-ir-sekliai\/\",\"name\":\"Emilis ir sekliai\",\"isPartOf\":{\"@id\":\"https:\/\/skaitytaknyga.lt\/#website\"},\"primaryImageOfPage\":{\"@id\":\"https:\/\/skaitytaknyga.lt\/produktas\/erichas-kestneris-emilis-ir-sekliai\/#primaryimage\"},\"image\":{\"@id\":\"https:\/\/skaitytaknyga.lt\/produktas\/erichas-kestneris-emilis-ir-sekliai\/#primaryimage\"},\"thumbnailUrl\":\"https:\/\/skaitytaknyga.lt\/wp-content\/uploads\/2024\/05\/134644-image-e1630173947843.jpg\",\"datePublished\":\"2024-05-02T13:21:05+00:00\",\"dateModified\":\"2025-05-15T07:14:13+00:00\",\"description\":\"Vagone jis liko vienas su ponu, d\u0117vin\u010diu kiet\u0105 skryb\u0117l\u0119. Emiliui tai nelabai patiko. \u017dmogus, kuris dalija \u0161okolad\u0105 ir pasakoja keistus dalykus, n\u0117ra patikimas. Emilis nor\u0117jo v\u0117l pa\u010diupin\u0117ti savo vok\u0105, bet nedr\u012fso. Tik kai traukinys nudard\u0117jo toliau, nu\u0117jo \u012f atkampi\u0105 viet\u0105, i\u0161sitrauk\u0117 vok\u0105 i\u0161 ki\u0161en\u0117s,suskai\u010diavo pinigus - buvo visi - ir ne\u017einojo, k\u0105 toliau daryti. \\\"Ar ma\u017eas berniukas Emilis nuva\u017eiuos \u012f Berlyn\u0105? Ar jis nuve\u0161 mo\u010diutei skirtus pinigus? Kaip jis \u012fveiks kelion\u0117s metu patirtus i\u0161bandymus? Atsakymus \u012f pateiktus klausimus rasite \u0161ioje knygel\u0117je apie ma\u017e\u0105, bet dr\u0105s\u0173 ir atkakl\u0173 berniuk\u0105 Emil\u012f.\",\"breadcrumb\":{\"@id\":\"https:\/\/skaitytaknyga.lt\/produktas\/erichas-kestneris-emilis-ir-sekliai\/#breadcrumb\"},\"inLanguage\":\"en-GB\",\"potentialAction\":[{\"@type\":\"ReadAction\",\"target\":[\"https:\/\/skaitytaknyga.lt\/produktas\/erichas-kestneris-emilis-ir-sekliai\/\"]}]},{\"@type\":\"ImageObject\",\"inLanguage\":\"en-GB\",\"@id\":\"https:\/\/skaitytaknyga.lt\/produktas\/erichas-kestneris-emilis-ir-sekliai\/#primaryimage\",\"url\":\"https:\/\/skaitytaknyga.lt\/wp-content\/uploads\/2024\/05\/134644-image-e1630173947843.jpg\",\"contentUrl\":\"https:\/\/skaitytaknyga.lt\/wp-content\/uploads\/2024\/05\/134644-image-e1630173947843.jpg\",\"width\":486,\"height\":746},{\"@type\":\"BreadcrumbList\",\"@id\":\"https:\/\/skaitytaknyga.lt\/produktas\/erichas-kestneris-emilis-ir-sekliai\/#breadcrumb\",\"itemListElement\":[{\"@type\":\"ListItem\",\"position\":1,\"name\":\"Home\",\"item\":\"https:\/\/skaitytaknyga.lt\/\"},{\"@type\":\"ListItem\",\"position\":2,\"name\":\"Parduotuv\u0117\",\"item\":\"https:\/\/skaitytaknyga.lt\/knygu-parduotuve\/\"},{\"@type\":\"ListItem\",\"position\":3,\"name\":\"Emilis ir sekliai\"}]},{\"@type\":\"WebSite\",\"@id\":\"https:\/\/skaitytaknyga.lt\/#website\",\"url\":\"https:\/\/skaitytaknyga.lt\/\",\"name\":\"skaitytaknyga.lt\",\"description\":\"Skaitytaknyga.lt \u2013 tai ma\u017eas \u0161eimos verslas, kuris prasid\u0117jo nuo meil\u0117s knygoms ir siekio i\u0161gelb\u0117ti knygas nuo likimo prie konteinerio. Kas vienam nereikalingas daiktas \u2013 kitam lobis, o mes esame tarpininkai, kurie padeda abiems tapti laimingesniems ???? \u017dinome kaip nelengva i\u0161gyventi ma\u017eiems verslams, tad nuo \u0161iol, \u010dia rasite ir kit\u0173, ma\u017e\u0173 \u0161eim\u0173 versl\u0173, rank\u0173 darbo, dovan\u0173 sau ir artimiesiems.\",\"publisher\":{\"@id\":\"https:\/\/skaitytaknyga.lt\/#organization\"},\"potentialAction\":[{\"@type\":\"SearchAction\",\"target\":{\"@type\":\"EntryPoint\",\"urlTemplate\":\"https:\/\/skaitytaknyga.lt\/?s={search_term_string}\"},\"query-input\":{\"@type\":\"PropertyValueSpecification\",\"valueRequired\":true,\"valueName\":\"search_term_string\"}}],\"inLanguage\":\"en-GB\"},{\"@type\":\"Organization\",\"@id\":\"https:\/\/skaitytaknyga.lt\/#organization\",\"name\":\"skaitytaknyga.lt\",\"url\":\"https:\/\/skaitytaknyga.lt\/\",\"logo\":{\"@type\":\"ImageObject\",\"inLanguage\":\"en-GB\",\"@id\":\"https:\/\/skaitytaknyga.lt\/#\/schema\/logo\/image\/\",\"url\":\"https:\/\/skaitytaknyga.lt\/wp-content\/uploads\/2024\/05\/cropped-cropped-cropped-02_00843_jt3bggkj1j3HLc7SyY6rEUpg.jpeg\",\"contentUrl\":\"https:\/\/skaitytaknyga.lt\/wp-content\/uploads\/2024\/05\/cropped-cropped-cropped-02_00843_jt3bggkj1j3HLc7SyY6rEUpg.jpeg\",\"width\":1600,\"height\":1600,\"caption\":\"skaitytaknyga.lt\"},\"image\":{\"@id\":\"https:\/\/skaitytaknyga.lt\/#\/schema\/logo\/image\/\"},\"sameAs\":[\"https:\/\/www.facebook.com\/skaitytaknyga\/\"]}]}<\/script>\n<!-- \/ Yoast SEO plugin. -->","yoast_head_json":{"title":"Emilis ir sekliai","description":"Vagone jis liko vienas su ponu, d\u0117vin\u010diu kiet\u0105 skryb\u0117l\u0119. Emiliui tai nelabai patiko. \u017dmogus, kuris dalija \u0161okolad\u0105 ir pasakoja keistus dalykus, n\u0117ra patikimas. Emilis nor\u0117jo v\u0117l pa\u010diupin\u0117ti savo vok\u0105, bet nedr\u012fso. Tik kai traukinys nudard\u0117jo toliau, nu\u0117jo \u012f atkampi\u0105 viet\u0105, i\u0161sitrauk\u0117 vok\u0105 i\u0161 ki\u0161en\u0117s,suskai\u010diavo pinigus - buvo visi - ir ne\u017einojo, k\u0105 toliau daryti. \"Ar ma\u017eas berniukas Emilis nuva\u017eiuos \u012f Berlyn\u0105? Ar jis nuve\u0161 mo\u010diutei skirtus pinigus? Kaip jis \u012fveiks kelion\u0117s metu patirtus i\u0161bandymus? Atsakymus \u012f pateiktus klausimus rasite \u0161ioje knygel\u0117je apie ma\u017e\u0105, bet dr\u0105s\u0173 ir atkakl\u0173 berniuk\u0105 Emil\u012f.","robots":{"index":"index","follow":"follow","max-snippet":"max-snippet:-1","max-image-preview":"max-image-preview:large","max-video-preview":"max-video-preview:-1"},"canonical":"https:\/\/skaitytaknyga.lt\/en\/produktas\/erichas-kestneris-emilis-ir-sekliai\/","og_locale":"en_GB","og_type":"article","og_title":"[:lt]Emilis ir sekliai[:] - Skaitytaknyga","og_description":"Vagone jis liko vienas su ponu, d\u0117vin\u010diu kiet\u0105 skryb\u0117l\u0119. Emiliui tai nelabai patiko. \u017dmogus, kuris dalija \u0161okolad\u0105 ir pasakoja keistus dalykus, n\u0117ra patikimas. Emilis nor\u0117jo v\u0117l pa\u010diupin\u0117ti savo vok\u0105, bet nedr\u012fso. Tik kai traukinys nudard\u0117jo toliau, nu\u0117jo \u012f atkampi\u0105 viet\u0105, i\u0161sitrauk\u0117 vok\u0105 i\u0161 ki\u0161en\u0117s,suskai\u010diavo pinigus - buvo visi - ir ne\u017einojo, k\u0105 toliau daryti. \"Ar ma\u017eas berniukas Emilis nuva\u017eiuos \u012f Berlyn\u0105? Ar jis nuve\u0161 mo\u010diutei skirtus pinigus? Kaip jis \u012fveiks kelion\u0117s metu patirtus i\u0161bandymus? Atsakymus \u012f pateiktus klausimus rasite \u0161ioje knygel\u0117je apie ma\u017e\u0105, bet dr\u0105s\u0173 ir atkakl\u0173 berniuk\u0105 Emil\u012f.","og_url":"https:\/\/skaitytaknyga.lt\/en\/produktas\/erichas-kestneris-emilis-ir-sekliai\/","og_site_name":"Skaitytaknyga","article_publisher":"https:\/\/www.facebook.com\/skaitytaknyga\/","article_modified_time":"2025-05-15T07:14:13+00:00","og_image":[{"width":486,"height":746,"url":"https:\/\/skaitytaknyga.lt\/wp-content\/uploads\/2024\/05\/134644-image-e1630173947843.jpg","type":"image\/jpeg"}],"twitter_card":"summary_large_image","twitter_misc":{"Estimated reading time":"1 minute"},"schema":{"@context":"https:\/\/schema.org","@graph":[{"@type":"WebPage","@id":"https:\/\/skaitytaknyga.lt\/produktas\/erichas-kestneris-emilis-ir-sekliai\/","url":"https:\/\/skaitytaknyga.lt\/produktas\/erichas-kestneris-emilis-ir-sekliai\/","name":"Emilis ir sekliai","isPartOf":{"@id":"https:\/\/skaitytaknyga.lt\/#website"},"primaryImageOfPage":{"@id":"https:\/\/skaitytaknyga.lt\/produktas\/erichas-kestneris-emilis-ir-sekliai\/#primaryimage"},"image":{"@id":"https:\/\/skaitytaknyga.lt\/produktas\/erichas-kestneris-emilis-ir-sekliai\/#primaryimage"},"thumbnailUrl":"https:\/\/skaitytaknyga.lt\/wp-content\/uploads\/2024\/05\/134644-image-e1630173947843.jpg","datePublished":"2024-05-02T13:21:05+00:00","dateModified":"2025-05-15T07:14:13+00:00","description":"Vagone jis liko vienas su ponu, d\u0117vin\u010diu kiet\u0105 skryb\u0117l\u0119. Emiliui tai nelabai patiko. \u017dmogus, kuris dalija \u0161okolad\u0105 ir pasakoja keistus dalykus, n\u0117ra patikimas. Emilis nor\u0117jo v\u0117l pa\u010diupin\u0117ti savo vok\u0105, bet nedr\u012fso. Tik kai traukinys nudard\u0117jo toliau, nu\u0117jo \u012f atkampi\u0105 viet\u0105, i\u0161sitrauk\u0117 vok\u0105 i\u0161 ki\u0161en\u0117s,suskai\u010diavo pinigus - buvo visi - ir ne\u017einojo, k\u0105 toliau daryti. \"Ar ma\u017eas berniukas Emilis nuva\u017eiuos \u012f Berlyn\u0105? Ar jis nuve\u0161 mo\u010diutei skirtus pinigus? Kaip jis \u012fveiks kelion\u0117s metu patirtus i\u0161bandymus? Atsakymus \u012f pateiktus klausimus rasite \u0161ioje knygel\u0117je apie ma\u017e\u0105, bet dr\u0105s\u0173 ir atkakl\u0173 berniuk\u0105 Emil\u012f.","breadcrumb":{"@id":"https:\/\/skaitytaknyga.lt\/produktas\/erichas-kestneris-emilis-ir-sekliai\/#breadcrumb"},"inLanguage":"en-GB","potentialAction":[{"@type":"ReadAction","target":["https:\/\/skaitytaknyga.lt\/produktas\/erichas-kestneris-emilis-ir-sekliai\/"]}]},{"@type":"ImageObject","inLanguage":"en-GB","@id":"https:\/\/skaitytaknyga.lt\/produktas\/erichas-kestneris-emilis-ir-sekliai\/#primaryimage","url":"https:\/\/skaitytaknyga.lt\/wp-content\/uploads\/2024\/05\/134644-image-e1630173947843.jpg","contentUrl":"https:\/\/skaitytaknyga.lt\/wp-content\/uploads\/2024\/05\/134644-image-e1630173947843.jpg","width":486,"height":746},{"@type":"BreadcrumbList","@id":"https:\/\/skaitytaknyga.lt\/produktas\/erichas-kestneris-emilis-ir-sekliai\/#breadcrumb","itemListElement":[{"@type":"ListItem","position":1,"name":"Home","item":"https:\/\/skaitytaknyga.lt\/"},{"@type":"ListItem","position":2,"name":"Parduotuv\u0117","item":"https:\/\/skaitytaknyga.lt\/knygu-parduotuve\/"},{"@type":"ListItem","position":3,"name":"Emilis ir sekliai"}]},{"@type":"WebSite","@id":"https:\/\/skaitytaknyga.lt\/#website","url":"https:\/\/skaitytaknyga.lt\/","name":"skaitytaknyga.lt","description":"Skaitytaknyga.lt \u2013 tai ma\u017eas \u0161eimos verslas, kuris prasid\u0117jo nuo meil\u0117s knygoms ir siekio i\u0161gelb\u0117ti knygas nuo likimo prie konteinerio. Kas vienam nereikalingas daiktas \u2013 kitam lobis, o mes esame tarpininkai, kurie padeda abiems tapti laimingesniems ???? \u017dinome kaip nelengva i\u0161gyventi ma\u017eiems verslams, tad nuo \u0161iol, \u010dia rasite ir kit\u0173, ma\u017e\u0173 \u0161eim\u0173 versl\u0173, rank\u0173 darbo, dovan\u0173 sau ir artimiesiems.","publisher":{"@id":"https:\/\/skaitytaknyga.lt\/#organization"},"potentialAction":[{"@type":"SearchAction","target":{"@type":"EntryPoint","urlTemplate":"https:\/\/skaitytaknyga.lt\/?s={search_term_string}"},"query-input":{"@type":"PropertyValueSpecification","valueRequired":true,"valueName":"search_term_string"}}],"inLanguage":"en-GB"},{"@type":"Organization","@id":"https:\/\/skaitytaknyga.lt\/#organization","name":"skaitytaknyga.lt","url":"https:\/\/skaitytaknyga.lt\/","logo":{"@type":"ImageObject","inLanguage":"en-GB","@id":"https:\/\/skaitytaknyga.lt\/#\/schema\/logo\/image\/","url":"https:\/\/skaitytaknyga.lt\/wp-content\/uploads\/2024\/05\/cropped-cropped-cropped-02_00843_jt3bggkj1j3HLc7SyY6rEUpg.jpeg","contentUrl":"https:\/\/skaitytaknyga.lt\/wp-content\/uploads\/2024\/05\/cropped-cropped-cropped-02_00843_jt3bggkj1j3HLc7SyY6rEUpg.jpeg","width":1600,"height":1600,"caption":"skaitytaknyga.lt"},"image":{"@id":"https:\/\/skaitytaknyga.lt\/#\/schema\/logo\/image\/"},"sameAs":["https:\/\/www.facebook.com\/skaitytaknyga\/"]}]}},"_links":{"self":[{"href":"https:\/\/skaitytaknyga.lt\/en\/wp-json\/wp\/v2\/product\/6531","targetHints":{"allow":["GET"]}}],"collection":[{"href":"https:\/\/skaitytaknyga.lt\/en\/wp-json\/wp\/v2\/product"}],"about":[{"href":"https:\/\/skaitytaknyga.lt\/en\/wp-json\/wp\/v2\/types\/product"}],"replies":[{"embeddable":true,"href":"https:\/\/skaitytaknyga.lt\/en\/wp-json\/wp\/v2\/comments?post=6531"}],"wp:featuredmedia":[{"embeddable":true,"href":"https:\/\/skaitytaknyga.lt\/en\/wp-json\/wp\/v2\/media\/6553"}],"wp:attachment":[{"href":"https:\/\/skaitytaknyga.lt\/en\/wp-json\/wp\/v2\/media?parent=6531"}],"wp:term":[{"taxonomy":"product_brand","embeddable":true,"href":"https:\/\/skaitytaknyga.lt\/en\/wp-json\/wp\/v2\/product_brand?post=6531"},{"taxonomy":"product_cat","embeddable":true,"href":"https:\/\/skaitytaknyga.lt\/en\/wp-json\/wp\/v2\/product_cat?post=6531"},{"taxonomy":"product_tag","embeddable":true,"href":"https:\/\/skaitytaknyga.lt\/en\/wp-json\/wp\/v2\/product_tag?post=6531"}],"curies":[{"name":"wp","href":"https:\/\/api.w.org\/{rel}","templated":true}]}}