{"id":6525,"date":"2024-05-02T13:21:04","date_gmt":"2024-05-02T13:21:04","guid":{"rendered":"https:\/\/skaitytaknyga.lt\/?post_type=product&#038;p=6525"},"modified":"2026-03-18T11:19:07","modified_gmt":"2026-03-18T09:19:07","slug":"marcelijus-martinaitis-laiskas-sabos-karalienei-pagelte-lapai","status":"publish","type":"product","link":"https:\/\/skaitytaknyga.lt\/en\/produktas\/marcelijus-martinaitis-laiskas-sabos-karalienei-pagelte-lapai\/","title":{"rendered":"Marcelijus Martinaitis \u201eLai\u0161kas Sabos karalienei\u201c (pagelt\u0119 lapai)"},"content":{"rendered":"<div class=\"book-descript-wrapper\">\n<section class=\"product-descript more-content-wrapper\">\n<div class=\"\">\n<p>\u201eLai\u0161kai Sabos karalienei\u201c \u2013 ketvirtoji M. Martinai\u010dio es\u0117 knyga, kurioje sud\u0117ta daugiau kaip 20 met\u0173 kaupta med\u017eiaga. Autorius atskleid\u017eia unikalias lietuvi\u0173 liaudies meno, papro\u010di\u0173, tautosakos, literat\u016bros prasmes, kurios gali b\u016bti suvokiamos tik per tam tikrus religinius, mitologinius, socialinius kontekstus.<\/p>\n<p>Analizuodamas lietuvi\u0173 klasika tapusius A. Vienuolio, J. Apu\u010dio, R. Granausko apsakymus, autorius pl\u0117toja mint\u012f, kad k\u016brini\u0173 menin\u0117 ir emocin\u0117 \u012ftaiga da\u017enai susijusi su tuo, kas nepasakyta \u017eod\u017eiais, bet nujau\u010diama, kyla i\u0161 visos to meto kult\u016brin\u0117s ir informacin\u0117s erdv\u0117s.<\/p>\n<\/div>\n<\/section>\n<\/div>\n","protected":false},"excerpt":{"rendered":"<div class=\"book-descript-wrapper\">\n<section class=\"product-descript more-content-wrapper\">\n<div class=\"\">\n<p>\u201eLai\u0161kai Sabos karalienei\u201c \u2013 ketvirtoji M. Martinai\u010dio es\u0117 knyga, kurioje sud\u0117ta daugiau kaip 20 met\u0173 kaupta med\u017eiaga. Autorius atskleid\u017eia unikalias lietuvi\u0173 liaudies meno, papro\u010di\u0173, tautosakos, literat\u016bros prasmes, kurios gali b\u016bti suvokiamos tik per tam tikrus religinius, mitologinius, socialinius kontekstus.<\/p>\n<p>Analizuodamas lietuvi\u0173 klasika tapusius A. Vienuolio, J. Apu\u010dio, R. Granausko apsakymus, autorius pl\u0117toja mint\u012f, kad k\u016brini\u0173 menin\u0117 ir emocin\u0117 \u012ftaiga da\u017enai susijusi su tuo, kas nepasakyta \u017eod\u017eiais, bet nujau\u010diama, kyla i\u0161 visos to meto kult\u016brin\u0117s ir informacin\u0117s erdv\u0117s.<\/p>\n<\/div>\n<\/section>\n<\/div>\n","protected":false},"featured_media":6537,"comment_status":"closed","ping_status":"closed","template":"","meta":{"_acf_changed":false,"site-sidebar-layout":"default","site-content-layout":"","ast-site-content-layout":"default","site-content-style":"default","site-sidebar-style":"default","ast-global-header-display":"","ast-banner-title-visibility":"","ast-main-header-display":"","ast-hfb-above-header-display":"","ast-hfb-below-header-display":"","ast-hfb-mobile-header-display":"","site-post-title":"","ast-breadcrumbs-content":"","ast-featured-img":"","footer-sml-layout":"","ast-disable-related-posts":"","theme-transparent-header-meta":"","adv-header-id-meta":"","stick-header-meta":"","header-above-stick-meta":"","header-main-stick-meta":"","header-below-stick-meta":"","astra-migrate-meta-layouts":"default","ast-page-background-enabled":"default","ast-page-background-meta":{"desktop":{"background-color":"","background-image":"","background-repeat":"repeat","background-position":"center center","background-size":"auto","background-attachment":"scroll","background-type":"","background-media":"","overlay-type":"","overlay-color":"","overlay-opacity":"","overlay-gradient":""},"tablet":{"background-color":"","background-image":"","background-repeat":"repeat","background-position":"center center","background-size":"auto","background-attachment":"scroll","background-type":"","background-media":"","overlay-type":"","overlay-color":"","overlay-opacity":"","overlay-gradient":""},"mobile":{"background-color":"","background-image":"","background-repeat":"repeat","background-position":"center center","background-size":"auto","background-attachment":"scroll","background-type":"","background-media":"","overlay-type":"","overlay-color":"","overlay-opacity":"","overlay-gradient":""}},"ast-content-background-meta":{"desktop":{"background-color":"var(--ast-global-color-4)","background-image":"","background-repeat":"repeat","background-position":"center center","background-size":"auto","background-attachment":"scroll","background-type":"","background-media":"","overlay-type":"","overlay-color":"","overlay-opacity":"","overlay-gradient":""},"tablet":{"background-color":"var(--ast-global-color-4)","background-image":"","background-repeat":"repeat","background-position":"center center","background-size":"auto","background-attachment":"scroll","background-type":"","background-media":"","overlay-type":"","overlay-color":"","overlay-opacity":"","overlay-gradient":""},"mobile":{"background-color":"var(--ast-global-color-4)","background-image":"","background-repeat":"repeat","background-position":"center center","background-size":"auto","background-attachment":"scroll","background-type":"","background-media":"","overlay-type":"","overlay-color":"","overlay-opacity":"","overlay-gradient":""}}},"product_brand":[],"product_cat":[9590],"product_tag":[],"class_list":{"0":"post-6525","1":"product","2":"type-product","3":"status-publish","4":"has-post-thumbnail","6":"product_cat-lietuviu-literatura","7":"desktop-align-left","8":"tablet-align-left","9":"mobile-align-left","11":"first","12":"instock","13":"shipping-taxable","14":"purchasable","15":"product-type-simple"},"acf":[],"yoast_head":"<!-- This site is optimized with the Yoast SEO plugin v27.0 - https:\/\/yoast.com\/product\/yoast-seo-wordpress\/ -->\n<title>Marcelijus Martinaitis \u201eLai\u0161kas Sabos karalienei\u201c (pagelt\u0119 lapai)<\/title>\n<meta name=\"description\" content=\"\u201eLai\u0161kai Sabos karalienei\u201c \u2013 ketvirtoji M. Martinai\u010dio es\u0117 knyga, kurioje sud\u0117ta daugiau kaip 20 met\u0173 kaupta med\u017eiaga. Autorius atskleid\u017eia unikalias lietuvi\u0173 liaudies meno, papro\u010di\u0173, tautosakos, literat\u016bros prasmes, kurios gali b\u016bti suvokiamos tik per tam tikrus religinius, mitologinius, socialinius kontekstus.  Analizuodamas lietuvi\u0173 klasika tapusius A. Vienuolio, J. Apu\u010dio, R. Granausko apsakymus, autorius pl\u0117toja mint\u012f, kad k\u016brini\u0173 menin\u0117 ir emocin\u0117 \u012ftaiga da\u017enai susijusi su tuo, kas nepasakyta \u017eod\u017eiais, bet nujau\u010diama, kyla i\u0161 visos to meto kult\u016brin\u0117s ir informacin\u0117s erdv\u0117s.\" \/>\n<meta name=\"robots\" content=\"index, follow, max-snippet:-1, max-image-preview:large, max-video-preview:-1\" \/>\n<link rel=\"canonical\" href=\"https:\/\/skaitytaknyga.lt\/en\/produktas\/marcelijus-martinaitis-laiskas-sabos-karalienei-pagelte-lapai\/\" \/>\n<meta property=\"og:locale\" content=\"en_GB\" \/>\n<meta property=\"og:locale:alternate\" content=\"lt_LT\" \/>\n<meta property=\"og:type\" content=\"article\" \/>\n<meta property=\"og:title\" content=\"Marcelijus Martinaitis \u201eLai\u0161kas Sabos karalienei\u201c (pagelt\u0119 lapai)\" \/>\n<meta property=\"og:description\" content=\"\u201eLai\u0161kai Sabos karalienei\u201c \u2013 ketvirtoji M. Martinai\u010dio es\u0117 knyga, kurioje sud\u0117ta daugiau kaip 20 met\u0173 kaupta med\u017eiaga. Autorius atskleid\u017eia unikalias lietuvi\u0173 liaudies meno, papro\u010di\u0173, tautosakos, literat\u016bros prasmes, kurios gali b\u016bti suvokiamos tik per tam tikrus religinius, mitologinius, socialinius kontekstus.  Analizuodamas lietuvi\u0173 klasika tapusius A. Vienuolio, J. Apu\u010dio, R. Granausko apsakymus, autorius pl\u0117toja mint\u012f, kad k\u016brini\u0173 menin\u0117 ir emocin\u0117 \u012ftaiga da\u017enai susijusi su tuo, kas nepasakyta \u017eod\u017eiais, bet nujau\u010diama, kyla i\u0161 visos to meto kult\u016brin\u0117s ir informacin\u0117s erdv\u0117s.\" \/>\n<meta property=\"og:url\" content=\"https:\/\/skaitytaknyga.lt\/en\/produktas\/marcelijus-martinaitis-laiskas-sabos-karalienei-pagelte-lapai\/\" \/>\n<meta property=\"og:site_name\" content=\"Skaitytaknyga\" \/>\n<meta property=\"article:publisher\" content=\"https:\/\/www.facebook.com\/skaitytaknyga\/\" \/>\n<meta property=\"article:modified_time\" content=\"2026-03-18T09:19:07+00:00\" \/>\n<meta property=\"og:image\" content=\"https:\/\/skaitytaknyga.lt\/wp-content\/uploads\/2024\/05\/1474364895_IMG_0006.jpg\" \/>\n\t<meta property=\"og:image:width\" content=\"267\" \/>\n\t<meta property=\"og:image:height\" content=\"430\" \/>\n\t<meta property=\"og:image:type\" content=\"image\/jpeg\" \/>\n<meta name=\"twitter:card\" content=\"summary_large_image\" \/>\n<meta name=\"twitter:label1\" content=\"Estimated reading time\" \/>\n\t<meta name=\"twitter:data1\" content=\"1 minute\" \/>\n<script type=\"application\/ld+json\" class=\"yoast-schema-graph\">{\"@context\":\"https:\/\/schema.org\",\"@graph\":[{\"@type\":\"WebPage\",\"@id\":\"https:\/\/skaitytaknyga.lt\/produktas\/marcelijus-martinaitis-laiskas-sabos-karalienei-pagelte-lapai\/\",\"url\":\"https:\/\/skaitytaknyga.lt\/produktas\/marcelijus-martinaitis-laiskas-sabos-karalienei-pagelte-lapai\/\",\"name\":\"Marcelijus Martinaitis \u201eLai\u0161kas Sabos karalienei\u201c (pagelt\u0119 lapai)\",\"isPartOf\":{\"@id\":\"https:\/\/skaitytaknyga.lt\/#website\"},\"primaryImageOfPage\":{\"@id\":\"https:\/\/skaitytaknyga.lt\/produktas\/marcelijus-martinaitis-laiskas-sabos-karalienei-pagelte-lapai\/#primaryimage\"},\"image\":{\"@id\":\"https:\/\/skaitytaknyga.lt\/produktas\/marcelijus-martinaitis-laiskas-sabos-karalienei-pagelte-lapai\/#primaryimage\"},\"thumbnailUrl\":\"https:\/\/skaitytaknyga.lt\/wp-content\/uploads\/2024\/05\/1474364895_IMG_0006.jpg\",\"datePublished\":\"2024-05-02T13:21:04+00:00\",\"dateModified\":\"2026-03-18T09:19:07+00:00\",\"description\":\"\u201eLai\u0161kai Sabos karalienei\u201c \u2013 ketvirtoji M. Martinai\u010dio es\u0117 knyga, kurioje sud\u0117ta daugiau kaip 20 met\u0173 kaupta med\u017eiaga. Autorius atskleid\u017eia unikalias lietuvi\u0173 liaudies meno, papro\u010di\u0173, tautosakos, literat\u016bros prasmes, kurios gali b\u016bti suvokiamos tik per tam tikrus religinius, mitologinius, socialinius kontekstus. Analizuodamas lietuvi\u0173 klasika tapusius A. Vienuolio, J. Apu\u010dio, R. Granausko apsakymus, autorius pl\u0117toja mint\u012f, kad k\u016brini\u0173 menin\u0117 ir emocin\u0117 \u012ftaiga da\u017enai susijusi su tuo, kas nepasakyta \u017eod\u017eiais, bet nujau\u010diama, kyla i\u0161 visos to meto kult\u016brin\u0117s ir informacin\u0117s erdv\u0117s.\",\"breadcrumb\":{\"@id\":\"https:\/\/skaitytaknyga.lt\/produktas\/marcelijus-martinaitis-laiskas-sabos-karalienei-pagelte-lapai\/#breadcrumb\"},\"inLanguage\":\"en-GB\",\"potentialAction\":[{\"@type\":\"ReadAction\",\"target\":[\"https:\/\/skaitytaknyga.lt\/produktas\/marcelijus-martinaitis-laiskas-sabos-karalienei-pagelte-lapai\/\"]}]},{\"@type\":\"ImageObject\",\"inLanguage\":\"en-GB\",\"@id\":\"https:\/\/skaitytaknyga.lt\/produktas\/marcelijus-martinaitis-laiskas-sabos-karalienei-pagelte-lapai\/#primaryimage\",\"url\":\"https:\/\/skaitytaknyga.lt\/wp-content\/uploads\/2024\/05\/1474364895_IMG_0006.jpg\",\"contentUrl\":\"https:\/\/skaitytaknyga.lt\/wp-content\/uploads\/2024\/05\/1474364895_IMG_0006.jpg\",\"width\":267,\"height\":430},{\"@type\":\"BreadcrumbList\",\"@id\":\"https:\/\/skaitytaknyga.lt\/produktas\/marcelijus-martinaitis-laiskas-sabos-karalienei-pagelte-lapai\/#breadcrumb\",\"itemListElement\":[{\"@type\":\"ListItem\",\"position\":1,\"name\":\"Home\",\"item\":\"https:\/\/skaitytaknyga.lt\/\"},{\"@type\":\"ListItem\",\"position\":2,\"name\":\"Parduotuv\u0117\",\"item\":\"https:\/\/skaitytaknyga.lt\/knygu-parduotuve\/\"},{\"@type\":\"ListItem\",\"position\":3,\"name\":\"Marcelijus Martinaitis \u201eLai\u0161kas Sabos karalienei\u201c (pagelt\u0119 lapai)\"}]},{\"@type\":\"WebSite\",\"@id\":\"https:\/\/skaitytaknyga.lt\/#website\",\"url\":\"https:\/\/skaitytaknyga.lt\/\",\"name\":\"skaitytaknyga.lt\",\"description\":\"Skaitytaknyga.lt \u2013 tai ma\u017eas \u0161eimos verslas, kuris prasid\u0117jo nuo meil\u0117s knygoms ir siekio i\u0161gelb\u0117ti knygas nuo likimo prie konteinerio. Kas vienam nereikalingas daiktas \u2013 kitam lobis, o mes esame tarpininkai, kurie padeda abiems tapti laimingesniems ???? \u017dinome kaip nelengva i\u0161gyventi ma\u017eiems verslams, tad nuo \u0161iol, \u010dia rasite ir kit\u0173, ma\u017e\u0173 \u0161eim\u0173 versl\u0173, rank\u0173 darbo, dovan\u0173 sau ir artimiesiems.\",\"publisher\":{\"@id\":\"https:\/\/skaitytaknyga.lt\/#organization\"},\"potentialAction\":[{\"@type\":\"SearchAction\",\"target\":{\"@type\":\"EntryPoint\",\"urlTemplate\":\"https:\/\/skaitytaknyga.lt\/?s={search_term_string}\"},\"query-input\":{\"@type\":\"PropertyValueSpecification\",\"valueRequired\":true,\"valueName\":\"search_term_string\"}}],\"inLanguage\":\"en-GB\"},{\"@type\":\"Organization\",\"@id\":\"https:\/\/skaitytaknyga.lt\/#organization\",\"name\":\"skaitytaknyga.lt\",\"url\":\"https:\/\/skaitytaknyga.lt\/\",\"logo\":{\"@type\":\"ImageObject\",\"inLanguage\":\"en-GB\",\"@id\":\"https:\/\/skaitytaknyga.lt\/#\/schema\/logo\/image\/\",\"url\":\"https:\/\/skaitytaknyga.lt\/wp-content\/uploads\/2024\/05\/cropped-cropped-cropped-02_00843_jt3bggkj1j3HLc7SyY6rEUpg.jpeg\",\"contentUrl\":\"https:\/\/skaitytaknyga.lt\/wp-content\/uploads\/2024\/05\/cropped-cropped-cropped-02_00843_jt3bggkj1j3HLc7SyY6rEUpg.jpeg\",\"width\":1600,\"height\":1600,\"caption\":\"skaitytaknyga.lt\"},\"image\":{\"@id\":\"https:\/\/skaitytaknyga.lt\/#\/schema\/logo\/image\/\"},\"sameAs\":[\"https:\/\/www.facebook.com\/skaitytaknyga\/\"]}]}<\/script>\n<!-- \/ Yoast SEO plugin. -->","yoast_head_json":{"title":"Marcelijus Martinaitis \u201eLai\u0161kas Sabos karalienei\u201c (pagelt\u0119 lapai)","description":"\u201eLai\u0161kai Sabos karalienei\u201c \u2013 ketvirtoji M. Martinai\u010dio es\u0117 knyga, kurioje sud\u0117ta daugiau kaip 20 met\u0173 kaupta med\u017eiaga. Autorius atskleid\u017eia unikalias lietuvi\u0173 liaudies meno, papro\u010di\u0173, tautosakos, literat\u016bros prasmes, kurios gali b\u016bti suvokiamos tik per tam tikrus religinius, mitologinius, socialinius kontekstus.  Analizuodamas lietuvi\u0173 klasika tapusius A. Vienuolio, J. Apu\u010dio, R. Granausko apsakymus, autorius pl\u0117toja mint\u012f, kad k\u016brini\u0173 menin\u0117 ir emocin\u0117 \u012ftaiga da\u017enai susijusi su tuo, kas nepasakyta \u017eod\u017eiais, bet nujau\u010diama, kyla i\u0161 visos to meto kult\u016brin\u0117s ir informacin\u0117s erdv\u0117s.","robots":{"index":"index","follow":"follow","max-snippet":"max-snippet:-1","max-image-preview":"max-image-preview:large","max-video-preview":"max-video-preview:-1"},"canonical":"https:\/\/skaitytaknyga.lt\/en\/produktas\/marcelijus-martinaitis-laiskas-sabos-karalienei-pagelte-lapai\/","og_locale":"en_GB","og_type":"article","og_title":"[:lt]Marcelijus Martinaitis \u201eLai\u0161kas Sabos karalienei\u201c (pagelt\u0119 lapai)[:] - Skaitytaknyga","og_description":"\u201eLai\u0161kai Sabos karalienei\u201c \u2013 ketvirtoji M. Martinai\u010dio es\u0117 knyga, kurioje sud\u0117ta daugiau kaip 20 met\u0173 kaupta med\u017eiaga. Autorius atskleid\u017eia unikalias lietuvi\u0173 liaudies meno, papro\u010di\u0173, tautosakos, literat\u016bros prasmes, kurios gali b\u016bti suvokiamos tik per tam tikrus religinius, mitologinius, socialinius kontekstus.  Analizuodamas lietuvi\u0173 klasika tapusius A. Vienuolio, J. Apu\u010dio, R. Granausko apsakymus, autorius pl\u0117toja mint\u012f, kad k\u016brini\u0173 menin\u0117 ir emocin\u0117 \u012ftaiga da\u017enai susijusi su tuo, kas nepasakyta \u017eod\u017eiais, bet nujau\u010diama, kyla i\u0161 visos to meto kult\u016brin\u0117s ir informacin\u0117s erdv\u0117s.","og_url":"https:\/\/skaitytaknyga.lt\/en\/produktas\/marcelijus-martinaitis-laiskas-sabos-karalienei-pagelte-lapai\/","og_site_name":"Skaitytaknyga","article_publisher":"https:\/\/www.facebook.com\/skaitytaknyga\/","article_modified_time":"2026-03-18T09:19:07+00:00","og_image":[{"width":267,"height":430,"url":"https:\/\/skaitytaknyga.lt\/wp-content\/uploads\/2024\/05\/1474364895_IMG_0006.jpg","type":"image\/jpeg"}],"twitter_card":"summary_large_image","twitter_misc":{"Estimated reading time":"1 minute"},"schema":{"@context":"https:\/\/schema.org","@graph":[{"@type":"WebPage","@id":"https:\/\/skaitytaknyga.lt\/produktas\/marcelijus-martinaitis-laiskas-sabos-karalienei-pagelte-lapai\/","url":"https:\/\/skaitytaknyga.lt\/produktas\/marcelijus-martinaitis-laiskas-sabos-karalienei-pagelte-lapai\/","name":"Marcelijus Martinaitis \u201eLai\u0161kas Sabos karalienei\u201c (pagelt\u0119 lapai)","isPartOf":{"@id":"https:\/\/skaitytaknyga.lt\/#website"},"primaryImageOfPage":{"@id":"https:\/\/skaitytaknyga.lt\/produktas\/marcelijus-martinaitis-laiskas-sabos-karalienei-pagelte-lapai\/#primaryimage"},"image":{"@id":"https:\/\/skaitytaknyga.lt\/produktas\/marcelijus-martinaitis-laiskas-sabos-karalienei-pagelte-lapai\/#primaryimage"},"thumbnailUrl":"https:\/\/skaitytaknyga.lt\/wp-content\/uploads\/2024\/05\/1474364895_IMG_0006.jpg","datePublished":"2024-05-02T13:21:04+00:00","dateModified":"2026-03-18T09:19:07+00:00","description":"\u201eLai\u0161kai Sabos karalienei\u201c \u2013 ketvirtoji M. Martinai\u010dio es\u0117 knyga, kurioje sud\u0117ta daugiau kaip 20 met\u0173 kaupta med\u017eiaga. Autorius atskleid\u017eia unikalias lietuvi\u0173 liaudies meno, papro\u010di\u0173, tautosakos, literat\u016bros prasmes, kurios gali b\u016bti suvokiamos tik per tam tikrus religinius, mitologinius, socialinius kontekstus. Analizuodamas lietuvi\u0173 klasika tapusius A. Vienuolio, J. Apu\u010dio, R. Granausko apsakymus, autorius pl\u0117toja mint\u012f, kad k\u016brini\u0173 menin\u0117 ir emocin\u0117 \u012ftaiga da\u017enai susijusi su tuo, kas nepasakyta \u017eod\u017eiais, bet nujau\u010diama, kyla i\u0161 visos to meto kult\u016brin\u0117s ir informacin\u0117s erdv\u0117s.","breadcrumb":{"@id":"https:\/\/skaitytaknyga.lt\/produktas\/marcelijus-martinaitis-laiskas-sabos-karalienei-pagelte-lapai\/#breadcrumb"},"inLanguage":"en-GB","potentialAction":[{"@type":"ReadAction","target":["https:\/\/skaitytaknyga.lt\/produktas\/marcelijus-martinaitis-laiskas-sabos-karalienei-pagelte-lapai\/"]}]},{"@type":"ImageObject","inLanguage":"en-GB","@id":"https:\/\/skaitytaknyga.lt\/produktas\/marcelijus-martinaitis-laiskas-sabos-karalienei-pagelte-lapai\/#primaryimage","url":"https:\/\/skaitytaknyga.lt\/wp-content\/uploads\/2024\/05\/1474364895_IMG_0006.jpg","contentUrl":"https:\/\/skaitytaknyga.lt\/wp-content\/uploads\/2024\/05\/1474364895_IMG_0006.jpg","width":267,"height":430},{"@type":"BreadcrumbList","@id":"https:\/\/skaitytaknyga.lt\/produktas\/marcelijus-martinaitis-laiskas-sabos-karalienei-pagelte-lapai\/#breadcrumb","itemListElement":[{"@type":"ListItem","position":1,"name":"Home","item":"https:\/\/skaitytaknyga.lt\/"},{"@type":"ListItem","position":2,"name":"Parduotuv\u0117","item":"https:\/\/skaitytaknyga.lt\/knygu-parduotuve\/"},{"@type":"ListItem","position":3,"name":"Marcelijus Martinaitis \u201eLai\u0161kas Sabos karalienei\u201c (pagelt\u0119 lapai)"}]},{"@type":"WebSite","@id":"https:\/\/skaitytaknyga.lt\/#website","url":"https:\/\/skaitytaknyga.lt\/","name":"skaitytaknyga.lt","description":"Skaitytaknyga.lt \u2013 tai ma\u017eas \u0161eimos verslas, kuris prasid\u0117jo nuo meil\u0117s knygoms ir siekio i\u0161gelb\u0117ti knygas nuo likimo prie konteinerio. Kas vienam nereikalingas daiktas \u2013 kitam lobis, o mes esame tarpininkai, kurie padeda abiems tapti laimingesniems ???? \u017dinome kaip nelengva i\u0161gyventi ma\u017eiems verslams, tad nuo \u0161iol, \u010dia rasite ir kit\u0173, ma\u017e\u0173 \u0161eim\u0173 versl\u0173, rank\u0173 darbo, dovan\u0173 sau ir artimiesiems.","publisher":{"@id":"https:\/\/skaitytaknyga.lt\/#organization"},"potentialAction":[{"@type":"SearchAction","target":{"@type":"EntryPoint","urlTemplate":"https:\/\/skaitytaknyga.lt\/?s={search_term_string}"},"query-input":{"@type":"PropertyValueSpecification","valueRequired":true,"valueName":"search_term_string"}}],"inLanguage":"en-GB"},{"@type":"Organization","@id":"https:\/\/skaitytaknyga.lt\/#organization","name":"skaitytaknyga.lt","url":"https:\/\/skaitytaknyga.lt\/","logo":{"@type":"ImageObject","inLanguage":"en-GB","@id":"https:\/\/skaitytaknyga.lt\/#\/schema\/logo\/image\/","url":"https:\/\/skaitytaknyga.lt\/wp-content\/uploads\/2024\/05\/cropped-cropped-cropped-02_00843_jt3bggkj1j3HLc7SyY6rEUpg.jpeg","contentUrl":"https:\/\/skaitytaknyga.lt\/wp-content\/uploads\/2024\/05\/cropped-cropped-cropped-02_00843_jt3bggkj1j3HLc7SyY6rEUpg.jpeg","width":1600,"height":1600,"caption":"skaitytaknyga.lt"},"image":{"@id":"https:\/\/skaitytaknyga.lt\/#\/schema\/logo\/image\/"},"sameAs":["https:\/\/www.facebook.com\/skaitytaknyga\/"]}]}},"_links":{"self":[{"href":"https:\/\/skaitytaknyga.lt\/en\/wp-json\/wp\/v2\/product\/6525","targetHints":{"allow":["GET"]}}],"collection":[{"href":"https:\/\/skaitytaknyga.lt\/en\/wp-json\/wp\/v2\/product"}],"about":[{"href":"https:\/\/skaitytaknyga.lt\/en\/wp-json\/wp\/v2\/types\/product"}],"replies":[{"embeddable":true,"href":"https:\/\/skaitytaknyga.lt\/en\/wp-json\/wp\/v2\/comments?post=6525"}],"wp:featuredmedia":[{"embeddable":true,"href":"https:\/\/skaitytaknyga.lt\/en\/wp-json\/wp\/v2\/media\/6537"}],"wp:attachment":[{"href":"https:\/\/skaitytaknyga.lt\/en\/wp-json\/wp\/v2\/media?parent=6525"}],"wp:term":[{"taxonomy":"product_brand","embeddable":true,"href":"https:\/\/skaitytaknyga.lt\/en\/wp-json\/wp\/v2\/product_brand?post=6525"},{"taxonomy":"product_cat","embeddable":true,"href":"https:\/\/skaitytaknyga.lt\/en\/wp-json\/wp\/v2\/product_cat?post=6525"},{"taxonomy":"product_tag","embeddable":true,"href":"https:\/\/skaitytaknyga.lt\/en\/wp-json\/wp\/v2\/product_tag?post=6525"}],"curies":[{"name":"wp","href":"https:\/\/api.w.org\/{rel}","templated":true}]}}