{"id":6499,"date":"2024-05-02T13:20:18","date_gmt":"2024-05-02T13:20:18","guid":{"rendered":"https:\/\/skaitytaknyga.lt\/?post_type=product&#038;p=6499"},"modified":"2024-05-03T07:29:49","modified_gmt":"2024-05-03T07:29:49","slug":"galina-dauguvietyte-perpetuum-mobile","status":"publish","type":"product","link":"https:\/\/skaitytaknyga.lt\/en\/produktas\/galina-dauguvietyte-perpetuum-mobile\/","title":{"rendered":"Galina Dauguvietyt\u0117 \u201ePerpetuum mobile\u201c"},"content":{"rendered":"<p><span class=\"SummaryValue\">Re\u017eisier\u0117s ir aktor\u0117s Galinos Dauguvietyt\u0117s atsiminim\u0173 knyga apie i\u0161kiliausias Lietuvos dramos ir operos teatro fig\u016bras, apie savo t\u0117v\u0105 &#8211; legendin\u012f re\u017eisieri\u0173 Boris\u0105 Dauguviet\u012f ir savo motin\u0105 &#8211; aktor\u0119 Nel\u0119 Vosyli\u016bt\u0119-Dauguvietien\u0119, taip pat apie savo gyvenim\u0105 &#8211; dinami\u0161k\u0105, darbing\u0105, kupin\u0105 nuotyki\u0173.<\/span><\/p>\n<p><span class=\"SummaryValue\">&#8211;<em>\u00a0A\u0161 ne kritik\u0117, tod\u0117l nepretendavau \u012f visapus\u012f meninio gyvenimo vertinim\u0105. Knygoje apsiriboju asmeniniais i\u0161gyvenimais: savo vedybomis, meil\u0117mis. N\u0117ra joje jokios lyrikos, jokio poeti\u0161kumo, &#8211; sako knygos autor\u0117.<\/em><\/span><\/p>\n","protected":false},"excerpt":{"rendered":"<p><span class=\"SummaryValue\">Re\u017eisier\u0117s ir aktor\u0117s Galinos Dauguvietyt\u0117s atsiminim\u0173 knyga apie i\u0161kiliausias Lietuvos dramos ir operos teatro fig\u016bras, apie savo t\u0117v\u0105 &#8211; legendin\u012f re\u017eisieri\u0173 Boris\u0105 Dauguviet\u012f ir savo motin\u0105 &#8211; aktor\u0119 Nel\u0119 Vosyli\u016bt\u0119-Dauguvietien\u0119, taip pat apie savo gyvenim\u0105 &#8211; dinami\u0161k\u0105, darbing\u0105, kupin\u0105 nuotyki\u0173.<\/span><\/p>\n<p><span class=\"SummaryValue\">&#8211;<em>\u00a0A\u0161 ne kritik\u0117, tod\u0117l nepretendavau \u012f visapus\u012f meninio gyvenimo vertinim\u0105. Knygoje apsiriboju asmeniniais i\u0161gyvenimais: savo vedybomis, meil\u0117mis. N\u0117ra joje jokios lyrikos, jokio poeti\u0161kumo, &#8211; sako knygos autor\u0117.<\/em><\/span><\/p>\n","protected":false},"featured_media":6520,"comment_status":"closed","ping_status":"closed","template":"","meta":{"_acf_changed":false,"site-sidebar-layout":"default","site-content-layout":"","ast-site-content-layout":"default","site-content-style":"default","site-sidebar-style":"default","ast-global-header-display":"","ast-banner-title-visibility":"","ast-main-header-display":"","ast-hfb-above-header-display":"","ast-hfb-below-header-display":"","ast-hfb-mobile-header-display":"","site-post-title":"","ast-breadcrumbs-content":"","ast-featured-img":"","footer-sml-layout":"","ast-disable-related-posts":"","theme-transparent-header-meta":"","adv-header-id-meta":"","stick-header-meta":"","header-above-stick-meta":"","header-main-stick-meta":"","header-below-stick-meta":"","astra-migrate-meta-layouts":"default","ast-page-background-enabled":"default","ast-page-background-meta":{"desktop":{"background-color":"","background-image":"","background-repeat":"repeat","background-position":"center center","background-size":"auto","background-attachment":"scroll","background-type":"","background-media":"","overlay-type":"","overlay-color":"","overlay-opacity":"","overlay-gradient":""},"tablet":{"background-color":"","background-image":"","background-repeat":"repeat","background-position":"center center","background-size":"auto","background-attachment":"scroll","background-type":"","background-media":"","overlay-type":"","overlay-color":"","overlay-opacity":"","overlay-gradient":""},"mobile":{"background-color":"","background-image":"","background-repeat":"repeat","background-position":"center center","background-size":"auto","background-attachment":"scroll","background-type":"","background-media":"","overlay-type":"","overlay-color":"","overlay-opacity":"","overlay-gradient":""}},"ast-content-background-meta":{"desktop":{"background-color":"var(--ast-global-color-4)","background-image":"","background-repeat":"repeat","background-position":"center center","background-size":"auto","background-attachment":"scroll","background-type":"","background-media":"","overlay-type":"","overlay-color":"","overlay-opacity":"","overlay-gradient":""},"tablet":{"background-color":"var(--ast-global-color-4)","background-image":"","background-repeat":"repeat","background-position":"center center","background-size":"auto","background-attachment":"scroll","background-type":"","background-media":"","overlay-type":"","overlay-color":"","overlay-opacity":"","overlay-gradient":""},"mobile":{"background-color":"var(--ast-global-color-4)","background-image":"","background-repeat":"repeat","background-position":"center center","background-size":"auto","background-attachment":"scroll","background-type":"","background-media":"","overlay-type":"","overlay-color":"","overlay-opacity":"","overlay-gradient":""}}},"product_brand":[],"product_cat":[33,57],"product_tag":[],"class_list":{"0":"post-6499","1":"product","2":"type-product","3":"status-publish","4":"has-post-thumbnail","6":"product_cat-biografijos","7":"product_cat-menas-ir-albumai","8":"desktop-align-left","9":"tablet-align-left","10":"mobile-align-left","12":"first","13":"instock","14":"shipping-taxable","15":"purchasable","16":"product-type-simple"},"acf":[],"yoast_head":"<!-- This site is optimized with the Yoast SEO plugin v27.4 - https:\/\/yoast.com\/product\/yoast-seo-wordpress\/ -->\n<title>Galina Dauguvietyt\u0117 \u201ePerpetuum mobile\u201c - Skaitytaknyga<\/title>\n<meta name=\"description\" content=\"Re\u017eisier\u0117s ir aktor\u0117s Galinos Dauguvietyt\u0117s atsiminim\u0173 knyga apie i\u0161kiliausias Lietuvos dramos ir operos teatro fig\u016bras, apie savo t\u0117v\u0105 - legendin\u012f re\u017eisieri\u0173 Boris\u0105 Dauguviet\u012f ir savo motin\u0105 - aktor\u0119 Nel\u0119 Vosyli\u016bt\u0119-Dauguvietien\u0119, taip pat apie savo gyvenim\u0105 - dinami\u0161k\u0105, darbing\u0105, kupin\u0105 nuotyki\u0173.  -\u00a0A\u0161 ne kritik\u0117, tod\u0117l nepretendavau \u012f visapus\u012f meninio gyvenimo vertinim\u0105. Knygoje apsiriboju asmeniniais i\u0161gyvenimais: savo vedybomis, meil\u0117mis. N\u0117ra joje jokios lyrikos, jokio poeti\u0161kumo, - sako knygos autor\u0117.\" \/>\n<meta name=\"robots\" content=\"index, follow, max-snippet:-1, max-image-preview:large, max-video-preview:-1\" \/>\n<link rel=\"canonical\" href=\"https:\/\/skaitytaknyga.lt\/en\/produktas\/galina-dauguvietyte-perpetuum-mobile\/\" \/>\n<meta property=\"og:locale\" content=\"en_GB\" \/>\n<meta property=\"og:locale:alternate\" content=\"lt_LT\" \/>\n<meta property=\"og:type\" content=\"article\" \/>\n<meta property=\"og:title\" content=\"Galina Dauguvietyt\u0117 \u201ePerpetuum mobile\u201c - Skaitytaknyga\" \/>\n<meta property=\"og:description\" content=\"Re\u017eisier\u0117s ir aktor\u0117s Galinos Dauguvietyt\u0117s atsiminim\u0173 knyga apie i\u0161kiliausias Lietuvos dramos ir operos teatro fig\u016bras, apie savo t\u0117v\u0105 - legendin\u012f re\u017eisieri\u0173 Boris\u0105 Dauguviet\u012f ir savo motin\u0105 - aktor\u0119 Nel\u0119 Vosyli\u016bt\u0119-Dauguvietien\u0119, taip pat apie savo gyvenim\u0105 - dinami\u0161k\u0105, darbing\u0105, kupin\u0105 nuotyki\u0173.  -\u00a0A\u0161 ne kritik\u0117, tod\u0117l nepretendavau \u012f visapus\u012f meninio gyvenimo vertinim\u0105. Knygoje apsiriboju asmeniniais i\u0161gyvenimais: savo vedybomis, meil\u0117mis. N\u0117ra joje jokios lyrikos, jokio poeti\u0161kumo, - sako knygos autor\u0117.\" \/>\n<meta property=\"og:url\" content=\"https:\/\/skaitytaknyga.lt\/en\/produktas\/galina-dauguvietyte-perpetuum-mobile\/\" \/>\n<meta property=\"og:site_name\" content=\"Skaitytaknyga\" \/>\n<meta property=\"article:publisher\" content=\"https:\/\/www.facebook.com\/skaitytaknyga\/\" \/>\n<meta property=\"article:modified_time\" content=\"2024-05-03T07:29:49+00:00\" \/>\n<meta property=\"og:image\" content=\"https:\/\/skaitytaknyga.lt\/wp-content\/uploads\/2024\/05\/1462873120_img0006.jpg\" \/>\n\t<meta property=\"og:image:width\" content=\"269\" \/>\n\t<meta property=\"og:image:height\" content=\"430\" \/>\n\t<meta property=\"og:image:type\" content=\"image\/jpeg\" \/>\n<meta name=\"twitter:card\" content=\"summary_large_image\" \/>\n<meta name=\"twitter:label1\" content=\"Estimated reading time\" \/>\n\t<meta name=\"twitter:data1\" content=\"1 minute\" \/>\n<script type=\"application\/ld+json\" class=\"yoast-schema-graph\">{\"@context\":\"https:\\\/\\\/schema.org\",\"@graph\":[{\"@type\":\"WebPage\",\"@id\":\"https:\\\/\\\/skaitytaknyga.lt\\\/produktas\\\/galina-dauguvietyte-perpetuum-mobile\\\/\",\"url\":\"https:\\\/\\\/skaitytaknyga.lt\\\/produktas\\\/galina-dauguvietyte-perpetuum-mobile\\\/\",\"name\":\"Galina Dauguvietyt\u0117 \u201ePerpetuum mobile\u201c - Skaitytaknyga\",\"isPartOf\":{\"@id\":\"https:\\\/\\\/skaitytaknyga.lt\\\/#website\"},\"primaryImageOfPage\":{\"@id\":\"https:\\\/\\\/skaitytaknyga.lt\\\/produktas\\\/galina-dauguvietyte-perpetuum-mobile\\\/#primaryimage\"},\"image\":{\"@id\":\"https:\\\/\\\/skaitytaknyga.lt\\\/produktas\\\/galina-dauguvietyte-perpetuum-mobile\\\/#primaryimage\"},\"thumbnailUrl\":\"https:\\\/\\\/skaitytaknyga.lt\\\/wp-content\\\/uploads\\\/2024\\\/05\\\/1462873120_img0006.jpg\",\"datePublished\":\"2024-05-02T13:20:18+00:00\",\"dateModified\":\"2024-05-03T07:29:49+00:00\",\"description\":\"Re\u017eisier\u0117s ir aktor\u0117s Galinos Dauguvietyt\u0117s atsiminim\u0173 knyga apie i\u0161kiliausias Lietuvos dramos ir operos teatro fig\u016bras, apie savo t\u0117v\u0105 - legendin\u012f re\u017eisieri\u0173 Boris\u0105 Dauguviet\u012f ir savo motin\u0105 - aktor\u0119 Nel\u0119 Vosyli\u016bt\u0119-Dauguvietien\u0119, taip pat apie savo gyvenim\u0105 - dinami\u0161k\u0105, darbing\u0105, kupin\u0105 nuotyki\u0173. -\u00a0A\u0161 ne kritik\u0117, tod\u0117l nepretendavau \u012f visapus\u012f meninio gyvenimo vertinim\u0105. Knygoje apsiriboju asmeniniais i\u0161gyvenimais: savo vedybomis, meil\u0117mis. N\u0117ra joje jokios lyrikos, jokio poeti\u0161kumo, - sako knygos autor\u0117.\",\"breadcrumb\":{\"@id\":\"https:\\\/\\\/skaitytaknyga.lt\\\/produktas\\\/galina-dauguvietyte-perpetuum-mobile\\\/#breadcrumb\"},\"inLanguage\":\"en-GB\",\"potentialAction\":[{\"@type\":\"ReadAction\",\"target\":[\"https:\\\/\\\/skaitytaknyga.lt\\\/produktas\\\/galina-dauguvietyte-perpetuum-mobile\\\/\"]}]},{\"@type\":\"ImageObject\",\"inLanguage\":\"en-GB\",\"@id\":\"https:\\\/\\\/skaitytaknyga.lt\\\/produktas\\\/galina-dauguvietyte-perpetuum-mobile\\\/#primaryimage\",\"url\":\"https:\\\/\\\/skaitytaknyga.lt\\\/wp-content\\\/uploads\\\/2024\\\/05\\\/1462873120_img0006.jpg\",\"contentUrl\":\"https:\\\/\\\/skaitytaknyga.lt\\\/wp-content\\\/uploads\\\/2024\\\/05\\\/1462873120_img0006.jpg\",\"width\":269,\"height\":430},{\"@type\":\"BreadcrumbList\",\"@id\":\"https:\\\/\\\/skaitytaknyga.lt\\\/produktas\\\/galina-dauguvietyte-perpetuum-mobile\\\/#breadcrumb\",\"itemListElement\":[{\"@type\":\"ListItem\",\"position\":1,\"name\":\"Home\",\"item\":\"https:\\\/\\\/skaitytaknyga.lt\\\/\"},{\"@type\":\"ListItem\",\"position\":2,\"name\":\"Parduotuv\u0117\",\"item\":\"https:\\\/\\\/skaitytaknyga.lt\\\/knygu-parduotuve\\\/\"},{\"@type\":\"ListItem\",\"position\":3,\"name\":\"Galina Dauguvietyt\u0117 \u201ePerpetuum mobile\u201c\"}]},{\"@type\":\"WebSite\",\"@id\":\"https:\\\/\\\/skaitytaknyga.lt\\\/#website\",\"url\":\"https:\\\/\\\/skaitytaknyga.lt\\\/\",\"name\":\"skaitytaknyga.lt\",\"description\":\"Skaitytaknyga.lt \u2013 tai ma\u017eas \u0161eimos verslas, kuris prasid\u0117jo nuo meil\u0117s knygoms ir siekio i\u0161gelb\u0117ti knygas nuo likimo prie konteinerio. Kas vienam nereikalingas daiktas \u2013 kitam lobis, o mes esame tarpininkai, kurie padeda abiems tapti laimingesniems ???? \u017dinome kaip nelengva i\u0161gyventi ma\u017eiems verslams, tad nuo \u0161iol, \u010dia rasite ir kit\u0173, ma\u017e\u0173 \u0161eim\u0173 versl\u0173, rank\u0173 darbo, dovan\u0173 sau ir artimiesiems.\",\"publisher\":{\"@id\":\"https:\\\/\\\/skaitytaknyga.lt\\\/#organization\"},\"potentialAction\":[{\"@type\":\"SearchAction\",\"target\":{\"@type\":\"EntryPoint\",\"urlTemplate\":\"https:\\\/\\\/skaitytaknyga.lt\\\/?s={search_term_string}\"},\"query-input\":{\"@type\":\"PropertyValueSpecification\",\"valueRequired\":true,\"valueName\":\"search_term_string\"}}],\"inLanguage\":\"en-GB\"},{\"@type\":\"Organization\",\"@id\":\"https:\\\/\\\/skaitytaknyga.lt\\\/#organization\",\"name\":\"skaitytaknyga.lt\",\"url\":\"https:\\\/\\\/skaitytaknyga.lt\\\/\",\"logo\":{\"@type\":\"ImageObject\",\"inLanguage\":\"en-GB\",\"@id\":\"https:\\\/\\\/skaitytaknyga.lt\\\/#\\\/schema\\\/logo\\\/image\\\/\",\"url\":\"https:\\\/\\\/skaitytaknyga.lt\\\/wp-content\\\/uploads\\\/2024\\\/05\\\/cropped-cropped-cropped-02_00843_jt3bggkj1j3HLc7SyY6rEUpg.jpeg\",\"contentUrl\":\"https:\\\/\\\/skaitytaknyga.lt\\\/wp-content\\\/uploads\\\/2024\\\/05\\\/cropped-cropped-cropped-02_00843_jt3bggkj1j3HLc7SyY6rEUpg.jpeg\",\"width\":1600,\"height\":1600,\"caption\":\"skaitytaknyga.lt\"},\"image\":{\"@id\":\"https:\\\/\\\/skaitytaknyga.lt\\\/#\\\/schema\\\/logo\\\/image\\\/\"},\"sameAs\":[\"https:\\\/\\\/www.facebook.com\\\/skaitytaknyga\\\/\"]}]}<\/script>\n<!-- \/ Yoast SEO plugin. -->","yoast_head_json":{"title":"Galina Dauguvietyt\u0117 \u201ePerpetuum mobile\u201c - Skaitytaknyga","description":"Re\u017eisier\u0117s ir aktor\u0117s Galinos Dauguvietyt\u0117s atsiminim\u0173 knyga apie i\u0161kiliausias Lietuvos dramos ir operos teatro fig\u016bras, apie savo t\u0117v\u0105 - legendin\u012f re\u017eisieri\u0173 Boris\u0105 Dauguviet\u012f ir savo motin\u0105 - aktor\u0119 Nel\u0119 Vosyli\u016bt\u0119-Dauguvietien\u0119, taip pat apie savo gyvenim\u0105 - dinami\u0161k\u0105, darbing\u0105, kupin\u0105 nuotyki\u0173.  -\u00a0A\u0161 ne kritik\u0117, tod\u0117l nepretendavau \u012f visapus\u012f meninio gyvenimo vertinim\u0105. Knygoje apsiriboju asmeniniais i\u0161gyvenimais: savo vedybomis, meil\u0117mis. N\u0117ra joje jokios lyrikos, jokio poeti\u0161kumo, - sako knygos autor\u0117.","robots":{"index":"index","follow":"follow","max-snippet":"max-snippet:-1","max-image-preview":"max-image-preview:large","max-video-preview":"max-video-preview:-1"},"canonical":"https:\/\/skaitytaknyga.lt\/en\/produktas\/galina-dauguvietyte-perpetuum-mobile\/","og_locale":"en_GB","og_type":"article","og_title":"Galina Dauguvietyt\u0117 \u201ePerpetuum mobile\u201c - Skaitytaknyga","og_description":"Re\u017eisier\u0117s ir aktor\u0117s Galinos Dauguvietyt\u0117s atsiminim\u0173 knyga apie i\u0161kiliausias Lietuvos dramos ir operos teatro fig\u016bras, apie savo t\u0117v\u0105 - legendin\u012f re\u017eisieri\u0173 Boris\u0105 Dauguviet\u012f ir savo motin\u0105 - aktor\u0119 Nel\u0119 Vosyli\u016bt\u0119-Dauguvietien\u0119, taip pat apie savo gyvenim\u0105 - dinami\u0161k\u0105, darbing\u0105, kupin\u0105 nuotyki\u0173.  -\u00a0A\u0161 ne kritik\u0117, tod\u0117l nepretendavau \u012f visapus\u012f meninio gyvenimo vertinim\u0105. Knygoje apsiriboju asmeniniais i\u0161gyvenimais: savo vedybomis, meil\u0117mis. N\u0117ra joje jokios lyrikos, jokio poeti\u0161kumo, - sako knygos autor\u0117.","og_url":"https:\/\/skaitytaknyga.lt\/en\/produktas\/galina-dauguvietyte-perpetuum-mobile\/","og_site_name":"Skaitytaknyga","article_publisher":"https:\/\/www.facebook.com\/skaitytaknyga\/","article_modified_time":"2024-05-03T07:29:49+00:00","og_image":[{"width":269,"height":430,"url":"https:\/\/skaitytaknyga.lt\/wp-content\/uploads\/2024\/05\/1462873120_img0006.jpg","type":"image\/jpeg"}],"twitter_card":"summary_large_image","twitter_misc":{"Estimated reading time":"1 minute"},"schema":{"@context":"https:\/\/schema.org","@graph":[{"@type":"WebPage","@id":"https:\/\/skaitytaknyga.lt\/produktas\/galina-dauguvietyte-perpetuum-mobile\/","url":"https:\/\/skaitytaknyga.lt\/produktas\/galina-dauguvietyte-perpetuum-mobile\/","name":"Galina Dauguvietyt\u0117 \u201ePerpetuum mobile\u201c - Skaitytaknyga","isPartOf":{"@id":"https:\/\/skaitytaknyga.lt\/#website"},"primaryImageOfPage":{"@id":"https:\/\/skaitytaknyga.lt\/produktas\/galina-dauguvietyte-perpetuum-mobile\/#primaryimage"},"image":{"@id":"https:\/\/skaitytaknyga.lt\/produktas\/galina-dauguvietyte-perpetuum-mobile\/#primaryimage"},"thumbnailUrl":"https:\/\/skaitytaknyga.lt\/wp-content\/uploads\/2024\/05\/1462873120_img0006.jpg","datePublished":"2024-05-02T13:20:18+00:00","dateModified":"2024-05-03T07:29:49+00:00","description":"Re\u017eisier\u0117s ir aktor\u0117s Galinos Dauguvietyt\u0117s atsiminim\u0173 knyga apie i\u0161kiliausias Lietuvos dramos ir operos teatro fig\u016bras, apie savo t\u0117v\u0105 - legendin\u012f re\u017eisieri\u0173 Boris\u0105 Dauguviet\u012f ir savo motin\u0105 - aktor\u0119 Nel\u0119 Vosyli\u016bt\u0119-Dauguvietien\u0119, taip pat apie savo gyvenim\u0105 - dinami\u0161k\u0105, darbing\u0105, kupin\u0105 nuotyki\u0173. -\u00a0A\u0161 ne kritik\u0117, tod\u0117l nepretendavau \u012f visapus\u012f meninio gyvenimo vertinim\u0105. Knygoje apsiriboju asmeniniais i\u0161gyvenimais: savo vedybomis, meil\u0117mis. N\u0117ra joje jokios lyrikos, jokio poeti\u0161kumo, - sako knygos autor\u0117.","breadcrumb":{"@id":"https:\/\/skaitytaknyga.lt\/produktas\/galina-dauguvietyte-perpetuum-mobile\/#breadcrumb"},"inLanguage":"en-GB","potentialAction":[{"@type":"ReadAction","target":["https:\/\/skaitytaknyga.lt\/produktas\/galina-dauguvietyte-perpetuum-mobile\/"]}]},{"@type":"ImageObject","inLanguage":"en-GB","@id":"https:\/\/skaitytaknyga.lt\/produktas\/galina-dauguvietyte-perpetuum-mobile\/#primaryimage","url":"https:\/\/skaitytaknyga.lt\/wp-content\/uploads\/2024\/05\/1462873120_img0006.jpg","contentUrl":"https:\/\/skaitytaknyga.lt\/wp-content\/uploads\/2024\/05\/1462873120_img0006.jpg","width":269,"height":430},{"@type":"BreadcrumbList","@id":"https:\/\/skaitytaknyga.lt\/produktas\/galina-dauguvietyte-perpetuum-mobile\/#breadcrumb","itemListElement":[{"@type":"ListItem","position":1,"name":"Home","item":"https:\/\/skaitytaknyga.lt\/"},{"@type":"ListItem","position":2,"name":"Parduotuv\u0117","item":"https:\/\/skaitytaknyga.lt\/knygu-parduotuve\/"},{"@type":"ListItem","position":3,"name":"Galina Dauguvietyt\u0117 \u201ePerpetuum mobile\u201c"}]},{"@type":"WebSite","@id":"https:\/\/skaitytaknyga.lt\/#website","url":"https:\/\/skaitytaknyga.lt\/","name":"skaitytaknyga.lt","description":"Skaitytaknyga.lt \u2013 tai ma\u017eas \u0161eimos verslas, kuris prasid\u0117jo nuo meil\u0117s knygoms ir siekio i\u0161gelb\u0117ti knygas nuo likimo prie konteinerio. Kas vienam nereikalingas daiktas \u2013 kitam lobis, o mes esame tarpininkai, kurie padeda abiems tapti laimingesniems ???? \u017dinome kaip nelengva i\u0161gyventi ma\u017eiems verslams, tad nuo \u0161iol, \u010dia rasite ir kit\u0173, ma\u017e\u0173 \u0161eim\u0173 versl\u0173, rank\u0173 darbo, dovan\u0173 sau ir artimiesiems.","publisher":{"@id":"https:\/\/skaitytaknyga.lt\/#organization"},"potentialAction":[{"@type":"SearchAction","target":{"@type":"EntryPoint","urlTemplate":"https:\/\/skaitytaknyga.lt\/?s={search_term_string}"},"query-input":{"@type":"PropertyValueSpecification","valueRequired":true,"valueName":"search_term_string"}}],"inLanguage":"en-GB"},{"@type":"Organization","@id":"https:\/\/skaitytaknyga.lt\/#organization","name":"skaitytaknyga.lt","url":"https:\/\/skaitytaknyga.lt\/","logo":{"@type":"ImageObject","inLanguage":"en-GB","@id":"https:\/\/skaitytaknyga.lt\/#\/schema\/logo\/image\/","url":"https:\/\/skaitytaknyga.lt\/wp-content\/uploads\/2024\/05\/cropped-cropped-cropped-02_00843_jt3bggkj1j3HLc7SyY6rEUpg.jpeg","contentUrl":"https:\/\/skaitytaknyga.lt\/wp-content\/uploads\/2024\/05\/cropped-cropped-cropped-02_00843_jt3bggkj1j3HLc7SyY6rEUpg.jpeg","width":1600,"height":1600,"caption":"skaitytaknyga.lt"},"image":{"@id":"https:\/\/skaitytaknyga.lt\/#\/schema\/logo\/image\/"},"sameAs":["https:\/\/www.facebook.com\/skaitytaknyga\/"]}]}},"_links":{"self":[{"href":"https:\/\/skaitytaknyga.lt\/en\/wp-json\/wp\/v2\/product\/6499","targetHints":{"allow":["GET"]}}],"collection":[{"href":"https:\/\/skaitytaknyga.lt\/en\/wp-json\/wp\/v2\/product"}],"about":[{"href":"https:\/\/skaitytaknyga.lt\/en\/wp-json\/wp\/v2\/types\/product"}],"replies":[{"embeddable":true,"href":"https:\/\/skaitytaknyga.lt\/en\/wp-json\/wp\/v2\/comments?post=6499"}],"wp:featuredmedia":[{"embeddable":true,"href":"https:\/\/skaitytaknyga.lt\/en\/wp-json\/wp\/v2\/media\/6520"}],"wp:attachment":[{"href":"https:\/\/skaitytaknyga.lt\/en\/wp-json\/wp\/v2\/media?parent=6499"}],"wp:term":[{"taxonomy":"product_brand","embeddable":true,"href":"https:\/\/skaitytaknyga.lt\/en\/wp-json\/wp\/v2\/product_brand?post=6499"},{"taxonomy":"product_cat","embeddable":true,"href":"https:\/\/skaitytaknyga.lt\/en\/wp-json\/wp\/v2\/product_cat?post=6499"},{"taxonomy":"product_tag","embeddable":true,"href":"https:\/\/skaitytaknyga.lt\/en\/wp-json\/wp\/v2\/product_tag?post=6499"}],"curies":[{"name":"wp","href":"https:\/\/api.w.org\/{rel}","templated":true}]}}