{"id":6497,"date":"2024-05-02T13:20:18","date_gmt":"2024-05-02T13:20:18","guid":{"rendered":"https:\/\/skaitytaknyga.lt\/?post_type=product&#038;p=6497"},"modified":"2026-03-18T14:55:48","modified_gmt":"2026-03-18T12:55:48","slug":"mark-solonin-birzelio-22-oji-katastrofos-anatomija","status":"publish","type":"product","link":"https:\/\/skaitytaknyga.lt\/en\/produktas\/mark-solonin-birzelio-22-oji-katastrofos-anatomija\/","title":{"rendered":"Mark Solonin \u201eBir\u017eelio 22-oji: katastrofos anatomija\u201c"},"content":{"rendered":"<p>Markas Soloninas (g. 1958 m.) &#8211; vienas \u017eymiausi\u0173 naujosios kartos Rusijos istorik\u0173. Sensacingoje knygoje \u201eBir\u017eelio 22-oji: katastrofos anatomija\u201c naujai nagrin\u0117jamas pradinis hitlerin\u0117s Vokietijos ir stalinin\u0117s Soviet\u0173 S\u0105jungos karo laikotarpis. Autorius, remdamasis dokumentais ir skai\u010diais, oponuoja tradicinei Antrojo pasaulinio karo sovietinei istoriografijai, griauna senus propagandos mitus.<\/p>\n<p>M. Soloninas ilgai nerado leidyklos, kuri sutikt\u0173 publikuoti jo leidinius. \u0160iuo metu jo knygos leid\u017eiamos de\u0161imtimis tira\u017e\u0173 ir jau pasiek\u0117 200 t\u016bkstan\u010di\u0173. \u201eBir\u017eelio 22-oji: katastrofos anatomija\u201c jau i\u0161versta \u012f \u010dek\u0173, slovak\u0173, lenk\u0173, est\u0173 kalbas.<\/p>\n","protected":false},"excerpt":{"rendered":"<p>Markas Soloninas (g. 1958 m.) &#8211; vienas \u017eymiausi\u0173 naujosios kartos Rusijos istorik\u0173. Sensacingoje knygoje \u201eBir\u017eelio 22-oji: katastrofos anatomija\u201c naujai nagrin\u0117jamas pradinis hitlerin\u0117s Vokietijos ir stalinin\u0117s Soviet\u0173 S\u0105jungos karo laikotarpis. Autorius, remdamasis dokumentais ir skai\u010diais, oponuoja tradicinei Antrojo pasaulinio karo sovietinei istoriografijai, griauna senus propagandos mitus.<\/p>\n<p>M. Soloninas ilgai nerado leidyklos, kuri sutikt\u0173 publikuoti jo leidinius. \u0160iuo metu jo knygos leid\u017eiamos de\u0161imtimis tira\u017e\u0173 ir jau pasiek\u0117 200 t\u016bkstan\u010di\u0173. \u201eBir\u017eelio 22-oji: katastrofos anatomija\u201c jau i\u0161versta \u012f \u010dek\u0173, slovak\u0173, lenk\u0173, est\u0173 kalbas.<\/p>\n","protected":false},"featured_media":6518,"comment_status":"closed","ping_status":"closed","template":"","meta":{"_acf_changed":false,"site-sidebar-layout":"default","site-content-layout":"","ast-site-content-layout":"default","site-content-style":"default","site-sidebar-style":"default","ast-global-header-display":"","ast-banner-title-visibility":"","ast-main-header-display":"","ast-hfb-above-header-display":"","ast-hfb-below-header-display":"","ast-hfb-mobile-header-display":"","site-post-title":"","ast-breadcrumbs-content":"","ast-featured-img":"","footer-sml-layout":"","ast-disable-related-posts":"","theme-transparent-header-meta":"","adv-header-id-meta":"","stick-header-meta":"","header-above-stick-meta":"","header-main-stick-meta":"","header-below-stick-meta":"","astra-migrate-meta-layouts":"default","ast-page-background-enabled":"default","ast-page-background-meta":{"desktop":{"background-color":"","background-image":"","background-repeat":"repeat","background-position":"center center","background-size":"auto","background-attachment":"scroll","background-type":"","background-media":"","overlay-type":"","overlay-color":"","overlay-opacity":"","overlay-gradient":""},"tablet":{"background-color":"","background-image":"","background-repeat":"repeat","background-position":"center center","background-size":"auto","background-attachment":"scroll","background-type":"","background-media":"","overlay-type":"","overlay-color":"","overlay-opacity":"","overlay-gradient":""},"mobile":{"background-color":"","background-image":"","background-repeat":"repeat","background-position":"center center","background-size":"auto","background-attachment":"scroll","background-type":"","background-media":"","overlay-type":"","overlay-color":"","overlay-opacity":"","overlay-gradient":""}},"ast-content-background-meta":{"desktop":{"background-color":"var(--ast-global-color-4)","background-image":"","background-repeat":"repeat","background-position":"center center","background-size":"auto","background-attachment":"scroll","background-type":"","background-media":"","overlay-type":"","overlay-color":"","overlay-opacity":"","overlay-gradient":""},"tablet":{"background-color":"var(--ast-global-color-4)","background-image":"","background-repeat":"repeat","background-position":"center center","background-size":"auto","background-attachment":"scroll","background-type":"","background-media":"","overlay-type":"","overlay-color":"","overlay-opacity":"","overlay-gradient":""},"mobile":{"background-color":"var(--ast-global-color-4)","background-image":"","background-repeat":"repeat","background-position":"center center","background-size":"auto","background-attachment":"scroll","background-type":"","background-media":"","overlay-type":"","overlay-color":"","overlay-opacity":"","overlay-gradient":""}}},"product_brand":[],"product_cat":[9864,174],"product_tag":[],"class_list":{"0":"post-6497","1":"product","2":"type-product","3":"status-publish","4":"has-post-thumbnail","6":"product_cat-karo-istorija","7":"product_cat-istorija-ir-politologija","8":"desktop-align-left","9":"tablet-align-left","10":"mobile-align-left","12":"first","13":"outofstock","14":"shipping-taxable","15":"purchasable","16":"product-type-simple"},"acf":[],"yoast_head":"<!-- This site is optimized with the Yoast SEO plugin v27.0 - https:\/\/yoast.com\/product\/yoast-seo-wordpress\/ -->\n<title>Mark Solonin \u201eBir\u017eelio 22-oji: katastrofos anatomija\u201c<\/title>\n<meta name=\"description\" content=\"Markas Soloninas (g. 1958 m.) - vienas \u017eymiausi\u0173 naujosios kartos Rusijos istorik\u0173. Sensacingoje knygoje \u201eBir\u017eelio 22-oji: katastrofos anatomija\u201c naujai nagrin\u0117jamas pradinis hitlerin\u0117s Vokietijos ir stalinin\u0117s Soviet\u0173 S\u0105jungos karo laikotarpis. Autorius, remdamasis dokumentais ir skai\u010diais, oponuoja tradicinei Antrojo pasaulinio karo sovietinei istoriografijai, griauna senus propagandos mitus.  M. Soloninas ilgai nerado leidyklos, kuri sutikt\u0173 publikuoti jo leidinius. \u0160iuo metu jo knygos leid\u017eiamos de\u0161imtimis tira\u017e\u0173 ir jau pasiek\u0117 200 t\u016bkstan\u010di\u0173. \u201eBir\u017eelio 22-oji: katastrofos anatomija\u201c jau i\u0161versta \u012f \u010dek\u0173, slovak\u0173, lenk\u0173, est\u0173 kalbas.\" \/>\n<meta name=\"robots\" content=\"index, follow, max-snippet:-1, max-image-preview:large, max-video-preview:-1\" \/>\n<link rel=\"canonical\" href=\"https:\/\/skaitytaknyga.lt\/en\/produktas\/mark-solonin-birzelio-22-oji-katastrofos-anatomija\/\" \/>\n<meta property=\"og:locale\" content=\"en_GB\" \/>\n<meta property=\"og:locale:alternate\" content=\"lt_LT\" \/>\n<meta property=\"og:type\" content=\"article\" \/>\n<meta property=\"og:title\" content=\"Mark Solonin \u201eBir\u017eelio 22-oji: katastrofos anatomija\u201c\" \/>\n<meta property=\"og:description\" content=\"Markas Soloninas (g. 1958 m.) - vienas \u017eymiausi\u0173 naujosios kartos Rusijos istorik\u0173. Sensacingoje knygoje \u201eBir\u017eelio 22-oji: katastrofos anatomija\u201c naujai nagrin\u0117jamas pradinis hitlerin\u0117s Vokietijos ir stalinin\u0117s Soviet\u0173 S\u0105jungos karo laikotarpis. Autorius, remdamasis dokumentais ir skai\u010diais, oponuoja tradicinei Antrojo pasaulinio karo sovietinei istoriografijai, griauna senus propagandos mitus.  M. Soloninas ilgai nerado leidyklos, kuri sutikt\u0173 publikuoti jo leidinius. \u0160iuo metu jo knygos leid\u017eiamos de\u0161imtimis tira\u017e\u0173 ir jau pasiek\u0117 200 t\u016bkstan\u010di\u0173. \u201eBir\u017eelio 22-oji: katastrofos anatomija\u201c jau i\u0161versta \u012f \u010dek\u0173, slovak\u0173, lenk\u0173, est\u0173 kalbas.\" \/>\n<meta property=\"og:url\" content=\"https:\/\/skaitytaknyga.lt\/en\/produktas\/mark-solonin-birzelio-22-oji-katastrofos-anatomija\/\" \/>\n<meta property=\"og:site_name\" content=\"Skaitytaknyga\" \/>\n<meta property=\"article:publisher\" content=\"https:\/\/www.facebook.com\/skaitytaknyga\/\" \/>\n<meta property=\"article:modified_time\" content=\"2026-03-18T12:55:48+00:00\" \/>\n<meta property=\"og:image\" content=\"https:\/\/skaitytaknyga.lt\/wp-content\/uploads\/2024\/05\/1462877267_birzelio22coz1.png\" \/>\n\t<meta property=\"og:image:width\" content=\"305\" \/>\n\t<meta property=\"og:image:height\" content=\"430\" \/>\n\t<meta property=\"og:image:type\" content=\"image\/png\" \/>\n<meta name=\"twitter:card\" content=\"summary_large_image\" \/>\n<meta name=\"twitter:label1\" content=\"Estimated reading time\" \/>\n\t<meta name=\"twitter:data1\" content=\"1 minute\" \/>\n<script type=\"application\/ld+json\" class=\"yoast-schema-graph\">{\"@context\":\"https:\/\/schema.org\",\"@graph\":[{\"@type\":\"WebPage\",\"@id\":\"https:\/\/skaitytaknyga.lt\/produktas\/mark-solonin-birzelio-22-oji-katastrofos-anatomija\/\",\"url\":\"https:\/\/skaitytaknyga.lt\/produktas\/mark-solonin-birzelio-22-oji-katastrofos-anatomija\/\",\"name\":\"Mark Solonin \u201eBir\u017eelio 22-oji: katastrofos anatomija\u201c\",\"isPartOf\":{\"@id\":\"https:\/\/skaitytaknyga.lt\/#website\"},\"primaryImageOfPage\":{\"@id\":\"https:\/\/skaitytaknyga.lt\/produktas\/mark-solonin-birzelio-22-oji-katastrofos-anatomija\/#primaryimage\"},\"image\":{\"@id\":\"https:\/\/skaitytaknyga.lt\/produktas\/mark-solonin-birzelio-22-oji-katastrofos-anatomija\/#primaryimage\"},\"thumbnailUrl\":\"https:\/\/skaitytaknyga.lt\/wp-content\/uploads\/2024\/05\/1462877267_birzelio22coz1.png\",\"datePublished\":\"2024-05-02T13:20:18+00:00\",\"dateModified\":\"2026-03-18T12:55:48+00:00\",\"description\":\"Markas Soloninas (g. 1958 m.) - vienas \u017eymiausi\u0173 naujosios kartos Rusijos istorik\u0173. Sensacingoje knygoje \u201eBir\u017eelio 22-oji: katastrofos anatomija\u201c naujai nagrin\u0117jamas pradinis hitlerin\u0117s Vokietijos ir stalinin\u0117s Soviet\u0173 S\u0105jungos karo laikotarpis. Autorius, remdamasis dokumentais ir skai\u010diais, oponuoja tradicinei Antrojo pasaulinio karo sovietinei istoriografijai, griauna senus propagandos mitus. M. Soloninas ilgai nerado leidyklos, kuri sutikt\u0173 publikuoti jo leidinius. \u0160iuo metu jo knygos leid\u017eiamos de\u0161imtimis tira\u017e\u0173 ir jau pasiek\u0117 200 t\u016bkstan\u010di\u0173. \u201eBir\u017eelio 22-oji: katastrofos anatomija\u201c jau i\u0161versta \u012f \u010dek\u0173, slovak\u0173, lenk\u0173, est\u0173 kalbas.\",\"breadcrumb\":{\"@id\":\"https:\/\/skaitytaknyga.lt\/produktas\/mark-solonin-birzelio-22-oji-katastrofos-anatomija\/#breadcrumb\"},\"inLanguage\":\"en-GB\",\"potentialAction\":[{\"@type\":\"ReadAction\",\"target\":[\"https:\/\/skaitytaknyga.lt\/produktas\/mark-solonin-birzelio-22-oji-katastrofos-anatomija\/\"]}]},{\"@type\":\"ImageObject\",\"inLanguage\":\"en-GB\",\"@id\":\"https:\/\/skaitytaknyga.lt\/produktas\/mark-solonin-birzelio-22-oji-katastrofos-anatomija\/#primaryimage\",\"url\":\"https:\/\/skaitytaknyga.lt\/wp-content\/uploads\/2024\/05\/1462877267_birzelio22coz1.png\",\"contentUrl\":\"https:\/\/skaitytaknyga.lt\/wp-content\/uploads\/2024\/05\/1462877267_birzelio22coz1.png\",\"width\":305,\"height\":430},{\"@type\":\"BreadcrumbList\",\"@id\":\"https:\/\/skaitytaknyga.lt\/produktas\/mark-solonin-birzelio-22-oji-katastrofos-anatomija\/#breadcrumb\",\"itemListElement\":[{\"@type\":\"ListItem\",\"position\":1,\"name\":\"Home\",\"item\":\"https:\/\/skaitytaknyga.lt\/\"},{\"@type\":\"ListItem\",\"position\":2,\"name\":\"Parduotuv\u0117\",\"item\":\"https:\/\/skaitytaknyga.lt\/knygu-parduotuve\/\"},{\"@type\":\"ListItem\",\"position\":3,\"name\":\"Mark Solonin \u201eBir\u017eelio 22-oji: katastrofos anatomija\u201c\"}]},{\"@type\":\"WebSite\",\"@id\":\"https:\/\/skaitytaknyga.lt\/#website\",\"url\":\"https:\/\/skaitytaknyga.lt\/\",\"name\":\"skaitytaknyga.lt\",\"description\":\"Skaitytaknyga.lt \u2013 tai ma\u017eas \u0161eimos verslas, kuris prasid\u0117jo nuo meil\u0117s knygoms ir siekio i\u0161gelb\u0117ti knygas nuo likimo prie konteinerio. Kas vienam nereikalingas daiktas \u2013 kitam lobis, o mes esame tarpininkai, kurie padeda abiems tapti laimingesniems ???? \u017dinome kaip nelengva i\u0161gyventi ma\u017eiems verslams, tad nuo \u0161iol, \u010dia rasite ir kit\u0173, ma\u017e\u0173 \u0161eim\u0173 versl\u0173, rank\u0173 darbo, dovan\u0173 sau ir artimiesiems.\",\"publisher\":{\"@id\":\"https:\/\/skaitytaknyga.lt\/#organization\"},\"potentialAction\":[{\"@type\":\"SearchAction\",\"target\":{\"@type\":\"EntryPoint\",\"urlTemplate\":\"https:\/\/skaitytaknyga.lt\/?s={search_term_string}\"},\"query-input\":{\"@type\":\"PropertyValueSpecification\",\"valueRequired\":true,\"valueName\":\"search_term_string\"}}],\"inLanguage\":\"en-GB\"},{\"@type\":\"Organization\",\"@id\":\"https:\/\/skaitytaknyga.lt\/#organization\",\"name\":\"skaitytaknyga.lt\",\"url\":\"https:\/\/skaitytaknyga.lt\/\",\"logo\":{\"@type\":\"ImageObject\",\"inLanguage\":\"en-GB\",\"@id\":\"https:\/\/skaitytaknyga.lt\/#\/schema\/logo\/image\/\",\"url\":\"https:\/\/skaitytaknyga.lt\/wp-content\/uploads\/2024\/05\/cropped-cropped-cropped-02_00843_jt3bggkj1j3HLc7SyY6rEUpg.jpeg\",\"contentUrl\":\"https:\/\/skaitytaknyga.lt\/wp-content\/uploads\/2024\/05\/cropped-cropped-cropped-02_00843_jt3bggkj1j3HLc7SyY6rEUpg.jpeg\",\"width\":1600,\"height\":1600,\"caption\":\"skaitytaknyga.lt\"},\"image\":{\"@id\":\"https:\/\/skaitytaknyga.lt\/#\/schema\/logo\/image\/\"},\"sameAs\":[\"https:\/\/www.facebook.com\/skaitytaknyga\/\"]}]}<\/script>\n<!-- \/ Yoast SEO plugin. -->","yoast_head_json":{"title":"Mark Solonin \u201eBir\u017eelio 22-oji: katastrofos anatomija\u201c","description":"Markas Soloninas (g. 1958 m.) - vienas \u017eymiausi\u0173 naujosios kartos Rusijos istorik\u0173. Sensacingoje knygoje \u201eBir\u017eelio 22-oji: katastrofos anatomija\u201c naujai nagrin\u0117jamas pradinis hitlerin\u0117s Vokietijos ir stalinin\u0117s Soviet\u0173 S\u0105jungos karo laikotarpis. Autorius, remdamasis dokumentais ir skai\u010diais, oponuoja tradicinei Antrojo pasaulinio karo sovietinei istoriografijai, griauna senus propagandos mitus.  M. Soloninas ilgai nerado leidyklos, kuri sutikt\u0173 publikuoti jo leidinius. \u0160iuo metu jo knygos leid\u017eiamos de\u0161imtimis tira\u017e\u0173 ir jau pasiek\u0117 200 t\u016bkstan\u010di\u0173. \u201eBir\u017eelio 22-oji: katastrofos anatomija\u201c jau i\u0161versta \u012f \u010dek\u0173, slovak\u0173, lenk\u0173, est\u0173 kalbas.","robots":{"index":"index","follow":"follow","max-snippet":"max-snippet:-1","max-image-preview":"max-image-preview:large","max-video-preview":"max-video-preview:-1"},"canonical":"https:\/\/skaitytaknyga.lt\/en\/produktas\/mark-solonin-birzelio-22-oji-katastrofos-anatomija\/","og_locale":"en_GB","og_type":"article","og_title":"[:lt]Mark Solonin \u201eBir\u017eelio 22-oji: katastrofos anatomija\u201c[:] - Skaitytaknyga","og_description":"Markas Soloninas (g. 1958 m.) - vienas \u017eymiausi\u0173 naujosios kartos Rusijos istorik\u0173. Sensacingoje knygoje \u201eBir\u017eelio 22-oji: katastrofos anatomija\u201c naujai nagrin\u0117jamas pradinis hitlerin\u0117s Vokietijos ir stalinin\u0117s Soviet\u0173 S\u0105jungos karo laikotarpis. Autorius, remdamasis dokumentais ir skai\u010diais, oponuoja tradicinei Antrojo pasaulinio karo sovietinei istoriografijai, griauna senus propagandos mitus.  M. Soloninas ilgai nerado leidyklos, kuri sutikt\u0173 publikuoti jo leidinius. \u0160iuo metu jo knygos leid\u017eiamos de\u0161imtimis tira\u017e\u0173 ir jau pasiek\u0117 200 t\u016bkstan\u010di\u0173. \u201eBir\u017eelio 22-oji: katastrofos anatomija\u201c jau i\u0161versta \u012f \u010dek\u0173, slovak\u0173, lenk\u0173, est\u0173 kalbas.","og_url":"https:\/\/skaitytaknyga.lt\/en\/produktas\/mark-solonin-birzelio-22-oji-katastrofos-anatomija\/","og_site_name":"Skaitytaknyga","article_publisher":"https:\/\/www.facebook.com\/skaitytaknyga\/","article_modified_time":"2026-03-18T12:55:48+00:00","og_image":[{"width":305,"height":430,"url":"https:\/\/skaitytaknyga.lt\/wp-content\/uploads\/2024\/05\/1462877267_birzelio22coz1.png","type":"image\/png"}],"twitter_card":"summary_large_image","twitter_misc":{"Estimated reading time":"1 minute"},"schema":{"@context":"https:\/\/schema.org","@graph":[{"@type":"WebPage","@id":"https:\/\/skaitytaknyga.lt\/produktas\/mark-solonin-birzelio-22-oji-katastrofos-anatomija\/","url":"https:\/\/skaitytaknyga.lt\/produktas\/mark-solonin-birzelio-22-oji-katastrofos-anatomija\/","name":"Mark Solonin \u201eBir\u017eelio 22-oji: katastrofos anatomija\u201c","isPartOf":{"@id":"https:\/\/skaitytaknyga.lt\/#website"},"primaryImageOfPage":{"@id":"https:\/\/skaitytaknyga.lt\/produktas\/mark-solonin-birzelio-22-oji-katastrofos-anatomija\/#primaryimage"},"image":{"@id":"https:\/\/skaitytaknyga.lt\/produktas\/mark-solonin-birzelio-22-oji-katastrofos-anatomija\/#primaryimage"},"thumbnailUrl":"https:\/\/skaitytaknyga.lt\/wp-content\/uploads\/2024\/05\/1462877267_birzelio22coz1.png","datePublished":"2024-05-02T13:20:18+00:00","dateModified":"2026-03-18T12:55:48+00:00","description":"Markas Soloninas (g. 1958 m.) - vienas \u017eymiausi\u0173 naujosios kartos Rusijos istorik\u0173. Sensacingoje knygoje \u201eBir\u017eelio 22-oji: katastrofos anatomija\u201c naujai nagrin\u0117jamas pradinis hitlerin\u0117s Vokietijos ir stalinin\u0117s Soviet\u0173 S\u0105jungos karo laikotarpis. Autorius, remdamasis dokumentais ir skai\u010diais, oponuoja tradicinei Antrojo pasaulinio karo sovietinei istoriografijai, griauna senus propagandos mitus. M. Soloninas ilgai nerado leidyklos, kuri sutikt\u0173 publikuoti jo leidinius. \u0160iuo metu jo knygos leid\u017eiamos de\u0161imtimis tira\u017e\u0173 ir jau pasiek\u0117 200 t\u016bkstan\u010di\u0173. \u201eBir\u017eelio 22-oji: katastrofos anatomija\u201c jau i\u0161versta \u012f \u010dek\u0173, slovak\u0173, lenk\u0173, est\u0173 kalbas.","breadcrumb":{"@id":"https:\/\/skaitytaknyga.lt\/produktas\/mark-solonin-birzelio-22-oji-katastrofos-anatomija\/#breadcrumb"},"inLanguage":"en-GB","potentialAction":[{"@type":"ReadAction","target":["https:\/\/skaitytaknyga.lt\/produktas\/mark-solonin-birzelio-22-oji-katastrofos-anatomija\/"]}]},{"@type":"ImageObject","inLanguage":"en-GB","@id":"https:\/\/skaitytaknyga.lt\/produktas\/mark-solonin-birzelio-22-oji-katastrofos-anatomija\/#primaryimage","url":"https:\/\/skaitytaknyga.lt\/wp-content\/uploads\/2024\/05\/1462877267_birzelio22coz1.png","contentUrl":"https:\/\/skaitytaknyga.lt\/wp-content\/uploads\/2024\/05\/1462877267_birzelio22coz1.png","width":305,"height":430},{"@type":"BreadcrumbList","@id":"https:\/\/skaitytaknyga.lt\/produktas\/mark-solonin-birzelio-22-oji-katastrofos-anatomija\/#breadcrumb","itemListElement":[{"@type":"ListItem","position":1,"name":"Home","item":"https:\/\/skaitytaknyga.lt\/"},{"@type":"ListItem","position":2,"name":"Parduotuv\u0117","item":"https:\/\/skaitytaknyga.lt\/knygu-parduotuve\/"},{"@type":"ListItem","position":3,"name":"Mark Solonin \u201eBir\u017eelio 22-oji: katastrofos anatomija\u201c"}]},{"@type":"WebSite","@id":"https:\/\/skaitytaknyga.lt\/#website","url":"https:\/\/skaitytaknyga.lt\/","name":"skaitytaknyga.lt","description":"Skaitytaknyga.lt \u2013 tai ma\u017eas \u0161eimos verslas, kuris prasid\u0117jo nuo meil\u0117s knygoms ir siekio i\u0161gelb\u0117ti knygas nuo likimo prie konteinerio. Kas vienam nereikalingas daiktas \u2013 kitam lobis, o mes esame tarpininkai, kurie padeda abiems tapti laimingesniems ???? \u017dinome kaip nelengva i\u0161gyventi ma\u017eiems verslams, tad nuo \u0161iol, \u010dia rasite ir kit\u0173, ma\u017e\u0173 \u0161eim\u0173 versl\u0173, rank\u0173 darbo, dovan\u0173 sau ir artimiesiems.","publisher":{"@id":"https:\/\/skaitytaknyga.lt\/#organization"},"potentialAction":[{"@type":"SearchAction","target":{"@type":"EntryPoint","urlTemplate":"https:\/\/skaitytaknyga.lt\/?s={search_term_string}"},"query-input":{"@type":"PropertyValueSpecification","valueRequired":true,"valueName":"search_term_string"}}],"inLanguage":"en-GB"},{"@type":"Organization","@id":"https:\/\/skaitytaknyga.lt\/#organization","name":"skaitytaknyga.lt","url":"https:\/\/skaitytaknyga.lt\/","logo":{"@type":"ImageObject","inLanguage":"en-GB","@id":"https:\/\/skaitytaknyga.lt\/#\/schema\/logo\/image\/","url":"https:\/\/skaitytaknyga.lt\/wp-content\/uploads\/2024\/05\/cropped-cropped-cropped-02_00843_jt3bggkj1j3HLc7SyY6rEUpg.jpeg","contentUrl":"https:\/\/skaitytaknyga.lt\/wp-content\/uploads\/2024\/05\/cropped-cropped-cropped-02_00843_jt3bggkj1j3HLc7SyY6rEUpg.jpeg","width":1600,"height":1600,"caption":"skaitytaknyga.lt"},"image":{"@id":"https:\/\/skaitytaknyga.lt\/#\/schema\/logo\/image\/"},"sameAs":["https:\/\/www.facebook.com\/skaitytaknyga\/"]}]}},"_links":{"self":[{"href":"https:\/\/skaitytaknyga.lt\/en\/wp-json\/wp\/v2\/product\/6497","targetHints":{"allow":["GET"]}}],"collection":[{"href":"https:\/\/skaitytaknyga.lt\/en\/wp-json\/wp\/v2\/product"}],"about":[{"href":"https:\/\/skaitytaknyga.lt\/en\/wp-json\/wp\/v2\/types\/product"}],"replies":[{"embeddable":true,"href":"https:\/\/skaitytaknyga.lt\/en\/wp-json\/wp\/v2\/comments?post=6497"}],"wp:featuredmedia":[{"embeddable":true,"href":"https:\/\/skaitytaknyga.lt\/en\/wp-json\/wp\/v2\/media\/6518"}],"wp:attachment":[{"href":"https:\/\/skaitytaknyga.lt\/en\/wp-json\/wp\/v2\/media?parent=6497"}],"wp:term":[{"taxonomy":"product_brand","embeddable":true,"href":"https:\/\/skaitytaknyga.lt\/en\/wp-json\/wp\/v2\/product_brand?post=6497"},{"taxonomy":"product_cat","embeddable":true,"href":"https:\/\/skaitytaknyga.lt\/en\/wp-json\/wp\/v2\/product_cat?post=6497"},{"taxonomy":"product_tag","embeddable":true,"href":"https:\/\/skaitytaknyga.lt\/en\/wp-json\/wp\/v2\/product_tag?post=6497"}],"curies":[{"name":"wp","href":"https:\/\/api.w.org\/{rel}","templated":true}]}}