{"id":6455,"date":"2024-05-02T13:19:31","date_gmt":"2024-05-02T13:19:31","guid":{"rendered":"https:\/\/skaitytaknyga.lt\/?post_type=product&#038;p=6455"},"modified":"2024-05-03T07:29:47","modified_gmt":"2024-05-03T07:29:47","slug":"viljamas-meikpisas-tekerejus-tustybes-muge-1-2-tomai-pasaulines-literaturos-biblioteka-kn-48-49","status":"publish","type":"product","link":"https:\/\/skaitytaknyga.lt\/en\/produktas\/viljamas-meikpisas-tekerejus-tustybes-muge-1-2-tomai-pasaulines-literaturos-biblioteka-kn-48-49\/","title":{"rendered":"Viljamas Meikpisas Teker\u0117jus \u201eTu\u0161tyb\u0117s mug\u0117\u201c 1-2 tomai (Pasaulin\u0117s literat\u016bros biblioteka kn. 48-49)"},"content":{"rendered":"<p>Beturt\u0117 Rebeka vien d\u0117l savo sumanumo ir \u012f\u017e\u016blumo atsid\u016br\u0117 tarp visuomen\u0117s \u012ftakingiausi\u0173j\u0173. Bet \u0161lov\u0117s vir\u0161\u016bn\u0117 slidi, gyvenimas tu\u0161tyb\u0117s mug\u0117je brangiai kainuoja, tod\u0117l ji priversta toliau suktis, nepaisydama moral\u0117s, draugyst\u0117s ir garb\u0117s, kad i\u0161sipildyt\u0173 svajon\u0117 \u2013 tapti finansi\u0161kai nepriklausoma. Amelija, netekusi kare vyro ir atstumta jo gimin\u0117s, priversta skurde auginti s\u016bn\u0173.<\/p>\n<p>Ta\u010diau viskas pasikei\u010dia po uo\u0161vio, kuris testamentu savo paveld\u0117toju \u012fvardija Amelijos s\u016bn\u0173, mirties. Mokslo draugi\u0173 keliai v\u0117l netik\u0117tai susikerta, ir Bek\u0117 antr\u0105 kart\u0105 pam\u0117gina suved\u017eioti Amelijos brol\u012f D\u017eo\u0161\u0105..<\/p>\n","protected":false},"excerpt":{"rendered":"<p>Beturt\u0117 Rebeka vien d\u0117l savo sumanumo ir \u012f\u017e\u016blumo atsid\u016br\u0117 tarp visuomen\u0117s \u012ftakingiausi\u0173j\u0173. Bet \u0161lov\u0117s vir\u0161\u016bn\u0117 slidi, gyvenimas tu\u0161tyb\u0117s mug\u0117je brangiai kainuoja, tod\u0117l ji priversta toliau suktis, nepaisydama moral\u0117s, draugyst\u0117s ir garb\u0117s, kad i\u0161sipildyt\u0173 svajon\u0117 \u2013 tapti finansi\u0161kai nepriklausoma. Amelija, netekusi kare vyro ir atstumta jo gimin\u0117s, priversta skurde auginti s\u016bn\u0173.<\/p>\n<p>Ta\u010diau viskas pasikei\u010dia po uo\u0161vio, kuris testamentu savo paveld\u0117toju \u012fvardija Amelijos s\u016bn\u0173, mirties. Mokslo draugi\u0173 keliai v\u0117l netik\u0117tai susikerta, ir Bek\u0117 antr\u0105 kart\u0105 pam\u0117gina suved\u017eioti Amelijos brol\u012f D\u017eo\u0161\u0105..<\/p>\n","protected":false},"featured_media":6464,"comment_status":"closed","ping_status":"closed","template":"","meta":{"_acf_changed":false,"site-sidebar-layout":"default","site-content-layout":"","ast-site-content-layout":"default","site-content-style":"default","site-sidebar-style":"default","ast-global-header-display":"","ast-banner-title-visibility":"","ast-main-header-display":"","ast-hfb-above-header-display":"","ast-hfb-below-header-display":"","ast-hfb-mobile-header-display":"","site-post-title":"","ast-breadcrumbs-content":"","ast-featured-img":"","footer-sml-layout":"","ast-disable-related-posts":"","theme-transparent-header-meta":"","adv-header-id-meta":"","stick-header-meta":"","header-above-stick-meta":"","header-main-stick-meta":"","header-below-stick-meta":"","astra-migrate-meta-layouts":"default","ast-page-background-enabled":"default","ast-page-background-meta":{"desktop":{"background-color":"","background-image":"","background-repeat":"repeat","background-position":"center center","background-size":"auto","background-attachment":"scroll","background-type":"","background-media":"","overlay-type":"","overlay-color":"","overlay-opacity":"","overlay-gradient":""},"tablet":{"background-color":"","background-image":"","background-repeat":"repeat","background-position":"center center","background-size":"auto","background-attachment":"scroll","background-type":"","background-media":"","overlay-type":"","overlay-color":"","overlay-opacity":"","overlay-gradient":""},"mobile":{"background-color":"","background-image":"","background-repeat":"repeat","background-position":"center center","background-size":"auto","background-attachment":"scroll","background-type":"","background-media":"","overlay-type":"","overlay-color":"","overlay-opacity":"","overlay-gradient":""}},"ast-content-background-meta":{"desktop":{"background-color":"var(--ast-global-color-4)","background-image":"","background-repeat":"repeat","background-position":"center center","background-size":"auto","background-attachment":"scroll","background-type":"","background-media":"","overlay-type":"","overlay-color":"","overlay-opacity":"","overlay-gradient":""},"tablet":{"background-color":"var(--ast-global-color-4)","background-image":"","background-repeat":"repeat","background-position":"center center","background-size":"auto","background-attachment":"scroll","background-type":"","background-media":"","overlay-type":"","overlay-color":"","overlay-opacity":"","overlay-gradient":""},"mobile":{"background-color":"var(--ast-global-color-4)","background-image":"","background-repeat":"repeat","background-position":"center center","background-size":"auto","background-attachment":"scroll","background-type":"","background-media":"","overlay-type":"","overlay-color":"","overlay-opacity":"","overlay-gradient":""}}},"product_brand":[],"product_cat":[31,558],"product_tag":[],"class_list":{"0":"post-6455","1":"product","2":"type-product","3":"status-publish","4":"has-post-thumbnail","6":"product_cat-grozine-literatura","7":"product_cat-pasaulines-literaturos-biblioteka","8":"desktop-align-left","9":"tablet-align-left","10":"mobile-align-left","12":"first","13":"instock","14":"shipping-taxable","15":"purchasable","16":"product-type-simple"},"acf":[],"yoast_head":"<!-- This site is optimized with the Yoast SEO plugin v27.4 - https:\/\/yoast.com\/product\/yoast-seo-wordpress\/ -->\n<title>Viljamas Meikpisas Teker\u0117jus \u201eTu\u0161tyb\u0117s mug\u0117\u201c 1-2 tomai (Pasaulin\u0117s literat\u016bros biblioteka kn. 48-49) - Skaitytaknyga<\/title>\n<meta name=\"description\" content=\"Beturt\u0117 Rebeka vien d\u0117l savo sumanumo ir \u012f\u017e\u016blumo atsid\u016br\u0117 tarp visuomen\u0117s \u012ftakingiausi\u0173j\u0173. Bet \u0161lov\u0117s vir\u0161\u016bn\u0117 slidi, gyvenimas tu\u0161tyb\u0117s mug\u0117je brangiai kainuoja, tod\u0117l ji priversta toliau suktis, nepaisydama moral\u0117s, draugyst\u0117s ir garb\u0117s, kad i\u0161sipildyt\u0173 svajon\u0117 \u2013 tapti finansi\u0161kai nepriklausoma. Amelija, netekusi kare vyro ir atstumta jo gimin\u0117s, priversta skurde auginti s\u016bn\u0173.  Ta\u010diau viskas pasikei\u010dia po uo\u0161vio, kuris testamentu savo paveld\u0117toju \u012fvardija Amelijos s\u016bn\u0173, mirties. Mokslo draugi\u0173 keliai v\u0117l netik\u0117tai susikerta, ir Bek\u0117 antr\u0105 kart\u0105 pam\u0117gina suved\u017eioti Amelijos brol\u012f D\u017eo\u0161\u0105..\" \/>\n<meta name=\"robots\" content=\"index, follow, max-snippet:-1, max-image-preview:large, max-video-preview:-1\" \/>\n<link rel=\"canonical\" href=\"https:\/\/skaitytaknyga.lt\/en\/produktas\/viljamas-meikpisas-tekerejus-tustybes-muge-1-2-tomai-pasaulines-literaturos-biblioteka-kn-48-49\/\" \/>\n<meta property=\"og:locale\" content=\"en_GB\" \/>\n<meta property=\"og:locale:alternate\" content=\"lt_LT\" \/>\n<meta property=\"og:type\" content=\"article\" \/>\n<meta property=\"og:title\" content=\"Viljamas Meikpisas Teker\u0117jus \u201eTu\u0161tyb\u0117s mug\u0117\u201c 1-2 tomai (Pasaulin\u0117s literat\u016bros biblioteka kn. 48-49) - Skaitytaknyga\" \/>\n<meta property=\"og:description\" content=\"Beturt\u0117 Rebeka vien d\u0117l savo sumanumo ir \u012f\u017e\u016blumo atsid\u016br\u0117 tarp visuomen\u0117s \u012ftakingiausi\u0173j\u0173. Bet \u0161lov\u0117s vir\u0161\u016bn\u0117 slidi, gyvenimas tu\u0161tyb\u0117s mug\u0117je brangiai kainuoja, tod\u0117l ji priversta toliau suktis, nepaisydama moral\u0117s, draugyst\u0117s ir garb\u0117s, kad i\u0161sipildyt\u0173 svajon\u0117 \u2013 tapti finansi\u0161kai nepriklausoma. Amelija, netekusi kare vyro ir atstumta jo gimin\u0117s, priversta skurde auginti s\u016bn\u0173.  Ta\u010diau viskas pasikei\u010dia po uo\u0161vio, kuris testamentu savo paveld\u0117toju \u012fvardija Amelijos s\u016bn\u0173, mirties. Mokslo draugi\u0173 keliai v\u0117l netik\u0117tai susikerta, ir Bek\u0117 antr\u0105 kart\u0105 pam\u0117gina suved\u017eioti Amelijos brol\u012f D\u017eo\u0161\u0105..\" \/>\n<meta property=\"og:url\" content=\"https:\/\/skaitytaknyga.lt\/en\/produktas\/viljamas-meikpisas-tekerejus-tustybes-muge-1-2-tomai-pasaulines-literaturos-biblioteka-kn-48-49\/\" \/>\n<meta property=\"og:site_name\" content=\"Skaitytaknyga\" \/>\n<meta property=\"article:publisher\" content=\"https:\/\/www.facebook.com\/skaitytaknyga\/\" \/>\n<meta property=\"article:modified_time\" content=\"2024-05-03T07:29:47+00:00\" \/>\n<meta property=\"og:image\" content=\"https:\/\/skaitytaknyga.lt\/wp-content\/uploads\/2024\/05\/1462884457_img0006-001.jpg\" \/>\n\t<meta property=\"og:image:width\" content=\"269\" \/>\n\t<meta property=\"og:image:height\" content=\"430\" \/>\n\t<meta property=\"og:image:type\" content=\"image\/jpeg\" \/>\n<meta name=\"twitter:card\" content=\"summary_large_image\" \/>\n<meta name=\"twitter:label1\" content=\"Estimated reading time\" \/>\n\t<meta name=\"twitter:data1\" content=\"1 minute\" \/>\n<script type=\"application\/ld+json\" class=\"yoast-schema-graph\">{\"@context\":\"https:\\\/\\\/schema.org\",\"@graph\":[{\"@type\":\"WebPage\",\"@id\":\"https:\\\/\\\/skaitytaknyga.lt\\\/produktas\\\/viljamas-meikpisas-tekerejus-tustybes-muge-1-2-tomai-pasaulines-literaturos-biblioteka-kn-48-49\\\/\",\"url\":\"https:\\\/\\\/skaitytaknyga.lt\\\/produktas\\\/viljamas-meikpisas-tekerejus-tustybes-muge-1-2-tomai-pasaulines-literaturos-biblioteka-kn-48-49\\\/\",\"name\":\"Viljamas Meikpisas Teker\u0117jus \u201eTu\u0161tyb\u0117s mug\u0117\u201c 1-2 tomai (Pasaulin\u0117s literat\u016bros biblioteka kn. 48-49) - Skaitytaknyga\",\"isPartOf\":{\"@id\":\"https:\\\/\\\/skaitytaknyga.lt\\\/#website\"},\"primaryImageOfPage\":{\"@id\":\"https:\\\/\\\/skaitytaknyga.lt\\\/produktas\\\/viljamas-meikpisas-tekerejus-tustybes-muge-1-2-tomai-pasaulines-literaturos-biblioteka-kn-48-49\\\/#primaryimage\"},\"image\":{\"@id\":\"https:\\\/\\\/skaitytaknyga.lt\\\/produktas\\\/viljamas-meikpisas-tekerejus-tustybes-muge-1-2-tomai-pasaulines-literaturos-biblioteka-kn-48-49\\\/#primaryimage\"},\"thumbnailUrl\":\"https:\\\/\\\/skaitytaknyga.lt\\\/wp-content\\\/uploads\\\/2024\\\/05\\\/1462884457_img0006-001.jpg\",\"datePublished\":\"2024-05-02T13:19:31+00:00\",\"dateModified\":\"2024-05-03T07:29:47+00:00\",\"description\":\"Beturt\u0117 Rebeka vien d\u0117l savo sumanumo ir \u012f\u017e\u016blumo atsid\u016br\u0117 tarp visuomen\u0117s \u012ftakingiausi\u0173j\u0173. Bet \u0161lov\u0117s vir\u0161\u016bn\u0117 slidi, gyvenimas tu\u0161tyb\u0117s mug\u0117je brangiai kainuoja, tod\u0117l ji priversta toliau suktis, nepaisydama moral\u0117s, draugyst\u0117s ir garb\u0117s, kad i\u0161sipildyt\u0173 svajon\u0117 \u2013 tapti finansi\u0161kai nepriklausoma. Amelija, netekusi kare vyro ir atstumta jo gimin\u0117s, priversta skurde auginti s\u016bn\u0173. Ta\u010diau viskas pasikei\u010dia po uo\u0161vio, kuris testamentu savo paveld\u0117toju \u012fvardija Amelijos s\u016bn\u0173, mirties. Mokslo draugi\u0173 keliai v\u0117l netik\u0117tai susikerta, ir Bek\u0117 antr\u0105 kart\u0105 pam\u0117gina suved\u017eioti Amelijos brol\u012f D\u017eo\u0161\u0105..\",\"breadcrumb\":{\"@id\":\"https:\\\/\\\/skaitytaknyga.lt\\\/produktas\\\/viljamas-meikpisas-tekerejus-tustybes-muge-1-2-tomai-pasaulines-literaturos-biblioteka-kn-48-49\\\/#breadcrumb\"},\"inLanguage\":\"en-GB\",\"potentialAction\":[{\"@type\":\"ReadAction\",\"target\":[\"https:\\\/\\\/skaitytaknyga.lt\\\/produktas\\\/viljamas-meikpisas-tekerejus-tustybes-muge-1-2-tomai-pasaulines-literaturos-biblioteka-kn-48-49\\\/\"]}]},{\"@type\":\"ImageObject\",\"inLanguage\":\"en-GB\",\"@id\":\"https:\\\/\\\/skaitytaknyga.lt\\\/produktas\\\/viljamas-meikpisas-tekerejus-tustybes-muge-1-2-tomai-pasaulines-literaturos-biblioteka-kn-48-49\\\/#primaryimage\",\"url\":\"https:\\\/\\\/skaitytaknyga.lt\\\/wp-content\\\/uploads\\\/2024\\\/05\\\/1462884457_img0006-001.jpg\",\"contentUrl\":\"https:\\\/\\\/skaitytaknyga.lt\\\/wp-content\\\/uploads\\\/2024\\\/05\\\/1462884457_img0006-001.jpg\",\"width\":269,\"height\":430},{\"@type\":\"BreadcrumbList\",\"@id\":\"https:\\\/\\\/skaitytaknyga.lt\\\/produktas\\\/viljamas-meikpisas-tekerejus-tustybes-muge-1-2-tomai-pasaulines-literaturos-biblioteka-kn-48-49\\\/#breadcrumb\",\"itemListElement\":[{\"@type\":\"ListItem\",\"position\":1,\"name\":\"Home\",\"item\":\"https:\\\/\\\/skaitytaknyga.lt\\\/\"},{\"@type\":\"ListItem\",\"position\":2,\"name\":\"Parduotuv\u0117\",\"item\":\"https:\\\/\\\/skaitytaknyga.lt\\\/knygu-parduotuve\\\/\"},{\"@type\":\"ListItem\",\"position\":3,\"name\":\"Viljamas Meikpisas Teker\u0117jus \u201eTu\u0161tyb\u0117s mug\u0117\u201c 1-2 tomai (Pasaulin\u0117s literat\u016bros biblioteka kn. 48-49)\"}]},{\"@type\":\"WebSite\",\"@id\":\"https:\\\/\\\/skaitytaknyga.lt\\\/#website\",\"url\":\"https:\\\/\\\/skaitytaknyga.lt\\\/\",\"name\":\"skaitytaknyga.lt\",\"description\":\"Skaitytaknyga.lt \u2013 tai ma\u017eas \u0161eimos verslas, kuris prasid\u0117jo nuo meil\u0117s knygoms ir siekio i\u0161gelb\u0117ti knygas nuo likimo prie konteinerio. Kas vienam nereikalingas daiktas \u2013 kitam lobis, o mes esame tarpininkai, kurie padeda abiems tapti laimingesniems ???? \u017dinome kaip nelengva i\u0161gyventi ma\u017eiems verslams, tad nuo \u0161iol, \u010dia rasite ir kit\u0173, ma\u017e\u0173 \u0161eim\u0173 versl\u0173, rank\u0173 darbo, dovan\u0173 sau ir artimiesiems.\",\"publisher\":{\"@id\":\"https:\\\/\\\/skaitytaknyga.lt\\\/#organization\"},\"potentialAction\":[{\"@type\":\"SearchAction\",\"target\":{\"@type\":\"EntryPoint\",\"urlTemplate\":\"https:\\\/\\\/skaitytaknyga.lt\\\/?s={search_term_string}\"},\"query-input\":{\"@type\":\"PropertyValueSpecification\",\"valueRequired\":true,\"valueName\":\"search_term_string\"}}],\"inLanguage\":\"en-GB\"},{\"@type\":\"Organization\",\"@id\":\"https:\\\/\\\/skaitytaknyga.lt\\\/#organization\",\"name\":\"skaitytaknyga.lt\",\"url\":\"https:\\\/\\\/skaitytaknyga.lt\\\/\",\"logo\":{\"@type\":\"ImageObject\",\"inLanguage\":\"en-GB\",\"@id\":\"https:\\\/\\\/skaitytaknyga.lt\\\/#\\\/schema\\\/logo\\\/image\\\/\",\"url\":\"https:\\\/\\\/skaitytaknyga.lt\\\/wp-content\\\/uploads\\\/2024\\\/05\\\/cropped-cropped-cropped-02_00843_jt3bggkj1j3HLc7SyY6rEUpg.jpeg\",\"contentUrl\":\"https:\\\/\\\/skaitytaknyga.lt\\\/wp-content\\\/uploads\\\/2024\\\/05\\\/cropped-cropped-cropped-02_00843_jt3bggkj1j3HLc7SyY6rEUpg.jpeg\",\"width\":1600,\"height\":1600,\"caption\":\"skaitytaknyga.lt\"},\"image\":{\"@id\":\"https:\\\/\\\/skaitytaknyga.lt\\\/#\\\/schema\\\/logo\\\/image\\\/\"},\"sameAs\":[\"https:\\\/\\\/www.facebook.com\\\/skaitytaknyga\\\/\"]}]}<\/script>\n<!-- \/ Yoast SEO plugin. -->","yoast_head_json":{"title":"Viljamas Meikpisas Teker\u0117jus \u201eTu\u0161tyb\u0117s mug\u0117\u201c 1-2 tomai (Pasaulin\u0117s literat\u016bros biblioteka kn. 48-49) - Skaitytaknyga","description":"Beturt\u0117 Rebeka vien d\u0117l savo sumanumo ir \u012f\u017e\u016blumo atsid\u016br\u0117 tarp visuomen\u0117s \u012ftakingiausi\u0173j\u0173. Bet \u0161lov\u0117s vir\u0161\u016bn\u0117 slidi, gyvenimas tu\u0161tyb\u0117s mug\u0117je brangiai kainuoja, tod\u0117l ji priversta toliau suktis, nepaisydama moral\u0117s, draugyst\u0117s ir garb\u0117s, kad i\u0161sipildyt\u0173 svajon\u0117 \u2013 tapti finansi\u0161kai nepriklausoma. Amelija, netekusi kare vyro ir atstumta jo gimin\u0117s, priversta skurde auginti s\u016bn\u0173.  Ta\u010diau viskas pasikei\u010dia po uo\u0161vio, kuris testamentu savo paveld\u0117toju \u012fvardija Amelijos s\u016bn\u0173, mirties. Mokslo draugi\u0173 keliai v\u0117l netik\u0117tai susikerta, ir Bek\u0117 antr\u0105 kart\u0105 pam\u0117gina suved\u017eioti Amelijos brol\u012f D\u017eo\u0161\u0105..","robots":{"index":"index","follow":"follow","max-snippet":"max-snippet:-1","max-image-preview":"max-image-preview:large","max-video-preview":"max-video-preview:-1"},"canonical":"https:\/\/skaitytaknyga.lt\/en\/produktas\/viljamas-meikpisas-tekerejus-tustybes-muge-1-2-tomai-pasaulines-literaturos-biblioteka-kn-48-49\/","og_locale":"en_GB","og_type":"article","og_title":"Viljamas Meikpisas Teker\u0117jus \u201eTu\u0161tyb\u0117s mug\u0117\u201c 1-2 tomai (Pasaulin\u0117s literat\u016bros biblioteka kn. 48-49) - Skaitytaknyga","og_description":"Beturt\u0117 Rebeka vien d\u0117l savo sumanumo ir \u012f\u017e\u016blumo atsid\u016br\u0117 tarp visuomen\u0117s \u012ftakingiausi\u0173j\u0173. Bet \u0161lov\u0117s vir\u0161\u016bn\u0117 slidi, gyvenimas tu\u0161tyb\u0117s mug\u0117je brangiai kainuoja, tod\u0117l ji priversta toliau suktis, nepaisydama moral\u0117s, draugyst\u0117s ir garb\u0117s, kad i\u0161sipildyt\u0173 svajon\u0117 \u2013 tapti finansi\u0161kai nepriklausoma. Amelija, netekusi kare vyro ir atstumta jo gimin\u0117s, priversta skurde auginti s\u016bn\u0173.  Ta\u010diau viskas pasikei\u010dia po uo\u0161vio, kuris testamentu savo paveld\u0117toju \u012fvardija Amelijos s\u016bn\u0173, mirties. Mokslo draugi\u0173 keliai v\u0117l netik\u0117tai susikerta, ir Bek\u0117 antr\u0105 kart\u0105 pam\u0117gina suved\u017eioti Amelijos brol\u012f D\u017eo\u0161\u0105..","og_url":"https:\/\/skaitytaknyga.lt\/en\/produktas\/viljamas-meikpisas-tekerejus-tustybes-muge-1-2-tomai-pasaulines-literaturos-biblioteka-kn-48-49\/","og_site_name":"Skaitytaknyga","article_publisher":"https:\/\/www.facebook.com\/skaitytaknyga\/","article_modified_time":"2024-05-03T07:29:47+00:00","og_image":[{"width":269,"height":430,"url":"https:\/\/skaitytaknyga.lt\/wp-content\/uploads\/2024\/05\/1462884457_img0006-001.jpg","type":"image\/jpeg"}],"twitter_card":"summary_large_image","twitter_misc":{"Estimated reading time":"1 minute"},"schema":{"@context":"https:\/\/schema.org","@graph":[{"@type":"WebPage","@id":"https:\/\/skaitytaknyga.lt\/produktas\/viljamas-meikpisas-tekerejus-tustybes-muge-1-2-tomai-pasaulines-literaturos-biblioteka-kn-48-49\/","url":"https:\/\/skaitytaknyga.lt\/produktas\/viljamas-meikpisas-tekerejus-tustybes-muge-1-2-tomai-pasaulines-literaturos-biblioteka-kn-48-49\/","name":"Viljamas Meikpisas Teker\u0117jus \u201eTu\u0161tyb\u0117s mug\u0117\u201c 1-2 tomai (Pasaulin\u0117s literat\u016bros biblioteka kn. 48-49) - Skaitytaknyga","isPartOf":{"@id":"https:\/\/skaitytaknyga.lt\/#website"},"primaryImageOfPage":{"@id":"https:\/\/skaitytaknyga.lt\/produktas\/viljamas-meikpisas-tekerejus-tustybes-muge-1-2-tomai-pasaulines-literaturos-biblioteka-kn-48-49\/#primaryimage"},"image":{"@id":"https:\/\/skaitytaknyga.lt\/produktas\/viljamas-meikpisas-tekerejus-tustybes-muge-1-2-tomai-pasaulines-literaturos-biblioteka-kn-48-49\/#primaryimage"},"thumbnailUrl":"https:\/\/skaitytaknyga.lt\/wp-content\/uploads\/2024\/05\/1462884457_img0006-001.jpg","datePublished":"2024-05-02T13:19:31+00:00","dateModified":"2024-05-03T07:29:47+00:00","description":"Beturt\u0117 Rebeka vien d\u0117l savo sumanumo ir \u012f\u017e\u016blumo atsid\u016br\u0117 tarp visuomen\u0117s \u012ftakingiausi\u0173j\u0173. Bet \u0161lov\u0117s vir\u0161\u016bn\u0117 slidi, gyvenimas tu\u0161tyb\u0117s mug\u0117je brangiai kainuoja, tod\u0117l ji priversta toliau suktis, nepaisydama moral\u0117s, draugyst\u0117s ir garb\u0117s, kad i\u0161sipildyt\u0173 svajon\u0117 \u2013 tapti finansi\u0161kai nepriklausoma. Amelija, netekusi kare vyro ir atstumta jo gimin\u0117s, priversta skurde auginti s\u016bn\u0173. Ta\u010diau viskas pasikei\u010dia po uo\u0161vio, kuris testamentu savo paveld\u0117toju \u012fvardija Amelijos s\u016bn\u0173, mirties. Mokslo draugi\u0173 keliai v\u0117l netik\u0117tai susikerta, ir Bek\u0117 antr\u0105 kart\u0105 pam\u0117gina suved\u017eioti Amelijos brol\u012f D\u017eo\u0161\u0105..","breadcrumb":{"@id":"https:\/\/skaitytaknyga.lt\/produktas\/viljamas-meikpisas-tekerejus-tustybes-muge-1-2-tomai-pasaulines-literaturos-biblioteka-kn-48-49\/#breadcrumb"},"inLanguage":"en-GB","potentialAction":[{"@type":"ReadAction","target":["https:\/\/skaitytaknyga.lt\/produktas\/viljamas-meikpisas-tekerejus-tustybes-muge-1-2-tomai-pasaulines-literaturos-biblioteka-kn-48-49\/"]}]},{"@type":"ImageObject","inLanguage":"en-GB","@id":"https:\/\/skaitytaknyga.lt\/produktas\/viljamas-meikpisas-tekerejus-tustybes-muge-1-2-tomai-pasaulines-literaturos-biblioteka-kn-48-49\/#primaryimage","url":"https:\/\/skaitytaknyga.lt\/wp-content\/uploads\/2024\/05\/1462884457_img0006-001.jpg","contentUrl":"https:\/\/skaitytaknyga.lt\/wp-content\/uploads\/2024\/05\/1462884457_img0006-001.jpg","width":269,"height":430},{"@type":"BreadcrumbList","@id":"https:\/\/skaitytaknyga.lt\/produktas\/viljamas-meikpisas-tekerejus-tustybes-muge-1-2-tomai-pasaulines-literaturos-biblioteka-kn-48-49\/#breadcrumb","itemListElement":[{"@type":"ListItem","position":1,"name":"Home","item":"https:\/\/skaitytaknyga.lt\/"},{"@type":"ListItem","position":2,"name":"Parduotuv\u0117","item":"https:\/\/skaitytaknyga.lt\/knygu-parduotuve\/"},{"@type":"ListItem","position":3,"name":"Viljamas Meikpisas Teker\u0117jus \u201eTu\u0161tyb\u0117s mug\u0117\u201c 1-2 tomai (Pasaulin\u0117s literat\u016bros biblioteka kn. 48-49)"}]},{"@type":"WebSite","@id":"https:\/\/skaitytaknyga.lt\/#website","url":"https:\/\/skaitytaknyga.lt\/","name":"skaitytaknyga.lt","description":"Skaitytaknyga.lt \u2013 tai ma\u017eas \u0161eimos verslas, kuris prasid\u0117jo nuo meil\u0117s knygoms ir siekio i\u0161gelb\u0117ti knygas nuo likimo prie konteinerio. Kas vienam nereikalingas daiktas \u2013 kitam lobis, o mes esame tarpininkai, kurie padeda abiems tapti laimingesniems ???? \u017dinome kaip nelengva i\u0161gyventi ma\u017eiems verslams, tad nuo \u0161iol, \u010dia rasite ir kit\u0173, ma\u017e\u0173 \u0161eim\u0173 versl\u0173, rank\u0173 darbo, dovan\u0173 sau ir artimiesiems.","publisher":{"@id":"https:\/\/skaitytaknyga.lt\/#organization"},"potentialAction":[{"@type":"SearchAction","target":{"@type":"EntryPoint","urlTemplate":"https:\/\/skaitytaknyga.lt\/?s={search_term_string}"},"query-input":{"@type":"PropertyValueSpecification","valueRequired":true,"valueName":"search_term_string"}}],"inLanguage":"en-GB"},{"@type":"Organization","@id":"https:\/\/skaitytaknyga.lt\/#organization","name":"skaitytaknyga.lt","url":"https:\/\/skaitytaknyga.lt\/","logo":{"@type":"ImageObject","inLanguage":"en-GB","@id":"https:\/\/skaitytaknyga.lt\/#\/schema\/logo\/image\/","url":"https:\/\/skaitytaknyga.lt\/wp-content\/uploads\/2024\/05\/cropped-cropped-cropped-02_00843_jt3bggkj1j3HLc7SyY6rEUpg.jpeg","contentUrl":"https:\/\/skaitytaknyga.lt\/wp-content\/uploads\/2024\/05\/cropped-cropped-cropped-02_00843_jt3bggkj1j3HLc7SyY6rEUpg.jpeg","width":1600,"height":1600,"caption":"skaitytaknyga.lt"},"image":{"@id":"https:\/\/skaitytaknyga.lt\/#\/schema\/logo\/image\/"},"sameAs":["https:\/\/www.facebook.com\/skaitytaknyga\/"]}]}},"_links":{"self":[{"href":"https:\/\/skaitytaknyga.lt\/en\/wp-json\/wp\/v2\/product\/6455","targetHints":{"allow":["GET"]}}],"collection":[{"href":"https:\/\/skaitytaknyga.lt\/en\/wp-json\/wp\/v2\/product"}],"about":[{"href":"https:\/\/skaitytaknyga.lt\/en\/wp-json\/wp\/v2\/types\/product"}],"replies":[{"embeddable":true,"href":"https:\/\/skaitytaknyga.lt\/en\/wp-json\/wp\/v2\/comments?post=6455"}],"wp:featuredmedia":[{"embeddable":true,"href":"https:\/\/skaitytaknyga.lt\/en\/wp-json\/wp\/v2\/media\/6464"}],"wp:attachment":[{"href":"https:\/\/skaitytaknyga.lt\/en\/wp-json\/wp\/v2\/media?parent=6455"}],"wp:term":[{"taxonomy":"product_brand","embeddable":true,"href":"https:\/\/skaitytaknyga.lt\/en\/wp-json\/wp\/v2\/product_brand?post=6455"},{"taxonomy":"product_cat","embeddable":true,"href":"https:\/\/skaitytaknyga.lt\/en\/wp-json\/wp\/v2\/product_cat?post=6455"},{"taxonomy":"product_tag","embeddable":true,"href":"https:\/\/skaitytaknyga.lt\/en\/wp-json\/wp\/v2\/product_tag?post=6455"}],"curies":[{"name":"wp","href":"https:\/\/api.w.org\/{rel}","templated":true}]}}