{"id":6440,"date":"2024-05-02T13:18:48","date_gmt":"2024-05-02T13:18:48","guid":{"rendered":"https:\/\/skaitytaknyga.lt\/?post_type=product&#038;p=6440"},"modified":"2024-05-03T07:29:47","modified_gmt":"2024-05-03T07:29:47","slug":"1000-idomybiu","status":"publish","type":"product","link":"https:\/\/skaitytaknyga.lt\/en\/produktas\/1000-idomybiu\/","title":{"rendered":"1000 \u012fdomybi\u0173"},"content":{"rendered":"<p>\u0160ioje knygoje\u00a0<b>&#8220;1000 \u012fdomybi\u0173&#8221;<\/b>\u00a0atrask daugiau nei 1000 pasaulio \u012fdomybi\u0173!<\/p>\n<p>KOD\u0116L uolienos pasidaro skystos giliai po \u017eeme?<br \/>\nKURIS i\u0161 loki\u0173 yra did\u017eiausias?<br \/>\nKAS buvo mirmilonai?<\/p>\n<p>K\u016brybinio darbo malonum\u0105 patirsi ir \u017einias pasitikrinsi atsakydamas \u012f klausim\u0117lius. O pary\u0161kintuose languose perskaitysi ne\u012ftik\u0117tinai \u012fdomi\u0173 pasteb\u0117jim\u0173 apie mus supant\u012f pasaul\u012f.<\/p>\n<p>\u2022 \u0160imtai iliustracij\u0173, nuotrauk\u0173 ir pie\u0161ini\u0173<br \/>\n\u2022 Daugiau nei 1 000 \u012fdomiausi\u0173 fakt\u0173, did\u017eiuma kuri\u0173 galb\u016bt negird\u0117ta nematyta<br \/>\n\u2022 Klausimai, galvos\u016bkiai ir k\u016brybin\u0117s u\u017eduotys<\/p>\n","protected":false},"excerpt":{"rendered":"<p>\u0160ioje knygoje\u00a0<b>&#8220;1000 \u012fdomybi\u0173&#8221;<\/b>\u00a0atrask daugiau nei 1000 pasaulio \u012fdomybi\u0173!<\/p>\n<p>KOD\u0116L uolienos pasidaro skystos giliai po \u017eeme?<br \/>\nKURIS i\u0161 loki\u0173 yra did\u017eiausias?<br \/>\nKAS buvo mirmilonai?<\/p>\n<p>K\u016brybinio darbo malonum\u0105 patirsi ir \u017einias pasitikrinsi atsakydamas \u012f klausim\u0117lius. O pary\u0161kintuose languose perskaitysi ne\u012ftik\u0117tinai \u012fdomi\u0173 pasteb\u0117jim\u0173 apie mus supant\u012f pasaul\u012f.<\/p>\n<p>\u2022 \u0160imtai iliustracij\u0173, nuotrauk\u0173 ir pie\u0161ini\u0173<br \/>\n\u2022 Daugiau nei 1 000 \u012fdomiausi\u0173 fakt\u0173, did\u017eiuma kuri\u0173 galb\u016bt negird\u0117ta nematyta<br \/>\n\u2022 Klausimai, galvos\u016bkiai ir k\u016brybin\u0117s u\u017eduotys<\/p>\n","protected":false},"featured_media":6454,"comment_status":"closed","ping_status":"closed","template":"","meta":{"_acf_changed":false,"site-sidebar-layout":"default","site-content-layout":"","ast-site-content-layout":"default","site-content-style":"default","site-sidebar-style":"default","ast-global-header-display":"","ast-banner-title-visibility":"","ast-main-header-display":"","ast-hfb-above-header-display":"","ast-hfb-below-header-display":"","ast-hfb-mobile-header-display":"","site-post-title":"","ast-breadcrumbs-content":"","ast-featured-img":"","footer-sml-layout":"","ast-disable-related-posts":"","theme-transparent-header-meta":"","adv-header-id-meta":"","stick-header-meta":"","header-above-stick-meta":"","header-main-stick-meta":"","header-below-stick-meta":"","astra-migrate-meta-layouts":"default","ast-page-background-enabled":"default","ast-page-background-meta":{"desktop":{"background-color":"","background-image":"","background-repeat":"repeat","background-position":"center center","background-size":"auto","background-attachment":"scroll","background-type":"","background-media":"","overlay-type":"","overlay-color":"","overlay-opacity":"","overlay-gradient":""},"tablet":{"background-color":"","background-image":"","background-repeat":"repeat","background-position":"center center","background-size":"auto","background-attachment":"scroll","background-type":"","background-media":"","overlay-type":"","overlay-color":"","overlay-opacity":"","overlay-gradient":""},"mobile":{"background-color":"","background-image":"","background-repeat":"repeat","background-position":"center center","background-size":"auto","background-attachment":"scroll","background-type":"","background-media":"","overlay-type":"","overlay-color":"","overlay-opacity":"","overlay-gradient":""}},"ast-content-background-meta":{"desktop":{"background-color":"var(--ast-global-color-4)","background-image":"","background-repeat":"repeat","background-position":"center center","background-size":"auto","background-attachment":"scroll","background-type":"","background-media":"","overlay-type":"","overlay-color":"","overlay-opacity":"","overlay-gradient":""},"tablet":{"background-color":"var(--ast-global-color-4)","background-image":"","background-repeat":"repeat","background-position":"center center","background-size":"auto","background-attachment":"scroll","background-type":"","background-media":"","overlay-type":"","overlay-color":"","overlay-opacity":"","overlay-gradient":""},"mobile":{"background-color":"var(--ast-global-color-4)","background-image":"","background-repeat":"repeat","background-position":"center center","background-size":"auto","background-attachment":"scroll","background-type":"","background-media":"","overlay-type":"","overlay-color":"","overlay-opacity":"","overlay-gradient":""}}},"product_brand":[],"product_cat":[35],"product_tag":[],"class_list":{"0":"post-6440","1":"product","2":"type-product","3":"status-publish","4":"has-post-thumbnail","6":"product_cat-vaikams-ir-paaugliams","7":"desktop-align-left","8":"tablet-align-left","9":"mobile-align-left","11":"first","12":"outofstock","13":"shipping-taxable","14":"purchasable","15":"product-type-simple"},"acf":[],"yoast_head":"<!-- This site is optimized with the Yoast SEO plugin v27.0 - https:\/\/yoast.com\/product\/yoast-seo-wordpress\/ -->\n<title>1000 \u012fdomybi\u0173 - Skaitytaknyga<\/title>\n<meta name=\"description\" content=\"\u0160ioje knygoje\u00a0&quot;1000 \u012fdomybi\u0173&quot;\u00a0atrask daugiau nei 1000 pasaulio \u012fdomybi\u0173!  KOD\u0116L uolienos pasidaro skystos giliai po \u017eeme? KURIS i\u0161 loki\u0173 yra did\u017eiausias? KAS buvo mirmilonai?  K\u016brybinio darbo malonum\u0105 patirsi ir \u017einias pasitikrinsi atsakydamas \u012f klausim\u0117lius. O pary\u0161kintuose languose perskaitysi ne\u012ftik\u0117tinai \u012fdomi\u0173 pasteb\u0117jim\u0173 apie mus supant\u012f pasaul\u012f.  \u2022 \u0160imtai iliustracij\u0173, nuotrauk\u0173 ir pie\u0161ini\u0173 \u2022 Daugiau nei 1 000 \u012fdomiausi\u0173 fakt\u0173, did\u017eiuma kuri\u0173 galb\u016bt negird\u0117ta nematyta \u2022 Klausimai, galvos\u016bkiai ir k\u016brybin\u0117s u\u017eduotys\" \/>\n<meta name=\"robots\" content=\"index, follow, max-snippet:-1, max-image-preview:large, max-video-preview:-1\" \/>\n<link rel=\"canonical\" href=\"https:\/\/skaitytaknyga.lt\/en\/produktas\/1000-idomybiu\/\" \/>\n<meta property=\"og:locale\" content=\"en_GB\" \/>\n<meta property=\"og:locale:alternate\" content=\"lt_LT\" \/>\n<meta property=\"og:type\" content=\"article\" \/>\n<meta property=\"og:title\" content=\"1000 \u012fdomybi\u0173 - Skaitytaknyga\" \/>\n<meta property=\"og:description\" content=\"\u0160ioje knygoje\u00a0&quot;1000 \u012fdomybi\u0173&quot;\u00a0atrask daugiau nei 1000 pasaulio \u012fdomybi\u0173!  KOD\u0116L uolienos pasidaro skystos giliai po \u017eeme? KURIS i\u0161 loki\u0173 yra did\u017eiausias? KAS buvo mirmilonai?  K\u016brybinio darbo malonum\u0105 patirsi ir \u017einias pasitikrinsi atsakydamas \u012f klausim\u0117lius. O pary\u0161kintuose languose perskaitysi ne\u012ftik\u0117tinai \u012fdomi\u0173 pasteb\u0117jim\u0173 apie mus supant\u012f pasaul\u012f.  \u2022 \u0160imtai iliustracij\u0173, nuotrauk\u0173 ir pie\u0161ini\u0173 \u2022 Daugiau nei 1 000 \u012fdomiausi\u0173 fakt\u0173, did\u017eiuma kuri\u0173 galb\u016bt negird\u0117ta nematyta \u2022 Klausimai, galvos\u016bkiai ir k\u016brybin\u0117s u\u017eduotys\" \/>\n<meta property=\"og:url\" content=\"https:\/\/skaitytaknyga.lt\/en\/produktas\/1000-idomybiu\/\" \/>\n<meta property=\"og:site_name\" content=\"Skaitytaknyga\" \/>\n<meta property=\"article:publisher\" content=\"https:\/\/www.facebook.com\/skaitytaknyga\/\" \/>\n<meta property=\"article:modified_time\" content=\"2024-05-03T07:29:47+00:00\" \/>\n<meta property=\"og:image\" content=\"https:\/\/skaitytaknyga.lt\/wp-content\/uploads\/2024\/05\/1000-_domybi_-1_1.jpg\" \/>\n\t<meta property=\"og:image:width\" content=\"600\" \/>\n\t<meta property=\"og:image:height\" content=\"779\" \/>\n\t<meta property=\"og:image:type\" content=\"image\/jpeg\" \/>\n<meta name=\"twitter:card\" content=\"summary_large_image\" \/>\n<meta name=\"twitter:label1\" content=\"Estimated reading time\" \/>\n\t<meta name=\"twitter:data1\" content=\"1 minute\" \/>\n<script type=\"application\/ld+json\" class=\"yoast-schema-graph\">{\"@context\":\"https:\/\/schema.org\",\"@graph\":[{\"@type\":\"WebPage\",\"@id\":\"https:\/\/skaitytaknyga.lt\/produktas\/1000-idomybiu\/\",\"url\":\"https:\/\/skaitytaknyga.lt\/produktas\/1000-idomybiu\/\",\"name\":\"1000 \u012fdomybi\u0173 - Skaitytaknyga\",\"isPartOf\":{\"@id\":\"https:\/\/skaitytaknyga.lt\/#website\"},\"primaryImageOfPage\":{\"@id\":\"https:\/\/skaitytaknyga.lt\/produktas\/1000-idomybiu\/#primaryimage\"},\"image\":{\"@id\":\"https:\/\/skaitytaknyga.lt\/produktas\/1000-idomybiu\/#primaryimage\"},\"thumbnailUrl\":\"https:\/\/skaitytaknyga.lt\/wp-content\/uploads\/2024\/05\/1000-_domybi_-1_1.jpg\",\"datePublished\":\"2024-05-02T13:18:48+00:00\",\"dateModified\":\"2024-05-03T07:29:47+00:00\",\"description\":\"\u0160ioje knygoje\u00a0\\\"1000 \u012fdomybi\u0173\\\"\u00a0atrask daugiau nei 1000 pasaulio \u012fdomybi\u0173! KOD\u0116L uolienos pasidaro skystos giliai po \u017eeme? KURIS i\u0161 loki\u0173 yra did\u017eiausias? KAS buvo mirmilonai? K\u016brybinio darbo malonum\u0105 patirsi ir \u017einias pasitikrinsi atsakydamas \u012f klausim\u0117lius. O pary\u0161kintuose languose perskaitysi ne\u012ftik\u0117tinai \u012fdomi\u0173 pasteb\u0117jim\u0173 apie mus supant\u012f pasaul\u012f. \u2022 \u0160imtai iliustracij\u0173, nuotrauk\u0173 ir pie\u0161ini\u0173 \u2022 Daugiau nei 1 000 \u012fdomiausi\u0173 fakt\u0173, did\u017eiuma kuri\u0173 galb\u016bt negird\u0117ta nematyta \u2022 Klausimai, galvos\u016bkiai ir k\u016brybin\u0117s u\u017eduotys\",\"breadcrumb\":{\"@id\":\"https:\/\/skaitytaknyga.lt\/produktas\/1000-idomybiu\/#breadcrumb\"},\"inLanguage\":\"en-GB\",\"potentialAction\":[{\"@type\":\"ReadAction\",\"target\":[\"https:\/\/skaitytaknyga.lt\/produktas\/1000-idomybiu\/\"]}]},{\"@type\":\"ImageObject\",\"inLanguage\":\"en-GB\",\"@id\":\"https:\/\/skaitytaknyga.lt\/produktas\/1000-idomybiu\/#primaryimage\",\"url\":\"https:\/\/skaitytaknyga.lt\/wp-content\/uploads\/2024\/05\/1000-_domybi_-1_1.jpg\",\"contentUrl\":\"https:\/\/skaitytaknyga.lt\/wp-content\/uploads\/2024\/05\/1000-_domybi_-1_1.jpg\",\"width\":600,\"height\":779},{\"@type\":\"BreadcrumbList\",\"@id\":\"https:\/\/skaitytaknyga.lt\/produktas\/1000-idomybiu\/#breadcrumb\",\"itemListElement\":[{\"@type\":\"ListItem\",\"position\":1,\"name\":\"Home\",\"item\":\"https:\/\/skaitytaknyga.lt\/\"},{\"@type\":\"ListItem\",\"position\":2,\"name\":\"Parduotuv\u0117\",\"item\":\"https:\/\/skaitytaknyga.lt\/knygu-parduotuve\/\"},{\"@type\":\"ListItem\",\"position\":3,\"name\":\"1000 \u012fdomybi\u0173\"}]},{\"@type\":\"WebSite\",\"@id\":\"https:\/\/skaitytaknyga.lt\/#website\",\"url\":\"https:\/\/skaitytaknyga.lt\/\",\"name\":\"skaitytaknyga.lt\",\"description\":\"Skaitytaknyga.lt \u2013 tai ma\u017eas \u0161eimos verslas, kuris prasid\u0117jo nuo meil\u0117s knygoms ir siekio i\u0161gelb\u0117ti knygas nuo likimo prie konteinerio. Kas vienam nereikalingas daiktas \u2013 kitam lobis, o mes esame tarpininkai, kurie padeda abiems tapti laimingesniems ???? \u017dinome kaip nelengva i\u0161gyventi ma\u017eiems verslams, tad nuo \u0161iol, \u010dia rasite ir kit\u0173, ma\u017e\u0173 \u0161eim\u0173 versl\u0173, rank\u0173 darbo, dovan\u0173 sau ir artimiesiems.\",\"publisher\":{\"@id\":\"https:\/\/skaitytaknyga.lt\/#organization\"},\"potentialAction\":[{\"@type\":\"SearchAction\",\"target\":{\"@type\":\"EntryPoint\",\"urlTemplate\":\"https:\/\/skaitytaknyga.lt\/?s={search_term_string}\"},\"query-input\":{\"@type\":\"PropertyValueSpecification\",\"valueRequired\":true,\"valueName\":\"search_term_string\"}}],\"inLanguage\":\"en-GB\"},{\"@type\":\"Organization\",\"@id\":\"https:\/\/skaitytaknyga.lt\/#organization\",\"name\":\"skaitytaknyga.lt\",\"url\":\"https:\/\/skaitytaknyga.lt\/\",\"logo\":{\"@type\":\"ImageObject\",\"inLanguage\":\"en-GB\",\"@id\":\"https:\/\/skaitytaknyga.lt\/#\/schema\/logo\/image\/\",\"url\":\"https:\/\/skaitytaknyga.lt\/wp-content\/uploads\/2024\/05\/cropped-cropped-cropped-02_00843_jt3bggkj1j3HLc7SyY6rEUpg.jpeg\",\"contentUrl\":\"https:\/\/skaitytaknyga.lt\/wp-content\/uploads\/2024\/05\/cropped-cropped-cropped-02_00843_jt3bggkj1j3HLc7SyY6rEUpg.jpeg\",\"width\":1600,\"height\":1600,\"caption\":\"skaitytaknyga.lt\"},\"image\":{\"@id\":\"https:\/\/skaitytaknyga.lt\/#\/schema\/logo\/image\/\"},\"sameAs\":[\"https:\/\/www.facebook.com\/skaitytaknyga\/\"]}]}<\/script>\n<!-- \/ Yoast SEO plugin. -->","yoast_head_json":{"title":"1000 \u012fdomybi\u0173 - Skaitytaknyga","description":"\u0160ioje knygoje\u00a0\"1000 \u012fdomybi\u0173\"\u00a0atrask daugiau nei 1000 pasaulio \u012fdomybi\u0173!  KOD\u0116L uolienos pasidaro skystos giliai po \u017eeme? KURIS i\u0161 loki\u0173 yra did\u017eiausias? KAS buvo mirmilonai?  K\u016brybinio darbo malonum\u0105 patirsi ir \u017einias pasitikrinsi atsakydamas \u012f klausim\u0117lius. O pary\u0161kintuose languose perskaitysi ne\u012ftik\u0117tinai \u012fdomi\u0173 pasteb\u0117jim\u0173 apie mus supant\u012f pasaul\u012f.  \u2022 \u0160imtai iliustracij\u0173, nuotrauk\u0173 ir pie\u0161ini\u0173 \u2022 Daugiau nei 1 000 \u012fdomiausi\u0173 fakt\u0173, did\u017eiuma kuri\u0173 galb\u016bt negird\u0117ta nematyta \u2022 Klausimai, galvos\u016bkiai ir k\u016brybin\u0117s u\u017eduotys","robots":{"index":"index","follow":"follow","max-snippet":"max-snippet:-1","max-image-preview":"max-image-preview:large","max-video-preview":"max-video-preview:-1"},"canonical":"https:\/\/skaitytaknyga.lt\/en\/produktas\/1000-idomybiu\/","og_locale":"en_GB","og_type":"article","og_title":"1000 \u012fdomybi\u0173 - Skaitytaknyga","og_description":"\u0160ioje knygoje\u00a0\"1000 \u012fdomybi\u0173\"\u00a0atrask daugiau nei 1000 pasaulio \u012fdomybi\u0173!  KOD\u0116L uolienos pasidaro skystos giliai po \u017eeme? KURIS i\u0161 loki\u0173 yra did\u017eiausias? KAS buvo mirmilonai?  K\u016brybinio darbo malonum\u0105 patirsi ir \u017einias pasitikrinsi atsakydamas \u012f klausim\u0117lius. O pary\u0161kintuose languose perskaitysi ne\u012ftik\u0117tinai \u012fdomi\u0173 pasteb\u0117jim\u0173 apie mus supant\u012f pasaul\u012f.  \u2022 \u0160imtai iliustracij\u0173, nuotrauk\u0173 ir pie\u0161ini\u0173 \u2022 Daugiau nei 1 000 \u012fdomiausi\u0173 fakt\u0173, did\u017eiuma kuri\u0173 galb\u016bt negird\u0117ta nematyta \u2022 Klausimai, galvos\u016bkiai ir k\u016brybin\u0117s u\u017eduotys","og_url":"https:\/\/skaitytaknyga.lt\/en\/produktas\/1000-idomybiu\/","og_site_name":"Skaitytaknyga","article_publisher":"https:\/\/www.facebook.com\/skaitytaknyga\/","article_modified_time":"2024-05-03T07:29:47+00:00","og_image":[{"width":600,"height":779,"url":"https:\/\/skaitytaknyga.lt\/wp-content\/uploads\/2024\/05\/1000-_domybi_-1_1.jpg","type":"image\/jpeg"}],"twitter_card":"summary_large_image","twitter_misc":{"Estimated reading time":"1 minute"},"schema":{"@context":"https:\/\/schema.org","@graph":[{"@type":"WebPage","@id":"https:\/\/skaitytaknyga.lt\/produktas\/1000-idomybiu\/","url":"https:\/\/skaitytaknyga.lt\/produktas\/1000-idomybiu\/","name":"1000 \u012fdomybi\u0173 - Skaitytaknyga","isPartOf":{"@id":"https:\/\/skaitytaknyga.lt\/#website"},"primaryImageOfPage":{"@id":"https:\/\/skaitytaknyga.lt\/produktas\/1000-idomybiu\/#primaryimage"},"image":{"@id":"https:\/\/skaitytaknyga.lt\/produktas\/1000-idomybiu\/#primaryimage"},"thumbnailUrl":"https:\/\/skaitytaknyga.lt\/wp-content\/uploads\/2024\/05\/1000-_domybi_-1_1.jpg","datePublished":"2024-05-02T13:18:48+00:00","dateModified":"2024-05-03T07:29:47+00:00","description":"\u0160ioje knygoje\u00a0\"1000 \u012fdomybi\u0173\"\u00a0atrask daugiau nei 1000 pasaulio \u012fdomybi\u0173! KOD\u0116L uolienos pasidaro skystos giliai po \u017eeme? KURIS i\u0161 loki\u0173 yra did\u017eiausias? KAS buvo mirmilonai? K\u016brybinio darbo malonum\u0105 patirsi ir \u017einias pasitikrinsi atsakydamas \u012f klausim\u0117lius. O pary\u0161kintuose languose perskaitysi ne\u012ftik\u0117tinai \u012fdomi\u0173 pasteb\u0117jim\u0173 apie mus supant\u012f pasaul\u012f. \u2022 \u0160imtai iliustracij\u0173, nuotrauk\u0173 ir pie\u0161ini\u0173 \u2022 Daugiau nei 1 000 \u012fdomiausi\u0173 fakt\u0173, did\u017eiuma kuri\u0173 galb\u016bt negird\u0117ta nematyta \u2022 Klausimai, galvos\u016bkiai ir k\u016brybin\u0117s u\u017eduotys","breadcrumb":{"@id":"https:\/\/skaitytaknyga.lt\/produktas\/1000-idomybiu\/#breadcrumb"},"inLanguage":"en-GB","potentialAction":[{"@type":"ReadAction","target":["https:\/\/skaitytaknyga.lt\/produktas\/1000-idomybiu\/"]}]},{"@type":"ImageObject","inLanguage":"en-GB","@id":"https:\/\/skaitytaknyga.lt\/produktas\/1000-idomybiu\/#primaryimage","url":"https:\/\/skaitytaknyga.lt\/wp-content\/uploads\/2024\/05\/1000-_domybi_-1_1.jpg","contentUrl":"https:\/\/skaitytaknyga.lt\/wp-content\/uploads\/2024\/05\/1000-_domybi_-1_1.jpg","width":600,"height":779},{"@type":"BreadcrumbList","@id":"https:\/\/skaitytaknyga.lt\/produktas\/1000-idomybiu\/#breadcrumb","itemListElement":[{"@type":"ListItem","position":1,"name":"Home","item":"https:\/\/skaitytaknyga.lt\/"},{"@type":"ListItem","position":2,"name":"Parduotuv\u0117","item":"https:\/\/skaitytaknyga.lt\/knygu-parduotuve\/"},{"@type":"ListItem","position":3,"name":"1000 \u012fdomybi\u0173"}]},{"@type":"WebSite","@id":"https:\/\/skaitytaknyga.lt\/#website","url":"https:\/\/skaitytaknyga.lt\/","name":"skaitytaknyga.lt","description":"Skaitytaknyga.lt \u2013 tai ma\u017eas \u0161eimos verslas, kuris prasid\u0117jo nuo meil\u0117s knygoms ir siekio i\u0161gelb\u0117ti knygas nuo likimo prie konteinerio. Kas vienam nereikalingas daiktas \u2013 kitam lobis, o mes esame tarpininkai, kurie padeda abiems tapti laimingesniems ???? \u017dinome kaip nelengva i\u0161gyventi ma\u017eiems verslams, tad nuo \u0161iol, \u010dia rasite ir kit\u0173, ma\u017e\u0173 \u0161eim\u0173 versl\u0173, rank\u0173 darbo, dovan\u0173 sau ir artimiesiems.","publisher":{"@id":"https:\/\/skaitytaknyga.lt\/#organization"},"potentialAction":[{"@type":"SearchAction","target":{"@type":"EntryPoint","urlTemplate":"https:\/\/skaitytaknyga.lt\/?s={search_term_string}"},"query-input":{"@type":"PropertyValueSpecification","valueRequired":true,"valueName":"search_term_string"}}],"inLanguage":"en-GB"},{"@type":"Organization","@id":"https:\/\/skaitytaknyga.lt\/#organization","name":"skaitytaknyga.lt","url":"https:\/\/skaitytaknyga.lt\/","logo":{"@type":"ImageObject","inLanguage":"en-GB","@id":"https:\/\/skaitytaknyga.lt\/#\/schema\/logo\/image\/","url":"https:\/\/skaitytaknyga.lt\/wp-content\/uploads\/2024\/05\/cropped-cropped-cropped-02_00843_jt3bggkj1j3HLc7SyY6rEUpg.jpeg","contentUrl":"https:\/\/skaitytaknyga.lt\/wp-content\/uploads\/2024\/05\/cropped-cropped-cropped-02_00843_jt3bggkj1j3HLc7SyY6rEUpg.jpeg","width":1600,"height":1600,"caption":"skaitytaknyga.lt"},"image":{"@id":"https:\/\/skaitytaknyga.lt\/#\/schema\/logo\/image\/"},"sameAs":["https:\/\/www.facebook.com\/skaitytaknyga\/"]}]}},"_links":{"self":[{"href":"https:\/\/skaitytaknyga.lt\/en\/wp-json\/wp\/v2\/product\/6440","targetHints":{"allow":["GET"]}}],"collection":[{"href":"https:\/\/skaitytaknyga.lt\/en\/wp-json\/wp\/v2\/product"}],"about":[{"href":"https:\/\/skaitytaknyga.lt\/en\/wp-json\/wp\/v2\/types\/product"}],"replies":[{"embeddable":true,"href":"https:\/\/skaitytaknyga.lt\/en\/wp-json\/wp\/v2\/comments?post=6440"}],"wp:featuredmedia":[{"embeddable":true,"href":"https:\/\/skaitytaknyga.lt\/en\/wp-json\/wp\/v2\/media\/6454"}],"wp:attachment":[{"href":"https:\/\/skaitytaknyga.lt\/en\/wp-json\/wp\/v2\/media?parent=6440"}],"wp:term":[{"taxonomy":"product_brand","embeddable":true,"href":"https:\/\/skaitytaknyga.lt\/en\/wp-json\/wp\/v2\/product_brand?post=6440"},{"taxonomy":"product_cat","embeddable":true,"href":"https:\/\/skaitytaknyga.lt\/en\/wp-json\/wp\/v2\/product_cat?post=6440"},{"taxonomy":"product_tag","embeddable":true,"href":"https:\/\/skaitytaknyga.lt\/en\/wp-json\/wp\/v2\/product_tag?post=6440"}],"curies":[{"name":"wp","href":"https:\/\/api.w.org\/{rel}","templated":true}]}}