{"id":6427,"date":"2024-05-02T13:18:25","date_gmt":"2024-05-02T13:18:25","guid":{"rendered":"https:\/\/skaitytaknyga.lt\/?post_type=product&#038;p=6427"},"modified":"2026-03-05T16:14:38","modified_gmt":"2026-03-05T14:14:38","slug":"prietrankos-dienorastis-6-ne-itin-laimingos-sirdziu-edikes-istorija","status":"publish","type":"product","link":"https:\/\/skaitytaknyga.lt\/en\/produktas\/prietrankos-dienorastis-6-ne-itin-laimingos-sirdziu-edikes-istorija\/","title":{"rendered":"Prietrankos dienora\u0161tis 6. Ne itin laimingos \u0161ird\u017ei\u0173 \u0117dik\u0117s istorija"},"content":{"rendered":"<p>\u0160e\u0161toje \u201ePrietrankos dienora\u0161\u010dio\u201c dalyje Nik\u0119 u\u017egri\u016bva nauji r\u016bpes\u010diai &#8211; malon\u016bs ir nelabai. Mokykloje Valentino dienos proga rengiamas \u0160ird\u017ei\u0173 \u0161oki\u0173 vakaras, \u012f kur\u012f vaikinus turi kviesti mergait\u0117s.<\/p>\n<p>Rodos, draugi\u0173 trijulei abejoni\u0173 netur\u0117t\u0173 kilti &#8211; berniukai i\u0161 talent\u0173 \u0161ou muzikos grup\u0117s labai \u0161aun\u016bs. Tik kad tas Brendonas elgiasi ka\u017ekaip keistai &#8211; \u010dia nuo\u0161ird\u017eiai kalbasi, \u010dia ra\u0161o telefonu kvailiausias \u017einutes. Ir tik at\u0117jus \u0161oki\u0173 vakarui viskas pagaliau paai\u0161k\u0117ja&#8230; Maken\u0117s neapykanta Nikei per\u017eengia visas ribas.<\/p>\n<p>\u201ePrietrankos dienora\u0161\u010di\u0173\u201c serija sulauk\u0117 did\u017eiulio pasisekimo tarp paaugli\u0173 visame pasaulyje. Ji jau i\u0161versta \u012f 32 kalbas ir lyginama su \u201eNevyk\u0117lio dienora\u0161\u010diu\u201c ir \u201ePrinces\u0117s dienora\u0161\u010diu\u201c.<\/p>\n","protected":false},"excerpt":{"rendered":"<p>\u0160e\u0161toje \u201ePrietrankos dienora\u0161\u010dio\u201c dalyje Nik\u0119 u\u017egri\u016bva nauji r\u016bpes\u010diai &#8211; malon\u016bs ir nelabai. Mokykloje Valentino dienos proga rengiamas \u0160ird\u017ei\u0173 \u0161oki\u0173 vakaras, \u012f kur\u012f vaikinus turi kviesti mergait\u0117s.<\/p>\n<p>Rodos, draugi\u0173 trijulei abejoni\u0173 netur\u0117t\u0173 kilti &#8211; berniukai i\u0161 talent\u0173 \u0161ou muzikos grup\u0117s labai \u0161aun\u016bs. Tik kad tas Brendonas elgiasi ka\u017ekaip keistai &#8211; \u010dia nuo\u0161ird\u017eiai kalbasi, \u010dia ra\u0161o telefonu kvailiausias \u017einutes. Ir tik at\u0117jus \u0161oki\u0173 vakarui viskas pagaliau paai\u0161k\u0117ja&#8230; Maken\u0117s neapykanta Nikei per\u017eengia visas ribas.<\/p>\n<p>\u201ePrietrankos dienora\u0161\u010di\u0173\u201c serija sulauk\u0117 did\u017eiulio pasisekimo tarp paaugli\u0173 visame pasaulyje. Ji jau i\u0161versta \u012f 32 kalbas ir lyginama su \u201eNevyk\u0117lio dienora\u0161\u010diu\u201c ir \u201ePrinces\u0117s dienora\u0161\u010diu\u201c.<\/p>\n","protected":false},"featured_media":6449,"comment_status":"closed","ping_status":"closed","template":"","meta":{"_acf_changed":false,"site-sidebar-layout":"default","site-content-layout":"","ast-site-content-layout":"default","site-content-style":"default","site-sidebar-style":"default","ast-global-header-display":"","ast-banner-title-visibility":"","ast-main-header-display":"","ast-hfb-above-header-display":"","ast-hfb-below-header-display":"","ast-hfb-mobile-header-display":"","site-post-title":"","ast-breadcrumbs-content":"","ast-featured-img":"","footer-sml-layout":"","ast-disable-related-posts":"","theme-transparent-header-meta":"","adv-header-id-meta":"","stick-header-meta":"","header-above-stick-meta":"","header-main-stick-meta":"","header-below-stick-meta":"","astra-migrate-meta-layouts":"default","ast-page-background-enabled":"default","ast-page-background-meta":{"desktop":{"background-color":"","background-image":"","background-repeat":"repeat","background-position":"center center","background-size":"auto","background-attachment":"scroll","background-type":"","background-media":"","overlay-type":"","overlay-color":"","overlay-opacity":"","overlay-gradient":""},"tablet":{"background-color":"","background-image":"","background-repeat":"repeat","background-position":"center center","background-size":"auto","background-attachment":"scroll","background-type":"","background-media":"","overlay-type":"","overlay-color":"","overlay-opacity":"","overlay-gradient":""},"mobile":{"background-color":"","background-image":"","background-repeat":"repeat","background-position":"center center","background-size":"auto","background-attachment":"scroll","background-type":"","background-media":"","overlay-type":"","overlay-color":"","overlay-opacity":"","overlay-gradient":""}},"ast-content-background-meta":{"desktop":{"background-color":"var(--ast-global-color-4)","background-image":"","background-repeat":"repeat","background-position":"center center","background-size":"auto","background-attachment":"scroll","background-type":"","background-media":"","overlay-type":"","overlay-color":"","overlay-opacity":"","overlay-gradient":""},"tablet":{"background-color":"var(--ast-global-color-4)","background-image":"","background-repeat":"repeat","background-position":"center center","background-size":"auto","background-attachment":"scroll","background-type":"","background-media":"","overlay-type":"","overlay-color":"","overlay-opacity":"","overlay-gradient":""},"mobile":{"background-color":"var(--ast-global-color-4)","background-image":"","background-repeat":"repeat","background-position":"center center","background-size":"auto","background-attachment":"scroll","background-type":"","background-media":"","overlay-type":"","overlay-color":"","overlay-opacity":"","overlay-gradient":""}}},"product_brand":[],"product_cat":[9674],"product_tag":[1796,2287,3614,4065,4045],"class_list":{"0":"post-6427","1":"product","2":"type-product","3":"status-publish","4":"has-post-thumbnail","6":"product_cat-pradinukams","7":"product_tag-meile","8":"product_tag-mokykla","9":"product_tag-paaugliai","10":"product_tag-prietrankos-dienorastis","11":"product_tag-rachel-renee-russell","12":"desktop-align-left","13":"tablet-align-left","14":"mobile-align-left","16":"first","17":"outofstock","18":"shipping-taxable","19":"purchasable","20":"product-type-simple"},"acf":[],"yoast_head":"<!-- This site is optimized with the Yoast SEO plugin v27.0 - https:\/\/yoast.com\/product\/yoast-seo-wordpress\/ -->\n<title>Prietrankos dienora\u0161tis 6. Ne itin laimingos \u0161ird\u017ei\u0173 \u0117dik\u0117s istorija - Skaitytaknyga<\/title>\n<meta name=\"description\" content=\"\u0160e\u0161toje \u201ePrietrankos dienora\u0161\u010dio\u201c dalyje Nik\u0119 u\u017egri\u016bva nauji r\u016bpes\u010diai - malon\u016bs ir nelabai. Mokykloje Valentino dienos proga rengiamas \u0160ird\u017ei\u0173 \u0161oki\u0173 vakaras, \u012f kur\u012f vaikinus turi kviesti mergait\u0117s.  Rodos, draugi\u0173 trijulei abejoni\u0173 netur\u0117t\u0173 kilti - berniukai i\u0161 talent\u0173 \u0161ou muzikos grup\u0117s labai \u0161aun\u016bs. Tik kad tas Brendonas elgiasi ka\u017ekaip keistai - \u010dia nuo\u0161ird\u017eiai kalbasi, \u010dia ra\u0161o telefonu kvailiausias \u017einutes. Ir tik at\u0117jus \u0161oki\u0173 vakarui viskas pagaliau paai\u0161k\u0117ja... Maken\u0117s neapykanta Nikei per\u017eengia visas ribas.  \u201ePrietrankos dienora\u0161\u010di\u0173\u201c serija sulauk\u0117 did\u017eiulio pasisekimo tarp paaugli\u0173 visame pasaulyje. Ji jau i\u0161versta \u012f 32 kalbas ir lyginama su \u201eNevyk\u0117lio dienora\u0161\u010diu\u201c ir \u201ePrinces\u0117s dienora\u0161\u010diu\u201c.\" \/>\n<meta name=\"robots\" content=\"index, follow, max-snippet:-1, max-image-preview:large, max-video-preview:-1\" \/>\n<link rel=\"canonical\" href=\"https:\/\/skaitytaknyga.lt\/en\/produktas\/prietrankos-dienorastis-6-ne-itin-laimingos-sirdziu-edikes-istorija\/\" \/>\n<meta property=\"og:locale\" content=\"en_GB\" \/>\n<meta property=\"og:locale:alternate\" content=\"lt_LT\" \/>\n<meta property=\"og:type\" content=\"article\" \/>\n<meta property=\"og:title\" content=\"Prietrankos dienora\u0161tis 6. Ne itin laimingos \u0161ird\u017ei\u0173 \u0117dik\u0117s istorija - Skaitytaknyga\" \/>\n<meta property=\"og:description\" content=\"\u0160e\u0161toje \u201ePrietrankos dienora\u0161\u010dio\u201c dalyje Nik\u0119 u\u017egri\u016bva nauji r\u016bpes\u010diai - malon\u016bs ir nelabai. Mokykloje Valentino dienos proga rengiamas \u0160ird\u017ei\u0173 \u0161oki\u0173 vakaras, \u012f kur\u012f vaikinus turi kviesti mergait\u0117s.  Rodos, draugi\u0173 trijulei abejoni\u0173 netur\u0117t\u0173 kilti - berniukai i\u0161 talent\u0173 \u0161ou muzikos grup\u0117s labai \u0161aun\u016bs. Tik kad tas Brendonas elgiasi ka\u017ekaip keistai - \u010dia nuo\u0161ird\u017eiai kalbasi, \u010dia ra\u0161o telefonu kvailiausias \u017einutes. Ir tik at\u0117jus \u0161oki\u0173 vakarui viskas pagaliau paai\u0161k\u0117ja... Maken\u0117s neapykanta Nikei per\u017eengia visas ribas.  \u201ePrietrankos dienora\u0161\u010di\u0173\u201c serija sulauk\u0117 did\u017eiulio pasisekimo tarp paaugli\u0173 visame pasaulyje. Ji jau i\u0161versta \u012f 32 kalbas ir lyginama su \u201eNevyk\u0117lio dienora\u0161\u010diu\u201c ir \u201ePrinces\u0117s dienora\u0161\u010diu\u201c.\" \/>\n<meta property=\"og:url\" content=\"https:\/\/skaitytaknyga.lt\/en\/produktas\/prietrankos-dienorastis-6-ne-itin-laimingos-sirdziu-edikes-istorija\/\" \/>\n<meta property=\"og:site_name\" content=\"Skaitytaknyga\" \/>\n<meta property=\"article:publisher\" content=\"https:\/\/www.facebook.com\/skaitytaknyga\/\" \/>\n<meta property=\"article:modified_time\" content=\"2026-03-05T14:14:38+00:00\" \/>\n<meta property=\"og:image\" content=\"https:\/\/skaitytaknyga.lt\/wp-content\/uploads\/2024\/05\/1462882620_cdbprietrankos-dienorastis6z1.jpg\" \/>\n\t<meta property=\"og:image:width\" content=\"310\" \/>\n\t<meta property=\"og:image:height\" content=\"430\" \/>\n\t<meta property=\"og:image:type\" content=\"image\/jpeg\" \/>\n<meta name=\"twitter:card\" content=\"summary_large_image\" \/>\n<meta name=\"twitter:label1\" content=\"Estimated reading time\" \/>\n\t<meta name=\"twitter:data1\" content=\"1 minute\" \/>\n<script type=\"application\/ld+json\" class=\"yoast-schema-graph\">{\"@context\":\"https:\/\/schema.org\",\"@graph\":[{\"@type\":\"WebPage\",\"@id\":\"https:\/\/skaitytaknyga.lt\/produktas\/prietrankos-dienorastis-6-ne-itin-laimingos-sirdziu-edikes-istorija\/\",\"url\":\"https:\/\/skaitytaknyga.lt\/produktas\/prietrankos-dienorastis-6-ne-itin-laimingos-sirdziu-edikes-istorija\/\",\"name\":\"Prietrankos dienora\u0161tis 6. Ne itin laimingos \u0161ird\u017ei\u0173 \u0117dik\u0117s istorija - Skaitytaknyga\",\"isPartOf\":{\"@id\":\"https:\/\/skaitytaknyga.lt\/#website\"},\"primaryImageOfPage\":{\"@id\":\"https:\/\/skaitytaknyga.lt\/produktas\/prietrankos-dienorastis-6-ne-itin-laimingos-sirdziu-edikes-istorija\/#primaryimage\"},\"image\":{\"@id\":\"https:\/\/skaitytaknyga.lt\/produktas\/prietrankos-dienorastis-6-ne-itin-laimingos-sirdziu-edikes-istorija\/#primaryimage\"},\"thumbnailUrl\":\"https:\/\/skaitytaknyga.lt\/wp-content\/uploads\/2024\/05\/1462882620_cdbprietrankos-dienorastis6z1.jpg\",\"datePublished\":\"2024-05-02T13:18:25+00:00\",\"dateModified\":\"2026-03-05T14:14:38+00:00\",\"description\":\"\u0160e\u0161toje \u201ePrietrankos dienora\u0161\u010dio\u201c dalyje Nik\u0119 u\u017egri\u016bva nauji r\u016bpes\u010diai - malon\u016bs ir nelabai. Mokykloje Valentino dienos proga rengiamas \u0160ird\u017ei\u0173 \u0161oki\u0173 vakaras, \u012f kur\u012f vaikinus turi kviesti mergait\u0117s. Rodos, draugi\u0173 trijulei abejoni\u0173 netur\u0117t\u0173 kilti - berniukai i\u0161 talent\u0173 \u0161ou muzikos grup\u0117s labai \u0161aun\u016bs. Tik kad tas Brendonas elgiasi ka\u017ekaip keistai - \u010dia nuo\u0161ird\u017eiai kalbasi, \u010dia ra\u0161o telefonu kvailiausias \u017einutes. Ir tik at\u0117jus \u0161oki\u0173 vakarui viskas pagaliau paai\u0161k\u0117ja... Maken\u0117s neapykanta Nikei per\u017eengia visas ribas. \u201ePrietrankos dienora\u0161\u010di\u0173\u201c serija sulauk\u0117 did\u017eiulio pasisekimo tarp paaugli\u0173 visame pasaulyje. Ji jau i\u0161versta \u012f 32 kalbas ir lyginama su \u201eNevyk\u0117lio dienora\u0161\u010diu\u201c ir \u201ePrinces\u0117s dienora\u0161\u010diu\u201c.\",\"breadcrumb\":{\"@id\":\"https:\/\/skaitytaknyga.lt\/produktas\/prietrankos-dienorastis-6-ne-itin-laimingos-sirdziu-edikes-istorija\/#breadcrumb\"},\"inLanguage\":\"en-GB\",\"potentialAction\":[{\"@type\":\"ReadAction\",\"target\":[\"https:\/\/skaitytaknyga.lt\/produktas\/prietrankos-dienorastis-6-ne-itin-laimingos-sirdziu-edikes-istorija\/\"]}]},{\"@type\":\"ImageObject\",\"inLanguage\":\"en-GB\",\"@id\":\"https:\/\/skaitytaknyga.lt\/produktas\/prietrankos-dienorastis-6-ne-itin-laimingos-sirdziu-edikes-istorija\/#primaryimage\",\"url\":\"https:\/\/skaitytaknyga.lt\/wp-content\/uploads\/2024\/05\/1462882620_cdbprietrankos-dienorastis6z1.jpg\",\"contentUrl\":\"https:\/\/skaitytaknyga.lt\/wp-content\/uploads\/2024\/05\/1462882620_cdbprietrankos-dienorastis6z1.jpg\",\"width\":310,\"height\":430},{\"@type\":\"BreadcrumbList\",\"@id\":\"https:\/\/skaitytaknyga.lt\/produktas\/prietrankos-dienorastis-6-ne-itin-laimingos-sirdziu-edikes-istorija\/#breadcrumb\",\"itemListElement\":[{\"@type\":\"ListItem\",\"position\":1,\"name\":\"Home\",\"item\":\"https:\/\/skaitytaknyga.lt\/\"},{\"@type\":\"ListItem\",\"position\":2,\"name\":\"Parduotuv\u0117\",\"item\":\"https:\/\/skaitytaknyga.lt\/knygu-parduotuve\/\"},{\"@type\":\"ListItem\",\"position\":3,\"name\":\"Prietrankos dienora\u0161tis 6. Ne itin laimingos \u0161ird\u017ei\u0173 \u0117dik\u0117s istorija\"}]},{\"@type\":\"WebSite\",\"@id\":\"https:\/\/skaitytaknyga.lt\/#website\",\"url\":\"https:\/\/skaitytaknyga.lt\/\",\"name\":\"skaitytaknyga.lt\",\"description\":\"Skaitytaknyga.lt \u2013 tai ma\u017eas \u0161eimos verslas, kuris prasid\u0117jo nuo meil\u0117s knygoms ir siekio i\u0161gelb\u0117ti knygas nuo likimo prie konteinerio. Kas vienam nereikalingas daiktas \u2013 kitam lobis, o mes esame tarpininkai, kurie padeda abiems tapti laimingesniems ???? \u017dinome kaip nelengva i\u0161gyventi ma\u017eiems verslams, tad nuo \u0161iol, \u010dia rasite ir kit\u0173, ma\u017e\u0173 \u0161eim\u0173 versl\u0173, rank\u0173 darbo, dovan\u0173 sau ir artimiesiems.\",\"publisher\":{\"@id\":\"https:\/\/skaitytaknyga.lt\/#organization\"},\"potentialAction\":[{\"@type\":\"SearchAction\",\"target\":{\"@type\":\"EntryPoint\",\"urlTemplate\":\"https:\/\/skaitytaknyga.lt\/?s={search_term_string}\"},\"query-input\":{\"@type\":\"PropertyValueSpecification\",\"valueRequired\":true,\"valueName\":\"search_term_string\"}}],\"inLanguage\":\"en-GB\"},{\"@type\":\"Organization\",\"@id\":\"https:\/\/skaitytaknyga.lt\/#organization\",\"name\":\"skaitytaknyga.lt\",\"url\":\"https:\/\/skaitytaknyga.lt\/\",\"logo\":{\"@type\":\"ImageObject\",\"inLanguage\":\"en-GB\",\"@id\":\"https:\/\/skaitytaknyga.lt\/#\/schema\/logo\/image\/\",\"url\":\"https:\/\/skaitytaknyga.lt\/wp-content\/uploads\/2024\/05\/cropped-cropped-cropped-02_00843_jt3bggkj1j3HLc7SyY6rEUpg.jpeg\",\"contentUrl\":\"https:\/\/skaitytaknyga.lt\/wp-content\/uploads\/2024\/05\/cropped-cropped-cropped-02_00843_jt3bggkj1j3HLc7SyY6rEUpg.jpeg\",\"width\":1600,\"height\":1600,\"caption\":\"skaitytaknyga.lt\"},\"image\":{\"@id\":\"https:\/\/skaitytaknyga.lt\/#\/schema\/logo\/image\/\"},\"sameAs\":[\"https:\/\/www.facebook.com\/skaitytaknyga\/\"]}]}<\/script>\n<!-- \/ Yoast SEO plugin. -->","yoast_head_json":{"title":"Prietrankos dienora\u0161tis 6. Ne itin laimingos \u0161ird\u017ei\u0173 \u0117dik\u0117s istorija - Skaitytaknyga","description":"\u0160e\u0161toje \u201ePrietrankos dienora\u0161\u010dio\u201c dalyje Nik\u0119 u\u017egri\u016bva nauji r\u016bpes\u010diai - malon\u016bs ir nelabai. Mokykloje Valentino dienos proga rengiamas \u0160ird\u017ei\u0173 \u0161oki\u0173 vakaras, \u012f kur\u012f vaikinus turi kviesti mergait\u0117s.  Rodos, draugi\u0173 trijulei abejoni\u0173 netur\u0117t\u0173 kilti - berniukai i\u0161 talent\u0173 \u0161ou muzikos grup\u0117s labai \u0161aun\u016bs. Tik kad tas Brendonas elgiasi ka\u017ekaip keistai - \u010dia nuo\u0161ird\u017eiai kalbasi, \u010dia ra\u0161o telefonu kvailiausias \u017einutes. Ir tik at\u0117jus \u0161oki\u0173 vakarui viskas pagaliau paai\u0161k\u0117ja... Maken\u0117s neapykanta Nikei per\u017eengia visas ribas.  \u201ePrietrankos dienora\u0161\u010di\u0173\u201c serija sulauk\u0117 did\u017eiulio pasisekimo tarp paaugli\u0173 visame pasaulyje. Ji jau i\u0161versta \u012f 32 kalbas ir lyginama su \u201eNevyk\u0117lio dienora\u0161\u010diu\u201c ir \u201ePrinces\u0117s dienora\u0161\u010diu\u201c.","robots":{"index":"index","follow":"follow","max-snippet":"max-snippet:-1","max-image-preview":"max-image-preview:large","max-video-preview":"max-video-preview:-1"},"canonical":"https:\/\/skaitytaknyga.lt\/en\/produktas\/prietrankos-dienorastis-6-ne-itin-laimingos-sirdziu-edikes-istorija\/","og_locale":"en_GB","og_type":"article","og_title":"Prietrankos dienora\u0161tis 6. Ne itin laimingos \u0161ird\u017ei\u0173 \u0117dik\u0117s istorija - Skaitytaknyga","og_description":"\u0160e\u0161toje \u201ePrietrankos dienora\u0161\u010dio\u201c dalyje Nik\u0119 u\u017egri\u016bva nauji r\u016bpes\u010diai - malon\u016bs ir nelabai. Mokykloje Valentino dienos proga rengiamas \u0160ird\u017ei\u0173 \u0161oki\u0173 vakaras, \u012f kur\u012f vaikinus turi kviesti mergait\u0117s.  Rodos, draugi\u0173 trijulei abejoni\u0173 netur\u0117t\u0173 kilti - berniukai i\u0161 talent\u0173 \u0161ou muzikos grup\u0117s labai \u0161aun\u016bs. Tik kad tas Brendonas elgiasi ka\u017ekaip keistai - \u010dia nuo\u0161ird\u017eiai kalbasi, \u010dia ra\u0161o telefonu kvailiausias \u017einutes. Ir tik at\u0117jus \u0161oki\u0173 vakarui viskas pagaliau paai\u0161k\u0117ja... Maken\u0117s neapykanta Nikei per\u017eengia visas ribas.  \u201ePrietrankos dienora\u0161\u010di\u0173\u201c serija sulauk\u0117 did\u017eiulio pasisekimo tarp paaugli\u0173 visame pasaulyje. Ji jau i\u0161versta \u012f 32 kalbas ir lyginama su \u201eNevyk\u0117lio dienora\u0161\u010diu\u201c ir \u201ePrinces\u0117s dienora\u0161\u010diu\u201c.","og_url":"https:\/\/skaitytaknyga.lt\/en\/produktas\/prietrankos-dienorastis-6-ne-itin-laimingos-sirdziu-edikes-istorija\/","og_site_name":"Skaitytaknyga","article_publisher":"https:\/\/www.facebook.com\/skaitytaknyga\/","article_modified_time":"2026-03-05T14:14:38+00:00","og_image":[{"width":310,"height":430,"url":"https:\/\/skaitytaknyga.lt\/wp-content\/uploads\/2024\/05\/1462882620_cdbprietrankos-dienorastis6z1.jpg","type":"image\/jpeg"}],"twitter_card":"summary_large_image","twitter_misc":{"Estimated reading time":"1 minute"},"schema":{"@context":"https:\/\/schema.org","@graph":[{"@type":"WebPage","@id":"https:\/\/skaitytaknyga.lt\/produktas\/prietrankos-dienorastis-6-ne-itin-laimingos-sirdziu-edikes-istorija\/","url":"https:\/\/skaitytaknyga.lt\/produktas\/prietrankos-dienorastis-6-ne-itin-laimingos-sirdziu-edikes-istorija\/","name":"Prietrankos dienora\u0161tis 6. Ne itin laimingos \u0161ird\u017ei\u0173 \u0117dik\u0117s istorija - Skaitytaknyga","isPartOf":{"@id":"https:\/\/skaitytaknyga.lt\/#website"},"primaryImageOfPage":{"@id":"https:\/\/skaitytaknyga.lt\/produktas\/prietrankos-dienorastis-6-ne-itin-laimingos-sirdziu-edikes-istorija\/#primaryimage"},"image":{"@id":"https:\/\/skaitytaknyga.lt\/produktas\/prietrankos-dienorastis-6-ne-itin-laimingos-sirdziu-edikes-istorija\/#primaryimage"},"thumbnailUrl":"https:\/\/skaitytaknyga.lt\/wp-content\/uploads\/2024\/05\/1462882620_cdbprietrankos-dienorastis6z1.jpg","datePublished":"2024-05-02T13:18:25+00:00","dateModified":"2026-03-05T14:14:38+00:00","description":"\u0160e\u0161toje \u201ePrietrankos dienora\u0161\u010dio\u201c dalyje Nik\u0119 u\u017egri\u016bva nauji r\u016bpes\u010diai - malon\u016bs ir nelabai. Mokykloje Valentino dienos proga rengiamas \u0160ird\u017ei\u0173 \u0161oki\u0173 vakaras, \u012f kur\u012f vaikinus turi kviesti mergait\u0117s. Rodos, draugi\u0173 trijulei abejoni\u0173 netur\u0117t\u0173 kilti - berniukai i\u0161 talent\u0173 \u0161ou muzikos grup\u0117s labai \u0161aun\u016bs. Tik kad tas Brendonas elgiasi ka\u017ekaip keistai - \u010dia nuo\u0161ird\u017eiai kalbasi, \u010dia ra\u0161o telefonu kvailiausias \u017einutes. Ir tik at\u0117jus \u0161oki\u0173 vakarui viskas pagaliau paai\u0161k\u0117ja... Maken\u0117s neapykanta Nikei per\u017eengia visas ribas. \u201ePrietrankos dienora\u0161\u010di\u0173\u201c serija sulauk\u0117 did\u017eiulio pasisekimo tarp paaugli\u0173 visame pasaulyje. Ji jau i\u0161versta \u012f 32 kalbas ir lyginama su \u201eNevyk\u0117lio dienora\u0161\u010diu\u201c ir \u201ePrinces\u0117s dienora\u0161\u010diu\u201c.","breadcrumb":{"@id":"https:\/\/skaitytaknyga.lt\/produktas\/prietrankos-dienorastis-6-ne-itin-laimingos-sirdziu-edikes-istorija\/#breadcrumb"},"inLanguage":"en-GB","potentialAction":[{"@type":"ReadAction","target":["https:\/\/skaitytaknyga.lt\/produktas\/prietrankos-dienorastis-6-ne-itin-laimingos-sirdziu-edikes-istorija\/"]}]},{"@type":"ImageObject","inLanguage":"en-GB","@id":"https:\/\/skaitytaknyga.lt\/produktas\/prietrankos-dienorastis-6-ne-itin-laimingos-sirdziu-edikes-istorija\/#primaryimage","url":"https:\/\/skaitytaknyga.lt\/wp-content\/uploads\/2024\/05\/1462882620_cdbprietrankos-dienorastis6z1.jpg","contentUrl":"https:\/\/skaitytaknyga.lt\/wp-content\/uploads\/2024\/05\/1462882620_cdbprietrankos-dienorastis6z1.jpg","width":310,"height":430},{"@type":"BreadcrumbList","@id":"https:\/\/skaitytaknyga.lt\/produktas\/prietrankos-dienorastis-6-ne-itin-laimingos-sirdziu-edikes-istorija\/#breadcrumb","itemListElement":[{"@type":"ListItem","position":1,"name":"Home","item":"https:\/\/skaitytaknyga.lt\/"},{"@type":"ListItem","position":2,"name":"Parduotuv\u0117","item":"https:\/\/skaitytaknyga.lt\/knygu-parduotuve\/"},{"@type":"ListItem","position":3,"name":"Prietrankos dienora\u0161tis 6. Ne itin laimingos \u0161ird\u017ei\u0173 \u0117dik\u0117s istorija"}]},{"@type":"WebSite","@id":"https:\/\/skaitytaknyga.lt\/#website","url":"https:\/\/skaitytaknyga.lt\/","name":"skaitytaknyga.lt","description":"Skaitytaknyga.lt \u2013 tai ma\u017eas \u0161eimos verslas, kuris prasid\u0117jo nuo meil\u0117s knygoms ir siekio i\u0161gelb\u0117ti knygas nuo likimo prie konteinerio. Kas vienam nereikalingas daiktas \u2013 kitam lobis, o mes esame tarpininkai, kurie padeda abiems tapti laimingesniems ???? \u017dinome kaip nelengva i\u0161gyventi ma\u017eiems verslams, tad nuo \u0161iol, \u010dia rasite ir kit\u0173, ma\u017e\u0173 \u0161eim\u0173 versl\u0173, rank\u0173 darbo, dovan\u0173 sau ir artimiesiems.","publisher":{"@id":"https:\/\/skaitytaknyga.lt\/#organization"},"potentialAction":[{"@type":"SearchAction","target":{"@type":"EntryPoint","urlTemplate":"https:\/\/skaitytaknyga.lt\/?s={search_term_string}"},"query-input":{"@type":"PropertyValueSpecification","valueRequired":true,"valueName":"search_term_string"}}],"inLanguage":"en-GB"},{"@type":"Organization","@id":"https:\/\/skaitytaknyga.lt\/#organization","name":"skaitytaknyga.lt","url":"https:\/\/skaitytaknyga.lt\/","logo":{"@type":"ImageObject","inLanguage":"en-GB","@id":"https:\/\/skaitytaknyga.lt\/#\/schema\/logo\/image\/","url":"https:\/\/skaitytaknyga.lt\/wp-content\/uploads\/2024\/05\/cropped-cropped-cropped-02_00843_jt3bggkj1j3HLc7SyY6rEUpg.jpeg","contentUrl":"https:\/\/skaitytaknyga.lt\/wp-content\/uploads\/2024\/05\/cropped-cropped-cropped-02_00843_jt3bggkj1j3HLc7SyY6rEUpg.jpeg","width":1600,"height":1600,"caption":"skaitytaknyga.lt"},"image":{"@id":"https:\/\/skaitytaknyga.lt\/#\/schema\/logo\/image\/"},"sameAs":["https:\/\/www.facebook.com\/skaitytaknyga\/"]}]}},"_links":{"self":[{"href":"https:\/\/skaitytaknyga.lt\/en\/wp-json\/wp\/v2\/product\/6427","targetHints":{"allow":["GET"]}}],"collection":[{"href":"https:\/\/skaitytaknyga.lt\/en\/wp-json\/wp\/v2\/product"}],"about":[{"href":"https:\/\/skaitytaknyga.lt\/en\/wp-json\/wp\/v2\/types\/product"}],"replies":[{"embeddable":true,"href":"https:\/\/skaitytaknyga.lt\/en\/wp-json\/wp\/v2\/comments?post=6427"}],"wp:featuredmedia":[{"embeddable":true,"href":"https:\/\/skaitytaknyga.lt\/en\/wp-json\/wp\/v2\/media\/6449"}],"wp:attachment":[{"href":"https:\/\/skaitytaknyga.lt\/en\/wp-json\/wp\/v2\/media?parent=6427"}],"wp:term":[{"taxonomy":"product_brand","embeddable":true,"href":"https:\/\/skaitytaknyga.lt\/en\/wp-json\/wp\/v2\/product_brand?post=6427"},{"taxonomy":"product_cat","embeddable":true,"href":"https:\/\/skaitytaknyga.lt\/en\/wp-json\/wp\/v2\/product_cat?post=6427"},{"taxonomy":"product_tag","embeddable":true,"href":"https:\/\/skaitytaknyga.lt\/en\/wp-json\/wp\/v2\/product_tag?post=6427"}],"curies":[{"name":"wp","href":"https:\/\/api.w.org\/{rel}","templated":true}]}}