{"id":6426,"date":"2024-05-02T13:18:24","date_gmt":"2024-05-02T13:18:24","guid":{"rendered":"https:\/\/skaitytaknyga.lt\/?post_type=product&#038;p=6426"},"modified":"2026-03-18T19:36:47","modified_gmt":"2026-03-18T17:36:47","slug":"prietrankos-dienorastis-7-ne-itin-puikios-tv-zvaigzdes-istorija","status":"publish","type":"product","link":"https:\/\/skaitytaknyga.lt\/en\/produktas\/prietrankos-dienorastis-7-ne-itin-puikios-tv-zvaigzdes-istorija\/","title":{"rendered":"Prietrankos dienora\u0161tis 7. Ne itin puikios TV \u017evaig\u017ed\u0117s istorija"},"content":{"rendered":"<p>\u201ePrietrankos dienora\u0161\u010di\u0173\u201c\u00a0serija sulauk\u0117 did\u017eiulio pasisekimo tarp paaugli\u0173 visame pasaulyje. Ji jau i\u0161versta \u012f keliasde\u0161imt kalb\u0173 ir lyginama su\u00a0\u201eNevyk\u0117lio dienora\u0161\u010diu\u201c\u00a0ir\u00a0\u201ePrinces\u0117s dienora\u0161\u010diu\u201c.<\/p>\n<p>Nik\u0117 sulaukia puikios \u017einios \u2013 TV prodiuseris Trevoras \u010ceisis nori \u012fra\u0161yti j\u0173 muzikos grup\u0117s dain\u0105 \u201ePrietrank\u0173 himnas\u201c. Be to, si\u016blo jai dalyvauti a\u0161tuoni\u0173 dali\u0173 realyb\u0117s \u0161ou. Ji sutinka, ir j\u0105 visur ima sekioti filmavimo kameros.<\/p>\n<p>Gyvenimas virsta ko\u0161maru, laiko nebelieka niekam, neb\u0117ra kada net pad\u0117ti Brendonui, ra\u0161an\u010diam darb\u0105 apie j\u0105 stipendijai gauti. O kur dar kenk\u0117jos Makenz\u0117s pinkl\u0117s! Ta\u010diau Nik\u0117s i\u0161radingumas ir guvus protas \u012fveikia visas kli\u016btis&#8230;<\/p>\n","protected":false},"excerpt":{"rendered":"<p>\u201ePrietrankos dienora\u0161\u010di\u0173\u201c\u00a0serija sulauk\u0117 did\u017eiulio pasisekimo tarp paaugli\u0173 visame pasaulyje. Ji jau i\u0161versta \u012f keliasde\u0161imt kalb\u0173 ir lyginama su\u00a0\u201eNevyk\u0117lio dienora\u0161\u010diu\u201c\u00a0ir\u00a0\u201ePrinces\u0117s dienora\u0161\u010diu\u201c.<\/p>\n<p>Nik\u0117 sulaukia puikios \u017einios \u2013 TV prodiuseris Trevoras \u010ceisis nori \u012fra\u0161yti j\u0173 muzikos grup\u0117s dain\u0105 \u201ePrietrank\u0173 himnas\u201c. Be to, si\u016blo jai dalyvauti a\u0161tuoni\u0173 dali\u0173 realyb\u0117s \u0161ou. Ji sutinka, ir j\u0105 visur ima sekioti filmavimo kameros.<\/p>\n<p>Gyvenimas virsta ko\u0161maru, laiko nebelieka niekam, neb\u0117ra kada net pad\u0117ti Brendonui, ra\u0161an\u010diam darb\u0105 apie j\u0105 stipendijai gauti. O kur dar kenk\u0117jos Makenz\u0117s pinkl\u0117s! Ta\u010diau Nik\u0117s i\u0161radingumas ir guvus protas \u012fveikia visas kli\u016btis&#8230;<\/p>\n","protected":false},"featured_media":6448,"comment_status":"closed","ping_status":"closed","template":"","meta":{"_acf_changed":false,"site-sidebar-layout":"default","site-content-layout":"","ast-site-content-layout":"default","site-content-style":"default","site-sidebar-style":"default","ast-global-header-display":"","ast-banner-title-visibility":"","ast-main-header-display":"","ast-hfb-above-header-display":"","ast-hfb-below-header-display":"","ast-hfb-mobile-header-display":"","site-post-title":"","ast-breadcrumbs-content":"","ast-featured-img":"","footer-sml-layout":"","ast-disable-related-posts":"","theme-transparent-header-meta":"","adv-header-id-meta":"","stick-header-meta":"","header-above-stick-meta":"","header-main-stick-meta":"","header-below-stick-meta":"","astra-migrate-meta-layouts":"default","ast-page-background-enabled":"default","ast-page-background-meta":{"desktop":{"background-color":"","background-image":"","background-repeat":"repeat","background-position":"center center","background-size":"auto","background-attachment":"scroll","background-type":"","background-media":"","overlay-type":"","overlay-color":"","overlay-opacity":"","overlay-gradient":""},"tablet":{"background-color":"","background-image":"","background-repeat":"repeat","background-position":"center center","background-size":"auto","background-attachment":"scroll","background-type":"","background-media":"","overlay-type":"","overlay-color":"","overlay-opacity":"","overlay-gradient":""},"mobile":{"background-color":"","background-image":"","background-repeat":"repeat","background-position":"center center","background-size":"auto","background-attachment":"scroll","background-type":"","background-media":"","overlay-type":"","overlay-color":"","overlay-opacity":"","overlay-gradient":""}},"ast-content-background-meta":{"desktop":{"background-color":"var(--ast-global-color-4)","background-image":"","background-repeat":"repeat","background-position":"center center","background-size":"auto","background-attachment":"scroll","background-type":"","background-media":"","overlay-type":"","overlay-color":"","overlay-opacity":"","overlay-gradient":""},"tablet":{"background-color":"var(--ast-global-color-4)","background-image":"","background-repeat":"repeat","background-position":"center center","background-size":"auto","background-attachment":"scroll","background-type":"","background-media":"","overlay-type":"","overlay-color":"","overlay-opacity":"","overlay-gradient":""},"mobile":{"background-color":"var(--ast-global-color-4)","background-image":"","background-repeat":"repeat","background-position":"center center","background-size":"auto","background-attachment":"scroll","background-type":"","background-media":"","overlay-type":"","overlay-color":"","overlay-opacity":"","overlay-gradient":""}}},"product_brand":[],"product_cat":[9674],"product_tag":[],"class_list":{"0":"post-6426","1":"product","2":"type-product","3":"status-publish","4":"has-post-thumbnail","6":"product_cat-pradinukams","7":"desktop-align-left","8":"tablet-align-left","9":"mobile-align-left","11":"first","12":"outofstock","13":"shipping-taxable","14":"purchasable","15":"product-type-simple"},"acf":[],"yoast_head":"<!-- This site is optimized with the Yoast SEO plugin v27.0 - https:\/\/yoast.com\/product\/yoast-seo-wordpress\/ -->\n<title>Prietrankos dienora\u0161tis 7. Ne itin puikios TV \u017evaig\u017ed\u0117s istorija<\/title>\n<meta name=\"description\" content=\"\u201ePrietrankos dienora\u0161\u010di\u0173\u201c\u00a0serija sulauk\u0117 did\u017eiulio pasisekimo tarp paaugli\u0173 visame pasaulyje. Ji jau i\u0161versta \u012f keliasde\u0161imt kalb\u0173 ir lyginama su\u00a0\u201eNevyk\u0117lio dienora\u0161\u010diu\u201c\u00a0ir\u00a0\u201ePrinces\u0117s dienora\u0161\u010diu\u201c.  Nik\u0117 sulaukia puikios \u017einios \u2013 TV prodiuseris Trevoras \u010ceisis nori \u012fra\u0161yti j\u0173 muzikos grup\u0117s dain\u0105 \u201ePrietrank\u0173 himnas\u201c. Be to, si\u016blo jai dalyvauti a\u0161tuoni\u0173 dali\u0173 realyb\u0117s \u0161ou. Ji sutinka, ir j\u0105 visur ima sekioti filmavimo kameros.  Gyvenimas virsta ko\u0161maru, laiko nebelieka niekam, neb\u0117ra kada net pad\u0117ti Brendonui, ra\u0161an\u010diam darb\u0105 apie j\u0105 stipendijai gauti. O kur dar kenk\u0117jos Makenz\u0117s pinkl\u0117s! Ta\u010diau Nik\u0117s i\u0161radingumas ir guvus protas \u012fveikia visas kli\u016btis...\" \/>\n<meta name=\"robots\" content=\"index, follow, max-snippet:-1, max-image-preview:large, max-video-preview:-1\" \/>\n<link rel=\"canonical\" href=\"https:\/\/skaitytaknyga.lt\/en\/produktas\/prietrankos-dienorastis-7-ne-itin-puikios-tv-zvaigzdes-istorija\/\" \/>\n<meta property=\"og:locale\" content=\"en_GB\" \/>\n<meta property=\"og:locale:alternate\" content=\"lt_LT\" \/>\n<meta property=\"og:type\" content=\"article\" \/>\n<meta property=\"og:title\" content=\"Prietrankos dienora\u0161tis 7. Ne itin puikios TV \u017evaig\u017ed\u0117s istorija\" \/>\n<meta property=\"og:description\" content=\"\u201ePrietrankos dienora\u0161\u010di\u0173\u201c\u00a0serija sulauk\u0117 did\u017eiulio pasisekimo tarp paaugli\u0173 visame pasaulyje. Ji jau i\u0161versta \u012f keliasde\u0161imt kalb\u0173 ir lyginama su\u00a0\u201eNevyk\u0117lio dienora\u0161\u010diu\u201c\u00a0ir\u00a0\u201ePrinces\u0117s dienora\u0161\u010diu\u201c.  Nik\u0117 sulaukia puikios \u017einios \u2013 TV prodiuseris Trevoras \u010ceisis nori \u012fra\u0161yti j\u0173 muzikos grup\u0117s dain\u0105 \u201ePrietrank\u0173 himnas\u201c. Be to, si\u016blo jai dalyvauti a\u0161tuoni\u0173 dali\u0173 realyb\u0117s \u0161ou. Ji sutinka, ir j\u0105 visur ima sekioti filmavimo kameros.  Gyvenimas virsta ko\u0161maru, laiko nebelieka niekam, neb\u0117ra kada net pad\u0117ti Brendonui, ra\u0161an\u010diam darb\u0105 apie j\u0105 stipendijai gauti. O kur dar kenk\u0117jos Makenz\u0117s pinkl\u0117s! Ta\u010diau Nik\u0117s i\u0161radingumas ir guvus protas \u012fveikia visas kli\u016btis...\" \/>\n<meta property=\"og:url\" content=\"https:\/\/skaitytaknyga.lt\/en\/produktas\/prietrankos-dienorastis-7-ne-itin-puikios-tv-zvaigzdes-istorija\/\" \/>\n<meta property=\"og:site_name\" content=\"Skaitytaknyga\" \/>\n<meta property=\"article:publisher\" content=\"https:\/\/www.facebook.com\/skaitytaknyga\/\" \/>\n<meta property=\"article:modified_time\" content=\"2026-03-18T17:36:47+00:00\" \/>\n<meta property=\"og:image\" content=\"https:\/\/skaitytaknyga.lt\/wp-content\/uploads\/2024\/05\/1462884961_cdbprietrankos-dienorastis7z1.jpg\" \/>\n\t<meta property=\"og:image:width\" content=\"310\" \/>\n\t<meta property=\"og:image:height\" content=\"430\" \/>\n\t<meta property=\"og:image:type\" content=\"image\/jpeg\" \/>\n<meta name=\"twitter:card\" content=\"summary_large_image\" \/>\n<meta name=\"twitter:label1\" content=\"Estimated reading time\" \/>\n\t<meta name=\"twitter:data1\" content=\"1 minute\" \/>\n<script type=\"application\/ld+json\" class=\"yoast-schema-graph\">{\"@context\":\"https:\/\/schema.org\",\"@graph\":[{\"@type\":\"WebPage\",\"@id\":\"https:\/\/skaitytaknyga.lt\/produktas\/prietrankos-dienorastis-7-ne-itin-puikios-tv-zvaigzdes-istorija\/\",\"url\":\"https:\/\/skaitytaknyga.lt\/produktas\/prietrankos-dienorastis-7-ne-itin-puikios-tv-zvaigzdes-istorija\/\",\"name\":\"Prietrankos dienora\u0161tis 7. Ne itin puikios TV \u017evaig\u017ed\u0117s istorija\",\"isPartOf\":{\"@id\":\"https:\/\/skaitytaknyga.lt\/#website\"},\"primaryImageOfPage\":{\"@id\":\"https:\/\/skaitytaknyga.lt\/produktas\/prietrankos-dienorastis-7-ne-itin-puikios-tv-zvaigzdes-istorija\/#primaryimage\"},\"image\":{\"@id\":\"https:\/\/skaitytaknyga.lt\/produktas\/prietrankos-dienorastis-7-ne-itin-puikios-tv-zvaigzdes-istorija\/#primaryimage\"},\"thumbnailUrl\":\"https:\/\/skaitytaknyga.lt\/wp-content\/uploads\/2024\/05\/1462884961_cdbprietrankos-dienorastis7z1.jpg\",\"datePublished\":\"2024-05-02T13:18:24+00:00\",\"dateModified\":\"2026-03-18T17:36:47+00:00\",\"description\":\"\u201ePrietrankos dienora\u0161\u010di\u0173\u201c\u00a0serija sulauk\u0117 did\u017eiulio pasisekimo tarp paaugli\u0173 visame pasaulyje. Ji jau i\u0161versta \u012f keliasde\u0161imt kalb\u0173 ir lyginama su\u00a0\u201eNevyk\u0117lio dienora\u0161\u010diu\u201c\u00a0ir\u00a0\u201ePrinces\u0117s dienora\u0161\u010diu\u201c. Nik\u0117 sulaukia puikios \u017einios \u2013 TV prodiuseris Trevoras \u010ceisis nori \u012fra\u0161yti j\u0173 muzikos grup\u0117s dain\u0105 \u201ePrietrank\u0173 himnas\u201c. Be to, si\u016blo jai dalyvauti a\u0161tuoni\u0173 dali\u0173 realyb\u0117s \u0161ou. Ji sutinka, ir j\u0105 visur ima sekioti filmavimo kameros. Gyvenimas virsta ko\u0161maru, laiko nebelieka niekam, neb\u0117ra kada net pad\u0117ti Brendonui, ra\u0161an\u010diam darb\u0105 apie j\u0105 stipendijai gauti. O kur dar kenk\u0117jos Makenz\u0117s pinkl\u0117s! Ta\u010diau Nik\u0117s i\u0161radingumas ir guvus protas \u012fveikia visas kli\u016btis...\",\"breadcrumb\":{\"@id\":\"https:\/\/skaitytaknyga.lt\/produktas\/prietrankos-dienorastis-7-ne-itin-puikios-tv-zvaigzdes-istorija\/#breadcrumb\"},\"inLanguage\":\"en-GB\",\"potentialAction\":[{\"@type\":\"ReadAction\",\"target\":[\"https:\/\/skaitytaknyga.lt\/produktas\/prietrankos-dienorastis-7-ne-itin-puikios-tv-zvaigzdes-istorija\/\"]}]},{\"@type\":\"ImageObject\",\"inLanguage\":\"en-GB\",\"@id\":\"https:\/\/skaitytaknyga.lt\/produktas\/prietrankos-dienorastis-7-ne-itin-puikios-tv-zvaigzdes-istorija\/#primaryimage\",\"url\":\"https:\/\/skaitytaknyga.lt\/wp-content\/uploads\/2024\/05\/1462884961_cdbprietrankos-dienorastis7z1.jpg\",\"contentUrl\":\"https:\/\/skaitytaknyga.lt\/wp-content\/uploads\/2024\/05\/1462884961_cdbprietrankos-dienorastis7z1.jpg\",\"width\":310,\"height\":430},{\"@type\":\"BreadcrumbList\",\"@id\":\"https:\/\/skaitytaknyga.lt\/produktas\/prietrankos-dienorastis-7-ne-itin-puikios-tv-zvaigzdes-istorija\/#breadcrumb\",\"itemListElement\":[{\"@type\":\"ListItem\",\"position\":1,\"name\":\"Home\",\"item\":\"https:\/\/skaitytaknyga.lt\/\"},{\"@type\":\"ListItem\",\"position\":2,\"name\":\"Parduotuv\u0117\",\"item\":\"https:\/\/skaitytaknyga.lt\/knygu-parduotuve\/\"},{\"@type\":\"ListItem\",\"position\":3,\"name\":\"Prietrankos dienora\u0161tis 7. Ne itin puikios TV \u017evaig\u017ed\u0117s istorija\"}]},{\"@type\":\"WebSite\",\"@id\":\"https:\/\/skaitytaknyga.lt\/#website\",\"url\":\"https:\/\/skaitytaknyga.lt\/\",\"name\":\"skaitytaknyga.lt\",\"description\":\"Skaitytaknyga.lt \u2013 tai ma\u017eas \u0161eimos verslas, kuris prasid\u0117jo nuo meil\u0117s knygoms ir siekio i\u0161gelb\u0117ti knygas nuo likimo prie konteinerio. Kas vienam nereikalingas daiktas \u2013 kitam lobis, o mes esame tarpininkai, kurie padeda abiems tapti laimingesniems ???? \u017dinome kaip nelengva i\u0161gyventi ma\u017eiems verslams, tad nuo \u0161iol, \u010dia rasite ir kit\u0173, ma\u017e\u0173 \u0161eim\u0173 versl\u0173, rank\u0173 darbo, dovan\u0173 sau ir artimiesiems.\",\"publisher\":{\"@id\":\"https:\/\/skaitytaknyga.lt\/#organization\"},\"potentialAction\":[{\"@type\":\"SearchAction\",\"target\":{\"@type\":\"EntryPoint\",\"urlTemplate\":\"https:\/\/skaitytaknyga.lt\/?s={search_term_string}\"},\"query-input\":{\"@type\":\"PropertyValueSpecification\",\"valueRequired\":true,\"valueName\":\"search_term_string\"}}],\"inLanguage\":\"en-GB\"},{\"@type\":\"Organization\",\"@id\":\"https:\/\/skaitytaknyga.lt\/#organization\",\"name\":\"skaitytaknyga.lt\",\"url\":\"https:\/\/skaitytaknyga.lt\/\",\"logo\":{\"@type\":\"ImageObject\",\"inLanguage\":\"en-GB\",\"@id\":\"https:\/\/skaitytaknyga.lt\/#\/schema\/logo\/image\/\",\"url\":\"https:\/\/skaitytaknyga.lt\/wp-content\/uploads\/2024\/05\/cropped-cropped-cropped-02_00843_jt3bggkj1j3HLc7SyY6rEUpg.jpeg\",\"contentUrl\":\"https:\/\/skaitytaknyga.lt\/wp-content\/uploads\/2024\/05\/cropped-cropped-cropped-02_00843_jt3bggkj1j3HLc7SyY6rEUpg.jpeg\",\"width\":1600,\"height\":1600,\"caption\":\"skaitytaknyga.lt\"},\"image\":{\"@id\":\"https:\/\/skaitytaknyga.lt\/#\/schema\/logo\/image\/\"},\"sameAs\":[\"https:\/\/www.facebook.com\/skaitytaknyga\/\"]}]}<\/script>\n<!-- \/ Yoast SEO plugin. -->","yoast_head_json":{"title":"Prietrankos dienora\u0161tis 7. Ne itin puikios TV \u017evaig\u017ed\u0117s istorija","description":"\u201ePrietrankos dienora\u0161\u010di\u0173\u201c\u00a0serija sulauk\u0117 did\u017eiulio pasisekimo tarp paaugli\u0173 visame pasaulyje. Ji jau i\u0161versta \u012f keliasde\u0161imt kalb\u0173 ir lyginama su\u00a0\u201eNevyk\u0117lio dienora\u0161\u010diu\u201c\u00a0ir\u00a0\u201ePrinces\u0117s dienora\u0161\u010diu\u201c.  Nik\u0117 sulaukia puikios \u017einios \u2013 TV prodiuseris Trevoras \u010ceisis nori \u012fra\u0161yti j\u0173 muzikos grup\u0117s dain\u0105 \u201ePrietrank\u0173 himnas\u201c. Be to, si\u016blo jai dalyvauti a\u0161tuoni\u0173 dali\u0173 realyb\u0117s \u0161ou. Ji sutinka, ir j\u0105 visur ima sekioti filmavimo kameros.  Gyvenimas virsta ko\u0161maru, laiko nebelieka niekam, neb\u0117ra kada net pad\u0117ti Brendonui, ra\u0161an\u010diam darb\u0105 apie j\u0105 stipendijai gauti. O kur dar kenk\u0117jos Makenz\u0117s pinkl\u0117s! Ta\u010diau Nik\u0117s i\u0161radingumas ir guvus protas \u012fveikia visas kli\u016btis...","robots":{"index":"index","follow":"follow","max-snippet":"max-snippet:-1","max-image-preview":"max-image-preview:large","max-video-preview":"max-video-preview:-1"},"canonical":"https:\/\/skaitytaknyga.lt\/en\/produktas\/prietrankos-dienorastis-7-ne-itin-puikios-tv-zvaigzdes-istorija\/","og_locale":"en_GB","og_type":"article","og_title":"[:lt]Prietrankos dienora\u0161tis 7. Ne itin puikios TV \u017evaig\u017ed\u0117s istorija[:] - Skaitytaknyga","og_description":"\u201ePrietrankos dienora\u0161\u010di\u0173\u201c\u00a0serija sulauk\u0117 did\u017eiulio pasisekimo tarp paaugli\u0173 visame pasaulyje. Ji jau i\u0161versta \u012f keliasde\u0161imt kalb\u0173 ir lyginama su\u00a0\u201eNevyk\u0117lio dienora\u0161\u010diu\u201c\u00a0ir\u00a0\u201ePrinces\u0117s dienora\u0161\u010diu\u201c.  Nik\u0117 sulaukia puikios \u017einios \u2013 TV prodiuseris Trevoras \u010ceisis nori \u012fra\u0161yti j\u0173 muzikos grup\u0117s dain\u0105 \u201ePrietrank\u0173 himnas\u201c. Be to, si\u016blo jai dalyvauti a\u0161tuoni\u0173 dali\u0173 realyb\u0117s \u0161ou. Ji sutinka, ir j\u0105 visur ima sekioti filmavimo kameros.  Gyvenimas virsta ko\u0161maru, laiko nebelieka niekam, neb\u0117ra kada net pad\u0117ti Brendonui, ra\u0161an\u010diam darb\u0105 apie j\u0105 stipendijai gauti. O kur dar kenk\u0117jos Makenz\u0117s pinkl\u0117s! Ta\u010diau Nik\u0117s i\u0161radingumas ir guvus protas \u012fveikia visas kli\u016btis...","og_url":"https:\/\/skaitytaknyga.lt\/en\/produktas\/prietrankos-dienorastis-7-ne-itin-puikios-tv-zvaigzdes-istorija\/","og_site_name":"Skaitytaknyga","article_publisher":"https:\/\/www.facebook.com\/skaitytaknyga\/","article_modified_time":"2026-03-18T17:36:47+00:00","og_image":[{"width":310,"height":430,"url":"https:\/\/skaitytaknyga.lt\/wp-content\/uploads\/2024\/05\/1462884961_cdbprietrankos-dienorastis7z1.jpg","type":"image\/jpeg"}],"twitter_card":"summary_large_image","twitter_misc":{"Estimated reading time":"1 minute"},"schema":{"@context":"https:\/\/schema.org","@graph":[{"@type":"WebPage","@id":"https:\/\/skaitytaknyga.lt\/produktas\/prietrankos-dienorastis-7-ne-itin-puikios-tv-zvaigzdes-istorija\/","url":"https:\/\/skaitytaknyga.lt\/produktas\/prietrankos-dienorastis-7-ne-itin-puikios-tv-zvaigzdes-istorija\/","name":"Prietrankos dienora\u0161tis 7. Ne itin puikios TV \u017evaig\u017ed\u0117s istorija","isPartOf":{"@id":"https:\/\/skaitytaknyga.lt\/#website"},"primaryImageOfPage":{"@id":"https:\/\/skaitytaknyga.lt\/produktas\/prietrankos-dienorastis-7-ne-itin-puikios-tv-zvaigzdes-istorija\/#primaryimage"},"image":{"@id":"https:\/\/skaitytaknyga.lt\/produktas\/prietrankos-dienorastis-7-ne-itin-puikios-tv-zvaigzdes-istorija\/#primaryimage"},"thumbnailUrl":"https:\/\/skaitytaknyga.lt\/wp-content\/uploads\/2024\/05\/1462884961_cdbprietrankos-dienorastis7z1.jpg","datePublished":"2024-05-02T13:18:24+00:00","dateModified":"2026-03-18T17:36:47+00:00","description":"\u201ePrietrankos dienora\u0161\u010di\u0173\u201c\u00a0serija sulauk\u0117 did\u017eiulio pasisekimo tarp paaugli\u0173 visame pasaulyje. Ji jau i\u0161versta \u012f keliasde\u0161imt kalb\u0173 ir lyginama su\u00a0\u201eNevyk\u0117lio dienora\u0161\u010diu\u201c\u00a0ir\u00a0\u201ePrinces\u0117s dienora\u0161\u010diu\u201c. Nik\u0117 sulaukia puikios \u017einios \u2013 TV prodiuseris Trevoras \u010ceisis nori \u012fra\u0161yti j\u0173 muzikos grup\u0117s dain\u0105 \u201ePrietrank\u0173 himnas\u201c. Be to, si\u016blo jai dalyvauti a\u0161tuoni\u0173 dali\u0173 realyb\u0117s \u0161ou. Ji sutinka, ir j\u0105 visur ima sekioti filmavimo kameros. Gyvenimas virsta ko\u0161maru, laiko nebelieka niekam, neb\u0117ra kada net pad\u0117ti Brendonui, ra\u0161an\u010diam darb\u0105 apie j\u0105 stipendijai gauti. O kur dar kenk\u0117jos Makenz\u0117s pinkl\u0117s! Ta\u010diau Nik\u0117s i\u0161radingumas ir guvus protas \u012fveikia visas kli\u016btis...","breadcrumb":{"@id":"https:\/\/skaitytaknyga.lt\/produktas\/prietrankos-dienorastis-7-ne-itin-puikios-tv-zvaigzdes-istorija\/#breadcrumb"},"inLanguage":"en-GB","potentialAction":[{"@type":"ReadAction","target":["https:\/\/skaitytaknyga.lt\/produktas\/prietrankos-dienorastis-7-ne-itin-puikios-tv-zvaigzdes-istorija\/"]}]},{"@type":"ImageObject","inLanguage":"en-GB","@id":"https:\/\/skaitytaknyga.lt\/produktas\/prietrankos-dienorastis-7-ne-itin-puikios-tv-zvaigzdes-istorija\/#primaryimage","url":"https:\/\/skaitytaknyga.lt\/wp-content\/uploads\/2024\/05\/1462884961_cdbprietrankos-dienorastis7z1.jpg","contentUrl":"https:\/\/skaitytaknyga.lt\/wp-content\/uploads\/2024\/05\/1462884961_cdbprietrankos-dienorastis7z1.jpg","width":310,"height":430},{"@type":"BreadcrumbList","@id":"https:\/\/skaitytaknyga.lt\/produktas\/prietrankos-dienorastis-7-ne-itin-puikios-tv-zvaigzdes-istorija\/#breadcrumb","itemListElement":[{"@type":"ListItem","position":1,"name":"Home","item":"https:\/\/skaitytaknyga.lt\/"},{"@type":"ListItem","position":2,"name":"Parduotuv\u0117","item":"https:\/\/skaitytaknyga.lt\/knygu-parduotuve\/"},{"@type":"ListItem","position":3,"name":"Prietrankos dienora\u0161tis 7. Ne itin puikios TV \u017evaig\u017ed\u0117s istorija"}]},{"@type":"WebSite","@id":"https:\/\/skaitytaknyga.lt\/#website","url":"https:\/\/skaitytaknyga.lt\/","name":"skaitytaknyga.lt","description":"Skaitytaknyga.lt \u2013 tai ma\u017eas \u0161eimos verslas, kuris prasid\u0117jo nuo meil\u0117s knygoms ir siekio i\u0161gelb\u0117ti knygas nuo likimo prie konteinerio. Kas vienam nereikalingas daiktas \u2013 kitam lobis, o mes esame tarpininkai, kurie padeda abiems tapti laimingesniems ???? \u017dinome kaip nelengva i\u0161gyventi ma\u017eiems verslams, tad nuo \u0161iol, \u010dia rasite ir kit\u0173, ma\u017e\u0173 \u0161eim\u0173 versl\u0173, rank\u0173 darbo, dovan\u0173 sau ir artimiesiems.","publisher":{"@id":"https:\/\/skaitytaknyga.lt\/#organization"},"potentialAction":[{"@type":"SearchAction","target":{"@type":"EntryPoint","urlTemplate":"https:\/\/skaitytaknyga.lt\/?s={search_term_string}"},"query-input":{"@type":"PropertyValueSpecification","valueRequired":true,"valueName":"search_term_string"}}],"inLanguage":"en-GB"},{"@type":"Organization","@id":"https:\/\/skaitytaknyga.lt\/#organization","name":"skaitytaknyga.lt","url":"https:\/\/skaitytaknyga.lt\/","logo":{"@type":"ImageObject","inLanguage":"en-GB","@id":"https:\/\/skaitytaknyga.lt\/#\/schema\/logo\/image\/","url":"https:\/\/skaitytaknyga.lt\/wp-content\/uploads\/2024\/05\/cropped-cropped-cropped-02_00843_jt3bggkj1j3HLc7SyY6rEUpg.jpeg","contentUrl":"https:\/\/skaitytaknyga.lt\/wp-content\/uploads\/2024\/05\/cropped-cropped-cropped-02_00843_jt3bggkj1j3HLc7SyY6rEUpg.jpeg","width":1600,"height":1600,"caption":"skaitytaknyga.lt"},"image":{"@id":"https:\/\/skaitytaknyga.lt\/#\/schema\/logo\/image\/"},"sameAs":["https:\/\/www.facebook.com\/skaitytaknyga\/"]}]}},"_links":{"self":[{"href":"https:\/\/skaitytaknyga.lt\/en\/wp-json\/wp\/v2\/product\/6426","targetHints":{"allow":["GET"]}}],"collection":[{"href":"https:\/\/skaitytaknyga.lt\/en\/wp-json\/wp\/v2\/product"}],"about":[{"href":"https:\/\/skaitytaknyga.lt\/en\/wp-json\/wp\/v2\/types\/product"}],"replies":[{"embeddable":true,"href":"https:\/\/skaitytaknyga.lt\/en\/wp-json\/wp\/v2\/comments?post=6426"}],"wp:featuredmedia":[{"embeddable":true,"href":"https:\/\/skaitytaknyga.lt\/en\/wp-json\/wp\/v2\/media\/6448"}],"wp:attachment":[{"href":"https:\/\/skaitytaknyga.lt\/en\/wp-json\/wp\/v2\/media?parent=6426"}],"wp:term":[{"taxonomy":"product_brand","embeddable":true,"href":"https:\/\/skaitytaknyga.lt\/en\/wp-json\/wp\/v2\/product_brand?post=6426"},{"taxonomy":"product_cat","embeddable":true,"href":"https:\/\/skaitytaknyga.lt\/en\/wp-json\/wp\/v2\/product_cat?post=6426"},{"taxonomy":"product_tag","embeddable":true,"href":"https:\/\/skaitytaknyga.lt\/en\/wp-json\/wp\/v2\/product_tag?post=6426"}],"curies":[{"name":"wp","href":"https:\/\/api.w.org\/{rel}","templated":true}]}}