{"id":6423,"date":"2024-05-02T16:18:24","date_gmt":"2024-05-02T13:18:24","guid":{"rendered":"https:\/\/skaitytaknyga.lt\/?post_type=product&#038;p=6423"},"modified":"2026-03-05T16:14:38","modified_gmt":"2026-03-05T14:14:38","slug":"prietrankos-dienorastis-10-ne-itin-geros-suniuku-globejos-istorijau","status":"publish","type":"product","link":"https:\/\/skaitytaknyga.lt\/en\/produktas\/prietrankos-dienorastis-10-ne-itin-geros-suniuku-globejos-istorijau\/","title":{"rendered":"Prietrankos dienora\u0161tis 10. Ne itin geros \u0161uniuk\u0173 glob\u0117jos istorija"},"content":{"rendered":"<p>\u0160ioje knygoje veiksmas sukasi apie \u201eP\u016bkuot\u0173 bi\u010diuli\u0173\u201c gyv\u016bn\u0173 globos centro r\u016bpes\u010dius. Nik\u0117 ir Brendonas randa ant centro laipt\u0173 palikt\u0105 narv\u0105 su auksaspalvi\u0173 retriveri\u0173 kale Hole ir septyniais jos \u0161uny\u010diais. K\u0105 daryti? Centras perpildytas, viet\u0173 atsiras tik po trij\u0173 dien\u0173, o nepaisyti taisykli\u0173 ir vis tiek priimti nevalia \u2013 \u201eP\u016bkuotus bi\u010diulius\u201c gali i\u0161vis u\u017edaryti.<\/p>\n<p>Nik\u0117, Brendonas ir j\u0173 draugai, tarp j\u0173 ir Maksas Kramblis i\u0161 Piet\u0173 Kalno vidurin\u0117s, imasi veiklos, kuri tarpais pavirsta tikru ko\u0161maru.<\/p>\n<p>Be to, dar paai\u0161k\u0117ja, kad Nik\u0117s prie\u0161ei Makenzei naujojoje \u0160iaur\u0117s Hamptono Kalv\u0173 akademijoje, \u012f kuri\u0105 ji taip i\u0161did\u017eiai per\u0117jo, irgi ne pyragai, o pagal mokykl\u0173 main\u0173 program\u0105 Nikei v\u0117l teks su ja susidurti&#8230;<\/p>\n","protected":false},"excerpt":{"rendered":"<p>\u0160ioje knygoje veiksmas sukasi apie \u201eP\u016bkuot\u0173 bi\u010diuli\u0173\u201c gyv\u016bn\u0173 globos centro r\u016bpes\u010dius. Nik\u0117 ir Brendonas randa ant centro laipt\u0173 palikt\u0105 narv\u0105 su auksaspalvi\u0173 retriveri\u0173 kale Hole ir septyniais jos \u0161uny\u010diais. K\u0105 daryti? Centras perpildytas, viet\u0173 atsiras tik po trij\u0173 dien\u0173, o nepaisyti taisykli\u0173 ir vis tiek priimti nevalia \u2013 \u201eP\u016bkuotus bi\u010diulius\u201c gali i\u0161vis u\u017edaryti.<\/p>\n<p>Nik\u0117, Brendonas ir j\u0173 draugai, tarp j\u0173 ir Maksas Kramblis i\u0161 Piet\u0173 Kalno vidurin\u0117s, imasi veiklos, kuri tarpais pavirsta tikru ko\u0161maru.<\/p>\n<p>Be to, dar paai\u0161k\u0117ja, kad Nik\u0117s prie\u0161ei Makenzei naujojoje \u0160iaur\u0117s Hamptono Kalv\u0173 akademijoje, \u012f kuri\u0105 ji taip i\u0161did\u017eiai per\u0117jo, irgi ne pyragai, o pagal mokykl\u0173 main\u0173 program\u0105 Nikei v\u0117l teks su ja susidurti&#8230;<\/p>\n","protected":false},"featured_media":6435,"comment_status":"closed","ping_status":"closed","template":"","meta":{"_acf_changed":false,"site-sidebar-layout":"default","site-content-layout":"","ast-site-content-layout":"default","site-content-style":"default","site-sidebar-style":"default","ast-global-header-display":"","ast-banner-title-visibility":"","ast-main-header-display":"","ast-hfb-above-header-display":"","ast-hfb-below-header-display":"","ast-hfb-mobile-header-display":"","site-post-title":"","ast-breadcrumbs-content":"","ast-featured-img":"","footer-sml-layout":"","ast-disable-related-posts":"","theme-transparent-header-meta":"","adv-header-id-meta":"","stick-header-meta":"","header-above-stick-meta":"","header-main-stick-meta":"","header-below-stick-meta":"","astra-migrate-meta-layouts":"default","ast-page-background-enabled":"default","ast-page-background-meta":{"desktop":{"background-color":"","background-image":"","background-repeat":"repeat","background-position":"center center","background-size":"auto","background-attachment":"scroll","background-type":"","background-media":"","overlay-type":"","overlay-color":"","overlay-opacity":"","overlay-gradient":""},"tablet":{"background-color":"","background-image":"","background-repeat":"repeat","background-position":"center center","background-size":"auto","background-attachment":"scroll","background-type":"","background-media":"","overlay-type":"","overlay-color":"","overlay-opacity":"","overlay-gradient":""},"mobile":{"background-color":"","background-image":"","background-repeat":"repeat","background-position":"center center","background-size":"auto","background-attachment":"scroll","background-type":"","background-media":"","overlay-type":"","overlay-color":"","overlay-opacity":"","overlay-gradient":""}},"ast-content-background-meta":{"desktop":{"background-color":"var(--ast-global-color-4)","background-image":"","background-repeat":"repeat","background-position":"center center","background-size":"auto","background-attachment":"scroll","background-type":"","background-media":"","overlay-type":"","overlay-color":"","overlay-opacity":"","overlay-gradient":""},"tablet":{"background-color":"var(--ast-global-color-4)","background-image":"","background-repeat":"repeat","background-position":"center center","background-size":"auto","background-attachment":"scroll","background-type":"","background-media":"","overlay-type":"","overlay-color":"","overlay-opacity":"","overlay-gradient":""},"mobile":{"background-color":"var(--ast-global-color-4)","background-image":"","background-repeat":"repeat","background-position":"center center","background-size":"auto","background-attachment":"scroll","background-type":"","background-media":"","overlay-type":"","overlay-color":"","overlay-opacity":"","overlay-gradient":""}}},"product_brand":[],"product_cat":[9674],"product_tag":[4066,3614,4065,4045,3456],"class_list":{"0":"post-6423","1":"product","2":"type-product","3":"status-publish","4":"has-post-thumbnail","6":"product_cat-pradinukams","7":"product_tag-gyvunu-globa","8":"product_tag-paaugliai","9":"product_tag-prietrankos-dienorastis","10":"product_tag-rachel-renee-russell","11":"product_tag-sunys","12":"desktop-align-left","13":"tablet-align-left","14":"mobile-align-left","16":"first","17":"outofstock","18":"shipping-taxable","19":"purchasable","20":"product-type-simple"},"acf":[],"yoast_head":"<!-- This site is optimized with the Yoast SEO plugin v27.0 - https:\/\/yoast.com\/product\/yoast-seo-wordpress\/ -->\n<title>Prietrankos dienora\u0161tis 10. Ne itin geros \u0161uniuk\u0173 glob\u0117jos istorija<\/title>\n<meta name=\"description\" content=\"\u0160ioje knygoje veiksmas sukasi apie \u201eP\u016bkuot\u0173 bi\u010diuli\u0173\u201c gyv\u016bn\u0173 globos centro r\u016bpes\u010dius. Nik\u0117 ir Brendonas randa ant centro laipt\u0173 palikt\u0105 narv\u0105 su auksaspalvi\u0173 retriveri\u0173 kale Hole ir septyniais jos \u0161uny\u010diais. K\u0105 daryti? Centras perpildytas, viet\u0173 atsiras tik po trij\u0173 dien\u0173, o nepaisyti taisykli\u0173 ir vis tiek priimti nevalia \u2013 \u201eP\u016bkuotus bi\u010diulius\u201c gali i\u0161vis u\u017edaryti.  Nik\u0117, Brendonas ir j\u0173 draugai, tarp j\u0173 ir Maksas Kramblis i\u0161 Piet\u0173 Kalno vidurin\u0117s, imasi veiklos, kuri tarpais pavirsta tikru ko\u0161maru.  Be to, dar paai\u0161k\u0117ja, kad Nik\u0117s prie\u0161ei Makenzei naujojoje \u0160iaur\u0117s Hamptono Kalv\u0173 akademijoje, \u012f kuri\u0105 ji taip i\u0161did\u017eiai per\u0117jo, irgi ne pyragai, o pagal mokykl\u0173 main\u0173 program\u0105 Nikei v\u0117l teks su ja susidurti...\" \/>\n<meta name=\"robots\" content=\"index, follow, max-snippet:-1, max-image-preview:large, max-video-preview:-1\" \/>\n<link rel=\"canonical\" href=\"https:\/\/skaitytaknyga.lt\/en\/produktas\/prietrankos-dienorastis-10-ne-itin-geros-suniuku-globejos-istorijau\/\" \/>\n<meta property=\"og:locale\" content=\"en_GB\" \/>\n<meta property=\"og:locale:alternate\" content=\"lt_LT\" \/>\n<meta property=\"og:type\" content=\"article\" \/>\n<meta property=\"og:title\" content=\"Prietrankos dienora\u0161tis 10. Ne itin geros \u0161uniuk\u0173 glob\u0117jos istorija\" \/>\n<meta property=\"og:description\" content=\"\u0160ioje knygoje veiksmas sukasi apie \u201eP\u016bkuot\u0173 bi\u010diuli\u0173\u201c gyv\u016bn\u0173 globos centro r\u016bpes\u010dius. Nik\u0117 ir Brendonas randa ant centro laipt\u0173 palikt\u0105 narv\u0105 su auksaspalvi\u0173 retriveri\u0173 kale Hole ir septyniais jos \u0161uny\u010diais. K\u0105 daryti? Centras perpildytas, viet\u0173 atsiras tik po trij\u0173 dien\u0173, o nepaisyti taisykli\u0173 ir vis tiek priimti nevalia \u2013 \u201eP\u016bkuotus bi\u010diulius\u201c gali i\u0161vis u\u017edaryti.  Nik\u0117, Brendonas ir j\u0173 draugai, tarp j\u0173 ir Maksas Kramblis i\u0161 Piet\u0173 Kalno vidurin\u0117s, imasi veiklos, kuri tarpais pavirsta tikru ko\u0161maru.  Be to, dar paai\u0161k\u0117ja, kad Nik\u0117s prie\u0161ei Makenzei naujojoje \u0160iaur\u0117s Hamptono Kalv\u0173 akademijoje, \u012f kuri\u0105 ji taip i\u0161did\u017eiai per\u0117jo, irgi ne pyragai, o pagal mokykl\u0173 main\u0173 program\u0105 Nikei v\u0117l teks su ja susidurti...\" \/>\n<meta property=\"og:url\" content=\"https:\/\/skaitytaknyga.lt\/en\/produktas\/prietrankos-dienorastis-10-ne-itin-geros-suniuku-globejos-istorijau\/\" \/>\n<meta property=\"og:site_name\" content=\"Skaitytaknyga\" \/>\n<meta property=\"article:publisher\" content=\"https:\/\/www.facebook.com\/skaitytaknyga\/\" \/>\n<meta property=\"article:modified_time\" content=\"2026-03-05T14:14:38+00:00\" \/>\n<meta property=\"og:image\" content=\"https:\/\/skaitytaknyga.lt\/wp-content\/uploads\/2024\/05\/000000000001110534-59de859dd3b78-asset-knyguklubas-cdb_prietrankos-dienorastis_10_p1.png\" \/>\n\t<meta property=\"og:image:width\" content=\"285\" \/>\n\t<meta property=\"og:image:height\" content=\"396\" \/>\n\t<meta property=\"og:image:type\" content=\"image\/png\" \/>\n<meta name=\"twitter:card\" content=\"summary_large_image\" \/>\n<meta name=\"twitter:label1\" content=\"Estimated reading time\" \/>\n\t<meta name=\"twitter:data1\" content=\"1 minute\" \/>\n<script type=\"application\/ld+json\" class=\"yoast-schema-graph\">{\"@context\":\"https:\/\/schema.org\",\"@graph\":[{\"@type\":\"WebPage\",\"@id\":\"https:\/\/skaitytaknyga.lt\/produktas\/prietrankos-dienorastis-10-ne-itin-geros-suniuku-globejos-istorijau\/\",\"url\":\"https:\/\/skaitytaknyga.lt\/produktas\/prietrankos-dienorastis-10-ne-itin-geros-suniuku-globejos-istorijau\/\",\"name\":\"Prietrankos dienora\u0161tis 10. Ne itin geros \u0161uniuk\u0173 glob\u0117jos istorija\",\"isPartOf\":{\"@id\":\"https:\/\/skaitytaknyga.lt\/#website\"},\"primaryImageOfPage\":{\"@id\":\"https:\/\/skaitytaknyga.lt\/produktas\/prietrankos-dienorastis-10-ne-itin-geros-suniuku-globejos-istorijau\/#primaryimage\"},\"image\":{\"@id\":\"https:\/\/skaitytaknyga.lt\/produktas\/prietrankos-dienorastis-10-ne-itin-geros-suniuku-globejos-istorijau\/#primaryimage\"},\"thumbnailUrl\":\"https:\/\/skaitytaknyga.lt\/wp-content\/uploads\/2024\/05\/000000000001110534-59de859dd3b78-asset-knyguklubas-cdb_prietrankos-dienorastis_10_p1.png\",\"datePublished\":\"2024-05-02T13:18:24+00:00\",\"dateModified\":\"2026-03-05T14:14:38+00:00\",\"description\":\"\u0160ioje knygoje veiksmas sukasi apie \u201eP\u016bkuot\u0173 bi\u010diuli\u0173\u201c gyv\u016bn\u0173 globos centro r\u016bpes\u010dius. Nik\u0117 ir Brendonas randa ant centro laipt\u0173 palikt\u0105 narv\u0105 su auksaspalvi\u0173 retriveri\u0173 kale Hole ir septyniais jos \u0161uny\u010diais. K\u0105 daryti? Centras perpildytas, viet\u0173 atsiras tik po trij\u0173 dien\u0173, o nepaisyti taisykli\u0173 ir vis tiek priimti nevalia \u2013 \u201eP\u016bkuotus bi\u010diulius\u201c gali i\u0161vis u\u017edaryti. Nik\u0117, Brendonas ir j\u0173 draugai, tarp j\u0173 ir Maksas Kramblis i\u0161 Piet\u0173 Kalno vidurin\u0117s, imasi veiklos, kuri tarpais pavirsta tikru ko\u0161maru. Be to, dar paai\u0161k\u0117ja, kad Nik\u0117s prie\u0161ei Makenzei naujojoje \u0160iaur\u0117s Hamptono Kalv\u0173 akademijoje, \u012f kuri\u0105 ji taip i\u0161did\u017eiai per\u0117jo, irgi ne pyragai, o pagal mokykl\u0173 main\u0173 program\u0105 Nikei v\u0117l teks su ja susidurti...\",\"breadcrumb\":{\"@id\":\"https:\/\/skaitytaknyga.lt\/produktas\/prietrankos-dienorastis-10-ne-itin-geros-suniuku-globejos-istorijau\/#breadcrumb\"},\"inLanguage\":\"en-GB\",\"potentialAction\":[{\"@type\":\"ReadAction\",\"target\":[\"https:\/\/skaitytaknyga.lt\/produktas\/prietrankos-dienorastis-10-ne-itin-geros-suniuku-globejos-istorijau\/\"]}]},{\"@type\":\"ImageObject\",\"inLanguage\":\"en-GB\",\"@id\":\"https:\/\/skaitytaknyga.lt\/produktas\/prietrankos-dienorastis-10-ne-itin-geros-suniuku-globejos-istorijau\/#primaryimage\",\"url\":\"https:\/\/skaitytaknyga.lt\/wp-content\/uploads\/2024\/05\/000000000001110534-59de859dd3b78-asset-knyguklubas-cdb_prietrankos-dienorastis_10_p1.png\",\"contentUrl\":\"https:\/\/skaitytaknyga.lt\/wp-content\/uploads\/2024\/05\/000000000001110534-59de859dd3b78-asset-knyguklubas-cdb_prietrankos-dienorastis_10_p1.png\",\"width\":285,\"height\":396,\"caption\":\"Prietrankos dienora\u0161tis 10. Ne itin geros \u0161uniuk\u0173 glob\u0117jos istorija\"},{\"@type\":\"BreadcrumbList\",\"@id\":\"https:\/\/skaitytaknyga.lt\/produktas\/prietrankos-dienorastis-10-ne-itin-geros-suniuku-globejos-istorijau\/#breadcrumb\",\"itemListElement\":[{\"@type\":\"ListItem\",\"position\":1,\"name\":\"Home\",\"item\":\"https:\/\/skaitytaknyga.lt\/\"},{\"@type\":\"ListItem\",\"position\":2,\"name\":\"Parduotuv\u0117\",\"item\":\"https:\/\/skaitytaknyga.lt\/knygu-parduotuve\/\"},{\"@type\":\"ListItem\",\"position\":3,\"name\":\"Prietrankos dienora\u0161tis 10. Ne itin geros \u0161uniuk\u0173 glob\u0117jos istorija\"}]},{\"@type\":\"WebSite\",\"@id\":\"https:\/\/skaitytaknyga.lt\/#website\",\"url\":\"https:\/\/skaitytaknyga.lt\/\",\"name\":\"skaitytaknyga.lt\",\"description\":\"Skaitytaknyga.lt \u2013 tai ma\u017eas \u0161eimos verslas, kuris prasid\u0117jo nuo meil\u0117s knygoms ir siekio i\u0161gelb\u0117ti knygas nuo likimo prie konteinerio. Kas vienam nereikalingas daiktas \u2013 kitam lobis, o mes esame tarpininkai, kurie padeda abiems tapti laimingesniems ???? \u017dinome kaip nelengva i\u0161gyventi ma\u017eiems verslams, tad nuo \u0161iol, \u010dia rasite ir kit\u0173, ma\u017e\u0173 \u0161eim\u0173 versl\u0173, rank\u0173 darbo, dovan\u0173 sau ir artimiesiems.\",\"publisher\":{\"@id\":\"https:\/\/skaitytaknyga.lt\/#organization\"},\"potentialAction\":[{\"@type\":\"SearchAction\",\"target\":{\"@type\":\"EntryPoint\",\"urlTemplate\":\"https:\/\/skaitytaknyga.lt\/?s={search_term_string}\"},\"query-input\":{\"@type\":\"PropertyValueSpecification\",\"valueRequired\":true,\"valueName\":\"search_term_string\"}}],\"inLanguage\":\"en-GB\"},{\"@type\":\"Organization\",\"@id\":\"https:\/\/skaitytaknyga.lt\/#organization\",\"name\":\"skaitytaknyga.lt\",\"url\":\"https:\/\/skaitytaknyga.lt\/\",\"logo\":{\"@type\":\"ImageObject\",\"inLanguage\":\"en-GB\",\"@id\":\"https:\/\/skaitytaknyga.lt\/#\/schema\/logo\/image\/\",\"url\":\"https:\/\/skaitytaknyga.lt\/wp-content\/uploads\/2024\/05\/cropped-cropped-cropped-02_00843_jt3bggkj1j3HLc7SyY6rEUpg.jpeg\",\"contentUrl\":\"https:\/\/skaitytaknyga.lt\/wp-content\/uploads\/2024\/05\/cropped-cropped-cropped-02_00843_jt3bggkj1j3HLc7SyY6rEUpg.jpeg\",\"width\":1600,\"height\":1600,\"caption\":\"skaitytaknyga.lt\"},\"image\":{\"@id\":\"https:\/\/skaitytaknyga.lt\/#\/schema\/logo\/image\/\"},\"sameAs\":[\"https:\/\/www.facebook.com\/skaitytaknyga\/\"]}]}<\/script>\n<!-- \/ Yoast SEO plugin. -->","yoast_head_json":{"title":"Prietrankos dienora\u0161tis 10. Ne itin geros \u0161uniuk\u0173 glob\u0117jos istorija","description":"\u0160ioje knygoje veiksmas sukasi apie \u201eP\u016bkuot\u0173 bi\u010diuli\u0173\u201c gyv\u016bn\u0173 globos centro r\u016bpes\u010dius. Nik\u0117 ir Brendonas randa ant centro laipt\u0173 palikt\u0105 narv\u0105 su auksaspalvi\u0173 retriveri\u0173 kale Hole ir septyniais jos \u0161uny\u010diais. K\u0105 daryti? Centras perpildytas, viet\u0173 atsiras tik po trij\u0173 dien\u0173, o nepaisyti taisykli\u0173 ir vis tiek priimti nevalia \u2013 \u201eP\u016bkuotus bi\u010diulius\u201c gali i\u0161vis u\u017edaryti.  Nik\u0117, Brendonas ir j\u0173 draugai, tarp j\u0173 ir Maksas Kramblis i\u0161 Piet\u0173 Kalno vidurin\u0117s, imasi veiklos, kuri tarpais pavirsta tikru ko\u0161maru.  Be to, dar paai\u0161k\u0117ja, kad Nik\u0117s prie\u0161ei Makenzei naujojoje \u0160iaur\u0117s Hamptono Kalv\u0173 akademijoje, \u012f kuri\u0105 ji taip i\u0161did\u017eiai per\u0117jo, irgi ne pyragai, o pagal mokykl\u0173 main\u0173 program\u0105 Nikei v\u0117l teks su ja susidurti...","robots":{"index":"index","follow":"follow","max-snippet":"max-snippet:-1","max-image-preview":"max-image-preview:large","max-video-preview":"max-video-preview:-1"},"canonical":"https:\/\/skaitytaknyga.lt\/en\/produktas\/prietrankos-dienorastis-10-ne-itin-geros-suniuku-globejos-istorijau\/","og_locale":"en_GB","og_type":"article","og_title":"[:lt]Prietrankos dienora\u0161tis 10. Ne itin geros \u0161uniuk\u0173 glob\u0117jos istorija[:] - Skaitytaknyga","og_description":"\u0160ioje knygoje veiksmas sukasi apie \u201eP\u016bkuot\u0173 bi\u010diuli\u0173\u201c gyv\u016bn\u0173 globos centro r\u016bpes\u010dius. Nik\u0117 ir Brendonas randa ant centro laipt\u0173 palikt\u0105 narv\u0105 su auksaspalvi\u0173 retriveri\u0173 kale Hole ir septyniais jos \u0161uny\u010diais. K\u0105 daryti? Centras perpildytas, viet\u0173 atsiras tik po trij\u0173 dien\u0173, o nepaisyti taisykli\u0173 ir vis tiek priimti nevalia \u2013 \u201eP\u016bkuotus bi\u010diulius\u201c gali i\u0161vis u\u017edaryti.  Nik\u0117, Brendonas ir j\u0173 draugai, tarp j\u0173 ir Maksas Kramblis i\u0161 Piet\u0173 Kalno vidurin\u0117s, imasi veiklos, kuri tarpais pavirsta tikru ko\u0161maru.  Be to, dar paai\u0161k\u0117ja, kad Nik\u0117s prie\u0161ei Makenzei naujojoje \u0160iaur\u0117s Hamptono Kalv\u0173 akademijoje, \u012f kuri\u0105 ji taip i\u0161did\u017eiai per\u0117jo, irgi ne pyragai, o pagal mokykl\u0173 main\u0173 program\u0105 Nikei v\u0117l teks su ja susidurti...","og_url":"https:\/\/skaitytaknyga.lt\/en\/produktas\/prietrankos-dienorastis-10-ne-itin-geros-suniuku-globejos-istorijau\/","og_site_name":"Skaitytaknyga","article_publisher":"https:\/\/www.facebook.com\/skaitytaknyga\/","article_modified_time":"2026-03-05T14:14:38+00:00","og_image":[{"width":285,"height":396,"url":"https:\/\/skaitytaknyga.lt\/wp-content\/uploads\/2024\/05\/000000000001110534-59de859dd3b78-asset-knyguklubas-cdb_prietrankos-dienorastis_10_p1.png","type":"image\/png"}],"twitter_card":"summary_large_image","twitter_misc":{"Estimated reading time":"1 minute"},"schema":{"@context":"https:\/\/schema.org","@graph":[{"@type":"WebPage","@id":"https:\/\/skaitytaknyga.lt\/produktas\/prietrankos-dienorastis-10-ne-itin-geros-suniuku-globejos-istorijau\/","url":"https:\/\/skaitytaknyga.lt\/produktas\/prietrankos-dienorastis-10-ne-itin-geros-suniuku-globejos-istorijau\/","name":"Prietrankos dienora\u0161tis 10. Ne itin geros \u0161uniuk\u0173 glob\u0117jos istorija","isPartOf":{"@id":"https:\/\/skaitytaknyga.lt\/#website"},"primaryImageOfPage":{"@id":"https:\/\/skaitytaknyga.lt\/produktas\/prietrankos-dienorastis-10-ne-itin-geros-suniuku-globejos-istorijau\/#primaryimage"},"image":{"@id":"https:\/\/skaitytaknyga.lt\/produktas\/prietrankos-dienorastis-10-ne-itin-geros-suniuku-globejos-istorijau\/#primaryimage"},"thumbnailUrl":"https:\/\/skaitytaknyga.lt\/wp-content\/uploads\/2024\/05\/000000000001110534-59de859dd3b78-asset-knyguklubas-cdb_prietrankos-dienorastis_10_p1.png","datePublished":"2024-05-02T13:18:24+00:00","dateModified":"2026-03-05T14:14:38+00:00","description":"\u0160ioje knygoje veiksmas sukasi apie \u201eP\u016bkuot\u0173 bi\u010diuli\u0173\u201c gyv\u016bn\u0173 globos centro r\u016bpes\u010dius. Nik\u0117 ir Brendonas randa ant centro laipt\u0173 palikt\u0105 narv\u0105 su auksaspalvi\u0173 retriveri\u0173 kale Hole ir septyniais jos \u0161uny\u010diais. K\u0105 daryti? Centras perpildytas, viet\u0173 atsiras tik po trij\u0173 dien\u0173, o nepaisyti taisykli\u0173 ir vis tiek priimti nevalia \u2013 \u201eP\u016bkuotus bi\u010diulius\u201c gali i\u0161vis u\u017edaryti. Nik\u0117, Brendonas ir j\u0173 draugai, tarp j\u0173 ir Maksas Kramblis i\u0161 Piet\u0173 Kalno vidurin\u0117s, imasi veiklos, kuri tarpais pavirsta tikru ko\u0161maru. Be to, dar paai\u0161k\u0117ja, kad Nik\u0117s prie\u0161ei Makenzei naujojoje \u0160iaur\u0117s Hamptono Kalv\u0173 akademijoje, \u012f kuri\u0105 ji taip i\u0161did\u017eiai per\u0117jo, irgi ne pyragai, o pagal mokykl\u0173 main\u0173 program\u0105 Nikei v\u0117l teks su ja susidurti...","breadcrumb":{"@id":"https:\/\/skaitytaknyga.lt\/produktas\/prietrankos-dienorastis-10-ne-itin-geros-suniuku-globejos-istorijau\/#breadcrumb"},"inLanguage":"en-GB","potentialAction":[{"@type":"ReadAction","target":["https:\/\/skaitytaknyga.lt\/produktas\/prietrankos-dienorastis-10-ne-itin-geros-suniuku-globejos-istorijau\/"]}]},{"@type":"ImageObject","inLanguage":"en-GB","@id":"https:\/\/skaitytaknyga.lt\/produktas\/prietrankos-dienorastis-10-ne-itin-geros-suniuku-globejos-istorijau\/#primaryimage","url":"https:\/\/skaitytaknyga.lt\/wp-content\/uploads\/2024\/05\/000000000001110534-59de859dd3b78-asset-knyguklubas-cdb_prietrankos-dienorastis_10_p1.png","contentUrl":"https:\/\/skaitytaknyga.lt\/wp-content\/uploads\/2024\/05\/000000000001110534-59de859dd3b78-asset-knyguklubas-cdb_prietrankos-dienorastis_10_p1.png","width":285,"height":396,"caption":"Prietrankos dienora\u0161tis 10. Ne itin geros \u0161uniuk\u0173 glob\u0117jos istorija"},{"@type":"BreadcrumbList","@id":"https:\/\/skaitytaknyga.lt\/produktas\/prietrankos-dienorastis-10-ne-itin-geros-suniuku-globejos-istorijau\/#breadcrumb","itemListElement":[{"@type":"ListItem","position":1,"name":"Home","item":"https:\/\/skaitytaknyga.lt\/"},{"@type":"ListItem","position":2,"name":"Parduotuv\u0117","item":"https:\/\/skaitytaknyga.lt\/knygu-parduotuve\/"},{"@type":"ListItem","position":3,"name":"Prietrankos dienora\u0161tis 10. Ne itin geros \u0161uniuk\u0173 glob\u0117jos istorija"}]},{"@type":"WebSite","@id":"https:\/\/skaitytaknyga.lt\/#website","url":"https:\/\/skaitytaknyga.lt\/","name":"skaitytaknyga.lt","description":"Skaitytaknyga.lt \u2013 tai ma\u017eas \u0161eimos verslas, kuris prasid\u0117jo nuo meil\u0117s knygoms ir siekio i\u0161gelb\u0117ti knygas nuo likimo prie konteinerio. Kas vienam nereikalingas daiktas \u2013 kitam lobis, o mes esame tarpininkai, kurie padeda abiems tapti laimingesniems ???? \u017dinome kaip nelengva i\u0161gyventi ma\u017eiems verslams, tad nuo \u0161iol, \u010dia rasite ir kit\u0173, ma\u017e\u0173 \u0161eim\u0173 versl\u0173, rank\u0173 darbo, dovan\u0173 sau ir artimiesiems.","publisher":{"@id":"https:\/\/skaitytaknyga.lt\/#organization"},"potentialAction":[{"@type":"SearchAction","target":{"@type":"EntryPoint","urlTemplate":"https:\/\/skaitytaknyga.lt\/?s={search_term_string}"},"query-input":{"@type":"PropertyValueSpecification","valueRequired":true,"valueName":"search_term_string"}}],"inLanguage":"en-GB"},{"@type":"Organization","@id":"https:\/\/skaitytaknyga.lt\/#organization","name":"skaitytaknyga.lt","url":"https:\/\/skaitytaknyga.lt\/","logo":{"@type":"ImageObject","inLanguage":"en-GB","@id":"https:\/\/skaitytaknyga.lt\/#\/schema\/logo\/image\/","url":"https:\/\/skaitytaknyga.lt\/wp-content\/uploads\/2024\/05\/cropped-cropped-cropped-02_00843_jt3bggkj1j3HLc7SyY6rEUpg.jpeg","contentUrl":"https:\/\/skaitytaknyga.lt\/wp-content\/uploads\/2024\/05\/cropped-cropped-cropped-02_00843_jt3bggkj1j3HLc7SyY6rEUpg.jpeg","width":1600,"height":1600,"caption":"skaitytaknyga.lt"},"image":{"@id":"https:\/\/skaitytaknyga.lt\/#\/schema\/logo\/image\/"},"sameAs":["https:\/\/www.facebook.com\/skaitytaknyga\/"]}]}},"_links":{"self":[{"href":"https:\/\/skaitytaknyga.lt\/en\/wp-json\/wp\/v2\/product\/6423","targetHints":{"allow":["GET"]}}],"collection":[{"href":"https:\/\/skaitytaknyga.lt\/en\/wp-json\/wp\/v2\/product"}],"about":[{"href":"https:\/\/skaitytaknyga.lt\/en\/wp-json\/wp\/v2\/types\/product"}],"replies":[{"embeddable":true,"href":"https:\/\/skaitytaknyga.lt\/en\/wp-json\/wp\/v2\/comments?post=6423"}],"wp:featuredmedia":[{"embeddable":true,"href":"https:\/\/skaitytaknyga.lt\/en\/wp-json\/wp\/v2\/media\/6435"}],"wp:attachment":[{"href":"https:\/\/skaitytaknyga.lt\/en\/wp-json\/wp\/v2\/media?parent=6423"}],"wp:term":[{"taxonomy":"product_brand","embeddable":true,"href":"https:\/\/skaitytaknyga.lt\/en\/wp-json\/wp\/v2\/product_brand?post=6423"},{"taxonomy":"product_cat","embeddable":true,"href":"https:\/\/skaitytaknyga.lt\/en\/wp-json\/wp\/v2\/product_cat?post=6423"},{"taxonomy":"product_tag","embeddable":true,"href":"https:\/\/skaitytaknyga.lt\/en\/wp-json\/wp\/v2\/product_tag?post=6423"}],"curies":[{"name":"wp","href":"https:\/\/api.w.org\/{rel}","templated":true}]}}