{"id":6384,"date":"2024-05-02T13:17:12","date_gmt":"2024-05-02T13:17:12","guid":{"rendered":"https:\/\/skaitytaknyga.lt\/?post_type=product&#038;p=6384"},"modified":"2024-05-03T07:29:45","modified_gmt":"2024-05-03T07:29:45","slug":"kaip-isgyventi-amziu-sanduroje-lietuva-airija-brazilija-namu-seimininkes-uzrasai","status":"publish","type":"product","link":"https:\/\/skaitytaknyga.lt\/en\/produktas\/kaip-isgyventi-amziu-sanduroje-lietuva-airija-brazilija-namu-seimininkes-uzrasai\/","title":{"rendered":"Kaip i\u0161gyventi am\u017ei\u0173 sand\u016broje. Lietuva\u2013Airija\u2013Brazilija. Nam\u0173 \u0161eiminink\u0117s u\u017era\u0161ai"},"content":{"rendered":"<p>Pedagog\u0117, jogos mokytoja Rasa de Silva, i\u0161irus \u0161eimai, ie\u0161ko b\u016bd\u0173, kaip i\u0161gyventi vienai su dviem vaikais Lietuvoje. Per vasaros atostogas pakviesta draug\u0117s pamokyti jogos Airijoje i\u0161vyksta su vaikais ten ir pasilieka, nes neu\u017edirba pinig\u0173 gr\u012f\u017eimui atgal. Ie\u0161kodama \u012fvairi\u0173 i\u0161gyvenimo galimybi\u0173 patiria daug nuotyki\u0173, \u012fsimyli ir atsiduria Brazilijoje. \u010cia atrodo irgi labai nelengva, bet Rasa niekada nenusimena. I\u0161gyventi \u012fvairiose situacijose jai padeda joga, sutikti \u017emon\u0117s ir \u012fvairios praktikos.<\/p>\n<p>Knygoje nema\u017eai vietos skiriama emigrant\u0173 gyvenimui, airi\u0173 ir brazil\u0173 kult\u016br\u0173 pa\u017einimui. Intuicija, vidin\u0117 branda ir geb\u0117jimas priimti visk\u0105, kas tau duota, \u2013 \u0161tai kur Rasos varikliukas. Ne paskutin\u0117 vieta tenka meilei. Knyga suteiks min\u010di\u0173 vyrams ir moterims pa\u017evelgti \u012f gyvenim\u0105 kitaip, nei esame prat\u0119.<\/p>\n","protected":false},"excerpt":{"rendered":"<p>Pedagog\u0117, jogos mokytoja Rasa de Silva, i\u0161irus \u0161eimai, ie\u0161ko b\u016bd\u0173, kaip i\u0161gyventi vienai su dviem vaikais Lietuvoje. Per vasaros atostogas pakviesta draug\u0117s pamokyti jogos Airijoje i\u0161vyksta su vaikais ten ir pasilieka, nes neu\u017edirba pinig\u0173 gr\u012f\u017eimui atgal. Ie\u0161kodama \u012fvairi\u0173 i\u0161gyvenimo galimybi\u0173 patiria daug nuotyki\u0173, \u012fsimyli ir atsiduria Brazilijoje. \u010cia atrodo irgi labai nelengva, bet Rasa niekada nenusimena. I\u0161gyventi \u012fvairiose situacijose jai padeda joga, sutikti \u017emon\u0117s ir \u012fvairios praktikos.<\/p>\n<p>Knygoje nema\u017eai vietos skiriama emigrant\u0173 gyvenimui, airi\u0173 ir brazil\u0173 kult\u016br\u0173 pa\u017einimui. Intuicija, vidin\u0117 branda ir geb\u0117jimas priimti visk\u0105, kas tau duota, \u2013 \u0161tai kur Rasos varikliukas. Ne paskutin\u0117 vieta tenka meilei. Knyga suteiks min\u010di\u0173 vyrams ir moterims pa\u017evelgti \u012f gyvenim\u0105 kitaip, nei esame prat\u0119.<\/p>\n","protected":false},"featured_media":6396,"comment_status":"closed","ping_status":"closed","template":"","meta":{"_acf_changed":false,"site-sidebar-layout":"default","site-content-layout":"","ast-site-content-layout":"default","site-content-style":"default","site-sidebar-style":"default","ast-global-header-display":"","ast-banner-title-visibility":"","ast-main-header-display":"","ast-hfb-above-header-display":"","ast-hfb-below-header-display":"","ast-hfb-mobile-header-display":"","site-post-title":"","ast-breadcrumbs-content":"","ast-featured-img":"","footer-sml-layout":"","ast-disable-related-posts":"","theme-transparent-header-meta":"","adv-header-id-meta":"","stick-header-meta":"","header-above-stick-meta":"","header-main-stick-meta":"","header-below-stick-meta":"","astra-migrate-meta-layouts":"default","ast-page-background-enabled":"default","ast-page-background-meta":{"desktop":{"background-color":"","background-image":"","background-repeat":"repeat","background-position":"center center","background-size":"auto","background-attachment":"scroll","background-type":"","background-media":"","overlay-type":"","overlay-color":"","overlay-opacity":"","overlay-gradient":""},"tablet":{"background-color":"","background-image":"","background-repeat":"repeat","background-position":"center center","background-size":"auto","background-attachment":"scroll","background-type":"","background-media":"","overlay-type":"","overlay-color":"","overlay-opacity":"","overlay-gradient":""},"mobile":{"background-color":"","background-image":"","background-repeat":"repeat","background-position":"center center","background-size":"auto","background-attachment":"scroll","background-type":"","background-media":"","overlay-type":"","overlay-color":"","overlay-opacity":"","overlay-gradient":""}},"ast-content-background-meta":{"desktop":{"background-color":"var(--ast-global-color-4)","background-image":"","background-repeat":"repeat","background-position":"center center","background-size":"auto","background-attachment":"scroll","background-type":"","background-media":"","overlay-type":"","overlay-color":"","overlay-opacity":"","overlay-gradient":""},"tablet":{"background-color":"var(--ast-global-color-4)","background-image":"","background-repeat":"repeat","background-position":"center center","background-size":"auto","background-attachment":"scroll","background-type":"","background-media":"","overlay-type":"","overlay-color":"","overlay-opacity":"","overlay-gradient":""},"mobile":{"background-color":"var(--ast-global-color-4)","background-image":"","background-repeat":"repeat","background-position":"center center","background-size":"auto","background-attachment":"scroll","background-type":"","background-media":"","overlay-type":"","overlay-color":"","overlay-opacity":"","overlay-gradient":""}}},"product_brand":[],"product_cat":[31],"product_tag":[],"class_list":{"0":"post-6384","1":"product","2":"type-product","3":"status-publish","4":"has-post-thumbnail","6":"product_cat-grozine-literatura","7":"desktop-align-left","8":"tablet-align-left","9":"mobile-align-left","11":"first","12":"instock","13":"shipping-taxable","14":"purchasable","15":"product-type-simple"},"acf":[],"yoast_head":"<!-- This site is optimized with the Yoast SEO plugin v27.0 - https:\/\/yoast.com\/product\/yoast-seo-wordpress\/ -->\n<title>Kaip i\u0161gyventi am\u017ei\u0173 sand\u016broje. Lietuva\u2013Airija\u2013Brazilija. Nam\u0173 \u0161eiminink\u0117s u\u017era\u0161ai - Skaitytaknyga<\/title>\n<meta name=\"description\" content=\"Pedagog\u0117, jogos mokytoja Rasa de Silva, i\u0161irus \u0161eimai, ie\u0161ko b\u016bd\u0173, kaip i\u0161gyventi vienai su dviem vaikais Lietuvoje. Per vasaros atostogas pakviesta draug\u0117s pamokyti jogos Airijoje i\u0161vyksta su vaikais ten ir pasilieka, nes neu\u017edirba pinig\u0173 gr\u012f\u017eimui atgal. Ie\u0161kodama \u012fvairi\u0173 i\u0161gyvenimo galimybi\u0173 patiria daug nuotyki\u0173, \u012fsimyli ir atsiduria Brazilijoje. \u010cia atrodo irgi labai nelengva, bet Rasa niekada nenusimena. I\u0161gyventi \u012fvairiose situacijose jai padeda joga, sutikti \u017emon\u0117s ir \u012fvairios praktikos.  Knygoje nema\u017eai vietos skiriama emigrant\u0173 gyvenimui, airi\u0173 ir brazil\u0173 kult\u016br\u0173 pa\u017einimui. Intuicija, vidin\u0117 branda ir geb\u0117jimas priimti visk\u0105, kas tau duota, \u2013 \u0161tai kur Rasos varikliukas. Ne paskutin\u0117 vieta tenka meilei. Knyga suteiks min\u010di\u0173 vyrams ir moterims pa\u017evelgti \u012f gyvenim\u0105 kitaip, nei esame prat\u0119.\" \/>\n<meta name=\"robots\" content=\"index, follow, max-snippet:-1, max-image-preview:large, max-video-preview:-1\" \/>\n<link rel=\"canonical\" href=\"https:\/\/skaitytaknyga.lt\/en\/produktas\/kaip-isgyventi-amziu-sanduroje-lietuva-airija-brazilija-namu-seimininkes-uzrasai\/\" \/>\n<meta property=\"og:locale\" content=\"en_GB\" \/>\n<meta property=\"og:locale:alternate\" content=\"lt_LT\" \/>\n<meta property=\"og:type\" content=\"article\" \/>\n<meta property=\"og:title\" content=\"Kaip i\u0161gyventi am\u017ei\u0173 sand\u016broje. Lietuva\u2013Airija\u2013Brazilija. Nam\u0173 \u0161eiminink\u0117s u\u017era\u0161ai - Skaitytaknyga\" \/>\n<meta property=\"og:description\" content=\"Pedagog\u0117, jogos mokytoja Rasa de Silva, i\u0161irus \u0161eimai, ie\u0161ko b\u016bd\u0173, kaip i\u0161gyventi vienai su dviem vaikais Lietuvoje. Per vasaros atostogas pakviesta draug\u0117s pamokyti jogos Airijoje i\u0161vyksta su vaikais ten ir pasilieka, nes neu\u017edirba pinig\u0173 gr\u012f\u017eimui atgal. Ie\u0161kodama \u012fvairi\u0173 i\u0161gyvenimo galimybi\u0173 patiria daug nuotyki\u0173, \u012fsimyli ir atsiduria Brazilijoje. \u010cia atrodo irgi labai nelengva, bet Rasa niekada nenusimena. I\u0161gyventi \u012fvairiose situacijose jai padeda joga, sutikti \u017emon\u0117s ir \u012fvairios praktikos.  Knygoje nema\u017eai vietos skiriama emigrant\u0173 gyvenimui, airi\u0173 ir brazil\u0173 kult\u016br\u0173 pa\u017einimui. Intuicija, vidin\u0117 branda ir geb\u0117jimas priimti visk\u0105, kas tau duota, \u2013 \u0161tai kur Rasos varikliukas. Ne paskutin\u0117 vieta tenka meilei. Knyga suteiks min\u010di\u0173 vyrams ir moterims pa\u017evelgti \u012f gyvenim\u0105 kitaip, nei esame prat\u0119.\" \/>\n<meta property=\"og:url\" content=\"https:\/\/skaitytaknyga.lt\/en\/produktas\/kaip-isgyventi-amziu-sanduroje-lietuva-airija-brazilija-namu-seimininkes-uzrasai\/\" \/>\n<meta property=\"og:site_name\" content=\"Skaitytaknyga\" \/>\n<meta property=\"article:publisher\" content=\"https:\/\/www.facebook.com\/skaitytaknyga\/\" \/>\n<meta property=\"article:modified_time\" content=\"2024-05-03T07:29:45+00:00\" \/>\n<meta property=\"og:image\" content=\"https:\/\/skaitytaknyga.lt\/wp-content\/uploads\/2024\/05\/1462883271_img0007.jpg\" \/>\n\t<meta property=\"og:image:width\" content=\"287\" \/>\n\t<meta property=\"og:image:height\" content=\"430\" \/>\n\t<meta property=\"og:image:type\" content=\"image\/jpeg\" \/>\n<meta name=\"twitter:card\" content=\"summary_large_image\" \/>\n<meta name=\"twitter:label1\" content=\"Estimated reading time\" \/>\n\t<meta name=\"twitter:data1\" content=\"1 minute\" \/>\n<script type=\"application\/ld+json\" class=\"yoast-schema-graph\">{\"@context\":\"https:\/\/schema.org\",\"@graph\":[{\"@type\":\"WebPage\",\"@id\":\"https:\/\/skaitytaknyga.lt\/produktas\/kaip-isgyventi-amziu-sanduroje-lietuva-airija-brazilija-namu-seimininkes-uzrasai\/\",\"url\":\"https:\/\/skaitytaknyga.lt\/produktas\/kaip-isgyventi-amziu-sanduroje-lietuva-airija-brazilija-namu-seimininkes-uzrasai\/\",\"name\":\"Kaip i\u0161gyventi am\u017ei\u0173 sand\u016broje. Lietuva\u2013Airija\u2013Brazilija. Nam\u0173 \u0161eiminink\u0117s u\u017era\u0161ai - Skaitytaknyga\",\"isPartOf\":{\"@id\":\"https:\/\/skaitytaknyga.lt\/#website\"},\"primaryImageOfPage\":{\"@id\":\"https:\/\/skaitytaknyga.lt\/produktas\/kaip-isgyventi-amziu-sanduroje-lietuva-airija-brazilija-namu-seimininkes-uzrasai\/#primaryimage\"},\"image\":{\"@id\":\"https:\/\/skaitytaknyga.lt\/produktas\/kaip-isgyventi-amziu-sanduroje-lietuva-airija-brazilija-namu-seimininkes-uzrasai\/#primaryimage\"},\"thumbnailUrl\":\"https:\/\/skaitytaknyga.lt\/wp-content\/uploads\/2024\/05\/1462883271_img0007.jpg\",\"datePublished\":\"2024-05-02T13:17:12+00:00\",\"dateModified\":\"2024-05-03T07:29:45+00:00\",\"description\":\"Pedagog\u0117, jogos mokytoja Rasa de Silva, i\u0161irus \u0161eimai, ie\u0161ko b\u016bd\u0173, kaip i\u0161gyventi vienai su dviem vaikais Lietuvoje. Per vasaros atostogas pakviesta draug\u0117s pamokyti jogos Airijoje i\u0161vyksta su vaikais ten ir pasilieka, nes neu\u017edirba pinig\u0173 gr\u012f\u017eimui atgal. Ie\u0161kodama \u012fvairi\u0173 i\u0161gyvenimo galimybi\u0173 patiria daug nuotyki\u0173, \u012fsimyli ir atsiduria Brazilijoje. \u010cia atrodo irgi labai nelengva, bet Rasa niekada nenusimena. I\u0161gyventi \u012fvairiose situacijose jai padeda joga, sutikti \u017emon\u0117s ir \u012fvairios praktikos. Knygoje nema\u017eai vietos skiriama emigrant\u0173 gyvenimui, airi\u0173 ir brazil\u0173 kult\u016br\u0173 pa\u017einimui. Intuicija, vidin\u0117 branda ir geb\u0117jimas priimti visk\u0105, kas tau duota, \u2013 \u0161tai kur Rasos varikliukas. Ne paskutin\u0117 vieta tenka meilei. Knyga suteiks min\u010di\u0173 vyrams ir moterims pa\u017evelgti \u012f gyvenim\u0105 kitaip, nei esame prat\u0119.\",\"breadcrumb\":{\"@id\":\"https:\/\/skaitytaknyga.lt\/produktas\/kaip-isgyventi-amziu-sanduroje-lietuva-airija-brazilija-namu-seimininkes-uzrasai\/#breadcrumb\"},\"inLanguage\":\"en-GB\",\"potentialAction\":[{\"@type\":\"ReadAction\",\"target\":[\"https:\/\/skaitytaknyga.lt\/produktas\/kaip-isgyventi-amziu-sanduroje-lietuva-airija-brazilija-namu-seimininkes-uzrasai\/\"]}]},{\"@type\":\"ImageObject\",\"inLanguage\":\"en-GB\",\"@id\":\"https:\/\/skaitytaknyga.lt\/produktas\/kaip-isgyventi-amziu-sanduroje-lietuva-airija-brazilija-namu-seimininkes-uzrasai\/#primaryimage\",\"url\":\"https:\/\/skaitytaknyga.lt\/wp-content\/uploads\/2024\/05\/1462883271_img0007.jpg\",\"contentUrl\":\"https:\/\/skaitytaknyga.lt\/wp-content\/uploads\/2024\/05\/1462883271_img0007.jpg\",\"width\":287,\"height\":430},{\"@type\":\"BreadcrumbList\",\"@id\":\"https:\/\/skaitytaknyga.lt\/produktas\/kaip-isgyventi-amziu-sanduroje-lietuva-airija-brazilija-namu-seimininkes-uzrasai\/#breadcrumb\",\"itemListElement\":[{\"@type\":\"ListItem\",\"position\":1,\"name\":\"Home\",\"item\":\"https:\/\/skaitytaknyga.lt\/\"},{\"@type\":\"ListItem\",\"position\":2,\"name\":\"Parduotuv\u0117\",\"item\":\"https:\/\/skaitytaknyga.lt\/knygu-parduotuve\/\"},{\"@type\":\"ListItem\",\"position\":3,\"name\":\"Kaip i\u0161gyventi am\u017ei\u0173 sand\u016broje. Lietuva\u2013Airija\u2013Brazilija. Nam\u0173 \u0161eiminink\u0117s u\u017era\u0161ai\"}]},{\"@type\":\"WebSite\",\"@id\":\"https:\/\/skaitytaknyga.lt\/#website\",\"url\":\"https:\/\/skaitytaknyga.lt\/\",\"name\":\"skaitytaknyga.lt\",\"description\":\"Skaitytaknyga.lt \u2013 tai ma\u017eas \u0161eimos verslas, kuris prasid\u0117jo nuo meil\u0117s knygoms ir siekio i\u0161gelb\u0117ti knygas nuo likimo prie konteinerio. Kas vienam nereikalingas daiktas \u2013 kitam lobis, o mes esame tarpininkai, kurie padeda abiems tapti laimingesniems ???? \u017dinome kaip nelengva i\u0161gyventi ma\u017eiems verslams, tad nuo \u0161iol, \u010dia rasite ir kit\u0173, ma\u017e\u0173 \u0161eim\u0173 versl\u0173, rank\u0173 darbo, dovan\u0173 sau ir artimiesiems.\",\"publisher\":{\"@id\":\"https:\/\/skaitytaknyga.lt\/#organization\"},\"potentialAction\":[{\"@type\":\"SearchAction\",\"target\":{\"@type\":\"EntryPoint\",\"urlTemplate\":\"https:\/\/skaitytaknyga.lt\/?s={search_term_string}\"},\"query-input\":{\"@type\":\"PropertyValueSpecification\",\"valueRequired\":true,\"valueName\":\"search_term_string\"}}],\"inLanguage\":\"en-GB\"},{\"@type\":\"Organization\",\"@id\":\"https:\/\/skaitytaknyga.lt\/#organization\",\"name\":\"skaitytaknyga.lt\",\"url\":\"https:\/\/skaitytaknyga.lt\/\",\"logo\":{\"@type\":\"ImageObject\",\"inLanguage\":\"en-GB\",\"@id\":\"https:\/\/skaitytaknyga.lt\/#\/schema\/logo\/image\/\",\"url\":\"https:\/\/skaitytaknyga.lt\/wp-content\/uploads\/2024\/05\/cropped-cropped-cropped-02_00843_jt3bggkj1j3HLc7SyY6rEUpg.jpeg\",\"contentUrl\":\"https:\/\/skaitytaknyga.lt\/wp-content\/uploads\/2024\/05\/cropped-cropped-cropped-02_00843_jt3bggkj1j3HLc7SyY6rEUpg.jpeg\",\"width\":1600,\"height\":1600,\"caption\":\"skaitytaknyga.lt\"},\"image\":{\"@id\":\"https:\/\/skaitytaknyga.lt\/#\/schema\/logo\/image\/\"},\"sameAs\":[\"https:\/\/www.facebook.com\/skaitytaknyga\/\"]}]}<\/script>\n<!-- \/ Yoast SEO plugin. -->","yoast_head_json":{"title":"Kaip i\u0161gyventi am\u017ei\u0173 sand\u016broje. Lietuva\u2013Airija\u2013Brazilija. Nam\u0173 \u0161eiminink\u0117s u\u017era\u0161ai - Skaitytaknyga","description":"Pedagog\u0117, jogos mokytoja Rasa de Silva, i\u0161irus \u0161eimai, ie\u0161ko b\u016bd\u0173, kaip i\u0161gyventi vienai su dviem vaikais Lietuvoje. Per vasaros atostogas pakviesta draug\u0117s pamokyti jogos Airijoje i\u0161vyksta su vaikais ten ir pasilieka, nes neu\u017edirba pinig\u0173 gr\u012f\u017eimui atgal. Ie\u0161kodama \u012fvairi\u0173 i\u0161gyvenimo galimybi\u0173 patiria daug nuotyki\u0173, \u012fsimyli ir atsiduria Brazilijoje. \u010cia atrodo irgi labai nelengva, bet Rasa niekada nenusimena. I\u0161gyventi \u012fvairiose situacijose jai padeda joga, sutikti \u017emon\u0117s ir \u012fvairios praktikos.  Knygoje nema\u017eai vietos skiriama emigrant\u0173 gyvenimui, airi\u0173 ir brazil\u0173 kult\u016br\u0173 pa\u017einimui. Intuicija, vidin\u0117 branda ir geb\u0117jimas priimti visk\u0105, kas tau duota, \u2013 \u0161tai kur Rasos varikliukas. Ne paskutin\u0117 vieta tenka meilei. Knyga suteiks min\u010di\u0173 vyrams ir moterims pa\u017evelgti \u012f gyvenim\u0105 kitaip, nei esame prat\u0119.","robots":{"index":"index","follow":"follow","max-snippet":"max-snippet:-1","max-image-preview":"max-image-preview:large","max-video-preview":"max-video-preview:-1"},"canonical":"https:\/\/skaitytaknyga.lt\/en\/produktas\/kaip-isgyventi-amziu-sanduroje-lietuva-airija-brazilija-namu-seimininkes-uzrasai\/","og_locale":"en_GB","og_type":"article","og_title":"Kaip i\u0161gyventi am\u017ei\u0173 sand\u016broje. Lietuva\u2013Airija\u2013Brazilija. Nam\u0173 \u0161eiminink\u0117s u\u017era\u0161ai - Skaitytaknyga","og_description":"Pedagog\u0117, jogos mokytoja Rasa de Silva, i\u0161irus \u0161eimai, ie\u0161ko b\u016bd\u0173, kaip i\u0161gyventi vienai su dviem vaikais Lietuvoje. Per vasaros atostogas pakviesta draug\u0117s pamokyti jogos Airijoje i\u0161vyksta su vaikais ten ir pasilieka, nes neu\u017edirba pinig\u0173 gr\u012f\u017eimui atgal. Ie\u0161kodama \u012fvairi\u0173 i\u0161gyvenimo galimybi\u0173 patiria daug nuotyki\u0173, \u012fsimyli ir atsiduria Brazilijoje. \u010cia atrodo irgi labai nelengva, bet Rasa niekada nenusimena. I\u0161gyventi \u012fvairiose situacijose jai padeda joga, sutikti \u017emon\u0117s ir \u012fvairios praktikos.  Knygoje nema\u017eai vietos skiriama emigrant\u0173 gyvenimui, airi\u0173 ir brazil\u0173 kult\u016br\u0173 pa\u017einimui. Intuicija, vidin\u0117 branda ir geb\u0117jimas priimti visk\u0105, kas tau duota, \u2013 \u0161tai kur Rasos varikliukas. Ne paskutin\u0117 vieta tenka meilei. Knyga suteiks min\u010di\u0173 vyrams ir moterims pa\u017evelgti \u012f gyvenim\u0105 kitaip, nei esame prat\u0119.","og_url":"https:\/\/skaitytaknyga.lt\/en\/produktas\/kaip-isgyventi-amziu-sanduroje-lietuva-airija-brazilija-namu-seimininkes-uzrasai\/","og_site_name":"Skaitytaknyga","article_publisher":"https:\/\/www.facebook.com\/skaitytaknyga\/","article_modified_time":"2024-05-03T07:29:45+00:00","og_image":[{"width":287,"height":430,"url":"https:\/\/skaitytaknyga.lt\/wp-content\/uploads\/2024\/05\/1462883271_img0007.jpg","type":"image\/jpeg"}],"twitter_card":"summary_large_image","twitter_misc":{"Estimated reading time":"1 minute"},"schema":{"@context":"https:\/\/schema.org","@graph":[{"@type":"WebPage","@id":"https:\/\/skaitytaknyga.lt\/produktas\/kaip-isgyventi-amziu-sanduroje-lietuva-airija-brazilija-namu-seimininkes-uzrasai\/","url":"https:\/\/skaitytaknyga.lt\/produktas\/kaip-isgyventi-amziu-sanduroje-lietuva-airija-brazilija-namu-seimininkes-uzrasai\/","name":"Kaip i\u0161gyventi am\u017ei\u0173 sand\u016broje. Lietuva\u2013Airija\u2013Brazilija. Nam\u0173 \u0161eiminink\u0117s u\u017era\u0161ai - Skaitytaknyga","isPartOf":{"@id":"https:\/\/skaitytaknyga.lt\/#website"},"primaryImageOfPage":{"@id":"https:\/\/skaitytaknyga.lt\/produktas\/kaip-isgyventi-amziu-sanduroje-lietuva-airija-brazilija-namu-seimininkes-uzrasai\/#primaryimage"},"image":{"@id":"https:\/\/skaitytaknyga.lt\/produktas\/kaip-isgyventi-amziu-sanduroje-lietuva-airija-brazilija-namu-seimininkes-uzrasai\/#primaryimage"},"thumbnailUrl":"https:\/\/skaitytaknyga.lt\/wp-content\/uploads\/2024\/05\/1462883271_img0007.jpg","datePublished":"2024-05-02T13:17:12+00:00","dateModified":"2024-05-03T07:29:45+00:00","description":"Pedagog\u0117, jogos mokytoja Rasa de Silva, i\u0161irus \u0161eimai, ie\u0161ko b\u016bd\u0173, kaip i\u0161gyventi vienai su dviem vaikais Lietuvoje. Per vasaros atostogas pakviesta draug\u0117s pamokyti jogos Airijoje i\u0161vyksta su vaikais ten ir pasilieka, nes neu\u017edirba pinig\u0173 gr\u012f\u017eimui atgal. Ie\u0161kodama \u012fvairi\u0173 i\u0161gyvenimo galimybi\u0173 patiria daug nuotyki\u0173, \u012fsimyli ir atsiduria Brazilijoje. \u010cia atrodo irgi labai nelengva, bet Rasa niekada nenusimena. I\u0161gyventi \u012fvairiose situacijose jai padeda joga, sutikti \u017emon\u0117s ir \u012fvairios praktikos. Knygoje nema\u017eai vietos skiriama emigrant\u0173 gyvenimui, airi\u0173 ir brazil\u0173 kult\u016br\u0173 pa\u017einimui. Intuicija, vidin\u0117 branda ir geb\u0117jimas priimti visk\u0105, kas tau duota, \u2013 \u0161tai kur Rasos varikliukas. Ne paskutin\u0117 vieta tenka meilei. Knyga suteiks min\u010di\u0173 vyrams ir moterims pa\u017evelgti \u012f gyvenim\u0105 kitaip, nei esame prat\u0119.","breadcrumb":{"@id":"https:\/\/skaitytaknyga.lt\/produktas\/kaip-isgyventi-amziu-sanduroje-lietuva-airija-brazilija-namu-seimininkes-uzrasai\/#breadcrumb"},"inLanguage":"en-GB","potentialAction":[{"@type":"ReadAction","target":["https:\/\/skaitytaknyga.lt\/produktas\/kaip-isgyventi-amziu-sanduroje-lietuva-airija-brazilija-namu-seimininkes-uzrasai\/"]}]},{"@type":"ImageObject","inLanguage":"en-GB","@id":"https:\/\/skaitytaknyga.lt\/produktas\/kaip-isgyventi-amziu-sanduroje-lietuva-airija-brazilija-namu-seimininkes-uzrasai\/#primaryimage","url":"https:\/\/skaitytaknyga.lt\/wp-content\/uploads\/2024\/05\/1462883271_img0007.jpg","contentUrl":"https:\/\/skaitytaknyga.lt\/wp-content\/uploads\/2024\/05\/1462883271_img0007.jpg","width":287,"height":430},{"@type":"BreadcrumbList","@id":"https:\/\/skaitytaknyga.lt\/produktas\/kaip-isgyventi-amziu-sanduroje-lietuva-airija-brazilija-namu-seimininkes-uzrasai\/#breadcrumb","itemListElement":[{"@type":"ListItem","position":1,"name":"Home","item":"https:\/\/skaitytaknyga.lt\/"},{"@type":"ListItem","position":2,"name":"Parduotuv\u0117","item":"https:\/\/skaitytaknyga.lt\/knygu-parduotuve\/"},{"@type":"ListItem","position":3,"name":"Kaip i\u0161gyventi am\u017ei\u0173 sand\u016broje. Lietuva\u2013Airija\u2013Brazilija. Nam\u0173 \u0161eiminink\u0117s u\u017era\u0161ai"}]},{"@type":"WebSite","@id":"https:\/\/skaitytaknyga.lt\/#website","url":"https:\/\/skaitytaknyga.lt\/","name":"skaitytaknyga.lt","description":"Skaitytaknyga.lt \u2013 tai ma\u017eas \u0161eimos verslas, kuris prasid\u0117jo nuo meil\u0117s knygoms ir siekio i\u0161gelb\u0117ti knygas nuo likimo prie konteinerio. Kas vienam nereikalingas daiktas \u2013 kitam lobis, o mes esame tarpininkai, kurie padeda abiems tapti laimingesniems ???? \u017dinome kaip nelengva i\u0161gyventi ma\u017eiems verslams, tad nuo \u0161iol, \u010dia rasite ir kit\u0173, ma\u017e\u0173 \u0161eim\u0173 versl\u0173, rank\u0173 darbo, dovan\u0173 sau ir artimiesiems.","publisher":{"@id":"https:\/\/skaitytaknyga.lt\/#organization"},"potentialAction":[{"@type":"SearchAction","target":{"@type":"EntryPoint","urlTemplate":"https:\/\/skaitytaknyga.lt\/?s={search_term_string}"},"query-input":{"@type":"PropertyValueSpecification","valueRequired":true,"valueName":"search_term_string"}}],"inLanguage":"en-GB"},{"@type":"Organization","@id":"https:\/\/skaitytaknyga.lt\/#organization","name":"skaitytaknyga.lt","url":"https:\/\/skaitytaknyga.lt\/","logo":{"@type":"ImageObject","inLanguage":"en-GB","@id":"https:\/\/skaitytaknyga.lt\/#\/schema\/logo\/image\/","url":"https:\/\/skaitytaknyga.lt\/wp-content\/uploads\/2024\/05\/cropped-cropped-cropped-02_00843_jt3bggkj1j3HLc7SyY6rEUpg.jpeg","contentUrl":"https:\/\/skaitytaknyga.lt\/wp-content\/uploads\/2024\/05\/cropped-cropped-cropped-02_00843_jt3bggkj1j3HLc7SyY6rEUpg.jpeg","width":1600,"height":1600,"caption":"skaitytaknyga.lt"},"image":{"@id":"https:\/\/skaitytaknyga.lt\/#\/schema\/logo\/image\/"},"sameAs":["https:\/\/www.facebook.com\/skaitytaknyga\/"]}]}},"_links":{"self":[{"href":"https:\/\/skaitytaknyga.lt\/en\/wp-json\/wp\/v2\/product\/6384","targetHints":{"allow":["GET"]}}],"collection":[{"href":"https:\/\/skaitytaknyga.lt\/en\/wp-json\/wp\/v2\/product"}],"about":[{"href":"https:\/\/skaitytaknyga.lt\/en\/wp-json\/wp\/v2\/types\/product"}],"replies":[{"embeddable":true,"href":"https:\/\/skaitytaknyga.lt\/en\/wp-json\/wp\/v2\/comments?post=6384"}],"wp:featuredmedia":[{"embeddable":true,"href":"https:\/\/skaitytaknyga.lt\/en\/wp-json\/wp\/v2\/media\/6396"}],"wp:attachment":[{"href":"https:\/\/skaitytaknyga.lt\/en\/wp-json\/wp\/v2\/media?parent=6384"}],"wp:term":[{"taxonomy":"product_brand","embeddable":true,"href":"https:\/\/skaitytaknyga.lt\/en\/wp-json\/wp\/v2\/product_brand?post=6384"},{"taxonomy":"product_cat","embeddable":true,"href":"https:\/\/skaitytaknyga.lt\/en\/wp-json\/wp\/v2\/product_cat?post=6384"},{"taxonomy":"product_tag","embeddable":true,"href":"https:\/\/skaitytaknyga.lt\/en\/wp-json\/wp\/v2\/product_tag?post=6384"}],"curies":[{"name":"wp","href":"https:\/\/api.w.org\/{rel}","templated":true}]}}