{"id":6371,"date":"2024-05-02T13:16:50","date_gmt":"2024-05-02T13:16:50","guid":{"rendered":"https:\/\/skaitytaknyga.lt\/?post_type=product&#038;p=6371"},"modified":"2024-05-03T07:29:44","modified_gmt":"2024-05-03T07:29:44","slug":"vilkolakiukas-dolfas-sidabrine-iltis","status":"publish","type":"product","link":"https:\/\/skaitytaknyga.lt\/en\/produktas\/vilkolakiukas-dolfas-sidabrine-iltis\/","title":{"rendered":"Vilkolakiukas Dolfas. Sidabrin\u0117 iltis"},"content":{"rendered":"<p>Vien\u0105 dien\u0105 Dolfas su\u017einojo bes\u0105s vilkolakis. Na, kol kas dar tik vilkolakiukas. Vos sp\u0117jus apsiprasti su naujais gauruoto gyvenimo i\u0161\u0161\u016bkiais, tarsi \u017eaibas i\u0161 giedro dangaus: i\u0161 mylimos glob\u0117j\u0173 \u0161eimos j\u012f pasiima paslaptingas giminaitis \u2013 d\u0117d\u0117, apie kur\u012f anks\u010diau ir gird\u0117ti neteko! Ar tikrai d\u0117d\u0117s ketinimai geri? Ir kvepia jis ka\u017ekaip ne taip, ir dantys sidabriniai kelia \u012ftarim\u0105&#8230;<\/p>\n<p>Tuo suabejoja ir Timio t\u0117t\u0117, ir visa \u0161eima \u2013 kas su vazonu ant galvos, kas be \u2013 b\u0117ga gelb\u0117ti Dolfo. Gerai, kad Dolfas ir pats nep\u0117s\u010dias \u2013 dar pa\u017ei\u016br\u0117sim, kas k\u0105 gelb\u0117s!<\/p>\n<p>Tre\u010dioji Nyderland\u0173 istorij\u0173 meistro\u00a0<strong>Paulo van Loono<\/strong>\u00a0(g. 1955) serijos apie vilkolakiuk\u0105 knyga. \u012esimintini berniuko vilkolakiuko nuotykiai ir \u0161maik\u0161\u010dios iliustracijos su\u017eav\u0117s ne vien\u0105 jaun\u0105j\u012f skaitytoj\u0105.<\/p>\n","protected":false},"excerpt":{"rendered":"<p>Vien\u0105 dien\u0105 Dolfas su\u017einojo bes\u0105s vilkolakis. Na, kol kas dar tik vilkolakiukas. Vos sp\u0117jus apsiprasti su naujais gauruoto gyvenimo i\u0161\u0161\u016bkiais, tarsi \u017eaibas i\u0161 giedro dangaus: i\u0161 mylimos glob\u0117j\u0173 \u0161eimos j\u012f pasiima paslaptingas giminaitis \u2013 d\u0117d\u0117, apie kur\u012f anks\u010diau ir gird\u0117ti neteko! Ar tikrai d\u0117d\u0117s ketinimai geri? Ir kvepia jis ka\u017ekaip ne taip, ir dantys sidabriniai kelia \u012ftarim\u0105&#8230;<\/p>\n<p>Tuo suabejoja ir Timio t\u0117t\u0117, ir visa \u0161eima \u2013 kas su vazonu ant galvos, kas be \u2013 b\u0117ga gelb\u0117ti Dolfo. Gerai, kad Dolfas ir pats nep\u0117s\u010dias \u2013 dar pa\u017ei\u016br\u0117sim, kas k\u0105 gelb\u0117s!<\/p>\n<p>Tre\u010dioji Nyderland\u0173 istorij\u0173 meistro\u00a0<strong>Paulo van Loono<\/strong>\u00a0(g. 1955) serijos apie vilkolakiuk\u0105 knyga. \u012esimintini berniuko vilkolakiuko nuotykiai ir \u0161maik\u0161\u010dios iliustracijos su\u017eav\u0117s ne vien\u0105 jaun\u0105j\u012f skaitytoj\u0105.<\/p>\n","protected":false},"featured_media":6391,"comment_status":"closed","ping_status":"closed","template":"","meta":{"_acf_changed":false,"site-sidebar-layout":"default","site-content-layout":"","ast-site-content-layout":"default","site-content-style":"default","site-sidebar-style":"default","ast-global-header-display":"","ast-banner-title-visibility":"","ast-main-header-display":"","ast-hfb-above-header-display":"","ast-hfb-below-header-display":"","ast-hfb-mobile-header-display":"","site-post-title":"","ast-breadcrumbs-content":"","ast-featured-img":"","footer-sml-layout":"","ast-disable-related-posts":"","theme-transparent-header-meta":"","adv-header-id-meta":"","stick-header-meta":"","header-above-stick-meta":"","header-main-stick-meta":"","header-below-stick-meta":"","astra-migrate-meta-layouts":"default","ast-page-background-enabled":"default","ast-page-background-meta":{"desktop":{"background-color":"","background-image":"","background-repeat":"repeat","background-position":"center center","background-size":"auto","background-attachment":"scroll","background-type":"","background-media":"","overlay-type":"","overlay-color":"","overlay-opacity":"","overlay-gradient":""},"tablet":{"background-color":"","background-image":"","background-repeat":"repeat","background-position":"center center","background-size":"auto","background-attachment":"scroll","background-type":"","background-media":"","overlay-type":"","overlay-color":"","overlay-opacity":"","overlay-gradient":""},"mobile":{"background-color":"","background-image":"","background-repeat":"repeat","background-position":"center center","background-size":"auto","background-attachment":"scroll","background-type":"","background-media":"","overlay-type":"","overlay-color":"","overlay-opacity":"","overlay-gradient":""}},"ast-content-background-meta":{"desktop":{"background-color":"var(--ast-global-color-4)","background-image":"","background-repeat":"repeat","background-position":"center center","background-size":"auto","background-attachment":"scroll","background-type":"","background-media":"","overlay-type":"","overlay-color":"","overlay-opacity":"","overlay-gradient":""},"tablet":{"background-color":"var(--ast-global-color-4)","background-image":"","background-repeat":"repeat","background-position":"center center","background-size":"auto","background-attachment":"scroll","background-type":"","background-media":"","overlay-type":"","overlay-color":"","overlay-opacity":"","overlay-gradient":""},"mobile":{"background-color":"var(--ast-global-color-4)","background-image":"","background-repeat":"repeat","background-position":"center center","background-size":"auto","background-attachment":"scroll","background-type":"","background-media":"","overlay-type":"","overlay-color":"","overlay-opacity":"","overlay-gradient":""}}},"product_brand":[],"product_cat":[35],"product_tag":[],"class_list":{"0":"post-6371","1":"product","2":"type-product","3":"status-publish","4":"has-post-thumbnail","6":"product_cat-vaikams-ir-paaugliams","7":"desktop-align-left","8":"tablet-align-left","9":"mobile-align-left","11":"first","12":"outofstock","13":"shipping-taxable","14":"purchasable","15":"product-type-simple"},"acf":[],"yoast_head":"<!-- This site is optimized with the Yoast SEO plugin v27.0 - https:\/\/yoast.com\/product\/yoast-seo-wordpress\/ -->\n<title>Vilkolakiukas Dolfas. Sidabrin\u0117 iltis - Skaitytaknyga<\/title>\n<meta name=\"description\" content=\"Vien\u0105 dien\u0105 Dolfas su\u017einojo bes\u0105s vilkolakis. Na, kol kas dar tik vilkolakiukas. Vos sp\u0117jus apsiprasti su naujais gauruoto gyvenimo i\u0161\u0161\u016bkiais, tarsi \u017eaibas i\u0161 giedro dangaus: i\u0161 mylimos glob\u0117j\u0173 \u0161eimos j\u012f pasiima paslaptingas giminaitis \u2013 d\u0117d\u0117, apie kur\u012f anks\u010diau ir gird\u0117ti neteko! Ar tikrai d\u0117d\u0117s ketinimai geri? Ir kvepia jis ka\u017ekaip ne taip, ir dantys sidabriniai kelia \u012ftarim\u0105...  Tuo suabejoja ir Timio t\u0117t\u0117, ir visa \u0161eima \u2013 kas su vazonu ant galvos, kas be \u2013 b\u0117ga gelb\u0117ti Dolfo. Gerai, kad Dolfas ir pats nep\u0117s\u010dias \u2013 dar pa\u017ei\u016br\u0117sim, kas k\u0105 gelb\u0117s!  Tre\u010dioji Nyderland\u0173 istorij\u0173 meistro\u00a0Paulo van Loono\u00a0(g. 1955) serijos apie vilkolakiuk\u0105 knyga. \u012esimintini berniuko vilkolakiuko nuotykiai ir \u0161maik\u0161\u010dios iliustracijos su\u017eav\u0117s ne vien\u0105 jaun\u0105j\u012f skaitytoj\u0105.\" \/>\n<meta name=\"robots\" content=\"index, follow, max-snippet:-1, max-image-preview:large, max-video-preview:-1\" \/>\n<link rel=\"canonical\" href=\"https:\/\/skaitytaknyga.lt\/en\/produktas\/vilkolakiukas-dolfas-sidabrine-iltis\/\" \/>\n<meta property=\"og:locale\" content=\"en_GB\" \/>\n<meta property=\"og:locale:alternate\" content=\"lt_LT\" \/>\n<meta property=\"og:type\" content=\"article\" \/>\n<meta property=\"og:title\" content=\"Vilkolakiukas Dolfas. Sidabrin\u0117 iltis - Skaitytaknyga\" \/>\n<meta property=\"og:description\" content=\"Vien\u0105 dien\u0105 Dolfas su\u017einojo bes\u0105s vilkolakis. Na, kol kas dar tik vilkolakiukas. Vos sp\u0117jus apsiprasti su naujais gauruoto gyvenimo i\u0161\u0161\u016bkiais, tarsi \u017eaibas i\u0161 giedro dangaus: i\u0161 mylimos glob\u0117j\u0173 \u0161eimos j\u012f pasiima paslaptingas giminaitis \u2013 d\u0117d\u0117, apie kur\u012f anks\u010diau ir gird\u0117ti neteko! Ar tikrai d\u0117d\u0117s ketinimai geri? Ir kvepia jis ka\u017ekaip ne taip, ir dantys sidabriniai kelia \u012ftarim\u0105...  Tuo suabejoja ir Timio t\u0117t\u0117, ir visa \u0161eima \u2013 kas su vazonu ant galvos, kas be \u2013 b\u0117ga gelb\u0117ti Dolfo. Gerai, kad Dolfas ir pats nep\u0117s\u010dias \u2013 dar pa\u017ei\u016br\u0117sim, kas k\u0105 gelb\u0117s!  Tre\u010dioji Nyderland\u0173 istorij\u0173 meistro\u00a0Paulo van Loono\u00a0(g. 1955) serijos apie vilkolakiuk\u0105 knyga. \u012esimintini berniuko vilkolakiuko nuotykiai ir \u0161maik\u0161\u010dios iliustracijos su\u017eav\u0117s ne vien\u0105 jaun\u0105j\u012f skaitytoj\u0105.\" \/>\n<meta property=\"og:url\" content=\"https:\/\/skaitytaknyga.lt\/en\/produktas\/vilkolakiukas-dolfas-sidabrine-iltis\/\" \/>\n<meta property=\"og:site_name\" content=\"Skaitytaknyga\" \/>\n<meta property=\"article:publisher\" content=\"https:\/\/www.facebook.com\/skaitytaknyga\/\" \/>\n<meta property=\"article:modified_time\" content=\"2024-05-03T07:29:44+00:00\" \/>\n<meta property=\"og:image\" content=\"https:\/\/skaitytaknyga.lt\/wp-content\/uploads\/2024\/05\/1462888267_9786094413292vilkolakiukas-dolfas-sidabrine-iltis.jpg\" \/>\n\t<meta property=\"og:image:width\" content=\"286\" \/>\n\t<meta property=\"og:image:height\" content=\"400\" \/>\n\t<meta property=\"og:image:type\" content=\"image\/jpeg\" \/>\n<meta name=\"twitter:card\" content=\"summary_large_image\" \/>\n<meta name=\"twitter:label1\" content=\"Estimated reading time\" \/>\n\t<meta name=\"twitter:data1\" content=\"1 minute\" \/>\n<script type=\"application\/ld+json\" class=\"yoast-schema-graph\">{\"@context\":\"https:\/\/schema.org\",\"@graph\":[{\"@type\":\"WebPage\",\"@id\":\"https:\/\/skaitytaknyga.lt\/produktas\/vilkolakiukas-dolfas-sidabrine-iltis\/\",\"url\":\"https:\/\/skaitytaknyga.lt\/produktas\/vilkolakiukas-dolfas-sidabrine-iltis\/\",\"name\":\"Vilkolakiukas Dolfas. Sidabrin\u0117 iltis - Skaitytaknyga\",\"isPartOf\":{\"@id\":\"https:\/\/skaitytaknyga.lt\/#website\"},\"primaryImageOfPage\":{\"@id\":\"https:\/\/skaitytaknyga.lt\/produktas\/vilkolakiukas-dolfas-sidabrine-iltis\/#primaryimage\"},\"image\":{\"@id\":\"https:\/\/skaitytaknyga.lt\/produktas\/vilkolakiukas-dolfas-sidabrine-iltis\/#primaryimage\"},\"thumbnailUrl\":\"https:\/\/skaitytaknyga.lt\/wp-content\/uploads\/2024\/05\/1462888267_9786094413292vilkolakiukas-dolfas-sidabrine-iltis.jpg\",\"datePublished\":\"2024-05-02T13:16:50+00:00\",\"dateModified\":\"2024-05-03T07:29:44+00:00\",\"description\":\"Vien\u0105 dien\u0105 Dolfas su\u017einojo bes\u0105s vilkolakis. Na, kol kas dar tik vilkolakiukas. Vos sp\u0117jus apsiprasti su naujais gauruoto gyvenimo i\u0161\u0161\u016bkiais, tarsi \u017eaibas i\u0161 giedro dangaus: i\u0161 mylimos glob\u0117j\u0173 \u0161eimos j\u012f pasiima paslaptingas giminaitis \u2013 d\u0117d\u0117, apie kur\u012f anks\u010diau ir gird\u0117ti neteko! Ar tikrai d\u0117d\u0117s ketinimai geri? Ir kvepia jis ka\u017ekaip ne taip, ir dantys sidabriniai kelia \u012ftarim\u0105... Tuo suabejoja ir Timio t\u0117t\u0117, ir visa \u0161eima \u2013 kas su vazonu ant galvos, kas be \u2013 b\u0117ga gelb\u0117ti Dolfo. Gerai, kad Dolfas ir pats nep\u0117s\u010dias \u2013 dar pa\u017ei\u016br\u0117sim, kas k\u0105 gelb\u0117s! Tre\u010dioji Nyderland\u0173 istorij\u0173 meistro\u00a0Paulo van Loono\u00a0(g. 1955) serijos apie vilkolakiuk\u0105 knyga. \u012esimintini berniuko vilkolakiuko nuotykiai ir \u0161maik\u0161\u010dios iliustracijos su\u017eav\u0117s ne vien\u0105 jaun\u0105j\u012f skaitytoj\u0105.\",\"breadcrumb\":{\"@id\":\"https:\/\/skaitytaknyga.lt\/produktas\/vilkolakiukas-dolfas-sidabrine-iltis\/#breadcrumb\"},\"inLanguage\":\"en-GB\",\"potentialAction\":[{\"@type\":\"ReadAction\",\"target\":[\"https:\/\/skaitytaknyga.lt\/produktas\/vilkolakiukas-dolfas-sidabrine-iltis\/\"]}]},{\"@type\":\"ImageObject\",\"inLanguage\":\"en-GB\",\"@id\":\"https:\/\/skaitytaknyga.lt\/produktas\/vilkolakiukas-dolfas-sidabrine-iltis\/#primaryimage\",\"url\":\"https:\/\/skaitytaknyga.lt\/wp-content\/uploads\/2024\/05\/1462888267_9786094413292vilkolakiukas-dolfas-sidabrine-iltis.jpg\",\"contentUrl\":\"https:\/\/skaitytaknyga.lt\/wp-content\/uploads\/2024\/05\/1462888267_9786094413292vilkolakiukas-dolfas-sidabrine-iltis.jpg\",\"width\":286,\"height\":400},{\"@type\":\"BreadcrumbList\",\"@id\":\"https:\/\/skaitytaknyga.lt\/produktas\/vilkolakiukas-dolfas-sidabrine-iltis\/#breadcrumb\",\"itemListElement\":[{\"@type\":\"ListItem\",\"position\":1,\"name\":\"Home\",\"item\":\"https:\/\/skaitytaknyga.lt\/\"},{\"@type\":\"ListItem\",\"position\":2,\"name\":\"Parduotuv\u0117\",\"item\":\"https:\/\/skaitytaknyga.lt\/knygu-parduotuve\/\"},{\"@type\":\"ListItem\",\"position\":3,\"name\":\"Vilkolakiukas Dolfas. Sidabrin\u0117 iltis\"}]},{\"@type\":\"WebSite\",\"@id\":\"https:\/\/skaitytaknyga.lt\/#website\",\"url\":\"https:\/\/skaitytaknyga.lt\/\",\"name\":\"skaitytaknyga.lt\",\"description\":\"Skaitytaknyga.lt \u2013 tai ma\u017eas \u0161eimos verslas, kuris prasid\u0117jo nuo meil\u0117s knygoms ir siekio i\u0161gelb\u0117ti knygas nuo likimo prie konteinerio. Kas vienam nereikalingas daiktas \u2013 kitam lobis, o mes esame tarpininkai, kurie padeda abiems tapti laimingesniems ???? \u017dinome kaip nelengva i\u0161gyventi ma\u017eiems verslams, tad nuo \u0161iol, \u010dia rasite ir kit\u0173, ma\u017e\u0173 \u0161eim\u0173 versl\u0173, rank\u0173 darbo, dovan\u0173 sau ir artimiesiems.\",\"publisher\":{\"@id\":\"https:\/\/skaitytaknyga.lt\/#organization\"},\"potentialAction\":[{\"@type\":\"SearchAction\",\"target\":{\"@type\":\"EntryPoint\",\"urlTemplate\":\"https:\/\/skaitytaknyga.lt\/?s={search_term_string}\"},\"query-input\":{\"@type\":\"PropertyValueSpecification\",\"valueRequired\":true,\"valueName\":\"search_term_string\"}}],\"inLanguage\":\"en-GB\"},{\"@type\":\"Organization\",\"@id\":\"https:\/\/skaitytaknyga.lt\/#organization\",\"name\":\"skaitytaknyga.lt\",\"url\":\"https:\/\/skaitytaknyga.lt\/\",\"logo\":{\"@type\":\"ImageObject\",\"inLanguage\":\"en-GB\",\"@id\":\"https:\/\/skaitytaknyga.lt\/#\/schema\/logo\/image\/\",\"url\":\"https:\/\/skaitytaknyga.lt\/wp-content\/uploads\/2024\/05\/cropped-cropped-cropped-02_00843_jt3bggkj1j3HLc7SyY6rEUpg.jpeg\",\"contentUrl\":\"https:\/\/skaitytaknyga.lt\/wp-content\/uploads\/2024\/05\/cropped-cropped-cropped-02_00843_jt3bggkj1j3HLc7SyY6rEUpg.jpeg\",\"width\":1600,\"height\":1600,\"caption\":\"skaitytaknyga.lt\"},\"image\":{\"@id\":\"https:\/\/skaitytaknyga.lt\/#\/schema\/logo\/image\/\"},\"sameAs\":[\"https:\/\/www.facebook.com\/skaitytaknyga\/\"]}]}<\/script>\n<!-- \/ Yoast SEO plugin. -->","yoast_head_json":{"title":"Vilkolakiukas Dolfas. Sidabrin\u0117 iltis - Skaitytaknyga","description":"Vien\u0105 dien\u0105 Dolfas su\u017einojo bes\u0105s vilkolakis. Na, kol kas dar tik vilkolakiukas. Vos sp\u0117jus apsiprasti su naujais gauruoto gyvenimo i\u0161\u0161\u016bkiais, tarsi \u017eaibas i\u0161 giedro dangaus: i\u0161 mylimos glob\u0117j\u0173 \u0161eimos j\u012f pasiima paslaptingas giminaitis \u2013 d\u0117d\u0117, apie kur\u012f anks\u010diau ir gird\u0117ti neteko! Ar tikrai d\u0117d\u0117s ketinimai geri? Ir kvepia jis ka\u017ekaip ne taip, ir dantys sidabriniai kelia \u012ftarim\u0105...  Tuo suabejoja ir Timio t\u0117t\u0117, ir visa \u0161eima \u2013 kas su vazonu ant galvos, kas be \u2013 b\u0117ga gelb\u0117ti Dolfo. Gerai, kad Dolfas ir pats nep\u0117s\u010dias \u2013 dar pa\u017ei\u016br\u0117sim, kas k\u0105 gelb\u0117s!  Tre\u010dioji Nyderland\u0173 istorij\u0173 meistro\u00a0Paulo van Loono\u00a0(g. 1955) serijos apie vilkolakiuk\u0105 knyga. \u012esimintini berniuko vilkolakiuko nuotykiai ir \u0161maik\u0161\u010dios iliustracijos su\u017eav\u0117s ne vien\u0105 jaun\u0105j\u012f skaitytoj\u0105.","robots":{"index":"index","follow":"follow","max-snippet":"max-snippet:-1","max-image-preview":"max-image-preview:large","max-video-preview":"max-video-preview:-1"},"canonical":"https:\/\/skaitytaknyga.lt\/en\/produktas\/vilkolakiukas-dolfas-sidabrine-iltis\/","og_locale":"en_GB","og_type":"article","og_title":"Vilkolakiukas Dolfas. Sidabrin\u0117 iltis - Skaitytaknyga","og_description":"Vien\u0105 dien\u0105 Dolfas su\u017einojo bes\u0105s vilkolakis. Na, kol kas dar tik vilkolakiukas. Vos sp\u0117jus apsiprasti su naujais gauruoto gyvenimo i\u0161\u0161\u016bkiais, tarsi \u017eaibas i\u0161 giedro dangaus: i\u0161 mylimos glob\u0117j\u0173 \u0161eimos j\u012f pasiima paslaptingas giminaitis \u2013 d\u0117d\u0117, apie kur\u012f anks\u010diau ir gird\u0117ti neteko! Ar tikrai d\u0117d\u0117s ketinimai geri? Ir kvepia jis ka\u017ekaip ne taip, ir dantys sidabriniai kelia \u012ftarim\u0105...  Tuo suabejoja ir Timio t\u0117t\u0117, ir visa \u0161eima \u2013 kas su vazonu ant galvos, kas be \u2013 b\u0117ga gelb\u0117ti Dolfo. Gerai, kad Dolfas ir pats nep\u0117s\u010dias \u2013 dar pa\u017ei\u016br\u0117sim, kas k\u0105 gelb\u0117s!  Tre\u010dioji Nyderland\u0173 istorij\u0173 meistro\u00a0Paulo van Loono\u00a0(g. 1955) serijos apie vilkolakiuk\u0105 knyga. \u012esimintini berniuko vilkolakiuko nuotykiai ir \u0161maik\u0161\u010dios iliustracijos su\u017eav\u0117s ne vien\u0105 jaun\u0105j\u012f skaitytoj\u0105.","og_url":"https:\/\/skaitytaknyga.lt\/en\/produktas\/vilkolakiukas-dolfas-sidabrine-iltis\/","og_site_name":"Skaitytaknyga","article_publisher":"https:\/\/www.facebook.com\/skaitytaknyga\/","article_modified_time":"2024-05-03T07:29:44+00:00","og_image":[{"width":286,"height":400,"url":"https:\/\/skaitytaknyga.lt\/wp-content\/uploads\/2024\/05\/1462888267_9786094413292vilkolakiukas-dolfas-sidabrine-iltis.jpg","type":"image\/jpeg"}],"twitter_card":"summary_large_image","twitter_misc":{"Estimated reading time":"1 minute"},"schema":{"@context":"https:\/\/schema.org","@graph":[{"@type":"WebPage","@id":"https:\/\/skaitytaknyga.lt\/produktas\/vilkolakiukas-dolfas-sidabrine-iltis\/","url":"https:\/\/skaitytaknyga.lt\/produktas\/vilkolakiukas-dolfas-sidabrine-iltis\/","name":"Vilkolakiukas Dolfas. Sidabrin\u0117 iltis - Skaitytaknyga","isPartOf":{"@id":"https:\/\/skaitytaknyga.lt\/#website"},"primaryImageOfPage":{"@id":"https:\/\/skaitytaknyga.lt\/produktas\/vilkolakiukas-dolfas-sidabrine-iltis\/#primaryimage"},"image":{"@id":"https:\/\/skaitytaknyga.lt\/produktas\/vilkolakiukas-dolfas-sidabrine-iltis\/#primaryimage"},"thumbnailUrl":"https:\/\/skaitytaknyga.lt\/wp-content\/uploads\/2024\/05\/1462888267_9786094413292vilkolakiukas-dolfas-sidabrine-iltis.jpg","datePublished":"2024-05-02T13:16:50+00:00","dateModified":"2024-05-03T07:29:44+00:00","description":"Vien\u0105 dien\u0105 Dolfas su\u017einojo bes\u0105s vilkolakis. Na, kol kas dar tik vilkolakiukas. Vos sp\u0117jus apsiprasti su naujais gauruoto gyvenimo i\u0161\u0161\u016bkiais, tarsi \u017eaibas i\u0161 giedro dangaus: i\u0161 mylimos glob\u0117j\u0173 \u0161eimos j\u012f pasiima paslaptingas giminaitis \u2013 d\u0117d\u0117, apie kur\u012f anks\u010diau ir gird\u0117ti neteko! Ar tikrai d\u0117d\u0117s ketinimai geri? Ir kvepia jis ka\u017ekaip ne taip, ir dantys sidabriniai kelia \u012ftarim\u0105... Tuo suabejoja ir Timio t\u0117t\u0117, ir visa \u0161eima \u2013 kas su vazonu ant galvos, kas be \u2013 b\u0117ga gelb\u0117ti Dolfo. Gerai, kad Dolfas ir pats nep\u0117s\u010dias \u2013 dar pa\u017ei\u016br\u0117sim, kas k\u0105 gelb\u0117s! Tre\u010dioji Nyderland\u0173 istorij\u0173 meistro\u00a0Paulo van Loono\u00a0(g. 1955) serijos apie vilkolakiuk\u0105 knyga. \u012esimintini berniuko vilkolakiuko nuotykiai ir \u0161maik\u0161\u010dios iliustracijos su\u017eav\u0117s ne vien\u0105 jaun\u0105j\u012f skaitytoj\u0105.","breadcrumb":{"@id":"https:\/\/skaitytaknyga.lt\/produktas\/vilkolakiukas-dolfas-sidabrine-iltis\/#breadcrumb"},"inLanguage":"en-GB","potentialAction":[{"@type":"ReadAction","target":["https:\/\/skaitytaknyga.lt\/produktas\/vilkolakiukas-dolfas-sidabrine-iltis\/"]}]},{"@type":"ImageObject","inLanguage":"en-GB","@id":"https:\/\/skaitytaknyga.lt\/produktas\/vilkolakiukas-dolfas-sidabrine-iltis\/#primaryimage","url":"https:\/\/skaitytaknyga.lt\/wp-content\/uploads\/2024\/05\/1462888267_9786094413292vilkolakiukas-dolfas-sidabrine-iltis.jpg","contentUrl":"https:\/\/skaitytaknyga.lt\/wp-content\/uploads\/2024\/05\/1462888267_9786094413292vilkolakiukas-dolfas-sidabrine-iltis.jpg","width":286,"height":400},{"@type":"BreadcrumbList","@id":"https:\/\/skaitytaknyga.lt\/produktas\/vilkolakiukas-dolfas-sidabrine-iltis\/#breadcrumb","itemListElement":[{"@type":"ListItem","position":1,"name":"Home","item":"https:\/\/skaitytaknyga.lt\/"},{"@type":"ListItem","position":2,"name":"Parduotuv\u0117","item":"https:\/\/skaitytaknyga.lt\/knygu-parduotuve\/"},{"@type":"ListItem","position":3,"name":"Vilkolakiukas Dolfas. Sidabrin\u0117 iltis"}]},{"@type":"WebSite","@id":"https:\/\/skaitytaknyga.lt\/#website","url":"https:\/\/skaitytaknyga.lt\/","name":"skaitytaknyga.lt","description":"Skaitytaknyga.lt \u2013 tai ma\u017eas \u0161eimos verslas, kuris prasid\u0117jo nuo meil\u0117s knygoms ir siekio i\u0161gelb\u0117ti knygas nuo likimo prie konteinerio. Kas vienam nereikalingas daiktas \u2013 kitam lobis, o mes esame tarpininkai, kurie padeda abiems tapti laimingesniems ???? \u017dinome kaip nelengva i\u0161gyventi ma\u017eiems verslams, tad nuo \u0161iol, \u010dia rasite ir kit\u0173, ma\u017e\u0173 \u0161eim\u0173 versl\u0173, rank\u0173 darbo, dovan\u0173 sau ir artimiesiems.","publisher":{"@id":"https:\/\/skaitytaknyga.lt\/#organization"},"potentialAction":[{"@type":"SearchAction","target":{"@type":"EntryPoint","urlTemplate":"https:\/\/skaitytaknyga.lt\/?s={search_term_string}"},"query-input":{"@type":"PropertyValueSpecification","valueRequired":true,"valueName":"search_term_string"}}],"inLanguage":"en-GB"},{"@type":"Organization","@id":"https:\/\/skaitytaknyga.lt\/#organization","name":"skaitytaknyga.lt","url":"https:\/\/skaitytaknyga.lt\/","logo":{"@type":"ImageObject","inLanguage":"en-GB","@id":"https:\/\/skaitytaknyga.lt\/#\/schema\/logo\/image\/","url":"https:\/\/skaitytaknyga.lt\/wp-content\/uploads\/2024\/05\/cropped-cropped-cropped-02_00843_jt3bggkj1j3HLc7SyY6rEUpg.jpeg","contentUrl":"https:\/\/skaitytaknyga.lt\/wp-content\/uploads\/2024\/05\/cropped-cropped-cropped-02_00843_jt3bggkj1j3HLc7SyY6rEUpg.jpeg","width":1600,"height":1600,"caption":"skaitytaknyga.lt"},"image":{"@id":"https:\/\/skaitytaknyga.lt\/#\/schema\/logo\/image\/"},"sameAs":["https:\/\/www.facebook.com\/skaitytaknyga\/"]}]}},"_links":{"self":[{"href":"https:\/\/skaitytaknyga.lt\/en\/wp-json\/wp\/v2\/product\/6371","targetHints":{"allow":["GET"]}}],"collection":[{"href":"https:\/\/skaitytaknyga.lt\/en\/wp-json\/wp\/v2\/product"}],"about":[{"href":"https:\/\/skaitytaknyga.lt\/en\/wp-json\/wp\/v2\/types\/product"}],"replies":[{"embeddable":true,"href":"https:\/\/skaitytaknyga.lt\/en\/wp-json\/wp\/v2\/comments?post=6371"}],"wp:featuredmedia":[{"embeddable":true,"href":"https:\/\/skaitytaknyga.lt\/en\/wp-json\/wp\/v2\/media\/6391"}],"wp:attachment":[{"href":"https:\/\/skaitytaknyga.lt\/en\/wp-json\/wp\/v2\/media?parent=6371"}],"wp:term":[{"taxonomy":"product_brand","embeddable":true,"href":"https:\/\/skaitytaknyga.lt\/en\/wp-json\/wp\/v2\/product_brand?post=6371"},{"taxonomy":"product_cat","embeddable":true,"href":"https:\/\/skaitytaknyga.lt\/en\/wp-json\/wp\/v2\/product_cat?post=6371"},{"taxonomy":"product_tag","embeddable":true,"href":"https:\/\/skaitytaknyga.lt\/en\/wp-json\/wp\/v2\/product_tag?post=6371"}],"curies":[{"name":"wp","href":"https:\/\/api.w.org\/{rel}","templated":true}]}}