{"id":6369,"date":"2024-05-02T13:16:50","date_gmt":"2024-05-02T13:16:50","guid":{"rendered":"https:\/\/skaitytaknyga.lt\/?post_type=product&#038;p=6369"},"modified":"2024-05-03T07:29:44","modified_gmt":"2024-05-03T07:29:44","slug":"vilkolakiukas-dolfas-pilnatis","status":"publish","type":"product","link":"https:\/\/skaitytaknyga.lt\/en\/produktas\/vilkolakiukas-dolfas-pilnatis\/","title":{"rendered":"Vilkolakiukas Dolfas. Pilnatis"},"content":{"rendered":"<p>Vilkolakiuko Dolfo nuotykiai t\u0119siasi!<br \/>\nKaip nusl\u0117pti savo balt\u0105 kail\u012f nuo bendraklasi\u0173, kai i\u0161kyloje mi\u0161ke kartu dalyvauja ir med\u017eiotojas? Kaip nenubaidyti patinkan\u010dios mergait\u0117s, nenutuokian\u010dios apie tavo uodeg\u0105? Ir kas tas paslaptingas jaunuolis, vis stebintis pro lang\u0105?<br \/>\nNemalonumai pad\u0117s Dolfui suprasti, koks tvirtas ry\u0161ys gali sieti \u017emones, gyvenan\u010dius vienoje \u0161eimoje. Net jeigu jie ir neturi tikr\u0173 nasr\u0173.<br \/>\nAntroji Nyderland\u0173 istorij\u0173 meistro Paulo van Loono (g. 1955) serijos apie vilkolakiuk\u0105 knyga. Klas\u0117s i\u0161vykoje Dolfas patiria kur kas daugiau nuotyki\u0173, nei tik\u0117josi. Juk stovyklaujant prie lau\u017eo i\u0161saugoti paslaptis nelengva. Ypa\u010d, kai \u0161alia s\u0117di patinkanti mergait\u0117. \u012esimintini berniuko vilkolakiuko nuotykiai ir \u0161maik\u0161\u010dios iliustracijos su\u017eav\u0117s ne vien\u0105 jaun\u0105j\u012f skaitytoj\u0105.<\/p>\n","protected":false},"excerpt":{"rendered":"<p>Vilkolakiuko Dolfo nuotykiai t\u0119siasi!<br \/>\nKaip nusl\u0117pti savo balt\u0105 kail\u012f nuo bendraklasi\u0173, kai i\u0161kyloje mi\u0161ke kartu dalyvauja ir med\u017eiotojas? Kaip nenubaidyti patinkan\u010dios mergait\u0117s, nenutuokian\u010dios apie tavo uodeg\u0105? Ir kas tas paslaptingas jaunuolis, vis stebintis pro lang\u0105?<br \/>\nNemalonumai pad\u0117s Dolfui suprasti, koks tvirtas ry\u0161ys gali sieti \u017emones, gyvenan\u010dius vienoje \u0161eimoje. Net jeigu jie ir neturi tikr\u0173 nasr\u0173.<br \/>\nAntroji Nyderland\u0173 istorij\u0173 meistro Paulo van Loono (g. 1955) serijos apie vilkolakiuk\u0105 knyga. Klas\u0117s i\u0161vykoje Dolfas patiria kur kas daugiau nuotyki\u0173, nei tik\u0117josi. Juk stovyklaujant prie lau\u017eo i\u0161saugoti paslaptis nelengva. Ypa\u010d, kai \u0161alia s\u0117di patinkanti mergait\u0117. \u012esimintini berniuko vilkolakiuko nuotykiai ir \u0161maik\u0161\u010dios iliustracijos su\u017eav\u0117s ne vien\u0105 jaun\u0105j\u012f skaitytoj\u0105.<\/p>\n","protected":false},"featured_media":6381,"comment_status":"closed","ping_status":"closed","template":"","meta":{"_acf_changed":false,"site-sidebar-layout":"default","site-content-layout":"","ast-site-content-layout":"default","site-content-style":"default","site-sidebar-style":"default","ast-global-header-display":"","ast-banner-title-visibility":"","ast-main-header-display":"","ast-hfb-above-header-display":"","ast-hfb-below-header-display":"","ast-hfb-mobile-header-display":"","site-post-title":"","ast-breadcrumbs-content":"","ast-featured-img":"","footer-sml-layout":"","ast-disable-related-posts":"","theme-transparent-header-meta":"","adv-header-id-meta":"","stick-header-meta":"","header-above-stick-meta":"","header-main-stick-meta":"","header-below-stick-meta":"","astra-migrate-meta-layouts":"default","ast-page-background-enabled":"default","ast-page-background-meta":{"desktop":{"background-color":"","background-image":"","background-repeat":"repeat","background-position":"center center","background-size":"auto","background-attachment":"scroll","background-type":"","background-media":"","overlay-type":"","overlay-color":"","overlay-opacity":"","overlay-gradient":""},"tablet":{"background-color":"","background-image":"","background-repeat":"repeat","background-position":"center center","background-size":"auto","background-attachment":"scroll","background-type":"","background-media":"","overlay-type":"","overlay-color":"","overlay-opacity":"","overlay-gradient":""},"mobile":{"background-color":"","background-image":"","background-repeat":"repeat","background-position":"center center","background-size":"auto","background-attachment":"scroll","background-type":"","background-media":"","overlay-type":"","overlay-color":"","overlay-opacity":"","overlay-gradient":""}},"ast-content-background-meta":{"desktop":{"background-color":"var(--ast-global-color-4)","background-image":"","background-repeat":"repeat","background-position":"center center","background-size":"auto","background-attachment":"scroll","background-type":"","background-media":"","overlay-type":"","overlay-color":"","overlay-opacity":"","overlay-gradient":""},"tablet":{"background-color":"var(--ast-global-color-4)","background-image":"","background-repeat":"repeat","background-position":"center center","background-size":"auto","background-attachment":"scroll","background-type":"","background-media":"","overlay-type":"","overlay-color":"","overlay-opacity":"","overlay-gradient":""},"mobile":{"background-color":"var(--ast-global-color-4)","background-image":"","background-repeat":"repeat","background-position":"center center","background-size":"auto","background-attachment":"scroll","background-type":"","background-media":"","overlay-type":"","overlay-color":"","overlay-opacity":"","overlay-gradient":""}}},"product_brand":[],"product_cat":[35],"product_tag":[],"class_list":{"0":"post-6369","1":"product","2":"type-product","3":"status-publish","4":"has-post-thumbnail","6":"product_cat-vaikams-ir-paaugliams","7":"desktop-align-left","8":"tablet-align-left","9":"mobile-align-left","11":"first","12":"outofstock","13":"shipping-taxable","14":"purchasable","15":"product-type-simple"},"acf":[],"yoast_head":"<!-- This site is optimized with the Yoast SEO plugin v27.0 - https:\/\/yoast.com\/product\/yoast-seo-wordpress\/ -->\n<title>Vilkolakiukas Dolfas. Pilnatis - Skaitytaknyga<\/title>\n<meta name=\"description\" content=\"Vilkolakiuko Dolfo nuotykiai t\u0119siasi! Kaip nusl\u0117pti savo balt\u0105 kail\u012f nuo bendraklasi\u0173, kai i\u0161kyloje mi\u0161ke kartu dalyvauja ir med\u017eiotojas? Kaip nenubaidyti patinkan\u010dios mergait\u0117s, nenutuokian\u010dios apie tavo uodeg\u0105? Ir kas tas paslaptingas jaunuolis, vis stebintis pro lang\u0105? Nemalonumai pad\u0117s Dolfui suprasti, koks tvirtas ry\u0161ys gali sieti \u017emones, gyvenan\u010dius vienoje \u0161eimoje. Net jeigu jie ir neturi tikr\u0173 nasr\u0173. Antroji Nyderland\u0173 istorij\u0173 meistro Paulo van Loono (g. 1955) serijos apie vilkolakiuk\u0105 knyga. Klas\u0117s i\u0161vykoje Dolfas patiria kur kas daugiau nuotyki\u0173, nei tik\u0117josi. Juk stovyklaujant prie lau\u017eo i\u0161saugoti paslaptis nelengva. Ypa\u010d, kai \u0161alia s\u0117di patinkanti mergait\u0117. \u012esimintini berniuko vilkolakiuko nuotykiai ir \u0161maik\u0161\u010dios iliustracijos su\u017eav\u0117s ne vien\u0105 jaun\u0105j\u012f skaitytoj\u0105.\" \/>\n<meta name=\"robots\" content=\"index, follow, max-snippet:-1, max-image-preview:large, max-video-preview:-1\" \/>\n<link rel=\"canonical\" href=\"https:\/\/skaitytaknyga.lt\/en\/produktas\/vilkolakiukas-dolfas-pilnatis\/\" \/>\n<meta property=\"og:locale\" content=\"en_GB\" \/>\n<meta property=\"og:locale:alternate\" content=\"lt_LT\" \/>\n<meta property=\"og:type\" content=\"article\" \/>\n<meta property=\"og:title\" content=\"Vilkolakiukas Dolfas. Pilnatis - Skaitytaknyga\" \/>\n<meta property=\"og:description\" content=\"Vilkolakiuko Dolfo nuotykiai t\u0119siasi! Kaip nusl\u0117pti savo balt\u0105 kail\u012f nuo bendraklasi\u0173, kai i\u0161kyloje mi\u0161ke kartu dalyvauja ir med\u017eiotojas? Kaip nenubaidyti patinkan\u010dios mergait\u0117s, nenutuokian\u010dios apie tavo uodeg\u0105? Ir kas tas paslaptingas jaunuolis, vis stebintis pro lang\u0105? Nemalonumai pad\u0117s Dolfui suprasti, koks tvirtas ry\u0161ys gali sieti \u017emones, gyvenan\u010dius vienoje \u0161eimoje. Net jeigu jie ir neturi tikr\u0173 nasr\u0173. Antroji Nyderland\u0173 istorij\u0173 meistro Paulo van Loono (g. 1955) serijos apie vilkolakiuk\u0105 knyga. Klas\u0117s i\u0161vykoje Dolfas patiria kur kas daugiau nuotyki\u0173, nei tik\u0117josi. Juk stovyklaujant prie lau\u017eo i\u0161saugoti paslaptis nelengva. Ypa\u010d, kai \u0161alia s\u0117di patinkanti mergait\u0117. \u012esimintini berniuko vilkolakiuko nuotykiai ir \u0161maik\u0161\u010dios iliustracijos su\u017eav\u0117s ne vien\u0105 jaun\u0105j\u012f skaitytoj\u0105.\" \/>\n<meta property=\"og:url\" content=\"https:\/\/skaitytaknyga.lt\/en\/produktas\/vilkolakiukas-dolfas-pilnatis\/\" \/>\n<meta property=\"og:site_name\" content=\"Skaitytaknyga\" \/>\n<meta property=\"article:publisher\" content=\"https:\/\/www.facebook.com\/skaitytaknyga\/\" \/>\n<meta property=\"article:modified_time\" content=\"2024-05-03T07:29:44+00:00\" \/>\n<meta property=\"og:image\" content=\"https:\/\/skaitytaknyga.lt\/wp-content\/uploads\/2024\/05\/000000000002161616-59de83d9d68c9-asset-knyguklubas-cdb_9786094412905_vilkolakiukas_dolfas_pilnatis_p1.jpg\" \/>\n\t<meta property=\"og:image:width\" content=\"285\" \/>\n\t<meta property=\"og:image:height\" content=\"399\" \/>\n\t<meta property=\"og:image:type\" content=\"image\/jpeg\" \/>\n<meta name=\"twitter:card\" content=\"summary_large_image\" \/>\n<meta name=\"twitter:label1\" content=\"Estimated reading time\" \/>\n\t<meta name=\"twitter:data1\" content=\"1 minute\" \/>\n<script type=\"application\/ld+json\" class=\"yoast-schema-graph\">{\"@context\":\"https:\/\/schema.org\",\"@graph\":[{\"@type\":\"WebPage\",\"@id\":\"https:\/\/skaitytaknyga.lt\/produktas\/vilkolakiukas-dolfas-pilnatis\/\",\"url\":\"https:\/\/skaitytaknyga.lt\/produktas\/vilkolakiukas-dolfas-pilnatis\/\",\"name\":\"Vilkolakiukas Dolfas. Pilnatis - Skaitytaknyga\",\"isPartOf\":{\"@id\":\"https:\/\/skaitytaknyga.lt\/#website\"},\"primaryImageOfPage\":{\"@id\":\"https:\/\/skaitytaknyga.lt\/produktas\/vilkolakiukas-dolfas-pilnatis\/#primaryimage\"},\"image\":{\"@id\":\"https:\/\/skaitytaknyga.lt\/produktas\/vilkolakiukas-dolfas-pilnatis\/#primaryimage\"},\"thumbnailUrl\":\"https:\/\/skaitytaknyga.lt\/wp-content\/uploads\/2024\/05\/000000000002161616-59de83d9d68c9-asset-knyguklubas-cdb_9786094412905_vilkolakiukas_dolfas_pilnatis_p1.jpg\",\"datePublished\":\"2024-05-02T13:16:50+00:00\",\"dateModified\":\"2024-05-03T07:29:44+00:00\",\"description\":\"Vilkolakiuko Dolfo nuotykiai t\u0119siasi! Kaip nusl\u0117pti savo balt\u0105 kail\u012f nuo bendraklasi\u0173, kai i\u0161kyloje mi\u0161ke kartu dalyvauja ir med\u017eiotojas? Kaip nenubaidyti patinkan\u010dios mergait\u0117s, nenutuokian\u010dios apie tavo uodeg\u0105? Ir kas tas paslaptingas jaunuolis, vis stebintis pro lang\u0105? Nemalonumai pad\u0117s Dolfui suprasti, koks tvirtas ry\u0161ys gali sieti \u017emones, gyvenan\u010dius vienoje \u0161eimoje. Net jeigu jie ir neturi tikr\u0173 nasr\u0173. Antroji Nyderland\u0173 istorij\u0173 meistro Paulo van Loono (g. 1955) serijos apie vilkolakiuk\u0105 knyga. Klas\u0117s i\u0161vykoje Dolfas patiria kur kas daugiau nuotyki\u0173, nei tik\u0117josi. Juk stovyklaujant prie lau\u017eo i\u0161saugoti paslaptis nelengva. Ypa\u010d, kai \u0161alia s\u0117di patinkanti mergait\u0117. \u012esimintini berniuko vilkolakiuko nuotykiai ir \u0161maik\u0161\u010dios iliustracijos su\u017eav\u0117s ne vien\u0105 jaun\u0105j\u012f skaitytoj\u0105.\",\"breadcrumb\":{\"@id\":\"https:\/\/skaitytaknyga.lt\/produktas\/vilkolakiukas-dolfas-pilnatis\/#breadcrumb\"},\"inLanguage\":\"en-GB\",\"potentialAction\":[{\"@type\":\"ReadAction\",\"target\":[\"https:\/\/skaitytaknyga.lt\/produktas\/vilkolakiukas-dolfas-pilnatis\/\"]}]},{\"@type\":\"ImageObject\",\"inLanguage\":\"en-GB\",\"@id\":\"https:\/\/skaitytaknyga.lt\/produktas\/vilkolakiukas-dolfas-pilnatis\/#primaryimage\",\"url\":\"https:\/\/skaitytaknyga.lt\/wp-content\/uploads\/2024\/05\/000000000002161616-59de83d9d68c9-asset-knyguklubas-cdb_9786094412905_vilkolakiukas_dolfas_pilnatis_p1.jpg\",\"contentUrl\":\"https:\/\/skaitytaknyga.lt\/wp-content\/uploads\/2024\/05\/000000000002161616-59de83d9d68c9-asset-knyguklubas-cdb_9786094412905_vilkolakiukas_dolfas_pilnatis_p1.jpg\",\"width\":285,\"height\":399},{\"@type\":\"BreadcrumbList\",\"@id\":\"https:\/\/skaitytaknyga.lt\/produktas\/vilkolakiukas-dolfas-pilnatis\/#breadcrumb\",\"itemListElement\":[{\"@type\":\"ListItem\",\"position\":1,\"name\":\"Home\",\"item\":\"https:\/\/skaitytaknyga.lt\/\"},{\"@type\":\"ListItem\",\"position\":2,\"name\":\"Parduotuv\u0117\",\"item\":\"https:\/\/skaitytaknyga.lt\/knygu-parduotuve\/\"},{\"@type\":\"ListItem\",\"position\":3,\"name\":\"Vilkolakiukas Dolfas. Pilnatis\"}]},{\"@type\":\"WebSite\",\"@id\":\"https:\/\/skaitytaknyga.lt\/#website\",\"url\":\"https:\/\/skaitytaknyga.lt\/\",\"name\":\"skaitytaknyga.lt\",\"description\":\"Skaitytaknyga.lt \u2013 tai ma\u017eas \u0161eimos verslas, kuris prasid\u0117jo nuo meil\u0117s knygoms ir siekio i\u0161gelb\u0117ti knygas nuo likimo prie konteinerio. Kas vienam nereikalingas daiktas \u2013 kitam lobis, o mes esame tarpininkai, kurie padeda abiems tapti laimingesniems ???? \u017dinome kaip nelengva i\u0161gyventi ma\u017eiems verslams, tad nuo \u0161iol, \u010dia rasite ir kit\u0173, ma\u017e\u0173 \u0161eim\u0173 versl\u0173, rank\u0173 darbo, dovan\u0173 sau ir artimiesiems.\",\"publisher\":{\"@id\":\"https:\/\/skaitytaknyga.lt\/#organization\"},\"potentialAction\":[{\"@type\":\"SearchAction\",\"target\":{\"@type\":\"EntryPoint\",\"urlTemplate\":\"https:\/\/skaitytaknyga.lt\/?s={search_term_string}\"},\"query-input\":{\"@type\":\"PropertyValueSpecification\",\"valueRequired\":true,\"valueName\":\"search_term_string\"}}],\"inLanguage\":\"en-GB\"},{\"@type\":\"Organization\",\"@id\":\"https:\/\/skaitytaknyga.lt\/#organization\",\"name\":\"skaitytaknyga.lt\",\"url\":\"https:\/\/skaitytaknyga.lt\/\",\"logo\":{\"@type\":\"ImageObject\",\"inLanguage\":\"en-GB\",\"@id\":\"https:\/\/skaitytaknyga.lt\/#\/schema\/logo\/image\/\",\"url\":\"https:\/\/skaitytaknyga.lt\/wp-content\/uploads\/2024\/05\/cropped-cropped-cropped-02_00843_jt3bggkj1j3HLc7SyY6rEUpg.jpeg\",\"contentUrl\":\"https:\/\/skaitytaknyga.lt\/wp-content\/uploads\/2024\/05\/cropped-cropped-cropped-02_00843_jt3bggkj1j3HLc7SyY6rEUpg.jpeg\",\"width\":1600,\"height\":1600,\"caption\":\"skaitytaknyga.lt\"},\"image\":{\"@id\":\"https:\/\/skaitytaknyga.lt\/#\/schema\/logo\/image\/\"},\"sameAs\":[\"https:\/\/www.facebook.com\/skaitytaknyga\/\"]}]}<\/script>\n<!-- \/ Yoast SEO plugin. -->","yoast_head_json":{"title":"Vilkolakiukas Dolfas. Pilnatis - Skaitytaknyga","description":"Vilkolakiuko Dolfo nuotykiai t\u0119siasi! Kaip nusl\u0117pti savo balt\u0105 kail\u012f nuo bendraklasi\u0173, kai i\u0161kyloje mi\u0161ke kartu dalyvauja ir med\u017eiotojas? Kaip nenubaidyti patinkan\u010dios mergait\u0117s, nenutuokian\u010dios apie tavo uodeg\u0105? Ir kas tas paslaptingas jaunuolis, vis stebintis pro lang\u0105? Nemalonumai pad\u0117s Dolfui suprasti, koks tvirtas ry\u0161ys gali sieti \u017emones, gyvenan\u010dius vienoje \u0161eimoje. Net jeigu jie ir neturi tikr\u0173 nasr\u0173. Antroji Nyderland\u0173 istorij\u0173 meistro Paulo van Loono (g. 1955) serijos apie vilkolakiuk\u0105 knyga. Klas\u0117s i\u0161vykoje Dolfas patiria kur kas daugiau nuotyki\u0173, nei tik\u0117josi. Juk stovyklaujant prie lau\u017eo i\u0161saugoti paslaptis nelengva. Ypa\u010d, kai \u0161alia s\u0117di patinkanti mergait\u0117. \u012esimintini berniuko vilkolakiuko nuotykiai ir \u0161maik\u0161\u010dios iliustracijos su\u017eav\u0117s ne vien\u0105 jaun\u0105j\u012f skaitytoj\u0105.","robots":{"index":"index","follow":"follow","max-snippet":"max-snippet:-1","max-image-preview":"max-image-preview:large","max-video-preview":"max-video-preview:-1"},"canonical":"https:\/\/skaitytaknyga.lt\/en\/produktas\/vilkolakiukas-dolfas-pilnatis\/","og_locale":"en_GB","og_type":"article","og_title":"Vilkolakiukas Dolfas. Pilnatis - Skaitytaknyga","og_description":"Vilkolakiuko Dolfo nuotykiai t\u0119siasi! Kaip nusl\u0117pti savo balt\u0105 kail\u012f nuo bendraklasi\u0173, kai i\u0161kyloje mi\u0161ke kartu dalyvauja ir med\u017eiotojas? Kaip nenubaidyti patinkan\u010dios mergait\u0117s, nenutuokian\u010dios apie tavo uodeg\u0105? Ir kas tas paslaptingas jaunuolis, vis stebintis pro lang\u0105? Nemalonumai pad\u0117s Dolfui suprasti, koks tvirtas ry\u0161ys gali sieti \u017emones, gyvenan\u010dius vienoje \u0161eimoje. Net jeigu jie ir neturi tikr\u0173 nasr\u0173. Antroji Nyderland\u0173 istorij\u0173 meistro Paulo van Loono (g. 1955) serijos apie vilkolakiuk\u0105 knyga. Klas\u0117s i\u0161vykoje Dolfas patiria kur kas daugiau nuotyki\u0173, nei tik\u0117josi. Juk stovyklaujant prie lau\u017eo i\u0161saugoti paslaptis nelengva. Ypa\u010d, kai \u0161alia s\u0117di patinkanti mergait\u0117. \u012esimintini berniuko vilkolakiuko nuotykiai ir \u0161maik\u0161\u010dios iliustracijos su\u017eav\u0117s ne vien\u0105 jaun\u0105j\u012f skaitytoj\u0105.","og_url":"https:\/\/skaitytaknyga.lt\/en\/produktas\/vilkolakiukas-dolfas-pilnatis\/","og_site_name":"Skaitytaknyga","article_publisher":"https:\/\/www.facebook.com\/skaitytaknyga\/","article_modified_time":"2024-05-03T07:29:44+00:00","og_image":[{"width":285,"height":399,"url":"https:\/\/skaitytaknyga.lt\/wp-content\/uploads\/2024\/05\/000000000002161616-59de83d9d68c9-asset-knyguklubas-cdb_9786094412905_vilkolakiukas_dolfas_pilnatis_p1.jpg","type":"image\/jpeg"}],"twitter_card":"summary_large_image","twitter_misc":{"Estimated reading time":"1 minute"},"schema":{"@context":"https:\/\/schema.org","@graph":[{"@type":"WebPage","@id":"https:\/\/skaitytaknyga.lt\/produktas\/vilkolakiukas-dolfas-pilnatis\/","url":"https:\/\/skaitytaknyga.lt\/produktas\/vilkolakiukas-dolfas-pilnatis\/","name":"Vilkolakiukas Dolfas. Pilnatis - Skaitytaknyga","isPartOf":{"@id":"https:\/\/skaitytaknyga.lt\/#website"},"primaryImageOfPage":{"@id":"https:\/\/skaitytaknyga.lt\/produktas\/vilkolakiukas-dolfas-pilnatis\/#primaryimage"},"image":{"@id":"https:\/\/skaitytaknyga.lt\/produktas\/vilkolakiukas-dolfas-pilnatis\/#primaryimage"},"thumbnailUrl":"https:\/\/skaitytaknyga.lt\/wp-content\/uploads\/2024\/05\/000000000002161616-59de83d9d68c9-asset-knyguklubas-cdb_9786094412905_vilkolakiukas_dolfas_pilnatis_p1.jpg","datePublished":"2024-05-02T13:16:50+00:00","dateModified":"2024-05-03T07:29:44+00:00","description":"Vilkolakiuko Dolfo nuotykiai t\u0119siasi! Kaip nusl\u0117pti savo balt\u0105 kail\u012f nuo bendraklasi\u0173, kai i\u0161kyloje mi\u0161ke kartu dalyvauja ir med\u017eiotojas? Kaip nenubaidyti patinkan\u010dios mergait\u0117s, nenutuokian\u010dios apie tavo uodeg\u0105? Ir kas tas paslaptingas jaunuolis, vis stebintis pro lang\u0105? Nemalonumai pad\u0117s Dolfui suprasti, koks tvirtas ry\u0161ys gali sieti \u017emones, gyvenan\u010dius vienoje \u0161eimoje. Net jeigu jie ir neturi tikr\u0173 nasr\u0173. Antroji Nyderland\u0173 istorij\u0173 meistro Paulo van Loono (g. 1955) serijos apie vilkolakiuk\u0105 knyga. Klas\u0117s i\u0161vykoje Dolfas patiria kur kas daugiau nuotyki\u0173, nei tik\u0117josi. Juk stovyklaujant prie lau\u017eo i\u0161saugoti paslaptis nelengva. Ypa\u010d, kai \u0161alia s\u0117di patinkanti mergait\u0117. \u012esimintini berniuko vilkolakiuko nuotykiai ir \u0161maik\u0161\u010dios iliustracijos su\u017eav\u0117s ne vien\u0105 jaun\u0105j\u012f skaitytoj\u0105.","breadcrumb":{"@id":"https:\/\/skaitytaknyga.lt\/produktas\/vilkolakiukas-dolfas-pilnatis\/#breadcrumb"},"inLanguage":"en-GB","potentialAction":[{"@type":"ReadAction","target":["https:\/\/skaitytaknyga.lt\/produktas\/vilkolakiukas-dolfas-pilnatis\/"]}]},{"@type":"ImageObject","inLanguage":"en-GB","@id":"https:\/\/skaitytaknyga.lt\/produktas\/vilkolakiukas-dolfas-pilnatis\/#primaryimage","url":"https:\/\/skaitytaknyga.lt\/wp-content\/uploads\/2024\/05\/000000000002161616-59de83d9d68c9-asset-knyguklubas-cdb_9786094412905_vilkolakiukas_dolfas_pilnatis_p1.jpg","contentUrl":"https:\/\/skaitytaknyga.lt\/wp-content\/uploads\/2024\/05\/000000000002161616-59de83d9d68c9-asset-knyguklubas-cdb_9786094412905_vilkolakiukas_dolfas_pilnatis_p1.jpg","width":285,"height":399},{"@type":"BreadcrumbList","@id":"https:\/\/skaitytaknyga.lt\/produktas\/vilkolakiukas-dolfas-pilnatis\/#breadcrumb","itemListElement":[{"@type":"ListItem","position":1,"name":"Home","item":"https:\/\/skaitytaknyga.lt\/"},{"@type":"ListItem","position":2,"name":"Parduotuv\u0117","item":"https:\/\/skaitytaknyga.lt\/knygu-parduotuve\/"},{"@type":"ListItem","position":3,"name":"Vilkolakiukas Dolfas. Pilnatis"}]},{"@type":"WebSite","@id":"https:\/\/skaitytaknyga.lt\/#website","url":"https:\/\/skaitytaknyga.lt\/","name":"skaitytaknyga.lt","description":"Skaitytaknyga.lt \u2013 tai ma\u017eas \u0161eimos verslas, kuris prasid\u0117jo nuo meil\u0117s knygoms ir siekio i\u0161gelb\u0117ti knygas nuo likimo prie konteinerio. Kas vienam nereikalingas daiktas \u2013 kitam lobis, o mes esame tarpininkai, kurie padeda abiems tapti laimingesniems ???? \u017dinome kaip nelengva i\u0161gyventi ma\u017eiems verslams, tad nuo \u0161iol, \u010dia rasite ir kit\u0173, ma\u017e\u0173 \u0161eim\u0173 versl\u0173, rank\u0173 darbo, dovan\u0173 sau ir artimiesiems.","publisher":{"@id":"https:\/\/skaitytaknyga.lt\/#organization"},"potentialAction":[{"@type":"SearchAction","target":{"@type":"EntryPoint","urlTemplate":"https:\/\/skaitytaknyga.lt\/?s={search_term_string}"},"query-input":{"@type":"PropertyValueSpecification","valueRequired":true,"valueName":"search_term_string"}}],"inLanguage":"en-GB"},{"@type":"Organization","@id":"https:\/\/skaitytaknyga.lt\/#organization","name":"skaitytaknyga.lt","url":"https:\/\/skaitytaknyga.lt\/","logo":{"@type":"ImageObject","inLanguage":"en-GB","@id":"https:\/\/skaitytaknyga.lt\/#\/schema\/logo\/image\/","url":"https:\/\/skaitytaknyga.lt\/wp-content\/uploads\/2024\/05\/cropped-cropped-cropped-02_00843_jt3bggkj1j3HLc7SyY6rEUpg.jpeg","contentUrl":"https:\/\/skaitytaknyga.lt\/wp-content\/uploads\/2024\/05\/cropped-cropped-cropped-02_00843_jt3bggkj1j3HLc7SyY6rEUpg.jpeg","width":1600,"height":1600,"caption":"skaitytaknyga.lt"},"image":{"@id":"https:\/\/skaitytaknyga.lt\/#\/schema\/logo\/image\/"},"sameAs":["https:\/\/www.facebook.com\/skaitytaknyga\/"]}]}},"_links":{"self":[{"href":"https:\/\/skaitytaknyga.lt\/en\/wp-json\/wp\/v2\/product\/6369","targetHints":{"allow":["GET"]}}],"collection":[{"href":"https:\/\/skaitytaknyga.lt\/en\/wp-json\/wp\/v2\/product"}],"about":[{"href":"https:\/\/skaitytaknyga.lt\/en\/wp-json\/wp\/v2\/types\/product"}],"replies":[{"embeddable":true,"href":"https:\/\/skaitytaknyga.lt\/en\/wp-json\/wp\/v2\/comments?post=6369"}],"wp:featuredmedia":[{"embeddable":true,"href":"https:\/\/skaitytaknyga.lt\/en\/wp-json\/wp\/v2\/media\/6381"}],"wp:attachment":[{"href":"https:\/\/skaitytaknyga.lt\/en\/wp-json\/wp\/v2\/media?parent=6369"}],"wp:term":[{"taxonomy":"product_brand","embeddable":true,"href":"https:\/\/skaitytaknyga.lt\/en\/wp-json\/wp\/v2\/product_brand?post=6369"},{"taxonomy":"product_cat","embeddable":true,"href":"https:\/\/skaitytaknyga.lt\/en\/wp-json\/wp\/v2\/product_cat?post=6369"},{"taxonomy":"product_tag","embeddable":true,"href":"https:\/\/skaitytaknyga.lt\/en\/wp-json\/wp\/v2\/product_tag?post=6369"}],"curies":[{"name":"wp","href":"https:\/\/api.w.org\/{rel}","templated":true}]}}