{"id":6368,"date":"2024-05-02T13:16:50","date_gmt":"2024-05-02T13:16:50","guid":{"rendered":"https:\/\/skaitytaknyga.lt\/?post_type=product&#038;p=6368"},"modified":"2025-06-26T16:10:08","modified_gmt":"2025-06-26T13:10:08","slug":"homo-deus-glausta-rytojaus-istorija","status":"publish","type":"product","link":"https:\/\/skaitytaknyga.lt\/en\/produktas\/homo-deus-glausta-rytojaus-istorija\/","title":{"rendered":"HOMO DEUS: glausta rytojaus istorija"},"content":{"rendered":"<div>\u201eHomo deus\u201c \u0161okiruos. Skaityti bus smagu. Bet svarbiausia \u2013 knyga pakvies m\u0105styti taip, kaip dar nem\u0105st\u0117te.<\/div>\n<div>Daniel Kahneman, psichologas, ra\u0161ytojas, Nobelio ekonomikos premijos laureatas<\/div>\n<div>***<\/div>\n<div>\u00a0\u201eSapiens\u201c parod\u0117 mums, i\u0161 kur at\u0117jome, \u201eHomo deus\u201c rodo, kur einame.<\/div>\n<div>Yuvalis Noah Harari vaizduoja netolimos ateities pasaul\u012f, kuriame susidursime su dar nepatirtais i\u0161bandymais. Jis nagrin\u0117ja XXI am\u017ei\u0173 formuosian\u010dius projektus, galimybes, svajones ir ko\u0161marus, pradedant kova su mirtimi ir baigiant dirbtine gyvybe. Kas pakeis tikras \u017emonijos ryk\u0161tes \u2013 bad\u0105 ir mar\u0105, kuriuos jau beveik \u012fveik\u0117me, ir did\u017eiuosius karus, i\u0161 kuri\u0173, tik\u0117kim\u0117s, pasimok\u0117me. Kok\u012f likim\u0105 dabar nulemsime patys sau \u2013 kaip dievai, kuriais tampame?<\/div>\n<div><\/div>\n<div>Karai tapo atgyvena: \u0161i\u0173 laik\u0173 \u017emogui didesn\u0117 tikimyb\u0117 nusi\u017eudyti, nei \u017e\u016bti per ginkluot\u0105 konflikt\u0105.<\/div>\n<div>Badme\u010diai traukiasi: da\u017enam nutukimas virsta daug didesne gr\u0117sme u\u017e bad\u0105.<\/div>\n<div>Mirtis t\u0117ra technin\u0117 kli\u016btis: nemirtingumas pasiekiamas, ta\u010diau jis \u2013 tikrai ne visiems.<\/div>\n<div>Kas m\u016bs\u0173 laukia ateityje? Nauja evoliucijos pakopa \u2013 HOMO DEUS.<\/div>\n<div><\/div>\n","protected":false},"excerpt":{"rendered":"<div>\u201eHomo deus\u201c \u0161okiruos. Skaityti bus smagu. Bet svarbiausia \u2013 knyga pakvies m\u0105styti taip, kaip dar nem\u0105st\u0117te.<\/div>\n<div>Daniel Kahneman, psichologas, ra\u0161ytojas, Nobelio ekonomikos premijos laureatas<\/div>\n<div>***<\/div>\n<div>\u00a0\u201eSapiens\u201c parod\u0117 mums, i\u0161 kur at\u0117jome, \u201eHomo deus\u201c rodo, kur einame.<\/div>\n<div>Yuvalis Noah Harari vaizduoja netolimos ateities pasaul\u012f, kuriame susidursime su dar nepatirtais i\u0161bandymais. Jis nagrin\u0117ja XXI am\u017ei\u0173 formuosian\u010dius projektus, galimybes, svajones ir ko\u0161marus, pradedant kova su mirtimi ir baigiant dirbtine gyvybe. Kas pakeis tikras \u017emonijos ryk\u0161tes \u2013 bad\u0105 ir mar\u0105, kuriuos jau beveik \u012fveik\u0117me, ir did\u017eiuosius karus, i\u0161 kuri\u0173, tik\u0117kim\u0117s, pasimok\u0117me. Kok\u012f likim\u0105 dabar nulemsime patys sau \u2013 kaip dievai, kuriais tampame?<\/div>\n<div><\/div>\n<div>Karai tapo atgyvena: \u0161i\u0173 laik\u0173 \u017emogui didesn\u0117 tikimyb\u0117 nusi\u017eudyti, nei \u017e\u016bti per ginkluot\u0105 konflikt\u0105.<\/div>\n<div>Badme\u010diai traukiasi: da\u017enam nutukimas virsta daug didesne gr\u0117sme u\u017e bad\u0105.<\/div>\n<div>Mirtis t\u0117ra technin\u0117 kli\u016btis: nemirtingumas pasiekiamas, ta\u010diau jis \u2013 tikrai ne visiems.<\/div>\n<div>Kas m\u016bs\u0173 laukia ateityje? Nauja evoliucijos pakopa \u2013 HOMO DEUS.<\/div>\n<div><\/div>\n","protected":false},"featured_media":6380,"comment_status":"closed","ping_status":"closed","template":"","meta":{"_acf_changed":false,"site-sidebar-layout":"default","site-content-layout":"","ast-site-content-layout":"default","site-content-style":"default","site-sidebar-style":"default","ast-global-header-display":"","ast-banner-title-visibility":"","ast-main-header-display":"","ast-hfb-above-header-display":"","ast-hfb-below-header-display":"","ast-hfb-mobile-header-display":"","site-post-title":"","ast-breadcrumbs-content":"","ast-featured-img":"","footer-sml-layout":"","ast-disable-related-posts":"","theme-transparent-header-meta":"","adv-header-id-meta":"","stick-header-meta":"","header-above-stick-meta":"","header-main-stick-meta":"","header-below-stick-meta":"","astra-migrate-meta-layouts":"default","ast-page-background-enabled":"default","ast-page-background-meta":{"desktop":{"background-color":"","background-image":"","background-repeat":"repeat","background-position":"center center","background-size":"auto","background-attachment":"scroll","background-type":"","background-media":"","overlay-type":"","overlay-color":"","overlay-opacity":"","overlay-gradient":""},"tablet":{"background-color":"","background-image":"","background-repeat":"repeat","background-position":"center center","background-size":"auto","background-attachment":"scroll","background-type":"","background-media":"","overlay-type":"","overlay-color":"","overlay-opacity":"","overlay-gradient":""},"mobile":{"background-color":"","background-image":"","background-repeat":"repeat","background-position":"center center","background-size":"auto","background-attachment":"scroll","background-type":"","background-media":"","overlay-type":"","overlay-color":"","overlay-opacity":"","overlay-gradient":""}},"ast-content-background-meta":{"desktop":{"background-color":"var(--ast-global-color-4)","background-image":"","background-repeat":"repeat","background-position":"center center","background-size":"auto","background-attachment":"scroll","background-type":"","background-media":"","overlay-type":"","overlay-color":"","overlay-opacity":"","overlay-gradient":""},"tablet":{"background-color":"var(--ast-global-color-4)","background-image":"","background-repeat":"repeat","background-position":"center center","background-size":"auto","background-attachment":"scroll","background-type":"","background-media":"","overlay-type":"","overlay-color":"","overlay-opacity":"","overlay-gradient":""},"mobile":{"background-color":"var(--ast-global-color-4)","background-image":"","background-repeat":"repeat","background-position":"center center","background-size":"auto","background-attachment":"scroll","background-type":"","background-media":"","overlay-type":"","overlay-color":"","overlay-opacity":"","overlay-gradient":""}}},"product_brand":[],"product_cat":[30],"product_tag":[4894,5652,3204,3598,5995,4611],"class_list":{"0":"post-6368","1":"product","2":"type-product","3":"status-publish","4":"has-post-thumbnail","6":"product_cat-psichologija-ir-saviugda","7":"product_tag-ateitis","8":"product_tag-evoliucija","9":"product_tag-mirtis","10":"product_tag-technologijos","11":"product_tag-yuval-noah-harari","12":"product_tag-zmogus","13":"desktop-align-left","14":"tablet-align-left","15":"mobile-align-left","17":"first","18":"instock","19":"shipping-taxable","20":"purchasable","21":"product-type-simple"},"acf":[],"yoast_head":"<!-- This site is optimized with the Yoast SEO plugin v27.0 - https:\/\/yoast.com\/product\/yoast-seo-wordpress\/ -->\n<title>HOMO DEUS: glausta rytojaus istorija - Skaitytaknyga<\/title>\n<meta name=\"description\" content=\"\u201eHomo deus\u201c \u0161okiruos. Skaityti bus smagu. Bet svarbiausia \u2013 knyga pakvies m\u0105styti taip, kaip dar nem\u0105st\u0117te. Daniel Kahneman, psichologas, ra\u0161ytojas, Nobelio ekonomikos premijos laureatas *** \u00a0\u201eSapiens\u201c parod\u0117 mums, i\u0161 kur at\u0117jome, \u201eHomo deus\u201c rodo, kur einame. Yuvalis Noah Harari vaizduoja netolimos ateities pasaul\u012f, kuriame susidursime su dar nepatirtais i\u0161bandymais. Jis nagrin\u0117ja XXI am\u017ei\u0173 formuosian\u010dius projektus, galimybes, svajones ir ko\u0161marus, pradedant kova su mirtimi ir baigiant dirbtine gyvybe. Kas pakeis tikras \u017emonijos ryk\u0161tes \u2013 bad\u0105 ir mar\u0105, kuriuos jau beveik \u012fveik\u0117me, ir did\u017eiuosius karus, i\u0161 kuri\u0173, tik\u0117kim\u0117s, pasimok\u0117me. Kok\u012f likim\u0105 dabar nulemsime patys sau \u2013 kaip dievai, kuriais tampame?  Karai tapo atgyvena: \u0161i\u0173 laik\u0173 \u017emogui didesn\u0117 tikimyb\u0117 nusi\u017eudyti, nei \u017e\u016bti per ginkluot\u0105 konflikt\u0105. Badme\u010diai traukiasi: da\u017enam nutukimas virsta daug didesne gr\u0117sme u\u017e bad\u0105. Mirtis t\u0117ra technin\u0117 kli\u016btis: nemirtingumas pasiekiamas, ta\u010diau jis \u2013 tikrai ne visiems. Kas m\u016bs\u0173 laukia ateityje? Nauja evoliucijos pakopa \u2013 HOMO DEUS.\" \/>\n<meta name=\"robots\" content=\"index, follow, max-snippet:-1, max-image-preview:large, max-video-preview:-1\" \/>\n<link rel=\"canonical\" href=\"https:\/\/skaitytaknyga.lt\/en\/produktas\/homo-deus-glausta-rytojaus-istorija\/\" \/>\n<meta property=\"og:locale\" content=\"en_GB\" \/>\n<meta property=\"og:locale:alternate\" content=\"lt_LT\" \/>\n<meta property=\"og:type\" content=\"article\" \/>\n<meta property=\"og:title\" content=\"HOMO DEUS: glausta rytojaus istorija - Skaitytaknyga\" \/>\n<meta property=\"og:description\" content=\"\u201eHomo deus\u201c \u0161okiruos. Skaityti bus smagu. Bet svarbiausia \u2013 knyga pakvies m\u0105styti taip, kaip dar nem\u0105st\u0117te. Daniel Kahneman, psichologas, ra\u0161ytojas, Nobelio ekonomikos premijos laureatas *** \u00a0\u201eSapiens\u201c parod\u0117 mums, i\u0161 kur at\u0117jome, \u201eHomo deus\u201c rodo, kur einame. Yuvalis Noah Harari vaizduoja netolimos ateities pasaul\u012f, kuriame susidursime su dar nepatirtais i\u0161bandymais. Jis nagrin\u0117ja XXI am\u017ei\u0173 formuosian\u010dius projektus, galimybes, svajones ir ko\u0161marus, pradedant kova su mirtimi ir baigiant dirbtine gyvybe. Kas pakeis tikras \u017emonijos ryk\u0161tes \u2013 bad\u0105 ir mar\u0105, kuriuos jau beveik \u012fveik\u0117me, ir did\u017eiuosius karus, i\u0161 kuri\u0173, tik\u0117kim\u0117s, pasimok\u0117me. Kok\u012f likim\u0105 dabar nulemsime patys sau \u2013 kaip dievai, kuriais tampame?  Karai tapo atgyvena: \u0161i\u0173 laik\u0173 \u017emogui didesn\u0117 tikimyb\u0117 nusi\u017eudyti, nei \u017e\u016bti per ginkluot\u0105 konflikt\u0105. Badme\u010diai traukiasi: da\u017enam nutukimas virsta daug didesne gr\u0117sme u\u017e bad\u0105. Mirtis t\u0117ra technin\u0117 kli\u016btis: nemirtingumas pasiekiamas, ta\u010diau jis \u2013 tikrai ne visiems. Kas m\u016bs\u0173 laukia ateityje? Nauja evoliucijos pakopa \u2013 HOMO DEUS.\" \/>\n<meta property=\"og:url\" content=\"https:\/\/skaitytaknyga.lt\/en\/produktas\/homo-deus-glausta-rytojaus-istorija\/\" \/>\n<meta property=\"og:site_name\" content=\"Skaitytaknyga\" \/>\n<meta property=\"article:publisher\" content=\"https:\/\/www.facebook.com\/skaitytaknyga\/\" \/>\n<meta property=\"article:modified_time\" content=\"2025-06-26T13:10:08+00:00\" \/>\n<meta property=\"og:image\" content=\"https:\/\/skaitytaknyga.lt\/wp-content\/uploads\/2024\/05\/1516799865_homodeus_internetui.jpg\" \/>\n\t<meta property=\"og:image:width\" content=\"280\" \/>\n\t<meta property=\"og:image:height\" content=\"430\" \/>\n\t<meta property=\"og:image:type\" content=\"image\/jpeg\" \/>\n<meta name=\"twitter:card\" content=\"summary_large_image\" \/>\n<meta name=\"twitter:label1\" content=\"Estimated reading time\" \/>\n\t<meta name=\"twitter:data1\" content=\"1 minute\" \/>\n<script type=\"application\/ld+json\" class=\"yoast-schema-graph\">{\"@context\":\"https:\/\/schema.org\",\"@graph\":[{\"@type\":\"WebPage\",\"@id\":\"https:\/\/skaitytaknyga.lt\/produktas\/homo-deus-glausta-rytojaus-istorija\/\",\"url\":\"https:\/\/skaitytaknyga.lt\/produktas\/homo-deus-glausta-rytojaus-istorija\/\",\"name\":\"HOMO DEUS: glausta rytojaus istorija - Skaitytaknyga\",\"isPartOf\":{\"@id\":\"https:\/\/skaitytaknyga.lt\/#website\"},\"primaryImageOfPage\":{\"@id\":\"https:\/\/skaitytaknyga.lt\/produktas\/homo-deus-glausta-rytojaus-istorija\/#primaryimage\"},\"image\":{\"@id\":\"https:\/\/skaitytaknyga.lt\/produktas\/homo-deus-glausta-rytojaus-istorija\/#primaryimage\"},\"thumbnailUrl\":\"https:\/\/skaitytaknyga.lt\/wp-content\/uploads\/2024\/05\/1516799865_homodeus_internetui.jpg\",\"datePublished\":\"2024-05-02T13:16:50+00:00\",\"dateModified\":\"2025-06-26T13:10:08+00:00\",\"description\":\"\u201eHomo deus\u201c \u0161okiruos. Skaityti bus smagu. Bet svarbiausia \u2013 knyga pakvies m\u0105styti taip, kaip dar nem\u0105st\u0117te. Daniel Kahneman, psichologas, ra\u0161ytojas, Nobelio ekonomikos premijos laureatas *** \u00a0\u201eSapiens\u201c parod\u0117 mums, i\u0161 kur at\u0117jome, \u201eHomo deus\u201c rodo, kur einame. Yuvalis Noah Harari vaizduoja netolimos ateities pasaul\u012f, kuriame susidursime su dar nepatirtais i\u0161bandymais. Jis nagrin\u0117ja XXI am\u017ei\u0173 formuosian\u010dius projektus, galimybes, svajones ir ko\u0161marus, pradedant kova su mirtimi ir baigiant dirbtine gyvybe. Kas pakeis tikras \u017emonijos ryk\u0161tes \u2013 bad\u0105 ir mar\u0105, kuriuos jau beveik \u012fveik\u0117me, ir did\u017eiuosius karus, i\u0161 kuri\u0173, tik\u0117kim\u0117s, pasimok\u0117me. Kok\u012f likim\u0105 dabar nulemsime patys sau \u2013 kaip dievai, kuriais tampame? Karai tapo atgyvena: \u0161i\u0173 laik\u0173 \u017emogui didesn\u0117 tikimyb\u0117 nusi\u017eudyti, nei \u017e\u016bti per ginkluot\u0105 konflikt\u0105. Badme\u010diai traukiasi: da\u017enam nutukimas virsta daug didesne gr\u0117sme u\u017e bad\u0105. Mirtis t\u0117ra technin\u0117 kli\u016btis: nemirtingumas pasiekiamas, ta\u010diau jis \u2013 tikrai ne visiems. Kas m\u016bs\u0173 laukia ateityje? Nauja evoliucijos pakopa \u2013 HOMO DEUS.\",\"breadcrumb\":{\"@id\":\"https:\/\/skaitytaknyga.lt\/produktas\/homo-deus-glausta-rytojaus-istorija\/#breadcrumb\"},\"inLanguage\":\"en-GB\",\"potentialAction\":[{\"@type\":\"ReadAction\",\"target\":[\"https:\/\/skaitytaknyga.lt\/produktas\/homo-deus-glausta-rytojaus-istorija\/\"]}]},{\"@type\":\"ImageObject\",\"inLanguage\":\"en-GB\",\"@id\":\"https:\/\/skaitytaknyga.lt\/produktas\/homo-deus-glausta-rytojaus-istorija\/#primaryimage\",\"url\":\"https:\/\/skaitytaknyga.lt\/wp-content\/uploads\/2024\/05\/1516799865_homodeus_internetui.jpg\",\"contentUrl\":\"https:\/\/skaitytaknyga.lt\/wp-content\/uploads\/2024\/05\/1516799865_homodeus_internetui.jpg\",\"width\":280,\"height\":430},{\"@type\":\"BreadcrumbList\",\"@id\":\"https:\/\/skaitytaknyga.lt\/produktas\/homo-deus-glausta-rytojaus-istorija\/#breadcrumb\",\"itemListElement\":[{\"@type\":\"ListItem\",\"position\":1,\"name\":\"Home\",\"item\":\"https:\/\/skaitytaknyga.lt\/\"},{\"@type\":\"ListItem\",\"position\":2,\"name\":\"Parduotuv\u0117\",\"item\":\"https:\/\/skaitytaknyga.lt\/knygu-parduotuve\/\"},{\"@type\":\"ListItem\",\"position\":3,\"name\":\"HOMO DEUS: glausta rytojaus istorija\"}]},{\"@type\":\"WebSite\",\"@id\":\"https:\/\/skaitytaknyga.lt\/#website\",\"url\":\"https:\/\/skaitytaknyga.lt\/\",\"name\":\"skaitytaknyga.lt\",\"description\":\"Skaitytaknyga.lt \u2013 tai ma\u017eas \u0161eimos verslas, kuris prasid\u0117jo nuo meil\u0117s knygoms ir siekio i\u0161gelb\u0117ti knygas nuo likimo prie konteinerio. Kas vienam nereikalingas daiktas \u2013 kitam lobis, o mes esame tarpininkai, kurie padeda abiems tapti laimingesniems ???? \u017dinome kaip nelengva i\u0161gyventi ma\u017eiems verslams, tad nuo \u0161iol, \u010dia rasite ir kit\u0173, ma\u017e\u0173 \u0161eim\u0173 versl\u0173, rank\u0173 darbo, dovan\u0173 sau ir artimiesiems.\",\"publisher\":{\"@id\":\"https:\/\/skaitytaknyga.lt\/#organization\"},\"potentialAction\":[{\"@type\":\"SearchAction\",\"target\":{\"@type\":\"EntryPoint\",\"urlTemplate\":\"https:\/\/skaitytaknyga.lt\/?s={search_term_string}\"},\"query-input\":{\"@type\":\"PropertyValueSpecification\",\"valueRequired\":true,\"valueName\":\"search_term_string\"}}],\"inLanguage\":\"en-GB\"},{\"@type\":\"Organization\",\"@id\":\"https:\/\/skaitytaknyga.lt\/#organization\",\"name\":\"skaitytaknyga.lt\",\"url\":\"https:\/\/skaitytaknyga.lt\/\",\"logo\":{\"@type\":\"ImageObject\",\"inLanguage\":\"en-GB\",\"@id\":\"https:\/\/skaitytaknyga.lt\/#\/schema\/logo\/image\/\",\"url\":\"https:\/\/skaitytaknyga.lt\/wp-content\/uploads\/2024\/05\/cropped-cropped-cropped-02_00843_jt3bggkj1j3HLc7SyY6rEUpg.jpeg\",\"contentUrl\":\"https:\/\/skaitytaknyga.lt\/wp-content\/uploads\/2024\/05\/cropped-cropped-cropped-02_00843_jt3bggkj1j3HLc7SyY6rEUpg.jpeg\",\"width\":1600,\"height\":1600,\"caption\":\"skaitytaknyga.lt\"},\"image\":{\"@id\":\"https:\/\/skaitytaknyga.lt\/#\/schema\/logo\/image\/\"},\"sameAs\":[\"https:\/\/www.facebook.com\/skaitytaknyga\/\"]}]}<\/script>\n<!-- \/ Yoast SEO plugin. -->","yoast_head_json":{"title":"HOMO DEUS: glausta rytojaus istorija - Skaitytaknyga","description":"\u201eHomo deus\u201c \u0161okiruos. Skaityti bus smagu. Bet svarbiausia \u2013 knyga pakvies m\u0105styti taip, kaip dar nem\u0105st\u0117te. Daniel Kahneman, psichologas, ra\u0161ytojas, Nobelio ekonomikos premijos laureatas *** \u00a0\u201eSapiens\u201c parod\u0117 mums, i\u0161 kur at\u0117jome, \u201eHomo deus\u201c rodo, kur einame. Yuvalis Noah Harari vaizduoja netolimos ateities pasaul\u012f, kuriame susidursime su dar nepatirtais i\u0161bandymais. Jis nagrin\u0117ja XXI am\u017ei\u0173 formuosian\u010dius projektus, galimybes, svajones ir ko\u0161marus, pradedant kova su mirtimi ir baigiant dirbtine gyvybe. Kas pakeis tikras \u017emonijos ryk\u0161tes \u2013 bad\u0105 ir mar\u0105, kuriuos jau beveik \u012fveik\u0117me, ir did\u017eiuosius karus, i\u0161 kuri\u0173, tik\u0117kim\u0117s, pasimok\u0117me. Kok\u012f likim\u0105 dabar nulemsime patys sau \u2013 kaip dievai, kuriais tampame?  Karai tapo atgyvena: \u0161i\u0173 laik\u0173 \u017emogui didesn\u0117 tikimyb\u0117 nusi\u017eudyti, nei \u017e\u016bti per ginkluot\u0105 konflikt\u0105. Badme\u010diai traukiasi: da\u017enam nutukimas virsta daug didesne gr\u0117sme u\u017e bad\u0105. Mirtis t\u0117ra technin\u0117 kli\u016btis: nemirtingumas pasiekiamas, ta\u010diau jis \u2013 tikrai ne visiems. Kas m\u016bs\u0173 laukia ateityje? Nauja evoliucijos pakopa \u2013 HOMO DEUS.","robots":{"index":"index","follow":"follow","max-snippet":"max-snippet:-1","max-image-preview":"max-image-preview:large","max-video-preview":"max-video-preview:-1"},"canonical":"https:\/\/skaitytaknyga.lt\/en\/produktas\/homo-deus-glausta-rytojaus-istorija\/","og_locale":"en_GB","og_type":"article","og_title":"HOMO DEUS: glausta rytojaus istorija - Skaitytaknyga","og_description":"\u201eHomo deus\u201c \u0161okiruos. Skaityti bus smagu. Bet svarbiausia \u2013 knyga pakvies m\u0105styti taip, kaip dar nem\u0105st\u0117te. Daniel Kahneman, psichologas, ra\u0161ytojas, Nobelio ekonomikos premijos laureatas *** \u00a0\u201eSapiens\u201c parod\u0117 mums, i\u0161 kur at\u0117jome, \u201eHomo deus\u201c rodo, kur einame. Yuvalis Noah Harari vaizduoja netolimos ateities pasaul\u012f, kuriame susidursime su dar nepatirtais i\u0161bandymais. Jis nagrin\u0117ja XXI am\u017ei\u0173 formuosian\u010dius projektus, galimybes, svajones ir ko\u0161marus, pradedant kova su mirtimi ir baigiant dirbtine gyvybe. Kas pakeis tikras \u017emonijos ryk\u0161tes \u2013 bad\u0105 ir mar\u0105, kuriuos jau beveik \u012fveik\u0117me, ir did\u017eiuosius karus, i\u0161 kuri\u0173, tik\u0117kim\u0117s, pasimok\u0117me. Kok\u012f likim\u0105 dabar nulemsime patys sau \u2013 kaip dievai, kuriais tampame?  Karai tapo atgyvena: \u0161i\u0173 laik\u0173 \u017emogui didesn\u0117 tikimyb\u0117 nusi\u017eudyti, nei \u017e\u016bti per ginkluot\u0105 konflikt\u0105. Badme\u010diai traukiasi: da\u017enam nutukimas virsta daug didesne gr\u0117sme u\u017e bad\u0105. Mirtis t\u0117ra technin\u0117 kli\u016btis: nemirtingumas pasiekiamas, ta\u010diau jis \u2013 tikrai ne visiems. Kas m\u016bs\u0173 laukia ateityje? Nauja evoliucijos pakopa \u2013 HOMO DEUS.","og_url":"https:\/\/skaitytaknyga.lt\/en\/produktas\/homo-deus-glausta-rytojaus-istorija\/","og_site_name":"Skaitytaknyga","article_publisher":"https:\/\/www.facebook.com\/skaitytaknyga\/","article_modified_time":"2025-06-26T13:10:08+00:00","og_image":[{"width":280,"height":430,"url":"https:\/\/skaitytaknyga.lt\/wp-content\/uploads\/2024\/05\/1516799865_homodeus_internetui.jpg","type":"image\/jpeg"}],"twitter_card":"summary_large_image","twitter_misc":{"Estimated reading time":"1 minute"},"schema":{"@context":"https:\/\/schema.org","@graph":[{"@type":"WebPage","@id":"https:\/\/skaitytaknyga.lt\/produktas\/homo-deus-glausta-rytojaus-istorija\/","url":"https:\/\/skaitytaknyga.lt\/produktas\/homo-deus-glausta-rytojaus-istorija\/","name":"HOMO DEUS: glausta rytojaus istorija - Skaitytaknyga","isPartOf":{"@id":"https:\/\/skaitytaknyga.lt\/#website"},"primaryImageOfPage":{"@id":"https:\/\/skaitytaknyga.lt\/produktas\/homo-deus-glausta-rytojaus-istorija\/#primaryimage"},"image":{"@id":"https:\/\/skaitytaknyga.lt\/produktas\/homo-deus-glausta-rytojaus-istorija\/#primaryimage"},"thumbnailUrl":"https:\/\/skaitytaknyga.lt\/wp-content\/uploads\/2024\/05\/1516799865_homodeus_internetui.jpg","datePublished":"2024-05-02T13:16:50+00:00","dateModified":"2025-06-26T13:10:08+00:00","description":"\u201eHomo deus\u201c \u0161okiruos. Skaityti bus smagu. Bet svarbiausia \u2013 knyga pakvies m\u0105styti taip, kaip dar nem\u0105st\u0117te. Daniel Kahneman, psichologas, ra\u0161ytojas, Nobelio ekonomikos premijos laureatas *** \u00a0\u201eSapiens\u201c parod\u0117 mums, i\u0161 kur at\u0117jome, \u201eHomo deus\u201c rodo, kur einame. Yuvalis Noah Harari vaizduoja netolimos ateities pasaul\u012f, kuriame susidursime su dar nepatirtais i\u0161bandymais. Jis nagrin\u0117ja XXI am\u017ei\u0173 formuosian\u010dius projektus, galimybes, svajones ir ko\u0161marus, pradedant kova su mirtimi ir baigiant dirbtine gyvybe. Kas pakeis tikras \u017emonijos ryk\u0161tes \u2013 bad\u0105 ir mar\u0105, kuriuos jau beveik \u012fveik\u0117me, ir did\u017eiuosius karus, i\u0161 kuri\u0173, tik\u0117kim\u0117s, pasimok\u0117me. Kok\u012f likim\u0105 dabar nulemsime patys sau \u2013 kaip dievai, kuriais tampame? Karai tapo atgyvena: \u0161i\u0173 laik\u0173 \u017emogui didesn\u0117 tikimyb\u0117 nusi\u017eudyti, nei \u017e\u016bti per ginkluot\u0105 konflikt\u0105. Badme\u010diai traukiasi: da\u017enam nutukimas virsta daug didesne gr\u0117sme u\u017e bad\u0105. Mirtis t\u0117ra technin\u0117 kli\u016btis: nemirtingumas pasiekiamas, ta\u010diau jis \u2013 tikrai ne visiems. Kas m\u016bs\u0173 laukia ateityje? Nauja evoliucijos pakopa \u2013 HOMO DEUS.","breadcrumb":{"@id":"https:\/\/skaitytaknyga.lt\/produktas\/homo-deus-glausta-rytojaus-istorija\/#breadcrumb"},"inLanguage":"en-GB","potentialAction":[{"@type":"ReadAction","target":["https:\/\/skaitytaknyga.lt\/produktas\/homo-deus-glausta-rytojaus-istorija\/"]}]},{"@type":"ImageObject","inLanguage":"en-GB","@id":"https:\/\/skaitytaknyga.lt\/produktas\/homo-deus-glausta-rytojaus-istorija\/#primaryimage","url":"https:\/\/skaitytaknyga.lt\/wp-content\/uploads\/2024\/05\/1516799865_homodeus_internetui.jpg","contentUrl":"https:\/\/skaitytaknyga.lt\/wp-content\/uploads\/2024\/05\/1516799865_homodeus_internetui.jpg","width":280,"height":430},{"@type":"BreadcrumbList","@id":"https:\/\/skaitytaknyga.lt\/produktas\/homo-deus-glausta-rytojaus-istorija\/#breadcrumb","itemListElement":[{"@type":"ListItem","position":1,"name":"Home","item":"https:\/\/skaitytaknyga.lt\/"},{"@type":"ListItem","position":2,"name":"Parduotuv\u0117","item":"https:\/\/skaitytaknyga.lt\/knygu-parduotuve\/"},{"@type":"ListItem","position":3,"name":"HOMO DEUS: glausta rytojaus istorija"}]},{"@type":"WebSite","@id":"https:\/\/skaitytaknyga.lt\/#website","url":"https:\/\/skaitytaknyga.lt\/","name":"skaitytaknyga.lt","description":"Skaitytaknyga.lt \u2013 tai ma\u017eas \u0161eimos verslas, kuris prasid\u0117jo nuo meil\u0117s knygoms ir siekio i\u0161gelb\u0117ti knygas nuo likimo prie konteinerio. Kas vienam nereikalingas daiktas \u2013 kitam lobis, o mes esame tarpininkai, kurie padeda abiems tapti laimingesniems ???? \u017dinome kaip nelengva i\u0161gyventi ma\u017eiems verslams, tad nuo \u0161iol, \u010dia rasite ir kit\u0173, ma\u017e\u0173 \u0161eim\u0173 versl\u0173, rank\u0173 darbo, dovan\u0173 sau ir artimiesiems.","publisher":{"@id":"https:\/\/skaitytaknyga.lt\/#organization"},"potentialAction":[{"@type":"SearchAction","target":{"@type":"EntryPoint","urlTemplate":"https:\/\/skaitytaknyga.lt\/?s={search_term_string}"},"query-input":{"@type":"PropertyValueSpecification","valueRequired":true,"valueName":"search_term_string"}}],"inLanguage":"en-GB"},{"@type":"Organization","@id":"https:\/\/skaitytaknyga.lt\/#organization","name":"skaitytaknyga.lt","url":"https:\/\/skaitytaknyga.lt\/","logo":{"@type":"ImageObject","inLanguage":"en-GB","@id":"https:\/\/skaitytaknyga.lt\/#\/schema\/logo\/image\/","url":"https:\/\/skaitytaknyga.lt\/wp-content\/uploads\/2024\/05\/cropped-cropped-cropped-02_00843_jt3bggkj1j3HLc7SyY6rEUpg.jpeg","contentUrl":"https:\/\/skaitytaknyga.lt\/wp-content\/uploads\/2024\/05\/cropped-cropped-cropped-02_00843_jt3bggkj1j3HLc7SyY6rEUpg.jpeg","width":1600,"height":1600,"caption":"skaitytaknyga.lt"},"image":{"@id":"https:\/\/skaitytaknyga.lt\/#\/schema\/logo\/image\/"},"sameAs":["https:\/\/www.facebook.com\/skaitytaknyga\/"]}]}},"_links":{"self":[{"href":"https:\/\/skaitytaknyga.lt\/en\/wp-json\/wp\/v2\/product\/6368","targetHints":{"allow":["GET"]}}],"collection":[{"href":"https:\/\/skaitytaknyga.lt\/en\/wp-json\/wp\/v2\/product"}],"about":[{"href":"https:\/\/skaitytaknyga.lt\/en\/wp-json\/wp\/v2\/types\/product"}],"replies":[{"embeddable":true,"href":"https:\/\/skaitytaknyga.lt\/en\/wp-json\/wp\/v2\/comments?post=6368"}],"wp:featuredmedia":[{"embeddable":true,"href":"https:\/\/skaitytaknyga.lt\/en\/wp-json\/wp\/v2\/media\/6380"}],"wp:attachment":[{"href":"https:\/\/skaitytaknyga.lt\/en\/wp-json\/wp\/v2\/media?parent=6368"}],"wp:term":[{"taxonomy":"product_brand","embeddable":true,"href":"https:\/\/skaitytaknyga.lt\/en\/wp-json\/wp\/v2\/product_brand?post=6368"},{"taxonomy":"product_cat","embeddable":true,"href":"https:\/\/skaitytaknyga.lt\/en\/wp-json\/wp\/v2\/product_cat?post=6368"},{"taxonomy":"product_tag","embeddable":true,"href":"https:\/\/skaitytaknyga.lt\/en\/wp-json\/wp\/v2\/product_tag?post=6368"}],"curies":[{"name":"wp","href":"https:\/\/api.w.org\/{rel}","templated":true}]}}