{"id":6331,"date":"2024-05-02T13:16:05","date_gmt":"2024-05-02T13:16:05","guid":{"rendered":"https:\/\/skaitytaknyga.lt\/?post_type=product&#038;p=6331"},"modified":"2024-05-03T07:29:43","modified_gmt":"2024-05-03T07:29:43","slug":"d-k-p-s-lietuviu-kalbos-gramatika-xix-amziaus-pradzia-su-defektu","status":"publish","type":"product","link":"https:\/\/skaitytaknyga.lt\/en\/produktas\/d-k-p-s-lietuviu-kalbos-gramatika-xix-amziaus-pradzia-su-defektu\/","title":{"rendered":"D.K.P.S. lietuvi\u0173 kalbos gramatika: XIX am\u017eiaus prad\u017eia (su defektu)"},"content":{"rendered":"<p>Krokuvos \u010cartoriski\u0173 bibliotekoje yra i\u0161lik\u0119s kriptonimais X.D.K.P.S. pasira\u0161ytos \u017eemaiti\u0161kos lietuvi\u0173 kalbos gramatikos rankra\u0161tis. Tai seniausia \u017einoma \u017eemai\u010di\u0173 tarme gr\u012fsta lietuvi\u0173 kalbos gramatika. Kaip rodo vanden\u017eenkliai ir istorijos duomenys, ji tikriausiai para\u0161yta apie tre\u010di\u0105j\u012f XIX am\u017eiaus de\u0161imtmet\u012f (po 1820-\u0173j\u0173). Antra\u0161tiniame puslapyje gramatika pavadinta \u201eLietuvi\u0173 kalbos taisykl\u0117s arba lietuvi\u0173 kalbos gramatika\u201c. Kol kas niekam nepavyko nustatyti rankra\u0161\u010dio autoriaus, tad gramatika \u010dia tebelaikoma anonimine. \u0160ioje knygoje X.D.K.P.S. gramatikos rankra\u0161tis publikuojamas pirm\u0105 kart\u0105. Jo gale esantis lietuvi\u0173-lenk\u0173 kalb\u0173 \u017eod\u017ei\u0173 s\u0105ra\u0161as 1959 metais jau buvo paskelbtas Jono Kruopo. \u010cia skelbiami trys X.D.K.P.S. gramatikos tekstai: 1) fotografuotinis kartu su 2) perra\u0161ytu autenti\u0161kos ra\u0161ybos lenki\u0161ku originalu bei atskirai \u2013 3) vertimas \u012f dabartin\u0119 lietuvi\u0173 kalb\u0105. Taip pat skelbiami Giedriaus Suba\u010diaus ir Halinos Karas straipsniai apie gramatikos rankra\u0161t\u012f, lietuvi\u0173 ir lenk\u0173 kalbos ypatybes.<\/p>\n","protected":false},"excerpt":{"rendered":"<p>Krokuvos \u010cartoriski\u0173 bibliotekoje yra i\u0161lik\u0119s kriptonimais X.D.K.P.S. pasira\u0161ytos \u017eemaiti\u0161kos lietuvi\u0173 kalbos gramatikos rankra\u0161tis. Tai seniausia \u017einoma \u017eemai\u010di\u0173 tarme gr\u012fsta lietuvi\u0173 kalbos gramatika. Kaip rodo vanden\u017eenkliai ir istorijos duomenys, ji tikriausiai para\u0161yta apie tre\u010di\u0105j\u012f XIX am\u017eiaus de\u0161imtmet\u012f (po 1820-\u0173j\u0173). Antra\u0161tiniame puslapyje gramatika pavadinta \u201eLietuvi\u0173 kalbos taisykl\u0117s arba lietuvi\u0173 kalbos gramatika\u201c. Kol kas niekam nepavyko nustatyti rankra\u0161\u010dio autoriaus, tad gramatika \u010dia tebelaikoma anonimine. \u0160ioje knygoje X.D.K.P.S. gramatikos rankra\u0161tis publikuojamas pirm\u0105 kart\u0105. Jo gale esantis lietuvi\u0173-lenk\u0173 kalb\u0173 \u017eod\u017ei\u0173 s\u0105ra\u0161as 1959 metais jau buvo paskelbtas Jono Kruopo. \u010cia skelbiami trys X.D.K.P.S. gramatikos tekstai: 1) fotografuotinis kartu su 2) perra\u0161ytu autenti\u0161kos ra\u0161ybos lenki\u0161ku originalu bei atskirai \u2013 3) vertimas \u012f dabartin\u0119 lietuvi\u0173 kalb\u0105. Taip pat skelbiami Giedriaus Suba\u010diaus ir Halinos Karas straipsniai apie gramatikos rankra\u0161t\u012f, lietuvi\u0173 ir lenk\u0173 kalbos ypatybes.<\/p>\n","protected":false},"featured_media":6343,"comment_status":"closed","ping_status":"closed","template":"","meta":{"_acf_changed":false,"site-sidebar-layout":"default","site-content-layout":"","ast-site-content-layout":"default","site-content-style":"default","site-sidebar-style":"default","ast-global-header-display":"","ast-banner-title-visibility":"","ast-main-header-display":"","ast-hfb-above-header-display":"","ast-hfb-below-header-display":"","ast-hfb-mobile-header-display":"","site-post-title":"","ast-breadcrumbs-content":"","ast-featured-img":"","footer-sml-layout":"","ast-disable-related-posts":"","theme-transparent-header-meta":"","adv-header-id-meta":"","stick-header-meta":"","header-above-stick-meta":"","header-main-stick-meta":"","header-below-stick-meta":"","astra-migrate-meta-layouts":"default","ast-page-background-enabled":"default","ast-page-background-meta":{"desktop":{"background-color":"","background-image":"","background-repeat":"repeat","background-position":"center center","background-size":"auto","background-attachment":"scroll","background-type":"","background-media":"","overlay-type":"","overlay-color":"","overlay-opacity":"","overlay-gradient":""},"tablet":{"background-color":"","background-image":"","background-repeat":"repeat","background-position":"center center","background-size":"auto","background-attachment":"scroll","background-type":"","background-media":"","overlay-type":"","overlay-color":"","overlay-opacity":"","overlay-gradient":""},"mobile":{"background-color":"","background-image":"","background-repeat":"repeat","background-position":"center center","background-size":"auto","background-attachment":"scroll","background-type":"","background-media":"","overlay-type":"","overlay-color":"","overlay-opacity":"","overlay-gradient":""}},"ast-content-background-meta":{"desktop":{"background-color":"var(--ast-global-color-4)","background-image":"","background-repeat":"repeat","background-position":"center center","background-size":"auto","background-attachment":"scroll","background-type":"","background-media":"","overlay-type":"","overlay-color":"","overlay-opacity":"","overlay-gradient":""},"tablet":{"background-color":"var(--ast-global-color-4)","background-image":"","background-repeat":"repeat","background-position":"center center","background-size":"auto","background-attachment":"scroll","background-type":"","background-media":"","overlay-type":"","overlay-color":"","overlay-opacity":"","overlay-gradient":""},"mobile":{"background-color":"var(--ast-global-color-4)","background-image":"","background-repeat":"repeat","background-position":"center center","background-size":"auto","background-attachment":"scroll","background-type":"","background-media":"","overlay-type":"","overlay-color":"","overlay-opacity":"","overlay-gradient":""}}},"product_brand":[],"product_cat":[174,390],"product_tag":[],"class_list":{"0":"post-6331","1":"product","2":"type-product","3":"status-publish","4":"has-post-thumbnail","6":"product_cat-istorija-ir-politologija","7":"product_cat-kalba-kalbotyra-zodynai","8":"desktop-align-left","9":"tablet-align-left","10":"mobile-align-left","12":"first","13":"instock","14":"shipping-taxable","15":"purchasable","16":"product-type-simple"},"acf":[],"yoast_head":"<!-- This site is optimized with the Yoast SEO plugin v27.0 - https:\/\/yoast.com\/product\/yoast-seo-wordpress\/ -->\n<title>D.K.P.S. lietuvi\u0173 kalbos gramatika: XIX am\u017eiaus prad\u017eia (su defektu) - Skaitytaknyga<\/title>\n<meta name=\"description\" content=\"Krokuvos \u010cartoriski\u0173 bibliotekoje yra i\u0161lik\u0119s kriptonimais X.D.K.P.S. pasira\u0161ytos \u017eemaiti\u0161kos lietuvi\u0173 kalbos gramatikos rankra\u0161tis. Tai seniausia \u017einoma \u017eemai\u010di\u0173 tarme gr\u012fsta lietuvi\u0173 kalbos gramatika. Kaip rodo vanden\u017eenkliai ir istorijos duomenys, ji tikriausiai para\u0161yta apie tre\u010di\u0105j\u012f XIX am\u017eiaus de\u0161imtmet\u012f (po 1820-\u0173j\u0173). Antra\u0161tiniame puslapyje gramatika pavadinta \u201eLietuvi\u0173 kalbos taisykl\u0117s arba lietuvi\u0173 kalbos gramatika\u201c. Kol kas niekam nepavyko nustatyti rankra\u0161\u010dio autoriaus, tad gramatika \u010dia tebelaikoma anonimine. \u0160ioje knygoje X.D.K.P.S. gramatikos rankra\u0161tis publikuojamas pirm\u0105 kart\u0105. Jo gale esantis lietuvi\u0173-lenk\u0173 kalb\u0173 \u017eod\u017ei\u0173 s\u0105ra\u0161as 1959 metais jau buvo paskelbtas Jono Kruopo. \u010cia skelbiami trys X.D.K.P.S. gramatikos tekstai: 1) fotografuotinis kartu su 2) perra\u0161ytu autenti\u0161kos ra\u0161ybos lenki\u0161ku originalu bei atskirai \u2013 3) vertimas \u012f dabartin\u0119 lietuvi\u0173 kalb\u0105. Taip pat skelbiami Giedriaus Suba\u010diaus ir Halinos Karas straipsniai apie gramatikos rankra\u0161t\u012f, lietuvi\u0173 ir lenk\u0173 kalbos ypatybes.\" \/>\n<meta name=\"robots\" content=\"index, follow, max-snippet:-1, max-image-preview:large, max-video-preview:-1\" \/>\n<link rel=\"canonical\" href=\"https:\/\/skaitytaknyga.lt\/en\/produktas\/d-k-p-s-lietuviu-kalbos-gramatika-xix-amziaus-pradzia-su-defektu\/\" \/>\n<meta property=\"og:locale\" content=\"en_GB\" \/>\n<meta property=\"og:locale:alternate\" content=\"lt_LT\" \/>\n<meta property=\"og:type\" content=\"article\" \/>\n<meta property=\"og:title\" content=\"D.K.P.S. lietuvi\u0173 kalbos gramatika: XIX am\u017eiaus prad\u017eia (su defektu) - Skaitytaknyga\" \/>\n<meta property=\"og:description\" content=\"Krokuvos \u010cartoriski\u0173 bibliotekoje yra i\u0161lik\u0119s kriptonimais X.D.K.P.S. pasira\u0161ytos \u017eemaiti\u0161kos lietuvi\u0173 kalbos gramatikos rankra\u0161tis. Tai seniausia \u017einoma \u017eemai\u010di\u0173 tarme gr\u012fsta lietuvi\u0173 kalbos gramatika. Kaip rodo vanden\u017eenkliai ir istorijos duomenys, ji tikriausiai para\u0161yta apie tre\u010di\u0105j\u012f XIX am\u017eiaus de\u0161imtmet\u012f (po 1820-\u0173j\u0173). Antra\u0161tiniame puslapyje gramatika pavadinta \u201eLietuvi\u0173 kalbos taisykl\u0117s arba lietuvi\u0173 kalbos gramatika\u201c. Kol kas niekam nepavyko nustatyti rankra\u0161\u010dio autoriaus, tad gramatika \u010dia tebelaikoma anonimine. \u0160ioje knygoje X.D.K.P.S. gramatikos rankra\u0161tis publikuojamas pirm\u0105 kart\u0105. Jo gale esantis lietuvi\u0173-lenk\u0173 kalb\u0173 \u017eod\u017ei\u0173 s\u0105ra\u0161as 1959 metais jau buvo paskelbtas Jono Kruopo. \u010cia skelbiami trys X.D.K.P.S. gramatikos tekstai: 1) fotografuotinis kartu su 2) perra\u0161ytu autenti\u0161kos ra\u0161ybos lenki\u0161ku originalu bei atskirai \u2013 3) vertimas \u012f dabartin\u0119 lietuvi\u0173 kalb\u0105. Taip pat skelbiami Giedriaus Suba\u010diaus ir Halinos Karas straipsniai apie gramatikos rankra\u0161t\u012f, lietuvi\u0173 ir lenk\u0173 kalbos ypatybes.\" \/>\n<meta property=\"og:url\" content=\"https:\/\/skaitytaknyga.lt\/en\/produktas\/d-k-p-s-lietuviu-kalbos-gramatika-xix-amziaus-pradzia-su-defektu\/\" \/>\n<meta property=\"og:site_name\" content=\"Skaitytaknyga\" \/>\n<meta property=\"article:publisher\" content=\"https:\/\/www.facebook.com\/skaitytaknyga\/\" \/>\n<meta property=\"article:modified_time\" content=\"2024-05-03T07:29:43+00:00\" \/>\n<meta property=\"og:image\" content=\"https:\/\/skaitytaknyga.lt\/wp-content\/uploads\/2024\/05\/subacius-giedrius-xdkps-lietuviu-kalbos-gramatikaxix-amziaus-pradzia.jpg\" \/>\n\t<meta property=\"og:image:width\" content=\"269\" \/>\n\t<meta property=\"og:image:height\" content=\"400\" \/>\n\t<meta property=\"og:image:type\" content=\"image\/jpeg\" \/>\n<meta name=\"twitter:card\" content=\"summary_large_image\" \/>\n<meta name=\"twitter:label1\" content=\"Estimated reading time\" \/>\n\t<meta name=\"twitter:data1\" content=\"1 minute\" \/>\n<script type=\"application\/ld+json\" class=\"yoast-schema-graph\">{\"@context\":\"https:\/\/schema.org\",\"@graph\":[{\"@type\":\"WebPage\",\"@id\":\"https:\/\/skaitytaknyga.lt\/produktas\/d-k-p-s-lietuviu-kalbos-gramatika-xix-amziaus-pradzia-su-defektu\/\",\"url\":\"https:\/\/skaitytaknyga.lt\/produktas\/d-k-p-s-lietuviu-kalbos-gramatika-xix-amziaus-pradzia-su-defektu\/\",\"name\":\"D.K.P.S. lietuvi\u0173 kalbos gramatika: XIX am\u017eiaus prad\u017eia (su defektu) - Skaitytaknyga\",\"isPartOf\":{\"@id\":\"https:\/\/skaitytaknyga.lt\/#website\"},\"primaryImageOfPage\":{\"@id\":\"https:\/\/skaitytaknyga.lt\/produktas\/d-k-p-s-lietuviu-kalbos-gramatika-xix-amziaus-pradzia-su-defektu\/#primaryimage\"},\"image\":{\"@id\":\"https:\/\/skaitytaknyga.lt\/produktas\/d-k-p-s-lietuviu-kalbos-gramatika-xix-amziaus-pradzia-su-defektu\/#primaryimage\"},\"thumbnailUrl\":\"https:\/\/skaitytaknyga.lt\/wp-content\/uploads\/2024\/05\/subacius-giedrius-xdkps-lietuviu-kalbos-gramatikaxix-amziaus-pradzia.jpg\",\"datePublished\":\"2024-05-02T13:16:05+00:00\",\"dateModified\":\"2024-05-03T07:29:43+00:00\",\"description\":\"Krokuvos \u010cartoriski\u0173 bibliotekoje yra i\u0161lik\u0119s kriptonimais X.D.K.P.S. pasira\u0161ytos \u017eemaiti\u0161kos lietuvi\u0173 kalbos gramatikos rankra\u0161tis. Tai seniausia \u017einoma \u017eemai\u010di\u0173 tarme gr\u012fsta lietuvi\u0173 kalbos gramatika. Kaip rodo vanden\u017eenkliai ir istorijos duomenys, ji tikriausiai para\u0161yta apie tre\u010di\u0105j\u012f XIX am\u017eiaus de\u0161imtmet\u012f (po 1820-\u0173j\u0173). Antra\u0161tiniame puslapyje gramatika pavadinta \u201eLietuvi\u0173 kalbos taisykl\u0117s arba lietuvi\u0173 kalbos gramatika\u201c. Kol kas niekam nepavyko nustatyti rankra\u0161\u010dio autoriaus, tad gramatika \u010dia tebelaikoma anonimine. \u0160ioje knygoje X.D.K.P.S. gramatikos rankra\u0161tis publikuojamas pirm\u0105 kart\u0105. Jo gale esantis lietuvi\u0173-lenk\u0173 kalb\u0173 \u017eod\u017ei\u0173 s\u0105ra\u0161as 1959 metais jau buvo paskelbtas Jono Kruopo. \u010cia skelbiami trys X.D.K.P.S. gramatikos tekstai: 1) fotografuotinis kartu su 2) perra\u0161ytu autenti\u0161kos ra\u0161ybos lenki\u0161ku originalu bei atskirai \u2013 3) vertimas \u012f dabartin\u0119 lietuvi\u0173 kalb\u0105. Taip pat skelbiami Giedriaus Suba\u010diaus ir Halinos Karas straipsniai apie gramatikos rankra\u0161t\u012f, lietuvi\u0173 ir lenk\u0173 kalbos ypatybes.\",\"breadcrumb\":{\"@id\":\"https:\/\/skaitytaknyga.lt\/produktas\/d-k-p-s-lietuviu-kalbos-gramatika-xix-amziaus-pradzia-su-defektu\/#breadcrumb\"},\"inLanguage\":\"en-GB\",\"potentialAction\":[{\"@type\":\"ReadAction\",\"target\":[\"https:\/\/skaitytaknyga.lt\/produktas\/d-k-p-s-lietuviu-kalbos-gramatika-xix-amziaus-pradzia-su-defektu\/\"]}]},{\"@type\":\"ImageObject\",\"inLanguage\":\"en-GB\",\"@id\":\"https:\/\/skaitytaknyga.lt\/produktas\/d-k-p-s-lietuviu-kalbos-gramatika-xix-amziaus-pradzia-su-defektu\/#primaryimage\",\"url\":\"https:\/\/skaitytaknyga.lt\/wp-content\/uploads\/2024\/05\/subacius-giedrius-xdkps-lietuviu-kalbos-gramatikaxix-amziaus-pradzia.jpg\",\"contentUrl\":\"https:\/\/skaitytaknyga.lt\/wp-content\/uploads\/2024\/05\/subacius-giedrius-xdkps-lietuviu-kalbos-gramatikaxix-amziaus-pradzia.jpg\",\"width\":269,\"height\":400},{\"@type\":\"BreadcrumbList\",\"@id\":\"https:\/\/skaitytaknyga.lt\/produktas\/d-k-p-s-lietuviu-kalbos-gramatika-xix-amziaus-pradzia-su-defektu\/#breadcrumb\",\"itemListElement\":[{\"@type\":\"ListItem\",\"position\":1,\"name\":\"Home\",\"item\":\"https:\/\/skaitytaknyga.lt\/\"},{\"@type\":\"ListItem\",\"position\":2,\"name\":\"Parduotuv\u0117\",\"item\":\"https:\/\/skaitytaknyga.lt\/knygu-parduotuve\/\"},{\"@type\":\"ListItem\",\"position\":3,\"name\":\"D.K.P.S. lietuvi\u0173 kalbos gramatika: XIX am\u017eiaus prad\u017eia (su defektu)\"}]},{\"@type\":\"WebSite\",\"@id\":\"https:\/\/skaitytaknyga.lt\/#website\",\"url\":\"https:\/\/skaitytaknyga.lt\/\",\"name\":\"skaitytaknyga.lt\",\"description\":\"Skaitytaknyga.lt \u2013 tai ma\u017eas \u0161eimos verslas, kuris prasid\u0117jo nuo meil\u0117s knygoms ir siekio i\u0161gelb\u0117ti knygas nuo likimo prie konteinerio. Kas vienam nereikalingas daiktas \u2013 kitam lobis, o mes esame tarpininkai, kurie padeda abiems tapti laimingesniems ???? \u017dinome kaip nelengva i\u0161gyventi ma\u017eiems verslams, tad nuo \u0161iol, \u010dia rasite ir kit\u0173, ma\u017e\u0173 \u0161eim\u0173 versl\u0173, rank\u0173 darbo, dovan\u0173 sau ir artimiesiems.\",\"publisher\":{\"@id\":\"https:\/\/skaitytaknyga.lt\/#organization\"},\"potentialAction\":[{\"@type\":\"SearchAction\",\"target\":{\"@type\":\"EntryPoint\",\"urlTemplate\":\"https:\/\/skaitytaknyga.lt\/?s={search_term_string}\"},\"query-input\":{\"@type\":\"PropertyValueSpecification\",\"valueRequired\":true,\"valueName\":\"search_term_string\"}}],\"inLanguage\":\"en-GB\"},{\"@type\":\"Organization\",\"@id\":\"https:\/\/skaitytaknyga.lt\/#organization\",\"name\":\"skaitytaknyga.lt\",\"url\":\"https:\/\/skaitytaknyga.lt\/\",\"logo\":{\"@type\":\"ImageObject\",\"inLanguage\":\"en-GB\",\"@id\":\"https:\/\/skaitytaknyga.lt\/#\/schema\/logo\/image\/\",\"url\":\"https:\/\/skaitytaknyga.lt\/wp-content\/uploads\/2024\/05\/cropped-cropped-cropped-02_00843_jt3bggkj1j3HLc7SyY6rEUpg.jpeg\",\"contentUrl\":\"https:\/\/skaitytaknyga.lt\/wp-content\/uploads\/2024\/05\/cropped-cropped-cropped-02_00843_jt3bggkj1j3HLc7SyY6rEUpg.jpeg\",\"width\":1600,\"height\":1600,\"caption\":\"skaitytaknyga.lt\"},\"image\":{\"@id\":\"https:\/\/skaitytaknyga.lt\/#\/schema\/logo\/image\/\"},\"sameAs\":[\"https:\/\/www.facebook.com\/skaitytaknyga\/\"]}]}<\/script>\n<!-- \/ Yoast SEO plugin. -->","yoast_head_json":{"title":"D.K.P.S. lietuvi\u0173 kalbos gramatika: XIX am\u017eiaus prad\u017eia (su defektu) - Skaitytaknyga","description":"Krokuvos \u010cartoriski\u0173 bibliotekoje yra i\u0161lik\u0119s kriptonimais X.D.K.P.S. pasira\u0161ytos \u017eemaiti\u0161kos lietuvi\u0173 kalbos gramatikos rankra\u0161tis. Tai seniausia \u017einoma \u017eemai\u010di\u0173 tarme gr\u012fsta lietuvi\u0173 kalbos gramatika. Kaip rodo vanden\u017eenkliai ir istorijos duomenys, ji tikriausiai para\u0161yta apie tre\u010di\u0105j\u012f XIX am\u017eiaus de\u0161imtmet\u012f (po 1820-\u0173j\u0173). Antra\u0161tiniame puslapyje gramatika pavadinta \u201eLietuvi\u0173 kalbos taisykl\u0117s arba lietuvi\u0173 kalbos gramatika\u201c. Kol kas niekam nepavyko nustatyti rankra\u0161\u010dio autoriaus, tad gramatika \u010dia tebelaikoma anonimine. \u0160ioje knygoje X.D.K.P.S. gramatikos rankra\u0161tis publikuojamas pirm\u0105 kart\u0105. Jo gale esantis lietuvi\u0173-lenk\u0173 kalb\u0173 \u017eod\u017ei\u0173 s\u0105ra\u0161as 1959 metais jau buvo paskelbtas Jono Kruopo. \u010cia skelbiami trys X.D.K.P.S. gramatikos tekstai: 1) fotografuotinis kartu su 2) perra\u0161ytu autenti\u0161kos ra\u0161ybos lenki\u0161ku originalu bei atskirai \u2013 3) vertimas \u012f dabartin\u0119 lietuvi\u0173 kalb\u0105. Taip pat skelbiami Giedriaus Suba\u010diaus ir Halinos Karas straipsniai apie gramatikos rankra\u0161t\u012f, lietuvi\u0173 ir lenk\u0173 kalbos ypatybes.","robots":{"index":"index","follow":"follow","max-snippet":"max-snippet:-1","max-image-preview":"max-image-preview:large","max-video-preview":"max-video-preview:-1"},"canonical":"https:\/\/skaitytaknyga.lt\/en\/produktas\/d-k-p-s-lietuviu-kalbos-gramatika-xix-amziaus-pradzia-su-defektu\/","og_locale":"en_GB","og_type":"article","og_title":"D.K.P.S. lietuvi\u0173 kalbos gramatika: XIX am\u017eiaus prad\u017eia (su defektu) - Skaitytaknyga","og_description":"Krokuvos \u010cartoriski\u0173 bibliotekoje yra i\u0161lik\u0119s kriptonimais X.D.K.P.S. pasira\u0161ytos \u017eemaiti\u0161kos lietuvi\u0173 kalbos gramatikos rankra\u0161tis. Tai seniausia \u017einoma \u017eemai\u010di\u0173 tarme gr\u012fsta lietuvi\u0173 kalbos gramatika. Kaip rodo vanden\u017eenkliai ir istorijos duomenys, ji tikriausiai para\u0161yta apie tre\u010di\u0105j\u012f XIX am\u017eiaus de\u0161imtmet\u012f (po 1820-\u0173j\u0173). Antra\u0161tiniame puslapyje gramatika pavadinta \u201eLietuvi\u0173 kalbos taisykl\u0117s arba lietuvi\u0173 kalbos gramatika\u201c. Kol kas niekam nepavyko nustatyti rankra\u0161\u010dio autoriaus, tad gramatika \u010dia tebelaikoma anonimine. \u0160ioje knygoje X.D.K.P.S. gramatikos rankra\u0161tis publikuojamas pirm\u0105 kart\u0105. Jo gale esantis lietuvi\u0173-lenk\u0173 kalb\u0173 \u017eod\u017ei\u0173 s\u0105ra\u0161as 1959 metais jau buvo paskelbtas Jono Kruopo. \u010cia skelbiami trys X.D.K.P.S. gramatikos tekstai: 1) fotografuotinis kartu su 2) perra\u0161ytu autenti\u0161kos ra\u0161ybos lenki\u0161ku originalu bei atskirai \u2013 3) vertimas \u012f dabartin\u0119 lietuvi\u0173 kalb\u0105. Taip pat skelbiami Giedriaus Suba\u010diaus ir Halinos Karas straipsniai apie gramatikos rankra\u0161t\u012f, lietuvi\u0173 ir lenk\u0173 kalbos ypatybes.","og_url":"https:\/\/skaitytaknyga.lt\/en\/produktas\/d-k-p-s-lietuviu-kalbos-gramatika-xix-amziaus-pradzia-su-defektu\/","og_site_name":"Skaitytaknyga","article_publisher":"https:\/\/www.facebook.com\/skaitytaknyga\/","article_modified_time":"2024-05-03T07:29:43+00:00","og_image":[{"width":269,"height":400,"url":"https:\/\/skaitytaknyga.lt\/wp-content\/uploads\/2024\/05\/subacius-giedrius-xdkps-lietuviu-kalbos-gramatikaxix-amziaus-pradzia.jpg","type":"image\/jpeg"}],"twitter_card":"summary_large_image","twitter_misc":{"Estimated reading time":"1 minute"},"schema":{"@context":"https:\/\/schema.org","@graph":[{"@type":"WebPage","@id":"https:\/\/skaitytaknyga.lt\/produktas\/d-k-p-s-lietuviu-kalbos-gramatika-xix-amziaus-pradzia-su-defektu\/","url":"https:\/\/skaitytaknyga.lt\/produktas\/d-k-p-s-lietuviu-kalbos-gramatika-xix-amziaus-pradzia-su-defektu\/","name":"D.K.P.S. lietuvi\u0173 kalbos gramatika: XIX am\u017eiaus prad\u017eia (su defektu) - Skaitytaknyga","isPartOf":{"@id":"https:\/\/skaitytaknyga.lt\/#website"},"primaryImageOfPage":{"@id":"https:\/\/skaitytaknyga.lt\/produktas\/d-k-p-s-lietuviu-kalbos-gramatika-xix-amziaus-pradzia-su-defektu\/#primaryimage"},"image":{"@id":"https:\/\/skaitytaknyga.lt\/produktas\/d-k-p-s-lietuviu-kalbos-gramatika-xix-amziaus-pradzia-su-defektu\/#primaryimage"},"thumbnailUrl":"https:\/\/skaitytaknyga.lt\/wp-content\/uploads\/2024\/05\/subacius-giedrius-xdkps-lietuviu-kalbos-gramatikaxix-amziaus-pradzia.jpg","datePublished":"2024-05-02T13:16:05+00:00","dateModified":"2024-05-03T07:29:43+00:00","description":"Krokuvos \u010cartoriski\u0173 bibliotekoje yra i\u0161lik\u0119s kriptonimais X.D.K.P.S. pasira\u0161ytos \u017eemaiti\u0161kos lietuvi\u0173 kalbos gramatikos rankra\u0161tis. Tai seniausia \u017einoma \u017eemai\u010di\u0173 tarme gr\u012fsta lietuvi\u0173 kalbos gramatika. Kaip rodo vanden\u017eenkliai ir istorijos duomenys, ji tikriausiai para\u0161yta apie tre\u010di\u0105j\u012f XIX am\u017eiaus de\u0161imtmet\u012f (po 1820-\u0173j\u0173). Antra\u0161tiniame puslapyje gramatika pavadinta \u201eLietuvi\u0173 kalbos taisykl\u0117s arba lietuvi\u0173 kalbos gramatika\u201c. Kol kas niekam nepavyko nustatyti rankra\u0161\u010dio autoriaus, tad gramatika \u010dia tebelaikoma anonimine. \u0160ioje knygoje X.D.K.P.S. gramatikos rankra\u0161tis publikuojamas pirm\u0105 kart\u0105. Jo gale esantis lietuvi\u0173-lenk\u0173 kalb\u0173 \u017eod\u017ei\u0173 s\u0105ra\u0161as 1959 metais jau buvo paskelbtas Jono Kruopo. \u010cia skelbiami trys X.D.K.P.S. gramatikos tekstai: 1) fotografuotinis kartu su 2) perra\u0161ytu autenti\u0161kos ra\u0161ybos lenki\u0161ku originalu bei atskirai \u2013 3) vertimas \u012f dabartin\u0119 lietuvi\u0173 kalb\u0105. Taip pat skelbiami Giedriaus Suba\u010diaus ir Halinos Karas straipsniai apie gramatikos rankra\u0161t\u012f, lietuvi\u0173 ir lenk\u0173 kalbos ypatybes.","breadcrumb":{"@id":"https:\/\/skaitytaknyga.lt\/produktas\/d-k-p-s-lietuviu-kalbos-gramatika-xix-amziaus-pradzia-su-defektu\/#breadcrumb"},"inLanguage":"en-GB","potentialAction":[{"@type":"ReadAction","target":["https:\/\/skaitytaknyga.lt\/produktas\/d-k-p-s-lietuviu-kalbos-gramatika-xix-amziaus-pradzia-su-defektu\/"]}]},{"@type":"ImageObject","inLanguage":"en-GB","@id":"https:\/\/skaitytaknyga.lt\/produktas\/d-k-p-s-lietuviu-kalbos-gramatika-xix-amziaus-pradzia-su-defektu\/#primaryimage","url":"https:\/\/skaitytaknyga.lt\/wp-content\/uploads\/2024\/05\/subacius-giedrius-xdkps-lietuviu-kalbos-gramatikaxix-amziaus-pradzia.jpg","contentUrl":"https:\/\/skaitytaknyga.lt\/wp-content\/uploads\/2024\/05\/subacius-giedrius-xdkps-lietuviu-kalbos-gramatikaxix-amziaus-pradzia.jpg","width":269,"height":400},{"@type":"BreadcrumbList","@id":"https:\/\/skaitytaknyga.lt\/produktas\/d-k-p-s-lietuviu-kalbos-gramatika-xix-amziaus-pradzia-su-defektu\/#breadcrumb","itemListElement":[{"@type":"ListItem","position":1,"name":"Home","item":"https:\/\/skaitytaknyga.lt\/"},{"@type":"ListItem","position":2,"name":"Parduotuv\u0117","item":"https:\/\/skaitytaknyga.lt\/knygu-parduotuve\/"},{"@type":"ListItem","position":3,"name":"D.K.P.S. lietuvi\u0173 kalbos gramatika: XIX am\u017eiaus prad\u017eia (su defektu)"}]},{"@type":"WebSite","@id":"https:\/\/skaitytaknyga.lt\/#website","url":"https:\/\/skaitytaknyga.lt\/","name":"skaitytaknyga.lt","description":"Skaitytaknyga.lt \u2013 tai ma\u017eas \u0161eimos verslas, kuris prasid\u0117jo nuo meil\u0117s knygoms ir siekio i\u0161gelb\u0117ti knygas nuo likimo prie konteinerio. Kas vienam nereikalingas daiktas \u2013 kitam lobis, o mes esame tarpininkai, kurie padeda abiems tapti laimingesniems ???? \u017dinome kaip nelengva i\u0161gyventi ma\u017eiems verslams, tad nuo \u0161iol, \u010dia rasite ir kit\u0173, ma\u017e\u0173 \u0161eim\u0173 versl\u0173, rank\u0173 darbo, dovan\u0173 sau ir artimiesiems.","publisher":{"@id":"https:\/\/skaitytaknyga.lt\/#organization"},"potentialAction":[{"@type":"SearchAction","target":{"@type":"EntryPoint","urlTemplate":"https:\/\/skaitytaknyga.lt\/?s={search_term_string}"},"query-input":{"@type":"PropertyValueSpecification","valueRequired":true,"valueName":"search_term_string"}}],"inLanguage":"en-GB"},{"@type":"Organization","@id":"https:\/\/skaitytaknyga.lt\/#organization","name":"skaitytaknyga.lt","url":"https:\/\/skaitytaknyga.lt\/","logo":{"@type":"ImageObject","inLanguage":"en-GB","@id":"https:\/\/skaitytaknyga.lt\/#\/schema\/logo\/image\/","url":"https:\/\/skaitytaknyga.lt\/wp-content\/uploads\/2024\/05\/cropped-cropped-cropped-02_00843_jt3bggkj1j3HLc7SyY6rEUpg.jpeg","contentUrl":"https:\/\/skaitytaknyga.lt\/wp-content\/uploads\/2024\/05\/cropped-cropped-cropped-02_00843_jt3bggkj1j3HLc7SyY6rEUpg.jpeg","width":1600,"height":1600,"caption":"skaitytaknyga.lt"},"image":{"@id":"https:\/\/skaitytaknyga.lt\/#\/schema\/logo\/image\/"},"sameAs":["https:\/\/www.facebook.com\/skaitytaknyga\/"]}]}},"_links":{"self":[{"href":"https:\/\/skaitytaknyga.lt\/en\/wp-json\/wp\/v2\/product\/6331","targetHints":{"allow":["GET"]}}],"collection":[{"href":"https:\/\/skaitytaknyga.lt\/en\/wp-json\/wp\/v2\/product"}],"about":[{"href":"https:\/\/skaitytaknyga.lt\/en\/wp-json\/wp\/v2\/types\/product"}],"replies":[{"embeddable":true,"href":"https:\/\/skaitytaknyga.lt\/en\/wp-json\/wp\/v2\/comments?post=6331"}],"wp:featuredmedia":[{"embeddable":true,"href":"https:\/\/skaitytaknyga.lt\/en\/wp-json\/wp\/v2\/media\/6343"}],"wp:attachment":[{"href":"https:\/\/skaitytaknyga.lt\/en\/wp-json\/wp\/v2\/media?parent=6331"}],"wp:term":[{"taxonomy":"product_brand","embeddable":true,"href":"https:\/\/skaitytaknyga.lt\/en\/wp-json\/wp\/v2\/product_brand?post=6331"},{"taxonomy":"product_cat","embeddable":true,"href":"https:\/\/skaitytaknyga.lt\/en\/wp-json\/wp\/v2\/product_cat?post=6331"},{"taxonomy":"product_tag","embeddable":true,"href":"https:\/\/skaitytaknyga.lt\/en\/wp-json\/wp\/v2\/product_tag?post=6331"}],"curies":[{"name":"wp","href":"https:\/\/api.w.org\/{rel}","templated":true}]}}