{"id":6330,"date":"2024-05-02T13:16:05","date_gmt":"2024-05-02T13:16:05","guid":{"rendered":"https:\/\/skaitytaknyga.lt\/?post_type=product&#038;p=6330"},"modified":"2024-05-03T07:29:43","modified_gmt":"2024-05-03T07:29:43","slug":"brandinancios-nesekmes","status":"publish","type":"product","link":"https:\/\/skaitytaknyga.lt\/en\/produktas\/brandinancios-nesekmes\/","title":{"rendered":"Brandinan\u010dios nes\u0117km\u0117s"},"content":{"rendered":"<p>Pa\u017eeid\u017eiamumo fizikos d\u0117snis paprastas: jei pakankamai daug ir da\u017enai i\u0161dr\u012fsime, mes b\u016btinai klysime. New York Times bestseleri\u0173 \u201eDidi dr\u0105sa\u201c ir \u201eNetobulumo dovanos\u201c autor\u0117 pasakoja apie tai, ko prireiks, kad v\u0117l pakiltum\u0117te, ir kaip i\u0161dr\u012fs\u0119 i\u0161siai\u0161kini, k\u0105 i\u0161 ties\u0173 jau\u010diame ir kas i\u0161 ties\u0173 \u012fvyko, galime para\u0161yti nauj\u0105 ir dr\u0105si\u0105 savo istorijos pabaig\u0105. Sunkumai gali mus i\u0161mokyti b\u016bti dr\u0105siais ir ry\u017etingais, o kildami po nes\u0117m\u0117s atrasime gilesn\u0119 prasm\u0119, i\u0161mint\u012f ir vilt\u012f. Kai neigiame savo skausmingas istorijas, jos mus \u012fvardija. Kai jas pripa\u017e\u012fstame, galime patys para\u0161yti joms pabaig\u0105. Socialini\u0173 moksl\u0173 daktar\u0117 Bren\u00e9 Brown \u012f\u017eieb\u0117 pasaulin\u0119 diskusij\u0105 apie dr\u0105s\u0105, pa\u017eeid\u017eiamum\u0105, g\u0117d\u0105 ir vert\u0119. Jos tyrimai atskleid\u0117 gili\u0105 ties\u0105: Pa\u017eeid\u017eiamumas \u2013 ry\u017etas atsiskleisti ir b\u016bti pasteb\u0117tu, kai s\u0117km\u0117 negarantuota \u2013 yra vienintelis b\u016bdas atrasti meil\u0119, bendryst\u0119, k\u016bryb\u0105 ir d\u017eiaugsm\u0105. Bet dr\u0105siai gyventi n\u0117ra lengva: mes nei\u0161vengiamai suklupsime ir krisime.<\/p>\n","protected":false},"excerpt":{"rendered":"<p>Pa\u017eeid\u017eiamumo fizikos d\u0117snis paprastas: jei pakankamai daug ir da\u017enai i\u0161dr\u012fsime, mes b\u016btinai klysime. New York Times bestseleri\u0173 \u201eDidi dr\u0105sa\u201c ir \u201eNetobulumo dovanos\u201c autor\u0117 pasakoja apie tai, ko prireiks, kad v\u0117l pakiltum\u0117te, ir kaip i\u0161dr\u012fs\u0119 i\u0161siai\u0161kini, k\u0105 i\u0161 ties\u0173 jau\u010diame ir kas i\u0161 ties\u0173 \u012fvyko, galime para\u0161yti nauj\u0105 ir dr\u0105si\u0105 savo istorijos pabaig\u0105. Sunkumai gali mus i\u0161mokyti b\u016bti dr\u0105siais ir ry\u017etingais, o kildami po nes\u0117m\u0117s atrasime gilesn\u0119 prasm\u0119, i\u0161mint\u012f ir vilt\u012f. Kai neigiame savo skausmingas istorijas, jos mus \u012fvardija. Kai jas pripa\u017e\u012fstame, galime patys para\u0161yti joms pabaig\u0105. Socialini\u0173 moksl\u0173 daktar\u0117 Bren\u00e9 Brown \u012f\u017eieb\u0117 pasaulin\u0119 diskusij\u0105 apie dr\u0105s\u0105, pa\u017eeid\u017eiamum\u0105, g\u0117d\u0105 ir vert\u0119. Jos tyrimai atskleid\u0117 gili\u0105 ties\u0105: Pa\u017eeid\u017eiamumas \u2013 ry\u017etas atsiskleisti ir b\u016bti pasteb\u0117tu, kai s\u0117km\u0117 negarantuota \u2013 yra vienintelis b\u016bdas atrasti meil\u0119, bendryst\u0119, k\u016bryb\u0105 ir d\u017eiaugsm\u0105. Bet dr\u0105siai gyventi n\u0117ra lengva: mes nei\u0161vengiamai suklupsime ir krisime.<\/p>\n","protected":false},"featured_media":6342,"comment_status":"closed","ping_status":"closed","template":"","meta":{"_acf_changed":false,"site-sidebar-layout":"default","site-content-layout":"","ast-site-content-layout":"default","site-content-style":"default","site-sidebar-style":"default","ast-global-header-display":"","ast-banner-title-visibility":"","ast-main-header-display":"","ast-hfb-above-header-display":"","ast-hfb-below-header-display":"","ast-hfb-mobile-header-display":"","site-post-title":"","ast-breadcrumbs-content":"","ast-featured-img":"","footer-sml-layout":"","ast-disable-related-posts":"","theme-transparent-header-meta":"","adv-header-id-meta":"","stick-header-meta":"","header-above-stick-meta":"","header-main-stick-meta":"","header-below-stick-meta":"","astra-migrate-meta-layouts":"default","ast-page-background-enabled":"default","ast-page-background-meta":{"desktop":{"background-color":"","background-image":"","background-repeat":"repeat","background-position":"center center","background-size":"auto","background-attachment":"scroll","background-type":"","background-media":"","overlay-type":"","overlay-color":"","overlay-opacity":"","overlay-gradient":""},"tablet":{"background-color":"","background-image":"","background-repeat":"repeat","background-position":"center center","background-size":"auto","background-attachment":"scroll","background-type":"","background-media":"","overlay-type":"","overlay-color":"","overlay-opacity":"","overlay-gradient":""},"mobile":{"background-color":"","background-image":"","background-repeat":"repeat","background-position":"center center","background-size":"auto","background-attachment":"scroll","background-type":"","background-media":"","overlay-type":"","overlay-color":"","overlay-opacity":"","overlay-gradient":""}},"ast-content-background-meta":{"desktop":{"background-color":"var(--ast-global-color-4)","background-image":"","background-repeat":"repeat","background-position":"center center","background-size":"auto","background-attachment":"scroll","background-type":"","background-media":"","overlay-type":"","overlay-color":"","overlay-opacity":"","overlay-gradient":""},"tablet":{"background-color":"var(--ast-global-color-4)","background-image":"","background-repeat":"repeat","background-position":"center center","background-size":"auto","background-attachment":"scroll","background-type":"","background-media":"","overlay-type":"","overlay-color":"","overlay-opacity":"","overlay-gradient":""},"mobile":{"background-color":"var(--ast-global-color-4)","background-image":"","background-repeat":"repeat","background-position":"center center","background-size":"auto","background-attachment":"scroll","background-type":"","background-media":"","overlay-type":"","overlay-color":"","overlay-opacity":"","overlay-gradient":""}}},"product_brand":[],"product_cat":[30],"product_tag":[],"class_list":{"0":"post-6330","1":"product","2":"type-product","3":"status-publish","4":"has-post-thumbnail","6":"product_cat-psichologija-ir-saviugda","7":"desktop-align-left","8":"tablet-align-left","9":"mobile-align-left","11":"first","12":"outofstock","13":"shipping-taxable","14":"purchasable","15":"product-type-simple"},"acf":[],"yoast_head":"<!-- This site is optimized with the Yoast SEO plugin v27.0 - https:\/\/yoast.com\/product\/yoast-seo-wordpress\/ -->\n<title>Brandinan\u010dios nes\u0117km\u0117s - Skaitytaknyga<\/title>\n<meta name=\"description\" content=\"Pa\u017eeid\u017eiamumo fizikos d\u0117snis paprastas: jei pakankamai daug ir da\u017enai i\u0161dr\u012fsime, mes b\u016btinai klysime. New York Times bestseleri\u0173 \u201eDidi dr\u0105sa\u201c ir \u201eNetobulumo dovanos\u201c autor\u0117 pasakoja apie tai, ko prireiks, kad v\u0117l pakiltum\u0117te, ir kaip i\u0161dr\u012fs\u0119 i\u0161siai\u0161kini, k\u0105 i\u0161 ties\u0173 jau\u010diame ir kas i\u0161 ties\u0173 \u012fvyko, galime para\u0161yti nauj\u0105 ir dr\u0105si\u0105 savo istorijos pabaig\u0105. Sunkumai gali mus i\u0161mokyti b\u016bti dr\u0105siais ir ry\u017etingais, o kildami po nes\u0117m\u0117s atrasime gilesn\u0119 prasm\u0119, i\u0161mint\u012f ir vilt\u012f. Kai neigiame savo skausmingas istorijas, jos mus \u012fvardija. Kai jas pripa\u017e\u012fstame, galime patys para\u0161yti joms pabaig\u0105. Socialini\u0173 moksl\u0173 daktar\u0117 Bren\u00e9 Brown \u012f\u017eieb\u0117 pasaulin\u0119 diskusij\u0105 apie dr\u0105s\u0105, pa\u017eeid\u017eiamum\u0105, g\u0117d\u0105 ir vert\u0119. Jos tyrimai atskleid\u0117 gili\u0105 ties\u0105: Pa\u017eeid\u017eiamumas \u2013 ry\u017etas atsiskleisti ir b\u016bti pasteb\u0117tu, kai s\u0117km\u0117 negarantuota \u2013 yra vienintelis b\u016bdas atrasti meil\u0119, bendryst\u0119, k\u016bryb\u0105 ir d\u017eiaugsm\u0105. Bet dr\u0105siai gyventi n\u0117ra lengva: mes nei\u0161vengiamai suklupsime ir krisime.\" \/>\n<meta name=\"robots\" content=\"index, follow, max-snippet:-1, max-image-preview:large, max-video-preview:-1\" \/>\n<link rel=\"canonical\" href=\"https:\/\/skaitytaknyga.lt\/en\/produktas\/brandinancios-nesekmes\/\" \/>\n<meta property=\"og:locale\" content=\"en_GB\" \/>\n<meta property=\"og:locale:alternate\" content=\"lt_LT\" \/>\n<meta property=\"og:type\" content=\"article\" \/>\n<meta property=\"og:title\" content=\"Brandinan\u010dios nes\u0117km\u0117s - Skaitytaknyga\" \/>\n<meta property=\"og:description\" content=\"Pa\u017eeid\u017eiamumo fizikos d\u0117snis paprastas: jei pakankamai daug ir da\u017enai i\u0161dr\u012fsime, mes b\u016btinai klysime. New York Times bestseleri\u0173 \u201eDidi dr\u0105sa\u201c ir \u201eNetobulumo dovanos\u201c autor\u0117 pasakoja apie tai, ko prireiks, kad v\u0117l pakiltum\u0117te, ir kaip i\u0161dr\u012fs\u0119 i\u0161siai\u0161kini, k\u0105 i\u0161 ties\u0173 jau\u010diame ir kas i\u0161 ties\u0173 \u012fvyko, galime para\u0161yti nauj\u0105 ir dr\u0105si\u0105 savo istorijos pabaig\u0105. Sunkumai gali mus i\u0161mokyti b\u016bti dr\u0105siais ir ry\u017etingais, o kildami po nes\u0117m\u0117s atrasime gilesn\u0119 prasm\u0119, i\u0161mint\u012f ir vilt\u012f. Kai neigiame savo skausmingas istorijas, jos mus \u012fvardija. Kai jas pripa\u017e\u012fstame, galime patys para\u0161yti joms pabaig\u0105. Socialini\u0173 moksl\u0173 daktar\u0117 Bren\u00e9 Brown \u012f\u017eieb\u0117 pasaulin\u0119 diskusij\u0105 apie dr\u0105s\u0105, pa\u017eeid\u017eiamum\u0105, g\u0117d\u0105 ir vert\u0119. Jos tyrimai atskleid\u0117 gili\u0105 ties\u0105: Pa\u017eeid\u017eiamumas \u2013 ry\u017etas atsiskleisti ir b\u016bti pasteb\u0117tu, kai s\u0117km\u0117 negarantuota \u2013 yra vienintelis b\u016bdas atrasti meil\u0119, bendryst\u0119, k\u016bryb\u0105 ir d\u017eiaugsm\u0105. Bet dr\u0105siai gyventi n\u0117ra lengva: mes nei\u0161vengiamai suklupsime ir krisime.\" \/>\n<meta property=\"og:url\" content=\"https:\/\/skaitytaknyga.lt\/en\/produktas\/brandinancios-nesekmes\/\" \/>\n<meta property=\"og:site_name\" content=\"Skaitytaknyga\" \/>\n<meta property=\"article:publisher\" content=\"https:\/\/www.facebook.com\/skaitytaknyga\/\" \/>\n<meta property=\"article:modified_time\" content=\"2024-05-03T07:29:43+00:00\" \/>\n<meta property=\"og:image\" content=\"https:\/\/skaitytaknyga.lt\/wp-content\/uploads\/2024\/05\/brandinancios-nesekmes.jpg\" \/>\n\t<meta property=\"og:image:width\" content=\"282\" \/>\n\t<meta property=\"og:image:height\" content=\"400\" \/>\n\t<meta property=\"og:image:type\" content=\"image\/jpeg\" \/>\n<meta name=\"twitter:card\" content=\"summary_large_image\" \/>\n<meta name=\"twitter:label1\" content=\"Estimated reading time\" \/>\n\t<meta name=\"twitter:data1\" content=\"1 minute\" \/>\n<script type=\"application\/ld+json\" class=\"yoast-schema-graph\">{\"@context\":\"https:\/\/schema.org\",\"@graph\":[{\"@type\":\"WebPage\",\"@id\":\"https:\/\/skaitytaknyga.lt\/produktas\/brandinancios-nesekmes\/\",\"url\":\"https:\/\/skaitytaknyga.lt\/produktas\/brandinancios-nesekmes\/\",\"name\":\"Brandinan\u010dios nes\u0117km\u0117s - Skaitytaknyga\",\"isPartOf\":{\"@id\":\"https:\/\/skaitytaknyga.lt\/#website\"},\"primaryImageOfPage\":{\"@id\":\"https:\/\/skaitytaknyga.lt\/produktas\/brandinancios-nesekmes\/#primaryimage\"},\"image\":{\"@id\":\"https:\/\/skaitytaknyga.lt\/produktas\/brandinancios-nesekmes\/#primaryimage\"},\"thumbnailUrl\":\"https:\/\/skaitytaknyga.lt\/wp-content\/uploads\/2024\/05\/brandinancios-nesekmes.jpg\",\"datePublished\":\"2024-05-02T13:16:05+00:00\",\"dateModified\":\"2024-05-03T07:29:43+00:00\",\"description\":\"Pa\u017eeid\u017eiamumo fizikos d\u0117snis paprastas: jei pakankamai daug ir da\u017enai i\u0161dr\u012fsime, mes b\u016btinai klysime. New York Times bestseleri\u0173 \u201eDidi dr\u0105sa\u201c ir \u201eNetobulumo dovanos\u201c autor\u0117 pasakoja apie tai, ko prireiks, kad v\u0117l pakiltum\u0117te, ir kaip i\u0161dr\u012fs\u0119 i\u0161siai\u0161kini, k\u0105 i\u0161 ties\u0173 jau\u010diame ir kas i\u0161 ties\u0173 \u012fvyko, galime para\u0161yti nauj\u0105 ir dr\u0105si\u0105 savo istorijos pabaig\u0105. Sunkumai gali mus i\u0161mokyti b\u016bti dr\u0105siais ir ry\u017etingais, o kildami po nes\u0117m\u0117s atrasime gilesn\u0119 prasm\u0119, i\u0161mint\u012f ir vilt\u012f. Kai neigiame savo skausmingas istorijas, jos mus \u012fvardija. Kai jas pripa\u017e\u012fstame, galime patys para\u0161yti joms pabaig\u0105. Socialini\u0173 moksl\u0173 daktar\u0117 Bren\u00e9 Brown \u012f\u017eieb\u0117 pasaulin\u0119 diskusij\u0105 apie dr\u0105s\u0105, pa\u017eeid\u017eiamum\u0105, g\u0117d\u0105 ir vert\u0119. Jos tyrimai atskleid\u0117 gili\u0105 ties\u0105: Pa\u017eeid\u017eiamumas \u2013 ry\u017etas atsiskleisti ir b\u016bti pasteb\u0117tu, kai s\u0117km\u0117 negarantuota \u2013 yra vienintelis b\u016bdas atrasti meil\u0119, bendryst\u0119, k\u016bryb\u0105 ir d\u017eiaugsm\u0105. Bet dr\u0105siai gyventi n\u0117ra lengva: mes nei\u0161vengiamai suklupsime ir krisime.\",\"breadcrumb\":{\"@id\":\"https:\/\/skaitytaknyga.lt\/produktas\/brandinancios-nesekmes\/#breadcrumb\"},\"inLanguage\":\"en-GB\",\"potentialAction\":[{\"@type\":\"ReadAction\",\"target\":[\"https:\/\/skaitytaknyga.lt\/produktas\/brandinancios-nesekmes\/\"]}]},{\"@type\":\"ImageObject\",\"inLanguage\":\"en-GB\",\"@id\":\"https:\/\/skaitytaknyga.lt\/produktas\/brandinancios-nesekmes\/#primaryimage\",\"url\":\"https:\/\/skaitytaknyga.lt\/wp-content\/uploads\/2024\/05\/brandinancios-nesekmes.jpg\",\"contentUrl\":\"https:\/\/skaitytaknyga.lt\/wp-content\/uploads\/2024\/05\/brandinancios-nesekmes.jpg\",\"width\":282,\"height\":400},{\"@type\":\"BreadcrumbList\",\"@id\":\"https:\/\/skaitytaknyga.lt\/produktas\/brandinancios-nesekmes\/#breadcrumb\",\"itemListElement\":[{\"@type\":\"ListItem\",\"position\":1,\"name\":\"Home\",\"item\":\"https:\/\/skaitytaknyga.lt\/\"},{\"@type\":\"ListItem\",\"position\":2,\"name\":\"Parduotuv\u0117\",\"item\":\"https:\/\/skaitytaknyga.lt\/knygu-parduotuve\/\"},{\"@type\":\"ListItem\",\"position\":3,\"name\":\"Brandinan\u010dios nes\u0117km\u0117s\"}]},{\"@type\":\"WebSite\",\"@id\":\"https:\/\/skaitytaknyga.lt\/#website\",\"url\":\"https:\/\/skaitytaknyga.lt\/\",\"name\":\"skaitytaknyga.lt\",\"description\":\"Skaitytaknyga.lt \u2013 tai ma\u017eas \u0161eimos verslas, kuris prasid\u0117jo nuo meil\u0117s knygoms ir siekio i\u0161gelb\u0117ti knygas nuo likimo prie konteinerio. Kas vienam nereikalingas daiktas \u2013 kitam lobis, o mes esame tarpininkai, kurie padeda abiems tapti laimingesniems ???? \u017dinome kaip nelengva i\u0161gyventi ma\u017eiems verslams, tad nuo \u0161iol, \u010dia rasite ir kit\u0173, ma\u017e\u0173 \u0161eim\u0173 versl\u0173, rank\u0173 darbo, dovan\u0173 sau ir artimiesiems.\",\"publisher\":{\"@id\":\"https:\/\/skaitytaknyga.lt\/#organization\"},\"potentialAction\":[{\"@type\":\"SearchAction\",\"target\":{\"@type\":\"EntryPoint\",\"urlTemplate\":\"https:\/\/skaitytaknyga.lt\/?s={search_term_string}\"},\"query-input\":{\"@type\":\"PropertyValueSpecification\",\"valueRequired\":true,\"valueName\":\"search_term_string\"}}],\"inLanguage\":\"en-GB\"},{\"@type\":\"Organization\",\"@id\":\"https:\/\/skaitytaknyga.lt\/#organization\",\"name\":\"skaitytaknyga.lt\",\"url\":\"https:\/\/skaitytaknyga.lt\/\",\"logo\":{\"@type\":\"ImageObject\",\"inLanguage\":\"en-GB\",\"@id\":\"https:\/\/skaitytaknyga.lt\/#\/schema\/logo\/image\/\",\"url\":\"https:\/\/skaitytaknyga.lt\/wp-content\/uploads\/2024\/05\/cropped-cropped-cropped-02_00843_jt3bggkj1j3HLc7SyY6rEUpg.jpeg\",\"contentUrl\":\"https:\/\/skaitytaknyga.lt\/wp-content\/uploads\/2024\/05\/cropped-cropped-cropped-02_00843_jt3bggkj1j3HLc7SyY6rEUpg.jpeg\",\"width\":1600,\"height\":1600,\"caption\":\"skaitytaknyga.lt\"},\"image\":{\"@id\":\"https:\/\/skaitytaknyga.lt\/#\/schema\/logo\/image\/\"},\"sameAs\":[\"https:\/\/www.facebook.com\/skaitytaknyga\/\"]}]}<\/script>\n<!-- \/ Yoast SEO plugin. -->","yoast_head_json":{"title":"Brandinan\u010dios nes\u0117km\u0117s - Skaitytaknyga","description":"Pa\u017eeid\u017eiamumo fizikos d\u0117snis paprastas: jei pakankamai daug ir da\u017enai i\u0161dr\u012fsime, mes b\u016btinai klysime. New York Times bestseleri\u0173 \u201eDidi dr\u0105sa\u201c ir \u201eNetobulumo dovanos\u201c autor\u0117 pasakoja apie tai, ko prireiks, kad v\u0117l pakiltum\u0117te, ir kaip i\u0161dr\u012fs\u0119 i\u0161siai\u0161kini, k\u0105 i\u0161 ties\u0173 jau\u010diame ir kas i\u0161 ties\u0173 \u012fvyko, galime para\u0161yti nauj\u0105 ir dr\u0105si\u0105 savo istorijos pabaig\u0105. Sunkumai gali mus i\u0161mokyti b\u016bti dr\u0105siais ir ry\u017etingais, o kildami po nes\u0117m\u0117s atrasime gilesn\u0119 prasm\u0119, i\u0161mint\u012f ir vilt\u012f. Kai neigiame savo skausmingas istorijas, jos mus \u012fvardija. Kai jas pripa\u017e\u012fstame, galime patys para\u0161yti joms pabaig\u0105. Socialini\u0173 moksl\u0173 daktar\u0117 Bren\u00e9 Brown \u012f\u017eieb\u0117 pasaulin\u0119 diskusij\u0105 apie dr\u0105s\u0105, pa\u017eeid\u017eiamum\u0105, g\u0117d\u0105 ir vert\u0119. Jos tyrimai atskleid\u0117 gili\u0105 ties\u0105: Pa\u017eeid\u017eiamumas \u2013 ry\u017etas atsiskleisti ir b\u016bti pasteb\u0117tu, kai s\u0117km\u0117 negarantuota \u2013 yra vienintelis b\u016bdas atrasti meil\u0119, bendryst\u0119, k\u016bryb\u0105 ir d\u017eiaugsm\u0105. Bet dr\u0105siai gyventi n\u0117ra lengva: mes nei\u0161vengiamai suklupsime ir krisime.","robots":{"index":"index","follow":"follow","max-snippet":"max-snippet:-1","max-image-preview":"max-image-preview:large","max-video-preview":"max-video-preview:-1"},"canonical":"https:\/\/skaitytaknyga.lt\/en\/produktas\/brandinancios-nesekmes\/","og_locale":"en_GB","og_type":"article","og_title":"Brandinan\u010dios nes\u0117km\u0117s - Skaitytaknyga","og_description":"Pa\u017eeid\u017eiamumo fizikos d\u0117snis paprastas: jei pakankamai daug ir da\u017enai i\u0161dr\u012fsime, mes b\u016btinai klysime. New York Times bestseleri\u0173 \u201eDidi dr\u0105sa\u201c ir \u201eNetobulumo dovanos\u201c autor\u0117 pasakoja apie tai, ko prireiks, kad v\u0117l pakiltum\u0117te, ir kaip i\u0161dr\u012fs\u0119 i\u0161siai\u0161kini, k\u0105 i\u0161 ties\u0173 jau\u010diame ir kas i\u0161 ties\u0173 \u012fvyko, galime para\u0161yti nauj\u0105 ir dr\u0105si\u0105 savo istorijos pabaig\u0105. Sunkumai gali mus i\u0161mokyti b\u016bti dr\u0105siais ir ry\u017etingais, o kildami po nes\u0117m\u0117s atrasime gilesn\u0119 prasm\u0119, i\u0161mint\u012f ir vilt\u012f. Kai neigiame savo skausmingas istorijas, jos mus \u012fvardija. Kai jas pripa\u017e\u012fstame, galime patys para\u0161yti joms pabaig\u0105. Socialini\u0173 moksl\u0173 daktar\u0117 Bren\u00e9 Brown \u012f\u017eieb\u0117 pasaulin\u0119 diskusij\u0105 apie dr\u0105s\u0105, pa\u017eeid\u017eiamum\u0105, g\u0117d\u0105 ir vert\u0119. Jos tyrimai atskleid\u0117 gili\u0105 ties\u0105: Pa\u017eeid\u017eiamumas \u2013 ry\u017etas atsiskleisti ir b\u016bti pasteb\u0117tu, kai s\u0117km\u0117 negarantuota \u2013 yra vienintelis b\u016bdas atrasti meil\u0119, bendryst\u0119, k\u016bryb\u0105 ir d\u017eiaugsm\u0105. Bet dr\u0105siai gyventi n\u0117ra lengva: mes nei\u0161vengiamai suklupsime ir krisime.","og_url":"https:\/\/skaitytaknyga.lt\/en\/produktas\/brandinancios-nesekmes\/","og_site_name":"Skaitytaknyga","article_publisher":"https:\/\/www.facebook.com\/skaitytaknyga\/","article_modified_time":"2024-05-03T07:29:43+00:00","og_image":[{"width":282,"height":400,"url":"https:\/\/skaitytaknyga.lt\/wp-content\/uploads\/2024\/05\/brandinancios-nesekmes.jpg","type":"image\/jpeg"}],"twitter_card":"summary_large_image","twitter_misc":{"Estimated reading time":"1 minute"},"schema":{"@context":"https:\/\/schema.org","@graph":[{"@type":"WebPage","@id":"https:\/\/skaitytaknyga.lt\/produktas\/brandinancios-nesekmes\/","url":"https:\/\/skaitytaknyga.lt\/produktas\/brandinancios-nesekmes\/","name":"Brandinan\u010dios nes\u0117km\u0117s - Skaitytaknyga","isPartOf":{"@id":"https:\/\/skaitytaknyga.lt\/#website"},"primaryImageOfPage":{"@id":"https:\/\/skaitytaknyga.lt\/produktas\/brandinancios-nesekmes\/#primaryimage"},"image":{"@id":"https:\/\/skaitytaknyga.lt\/produktas\/brandinancios-nesekmes\/#primaryimage"},"thumbnailUrl":"https:\/\/skaitytaknyga.lt\/wp-content\/uploads\/2024\/05\/brandinancios-nesekmes.jpg","datePublished":"2024-05-02T13:16:05+00:00","dateModified":"2024-05-03T07:29:43+00:00","description":"Pa\u017eeid\u017eiamumo fizikos d\u0117snis paprastas: jei pakankamai daug ir da\u017enai i\u0161dr\u012fsime, mes b\u016btinai klysime. New York Times bestseleri\u0173 \u201eDidi dr\u0105sa\u201c ir \u201eNetobulumo dovanos\u201c autor\u0117 pasakoja apie tai, ko prireiks, kad v\u0117l pakiltum\u0117te, ir kaip i\u0161dr\u012fs\u0119 i\u0161siai\u0161kini, k\u0105 i\u0161 ties\u0173 jau\u010diame ir kas i\u0161 ties\u0173 \u012fvyko, galime para\u0161yti nauj\u0105 ir dr\u0105si\u0105 savo istorijos pabaig\u0105. Sunkumai gali mus i\u0161mokyti b\u016bti dr\u0105siais ir ry\u017etingais, o kildami po nes\u0117m\u0117s atrasime gilesn\u0119 prasm\u0119, i\u0161mint\u012f ir vilt\u012f. Kai neigiame savo skausmingas istorijas, jos mus \u012fvardija. Kai jas pripa\u017e\u012fstame, galime patys para\u0161yti joms pabaig\u0105. Socialini\u0173 moksl\u0173 daktar\u0117 Bren\u00e9 Brown \u012f\u017eieb\u0117 pasaulin\u0119 diskusij\u0105 apie dr\u0105s\u0105, pa\u017eeid\u017eiamum\u0105, g\u0117d\u0105 ir vert\u0119. Jos tyrimai atskleid\u0117 gili\u0105 ties\u0105: Pa\u017eeid\u017eiamumas \u2013 ry\u017etas atsiskleisti ir b\u016bti pasteb\u0117tu, kai s\u0117km\u0117 negarantuota \u2013 yra vienintelis b\u016bdas atrasti meil\u0119, bendryst\u0119, k\u016bryb\u0105 ir d\u017eiaugsm\u0105. Bet dr\u0105siai gyventi n\u0117ra lengva: mes nei\u0161vengiamai suklupsime ir krisime.","breadcrumb":{"@id":"https:\/\/skaitytaknyga.lt\/produktas\/brandinancios-nesekmes\/#breadcrumb"},"inLanguage":"en-GB","potentialAction":[{"@type":"ReadAction","target":["https:\/\/skaitytaknyga.lt\/produktas\/brandinancios-nesekmes\/"]}]},{"@type":"ImageObject","inLanguage":"en-GB","@id":"https:\/\/skaitytaknyga.lt\/produktas\/brandinancios-nesekmes\/#primaryimage","url":"https:\/\/skaitytaknyga.lt\/wp-content\/uploads\/2024\/05\/brandinancios-nesekmes.jpg","contentUrl":"https:\/\/skaitytaknyga.lt\/wp-content\/uploads\/2024\/05\/brandinancios-nesekmes.jpg","width":282,"height":400},{"@type":"BreadcrumbList","@id":"https:\/\/skaitytaknyga.lt\/produktas\/brandinancios-nesekmes\/#breadcrumb","itemListElement":[{"@type":"ListItem","position":1,"name":"Home","item":"https:\/\/skaitytaknyga.lt\/"},{"@type":"ListItem","position":2,"name":"Parduotuv\u0117","item":"https:\/\/skaitytaknyga.lt\/knygu-parduotuve\/"},{"@type":"ListItem","position":3,"name":"Brandinan\u010dios nes\u0117km\u0117s"}]},{"@type":"WebSite","@id":"https:\/\/skaitytaknyga.lt\/#website","url":"https:\/\/skaitytaknyga.lt\/","name":"skaitytaknyga.lt","description":"Skaitytaknyga.lt \u2013 tai ma\u017eas \u0161eimos verslas, kuris prasid\u0117jo nuo meil\u0117s knygoms ir siekio i\u0161gelb\u0117ti knygas nuo likimo prie konteinerio. Kas vienam nereikalingas daiktas \u2013 kitam lobis, o mes esame tarpininkai, kurie padeda abiems tapti laimingesniems ???? \u017dinome kaip nelengva i\u0161gyventi ma\u017eiems verslams, tad nuo \u0161iol, \u010dia rasite ir kit\u0173, ma\u017e\u0173 \u0161eim\u0173 versl\u0173, rank\u0173 darbo, dovan\u0173 sau ir artimiesiems.","publisher":{"@id":"https:\/\/skaitytaknyga.lt\/#organization"},"potentialAction":[{"@type":"SearchAction","target":{"@type":"EntryPoint","urlTemplate":"https:\/\/skaitytaknyga.lt\/?s={search_term_string}"},"query-input":{"@type":"PropertyValueSpecification","valueRequired":true,"valueName":"search_term_string"}}],"inLanguage":"en-GB"},{"@type":"Organization","@id":"https:\/\/skaitytaknyga.lt\/#organization","name":"skaitytaknyga.lt","url":"https:\/\/skaitytaknyga.lt\/","logo":{"@type":"ImageObject","inLanguage":"en-GB","@id":"https:\/\/skaitytaknyga.lt\/#\/schema\/logo\/image\/","url":"https:\/\/skaitytaknyga.lt\/wp-content\/uploads\/2024\/05\/cropped-cropped-cropped-02_00843_jt3bggkj1j3HLc7SyY6rEUpg.jpeg","contentUrl":"https:\/\/skaitytaknyga.lt\/wp-content\/uploads\/2024\/05\/cropped-cropped-cropped-02_00843_jt3bggkj1j3HLc7SyY6rEUpg.jpeg","width":1600,"height":1600,"caption":"skaitytaknyga.lt"},"image":{"@id":"https:\/\/skaitytaknyga.lt\/#\/schema\/logo\/image\/"},"sameAs":["https:\/\/www.facebook.com\/skaitytaknyga\/"]}]}},"_links":{"self":[{"href":"https:\/\/skaitytaknyga.lt\/en\/wp-json\/wp\/v2\/product\/6330","targetHints":{"allow":["GET"]}}],"collection":[{"href":"https:\/\/skaitytaknyga.lt\/en\/wp-json\/wp\/v2\/product"}],"about":[{"href":"https:\/\/skaitytaknyga.lt\/en\/wp-json\/wp\/v2\/types\/product"}],"replies":[{"embeddable":true,"href":"https:\/\/skaitytaknyga.lt\/en\/wp-json\/wp\/v2\/comments?post=6330"}],"wp:featuredmedia":[{"embeddable":true,"href":"https:\/\/skaitytaknyga.lt\/en\/wp-json\/wp\/v2\/media\/6342"}],"wp:attachment":[{"href":"https:\/\/skaitytaknyga.lt\/en\/wp-json\/wp\/v2\/media?parent=6330"}],"wp:term":[{"taxonomy":"product_brand","embeddable":true,"href":"https:\/\/skaitytaknyga.lt\/en\/wp-json\/wp\/v2\/product_brand?post=6330"},{"taxonomy":"product_cat","embeddable":true,"href":"https:\/\/skaitytaknyga.lt\/en\/wp-json\/wp\/v2\/product_cat?post=6330"},{"taxonomy":"product_tag","embeddable":true,"href":"https:\/\/skaitytaknyga.lt\/en\/wp-json\/wp\/v2\/product_tag?post=6330"}],"curies":[{"name":"wp","href":"https:\/\/api.w.org\/{rel}","templated":true}]}}