{"id":6325,"date":"2024-05-02T13:16:05","date_gmt":"2024-05-02T13:16:05","guid":{"rendered":"https:\/\/skaitytaknyga.lt\/?post_type=product&#038;p=6325"},"modified":"2025-01-27T11:32:54","modified_gmt":"2025-01-27T09:32:54","slug":"tu-gali-jei-manai-kad-gali-pagelte-lapai","status":"publish","type":"product","link":"https:\/\/skaitytaknyga.lt\/en\/produktas\/tu-gali-jei-manai-kad-gali-pagelte-lapai\/","title":{"rendered":"Tu gali, jei manai, kad gali (pagelt\u0119 lapai)"},"content":{"rendered":"<p>\u201eTu gali, jei manai, kad gali\u201c \u2013 Jei jums nesiseka, jei negaunate to, ko trok\u0161tate, \u0161i knyga yra j\u016bs\u0173 \u012frankis, pad\u0117siantis pasiekti tikslus. Jei jus persekioja problemos ir sunkumai, jei pasitik\u0117jimas savimi svyruoja, \u0161i knyga pad\u0117s jums suvokti, kad j\u016bs i\u0161 tikr\u0173j\u0173 galite \u012fveikti bet kokias kli\u016btis. Ie\u0161kokite sprendimo b\u016bd\u0173, kol rasite. Nes sprendimas visada yra. VISADA.<\/p>\n","protected":false},"excerpt":{"rendered":"<p>\u201eTu gali, jei manai, kad gali\u201c \u2013 Jei jums nesiseka, jei negaunate to, ko trok\u0161tate, \u0161i knyga yra j\u016bs\u0173 \u012frankis, pad\u0117siantis pasiekti tikslus. Jei jus persekioja problemos ir sunkumai, jei pasitik\u0117jimas savimi svyruoja, \u0161i knyga pad\u0117s jums suvokti, kad j\u016bs i\u0161 tikr\u0173j\u0173 galite \u012fveikti bet kokias kli\u016btis. Ie\u0161kokite sprendimo b\u016bd\u0173, kol rasite. Nes sprendimas visada yra. VISADA.<\/p>\n","protected":false},"featured_media":6337,"comment_status":"closed","ping_status":"closed","template":"","meta":{"_acf_changed":false,"site-sidebar-layout":"default","site-content-layout":"","ast-site-content-layout":"default","site-content-style":"default","site-sidebar-style":"default","ast-global-header-display":"","ast-banner-title-visibility":"","ast-main-header-display":"","ast-hfb-above-header-display":"","ast-hfb-below-header-display":"","ast-hfb-mobile-header-display":"","site-post-title":"","ast-breadcrumbs-content":"","ast-featured-img":"","footer-sml-layout":"","ast-disable-related-posts":"","theme-transparent-header-meta":"","adv-header-id-meta":"","stick-header-meta":"","header-above-stick-meta":"","header-main-stick-meta":"","header-below-stick-meta":"","astra-migrate-meta-layouts":"default","ast-page-background-enabled":"default","ast-page-background-meta":{"desktop":{"background-color":"","background-image":"","background-repeat":"repeat","background-position":"center center","background-size":"auto","background-attachment":"scroll","background-type":"","background-media":"","overlay-type":"","overlay-color":"","overlay-opacity":"","overlay-gradient":""},"tablet":{"background-color":"","background-image":"","background-repeat":"repeat","background-position":"center center","background-size":"auto","background-attachment":"scroll","background-type":"","background-media":"","overlay-type":"","overlay-color":"","overlay-opacity":"","overlay-gradient":""},"mobile":{"background-color":"","background-image":"","background-repeat":"repeat","background-position":"center center","background-size":"auto","background-attachment":"scroll","background-type":"","background-media":"","overlay-type":"","overlay-color":"","overlay-opacity":"","overlay-gradient":""}},"ast-content-background-meta":{"desktop":{"background-color":"var(--ast-global-color-4)","background-image":"","background-repeat":"repeat","background-position":"center center","background-size":"auto","background-attachment":"scroll","background-type":"","background-media":"","overlay-type":"","overlay-color":"","overlay-opacity":"","overlay-gradient":""},"tablet":{"background-color":"var(--ast-global-color-4)","background-image":"","background-repeat":"repeat","background-position":"center center","background-size":"auto","background-attachment":"scroll","background-type":"","background-media":"","overlay-type":"","overlay-color":"","overlay-opacity":"","overlay-gradient":""},"mobile":{"background-color":"var(--ast-global-color-4)","background-image":"","background-repeat":"repeat","background-position":"center center","background-size":"auto","background-attachment":"scroll","background-type":"","background-media":"","overlay-type":"","overlay-color":"","overlay-opacity":"","overlay-gradient":""}}},"product_brand":[],"product_cat":[30],"product_tag":[],"class_list":{"0":"post-6325","1":"product","2":"type-product","3":"status-publish","4":"has-post-thumbnail","6":"product_cat-psichologija-ir-saviugda","7":"desktop-align-left","8":"tablet-align-left","9":"mobile-align-left","11":"first","12":"outofstock","13":"shipping-taxable","14":"purchasable","15":"product-type-simple"},"acf":[],"yoast_head":"<!-- This site is optimized with the Yoast SEO plugin v27.0 - https:\/\/yoast.com\/product\/yoast-seo-wordpress\/ -->\n<title>Tu gali, jei manai, kad gali (pagelt\u0119 lapai)<\/title>\n<meta name=\"description\" content=\"\u201eTu gali, jei manai, kad gali\u201c \u2013 Jei jums nesiseka, jei negaunate to, ko trok\u0161tate, \u0161i knyga yra j\u016bs\u0173 \u012frankis, pad\u0117siantis pasiekti tikslus. Jei jus persekioja problemos ir sunkumai, jei pasitik\u0117jimas savimi svyruoja, \u0161i knyga pad\u0117s jums suvokti, kad j\u016bs i\u0161 tikr\u0173j\u0173 galite \u012fveikti bet kokias kli\u016btis. Ie\u0161kokite sprendimo b\u016bd\u0173, kol rasite. Nes sprendimas visada yra. VISADA.\" \/>\n<meta name=\"robots\" content=\"index, follow, max-snippet:-1, max-image-preview:large, max-video-preview:-1\" \/>\n<link rel=\"canonical\" href=\"https:\/\/skaitytaknyga.lt\/en\/produktas\/tu-gali-jei-manai-kad-gali-pagelte-lapai\/\" \/>\n<meta property=\"og:locale\" content=\"en_GB\" \/>\n<meta property=\"og:locale:alternate\" content=\"lt_LT\" \/>\n<meta property=\"og:type\" content=\"article\" \/>\n<meta property=\"og:title\" content=\"Tu gali, jei manai, kad gali (pagelt\u0119 lapai)\" \/>\n<meta property=\"og:description\" content=\"\u201eTu gali, jei manai, kad gali\u201c \u2013 Jei jums nesiseka, jei negaunate to, ko trok\u0161tate, \u0161i knyga yra j\u016bs\u0173 \u012frankis, pad\u0117siantis pasiekti tikslus. Jei jus persekioja problemos ir sunkumai, jei pasitik\u0117jimas savimi svyruoja, \u0161i knyga pad\u0117s jums suvokti, kad j\u016bs i\u0161 tikr\u0173j\u0173 galite \u012fveikti bet kokias kli\u016btis. Ie\u0161kokite sprendimo b\u016bd\u0173, kol rasite. Nes sprendimas visada yra. VISADA.\" \/>\n<meta property=\"og:url\" content=\"https:\/\/skaitytaknyga.lt\/en\/produktas\/tu-gali-jei-manai-kad-gali-pagelte-lapai\/\" \/>\n<meta property=\"og:site_name\" content=\"Skaitytaknyga\" \/>\n<meta property=\"article:publisher\" content=\"https:\/\/www.facebook.com\/skaitytaknyga\/\" \/>\n<meta property=\"article:modified_time\" content=\"2025-01-27T09:32:54+00:00\" \/>\n<meta property=\"og:image\" content=\"https:\/\/skaitytaknyga.lt\/wp-content\/uploads\/2024\/05\/031213-img-6362-e1628238513162.jpg\" \/>\n\t<meta property=\"og:image:width\" content=\"206\" \/>\n\t<meta property=\"og:image:height\" content=\"308\" \/>\n\t<meta property=\"og:image:type\" content=\"image\/jpeg\" \/>\n<meta name=\"twitter:card\" content=\"summary_large_image\" \/>\n<meta name=\"twitter:label1\" content=\"Estimated reading time\" \/>\n\t<meta name=\"twitter:data1\" content=\"1 minute\" \/>\n<script type=\"application\/ld+json\" class=\"yoast-schema-graph\">{\"@context\":\"https:\/\/schema.org\",\"@graph\":[{\"@type\":\"WebPage\",\"@id\":\"https:\/\/skaitytaknyga.lt\/produktas\/tu-gali-jei-manai-kad-gali-pagelte-lapai\/\",\"url\":\"https:\/\/skaitytaknyga.lt\/produktas\/tu-gali-jei-manai-kad-gali-pagelte-lapai\/\",\"name\":\"Tu gali, jei manai, kad gali (pagelt\u0119 lapai)\",\"isPartOf\":{\"@id\":\"https:\/\/skaitytaknyga.lt\/#website\"},\"primaryImageOfPage\":{\"@id\":\"https:\/\/skaitytaknyga.lt\/produktas\/tu-gali-jei-manai-kad-gali-pagelte-lapai\/#primaryimage\"},\"image\":{\"@id\":\"https:\/\/skaitytaknyga.lt\/produktas\/tu-gali-jei-manai-kad-gali-pagelte-lapai\/#primaryimage\"},\"thumbnailUrl\":\"https:\/\/skaitytaknyga.lt\/wp-content\/uploads\/2024\/05\/031213-img-6362-e1628238513162.jpg\",\"datePublished\":\"2024-05-02T13:16:05+00:00\",\"dateModified\":\"2025-01-27T09:32:54+00:00\",\"description\":\"\u201eTu gali, jei manai, kad gali\u201c \u2013 Jei jums nesiseka, jei negaunate to, ko trok\u0161tate, \u0161i knyga yra j\u016bs\u0173 \u012frankis, pad\u0117siantis pasiekti tikslus. Jei jus persekioja problemos ir sunkumai, jei pasitik\u0117jimas savimi svyruoja, \u0161i knyga pad\u0117s jums suvokti, kad j\u016bs i\u0161 tikr\u0173j\u0173 galite \u012fveikti bet kokias kli\u016btis. Ie\u0161kokite sprendimo b\u016bd\u0173, kol rasite. Nes sprendimas visada yra. VISADA.\",\"breadcrumb\":{\"@id\":\"https:\/\/skaitytaknyga.lt\/produktas\/tu-gali-jei-manai-kad-gali-pagelte-lapai\/#breadcrumb\"},\"inLanguage\":\"en-GB\",\"potentialAction\":[{\"@type\":\"ReadAction\",\"target\":[\"https:\/\/skaitytaknyga.lt\/produktas\/tu-gali-jei-manai-kad-gali-pagelte-lapai\/\"]}]},{\"@type\":\"ImageObject\",\"inLanguage\":\"en-GB\",\"@id\":\"https:\/\/skaitytaknyga.lt\/produktas\/tu-gali-jei-manai-kad-gali-pagelte-lapai\/#primaryimage\",\"url\":\"https:\/\/skaitytaknyga.lt\/wp-content\/uploads\/2024\/05\/031213-img-6362-e1628238513162.jpg\",\"contentUrl\":\"https:\/\/skaitytaknyga.lt\/wp-content\/uploads\/2024\/05\/031213-img-6362-e1628238513162.jpg\",\"width\":206,\"height\":308},{\"@type\":\"BreadcrumbList\",\"@id\":\"https:\/\/skaitytaknyga.lt\/produktas\/tu-gali-jei-manai-kad-gali-pagelte-lapai\/#breadcrumb\",\"itemListElement\":[{\"@type\":\"ListItem\",\"position\":1,\"name\":\"Home\",\"item\":\"https:\/\/skaitytaknyga.lt\/\"},{\"@type\":\"ListItem\",\"position\":2,\"name\":\"Parduotuv\u0117\",\"item\":\"https:\/\/skaitytaknyga.lt\/knygu-parduotuve\/\"},{\"@type\":\"ListItem\",\"position\":3,\"name\":\"Tu gali, jei manai, kad gali (pagelt\u0119 lapai)\"}]},{\"@type\":\"WebSite\",\"@id\":\"https:\/\/skaitytaknyga.lt\/#website\",\"url\":\"https:\/\/skaitytaknyga.lt\/\",\"name\":\"skaitytaknyga.lt\",\"description\":\"Skaitytaknyga.lt \u2013 tai ma\u017eas \u0161eimos verslas, kuris prasid\u0117jo nuo meil\u0117s knygoms ir siekio i\u0161gelb\u0117ti knygas nuo likimo prie konteinerio. Kas vienam nereikalingas daiktas \u2013 kitam lobis, o mes esame tarpininkai, kurie padeda abiems tapti laimingesniems ???? \u017dinome kaip nelengva i\u0161gyventi ma\u017eiems verslams, tad nuo \u0161iol, \u010dia rasite ir kit\u0173, ma\u017e\u0173 \u0161eim\u0173 versl\u0173, rank\u0173 darbo, dovan\u0173 sau ir artimiesiems.\",\"publisher\":{\"@id\":\"https:\/\/skaitytaknyga.lt\/#organization\"},\"potentialAction\":[{\"@type\":\"SearchAction\",\"target\":{\"@type\":\"EntryPoint\",\"urlTemplate\":\"https:\/\/skaitytaknyga.lt\/?s={search_term_string}\"},\"query-input\":{\"@type\":\"PropertyValueSpecification\",\"valueRequired\":true,\"valueName\":\"search_term_string\"}}],\"inLanguage\":\"en-GB\"},{\"@type\":\"Organization\",\"@id\":\"https:\/\/skaitytaknyga.lt\/#organization\",\"name\":\"skaitytaknyga.lt\",\"url\":\"https:\/\/skaitytaknyga.lt\/\",\"logo\":{\"@type\":\"ImageObject\",\"inLanguage\":\"en-GB\",\"@id\":\"https:\/\/skaitytaknyga.lt\/#\/schema\/logo\/image\/\",\"url\":\"https:\/\/skaitytaknyga.lt\/wp-content\/uploads\/2024\/05\/cropped-cropped-cropped-02_00843_jt3bggkj1j3HLc7SyY6rEUpg.jpeg\",\"contentUrl\":\"https:\/\/skaitytaknyga.lt\/wp-content\/uploads\/2024\/05\/cropped-cropped-cropped-02_00843_jt3bggkj1j3HLc7SyY6rEUpg.jpeg\",\"width\":1600,\"height\":1600,\"caption\":\"skaitytaknyga.lt\"},\"image\":{\"@id\":\"https:\/\/skaitytaknyga.lt\/#\/schema\/logo\/image\/\"},\"sameAs\":[\"https:\/\/www.facebook.com\/skaitytaknyga\/\"]}]}<\/script>\n<!-- \/ Yoast SEO plugin. -->","yoast_head_json":{"title":"Tu gali, jei manai, kad gali (pagelt\u0119 lapai)","description":"\u201eTu gali, jei manai, kad gali\u201c \u2013 Jei jums nesiseka, jei negaunate to, ko trok\u0161tate, \u0161i knyga yra j\u016bs\u0173 \u012frankis, pad\u0117siantis pasiekti tikslus. Jei jus persekioja problemos ir sunkumai, jei pasitik\u0117jimas savimi svyruoja, \u0161i knyga pad\u0117s jums suvokti, kad j\u016bs i\u0161 tikr\u0173j\u0173 galite \u012fveikti bet kokias kli\u016btis. Ie\u0161kokite sprendimo b\u016bd\u0173, kol rasite. Nes sprendimas visada yra. VISADA.","robots":{"index":"index","follow":"follow","max-snippet":"max-snippet:-1","max-image-preview":"max-image-preview:large","max-video-preview":"max-video-preview:-1"},"canonical":"https:\/\/skaitytaknyga.lt\/en\/produktas\/tu-gali-jei-manai-kad-gali-pagelte-lapai\/","og_locale":"en_GB","og_type":"article","og_title":"[:lt]Tu gali, jei manai, kad gali (pagelt\u0119 lapai)[:] - Skaitytaknyga","og_description":"\u201eTu gali, jei manai, kad gali\u201c \u2013 Jei jums nesiseka, jei negaunate to, ko trok\u0161tate, \u0161i knyga yra j\u016bs\u0173 \u012frankis, pad\u0117siantis pasiekti tikslus. Jei jus persekioja problemos ir sunkumai, jei pasitik\u0117jimas savimi svyruoja, \u0161i knyga pad\u0117s jums suvokti, kad j\u016bs i\u0161 tikr\u0173j\u0173 galite \u012fveikti bet kokias kli\u016btis. Ie\u0161kokite sprendimo b\u016bd\u0173, kol rasite. Nes sprendimas visada yra. VISADA.","og_url":"https:\/\/skaitytaknyga.lt\/en\/produktas\/tu-gali-jei-manai-kad-gali-pagelte-lapai\/","og_site_name":"Skaitytaknyga","article_publisher":"https:\/\/www.facebook.com\/skaitytaknyga\/","article_modified_time":"2025-01-27T09:32:54+00:00","og_image":[{"width":206,"height":308,"url":"https:\/\/skaitytaknyga.lt\/wp-content\/uploads\/2024\/05\/031213-img-6362-e1628238513162.jpg","type":"image\/jpeg"}],"twitter_card":"summary_large_image","twitter_misc":{"Estimated reading time":"1 minute"},"schema":{"@context":"https:\/\/schema.org","@graph":[{"@type":"WebPage","@id":"https:\/\/skaitytaknyga.lt\/produktas\/tu-gali-jei-manai-kad-gali-pagelte-lapai\/","url":"https:\/\/skaitytaknyga.lt\/produktas\/tu-gali-jei-manai-kad-gali-pagelte-lapai\/","name":"Tu gali, jei manai, kad gali (pagelt\u0119 lapai)","isPartOf":{"@id":"https:\/\/skaitytaknyga.lt\/#website"},"primaryImageOfPage":{"@id":"https:\/\/skaitytaknyga.lt\/produktas\/tu-gali-jei-manai-kad-gali-pagelte-lapai\/#primaryimage"},"image":{"@id":"https:\/\/skaitytaknyga.lt\/produktas\/tu-gali-jei-manai-kad-gali-pagelte-lapai\/#primaryimage"},"thumbnailUrl":"https:\/\/skaitytaknyga.lt\/wp-content\/uploads\/2024\/05\/031213-img-6362-e1628238513162.jpg","datePublished":"2024-05-02T13:16:05+00:00","dateModified":"2025-01-27T09:32:54+00:00","description":"\u201eTu gali, jei manai, kad gali\u201c \u2013 Jei jums nesiseka, jei negaunate to, ko trok\u0161tate, \u0161i knyga yra j\u016bs\u0173 \u012frankis, pad\u0117siantis pasiekti tikslus. Jei jus persekioja problemos ir sunkumai, jei pasitik\u0117jimas savimi svyruoja, \u0161i knyga pad\u0117s jums suvokti, kad j\u016bs i\u0161 tikr\u0173j\u0173 galite \u012fveikti bet kokias kli\u016btis. Ie\u0161kokite sprendimo b\u016bd\u0173, kol rasite. Nes sprendimas visada yra. VISADA.","breadcrumb":{"@id":"https:\/\/skaitytaknyga.lt\/produktas\/tu-gali-jei-manai-kad-gali-pagelte-lapai\/#breadcrumb"},"inLanguage":"en-GB","potentialAction":[{"@type":"ReadAction","target":["https:\/\/skaitytaknyga.lt\/produktas\/tu-gali-jei-manai-kad-gali-pagelte-lapai\/"]}]},{"@type":"ImageObject","inLanguage":"en-GB","@id":"https:\/\/skaitytaknyga.lt\/produktas\/tu-gali-jei-manai-kad-gali-pagelte-lapai\/#primaryimage","url":"https:\/\/skaitytaknyga.lt\/wp-content\/uploads\/2024\/05\/031213-img-6362-e1628238513162.jpg","contentUrl":"https:\/\/skaitytaknyga.lt\/wp-content\/uploads\/2024\/05\/031213-img-6362-e1628238513162.jpg","width":206,"height":308},{"@type":"BreadcrumbList","@id":"https:\/\/skaitytaknyga.lt\/produktas\/tu-gali-jei-manai-kad-gali-pagelte-lapai\/#breadcrumb","itemListElement":[{"@type":"ListItem","position":1,"name":"Home","item":"https:\/\/skaitytaknyga.lt\/"},{"@type":"ListItem","position":2,"name":"Parduotuv\u0117","item":"https:\/\/skaitytaknyga.lt\/knygu-parduotuve\/"},{"@type":"ListItem","position":3,"name":"Tu gali, jei manai, kad gali (pagelt\u0119 lapai)"}]},{"@type":"WebSite","@id":"https:\/\/skaitytaknyga.lt\/#website","url":"https:\/\/skaitytaknyga.lt\/","name":"skaitytaknyga.lt","description":"Skaitytaknyga.lt \u2013 tai ma\u017eas \u0161eimos verslas, kuris prasid\u0117jo nuo meil\u0117s knygoms ir siekio i\u0161gelb\u0117ti knygas nuo likimo prie konteinerio. Kas vienam nereikalingas daiktas \u2013 kitam lobis, o mes esame tarpininkai, kurie padeda abiems tapti laimingesniems ???? \u017dinome kaip nelengva i\u0161gyventi ma\u017eiems verslams, tad nuo \u0161iol, \u010dia rasite ir kit\u0173, ma\u017e\u0173 \u0161eim\u0173 versl\u0173, rank\u0173 darbo, dovan\u0173 sau ir artimiesiems.","publisher":{"@id":"https:\/\/skaitytaknyga.lt\/#organization"},"potentialAction":[{"@type":"SearchAction","target":{"@type":"EntryPoint","urlTemplate":"https:\/\/skaitytaknyga.lt\/?s={search_term_string}"},"query-input":{"@type":"PropertyValueSpecification","valueRequired":true,"valueName":"search_term_string"}}],"inLanguage":"en-GB"},{"@type":"Organization","@id":"https:\/\/skaitytaknyga.lt\/#organization","name":"skaitytaknyga.lt","url":"https:\/\/skaitytaknyga.lt\/","logo":{"@type":"ImageObject","inLanguage":"en-GB","@id":"https:\/\/skaitytaknyga.lt\/#\/schema\/logo\/image\/","url":"https:\/\/skaitytaknyga.lt\/wp-content\/uploads\/2024\/05\/cropped-cropped-cropped-02_00843_jt3bggkj1j3HLc7SyY6rEUpg.jpeg","contentUrl":"https:\/\/skaitytaknyga.lt\/wp-content\/uploads\/2024\/05\/cropped-cropped-cropped-02_00843_jt3bggkj1j3HLc7SyY6rEUpg.jpeg","width":1600,"height":1600,"caption":"skaitytaknyga.lt"},"image":{"@id":"https:\/\/skaitytaknyga.lt\/#\/schema\/logo\/image\/"},"sameAs":["https:\/\/www.facebook.com\/skaitytaknyga\/"]}]}},"_links":{"self":[{"href":"https:\/\/skaitytaknyga.lt\/en\/wp-json\/wp\/v2\/product\/6325","targetHints":{"allow":["GET"]}}],"collection":[{"href":"https:\/\/skaitytaknyga.lt\/en\/wp-json\/wp\/v2\/product"}],"about":[{"href":"https:\/\/skaitytaknyga.lt\/en\/wp-json\/wp\/v2\/types\/product"}],"replies":[{"embeddable":true,"href":"https:\/\/skaitytaknyga.lt\/en\/wp-json\/wp\/v2\/comments?post=6325"}],"wp:featuredmedia":[{"embeddable":true,"href":"https:\/\/skaitytaknyga.lt\/en\/wp-json\/wp\/v2\/media\/6337"}],"wp:attachment":[{"href":"https:\/\/skaitytaknyga.lt\/en\/wp-json\/wp\/v2\/media?parent=6325"}],"wp:term":[{"taxonomy":"product_brand","embeddable":true,"href":"https:\/\/skaitytaknyga.lt\/en\/wp-json\/wp\/v2\/product_brand?post=6325"},{"taxonomy":"product_cat","embeddable":true,"href":"https:\/\/skaitytaknyga.lt\/en\/wp-json\/wp\/v2\/product_cat?post=6325"},{"taxonomy":"product_tag","embeddable":true,"href":"https:\/\/skaitytaknyga.lt\/en\/wp-json\/wp\/v2\/product_tag?post=6325"}],"curies":[{"name":"wp","href":"https:\/\/api.w.org\/{rel}","templated":true}]}}