{"id":6315,"date":"2024-05-02T13:15:41","date_gmt":"2024-05-02T13:15:41","guid":{"rendered":"https:\/\/skaitytaknyga.lt\/?post_type=product&#038;p=6315"},"modified":"2025-10-02T17:08:09","modified_gmt":"2025-10-02T14:08:09","slug":"dalykines-isvaizdos-vadovas","status":"publish","type":"product","link":"https:\/\/skaitytaknyga.lt\/en\/produktas\/dalykines-isvaizdos-vadovas\/","title":{"rendered":"Dalykin\u0117s i\u0161vaizdos vadovas"},"content":{"rendered":"<p><b>\u201eDalykin\u0117s i\u0161vaizdos vadovas\u201c<\/b>\u00a0skiriamas lyderiams, vadovams, \u012fvairi\u0173 sri\u010di\u0173 administracijos darbuotojams. Knygoje aptariami vyr\u0173 ir moter\u0173 dalykin\u0117s i\u0161vaizdos aspektai: pirmas \u012fsp\u016bdis, laikysena, mimika, savigarba, spalvos ir formos, drabu\u017ei\u0173 siluetai, aprangos kodai ir tai, kaip pasirinkti aksesuarus ir pasirengti dalykin\u0117ms kelion\u0117ms.<br \/>\nKnygoje rasite atsakymus \u012f klausimus, kaip atrodyti profesionaliai ir jaustis patogiai. Kasdiene dalykine apranga ir profesionalia i\u0161vaizda gal\u0117site sukurti tok\u012f \u012fvaizd\u012f, kuris jus geriausiai pristatys, o visiems kitiems paliks puik\u0173 \u012fsp\u016bd\u012f. Darbuotoj\u0173 i\u0161or\u0117 turi didel\u0119 \u012ftak\u0105 bendram \u012fvaizd\u017eiui \u2013 pagal j\u0173 elges\u012f ir manieras vertinama j\u016bs\u0173 \u012fmon\u0117.<br \/>\nKasdien\u0117 apranga darbe turi atitikti j\u016bs\u0173 organizacijos siekius, tikslus ir verslo \u0161ak\u0105, vadovavimo lyg\u012f, status\u0105 ir geografin\u012f region\u0105. Bendraujate net tada, kai nepasakote n\u0117 \u017eod\u017eio. J\u016bs\u0173 apranga \u2013 tai informacija apie jus.<br \/>\nMes link\u0119 manyti, kad \u017emon\u0117s \u012f mus kreipiasi d\u0117l m\u016bs\u0173 profesin\u0117s kompetencijos, ta\u010diau rinkos tyrimai nustat\u0117 labai svarb\u0173 fakt\u0105: ar sieti savo ateit\u012f su mumis, \u017emon\u0117s da\u017eniausiai nusprend\u017eia remdamiesi pirmu \u012fsp\u016bd\u017eiu.<\/p>\n","protected":false},"excerpt":{"rendered":"<p><b>\u201eDalykin\u0117s i\u0161vaizdos vadovas\u201c<\/b>\u00a0skiriamas lyderiams, vadovams, \u012fvairi\u0173 sri\u010di\u0173 administracijos darbuotojams. Knygoje aptariami vyr\u0173 ir moter\u0173 dalykin\u0117s i\u0161vaizdos aspektai: pirmas \u012fsp\u016bdis, laikysena, mimika, savigarba, spalvos ir formos, drabu\u017ei\u0173 siluetai, aprangos kodai ir tai, kaip pasirinkti aksesuarus ir pasirengti dalykin\u0117ms kelion\u0117ms.<br \/>\nKnygoje rasite atsakymus \u012f klausimus, kaip atrodyti profesionaliai ir jaustis patogiai. Kasdiene dalykine apranga ir profesionalia i\u0161vaizda gal\u0117site sukurti tok\u012f \u012fvaizd\u012f, kuris jus geriausiai pristatys, o visiems kitiems paliks puik\u0173 \u012fsp\u016bd\u012f. Darbuotoj\u0173 i\u0161or\u0117 turi didel\u0119 \u012ftak\u0105 bendram \u012fvaizd\u017eiui \u2013 pagal j\u0173 elges\u012f ir manieras vertinama j\u016bs\u0173 \u012fmon\u0117.<br \/>\nKasdien\u0117 apranga darbe turi atitikti j\u016bs\u0173 organizacijos siekius, tikslus ir verslo \u0161ak\u0105, vadovavimo lyg\u012f, status\u0105 ir geografin\u012f region\u0105. Bendraujate net tada, kai nepasakote n\u0117 \u017eod\u017eio. J\u016bs\u0173 apranga \u2013 tai informacija apie jus.<br \/>\nMes link\u0119 manyti, kad \u017emon\u0117s \u012f mus kreipiasi d\u0117l m\u016bs\u0173 profesin\u0117s kompetencijos, ta\u010diau rinkos tyrimai nustat\u0117 labai svarb\u0173 fakt\u0105: ar sieti savo ateit\u012f su mumis, \u017emon\u0117s da\u017eniausiai nusprend\u017eia remdamiesi pirmu \u012fsp\u016bd\u017eiu.<\/p>\n","protected":false},"featured_media":6336,"comment_status":"closed","ping_status":"closed","template":"","meta":{"_acf_changed":false,"site-sidebar-layout":"default","site-content-layout":"","ast-site-content-layout":"default","site-content-style":"default","site-sidebar-style":"default","ast-global-header-display":"","ast-banner-title-visibility":"","ast-main-header-display":"","ast-hfb-above-header-display":"","ast-hfb-below-header-display":"","ast-hfb-mobile-header-display":"","site-post-title":"","ast-breadcrumbs-content":"","ast-featured-img":"","footer-sml-layout":"","ast-disable-related-posts":"","theme-transparent-header-meta":"","adv-header-id-meta":"","stick-header-meta":"","header-above-stick-meta":"","header-main-stick-meta":"","header-below-stick-meta":"","astra-migrate-meta-layouts":"default","ast-page-background-enabled":"default","ast-page-background-meta":{"desktop":{"background-color":"","background-image":"","background-repeat":"repeat","background-position":"center center","background-size":"auto","background-attachment":"scroll","background-type":"","background-media":"","overlay-type":"","overlay-color":"","overlay-opacity":"","overlay-gradient":""},"tablet":{"background-color":"","background-image":"","background-repeat":"repeat","background-position":"center center","background-size":"auto","background-attachment":"scroll","background-type":"","background-media":"","overlay-type":"","overlay-color":"","overlay-opacity":"","overlay-gradient":""},"mobile":{"background-color":"","background-image":"","background-repeat":"repeat","background-position":"center center","background-size":"auto","background-attachment":"scroll","background-type":"","background-media":"","overlay-type":"","overlay-color":"","overlay-opacity":"","overlay-gradient":""}},"ast-content-background-meta":{"desktop":{"background-color":"var(--ast-global-color-4)","background-image":"","background-repeat":"repeat","background-position":"center center","background-size":"auto","background-attachment":"scroll","background-type":"","background-media":"","overlay-type":"","overlay-color":"","overlay-opacity":"","overlay-gradient":""},"tablet":{"background-color":"var(--ast-global-color-4)","background-image":"","background-repeat":"repeat","background-position":"center center","background-size":"auto","background-attachment":"scroll","background-type":"","background-media":"","overlay-type":"","overlay-color":"","overlay-opacity":"","overlay-gradient":""},"mobile":{"background-color":"var(--ast-global-color-4)","background-image":"","background-repeat":"repeat","background-position":"center center","background-size":"auto","background-attachment":"scroll","background-type":"","background-media":"","overlay-type":"","overlay-color":"","overlay-opacity":"","overlay-gradient":""}}},"product_brand":[],"product_cat":[36,26],"product_tag":[],"class_list":{"0":"post-6315","1":"product","2":"type-product","3":"status-publish","4":"has-post-thumbnail","6":"product_cat-makiazas-ir-apranga","7":"product_cat-verslas-vadyba-ir-finansai","8":"desktop-align-left","9":"tablet-align-left","10":"mobile-align-left","12":"first","13":"instock","14":"shipping-taxable","15":"purchasable","16":"product-type-simple"},"acf":[],"yoast_head":"<!-- This site is optimized with the Yoast SEO plugin v27.0 - https:\/\/yoast.com\/product\/yoast-seo-wordpress\/ -->\n<title>Dalykin\u0117s i\u0161vaizdos vadovas - Skaitytaknyga<\/title>\n<meta name=\"description\" content=\"\u201eDalykin\u0117s i\u0161vaizdos vadovas\u201c\u00a0skiriamas lyderiams, vadovams, \u012fvairi\u0173 sri\u010di\u0173 administracijos darbuotojams. Knygoje aptariami vyr\u0173 ir moter\u0173 dalykin\u0117s i\u0161vaizdos aspektai: pirmas \u012fsp\u016bdis, laikysena, mimika, savigarba, spalvos ir formos, drabu\u017ei\u0173 siluetai, aprangos kodai ir tai, kaip pasirinkti aksesuarus ir pasirengti dalykin\u0117ms kelion\u0117ms. Knygoje rasite atsakymus \u012f klausimus, kaip atrodyti profesionaliai ir jaustis patogiai. Kasdiene dalykine apranga ir profesionalia i\u0161vaizda gal\u0117site sukurti tok\u012f \u012fvaizd\u012f, kuris jus geriausiai pristatys, o visiems kitiems paliks puik\u0173 \u012fsp\u016bd\u012f. Darbuotoj\u0173 i\u0161or\u0117 turi didel\u0119 \u012ftak\u0105 bendram \u012fvaizd\u017eiui \u2013 pagal j\u0173 elges\u012f ir manieras vertinama j\u016bs\u0173 \u012fmon\u0117. Kasdien\u0117 apranga darbe turi atitikti j\u016bs\u0173 organizacijos siekius, tikslus ir verslo \u0161ak\u0105, vadovavimo lyg\u012f, status\u0105 ir geografin\u012f region\u0105. Bendraujate net tada, kai nepasakote n\u0117 \u017eod\u017eio. J\u016bs\u0173 apranga \u2013 tai informacija apie jus. Mes link\u0119 manyti, kad \u017emon\u0117s \u012f mus kreipiasi d\u0117l m\u016bs\u0173 profesin\u0117s kompetencijos, ta\u010diau rinkos tyrimai nustat\u0117 labai svarb\u0173 fakt\u0105: ar sieti savo ateit\u012f su mumis, \u017emon\u0117s da\u017eniausiai nusprend\u017eia remdamiesi pirmu \u012fsp\u016bd\u017eiu.\" \/>\n<meta name=\"robots\" content=\"index, follow, max-snippet:-1, max-image-preview:large, max-video-preview:-1\" \/>\n<link rel=\"canonical\" href=\"https:\/\/skaitytaknyga.lt\/en\/produktas\/dalykines-isvaizdos-vadovas\/\" \/>\n<meta property=\"og:locale\" content=\"en_GB\" \/>\n<meta property=\"og:locale:alternate\" content=\"lt_LT\" \/>\n<meta property=\"og:type\" content=\"article\" \/>\n<meta property=\"og:title\" content=\"Dalykin\u0117s i\u0161vaizdos vadovas - Skaitytaknyga\" \/>\n<meta property=\"og:description\" content=\"\u201eDalykin\u0117s i\u0161vaizdos vadovas\u201c\u00a0skiriamas lyderiams, vadovams, \u012fvairi\u0173 sri\u010di\u0173 administracijos darbuotojams. Knygoje aptariami vyr\u0173 ir moter\u0173 dalykin\u0117s i\u0161vaizdos aspektai: pirmas \u012fsp\u016bdis, laikysena, mimika, savigarba, spalvos ir formos, drabu\u017ei\u0173 siluetai, aprangos kodai ir tai, kaip pasirinkti aksesuarus ir pasirengti dalykin\u0117ms kelion\u0117ms. Knygoje rasite atsakymus \u012f klausimus, kaip atrodyti profesionaliai ir jaustis patogiai. Kasdiene dalykine apranga ir profesionalia i\u0161vaizda gal\u0117site sukurti tok\u012f \u012fvaizd\u012f, kuris jus geriausiai pristatys, o visiems kitiems paliks puik\u0173 \u012fsp\u016bd\u012f. Darbuotoj\u0173 i\u0161or\u0117 turi didel\u0119 \u012ftak\u0105 bendram \u012fvaizd\u017eiui \u2013 pagal j\u0173 elges\u012f ir manieras vertinama j\u016bs\u0173 \u012fmon\u0117. Kasdien\u0117 apranga darbe turi atitikti j\u016bs\u0173 organizacijos siekius, tikslus ir verslo \u0161ak\u0105, vadovavimo lyg\u012f, status\u0105 ir geografin\u012f region\u0105. Bendraujate net tada, kai nepasakote n\u0117 \u017eod\u017eio. J\u016bs\u0173 apranga \u2013 tai informacija apie jus. Mes link\u0119 manyti, kad \u017emon\u0117s \u012f mus kreipiasi d\u0117l m\u016bs\u0173 profesin\u0117s kompetencijos, ta\u010diau rinkos tyrimai nustat\u0117 labai svarb\u0173 fakt\u0105: ar sieti savo ateit\u012f su mumis, \u017emon\u0117s da\u017eniausiai nusprend\u017eia remdamiesi pirmu \u012fsp\u016bd\u017eiu.\" \/>\n<meta property=\"og:url\" content=\"https:\/\/skaitytaknyga.lt\/en\/produktas\/dalykines-isvaizdos-vadovas\/\" \/>\n<meta property=\"og:site_name\" content=\"Skaitytaknyga\" \/>\n<meta property=\"article:publisher\" content=\"https:\/\/www.facebook.com\/skaitytaknyga\/\" \/>\n<meta property=\"article:modified_time\" content=\"2025-10-02T14:08:09+00:00\" \/>\n<meta property=\"og:image\" content=\"https:\/\/skaitytaknyga.lt\/wp-content\/uploads\/2024\/05\/dalykines-isvaizdas-vadovas-1.jpg\" \/>\n\t<meta property=\"og:image:width\" content=\"300\" \/>\n\t<meta property=\"og:image:height\" content=\"450\" \/>\n\t<meta property=\"og:image:type\" content=\"image\/jpeg\" \/>\n<meta name=\"twitter:card\" content=\"summary_large_image\" \/>\n<meta name=\"twitter:label1\" content=\"Estimated reading time\" \/>\n\t<meta name=\"twitter:data1\" content=\"1 minute\" \/>\n<script type=\"application\/ld+json\" class=\"yoast-schema-graph\">{\"@context\":\"https:\/\/schema.org\",\"@graph\":[{\"@type\":\"WebPage\",\"@id\":\"https:\/\/skaitytaknyga.lt\/produktas\/dalykines-isvaizdos-vadovas\/\",\"url\":\"https:\/\/skaitytaknyga.lt\/produktas\/dalykines-isvaizdos-vadovas\/\",\"name\":\"Dalykin\u0117s i\u0161vaizdos vadovas - Skaitytaknyga\",\"isPartOf\":{\"@id\":\"https:\/\/skaitytaknyga.lt\/#website\"},\"primaryImageOfPage\":{\"@id\":\"https:\/\/skaitytaknyga.lt\/produktas\/dalykines-isvaizdos-vadovas\/#primaryimage\"},\"image\":{\"@id\":\"https:\/\/skaitytaknyga.lt\/produktas\/dalykines-isvaizdos-vadovas\/#primaryimage\"},\"thumbnailUrl\":\"https:\/\/skaitytaknyga.lt\/wp-content\/uploads\/2024\/05\/dalykines-isvaizdas-vadovas-1.jpg\",\"datePublished\":\"2024-05-02T13:15:41+00:00\",\"dateModified\":\"2025-10-02T14:08:09+00:00\",\"description\":\"\u201eDalykin\u0117s i\u0161vaizdos vadovas\u201c\u00a0skiriamas lyderiams, vadovams, \u012fvairi\u0173 sri\u010di\u0173 administracijos darbuotojams. Knygoje aptariami vyr\u0173 ir moter\u0173 dalykin\u0117s i\u0161vaizdos aspektai: pirmas \u012fsp\u016bdis, laikysena, mimika, savigarba, spalvos ir formos, drabu\u017ei\u0173 siluetai, aprangos kodai ir tai, kaip pasirinkti aksesuarus ir pasirengti dalykin\u0117ms kelion\u0117ms. Knygoje rasite atsakymus \u012f klausimus, kaip atrodyti profesionaliai ir jaustis patogiai. Kasdiene dalykine apranga ir profesionalia i\u0161vaizda gal\u0117site sukurti tok\u012f \u012fvaizd\u012f, kuris jus geriausiai pristatys, o visiems kitiems paliks puik\u0173 \u012fsp\u016bd\u012f. Darbuotoj\u0173 i\u0161or\u0117 turi didel\u0119 \u012ftak\u0105 bendram \u012fvaizd\u017eiui \u2013 pagal j\u0173 elges\u012f ir manieras vertinama j\u016bs\u0173 \u012fmon\u0117. Kasdien\u0117 apranga darbe turi atitikti j\u016bs\u0173 organizacijos siekius, tikslus ir verslo \u0161ak\u0105, vadovavimo lyg\u012f, status\u0105 ir geografin\u012f region\u0105. Bendraujate net tada, kai nepasakote n\u0117 \u017eod\u017eio. J\u016bs\u0173 apranga \u2013 tai informacija apie jus. Mes link\u0119 manyti, kad \u017emon\u0117s \u012f mus kreipiasi d\u0117l m\u016bs\u0173 profesin\u0117s kompetencijos, ta\u010diau rinkos tyrimai nustat\u0117 labai svarb\u0173 fakt\u0105: ar sieti savo ateit\u012f su mumis, \u017emon\u0117s da\u017eniausiai nusprend\u017eia remdamiesi pirmu \u012fsp\u016bd\u017eiu.\",\"breadcrumb\":{\"@id\":\"https:\/\/skaitytaknyga.lt\/produktas\/dalykines-isvaizdos-vadovas\/#breadcrumb\"},\"inLanguage\":\"en-GB\",\"potentialAction\":[{\"@type\":\"ReadAction\",\"target\":[\"https:\/\/skaitytaknyga.lt\/produktas\/dalykines-isvaizdos-vadovas\/\"]}]},{\"@type\":\"ImageObject\",\"inLanguage\":\"en-GB\",\"@id\":\"https:\/\/skaitytaknyga.lt\/produktas\/dalykines-isvaizdos-vadovas\/#primaryimage\",\"url\":\"https:\/\/skaitytaknyga.lt\/wp-content\/uploads\/2024\/05\/dalykines-isvaizdas-vadovas-1.jpg\",\"contentUrl\":\"https:\/\/skaitytaknyga.lt\/wp-content\/uploads\/2024\/05\/dalykines-isvaizdas-vadovas-1.jpg\",\"width\":300,\"height\":450},{\"@type\":\"BreadcrumbList\",\"@id\":\"https:\/\/skaitytaknyga.lt\/produktas\/dalykines-isvaizdos-vadovas\/#breadcrumb\",\"itemListElement\":[{\"@type\":\"ListItem\",\"position\":1,\"name\":\"Home\",\"item\":\"https:\/\/skaitytaknyga.lt\/\"},{\"@type\":\"ListItem\",\"position\":2,\"name\":\"Parduotuv\u0117\",\"item\":\"https:\/\/skaitytaknyga.lt\/knygu-parduotuve\/\"},{\"@type\":\"ListItem\",\"position\":3,\"name\":\"Dalykin\u0117s i\u0161vaizdos vadovas\"}]},{\"@type\":\"WebSite\",\"@id\":\"https:\/\/skaitytaknyga.lt\/#website\",\"url\":\"https:\/\/skaitytaknyga.lt\/\",\"name\":\"skaitytaknyga.lt\",\"description\":\"Skaitytaknyga.lt \u2013 tai ma\u017eas \u0161eimos verslas, kuris prasid\u0117jo nuo meil\u0117s knygoms ir siekio i\u0161gelb\u0117ti knygas nuo likimo prie konteinerio. Kas vienam nereikalingas daiktas \u2013 kitam lobis, o mes esame tarpininkai, kurie padeda abiems tapti laimingesniems ???? \u017dinome kaip nelengva i\u0161gyventi ma\u017eiems verslams, tad nuo \u0161iol, \u010dia rasite ir kit\u0173, ma\u017e\u0173 \u0161eim\u0173 versl\u0173, rank\u0173 darbo, dovan\u0173 sau ir artimiesiems.\",\"publisher\":{\"@id\":\"https:\/\/skaitytaknyga.lt\/#organization\"},\"potentialAction\":[{\"@type\":\"SearchAction\",\"target\":{\"@type\":\"EntryPoint\",\"urlTemplate\":\"https:\/\/skaitytaknyga.lt\/?s={search_term_string}\"},\"query-input\":{\"@type\":\"PropertyValueSpecification\",\"valueRequired\":true,\"valueName\":\"search_term_string\"}}],\"inLanguage\":\"en-GB\"},{\"@type\":\"Organization\",\"@id\":\"https:\/\/skaitytaknyga.lt\/#organization\",\"name\":\"skaitytaknyga.lt\",\"url\":\"https:\/\/skaitytaknyga.lt\/\",\"logo\":{\"@type\":\"ImageObject\",\"inLanguage\":\"en-GB\",\"@id\":\"https:\/\/skaitytaknyga.lt\/#\/schema\/logo\/image\/\",\"url\":\"https:\/\/skaitytaknyga.lt\/wp-content\/uploads\/2024\/05\/cropped-cropped-cropped-02_00843_jt3bggkj1j3HLc7SyY6rEUpg.jpeg\",\"contentUrl\":\"https:\/\/skaitytaknyga.lt\/wp-content\/uploads\/2024\/05\/cropped-cropped-cropped-02_00843_jt3bggkj1j3HLc7SyY6rEUpg.jpeg\",\"width\":1600,\"height\":1600,\"caption\":\"skaitytaknyga.lt\"},\"image\":{\"@id\":\"https:\/\/skaitytaknyga.lt\/#\/schema\/logo\/image\/\"},\"sameAs\":[\"https:\/\/www.facebook.com\/skaitytaknyga\/\"]}]}<\/script>\n<!-- \/ Yoast SEO plugin. -->","yoast_head_json":{"title":"Dalykin\u0117s i\u0161vaizdos vadovas - Skaitytaknyga","description":"\u201eDalykin\u0117s i\u0161vaizdos vadovas\u201c\u00a0skiriamas lyderiams, vadovams, \u012fvairi\u0173 sri\u010di\u0173 administracijos darbuotojams. Knygoje aptariami vyr\u0173 ir moter\u0173 dalykin\u0117s i\u0161vaizdos aspektai: pirmas \u012fsp\u016bdis, laikysena, mimika, savigarba, spalvos ir formos, drabu\u017ei\u0173 siluetai, aprangos kodai ir tai, kaip pasirinkti aksesuarus ir pasirengti dalykin\u0117ms kelion\u0117ms. Knygoje rasite atsakymus \u012f klausimus, kaip atrodyti profesionaliai ir jaustis patogiai. Kasdiene dalykine apranga ir profesionalia i\u0161vaizda gal\u0117site sukurti tok\u012f \u012fvaizd\u012f, kuris jus geriausiai pristatys, o visiems kitiems paliks puik\u0173 \u012fsp\u016bd\u012f. Darbuotoj\u0173 i\u0161or\u0117 turi didel\u0119 \u012ftak\u0105 bendram \u012fvaizd\u017eiui \u2013 pagal j\u0173 elges\u012f ir manieras vertinama j\u016bs\u0173 \u012fmon\u0117. Kasdien\u0117 apranga darbe turi atitikti j\u016bs\u0173 organizacijos siekius, tikslus ir verslo \u0161ak\u0105, vadovavimo lyg\u012f, status\u0105 ir geografin\u012f region\u0105. Bendraujate net tada, kai nepasakote n\u0117 \u017eod\u017eio. J\u016bs\u0173 apranga \u2013 tai informacija apie jus. Mes link\u0119 manyti, kad \u017emon\u0117s \u012f mus kreipiasi d\u0117l m\u016bs\u0173 profesin\u0117s kompetencijos, ta\u010diau rinkos tyrimai nustat\u0117 labai svarb\u0173 fakt\u0105: ar sieti savo ateit\u012f su mumis, \u017emon\u0117s da\u017eniausiai nusprend\u017eia remdamiesi pirmu \u012fsp\u016bd\u017eiu.","robots":{"index":"index","follow":"follow","max-snippet":"max-snippet:-1","max-image-preview":"max-image-preview:large","max-video-preview":"max-video-preview:-1"},"canonical":"https:\/\/skaitytaknyga.lt\/en\/produktas\/dalykines-isvaizdos-vadovas\/","og_locale":"en_GB","og_type":"article","og_title":"Dalykin\u0117s i\u0161vaizdos vadovas - Skaitytaknyga","og_description":"\u201eDalykin\u0117s i\u0161vaizdos vadovas\u201c\u00a0skiriamas lyderiams, vadovams, \u012fvairi\u0173 sri\u010di\u0173 administracijos darbuotojams. Knygoje aptariami vyr\u0173 ir moter\u0173 dalykin\u0117s i\u0161vaizdos aspektai: pirmas \u012fsp\u016bdis, laikysena, mimika, savigarba, spalvos ir formos, drabu\u017ei\u0173 siluetai, aprangos kodai ir tai, kaip pasirinkti aksesuarus ir pasirengti dalykin\u0117ms kelion\u0117ms. Knygoje rasite atsakymus \u012f klausimus, kaip atrodyti profesionaliai ir jaustis patogiai. Kasdiene dalykine apranga ir profesionalia i\u0161vaizda gal\u0117site sukurti tok\u012f \u012fvaizd\u012f, kuris jus geriausiai pristatys, o visiems kitiems paliks puik\u0173 \u012fsp\u016bd\u012f. Darbuotoj\u0173 i\u0161or\u0117 turi didel\u0119 \u012ftak\u0105 bendram \u012fvaizd\u017eiui \u2013 pagal j\u0173 elges\u012f ir manieras vertinama j\u016bs\u0173 \u012fmon\u0117. Kasdien\u0117 apranga darbe turi atitikti j\u016bs\u0173 organizacijos siekius, tikslus ir verslo \u0161ak\u0105, vadovavimo lyg\u012f, status\u0105 ir geografin\u012f region\u0105. Bendraujate net tada, kai nepasakote n\u0117 \u017eod\u017eio. J\u016bs\u0173 apranga \u2013 tai informacija apie jus. Mes link\u0119 manyti, kad \u017emon\u0117s \u012f mus kreipiasi d\u0117l m\u016bs\u0173 profesin\u0117s kompetencijos, ta\u010diau rinkos tyrimai nustat\u0117 labai svarb\u0173 fakt\u0105: ar sieti savo ateit\u012f su mumis, \u017emon\u0117s da\u017eniausiai nusprend\u017eia remdamiesi pirmu \u012fsp\u016bd\u017eiu.","og_url":"https:\/\/skaitytaknyga.lt\/en\/produktas\/dalykines-isvaizdos-vadovas\/","og_site_name":"Skaitytaknyga","article_publisher":"https:\/\/www.facebook.com\/skaitytaknyga\/","article_modified_time":"2025-10-02T14:08:09+00:00","og_image":[{"width":300,"height":450,"url":"https:\/\/skaitytaknyga.lt\/wp-content\/uploads\/2024\/05\/dalykines-isvaizdas-vadovas-1.jpg","type":"image\/jpeg"}],"twitter_card":"summary_large_image","twitter_misc":{"Estimated reading time":"1 minute"},"schema":{"@context":"https:\/\/schema.org","@graph":[{"@type":"WebPage","@id":"https:\/\/skaitytaknyga.lt\/produktas\/dalykines-isvaizdos-vadovas\/","url":"https:\/\/skaitytaknyga.lt\/produktas\/dalykines-isvaizdos-vadovas\/","name":"Dalykin\u0117s i\u0161vaizdos vadovas - Skaitytaknyga","isPartOf":{"@id":"https:\/\/skaitytaknyga.lt\/#website"},"primaryImageOfPage":{"@id":"https:\/\/skaitytaknyga.lt\/produktas\/dalykines-isvaizdos-vadovas\/#primaryimage"},"image":{"@id":"https:\/\/skaitytaknyga.lt\/produktas\/dalykines-isvaizdos-vadovas\/#primaryimage"},"thumbnailUrl":"https:\/\/skaitytaknyga.lt\/wp-content\/uploads\/2024\/05\/dalykines-isvaizdas-vadovas-1.jpg","datePublished":"2024-05-02T13:15:41+00:00","dateModified":"2025-10-02T14:08:09+00:00","description":"\u201eDalykin\u0117s i\u0161vaizdos vadovas\u201c\u00a0skiriamas lyderiams, vadovams, \u012fvairi\u0173 sri\u010di\u0173 administracijos darbuotojams. Knygoje aptariami vyr\u0173 ir moter\u0173 dalykin\u0117s i\u0161vaizdos aspektai: pirmas \u012fsp\u016bdis, laikysena, mimika, savigarba, spalvos ir formos, drabu\u017ei\u0173 siluetai, aprangos kodai ir tai, kaip pasirinkti aksesuarus ir pasirengti dalykin\u0117ms kelion\u0117ms. Knygoje rasite atsakymus \u012f klausimus, kaip atrodyti profesionaliai ir jaustis patogiai. Kasdiene dalykine apranga ir profesionalia i\u0161vaizda gal\u0117site sukurti tok\u012f \u012fvaizd\u012f, kuris jus geriausiai pristatys, o visiems kitiems paliks puik\u0173 \u012fsp\u016bd\u012f. Darbuotoj\u0173 i\u0161or\u0117 turi didel\u0119 \u012ftak\u0105 bendram \u012fvaizd\u017eiui \u2013 pagal j\u0173 elges\u012f ir manieras vertinama j\u016bs\u0173 \u012fmon\u0117. Kasdien\u0117 apranga darbe turi atitikti j\u016bs\u0173 organizacijos siekius, tikslus ir verslo \u0161ak\u0105, vadovavimo lyg\u012f, status\u0105 ir geografin\u012f region\u0105. Bendraujate net tada, kai nepasakote n\u0117 \u017eod\u017eio. J\u016bs\u0173 apranga \u2013 tai informacija apie jus. Mes link\u0119 manyti, kad \u017emon\u0117s \u012f mus kreipiasi d\u0117l m\u016bs\u0173 profesin\u0117s kompetencijos, ta\u010diau rinkos tyrimai nustat\u0117 labai svarb\u0173 fakt\u0105: ar sieti savo ateit\u012f su mumis, \u017emon\u0117s da\u017eniausiai nusprend\u017eia remdamiesi pirmu \u012fsp\u016bd\u017eiu.","breadcrumb":{"@id":"https:\/\/skaitytaknyga.lt\/produktas\/dalykines-isvaizdos-vadovas\/#breadcrumb"},"inLanguage":"en-GB","potentialAction":[{"@type":"ReadAction","target":["https:\/\/skaitytaknyga.lt\/produktas\/dalykines-isvaizdos-vadovas\/"]}]},{"@type":"ImageObject","inLanguage":"en-GB","@id":"https:\/\/skaitytaknyga.lt\/produktas\/dalykines-isvaizdos-vadovas\/#primaryimage","url":"https:\/\/skaitytaknyga.lt\/wp-content\/uploads\/2024\/05\/dalykines-isvaizdas-vadovas-1.jpg","contentUrl":"https:\/\/skaitytaknyga.lt\/wp-content\/uploads\/2024\/05\/dalykines-isvaizdas-vadovas-1.jpg","width":300,"height":450},{"@type":"BreadcrumbList","@id":"https:\/\/skaitytaknyga.lt\/produktas\/dalykines-isvaizdos-vadovas\/#breadcrumb","itemListElement":[{"@type":"ListItem","position":1,"name":"Home","item":"https:\/\/skaitytaknyga.lt\/"},{"@type":"ListItem","position":2,"name":"Parduotuv\u0117","item":"https:\/\/skaitytaknyga.lt\/knygu-parduotuve\/"},{"@type":"ListItem","position":3,"name":"Dalykin\u0117s i\u0161vaizdos vadovas"}]},{"@type":"WebSite","@id":"https:\/\/skaitytaknyga.lt\/#website","url":"https:\/\/skaitytaknyga.lt\/","name":"skaitytaknyga.lt","description":"Skaitytaknyga.lt \u2013 tai ma\u017eas \u0161eimos verslas, kuris prasid\u0117jo nuo meil\u0117s knygoms ir siekio i\u0161gelb\u0117ti knygas nuo likimo prie konteinerio. Kas vienam nereikalingas daiktas \u2013 kitam lobis, o mes esame tarpininkai, kurie padeda abiems tapti laimingesniems ???? \u017dinome kaip nelengva i\u0161gyventi ma\u017eiems verslams, tad nuo \u0161iol, \u010dia rasite ir kit\u0173, ma\u017e\u0173 \u0161eim\u0173 versl\u0173, rank\u0173 darbo, dovan\u0173 sau ir artimiesiems.","publisher":{"@id":"https:\/\/skaitytaknyga.lt\/#organization"},"potentialAction":[{"@type":"SearchAction","target":{"@type":"EntryPoint","urlTemplate":"https:\/\/skaitytaknyga.lt\/?s={search_term_string}"},"query-input":{"@type":"PropertyValueSpecification","valueRequired":true,"valueName":"search_term_string"}}],"inLanguage":"en-GB"},{"@type":"Organization","@id":"https:\/\/skaitytaknyga.lt\/#organization","name":"skaitytaknyga.lt","url":"https:\/\/skaitytaknyga.lt\/","logo":{"@type":"ImageObject","inLanguage":"en-GB","@id":"https:\/\/skaitytaknyga.lt\/#\/schema\/logo\/image\/","url":"https:\/\/skaitytaknyga.lt\/wp-content\/uploads\/2024\/05\/cropped-cropped-cropped-02_00843_jt3bggkj1j3HLc7SyY6rEUpg.jpeg","contentUrl":"https:\/\/skaitytaknyga.lt\/wp-content\/uploads\/2024\/05\/cropped-cropped-cropped-02_00843_jt3bggkj1j3HLc7SyY6rEUpg.jpeg","width":1600,"height":1600,"caption":"skaitytaknyga.lt"},"image":{"@id":"https:\/\/skaitytaknyga.lt\/#\/schema\/logo\/image\/"},"sameAs":["https:\/\/www.facebook.com\/skaitytaknyga\/"]}]}},"_links":{"self":[{"href":"https:\/\/skaitytaknyga.lt\/en\/wp-json\/wp\/v2\/product\/6315","targetHints":{"allow":["GET"]}}],"collection":[{"href":"https:\/\/skaitytaknyga.lt\/en\/wp-json\/wp\/v2\/product"}],"about":[{"href":"https:\/\/skaitytaknyga.lt\/en\/wp-json\/wp\/v2\/types\/product"}],"replies":[{"embeddable":true,"href":"https:\/\/skaitytaknyga.lt\/en\/wp-json\/wp\/v2\/comments?post=6315"}],"wp:featuredmedia":[{"embeddable":true,"href":"https:\/\/skaitytaknyga.lt\/en\/wp-json\/wp\/v2\/media\/6336"}],"wp:attachment":[{"href":"https:\/\/skaitytaknyga.lt\/en\/wp-json\/wp\/v2\/media?parent=6315"}],"wp:term":[{"taxonomy":"product_brand","embeddable":true,"href":"https:\/\/skaitytaknyga.lt\/en\/wp-json\/wp\/v2\/product_brand?post=6315"},{"taxonomy":"product_cat","embeddable":true,"href":"https:\/\/skaitytaknyga.lt\/en\/wp-json\/wp\/v2\/product_cat?post=6315"},{"taxonomy":"product_tag","embeddable":true,"href":"https:\/\/skaitytaknyga.lt\/en\/wp-json\/wp\/v2\/product_tag?post=6315"}],"curies":[{"name":"wp","href":"https:\/\/api.w.org\/{rel}","templated":true}]}}