{"id":6294,"date":"2024-05-02T13:15:18","date_gmt":"2024-05-02T13:15:18","guid":{"rendered":"https:\/\/skaitytaknyga.lt\/?post_type=product&#038;p=6294"},"modified":"2024-05-03T07:29:41","modified_gmt":"2024-05-03T07:29:41","slug":"karen-mccombie-mano-mielas-paseles-valentinas","status":"publish","type":"product","link":"https:\/\/skaitytaknyga.lt\/en\/produktas\/karen-mccombie-mano-mielas-paseles-valentinas\/","title":{"rendered":"Karen McCombie \u201eMano mielas pa\u0161\u0117l\u0119s Valentinas\u201c"},"content":{"rendered":"<p>Penkiolikmet\u0117 \u0160auna dar neturi vaikino, ta\u010diau ji nesiruo\u0161ia draugauti su tokiu nuoboda kaip jos sesuo Ruta. \u0160aunos sesuo susi\u017ead\u0117jo su Brajanu per Valentino dien\u0105 ir lygiai po met\u0173, t\u0105 pa\u010di\u0105 dien\u0105, planuoja susituokti. Visa \u0161eima pasineria \u012f pasiruo\u0161im\u0105 tradicin\u0117ms vestuv\u0117ms.<\/p>\n<p>\u0160aunai sukneli\u0173, puok\u0161\u010di\u0173, valgiara\u0161\u010dio rinkimasis kelia siaub\u0105. Ji trok\u0161ta sutikti romanti\u0161k\u0105, jausming\u0105 ir i\u0161rading\u0105 vaikin\u0105, kuris sukurt\u0173 jai dain\u0105, nutapyt\u0173 jos portret\u0105 ar pavadint\u0173 \u017evaig\u017ed\u0119 jos vardu. Arba tiesiog papuo\u0161t\u0173 jos kakl\u0105 saulu\u010di\u0173 vainikais. Vien\u0105 vakar\u0105 parke \u0160auna pamato Dangi\u0161k\u0105j\u012f vaikin\u0105&#8230;<\/p>\n","protected":false},"excerpt":{"rendered":"<p>Penkiolikmet\u0117 \u0160auna dar neturi vaikino, ta\u010diau ji nesiruo\u0161ia draugauti su tokiu nuoboda kaip jos sesuo Ruta. \u0160aunos sesuo susi\u017ead\u0117jo su Brajanu per Valentino dien\u0105 ir lygiai po met\u0173, t\u0105 pa\u010di\u0105 dien\u0105, planuoja susituokti. Visa \u0161eima pasineria \u012f pasiruo\u0161im\u0105 tradicin\u0117ms vestuv\u0117ms.<\/p>\n<p>\u0160aunai sukneli\u0173, puok\u0161\u010di\u0173, valgiara\u0161\u010dio rinkimasis kelia siaub\u0105. Ji trok\u0161ta sutikti romanti\u0161k\u0105, jausming\u0105 ir i\u0161rading\u0105 vaikin\u0105, kuris sukurt\u0173 jai dain\u0105, nutapyt\u0173 jos portret\u0105 ar pavadint\u0173 \u017evaig\u017ed\u0119 jos vardu. Arba tiesiog papuo\u0161t\u0173 jos kakl\u0105 saulu\u010di\u0173 vainikais. Vien\u0105 vakar\u0105 parke \u0160auna pamato Dangi\u0161k\u0105j\u012f vaikin\u0105&#8230;<\/p>\n","protected":false},"featured_media":6316,"comment_status":"closed","ping_status":"closed","template":"","meta":{"_acf_changed":false,"site-sidebar-layout":"default","site-content-layout":"","ast-site-content-layout":"default","site-content-style":"default","site-sidebar-style":"default","ast-global-header-display":"","ast-banner-title-visibility":"","ast-main-header-display":"","ast-hfb-above-header-display":"","ast-hfb-below-header-display":"","ast-hfb-mobile-header-display":"","site-post-title":"","ast-breadcrumbs-content":"","ast-featured-img":"","footer-sml-layout":"","ast-disable-related-posts":"","theme-transparent-header-meta":"","adv-header-id-meta":"","stick-header-meta":"","header-above-stick-meta":"","header-main-stick-meta":"","header-below-stick-meta":"","astra-migrate-meta-layouts":"default","ast-page-background-enabled":"default","ast-page-background-meta":{"desktop":{"background-color":"","background-image":"","background-repeat":"repeat","background-position":"center center","background-size":"auto","background-attachment":"scroll","background-type":"","background-media":"","overlay-type":"","overlay-color":"","overlay-opacity":"","overlay-gradient":""},"tablet":{"background-color":"","background-image":"","background-repeat":"repeat","background-position":"center center","background-size":"auto","background-attachment":"scroll","background-type":"","background-media":"","overlay-type":"","overlay-color":"","overlay-opacity":"","overlay-gradient":""},"mobile":{"background-color":"","background-image":"","background-repeat":"repeat","background-position":"center center","background-size":"auto","background-attachment":"scroll","background-type":"","background-media":"","overlay-type":"","overlay-color":"","overlay-opacity":"","overlay-gradient":""}},"ast-content-background-meta":{"desktop":{"background-color":"var(--ast-global-color-4)","background-image":"","background-repeat":"repeat","background-position":"center center","background-size":"auto","background-attachment":"scroll","background-type":"","background-media":"","overlay-type":"","overlay-color":"","overlay-opacity":"","overlay-gradient":""},"tablet":{"background-color":"var(--ast-global-color-4)","background-image":"","background-repeat":"repeat","background-position":"center center","background-size":"auto","background-attachment":"scroll","background-type":"","background-media":"","overlay-type":"","overlay-color":"","overlay-opacity":"","overlay-gradient":""},"mobile":{"background-color":"var(--ast-global-color-4)","background-image":"","background-repeat":"repeat","background-position":"center center","background-size":"auto","background-attachment":"scroll","background-type":"","background-media":"","overlay-type":"","overlay-color":"","overlay-opacity":"","overlay-gradient":""}}},"product_brand":[],"product_cat":[31],"product_tag":[],"class_list":{"0":"post-6294","1":"product","2":"type-product","3":"status-publish","4":"has-post-thumbnail","6":"product_cat-grozine-literatura","7":"pa_leidimo-metai-680","8":"pa_virselis-kietas","9":"desktop-align-left","10":"tablet-align-left","11":"mobile-align-left","13":"first","14":"instock","15":"shipping-taxable","16":"purchasable","17":"product-type-simple"},"acf":[],"yoast_head":"<!-- This site is optimized with the Yoast SEO plugin v27.0 - https:\/\/yoast.com\/product\/yoast-seo-wordpress\/ -->\n<title>Karen McCombie \u201eMano mielas pa\u0161\u0117l\u0119s Valentinas\u201c - Skaitytaknyga<\/title>\n<meta name=\"description\" content=\"Penkiolikmet\u0117 \u0160auna dar neturi vaikino, ta\u010diau ji nesiruo\u0161ia draugauti su tokiu nuoboda kaip jos sesuo Ruta. \u0160aunos sesuo susi\u017ead\u0117jo su Brajanu per Valentino dien\u0105 ir lygiai po met\u0173, t\u0105 pa\u010di\u0105 dien\u0105, planuoja susituokti. Visa \u0161eima pasineria \u012f pasiruo\u0161im\u0105 tradicin\u0117ms vestuv\u0117ms.  \u0160aunai sukneli\u0173, puok\u0161\u010di\u0173, valgiara\u0161\u010dio rinkimasis kelia siaub\u0105. Ji trok\u0161ta sutikti romanti\u0161k\u0105, jausming\u0105 ir i\u0161rading\u0105 vaikin\u0105, kuris sukurt\u0173 jai dain\u0105, nutapyt\u0173 jos portret\u0105 ar pavadint\u0173 \u017evaig\u017ed\u0119 jos vardu. Arba tiesiog papuo\u0161t\u0173 jos kakl\u0105 saulu\u010di\u0173 vainikais. Vien\u0105 vakar\u0105 parke \u0160auna pamato Dangi\u0161k\u0105j\u012f vaikin\u0105...\" \/>\n<meta name=\"robots\" content=\"index, follow, max-snippet:-1, max-image-preview:large, max-video-preview:-1\" \/>\n<link rel=\"canonical\" href=\"https:\/\/skaitytaknyga.lt\/en\/produktas\/karen-mccombie-mano-mielas-paseles-valentinas\/\" \/>\n<meta property=\"og:locale\" content=\"en_GB\" \/>\n<meta property=\"og:locale:alternate\" content=\"lt_LT\" \/>\n<meta property=\"og:type\" content=\"article\" \/>\n<meta property=\"og:title\" content=\"Karen McCombie \u201eMano mielas pa\u0161\u0117l\u0119s Valentinas\u201c - Skaitytaknyga\" \/>\n<meta property=\"og:description\" content=\"Penkiolikmet\u0117 \u0160auna dar neturi vaikino, ta\u010diau ji nesiruo\u0161ia draugauti su tokiu nuoboda kaip jos sesuo Ruta. \u0160aunos sesuo susi\u017ead\u0117jo su Brajanu per Valentino dien\u0105 ir lygiai po met\u0173, t\u0105 pa\u010di\u0105 dien\u0105, planuoja susituokti. Visa \u0161eima pasineria \u012f pasiruo\u0161im\u0105 tradicin\u0117ms vestuv\u0117ms.  \u0160aunai sukneli\u0173, puok\u0161\u010di\u0173, valgiara\u0161\u010dio rinkimasis kelia siaub\u0105. Ji trok\u0161ta sutikti romanti\u0161k\u0105, jausming\u0105 ir i\u0161rading\u0105 vaikin\u0105, kuris sukurt\u0173 jai dain\u0105, nutapyt\u0173 jos portret\u0105 ar pavadint\u0173 \u017evaig\u017ed\u0119 jos vardu. Arba tiesiog papuo\u0161t\u0173 jos kakl\u0105 saulu\u010di\u0173 vainikais. Vien\u0105 vakar\u0105 parke \u0160auna pamato Dangi\u0161k\u0105j\u012f vaikin\u0105...\" \/>\n<meta property=\"og:url\" content=\"https:\/\/skaitytaknyga.lt\/en\/produktas\/karen-mccombie-mano-mielas-paseles-valentinas\/\" \/>\n<meta property=\"og:site_name\" content=\"Skaitytaknyga\" \/>\n<meta property=\"article:publisher\" content=\"https:\/\/www.facebook.com\/skaitytaknyga\/\" \/>\n<meta property=\"article:modified_time\" content=\"2024-05-03T07:29:41+00:00\" \/>\n<meta property=\"og:image\" content=\"https:\/\/skaitytaknyga.lt\/wp-content\/uploads\/2024\/05\/1462881600_img0016.jpg\" \/>\n\t<meta property=\"og:image:width\" content=\"267\" \/>\n\t<meta property=\"og:image:height\" content=\"430\" \/>\n\t<meta property=\"og:image:type\" content=\"image\/jpeg\" \/>\n<meta name=\"twitter:card\" content=\"summary_large_image\" \/>\n<meta name=\"twitter:label1\" content=\"Estimated reading time\" \/>\n\t<meta name=\"twitter:data1\" content=\"1 minute\" \/>\n<script type=\"application\/ld+json\" class=\"yoast-schema-graph\">{\"@context\":\"https:\/\/schema.org\",\"@graph\":[{\"@type\":\"WebPage\",\"@id\":\"https:\/\/skaitytaknyga.lt\/en\/produktas\/karen-mccombie-mano-mielas-paseles-valentinas\/\",\"url\":\"https:\/\/skaitytaknyga.lt\/en\/produktas\/karen-mccombie-mano-mielas-paseles-valentinas\/\",\"name\":\"Karen McCombie \u201eMano mielas pa\u0161\u0117l\u0119s Valentinas\u201c - Skaitytaknyga\",\"isPartOf\":{\"@id\":\"https:\/\/skaitytaknyga.lt\/#website\"},\"primaryImageOfPage\":{\"@id\":\"https:\/\/skaitytaknyga.lt\/en\/produktas\/karen-mccombie-mano-mielas-paseles-valentinas\/#primaryimage\"},\"image\":{\"@id\":\"https:\/\/skaitytaknyga.lt\/en\/produktas\/karen-mccombie-mano-mielas-paseles-valentinas\/#primaryimage\"},\"thumbnailUrl\":\"https:\/\/skaitytaknyga.lt\/wp-content\/uploads\/2024\/05\/1462881600_img0016.jpg\",\"datePublished\":\"2024-05-02T13:15:18+00:00\",\"dateModified\":\"2024-05-03T07:29:41+00:00\",\"description\":\"Penkiolikmet\u0117 \u0160auna dar neturi vaikino, ta\u010diau ji nesiruo\u0161ia draugauti su tokiu nuoboda kaip jos sesuo Ruta. \u0160aunos sesuo susi\u017ead\u0117jo su Brajanu per Valentino dien\u0105 ir lygiai po met\u0173, t\u0105 pa\u010di\u0105 dien\u0105, planuoja susituokti. Visa \u0161eima pasineria \u012f pasiruo\u0161im\u0105 tradicin\u0117ms vestuv\u0117ms. \u0160aunai sukneli\u0173, puok\u0161\u010di\u0173, valgiara\u0161\u010dio rinkimasis kelia siaub\u0105. Ji trok\u0161ta sutikti romanti\u0161k\u0105, jausming\u0105 ir i\u0161rading\u0105 vaikin\u0105, kuris sukurt\u0173 jai dain\u0105, nutapyt\u0173 jos portret\u0105 ar pavadint\u0173 \u017evaig\u017ed\u0119 jos vardu. Arba tiesiog papuo\u0161t\u0173 jos kakl\u0105 saulu\u010di\u0173 vainikais. Vien\u0105 vakar\u0105 parke \u0160auna pamato Dangi\u0161k\u0105j\u012f vaikin\u0105...\",\"breadcrumb\":{\"@id\":\"https:\/\/skaitytaknyga.lt\/en\/produktas\/karen-mccombie-mano-mielas-paseles-valentinas\/#breadcrumb\"},\"inLanguage\":\"en-GB\",\"potentialAction\":[{\"@type\":\"ReadAction\",\"target\":[\"https:\/\/skaitytaknyga.lt\/en\/produktas\/karen-mccombie-mano-mielas-paseles-valentinas\/\"]}]},{\"@type\":\"ImageObject\",\"inLanguage\":\"en-GB\",\"@id\":\"https:\/\/skaitytaknyga.lt\/en\/produktas\/karen-mccombie-mano-mielas-paseles-valentinas\/#primaryimage\",\"url\":\"https:\/\/skaitytaknyga.lt\/wp-content\/uploads\/2024\/05\/1462881600_img0016.jpg\",\"contentUrl\":\"https:\/\/skaitytaknyga.lt\/wp-content\/uploads\/2024\/05\/1462881600_img0016.jpg\",\"width\":267,\"height\":430},{\"@type\":\"BreadcrumbList\",\"@id\":\"https:\/\/skaitytaknyga.lt\/en\/produktas\/karen-mccombie-mano-mielas-paseles-valentinas\/#breadcrumb\",\"itemListElement\":[{\"@type\":\"ListItem\",\"position\":1,\"name\":\"Home\",\"item\":\"https:\/\/skaitytaknyga.lt\/\"},{\"@type\":\"ListItem\",\"position\":2,\"name\":\"Parduotuv\u0117\",\"item\":\"https:\/\/skaitytaknyga.lt\/knygu-parduotuve\/\"},{\"@type\":\"ListItem\",\"position\":3,\"name\":\"Karen McCombie \u201eMano mielas pa\u0161\u0117l\u0119s Valentinas\u201c\"}]},{\"@type\":\"WebSite\",\"@id\":\"https:\/\/skaitytaknyga.lt\/#website\",\"url\":\"https:\/\/skaitytaknyga.lt\/\",\"name\":\"skaitytaknyga.lt\",\"description\":\"Skaitytaknyga.lt \u2013 tai ma\u017eas \u0161eimos verslas, kuris prasid\u0117jo nuo meil\u0117s knygoms ir siekio i\u0161gelb\u0117ti knygas nuo likimo prie konteinerio. Kas vienam nereikalingas daiktas \u2013 kitam lobis, o mes esame tarpininkai, kurie padeda abiems tapti laimingesniems ???? \u017dinome kaip nelengva i\u0161gyventi ma\u017eiems verslams, tad nuo \u0161iol, \u010dia rasite ir kit\u0173, ma\u017e\u0173 \u0161eim\u0173 versl\u0173, rank\u0173 darbo, dovan\u0173 sau ir artimiesiems.\",\"publisher\":{\"@id\":\"https:\/\/skaitytaknyga.lt\/#organization\"},\"potentialAction\":[{\"@type\":\"SearchAction\",\"target\":{\"@type\":\"EntryPoint\",\"urlTemplate\":\"https:\/\/skaitytaknyga.lt\/?s={search_term_string}\"},\"query-input\":{\"@type\":\"PropertyValueSpecification\",\"valueRequired\":true,\"valueName\":\"search_term_string\"}}],\"inLanguage\":\"en-GB\"},{\"@type\":\"Organization\",\"@id\":\"https:\/\/skaitytaknyga.lt\/#organization\",\"name\":\"skaitytaknyga.lt\",\"url\":\"https:\/\/skaitytaknyga.lt\/\",\"logo\":{\"@type\":\"ImageObject\",\"inLanguage\":\"en-GB\",\"@id\":\"https:\/\/skaitytaknyga.lt\/#\/schema\/logo\/image\/\",\"url\":\"https:\/\/skaitytaknyga.lt\/wp-content\/uploads\/2024\/05\/cropped-cropped-cropped-02_00843_jt3bggkj1j3HLc7SyY6rEUpg.jpeg\",\"contentUrl\":\"https:\/\/skaitytaknyga.lt\/wp-content\/uploads\/2024\/05\/cropped-cropped-cropped-02_00843_jt3bggkj1j3HLc7SyY6rEUpg.jpeg\",\"width\":1600,\"height\":1600,\"caption\":\"skaitytaknyga.lt\"},\"image\":{\"@id\":\"https:\/\/skaitytaknyga.lt\/#\/schema\/logo\/image\/\"},\"sameAs\":[\"https:\/\/www.facebook.com\/skaitytaknyga\/\"]}]}<\/script>\n<!-- \/ Yoast SEO plugin. -->","yoast_head_json":{"title":"Karen McCombie \u201eMano mielas pa\u0161\u0117l\u0119s Valentinas\u201c - Skaitytaknyga","description":"Penkiolikmet\u0117 \u0160auna dar neturi vaikino, ta\u010diau ji nesiruo\u0161ia draugauti su tokiu nuoboda kaip jos sesuo Ruta. \u0160aunos sesuo susi\u017ead\u0117jo su Brajanu per Valentino dien\u0105 ir lygiai po met\u0173, t\u0105 pa\u010di\u0105 dien\u0105, planuoja susituokti. Visa \u0161eima pasineria \u012f pasiruo\u0161im\u0105 tradicin\u0117ms vestuv\u0117ms.  \u0160aunai sukneli\u0173, puok\u0161\u010di\u0173, valgiara\u0161\u010dio rinkimasis kelia siaub\u0105. Ji trok\u0161ta sutikti romanti\u0161k\u0105, jausming\u0105 ir i\u0161rading\u0105 vaikin\u0105, kuris sukurt\u0173 jai dain\u0105, nutapyt\u0173 jos portret\u0105 ar pavadint\u0173 \u017evaig\u017ed\u0119 jos vardu. Arba tiesiog papuo\u0161t\u0173 jos kakl\u0105 saulu\u010di\u0173 vainikais. Vien\u0105 vakar\u0105 parke \u0160auna pamato Dangi\u0161k\u0105j\u012f vaikin\u0105...","robots":{"index":"index","follow":"follow","max-snippet":"max-snippet:-1","max-image-preview":"max-image-preview:large","max-video-preview":"max-video-preview:-1"},"canonical":"https:\/\/skaitytaknyga.lt\/en\/produktas\/karen-mccombie-mano-mielas-paseles-valentinas\/","og_locale":"en_GB","og_type":"article","og_title":"Karen McCombie \u201eMano mielas pa\u0161\u0117l\u0119s Valentinas\u201c - Skaitytaknyga","og_description":"Penkiolikmet\u0117 \u0160auna dar neturi vaikino, ta\u010diau ji nesiruo\u0161ia draugauti su tokiu nuoboda kaip jos sesuo Ruta. \u0160aunos sesuo susi\u017ead\u0117jo su Brajanu per Valentino dien\u0105 ir lygiai po met\u0173, t\u0105 pa\u010di\u0105 dien\u0105, planuoja susituokti. Visa \u0161eima pasineria \u012f pasiruo\u0161im\u0105 tradicin\u0117ms vestuv\u0117ms.  \u0160aunai sukneli\u0173, puok\u0161\u010di\u0173, valgiara\u0161\u010dio rinkimasis kelia siaub\u0105. Ji trok\u0161ta sutikti romanti\u0161k\u0105, jausming\u0105 ir i\u0161rading\u0105 vaikin\u0105, kuris sukurt\u0173 jai dain\u0105, nutapyt\u0173 jos portret\u0105 ar pavadint\u0173 \u017evaig\u017ed\u0119 jos vardu. Arba tiesiog papuo\u0161t\u0173 jos kakl\u0105 saulu\u010di\u0173 vainikais. Vien\u0105 vakar\u0105 parke \u0160auna pamato Dangi\u0161k\u0105j\u012f vaikin\u0105...","og_url":"https:\/\/skaitytaknyga.lt\/en\/produktas\/karen-mccombie-mano-mielas-paseles-valentinas\/","og_site_name":"Skaitytaknyga","article_publisher":"https:\/\/www.facebook.com\/skaitytaknyga\/","article_modified_time":"2024-05-03T07:29:41+00:00","og_image":[{"width":267,"height":430,"url":"https:\/\/skaitytaknyga.lt\/wp-content\/uploads\/2024\/05\/1462881600_img0016.jpg","type":"image\/jpeg"}],"twitter_card":"summary_large_image","twitter_misc":{"Estimated reading time":"1 minute"},"schema":{"@context":"https:\/\/schema.org","@graph":[{"@type":"WebPage","@id":"https:\/\/skaitytaknyga.lt\/en\/produktas\/karen-mccombie-mano-mielas-paseles-valentinas\/","url":"https:\/\/skaitytaknyga.lt\/en\/produktas\/karen-mccombie-mano-mielas-paseles-valentinas\/","name":"Karen McCombie \u201eMano mielas pa\u0161\u0117l\u0119s Valentinas\u201c - Skaitytaknyga","isPartOf":{"@id":"https:\/\/skaitytaknyga.lt\/#website"},"primaryImageOfPage":{"@id":"https:\/\/skaitytaknyga.lt\/en\/produktas\/karen-mccombie-mano-mielas-paseles-valentinas\/#primaryimage"},"image":{"@id":"https:\/\/skaitytaknyga.lt\/en\/produktas\/karen-mccombie-mano-mielas-paseles-valentinas\/#primaryimage"},"thumbnailUrl":"https:\/\/skaitytaknyga.lt\/wp-content\/uploads\/2024\/05\/1462881600_img0016.jpg","datePublished":"2024-05-02T13:15:18+00:00","dateModified":"2024-05-03T07:29:41+00:00","description":"Penkiolikmet\u0117 \u0160auna dar neturi vaikino, ta\u010diau ji nesiruo\u0161ia draugauti su tokiu nuoboda kaip jos sesuo Ruta. \u0160aunos sesuo susi\u017ead\u0117jo su Brajanu per Valentino dien\u0105 ir lygiai po met\u0173, t\u0105 pa\u010di\u0105 dien\u0105, planuoja susituokti. Visa \u0161eima pasineria \u012f pasiruo\u0161im\u0105 tradicin\u0117ms vestuv\u0117ms. \u0160aunai sukneli\u0173, puok\u0161\u010di\u0173, valgiara\u0161\u010dio rinkimasis kelia siaub\u0105. Ji trok\u0161ta sutikti romanti\u0161k\u0105, jausming\u0105 ir i\u0161rading\u0105 vaikin\u0105, kuris sukurt\u0173 jai dain\u0105, nutapyt\u0173 jos portret\u0105 ar pavadint\u0173 \u017evaig\u017ed\u0119 jos vardu. Arba tiesiog papuo\u0161t\u0173 jos kakl\u0105 saulu\u010di\u0173 vainikais. Vien\u0105 vakar\u0105 parke \u0160auna pamato Dangi\u0161k\u0105j\u012f vaikin\u0105...","breadcrumb":{"@id":"https:\/\/skaitytaknyga.lt\/en\/produktas\/karen-mccombie-mano-mielas-paseles-valentinas\/#breadcrumb"},"inLanguage":"en-GB","potentialAction":[{"@type":"ReadAction","target":["https:\/\/skaitytaknyga.lt\/en\/produktas\/karen-mccombie-mano-mielas-paseles-valentinas\/"]}]},{"@type":"ImageObject","inLanguage":"en-GB","@id":"https:\/\/skaitytaknyga.lt\/en\/produktas\/karen-mccombie-mano-mielas-paseles-valentinas\/#primaryimage","url":"https:\/\/skaitytaknyga.lt\/wp-content\/uploads\/2024\/05\/1462881600_img0016.jpg","contentUrl":"https:\/\/skaitytaknyga.lt\/wp-content\/uploads\/2024\/05\/1462881600_img0016.jpg","width":267,"height":430},{"@type":"BreadcrumbList","@id":"https:\/\/skaitytaknyga.lt\/en\/produktas\/karen-mccombie-mano-mielas-paseles-valentinas\/#breadcrumb","itemListElement":[{"@type":"ListItem","position":1,"name":"Home","item":"https:\/\/skaitytaknyga.lt\/"},{"@type":"ListItem","position":2,"name":"Parduotuv\u0117","item":"https:\/\/skaitytaknyga.lt\/knygu-parduotuve\/"},{"@type":"ListItem","position":3,"name":"Karen McCombie \u201eMano mielas pa\u0161\u0117l\u0119s Valentinas\u201c"}]},{"@type":"WebSite","@id":"https:\/\/skaitytaknyga.lt\/#website","url":"https:\/\/skaitytaknyga.lt\/","name":"skaitytaknyga.lt","description":"Skaitytaknyga.lt \u2013 tai ma\u017eas \u0161eimos verslas, kuris prasid\u0117jo nuo meil\u0117s knygoms ir siekio i\u0161gelb\u0117ti knygas nuo likimo prie konteinerio. Kas vienam nereikalingas daiktas \u2013 kitam lobis, o mes esame tarpininkai, kurie padeda abiems tapti laimingesniems ???? \u017dinome kaip nelengva i\u0161gyventi ma\u017eiems verslams, tad nuo \u0161iol, \u010dia rasite ir kit\u0173, ma\u017e\u0173 \u0161eim\u0173 versl\u0173, rank\u0173 darbo, dovan\u0173 sau ir artimiesiems.","publisher":{"@id":"https:\/\/skaitytaknyga.lt\/#organization"},"potentialAction":[{"@type":"SearchAction","target":{"@type":"EntryPoint","urlTemplate":"https:\/\/skaitytaknyga.lt\/?s={search_term_string}"},"query-input":{"@type":"PropertyValueSpecification","valueRequired":true,"valueName":"search_term_string"}}],"inLanguage":"en-GB"},{"@type":"Organization","@id":"https:\/\/skaitytaknyga.lt\/#organization","name":"skaitytaknyga.lt","url":"https:\/\/skaitytaknyga.lt\/","logo":{"@type":"ImageObject","inLanguage":"en-GB","@id":"https:\/\/skaitytaknyga.lt\/#\/schema\/logo\/image\/","url":"https:\/\/skaitytaknyga.lt\/wp-content\/uploads\/2024\/05\/cropped-cropped-cropped-02_00843_jt3bggkj1j3HLc7SyY6rEUpg.jpeg","contentUrl":"https:\/\/skaitytaknyga.lt\/wp-content\/uploads\/2024\/05\/cropped-cropped-cropped-02_00843_jt3bggkj1j3HLc7SyY6rEUpg.jpeg","width":1600,"height":1600,"caption":"skaitytaknyga.lt"},"image":{"@id":"https:\/\/skaitytaknyga.lt\/#\/schema\/logo\/image\/"},"sameAs":["https:\/\/www.facebook.com\/skaitytaknyga\/"]}]}},"_links":{"self":[{"href":"https:\/\/skaitytaknyga.lt\/en\/wp-json\/wp\/v2\/product\/6294","targetHints":{"allow":["GET"]}}],"collection":[{"href":"https:\/\/skaitytaknyga.lt\/en\/wp-json\/wp\/v2\/product"}],"about":[{"href":"https:\/\/skaitytaknyga.lt\/en\/wp-json\/wp\/v2\/types\/product"}],"replies":[{"embeddable":true,"href":"https:\/\/skaitytaknyga.lt\/en\/wp-json\/wp\/v2\/comments?post=6294"}],"wp:featuredmedia":[{"embeddable":true,"href":"https:\/\/skaitytaknyga.lt\/en\/wp-json\/wp\/v2\/media\/6316"}],"wp:attachment":[{"href":"https:\/\/skaitytaknyga.lt\/en\/wp-json\/wp\/v2\/media?parent=6294"}],"wp:term":[{"taxonomy":"product_brand","embeddable":true,"href":"https:\/\/skaitytaknyga.lt\/en\/wp-json\/wp\/v2\/product_brand?post=6294"},{"taxonomy":"product_cat","embeddable":true,"href":"https:\/\/skaitytaknyga.lt\/en\/wp-json\/wp\/v2\/product_cat?post=6294"},{"taxonomy":"product_tag","embeddable":true,"href":"https:\/\/skaitytaknyga.lt\/en\/wp-json\/wp\/v2\/product_tag?post=6294"}],"curies":[{"name":"wp","href":"https:\/\/api.w.org\/{rel}","templated":true}]}}