{"id":6293,"date":"2024-05-02T13:15:18","date_gmt":"2024-05-02T13:15:18","guid":{"rendered":"https:\/\/skaitytaknyga.lt\/?post_type=product&#038;p=6293"},"modified":"2026-03-05T13:23:20","modified_gmt":"2026-03-05T11:23:20","slug":"jean-christophe-grange-purpurines-upes","status":"publish","type":"product","link":"https:\/\/skaitytaknyga.lt\/en\/produktas\/jean-christophe-grange-purpurines-upes\/","title":{"rendered":"Jean Christophe Grang\u00e9 \u201ePurpurin\u0117s up\u0117s\u201c"},"content":{"rendered":"<p>Policininkai \u017einojo, kas yra prievarta ir mirtis. Jie gerai i\u0161man\u0117 savo kasdienin\u012f darb\u0105, ta\u010diau susid\u016br\u0117 su tuo, ko dar nebuvo mat\u0119: i\u0161niekinti, nukankinti nuogi k\u016bnai embrion\u0173 pozomis, kaln\u0173 ir ledo pasaulis. Makabri\u0161ka mirties \u017eym\u0117 \u2013 purpurin\u0117s up\u0117s. Kas jie, atlik\u0119 \u0161\u012f kruvin\u0105 darb\u0105: velnio aps\u0117st\u0173j\u0173 sekta, o gal pami\u0161usi\u0173 \u017eudik\u0173 gauja?<\/p>\n<p>Kovose su gangsteriais nusipeln\u0119s komisaras Nymanas ir gyvenime \u0161ilto ir \u0161alto ragav\u0119s policininkas Abdufas \u0161\u012f syk\u012f i\u0161tirs beproti\u0161k\u0105 byl\u0105. Realyb\u0117, su kuria jie susidurs, bus baisesn\u0117, negu galima \u012fsivaizduoti.<\/p>\n<p><strong>Jeanas Christophes&#8217;as Grang\u00e9<\/strong>\u00a0(\u017danas Kristofas Gran\u017e\u0117) skaitytoj\u0105 apgaubia subtiliu ne\u017einomyb\u0117s \u0161ydu, i\u0161 kurio sunku i\u0161sivaduoti&#8230;<\/p>\n<p>Kvap\u0105 gniau\u017eiantys \u012fvykiai, vaizduot\u0117s \u0161\u0117lsmas, daugiaplaniai, sud\u0117tingi persona\u017eai, jaudinanti aplinka, kinematografi\u0161kas vaizdavimas, nepaliaujamos staigmenos&#8230; Net trys Grang\u00e9 romanai buvo ekranizuoti, o filmas pagal roman\u0105 Purpurin\u0117s up\u0117s peln\u0117 ra\u0161ytojui pasaulin\u0119 \u0161lov\u0119.<\/p>\n","protected":false},"excerpt":{"rendered":"<p>Policininkai \u017einojo, kas yra prievarta ir mirtis. Jie gerai i\u0161man\u0117 savo kasdienin\u012f darb\u0105, ta\u010diau susid\u016br\u0117 su tuo, ko dar nebuvo mat\u0119: i\u0161niekinti, nukankinti nuogi k\u016bnai embrion\u0173 pozomis, kaln\u0173 ir ledo pasaulis. Makabri\u0161ka mirties \u017eym\u0117 \u2013 purpurin\u0117s up\u0117s. Kas jie, atlik\u0119 \u0161\u012f kruvin\u0105 darb\u0105: velnio aps\u0117st\u0173j\u0173 sekta, o gal pami\u0161usi\u0173 \u017eudik\u0173 gauja?<\/p>\n<p>Kovose su gangsteriais nusipeln\u0119s komisaras Nymanas ir gyvenime \u0161ilto ir \u0161alto ragav\u0119s policininkas Abdufas \u0161\u012f syk\u012f i\u0161tirs beproti\u0161k\u0105 byl\u0105. Realyb\u0117, su kuria jie susidurs, bus baisesn\u0117, negu galima \u012fsivaizduoti.<\/p>\n<p><strong>Jeanas Christophes&#8217;as Grang\u00e9<\/strong>\u00a0(\u017danas Kristofas Gran\u017e\u0117) skaitytoj\u0105 apgaubia subtiliu ne\u017einomyb\u0117s \u0161ydu, i\u0161 kurio sunku i\u0161sivaduoti&#8230;<\/p>\n<p>Kvap\u0105 gniau\u017eiantys \u012fvykiai, vaizduot\u0117s \u0161\u0117lsmas, daugiaplaniai, sud\u0117tingi persona\u017eai, jaudinanti aplinka, kinematografi\u0161kas vaizdavimas, nepaliaujamos staigmenos&#8230; Net trys Grang\u00e9 romanai buvo ekranizuoti, o filmas pagal roman\u0105 Purpurin\u0117s up\u0117s peln\u0117 ra\u0161ytojui pasaulin\u0119 \u0161lov\u0119.<\/p>\n","protected":false},"featured_media":6305,"comment_status":"closed","ping_status":"closed","template":"","meta":{"_acf_changed":false,"site-sidebar-layout":"default","site-content-layout":"","ast-site-content-layout":"default","site-content-style":"default","site-sidebar-style":"default","ast-global-header-display":"","ast-banner-title-visibility":"","ast-main-header-display":"","ast-hfb-above-header-display":"","ast-hfb-below-header-display":"","ast-hfb-mobile-header-display":"","site-post-title":"","ast-breadcrumbs-content":"","ast-featured-img":"","footer-sml-layout":"","ast-disable-related-posts":"","theme-transparent-header-meta":"","adv-header-id-meta":"","stick-header-meta":"","header-above-stick-meta":"","header-main-stick-meta":"","header-below-stick-meta":"","astra-migrate-meta-layouts":"default","ast-page-background-enabled":"default","ast-page-background-meta":{"desktop":{"background-color":"","background-image":"","background-repeat":"repeat","background-position":"center center","background-size":"auto","background-attachment":"scroll","background-type":"","background-media":"","overlay-type":"","overlay-color":"","overlay-opacity":"","overlay-gradient":""},"tablet":{"background-color":"","background-image":"","background-repeat":"repeat","background-position":"center center","background-size":"auto","background-attachment":"scroll","background-type":"","background-media":"","overlay-type":"","overlay-color":"","overlay-opacity":"","overlay-gradient":""},"mobile":{"background-color":"","background-image":"","background-repeat":"repeat","background-position":"center center","background-size":"auto","background-attachment":"scroll","background-type":"","background-media":"","overlay-type":"","overlay-color":"","overlay-opacity":"","overlay-gradient":""}},"ast-content-background-meta":{"desktop":{"background-color":"var(--ast-global-color-4)","background-image":"","background-repeat":"repeat","background-position":"center center","background-size":"auto","background-attachment":"scroll","background-type":"","background-media":"","overlay-type":"","overlay-color":"","overlay-opacity":"","overlay-gradient":""},"tablet":{"background-color":"var(--ast-global-color-4)","background-image":"","background-repeat":"repeat","background-position":"center center","background-size":"auto","background-attachment":"scroll","background-type":"","background-media":"","overlay-type":"","overlay-color":"","overlay-opacity":"","overlay-gradient":""},"mobile":{"background-color":"var(--ast-global-color-4)","background-image":"","background-repeat":"repeat","background-position":"center center","background-size":"auto","background-attachment":"scroll","background-type":"","background-media":"","overlay-type":"","overlay-color":"","overlay-opacity":"","overlay-gradient":""}}},"product_brand":[],"product_cat":[9581],"product_tag":[],"class_list":{"0":"post-6293","1":"product","2":"type-product","3":"status-publish","4":"has-post-thumbnail","6":"product_cat-kriminaliniai-romanai","7":"pa_leidimo-metai-680","8":"pa_virselis-kietas","9":"desktop-align-left","10":"tablet-align-left","11":"mobile-align-left","13":"first","14":"instock","15":"shipping-taxable","16":"purchasable","17":"product-type-simple"},"acf":[],"yoast_head":"<!-- This site is optimized with the Yoast SEO plugin v27.0 - https:\/\/yoast.com\/product\/yoast-seo-wordpress\/ -->\n<title>Jean Christophe Grang\u00e9 \u201ePurpurin\u0117s up\u0117s\u201c - Skaitytaknyga<\/title>\n<meta name=\"description\" content=\"Policininkai \u017einojo, kas yra prievarta ir mirtis. Jie gerai i\u0161man\u0117 savo kasdienin\u012f darb\u0105, ta\u010diau susid\u016br\u0117 su tuo, ko dar nebuvo mat\u0119: i\u0161niekinti, nukankinti nuogi k\u016bnai embrion\u0173 pozomis, kaln\u0173 ir ledo pasaulis. Makabri\u0161ka mirties \u017eym\u0117 \u2013 purpurin\u0117s up\u0117s. Kas jie, atlik\u0119 \u0161\u012f kruvin\u0105 darb\u0105: velnio aps\u0117st\u0173j\u0173 sekta, o gal pami\u0161usi\u0173 \u017eudik\u0173 gauja?  Kovose su gangsteriais nusipeln\u0119s komisaras Nymanas ir gyvenime \u0161ilto ir \u0161alto ragav\u0119s policininkas Abdufas \u0161\u012f syk\u012f i\u0161tirs beproti\u0161k\u0105 byl\u0105. Realyb\u0117, su kuria jie susidurs, bus baisesn\u0117, negu galima \u012fsivaizduoti.  Jeanas Christophes&#039;as Grang\u00e9\u00a0(\u017danas Kristofas Gran\u017e\u0117) skaitytoj\u0105 apgaubia subtiliu ne\u017einomyb\u0117s \u0161ydu, i\u0161 kurio sunku i\u0161sivaduoti...  Kvap\u0105 gniau\u017eiantys \u012fvykiai, vaizduot\u0117s \u0161\u0117lsmas, daugiaplaniai, sud\u0117tingi persona\u017eai, jaudinanti aplinka, kinematografi\u0161kas vaizdavimas, nepaliaujamos staigmenos... Net trys Grang\u00e9 romanai buvo ekranizuoti, o filmas pagal roman\u0105 Purpurin\u0117s up\u0117s peln\u0117 ra\u0161ytojui pasaulin\u0119 \u0161lov\u0119.\" \/>\n<meta name=\"robots\" content=\"index, follow, max-snippet:-1, max-image-preview:large, max-video-preview:-1\" \/>\n<link rel=\"canonical\" href=\"https:\/\/skaitytaknyga.lt\/en\/produktas\/jean-christophe-grange-purpurines-upes\/\" \/>\n<meta property=\"og:locale\" content=\"en_GB\" \/>\n<meta property=\"og:locale:alternate\" content=\"lt_LT\" \/>\n<meta property=\"og:type\" content=\"article\" \/>\n<meta property=\"og:title\" content=\"Jean Christophe Grang\u00e9 \u201ePurpurin\u0117s up\u0117s\u201c - Skaitytaknyga\" \/>\n<meta property=\"og:description\" content=\"Policininkai \u017einojo, kas yra prievarta ir mirtis. Jie gerai i\u0161man\u0117 savo kasdienin\u012f darb\u0105, ta\u010diau susid\u016br\u0117 su tuo, ko dar nebuvo mat\u0119: i\u0161niekinti, nukankinti nuogi k\u016bnai embrion\u0173 pozomis, kaln\u0173 ir ledo pasaulis. Makabri\u0161ka mirties \u017eym\u0117 \u2013 purpurin\u0117s up\u0117s. Kas jie, atlik\u0119 \u0161\u012f kruvin\u0105 darb\u0105: velnio aps\u0117st\u0173j\u0173 sekta, o gal pami\u0161usi\u0173 \u017eudik\u0173 gauja?  Kovose su gangsteriais nusipeln\u0119s komisaras Nymanas ir gyvenime \u0161ilto ir \u0161alto ragav\u0119s policininkas Abdufas \u0161\u012f syk\u012f i\u0161tirs beproti\u0161k\u0105 byl\u0105. Realyb\u0117, su kuria jie susidurs, bus baisesn\u0117, negu galima \u012fsivaizduoti.  Jeanas Christophes&#039;as Grang\u00e9\u00a0(\u017danas Kristofas Gran\u017e\u0117) skaitytoj\u0105 apgaubia subtiliu ne\u017einomyb\u0117s \u0161ydu, i\u0161 kurio sunku i\u0161sivaduoti...  Kvap\u0105 gniau\u017eiantys \u012fvykiai, vaizduot\u0117s \u0161\u0117lsmas, daugiaplaniai, sud\u0117tingi persona\u017eai, jaudinanti aplinka, kinematografi\u0161kas vaizdavimas, nepaliaujamos staigmenos... Net trys Grang\u00e9 romanai buvo ekranizuoti, o filmas pagal roman\u0105 Purpurin\u0117s up\u0117s peln\u0117 ra\u0161ytojui pasaulin\u0119 \u0161lov\u0119.\" \/>\n<meta property=\"og:url\" content=\"https:\/\/skaitytaknyga.lt\/en\/produktas\/jean-christophe-grange-purpurines-upes\/\" \/>\n<meta property=\"og:site_name\" content=\"Skaitytaknyga\" \/>\n<meta property=\"article:publisher\" content=\"https:\/\/www.facebook.com\/skaitytaknyga\/\" \/>\n<meta property=\"article:modified_time\" content=\"2026-03-05T11:23:20+00:00\" \/>\n<meta property=\"og:image\" content=\"https:\/\/skaitytaknyga.lt\/wp-content\/uploads\/2024\/05\/1462886249_img0012-001.jpg\" \/>\n\t<meta property=\"og:image:width\" content=\"279\" \/>\n\t<meta property=\"og:image:height\" content=\"430\" \/>\n\t<meta property=\"og:image:type\" content=\"image\/jpeg\" \/>\n<meta name=\"twitter:card\" content=\"summary_large_image\" \/>\n<meta name=\"twitter:label1\" content=\"Estimated reading time\" \/>\n\t<meta name=\"twitter:data1\" content=\"1 minute\" \/>\n<script type=\"application\/ld+json\" class=\"yoast-schema-graph\">{\"@context\":\"https:\/\/schema.org\",\"@graph\":[{\"@type\":\"WebPage\",\"@id\":\"https:\/\/skaitytaknyga.lt\/produktas\/jean-christophe-grange-purpurines-upes\/\",\"url\":\"https:\/\/skaitytaknyga.lt\/produktas\/jean-christophe-grange-purpurines-upes\/\",\"name\":\"Jean Christophe Grang\u00e9 \u201ePurpurin\u0117s up\u0117s\u201c - Skaitytaknyga\",\"isPartOf\":{\"@id\":\"https:\/\/skaitytaknyga.lt\/#website\"},\"primaryImageOfPage\":{\"@id\":\"https:\/\/skaitytaknyga.lt\/produktas\/jean-christophe-grange-purpurines-upes\/#primaryimage\"},\"image\":{\"@id\":\"https:\/\/skaitytaknyga.lt\/produktas\/jean-christophe-grange-purpurines-upes\/#primaryimage\"},\"thumbnailUrl\":\"https:\/\/skaitytaknyga.lt\/wp-content\/uploads\/2024\/05\/1462886249_img0012-001.jpg\",\"datePublished\":\"2024-05-02T13:15:18+00:00\",\"dateModified\":\"2026-03-05T11:23:20+00:00\",\"description\":\"Policininkai \u017einojo, kas yra prievarta ir mirtis. Jie gerai i\u0161man\u0117 savo kasdienin\u012f darb\u0105, ta\u010diau susid\u016br\u0117 su tuo, ko dar nebuvo mat\u0119: i\u0161niekinti, nukankinti nuogi k\u016bnai embrion\u0173 pozomis, kaln\u0173 ir ledo pasaulis. Makabri\u0161ka mirties \u017eym\u0117 \u2013 purpurin\u0117s up\u0117s. Kas jie, atlik\u0119 \u0161\u012f kruvin\u0105 darb\u0105: velnio aps\u0117st\u0173j\u0173 sekta, o gal pami\u0161usi\u0173 \u017eudik\u0173 gauja? Kovose su gangsteriais nusipeln\u0119s komisaras Nymanas ir gyvenime \u0161ilto ir \u0161alto ragav\u0119s policininkas Abdufas \u0161\u012f syk\u012f i\u0161tirs beproti\u0161k\u0105 byl\u0105. Realyb\u0117, su kuria jie susidurs, bus baisesn\u0117, negu galima \u012fsivaizduoti. Jeanas Christophes'as Grang\u00e9\u00a0(\u017danas Kristofas Gran\u017e\u0117) skaitytoj\u0105 apgaubia subtiliu ne\u017einomyb\u0117s \u0161ydu, i\u0161 kurio sunku i\u0161sivaduoti... Kvap\u0105 gniau\u017eiantys \u012fvykiai, vaizduot\u0117s \u0161\u0117lsmas, daugiaplaniai, sud\u0117tingi persona\u017eai, jaudinanti aplinka, kinematografi\u0161kas vaizdavimas, nepaliaujamos staigmenos... Net trys Grang\u00e9 romanai buvo ekranizuoti, o filmas pagal roman\u0105 Purpurin\u0117s up\u0117s peln\u0117 ra\u0161ytojui pasaulin\u0119 \u0161lov\u0119.\",\"breadcrumb\":{\"@id\":\"https:\/\/skaitytaknyga.lt\/produktas\/jean-christophe-grange-purpurines-upes\/#breadcrumb\"},\"inLanguage\":\"en-GB\",\"potentialAction\":[{\"@type\":\"ReadAction\",\"target\":[\"https:\/\/skaitytaknyga.lt\/produktas\/jean-christophe-grange-purpurines-upes\/\"]}]},{\"@type\":\"ImageObject\",\"inLanguage\":\"en-GB\",\"@id\":\"https:\/\/skaitytaknyga.lt\/produktas\/jean-christophe-grange-purpurines-upes\/#primaryimage\",\"url\":\"https:\/\/skaitytaknyga.lt\/wp-content\/uploads\/2024\/05\/1462886249_img0012-001.jpg\",\"contentUrl\":\"https:\/\/skaitytaknyga.lt\/wp-content\/uploads\/2024\/05\/1462886249_img0012-001.jpg\",\"width\":279,\"height\":430},{\"@type\":\"BreadcrumbList\",\"@id\":\"https:\/\/skaitytaknyga.lt\/produktas\/jean-christophe-grange-purpurines-upes\/#breadcrumb\",\"itemListElement\":[{\"@type\":\"ListItem\",\"position\":1,\"name\":\"Home\",\"item\":\"https:\/\/skaitytaknyga.lt\/\"},{\"@type\":\"ListItem\",\"position\":2,\"name\":\"Parduotuv\u0117\",\"item\":\"https:\/\/skaitytaknyga.lt\/knygu-parduotuve\/\"},{\"@type\":\"ListItem\",\"position\":3,\"name\":\"Jean Christophe Grang\u00e9 \u201ePurpurin\u0117s up\u0117s\u201c\"}]},{\"@type\":\"WebSite\",\"@id\":\"https:\/\/skaitytaknyga.lt\/#website\",\"url\":\"https:\/\/skaitytaknyga.lt\/\",\"name\":\"skaitytaknyga.lt\",\"description\":\"Skaitytaknyga.lt \u2013 tai ma\u017eas \u0161eimos verslas, kuris prasid\u0117jo nuo meil\u0117s knygoms ir siekio i\u0161gelb\u0117ti knygas nuo likimo prie konteinerio. Kas vienam nereikalingas daiktas \u2013 kitam lobis, o mes esame tarpininkai, kurie padeda abiems tapti laimingesniems ???? \u017dinome kaip nelengva i\u0161gyventi ma\u017eiems verslams, tad nuo \u0161iol, \u010dia rasite ir kit\u0173, ma\u017e\u0173 \u0161eim\u0173 versl\u0173, rank\u0173 darbo, dovan\u0173 sau ir artimiesiems.\",\"publisher\":{\"@id\":\"https:\/\/skaitytaknyga.lt\/#organization\"},\"potentialAction\":[{\"@type\":\"SearchAction\",\"target\":{\"@type\":\"EntryPoint\",\"urlTemplate\":\"https:\/\/skaitytaknyga.lt\/?s={search_term_string}\"},\"query-input\":{\"@type\":\"PropertyValueSpecification\",\"valueRequired\":true,\"valueName\":\"search_term_string\"}}],\"inLanguage\":\"en-GB\"},{\"@type\":\"Organization\",\"@id\":\"https:\/\/skaitytaknyga.lt\/#organization\",\"name\":\"skaitytaknyga.lt\",\"url\":\"https:\/\/skaitytaknyga.lt\/\",\"logo\":{\"@type\":\"ImageObject\",\"inLanguage\":\"en-GB\",\"@id\":\"https:\/\/skaitytaknyga.lt\/#\/schema\/logo\/image\/\",\"url\":\"https:\/\/skaitytaknyga.lt\/wp-content\/uploads\/2024\/05\/cropped-cropped-cropped-02_00843_jt3bggkj1j3HLc7SyY6rEUpg.jpeg\",\"contentUrl\":\"https:\/\/skaitytaknyga.lt\/wp-content\/uploads\/2024\/05\/cropped-cropped-cropped-02_00843_jt3bggkj1j3HLc7SyY6rEUpg.jpeg\",\"width\":1600,\"height\":1600,\"caption\":\"skaitytaknyga.lt\"},\"image\":{\"@id\":\"https:\/\/skaitytaknyga.lt\/#\/schema\/logo\/image\/\"},\"sameAs\":[\"https:\/\/www.facebook.com\/skaitytaknyga\/\"]}]}<\/script>\n<!-- \/ Yoast SEO plugin. -->","yoast_head_json":{"title":"Jean Christophe Grang\u00e9 \u201ePurpurin\u0117s up\u0117s\u201c - Skaitytaknyga","description":"Policininkai \u017einojo, kas yra prievarta ir mirtis. Jie gerai i\u0161man\u0117 savo kasdienin\u012f darb\u0105, ta\u010diau susid\u016br\u0117 su tuo, ko dar nebuvo mat\u0119: i\u0161niekinti, nukankinti nuogi k\u016bnai embrion\u0173 pozomis, kaln\u0173 ir ledo pasaulis. Makabri\u0161ka mirties \u017eym\u0117 \u2013 purpurin\u0117s up\u0117s. Kas jie, atlik\u0119 \u0161\u012f kruvin\u0105 darb\u0105: velnio aps\u0117st\u0173j\u0173 sekta, o gal pami\u0161usi\u0173 \u017eudik\u0173 gauja?  Kovose su gangsteriais nusipeln\u0119s komisaras Nymanas ir gyvenime \u0161ilto ir \u0161alto ragav\u0119s policininkas Abdufas \u0161\u012f syk\u012f i\u0161tirs beproti\u0161k\u0105 byl\u0105. Realyb\u0117, su kuria jie susidurs, bus baisesn\u0117, negu galima \u012fsivaizduoti.  Jeanas Christophes'as Grang\u00e9\u00a0(\u017danas Kristofas Gran\u017e\u0117) skaitytoj\u0105 apgaubia subtiliu ne\u017einomyb\u0117s \u0161ydu, i\u0161 kurio sunku i\u0161sivaduoti...  Kvap\u0105 gniau\u017eiantys \u012fvykiai, vaizduot\u0117s \u0161\u0117lsmas, daugiaplaniai, sud\u0117tingi persona\u017eai, jaudinanti aplinka, kinematografi\u0161kas vaizdavimas, nepaliaujamos staigmenos... Net trys Grang\u00e9 romanai buvo ekranizuoti, o filmas pagal roman\u0105 Purpurin\u0117s up\u0117s peln\u0117 ra\u0161ytojui pasaulin\u0119 \u0161lov\u0119.","robots":{"index":"index","follow":"follow","max-snippet":"max-snippet:-1","max-image-preview":"max-image-preview:large","max-video-preview":"max-video-preview:-1"},"canonical":"https:\/\/skaitytaknyga.lt\/en\/produktas\/jean-christophe-grange-purpurines-upes\/","og_locale":"en_GB","og_type":"article","og_title":"Jean Christophe Grang\u00e9 \u201ePurpurin\u0117s up\u0117s\u201c - Skaitytaknyga","og_description":"Policininkai \u017einojo, kas yra prievarta ir mirtis. Jie gerai i\u0161man\u0117 savo kasdienin\u012f darb\u0105, ta\u010diau susid\u016br\u0117 su tuo, ko dar nebuvo mat\u0119: i\u0161niekinti, nukankinti nuogi k\u016bnai embrion\u0173 pozomis, kaln\u0173 ir ledo pasaulis. Makabri\u0161ka mirties \u017eym\u0117 \u2013 purpurin\u0117s up\u0117s. Kas jie, atlik\u0119 \u0161\u012f kruvin\u0105 darb\u0105: velnio aps\u0117st\u0173j\u0173 sekta, o gal pami\u0161usi\u0173 \u017eudik\u0173 gauja?  Kovose su gangsteriais nusipeln\u0119s komisaras Nymanas ir gyvenime \u0161ilto ir \u0161alto ragav\u0119s policininkas Abdufas \u0161\u012f syk\u012f i\u0161tirs beproti\u0161k\u0105 byl\u0105. Realyb\u0117, su kuria jie susidurs, bus baisesn\u0117, negu galima \u012fsivaizduoti.  Jeanas Christophes'as Grang\u00e9\u00a0(\u017danas Kristofas Gran\u017e\u0117) skaitytoj\u0105 apgaubia subtiliu ne\u017einomyb\u0117s \u0161ydu, i\u0161 kurio sunku i\u0161sivaduoti...  Kvap\u0105 gniau\u017eiantys \u012fvykiai, vaizduot\u0117s \u0161\u0117lsmas, daugiaplaniai, sud\u0117tingi persona\u017eai, jaudinanti aplinka, kinematografi\u0161kas vaizdavimas, nepaliaujamos staigmenos... Net trys Grang\u00e9 romanai buvo ekranizuoti, o filmas pagal roman\u0105 Purpurin\u0117s up\u0117s peln\u0117 ra\u0161ytojui pasaulin\u0119 \u0161lov\u0119.","og_url":"https:\/\/skaitytaknyga.lt\/en\/produktas\/jean-christophe-grange-purpurines-upes\/","og_site_name":"Skaitytaknyga","article_publisher":"https:\/\/www.facebook.com\/skaitytaknyga\/","article_modified_time":"2026-03-05T11:23:20+00:00","og_image":[{"width":279,"height":430,"url":"https:\/\/skaitytaknyga.lt\/wp-content\/uploads\/2024\/05\/1462886249_img0012-001.jpg","type":"image\/jpeg"}],"twitter_card":"summary_large_image","twitter_misc":{"Estimated reading time":"1 minute"},"schema":{"@context":"https:\/\/schema.org","@graph":[{"@type":"WebPage","@id":"https:\/\/skaitytaknyga.lt\/produktas\/jean-christophe-grange-purpurines-upes\/","url":"https:\/\/skaitytaknyga.lt\/produktas\/jean-christophe-grange-purpurines-upes\/","name":"Jean Christophe Grang\u00e9 \u201ePurpurin\u0117s up\u0117s\u201c - Skaitytaknyga","isPartOf":{"@id":"https:\/\/skaitytaknyga.lt\/#website"},"primaryImageOfPage":{"@id":"https:\/\/skaitytaknyga.lt\/produktas\/jean-christophe-grange-purpurines-upes\/#primaryimage"},"image":{"@id":"https:\/\/skaitytaknyga.lt\/produktas\/jean-christophe-grange-purpurines-upes\/#primaryimage"},"thumbnailUrl":"https:\/\/skaitytaknyga.lt\/wp-content\/uploads\/2024\/05\/1462886249_img0012-001.jpg","datePublished":"2024-05-02T13:15:18+00:00","dateModified":"2026-03-05T11:23:20+00:00","description":"Policininkai \u017einojo, kas yra prievarta ir mirtis. Jie gerai i\u0161man\u0117 savo kasdienin\u012f darb\u0105, ta\u010diau susid\u016br\u0117 su tuo, ko dar nebuvo mat\u0119: i\u0161niekinti, nukankinti nuogi k\u016bnai embrion\u0173 pozomis, kaln\u0173 ir ledo pasaulis. Makabri\u0161ka mirties \u017eym\u0117 \u2013 purpurin\u0117s up\u0117s. Kas jie, atlik\u0119 \u0161\u012f kruvin\u0105 darb\u0105: velnio aps\u0117st\u0173j\u0173 sekta, o gal pami\u0161usi\u0173 \u017eudik\u0173 gauja? Kovose su gangsteriais nusipeln\u0119s komisaras Nymanas ir gyvenime \u0161ilto ir \u0161alto ragav\u0119s policininkas Abdufas \u0161\u012f syk\u012f i\u0161tirs beproti\u0161k\u0105 byl\u0105. Realyb\u0117, su kuria jie susidurs, bus baisesn\u0117, negu galima \u012fsivaizduoti. Jeanas Christophes'as Grang\u00e9\u00a0(\u017danas Kristofas Gran\u017e\u0117) skaitytoj\u0105 apgaubia subtiliu ne\u017einomyb\u0117s \u0161ydu, i\u0161 kurio sunku i\u0161sivaduoti... Kvap\u0105 gniau\u017eiantys \u012fvykiai, vaizduot\u0117s \u0161\u0117lsmas, daugiaplaniai, sud\u0117tingi persona\u017eai, jaudinanti aplinka, kinematografi\u0161kas vaizdavimas, nepaliaujamos staigmenos... Net trys Grang\u00e9 romanai buvo ekranizuoti, o filmas pagal roman\u0105 Purpurin\u0117s up\u0117s peln\u0117 ra\u0161ytojui pasaulin\u0119 \u0161lov\u0119.","breadcrumb":{"@id":"https:\/\/skaitytaknyga.lt\/produktas\/jean-christophe-grange-purpurines-upes\/#breadcrumb"},"inLanguage":"en-GB","potentialAction":[{"@type":"ReadAction","target":["https:\/\/skaitytaknyga.lt\/produktas\/jean-christophe-grange-purpurines-upes\/"]}]},{"@type":"ImageObject","inLanguage":"en-GB","@id":"https:\/\/skaitytaknyga.lt\/produktas\/jean-christophe-grange-purpurines-upes\/#primaryimage","url":"https:\/\/skaitytaknyga.lt\/wp-content\/uploads\/2024\/05\/1462886249_img0012-001.jpg","contentUrl":"https:\/\/skaitytaknyga.lt\/wp-content\/uploads\/2024\/05\/1462886249_img0012-001.jpg","width":279,"height":430},{"@type":"BreadcrumbList","@id":"https:\/\/skaitytaknyga.lt\/produktas\/jean-christophe-grange-purpurines-upes\/#breadcrumb","itemListElement":[{"@type":"ListItem","position":1,"name":"Home","item":"https:\/\/skaitytaknyga.lt\/"},{"@type":"ListItem","position":2,"name":"Parduotuv\u0117","item":"https:\/\/skaitytaknyga.lt\/knygu-parduotuve\/"},{"@type":"ListItem","position":3,"name":"Jean Christophe Grang\u00e9 \u201ePurpurin\u0117s up\u0117s\u201c"}]},{"@type":"WebSite","@id":"https:\/\/skaitytaknyga.lt\/#website","url":"https:\/\/skaitytaknyga.lt\/","name":"skaitytaknyga.lt","description":"Skaitytaknyga.lt \u2013 tai ma\u017eas \u0161eimos verslas, kuris prasid\u0117jo nuo meil\u0117s knygoms ir siekio i\u0161gelb\u0117ti knygas nuo likimo prie konteinerio. Kas vienam nereikalingas daiktas \u2013 kitam lobis, o mes esame tarpininkai, kurie padeda abiems tapti laimingesniems ???? \u017dinome kaip nelengva i\u0161gyventi ma\u017eiems verslams, tad nuo \u0161iol, \u010dia rasite ir kit\u0173, ma\u017e\u0173 \u0161eim\u0173 versl\u0173, rank\u0173 darbo, dovan\u0173 sau ir artimiesiems.","publisher":{"@id":"https:\/\/skaitytaknyga.lt\/#organization"},"potentialAction":[{"@type":"SearchAction","target":{"@type":"EntryPoint","urlTemplate":"https:\/\/skaitytaknyga.lt\/?s={search_term_string}"},"query-input":{"@type":"PropertyValueSpecification","valueRequired":true,"valueName":"search_term_string"}}],"inLanguage":"en-GB"},{"@type":"Organization","@id":"https:\/\/skaitytaknyga.lt\/#organization","name":"skaitytaknyga.lt","url":"https:\/\/skaitytaknyga.lt\/","logo":{"@type":"ImageObject","inLanguage":"en-GB","@id":"https:\/\/skaitytaknyga.lt\/#\/schema\/logo\/image\/","url":"https:\/\/skaitytaknyga.lt\/wp-content\/uploads\/2024\/05\/cropped-cropped-cropped-02_00843_jt3bggkj1j3HLc7SyY6rEUpg.jpeg","contentUrl":"https:\/\/skaitytaknyga.lt\/wp-content\/uploads\/2024\/05\/cropped-cropped-cropped-02_00843_jt3bggkj1j3HLc7SyY6rEUpg.jpeg","width":1600,"height":1600,"caption":"skaitytaknyga.lt"},"image":{"@id":"https:\/\/skaitytaknyga.lt\/#\/schema\/logo\/image\/"},"sameAs":["https:\/\/www.facebook.com\/skaitytaknyga\/"]}]}},"_links":{"self":[{"href":"https:\/\/skaitytaknyga.lt\/en\/wp-json\/wp\/v2\/product\/6293","targetHints":{"allow":["GET"]}}],"collection":[{"href":"https:\/\/skaitytaknyga.lt\/en\/wp-json\/wp\/v2\/product"}],"about":[{"href":"https:\/\/skaitytaknyga.lt\/en\/wp-json\/wp\/v2\/types\/product"}],"replies":[{"embeddable":true,"href":"https:\/\/skaitytaknyga.lt\/en\/wp-json\/wp\/v2\/comments?post=6293"}],"wp:featuredmedia":[{"embeddable":true,"href":"https:\/\/skaitytaknyga.lt\/en\/wp-json\/wp\/v2\/media\/6305"}],"wp:attachment":[{"href":"https:\/\/skaitytaknyga.lt\/en\/wp-json\/wp\/v2\/media?parent=6293"}],"wp:term":[{"taxonomy":"product_brand","embeddable":true,"href":"https:\/\/skaitytaknyga.lt\/en\/wp-json\/wp\/v2\/product_brand?post=6293"},{"taxonomy":"product_cat","embeddable":true,"href":"https:\/\/skaitytaknyga.lt\/en\/wp-json\/wp\/v2\/product_cat?post=6293"},{"taxonomy":"product_tag","embeddable":true,"href":"https:\/\/skaitytaknyga.lt\/en\/wp-json\/wp\/v2\/product_tag?post=6293"}],"curies":[{"name":"wp","href":"https:\/\/api.w.org\/{rel}","templated":true}]}}