{"id":6273,"date":"2024-05-02T13:14:56","date_gmt":"2024-05-02T13:14:56","guid":{"rendered":"https:\/\/skaitytaknyga.lt\/?post_type=product&#038;p=6273"},"modified":"2026-03-18T13:15:56","modified_gmt":"2026-03-18T11:15:56","slug":"arvydas-laskonis-tropines-ir-keliautoju-ligos","status":"publish","type":"product","link":"https:\/\/skaitytaknyga.lt\/en\/produktas\/arvydas-laskonis-tropines-ir-keliautoju-ligos\/","title":{"rendered":"Arvydas La\u0161konis \u201eTropin\u0117s ir keliautoj\u0173 ligos\u201c"},"content":{"rendered":"<p>Mokomojoje knygoje ra\u0161oma apie bakterines, virusines ir parazitines ligas, kuriomis galima u\u017esikr\u0117sti keliaujant po \u012fvairias pasaulio \u0161alis. Apra\u0161omas j\u0173 paplitimas, u\u017esikr\u0117timo b\u016bdai, klinikiniai po\u017eymiai, diagnostikos principai ir gydymas. Pateikiami geografiniai pasaulio \u0161ali\u0173 \u017eem\u0117lapiai ir da\u017eniausiai tose vietov\u0117se paplitusios u\u017ekre\u010diamosios ligos, pagrindiniai pavojai, gresiantys keliautojui ne\u012fprastose vietose bei u\u017ekre\u010diam\u0173j\u0173 lig\u0173 profilaktikos principai. Supa\u017eindinama su nuodingais gyv\u016bnais, ektoparazitais, kuriuos galima sutikti keliaujant po pasaul\u012f. Pateikiami patarimai keliautojams, kaip reikia pasirengti kelionei, bei patarimai gydytojams, \u012f kuriuos kreipiasi keliautojai gr\u012f\u017e\u0119 i\u0161 kelion\u0117s ir jau\u010diantys tam tikros ligos po\u017eymius. Knygos prieduose yra svarbiausi\u0173 vakcin\u0173, kuriomis rekomenduojama pasiskiepyti prie\u0161 kelion\u0119, apra\u0161ymai ir vakcin\u0173 apsauginio poveikio trukm\u0117. Knyga iliustruota tam tikr\u0173 lig\u0173 suk\u0117l\u0117j\u0173 ir perne\u0161\u0117j\u0173 nuotraukomis.<\/p>\n","protected":false},"excerpt":{"rendered":"<p>Mokomojoje knygoje ra\u0161oma apie bakterines, virusines ir parazitines ligas, kuriomis galima u\u017esikr\u0117sti keliaujant po \u012fvairias pasaulio \u0161alis. Apra\u0161omas j\u0173 paplitimas, u\u017esikr\u0117timo b\u016bdai, klinikiniai po\u017eymiai, diagnostikos principai ir gydymas. Pateikiami geografiniai pasaulio \u0161ali\u0173 \u017eem\u0117lapiai ir da\u017eniausiai tose vietov\u0117se paplitusios u\u017ekre\u010diamosios ligos, pagrindiniai pavojai, gresiantys keliautojui ne\u012fprastose vietose bei u\u017ekre\u010diam\u0173j\u0173 lig\u0173 profilaktikos principai. Supa\u017eindinama su nuodingais gyv\u016bnais, ektoparazitais, kuriuos galima sutikti keliaujant po pasaul\u012f. Pateikiami patarimai keliautojams, kaip reikia pasirengti kelionei, bei patarimai gydytojams, \u012f kuriuos kreipiasi keliautojai gr\u012f\u017e\u0119 i\u0161 kelion\u0117s ir jau\u010diantys tam tikros ligos po\u017eymius. Knygos prieduose yra svarbiausi\u0173 vakcin\u0173, kuriomis rekomenduojama pasiskiepyti prie\u0161 kelion\u0119, apra\u0161ymai ir vakcin\u0173 apsauginio poveikio trukm\u0117. Knyga iliustruota tam tikr\u0173 lig\u0173 suk\u0117l\u0117j\u0173 ir perne\u0161\u0117j\u0173 nuotraukomis.<\/p>\n","protected":false},"featured_media":6296,"comment_status":"closed","ping_status":"closed","template":"","meta":{"_acf_changed":false,"site-sidebar-layout":"default","site-content-layout":"","ast-site-content-layout":"default","site-content-style":"default","site-sidebar-style":"default","ast-global-header-display":"","ast-banner-title-visibility":"","ast-main-header-display":"","ast-hfb-above-header-display":"","ast-hfb-below-header-display":"","ast-hfb-mobile-header-display":"","site-post-title":"","ast-breadcrumbs-content":"","ast-featured-img":"","footer-sml-layout":"","ast-disable-related-posts":"","theme-transparent-header-meta":"","adv-header-id-meta":"","stick-header-meta":"","header-above-stick-meta":"","header-main-stick-meta":"","header-below-stick-meta":"","astra-migrate-meta-layouts":"default","ast-page-background-enabled":"default","ast-page-background-meta":{"desktop":{"background-color":"","background-image":"","background-repeat":"repeat","background-position":"center center","background-size":"auto","background-attachment":"scroll","background-type":"","background-media":"","overlay-type":"","overlay-color":"","overlay-opacity":"","overlay-gradient":""},"tablet":{"background-color":"","background-image":"","background-repeat":"repeat","background-position":"center center","background-size":"auto","background-attachment":"scroll","background-type":"","background-media":"","overlay-type":"","overlay-color":"","overlay-opacity":"","overlay-gradient":""},"mobile":{"background-color":"","background-image":"","background-repeat":"repeat","background-position":"center center","background-size":"auto","background-attachment":"scroll","background-type":"","background-media":"","overlay-type":"","overlay-color":"","overlay-opacity":"","overlay-gradient":""}},"ast-content-background-meta":{"desktop":{"background-color":"var(--ast-global-color-4)","background-image":"","background-repeat":"repeat","background-position":"center center","background-size":"auto","background-attachment":"scroll","background-type":"","background-media":"","overlay-type":"","overlay-color":"","overlay-opacity":"","overlay-gradient":""},"tablet":{"background-color":"var(--ast-global-color-4)","background-image":"","background-repeat":"repeat","background-position":"center center","background-size":"auto","background-attachment":"scroll","background-type":"","background-media":"","overlay-type":"","overlay-color":"","overlay-opacity":"","overlay-gradient":""},"mobile":{"background-color":"var(--ast-global-color-4)","background-image":"","background-repeat":"repeat","background-position":"center center","background-size":"auto","background-attachment":"scroll","background-type":"","background-media":"","overlay-type":"","overlay-color":"","overlay-opacity":"","overlay-gradient":""}}},"product_brand":[],"product_cat":[9854,55],"product_tag":[],"class_list":{"0":"post-6273","1":"product","2":"type-product","3":"status-publish","4":"has-post-thumbnail","6":"product_cat-medicina","7":"product_cat-sveikata-ir-sveika-mityba","8":"desktop-align-left","9":"tablet-align-left","10":"mobile-align-left","12":"first","13":"instock","14":"shipping-taxable","15":"purchasable","16":"product-type-simple"},"acf":[],"yoast_head":"<!-- This site is optimized with the Yoast SEO plugin v27.0 - https:\/\/yoast.com\/product\/yoast-seo-wordpress\/ -->\n<title>Arvydas La\u0161konis \u201eTropin\u0117s ir keliautoj\u0173 ligos\u201c<\/title>\n<meta name=\"description\" content=\"Mokomojoje knygoje ra\u0161oma apie bakterines, virusines ir parazitines ligas, kuriomis galima u\u017esikr\u0117sti keliaujant po \u012fvairias pasaulio \u0161alis. Apra\u0161omas j\u0173 paplitimas, u\u017esikr\u0117timo b\u016bdai, klinikiniai po\u017eymiai, diagnostikos principai ir gydymas. Pateikiami geografiniai pasaulio \u0161ali\u0173 \u017eem\u0117lapiai ir da\u017eniausiai tose vietov\u0117se paplitusios u\u017ekre\u010diamosios ligos, pagrindiniai pavojai, gresiantys keliautojui ne\u012fprastose vietose bei u\u017ekre\u010diam\u0173j\u0173 lig\u0173 profilaktikos principai. Supa\u017eindinama su nuodingais gyv\u016bnais, ektoparazitais, kuriuos galima sutikti keliaujant po pasaul\u012f. Pateikiami patarimai keliautojams, kaip reikia pasirengti kelionei, bei patarimai gydytojams, \u012f kuriuos kreipiasi keliautojai gr\u012f\u017e\u0119 i\u0161 kelion\u0117s ir jau\u010diantys tam tikros ligos po\u017eymius. Knygos prieduose yra svarbiausi\u0173 vakcin\u0173, kuriomis rekomenduojama pasiskiepyti prie\u0161 kelion\u0119, apra\u0161ymai ir vakcin\u0173 apsauginio poveikio trukm\u0117. Knyga iliustruota tam tikr\u0173 lig\u0173 suk\u0117l\u0117j\u0173 ir perne\u0161\u0117j\u0173 nuotraukomis.\" \/>\n<meta name=\"robots\" content=\"index, follow, max-snippet:-1, max-image-preview:large, max-video-preview:-1\" \/>\n<link rel=\"canonical\" href=\"https:\/\/skaitytaknyga.lt\/en\/produktas\/arvydas-laskonis-tropines-ir-keliautoju-ligos\/\" \/>\n<meta property=\"og:locale\" content=\"en_GB\" \/>\n<meta property=\"og:locale:alternate\" content=\"lt_LT\" \/>\n<meta property=\"og:type\" content=\"article\" \/>\n<meta property=\"og:title\" content=\"Arvydas La\u0161konis \u201eTropin\u0117s ir keliautoj\u0173 ligos\u201c\" \/>\n<meta property=\"og:description\" content=\"Mokomojoje knygoje ra\u0161oma apie bakterines, virusines ir parazitines ligas, kuriomis galima u\u017esikr\u0117sti keliaujant po \u012fvairias pasaulio \u0161alis. Apra\u0161omas j\u0173 paplitimas, u\u017esikr\u0117timo b\u016bdai, klinikiniai po\u017eymiai, diagnostikos principai ir gydymas. Pateikiami geografiniai pasaulio \u0161ali\u0173 \u017eem\u0117lapiai ir da\u017eniausiai tose vietov\u0117se paplitusios u\u017ekre\u010diamosios ligos, pagrindiniai pavojai, gresiantys keliautojui ne\u012fprastose vietose bei u\u017ekre\u010diam\u0173j\u0173 lig\u0173 profilaktikos principai. Supa\u017eindinama su nuodingais gyv\u016bnais, ektoparazitais, kuriuos galima sutikti keliaujant po pasaul\u012f. Pateikiami patarimai keliautojams, kaip reikia pasirengti kelionei, bei patarimai gydytojams, \u012f kuriuos kreipiasi keliautojai gr\u012f\u017e\u0119 i\u0161 kelion\u0117s ir jau\u010diantys tam tikros ligos po\u017eymius. Knygos prieduose yra svarbiausi\u0173 vakcin\u0173, kuriomis rekomenduojama pasiskiepyti prie\u0161 kelion\u0119, apra\u0161ymai ir vakcin\u0173 apsauginio poveikio trukm\u0117. Knyga iliustruota tam tikr\u0173 lig\u0173 suk\u0117l\u0117j\u0173 ir perne\u0161\u0117j\u0173 nuotraukomis.\" \/>\n<meta property=\"og:url\" content=\"https:\/\/skaitytaknyga.lt\/en\/produktas\/arvydas-laskonis-tropines-ir-keliautoju-ligos\/\" \/>\n<meta property=\"og:site_name\" content=\"Skaitytaknyga\" \/>\n<meta property=\"article:publisher\" content=\"https:\/\/www.facebook.com\/skaitytaknyga\/\" \/>\n<meta property=\"article:modified_time\" content=\"2026-03-18T11:15:56+00:00\" \/>\n<meta property=\"og:image\" content=\"https:\/\/skaitytaknyga.lt\/wp-content\/uploads\/2024\/05\/210294554_1722773181255034_7748758158619693075_n-e1625567834875.jpg\" \/>\n\t<meta property=\"og:image:width\" content=\"415\" \/>\n\t<meta property=\"og:image:height\" content=\"614\" \/>\n\t<meta property=\"og:image:type\" content=\"image\/jpeg\" \/>\n<meta name=\"twitter:card\" content=\"summary_large_image\" \/>\n<meta name=\"twitter:label1\" content=\"Estimated reading time\" \/>\n\t<meta name=\"twitter:data1\" content=\"1 minute\" \/>\n<script type=\"application\/ld+json\" class=\"yoast-schema-graph\">{\"@context\":\"https:\/\/schema.org\",\"@graph\":[{\"@type\":\"WebPage\",\"@id\":\"https:\/\/skaitytaknyga.lt\/produktas\/arvydas-laskonis-tropines-ir-keliautoju-ligos\/\",\"url\":\"https:\/\/skaitytaknyga.lt\/produktas\/arvydas-laskonis-tropines-ir-keliautoju-ligos\/\",\"name\":\"Arvydas La\u0161konis \u201eTropin\u0117s ir keliautoj\u0173 ligos\u201c\",\"isPartOf\":{\"@id\":\"https:\/\/skaitytaknyga.lt\/#website\"},\"primaryImageOfPage\":{\"@id\":\"https:\/\/skaitytaknyga.lt\/produktas\/arvydas-laskonis-tropines-ir-keliautoju-ligos\/#primaryimage\"},\"image\":{\"@id\":\"https:\/\/skaitytaknyga.lt\/produktas\/arvydas-laskonis-tropines-ir-keliautoju-ligos\/#primaryimage\"},\"thumbnailUrl\":\"https:\/\/skaitytaknyga.lt\/wp-content\/uploads\/2024\/05\/210294554_1722773181255034_7748758158619693075_n-e1625567834875.jpg\",\"datePublished\":\"2024-05-02T13:14:56+00:00\",\"dateModified\":\"2026-03-18T11:15:56+00:00\",\"description\":\"Mokomojoje knygoje ra\u0161oma apie bakterines, virusines ir parazitines ligas, kuriomis galima u\u017esikr\u0117sti keliaujant po \u012fvairias pasaulio \u0161alis. Apra\u0161omas j\u0173 paplitimas, u\u017esikr\u0117timo b\u016bdai, klinikiniai po\u017eymiai, diagnostikos principai ir gydymas. Pateikiami geografiniai pasaulio \u0161ali\u0173 \u017eem\u0117lapiai ir da\u017eniausiai tose vietov\u0117se paplitusios u\u017ekre\u010diamosios ligos, pagrindiniai pavojai, gresiantys keliautojui ne\u012fprastose vietose bei u\u017ekre\u010diam\u0173j\u0173 lig\u0173 profilaktikos principai. Supa\u017eindinama su nuodingais gyv\u016bnais, ektoparazitais, kuriuos galima sutikti keliaujant po pasaul\u012f. Pateikiami patarimai keliautojams, kaip reikia pasirengti kelionei, bei patarimai gydytojams, \u012f kuriuos kreipiasi keliautojai gr\u012f\u017e\u0119 i\u0161 kelion\u0117s ir jau\u010diantys tam tikros ligos po\u017eymius. Knygos prieduose yra svarbiausi\u0173 vakcin\u0173, kuriomis rekomenduojama pasiskiepyti prie\u0161 kelion\u0119, apra\u0161ymai ir vakcin\u0173 apsauginio poveikio trukm\u0117. Knyga iliustruota tam tikr\u0173 lig\u0173 suk\u0117l\u0117j\u0173 ir perne\u0161\u0117j\u0173 nuotraukomis.\",\"breadcrumb\":{\"@id\":\"https:\/\/skaitytaknyga.lt\/produktas\/arvydas-laskonis-tropines-ir-keliautoju-ligos\/#breadcrumb\"},\"inLanguage\":\"en-GB\",\"potentialAction\":[{\"@type\":\"ReadAction\",\"target\":[\"https:\/\/skaitytaknyga.lt\/produktas\/arvydas-laskonis-tropines-ir-keliautoju-ligos\/\"]}]},{\"@type\":\"ImageObject\",\"inLanguage\":\"en-GB\",\"@id\":\"https:\/\/skaitytaknyga.lt\/produktas\/arvydas-laskonis-tropines-ir-keliautoju-ligos\/#primaryimage\",\"url\":\"https:\/\/skaitytaknyga.lt\/wp-content\/uploads\/2024\/05\/210294554_1722773181255034_7748758158619693075_n-e1625567834875.jpg\",\"contentUrl\":\"https:\/\/skaitytaknyga.lt\/wp-content\/uploads\/2024\/05\/210294554_1722773181255034_7748758158619693075_n-e1625567834875.jpg\",\"width\":415,\"height\":614},{\"@type\":\"BreadcrumbList\",\"@id\":\"https:\/\/skaitytaknyga.lt\/produktas\/arvydas-laskonis-tropines-ir-keliautoju-ligos\/#breadcrumb\",\"itemListElement\":[{\"@type\":\"ListItem\",\"position\":1,\"name\":\"Home\",\"item\":\"https:\/\/skaitytaknyga.lt\/\"},{\"@type\":\"ListItem\",\"position\":2,\"name\":\"Parduotuv\u0117\",\"item\":\"https:\/\/skaitytaknyga.lt\/knygu-parduotuve\/\"},{\"@type\":\"ListItem\",\"position\":3,\"name\":\"Arvydas La\u0161konis \u201eTropin\u0117s ir keliautoj\u0173 ligos\u201c\"}]},{\"@type\":\"WebSite\",\"@id\":\"https:\/\/skaitytaknyga.lt\/#website\",\"url\":\"https:\/\/skaitytaknyga.lt\/\",\"name\":\"skaitytaknyga.lt\",\"description\":\"Skaitytaknyga.lt \u2013 tai ma\u017eas \u0161eimos verslas, kuris prasid\u0117jo nuo meil\u0117s knygoms ir siekio i\u0161gelb\u0117ti knygas nuo likimo prie konteinerio. Kas vienam nereikalingas daiktas \u2013 kitam lobis, o mes esame tarpininkai, kurie padeda abiems tapti laimingesniems ???? \u017dinome kaip nelengva i\u0161gyventi ma\u017eiems verslams, tad nuo \u0161iol, \u010dia rasite ir kit\u0173, ma\u017e\u0173 \u0161eim\u0173 versl\u0173, rank\u0173 darbo, dovan\u0173 sau ir artimiesiems.\",\"publisher\":{\"@id\":\"https:\/\/skaitytaknyga.lt\/#organization\"},\"potentialAction\":[{\"@type\":\"SearchAction\",\"target\":{\"@type\":\"EntryPoint\",\"urlTemplate\":\"https:\/\/skaitytaknyga.lt\/?s={search_term_string}\"},\"query-input\":{\"@type\":\"PropertyValueSpecification\",\"valueRequired\":true,\"valueName\":\"search_term_string\"}}],\"inLanguage\":\"en-GB\"},{\"@type\":\"Organization\",\"@id\":\"https:\/\/skaitytaknyga.lt\/#organization\",\"name\":\"skaitytaknyga.lt\",\"url\":\"https:\/\/skaitytaknyga.lt\/\",\"logo\":{\"@type\":\"ImageObject\",\"inLanguage\":\"en-GB\",\"@id\":\"https:\/\/skaitytaknyga.lt\/#\/schema\/logo\/image\/\",\"url\":\"https:\/\/skaitytaknyga.lt\/wp-content\/uploads\/2024\/05\/cropped-cropped-cropped-02_00843_jt3bggkj1j3HLc7SyY6rEUpg.jpeg\",\"contentUrl\":\"https:\/\/skaitytaknyga.lt\/wp-content\/uploads\/2024\/05\/cropped-cropped-cropped-02_00843_jt3bggkj1j3HLc7SyY6rEUpg.jpeg\",\"width\":1600,\"height\":1600,\"caption\":\"skaitytaknyga.lt\"},\"image\":{\"@id\":\"https:\/\/skaitytaknyga.lt\/#\/schema\/logo\/image\/\"},\"sameAs\":[\"https:\/\/www.facebook.com\/skaitytaknyga\/\"]}]}<\/script>\n<!-- \/ Yoast SEO plugin. -->","yoast_head_json":{"title":"Arvydas La\u0161konis \u201eTropin\u0117s ir keliautoj\u0173 ligos\u201c","description":"Mokomojoje knygoje ra\u0161oma apie bakterines, virusines ir parazitines ligas, kuriomis galima u\u017esikr\u0117sti keliaujant po \u012fvairias pasaulio \u0161alis. Apra\u0161omas j\u0173 paplitimas, u\u017esikr\u0117timo b\u016bdai, klinikiniai po\u017eymiai, diagnostikos principai ir gydymas. Pateikiami geografiniai pasaulio \u0161ali\u0173 \u017eem\u0117lapiai ir da\u017eniausiai tose vietov\u0117se paplitusios u\u017ekre\u010diamosios ligos, pagrindiniai pavojai, gresiantys keliautojui ne\u012fprastose vietose bei u\u017ekre\u010diam\u0173j\u0173 lig\u0173 profilaktikos principai. Supa\u017eindinama su nuodingais gyv\u016bnais, ektoparazitais, kuriuos galima sutikti keliaujant po pasaul\u012f. Pateikiami patarimai keliautojams, kaip reikia pasirengti kelionei, bei patarimai gydytojams, \u012f kuriuos kreipiasi keliautojai gr\u012f\u017e\u0119 i\u0161 kelion\u0117s ir jau\u010diantys tam tikros ligos po\u017eymius. Knygos prieduose yra svarbiausi\u0173 vakcin\u0173, kuriomis rekomenduojama pasiskiepyti prie\u0161 kelion\u0119, apra\u0161ymai ir vakcin\u0173 apsauginio poveikio trukm\u0117. Knyga iliustruota tam tikr\u0173 lig\u0173 suk\u0117l\u0117j\u0173 ir perne\u0161\u0117j\u0173 nuotraukomis.","robots":{"index":"index","follow":"follow","max-snippet":"max-snippet:-1","max-image-preview":"max-image-preview:large","max-video-preview":"max-video-preview:-1"},"canonical":"https:\/\/skaitytaknyga.lt\/en\/produktas\/arvydas-laskonis-tropines-ir-keliautoju-ligos\/","og_locale":"en_GB","og_type":"article","og_title":"[:lt]Arvydas La\u0161konis \u201eTropin\u0117s ir keliautoj\u0173 ligos\u201c[:] - Skaitytaknyga","og_description":"Mokomojoje knygoje ra\u0161oma apie bakterines, virusines ir parazitines ligas, kuriomis galima u\u017esikr\u0117sti keliaujant po \u012fvairias pasaulio \u0161alis. Apra\u0161omas j\u0173 paplitimas, u\u017esikr\u0117timo b\u016bdai, klinikiniai po\u017eymiai, diagnostikos principai ir gydymas. Pateikiami geografiniai pasaulio \u0161ali\u0173 \u017eem\u0117lapiai ir da\u017eniausiai tose vietov\u0117se paplitusios u\u017ekre\u010diamosios ligos, pagrindiniai pavojai, gresiantys keliautojui ne\u012fprastose vietose bei u\u017ekre\u010diam\u0173j\u0173 lig\u0173 profilaktikos principai. Supa\u017eindinama su nuodingais gyv\u016bnais, ektoparazitais, kuriuos galima sutikti keliaujant po pasaul\u012f. Pateikiami patarimai keliautojams, kaip reikia pasirengti kelionei, bei patarimai gydytojams, \u012f kuriuos kreipiasi keliautojai gr\u012f\u017e\u0119 i\u0161 kelion\u0117s ir jau\u010diantys tam tikros ligos po\u017eymius. Knygos prieduose yra svarbiausi\u0173 vakcin\u0173, kuriomis rekomenduojama pasiskiepyti prie\u0161 kelion\u0119, apra\u0161ymai ir vakcin\u0173 apsauginio poveikio trukm\u0117. Knyga iliustruota tam tikr\u0173 lig\u0173 suk\u0117l\u0117j\u0173 ir perne\u0161\u0117j\u0173 nuotraukomis.","og_url":"https:\/\/skaitytaknyga.lt\/en\/produktas\/arvydas-laskonis-tropines-ir-keliautoju-ligos\/","og_site_name":"Skaitytaknyga","article_publisher":"https:\/\/www.facebook.com\/skaitytaknyga\/","article_modified_time":"2026-03-18T11:15:56+00:00","og_image":[{"width":415,"height":614,"url":"https:\/\/skaitytaknyga.lt\/wp-content\/uploads\/2024\/05\/210294554_1722773181255034_7748758158619693075_n-e1625567834875.jpg","type":"image\/jpeg"}],"twitter_card":"summary_large_image","twitter_misc":{"Estimated reading time":"1 minute"},"schema":{"@context":"https:\/\/schema.org","@graph":[{"@type":"WebPage","@id":"https:\/\/skaitytaknyga.lt\/produktas\/arvydas-laskonis-tropines-ir-keliautoju-ligos\/","url":"https:\/\/skaitytaknyga.lt\/produktas\/arvydas-laskonis-tropines-ir-keliautoju-ligos\/","name":"Arvydas La\u0161konis \u201eTropin\u0117s ir keliautoj\u0173 ligos\u201c","isPartOf":{"@id":"https:\/\/skaitytaknyga.lt\/#website"},"primaryImageOfPage":{"@id":"https:\/\/skaitytaknyga.lt\/produktas\/arvydas-laskonis-tropines-ir-keliautoju-ligos\/#primaryimage"},"image":{"@id":"https:\/\/skaitytaknyga.lt\/produktas\/arvydas-laskonis-tropines-ir-keliautoju-ligos\/#primaryimage"},"thumbnailUrl":"https:\/\/skaitytaknyga.lt\/wp-content\/uploads\/2024\/05\/210294554_1722773181255034_7748758158619693075_n-e1625567834875.jpg","datePublished":"2024-05-02T13:14:56+00:00","dateModified":"2026-03-18T11:15:56+00:00","description":"Mokomojoje knygoje ra\u0161oma apie bakterines, virusines ir parazitines ligas, kuriomis galima u\u017esikr\u0117sti keliaujant po \u012fvairias pasaulio \u0161alis. Apra\u0161omas j\u0173 paplitimas, u\u017esikr\u0117timo b\u016bdai, klinikiniai po\u017eymiai, diagnostikos principai ir gydymas. Pateikiami geografiniai pasaulio \u0161ali\u0173 \u017eem\u0117lapiai ir da\u017eniausiai tose vietov\u0117se paplitusios u\u017ekre\u010diamosios ligos, pagrindiniai pavojai, gresiantys keliautojui ne\u012fprastose vietose bei u\u017ekre\u010diam\u0173j\u0173 lig\u0173 profilaktikos principai. Supa\u017eindinama su nuodingais gyv\u016bnais, ektoparazitais, kuriuos galima sutikti keliaujant po pasaul\u012f. Pateikiami patarimai keliautojams, kaip reikia pasirengti kelionei, bei patarimai gydytojams, \u012f kuriuos kreipiasi keliautojai gr\u012f\u017e\u0119 i\u0161 kelion\u0117s ir jau\u010diantys tam tikros ligos po\u017eymius. Knygos prieduose yra svarbiausi\u0173 vakcin\u0173, kuriomis rekomenduojama pasiskiepyti prie\u0161 kelion\u0119, apra\u0161ymai ir vakcin\u0173 apsauginio poveikio trukm\u0117. Knyga iliustruota tam tikr\u0173 lig\u0173 suk\u0117l\u0117j\u0173 ir perne\u0161\u0117j\u0173 nuotraukomis.","breadcrumb":{"@id":"https:\/\/skaitytaknyga.lt\/produktas\/arvydas-laskonis-tropines-ir-keliautoju-ligos\/#breadcrumb"},"inLanguage":"en-GB","potentialAction":[{"@type":"ReadAction","target":["https:\/\/skaitytaknyga.lt\/produktas\/arvydas-laskonis-tropines-ir-keliautoju-ligos\/"]}]},{"@type":"ImageObject","inLanguage":"en-GB","@id":"https:\/\/skaitytaknyga.lt\/produktas\/arvydas-laskonis-tropines-ir-keliautoju-ligos\/#primaryimage","url":"https:\/\/skaitytaknyga.lt\/wp-content\/uploads\/2024\/05\/210294554_1722773181255034_7748758158619693075_n-e1625567834875.jpg","contentUrl":"https:\/\/skaitytaknyga.lt\/wp-content\/uploads\/2024\/05\/210294554_1722773181255034_7748758158619693075_n-e1625567834875.jpg","width":415,"height":614},{"@type":"BreadcrumbList","@id":"https:\/\/skaitytaknyga.lt\/produktas\/arvydas-laskonis-tropines-ir-keliautoju-ligos\/#breadcrumb","itemListElement":[{"@type":"ListItem","position":1,"name":"Home","item":"https:\/\/skaitytaknyga.lt\/"},{"@type":"ListItem","position":2,"name":"Parduotuv\u0117","item":"https:\/\/skaitytaknyga.lt\/knygu-parduotuve\/"},{"@type":"ListItem","position":3,"name":"Arvydas La\u0161konis \u201eTropin\u0117s ir keliautoj\u0173 ligos\u201c"}]},{"@type":"WebSite","@id":"https:\/\/skaitytaknyga.lt\/#website","url":"https:\/\/skaitytaknyga.lt\/","name":"skaitytaknyga.lt","description":"Skaitytaknyga.lt \u2013 tai ma\u017eas \u0161eimos verslas, kuris prasid\u0117jo nuo meil\u0117s knygoms ir siekio i\u0161gelb\u0117ti knygas nuo likimo prie konteinerio. Kas vienam nereikalingas daiktas \u2013 kitam lobis, o mes esame tarpininkai, kurie padeda abiems tapti laimingesniems ???? \u017dinome kaip nelengva i\u0161gyventi ma\u017eiems verslams, tad nuo \u0161iol, \u010dia rasite ir kit\u0173, ma\u017e\u0173 \u0161eim\u0173 versl\u0173, rank\u0173 darbo, dovan\u0173 sau ir artimiesiems.","publisher":{"@id":"https:\/\/skaitytaknyga.lt\/#organization"},"potentialAction":[{"@type":"SearchAction","target":{"@type":"EntryPoint","urlTemplate":"https:\/\/skaitytaknyga.lt\/?s={search_term_string}"},"query-input":{"@type":"PropertyValueSpecification","valueRequired":true,"valueName":"search_term_string"}}],"inLanguage":"en-GB"},{"@type":"Organization","@id":"https:\/\/skaitytaknyga.lt\/#organization","name":"skaitytaknyga.lt","url":"https:\/\/skaitytaknyga.lt\/","logo":{"@type":"ImageObject","inLanguage":"en-GB","@id":"https:\/\/skaitytaknyga.lt\/#\/schema\/logo\/image\/","url":"https:\/\/skaitytaknyga.lt\/wp-content\/uploads\/2024\/05\/cropped-cropped-cropped-02_00843_jt3bggkj1j3HLc7SyY6rEUpg.jpeg","contentUrl":"https:\/\/skaitytaknyga.lt\/wp-content\/uploads\/2024\/05\/cropped-cropped-cropped-02_00843_jt3bggkj1j3HLc7SyY6rEUpg.jpeg","width":1600,"height":1600,"caption":"skaitytaknyga.lt"},"image":{"@id":"https:\/\/skaitytaknyga.lt\/#\/schema\/logo\/image\/"},"sameAs":["https:\/\/www.facebook.com\/skaitytaknyga\/"]}]}},"_links":{"self":[{"href":"https:\/\/skaitytaknyga.lt\/en\/wp-json\/wp\/v2\/product\/6273","targetHints":{"allow":["GET"]}}],"collection":[{"href":"https:\/\/skaitytaknyga.lt\/en\/wp-json\/wp\/v2\/product"}],"about":[{"href":"https:\/\/skaitytaknyga.lt\/en\/wp-json\/wp\/v2\/types\/product"}],"replies":[{"embeddable":true,"href":"https:\/\/skaitytaknyga.lt\/en\/wp-json\/wp\/v2\/comments?post=6273"}],"wp:featuredmedia":[{"embeddable":true,"href":"https:\/\/skaitytaknyga.lt\/en\/wp-json\/wp\/v2\/media\/6296"}],"wp:attachment":[{"href":"https:\/\/skaitytaknyga.lt\/en\/wp-json\/wp\/v2\/media?parent=6273"}],"wp:term":[{"taxonomy":"product_brand","embeddable":true,"href":"https:\/\/skaitytaknyga.lt\/en\/wp-json\/wp\/v2\/product_brand?post=6273"},{"taxonomy":"product_cat","embeddable":true,"href":"https:\/\/skaitytaknyga.lt\/en\/wp-json\/wp\/v2\/product_cat?post=6273"},{"taxonomy":"product_tag","embeddable":true,"href":"https:\/\/skaitytaknyga.lt\/en\/wp-json\/wp\/v2\/product_tag?post=6273"}],"curies":[{"name":"wp","href":"https:\/\/api.w.org\/{rel}","templated":true}]}}