{"id":6272,"date":"2024-05-02T16:14:56","date_gmt":"2024-05-02T13:14:56","guid":{"rendered":"https:\/\/skaitytaknyga.lt\/?post_type=product&#038;p=6272"},"modified":"2024-09-19T06:20:08","modified_gmt":"2024-09-19T03:20:08","slug":"nepamirstamos-vaiku-sventes","status":"publish","type":"product","link":"https:\/\/skaitytaknyga.lt\/en\/produktas\/nepamirstamos-vaiku-sventes\/","title":{"rendered":"Nepamir\u0161tamos vaik\u0173 \u0161vent\u0117s"},"content":{"rendered":"<p><b>&#8220;Nepamir\u0161tamos vaik\u0173 \u0161vent\u0117s&#8221;<\/b>\u00a0&#8211; tai daugiau nei 120 i\u0161radingiausi\u0173 patiekal\u0173 vaik\u0173 \u0161vent\u0117ms ir id\u0117jos, kaip dekoruoti \u0161vent\u0117s viet\u0105 ir parengti kvietimus.<\/p>\n<p>\u0160ioje stilingoje knygoje &#8220;Nepamir\u0161tamos vaik\u0173 \u0161vent\u0117s&#8221; rasite kuo pavai\u0161inti netgi pa\u010dius nevalgiausius ma\u017eylius, nes receptai nesud\u0117tingi, tik labai i\u0161radingai pateikti, o su linksma kompanija dar ir trigubai skanesni.<\/p>\n<p>Knygoje &#8220;Nepamir\u0161tamos vaik\u0173 \u0161vent\u0117s&#8221; taip pat aptiksite puiki\u0173 id\u0117j\u0173, kaip dekoruoti \u0161vent\u0117s viet\u0105 ir parengti kvietimus. O jeigu kada patys b\u016bsite sve\u010diais, nusine\u0161kite gard\u017ei\u0173 lauktuvi\u0173 i\u0161 virtuv\u0117s!<\/p>\n","protected":false},"excerpt":{"rendered":"<p><b>&#8220;Nepamir\u0161tamos vaik\u0173 \u0161vent\u0117s&#8221;<\/b>\u00a0&#8211; tai daugiau nei 120 i\u0161radingiausi\u0173 patiekal\u0173 vaik\u0173 \u0161vent\u0117ms ir id\u0117jos, kaip dekoruoti \u0161vent\u0117s viet\u0105 ir parengti kvietimus.<\/p>\n<p>\u0160ioje stilingoje knygoje &#8220;Nepamir\u0161tamos vaik\u0173 \u0161vent\u0117s&#8221; rasite kuo pavai\u0161inti netgi pa\u010dius nevalgiausius ma\u017eylius, nes receptai nesud\u0117tingi, tik labai i\u0161radingai pateikti, o su linksma kompanija dar ir trigubai skanesni.<\/p>\n<p>Knygoje &#8220;Nepamir\u0161tamos vaik\u0173 \u0161vent\u0117s&#8221; taip pat aptiksite puiki\u0173 id\u0117j\u0173, kaip dekoruoti \u0161vent\u0117s viet\u0105 ir parengti kvietimus. O jeigu kada patys b\u016bsite sve\u010diais, nusine\u0161kite gard\u017ei\u0173 lauktuvi\u0173 i\u0161 virtuv\u0117s!<\/p>\n","protected":false},"featured_media":6284,"comment_status":"closed","ping_status":"closed","template":"","meta":{"_acf_changed":false,"site-sidebar-layout":"default","site-content-layout":"","ast-site-content-layout":"default","site-content-style":"default","site-sidebar-style":"default","ast-global-header-display":"","ast-banner-title-visibility":"","ast-main-header-display":"","ast-hfb-above-header-display":"","ast-hfb-below-header-display":"","ast-hfb-mobile-header-display":"","site-post-title":"","ast-breadcrumbs-content":"","ast-featured-img":"","footer-sml-layout":"","ast-disable-related-posts":"","theme-transparent-header-meta":"","adv-header-id-meta":"","stick-header-meta":"","header-above-stick-meta":"","header-main-stick-meta":"","header-below-stick-meta":"","astra-migrate-meta-layouts":"default","ast-page-background-enabled":"default","ast-page-background-meta":{"desktop":{"background-color":"","background-image":"","background-repeat":"repeat","background-position":"center center","background-size":"auto","background-attachment":"scroll","background-type":"","background-media":"","overlay-type":"","overlay-color":"","overlay-opacity":"","overlay-gradient":""},"tablet":{"background-color":"","background-image":"","background-repeat":"repeat","background-position":"center center","background-size":"auto","background-attachment":"scroll","background-type":"","background-media":"","overlay-type":"","overlay-color":"","overlay-opacity":"","overlay-gradient":""},"mobile":{"background-color":"","background-image":"","background-repeat":"repeat","background-position":"center center","background-size":"auto","background-attachment":"scroll","background-type":"","background-media":"","overlay-type":"","overlay-color":"","overlay-opacity":"","overlay-gradient":""}},"ast-content-background-meta":{"desktop":{"background-color":"var(--ast-global-color-4)","background-image":"","background-repeat":"repeat","background-position":"center center","background-size":"auto","background-attachment":"scroll","background-type":"","background-media":"","overlay-type":"","overlay-color":"","overlay-opacity":"","overlay-gradient":""},"tablet":{"background-color":"var(--ast-global-color-4)","background-image":"","background-repeat":"repeat","background-position":"center center","background-size":"auto","background-attachment":"scroll","background-type":"","background-media":"","overlay-type":"","overlay-color":"","overlay-opacity":"","overlay-gradient":""},"mobile":{"background-color":"var(--ast-global-color-4)","background-image":"","background-repeat":"repeat","background-position":"center center","background-size":"auto","background-attachment":"scroll","background-type":"","background-media":"","overlay-type":"","overlay-color":"","overlay-opacity":"","overlay-gradient":""}}},"product_brand":[],"product_cat":[37],"product_tag":[],"class_list":{"0":"post-6272","1":"product","2":"type-product","3":"status-publish","4":"has-post-thumbnail","6":"product_cat-nestumas-ir-vaiku-prieziura-bei-auklejimas","7":"desktop-align-left","8":"tablet-align-left","9":"mobile-align-left","11":"first","12":"outofstock","13":"shipping-taxable","14":"purchasable","15":"product-type-simple"},"acf":[],"yoast_head":"<!-- This site is optimized with the Yoast SEO plugin v27.4 - https:\/\/yoast.com\/product\/yoast-seo-wordpress\/ -->\n<title>Nepamir\u0161tamos vaik\u0173 \u0161vent\u0117s<\/title>\n<meta name=\"description\" content=\"&quot;Nepamir\u0161tamos vaik\u0173 \u0161vent\u0117s&quot;\u00a0- tai daugiau nei 120 i\u0161radingiausi\u0173 patiekal\u0173 vaik\u0173 \u0161vent\u0117ms ir id\u0117jos, kaip dekoruoti \u0161vent\u0117s viet\u0105 ir parengti kvietimus.  \u0160ioje stilingoje knygoje &quot;Nepamir\u0161tamos vaik\u0173 \u0161vent\u0117s&quot; rasite kuo pavai\u0161inti netgi pa\u010dius nevalgiausius ma\u017eylius, nes receptai nesud\u0117tingi, tik labai i\u0161radingai pateikti, o su linksma kompanija dar ir trigubai skanesni.  Knygoje &quot;Nepamir\u0161tamos vaik\u0173 \u0161vent\u0117s&quot; taip pat aptiksite puiki\u0173 id\u0117j\u0173, kaip dekoruoti \u0161vent\u0117s viet\u0105 ir parengti kvietimus. O jeigu kada patys b\u016bsite sve\u010diais, nusine\u0161kite gard\u017ei\u0173 lauktuvi\u0173 i\u0161 virtuv\u0117s!\" \/>\n<meta name=\"robots\" content=\"index, follow, max-snippet:-1, max-image-preview:large, max-video-preview:-1\" \/>\n<link rel=\"canonical\" href=\"https:\/\/skaitytaknyga.lt\/en\/produktas\/nepamirstamos-vaiku-sventes\/\" \/>\n<meta property=\"og:locale\" content=\"en_GB\" \/>\n<meta property=\"og:locale:alternate\" content=\"lt_LT\" \/>\n<meta property=\"og:type\" content=\"article\" \/>\n<meta property=\"og:title\" content=\"Nepamir\u0161tamos vaik\u0173 \u0161vent\u0117s\" \/>\n<meta property=\"og:description\" content=\"&quot;Nepamir\u0161tamos vaik\u0173 \u0161vent\u0117s&quot;\u00a0- tai daugiau nei 120 i\u0161radingiausi\u0173 patiekal\u0173 vaik\u0173 \u0161vent\u0117ms ir id\u0117jos, kaip dekoruoti \u0161vent\u0117s viet\u0105 ir parengti kvietimus.  \u0160ioje stilingoje knygoje &quot;Nepamir\u0161tamos vaik\u0173 \u0161vent\u0117s&quot; rasite kuo pavai\u0161inti netgi pa\u010dius nevalgiausius ma\u017eylius, nes receptai nesud\u0117tingi, tik labai i\u0161radingai pateikti, o su linksma kompanija dar ir trigubai skanesni.  Knygoje &quot;Nepamir\u0161tamos vaik\u0173 \u0161vent\u0117s&quot; taip pat aptiksite puiki\u0173 id\u0117j\u0173, kaip dekoruoti \u0161vent\u0117s viet\u0105 ir parengti kvietimus. O jeigu kada patys b\u016bsite sve\u010diais, nusine\u0161kite gard\u017ei\u0173 lauktuvi\u0173 i\u0161 virtuv\u0117s!\" \/>\n<meta property=\"og:url\" content=\"https:\/\/skaitytaknyga.lt\/en\/produktas\/nepamirstamos-vaiku-sventes\/\" \/>\n<meta property=\"og:site_name\" content=\"Skaitytaknyga\" \/>\n<meta property=\"article:publisher\" content=\"https:\/\/www.facebook.com\/skaitytaknyga\/\" \/>\n<meta property=\"article:modified_time\" content=\"2024-09-19T03:20:08+00:00\" \/>\n<meta property=\"og:image\" content=\"https:\/\/skaitytaknyga.lt\/wp-content\/uploads\/2024\/05\/1500891628_Nepamirstamos_vaiku_sventes_virselis2D.jpg\" \/>\n\t<meta property=\"og:image:width\" content=\"320\" \/>\n\t<meta property=\"og:image:height\" content=\"422\" \/>\n\t<meta property=\"og:image:type\" content=\"image\/jpeg\" \/>\n<meta name=\"twitter:card\" content=\"summary_large_image\" \/>\n<meta name=\"twitter:label1\" content=\"Estimated reading time\" \/>\n\t<meta name=\"twitter:data1\" content=\"1 minute\" \/>\n<script type=\"application\/ld+json\" class=\"yoast-schema-graph\">{\"@context\":\"https:\\\/\\\/schema.org\",\"@graph\":[{\"@type\":\"WebPage\",\"@id\":\"https:\\\/\\\/skaitytaknyga.lt\\\/produktas\\\/nepamirstamos-vaiku-sventes\\\/\",\"url\":\"https:\\\/\\\/skaitytaknyga.lt\\\/produktas\\\/nepamirstamos-vaiku-sventes\\\/\",\"name\":\"Nepamir\u0161tamos vaik\u0173 \u0161vent\u0117s\",\"isPartOf\":{\"@id\":\"https:\\\/\\\/skaitytaknyga.lt\\\/#website\"},\"primaryImageOfPage\":{\"@id\":\"https:\\\/\\\/skaitytaknyga.lt\\\/produktas\\\/nepamirstamos-vaiku-sventes\\\/#primaryimage\"},\"image\":{\"@id\":\"https:\\\/\\\/skaitytaknyga.lt\\\/produktas\\\/nepamirstamos-vaiku-sventes\\\/#primaryimage\"},\"thumbnailUrl\":\"https:\\\/\\\/skaitytaknyga.lt\\\/wp-content\\\/uploads\\\/2024\\\/05\\\/1500891628_Nepamirstamos_vaiku_sventes_virselis2D.jpg\",\"datePublished\":\"2024-05-02T13:14:56+00:00\",\"dateModified\":\"2024-09-19T03:20:08+00:00\",\"description\":\"\\\"Nepamir\u0161tamos vaik\u0173 \u0161vent\u0117s\\\"\u00a0- tai daugiau nei 120 i\u0161radingiausi\u0173 patiekal\u0173 vaik\u0173 \u0161vent\u0117ms ir id\u0117jos, kaip dekoruoti \u0161vent\u0117s viet\u0105 ir parengti kvietimus. \u0160ioje stilingoje knygoje \\\"Nepamir\u0161tamos vaik\u0173 \u0161vent\u0117s\\\" rasite kuo pavai\u0161inti netgi pa\u010dius nevalgiausius ma\u017eylius, nes receptai nesud\u0117tingi, tik labai i\u0161radingai pateikti, o su linksma kompanija dar ir trigubai skanesni. Knygoje \\\"Nepamir\u0161tamos vaik\u0173 \u0161vent\u0117s\\\" taip pat aptiksite puiki\u0173 id\u0117j\u0173, kaip dekoruoti \u0161vent\u0117s viet\u0105 ir parengti kvietimus. O jeigu kada patys b\u016bsite sve\u010diais, nusine\u0161kite gard\u017ei\u0173 lauktuvi\u0173 i\u0161 virtuv\u0117s!\",\"breadcrumb\":{\"@id\":\"https:\\\/\\\/skaitytaknyga.lt\\\/produktas\\\/nepamirstamos-vaiku-sventes\\\/#breadcrumb\"},\"inLanguage\":\"en-GB\",\"potentialAction\":[{\"@type\":\"ReadAction\",\"target\":[\"https:\\\/\\\/skaitytaknyga.lt\\\/produktas\\\/nepamirstamos-vaiku-sventes\\\/\"]}]},{\"@type\":\"ImageObject\",\"inLanguage\":\"en-GB\",\"@id\":\"https:\\\/\\\/skaitytaknyga.lt\\\/produktas\\\/nepamirstamos-vaiku-sventes\\\/#primaryimage\",\"url\":\"https:\\\/\\\/skaitytaknyga.lt\\\/wp-content\\\/uploads\\\/2024\\\/05\\\/1500891628_Nepamirstamos_vaiku_sventes_virselis2D.jpg\",\"contentUrl\":\"https:\\\/\\\/skaitytaknyga.lt\\\/wp-content\\\/uploads\\\/2024\\\/05\\\/1500891628_Nepamirstamos_vaiku_sventes_virselis2D.jpg\",\"width\":320,\"height\":422},{\"@type\":\"BreadcrumbList\",\"@id\":\"https:\\\/\\\/skaitytaknyga.lt\\\/produktas\\\/nepamirstamos-vaiku-sventes\\\/#breadcrumb\",\"itemListElement\":[{\"@type\":\"ListItem\",\"position\":1,\"name\":\"Home\",\"item\":\"https:\\\/\\\/skaitytaknyga.lt\\\/\"},{\"@type\":\"ListItem\",\"position\":2,\"name\":\"Parduotuv\u0117\",\"item\":\"https:\\\/\\\/skaitytaknyga.lt\\\/knygu-parduotuve\\\/\"},{\"@type\":\"ListItem\",\"position\":3,\"name\":\"Nepamir\u0161tamos vaik\u0173 \u0161vent\u0117s\"}]},{\"@type\":\"WebSite\",\"@id\":\"https:\\\/\\\/skaitytaknyga.lt\\\/#website\",\"url\":\"https:\\\/\\\/skaitytaknyga.lt\\\/\",\"name\":\"skaitytaknyga.lt\",\"description\":\"Skaitytaknyga.lt \u2013 tai ma\u017eas \u0161eimos verslas, kuris prasid\u0117jo nuo meil\u0117s knygoms ir siekio i\u0161gelb\u0117ti knygas nuo likimo prie konteinerio. Kas vienam nereikalingas daiktas \u2013 kitam lobis, o mes esame tarpininkai, kurie padeda abiems tapti laimingesniems ???? \u017dinome kaip nelengva i\u0161gyventi ma\u017eiems verslams, tad nuo \u0161iol, \u010dia rasite ir kit\u0173, ma\u017e\u0173 \u0161eim\u0173 versl\u0173, rank\u0173 darbo, dovan\u0173 sau ir artimiesiems.\",\"publisher\":{\"@id\":\"https:\\\/\\\/skaitytaknyga.lt\\\/#organization\"},\"potentialAction\":[{\"@type\":\"SearchAction\",\"target\":{\"@type\":\"EntryPoint\",\"urlTemplate\":\"https:\\\/\\\/skaitytaknyga.lt\\\/?s={search_term_string}\"},\"query-input\":{\"@type\":\"PropertyValueSpecification\",\"valueRequired\":true,\"valueName\":\"search_term_string\"}}],\"inLanguage\":\"en-GB\"},{\"@type\":\"Organization\",\"@id\":\"https:\\\/\\\/skaitytaknyga.lt\\\/#organization\",\"name\":\"skaitytaknyga.lt\",\"url\":\"https:\\\/\\\/skaitytaknyga.lt\\\/\",\"logo\":{\"@type\":\"ImageObject\",\"inLanguage\":\"en-GB\",\"@id\":\"https:\\\/\\\/skaitytaknyga.lt\\\/#\\\/schema\\\/logo\\\/image\\\/\",\"url\":\"https:\\\/\\\/skaitytaknyga.lt\\\/wp-content\\\/uploads\\\/2024\\\/05\\\/cropped-cropped-cropped-02_00843_jt3bggkj1j3HLc7SyY6rEUpg.jpeg\",\"contentUrl\":\"https:\\\/\\\/skaitytaknyga.lt\\\/wp-content\\\/uploads\\\/2024\\\/05\\\/cropped-cropped-cropped-02_00843_jt3bggkj1j3HLc7SyY6rEUpg.jpeg\",\"width\":1600,\"height\":1600,\"caption\":\"skaitytaknyga.lt\"},\"image\":{\"@id\":\"https:\\\/\\\/skaitytaknyga.lt\\\/#\\\/schema\\\/logo\\\/image\\\/\"},\"sameAs\":[\"https:\\\/\\\/www.facebook.com\\\/skaitytaknyga\\\/\"]}]}<\/script>\n<!-- \/ Yoast SEO plugin. -->","yoast_head_json":{"title":"Nepamir\u0161tamos vaik\u0173 \u0161vent\u0117s","description":"\"Nepamir\u0161tamos vaik\u0173 \u0161vent\u0117s\"\u00a0- tai daugiau nei 120 i\u0161radingiausi\u0173 patiekal\u0173 vaik\u0173 \u0161vent\u0117ms ir id\u0117jos, kaip dekoruoti \u0161vent\u0117s viet\u0105 ir parengti kvietimus.  \u0160ioje stilingoje knygoje \"Nepamir\u0161tamos vaik\u0173 \u0161vent\u0117s\" rasite kuo pavai\u0161inti netgi pa\u010dius nevalgiausius ma\u017eylius, nes receptai nesud\u0117tingi, tik labai i\u0161radingai pateikti, o su linksma kompanija dar ir trigubai skanesni.  Knygoje \"Nepamir\u0161tamos vaik\u0173 \u0161vent\u0117s\" taip pat aptiksite puiki\u0173 id\u0117j\u0173, kaip dekoruoti \u0161vent\u0117s viet\u0105 ir parengti kvietimus. O jeigu kada patys b\u016bsite sve\u010diais, nusine\u0161kite gard\u017ei\u0173 lauktuvi\u0173 i\u0161 virtuv\u0117s!","robots":{"index":"index","follow":"follow","max-snippet":"max-snippet:-1","max-image-preview":"max-image-preview:large","max-video-preview":"max-video-preview:-1"},"canonical":"https:\/\/skaitytaknyga.lt\/en\/produktas\/nepamirstamos-vaiku-sventes\/","og_locale":"en_GB","og_type":"article","og_title":"[:lt]Nepamir\u0161tamos vaik\u0173 \u0161vent\u0117s[:] - Skaitytaknyga","og_description":"\"Nepamir\u0161tamos vaik\u0173 \u0161vent\u0117s\"\u00a0- tai daugiau nei 120 i\u0161radingiausi\u0173 patiekal\u0173 vaik\u0173 \u0161vent\u0117ms ir id\u0117jos, kaip dekoruoti \u0161vent\u0117s viet\u0105 ir parengti kvietimus.  \u0160ioje stilingoje knygoje \"Nepamir\u0161tamos vaik\u0173 \u0161vent\u0117s\" rasite kuo pavai\u0161inti netgi pa\u010dius nevalgiausius ma\u017eylius, nes receptai nesud\u0117tingi, tik labai i\u0161radingai pateikti, o su linksma kompanija dar ir trigubai skanesni.  Knygoje \"Nepamir\u0161tamos vaik\u0173 \u0161vent\u0117s\" taip pat aptiksite puiki\u0173 id\u0117j\u0173, kaip dekoruoti \u0161vent\u0117s viet\u0105 ir parengti kvietimus. O jeigu kada patys b\u016bsite sve\u010diais, nusine\u0161kite gard\u017ei\u0173 lauktuvi\u0173 i\u0161 virtuv\u0117s!","og_url":"https:\/\/skaitytaknyga.lt\/en\/produktas\/nepamirstamos-vaiku-sventes\/","og_site_name":"Skaitytaknyga","article_publisher":"https:\/\/www.facebook.com\/skaitytaknyga\/","article_modified_time":"2024-09-19T03:20:08+00:00","og_image":[{"width":320,"height":422,"url":"https:\/\/skaitytaknyga.lt\/wp-content\/uploads\/2024\/05\/1500891628_Nepamirstamos_vaiku_sventes_virselis2D.jpg","type":"image\/jpeg"}],"twitter_card":"summary_large_image","twitter_misc":{"Estimated reading time":"1 minute"},"schema":{"@context":"https:\/\/schema.org","@graph":[{"@type":"WebPage","@id":"https:\/\/skaitytaknyga.lt\/produktas\/nepamirstamos-vaiku-sventes\/","url":"https:\/\/skaitytaknyga.lt\/produktas\/nepamirstamos-vaiku-sventes\/","name":"Nepamir\u0161tamos vaik\u0173 \u0161vent\u0117s","isPartOf":{"@id":"https:\/\/skaitytaknyga.lt\/#website"},"primaryImageOfPage":{"@id":"https:\/\/skaitytaknyga.lt\/produktas\/nepamirstamos-vaiku-sventes\/#primaryimage"},"image":{"@id":"https:\/\/skaitytaknyga.lt\/produktas\/nepamirstamos-vaiku-sventes\/#primaryimage"},"thumbnailUrl":"https:\/\/skaitytaknyga.lt\/wp-content\/uploads\/2024\/05\/1500891628_Nepamirstamos_vaiku_sventes_virselis2D.jpg","datePublished":"2024-05-02T13:14:56+00:00","dateModified":"2024-09-19T03:20:08+00:00","description":"\"Nepamir\u0161tamos vaik\u0173 \u0161vent\u0117s\"\u00a0- tai daugiau nei 120 i\u0161radingiausi\u0173 patiekal\u0173 vaik\u0173 \u0161vent\u0117ms ir id\u0117jos, kaip dekoruoti \u0161vent\u0117s viet\u0105 ir parengti kvietimus. \u0160ioje stilingoje knygoje \"Nepamir\u0161tamos vaik\u0173 \u0161vent\u0117s\" rasite kuo pavai\u0161inti netgi pa\u010dius nevalgiausius ma\u017eylius, nes receptai nesud\u0117tingi, tik labai i\u0161radingai pateikti, o su linksma kompanija dar ir trigubai skanesni. Knygoje \"Nepamir\u0161tamos vaik\u0173 \u0161vent\u0117s\" taip pat aptiksite puiki\u0173 id\u0117j\u0173, kaip dekoruoti \u0161vent\u0117s viet\u0105 ir parengti kvietimus. O jeigu kada patys b\u016bsite sve\u010diais, nusine\u0161kite gard\u017ei\u0173 lauktuvi\u0173 i\u0161 virtuv\u0117s!","breadcrumb":{"@id":"https:\/\/skaitytaknyga.lt\/produktas\/nepamirstamos-vaiku-sventes\/#breadcrumb"},"inLanguage":"en-GB","potentialAction":[{"@type":"ReadAction","target":["https:\/\/skaitytaknyga.lt\/produktas\/nepamirstamos-vaiku-sventes\/"]}]},{"@type":"ImageObject","inLanguage":"en-GB","@id":"https:\/\/skaitytaknyga.lt\/produktas\/nepamirstamos-vaiku-sventes\/#primaryimage","url":"https:\/\/skaitytaknyga.lt\/wp-content\/uploads\/2024\/05\/1500891628_Nepamirstamos_vaiku_sventes_virselis2D.jpg","contentUrl":"https:\/\/skaitytaknyga.lt\/wp-content\/uploads\/2024\/05\/1500891628_Nepamirstamos_vaiku_sventes_virselis2D.jpg","width":320,"height":422},{"@type":"BreadcrumbList","@id":"https:\/\/skaitytaknyga.lt\/produktas\/nepamirstamos-vaiku-sventes\/#breadcrumb","itemListElement":[{"@type":"ListItem","position":1,"name":"Home","item":"https:\/\/skaitytaknyga.lt\/"},{"@type":"ListItem","position":2,"name":"Parduotuv\u0117","item":"https:\/\/skaitytaknyga.lt\/knygu-parduotuve\/"},{"@type":"ListItem","position":3,"name":"Nepamir\u0161tamos vaik\u0173 \u0161vent\u0117s"}]},{"@type":"WebSite","@id":"https:\/\/skaitytaknyga.lt\/#website","url":"https:\/\/skaitytaknyga.lt\/","name":"skaitytaknyga.lt","description":"Skaitytaknyga.lt \u2013 tai ma\u017eas \u0161eimos verslas, kuris prasid\u0117jo nuo meil\u0117s knygoms ir siekio i\u0161gelb\u0117ti knygas nuo likimo prie konteinerio. Kas vienam nereikalingas daiktas \u2013 kitam lobis, o mes esame tarpininkai, kurie padeda abiems tapti laimingesniems ???? \u017dinome kaip nelengva i\u0161gyventi ma\u017eiems verslams, tad nuo \u0161iol, \u010dia rasite ir kit\u0173, ma\u017e\u0173 \u0161eim\u0173 versl\u0173, rank\u0173 darbo, dovan\u0173 sau ir artimiesiems.","publisher":{"@id":"https:\/\/skaitytaknyga.lt\/#organization"},"potentialAction":[{"@type":"SearchAction","target":{"@type":"EntryPoint","urlTemplate":"https:\/\/skaitytaknyga.lt\/?s={search_term_string}"},"query-input":{"@type":"PropertyValueSpecification","valueRequired":true,"valueName":"search_term_string"}}],"inLanguage":"en-GB"},{"@type":"Organization","@id":"https:\/\/skaitytaknyga.lt\/#organization","name":"skaitytaknyga.lt","url":"https:\/\/skaitytaknyga.lt\/","logo":{"@type":"ImageObject","inLanguage":"en-GB","@id":"https:\/\/skaitytaknyga.lt\/#\/schema\/logo\/image\/","url":"https:\/\/skaitytaknyga.lt\/wp-content\/uploads\/2024\/05\/cropped-cropped-cropped-02_00843_jt3bggkj1j3HLc7SyY6rEUpg.jpeg","contentUrl":"https:\/\/skaitytaknyga.lt\/wp-content\/uploads\/2024\/05\/cropped-cropped-cropped-02_00843_jt3bggkj1j3HLc7SyY6rEUpg.jpeg","width":1600,"height":1600,"caption":"skaitytaknyga.lt"},"image":{"@id":"https:\/\/skaitytaknyga.lt\/#\/schema\/logo\/image\/"},"sameAs":["https:\/\/www.facebook.com\/skaitytaknyga\/"]}]}},"_links":{"self":[{"href":"https:\/\/skaitytaknyga.lt\/en\/wp-json\/wp\/v2\/product\/6272","targetHints":{"allow":["GET"]}}],"collection":[{"href":"https:\/\/skaitytaknyga.lt\/en\/wp-json\/wp\/v2\/product"}],"about":[{"href":"https:\/\/skaitytaknyga.lt\/en\/wp-json\/wp\/v2\/types\/product"}],"replies":[{"embeddable":true,"href":"https:\/\/skaitytaknyga.lt\/en\/wp-json\/wp\/v2\/comments?post=6272"}],"wp:featuredmedia":[{"embeddable":true,"href":"https:\/\/skaitytaknyga.lt\/en\/wp-json\/wp\/v2\/media\/6284"}],"wp:attachment":[{"href":"https:\/\/skaitytaknyga.lt\/en\/wp-json\/wp\/v2\/media?parent=6272"}],"wp:term":[{"taxonomy":"product_brand","embeddable":true,"href":"https:\/\/skaitytaknyga.lt\/en\/wp-json\/wp\/v2\/product_brand?post=6272"},{"taxonomy":"product_cat","embeddable":true,"href":"https:\/\/skaitytaknyga.lt\/en\/wp-json\/wp\/v2\/product_cat?post=6272"},{"taxonomy":"product_tag","embeddable":true,"href":"https:\/\/skaitytaknyga.lt\/en\/wp-json\/wp\/v2\/product_tag?post=6272"}],"curies":[{"name":"wp","href":"https:\/\/api.w.org\/{rel}","templated":true}]}}