{"id":6242,"date":"2024-05-02T13:14:07","date_gmt":"2024-05-02T13:14:07","guid":{"rendered":"https:\/\/skaitytaknyga.lt\/?post_type=product&#038;p=6242"},"modified":"2024-05-03T07:29:40","modified_gmt":"2024-05-03T07:29:40","slug":"christophe-andre-vidinis-gyvenimas-40-trumpu-kelioniu-i-jusu-sielos-gelmes","status":"publish","type":"product","link":"https:\/\/skaitytaknyga.lt\/en\/produktas\/christophe-andre-vidinis-gyvenimas-40-trumpu-kelioniu-i-jusu-sielos-gelmes\/","title":{"rendered":"Christophe Andr\u00e9 \u201eVidinis gyvenimas: 40 trump\u0173 kelioni\u0173 \u012f j\u016bs\u0173 sielos gelmes\u201c"},"content":{"rendered":"<p>Vidinis gyvenimas yra tylus ir apima visa tai, kas ne i\u0161syk patraukia m\u016bs\u0173 d\u0117mes\u012f. Svarb\u016bs dalykai neretai vyksta paslap\u010dia ir nebyliai.<\/p>\n<p>Visuomen\u0117 ver\u010dia mus skub\u0117ti, priimti sprendimus, kuri\u0173 visai nenorime priimti, rinktis tok\u012f gyvenimo b\u016bd\u0105 ir ritm\u0105, kuris svetimas m\u016bs\u0173 prigim\u010diai. Ji ver\u010dia mus pirkti, kad jaustum\u0117s laimingi, vartoti, kad nusiramintume. Ji ver\u010dia mus nuolat k\u0105 nors daryti, nes tik taip gali i\u0161gyventi, ir ver\u010dia mus jausti kalt\u0119 d\u0117l neveiklumo. Ta\u010diau taip darydami mes savo vidiniam gyvenimui visi\u0161kai nebepaliekame vietos. \u0160ioje knygoje \u2013 40 tekst\u0173, padedan\u010di\u0173 atskleisti ir puosel\u0117ti vidin\u012f gyvenim\u0105. Skaitykite l\u0117tai, \u012fd\u0117miai, vien\u0105 tekst\u0105 per dien\u0105, ir leiskite jam skleistis.<\/p>\n<p>Skirkite laiko sau. Atsigr\u0119\u017ekite \u012f savo vid\u0173. Puosel\u0117kite savo vidin\u012f sod\u0105.<\/p>\n","protected":false},"excerpt":{"rendered":"<p>Vidinis gyvenimas yra tylus ir apima visa tai, kas ne i\u0161syk patraukia m\u016bs\u0173 d\u0117mes\u012f. Svarb\u016bs dalykai neretai vyksta paslap\u010dia ir nebyliai.<\/p>\n<p>Visuomen\u0117 ver\u010dia mus skub\u0117ti, priimti sprendimus, kuri\u0173 visai nenorime priimti, rinktis tok\u012f gyvenimo b\u016bd\u0105 ir ritm\u0105, kuris svetimas m\u016bs\u0173 prigim\u010diai. Ji ver\u010dia mus pirkti, kad jaustum\u0117s laimingi, vartoti, kad nusiramintume. Ji ver\u010dia mus nuolat k\u0105 nors daryti, nes tik taip gali i\u0161gyventi, ir ver\u010dia mus jausti kalt\u0119 d\u0117l neveiklumo. Ta\u010diau taip darydami mes savo vidiniam gyvenimui visi\u0161kai nebepaliekame vietos. \u0160ioje knygoje \u2013 40 tekst\u0173, padedan\u010di\u0173 atskleisti ir puosel\u0117ti vidin\u012f gyvenim\u0105. Skaitykite l\u0117tai, \u012fd\u0117miai, vien\u0105 tekst\u0105 per dien\u0105, ir leiskite jam skleistis.<\/p>\n<p>Skirkite laiko sau. Atsigr\u0119\u017ekite \u012f savo vid\u0173. Puosel\u0117kite savo vidin\u012f sod\u0105.<\/p>\n","protected":false},"featured_media":6261,"comment_status":"closed","ping_status":"closed","template":"","meta":{"_acf_changed":false,"site-sidebar-layout":"default","site-content-layout":"","ast-site-content-layout":"default","site-content-style":"default","site-sidebar-style":"default","ast-global-header-display":"","ast-banner-title-visibility":"","ast-main-header-display":"","ast-hfb-above-header-display":"","ast-hfb-below-header-display":"","ast-hfb-mobile-header-display":"","site-post-title":"","ast-breadcrumbs-content":"","ast-featured-img":"","footer-sml-layout":"","ast-disable-related-posts":"","theme-transparent-header-meta":"","adv-header-id-meta":"","stick-header-meta":"","header-above-stick-meta":"","header-main-stick-meta":"","header-below-stick-meta":"","astra-migrate-meta-layouts":"default","ast-page-background-enabled":"default","ast-page-background-meta":{"desktop":{"background-color":"","background-image":"","background-repeat":"repeat","background-position":"center center","background-size":"auto","background-attachment":"scroll","background-type":"","background-media":"","overlay-type":"","overlay-color":"","overlay-opacity":"","overlay-gradient":""},"tablet":{"background-color":"","background-image":"","background-repeat":"repeat","background-position":"center center","background-size":"auto","background-attachment":"scroll","background-type":"","background-media":"","overlay-type":"","overlay-color":"","overlay-opacity":"","overlay-gradient":""},"mobile":{"background-color":"","background-image":"","background-repeat":"repeat","background-position":"center center","background-size":"auto","background-attachment":"scroll","background-type":"","background-media":"","overlay-type":"","overlay-color":"","overlay-opacity":"","overlay-gradient":""}},"ast-content-background-meta":{"desktop":{"background-color":"var(--ast-global-color-4)","background-image":"","background-repeat":"repeat","background-position":"center center","background-size":"auto","background-attachment":"scroll","background-type":"","background-media":"","overlay-type":"","overlay-color":"","overlay-opacity":"","overlay-gradient":""},"tablet":{"background-color":"var(--ast-global-color-4)","background-image":"","background-repeat":"repeat","background-position":"center center","background-size":"auto","background-attachment":"scroll","background-type":"","background-media":"","overlay-type":"","overlay-color":"","overlay-opacity":"","overlay-gradient":""},"mobile":{"background-color":"var(--ast-global-color-4)","background-image":"","background-repeat":"repeat","background-position":"center center","background-size":"auto","background-attachment":"scroll","background-type":"","background-media":"","overlay-type":"","overlay-color":"","overlay-opacity":"","overlay-gradient":""}}},"product_brand":[],"product_cat":[30],"product_tag":[],"class_list":{"0":"post-6242","1":"product","2":"type-product","3":"status-publish","4":"has-post-thumbnail","6":"product_cat-psichologija-ir-saviugda","7":"desktop-align-left","8":"tablet-align-left","9":"mobile-align-left","11":"first","12":"outofstock","13":"shipping-taxable","14":"purchasable","15":"product-type-simple"},"acf":[],"yoast_head":"<!-- This site is optimized with the Yoast SEO plugin v27.0 - https:\/\/yoast.com\/product\/yoast-seo-wordpress\/ -->\n<title>Christophe Andr\u00e9 \u201eVidinis gyvenimas: 40 trump\u0173 kelioni\u0173 \u012f j\u016bs\u0173 sielos gelmes\u201c - Skaitytaknyga<\/title>\n<meta name=\"description\" content=\"Vidinis gyvenimas yra tylus ir apima visa tai, kas ne i\u0161syk patraukia m\u016bs\u0173 d\u0117mes\u012f. Svarb\u016bs dalykai neretai vyksta paslap\u010dia ir nebyliai.  Visuomen\u0117 ver\u010dia mus skub\u0117ti, priimti sprendimus, kuri\u0173 visai nenorime priimti, rinktis tok\u012f gyvenimo b\u016bd\u0105 ir ritm\u0105, kuris svetimas m\u016bs\u0173 prigim\u010diai. Ji ver\u010dia mus pirkti, kad jaustum\u0117s laimingi, vartoti, kad nusiramintume. Ji ver\u010dia mus nuolat k\u0105 nors daryti, nes tik taip gali i\u0161gyventi, ir ver\u010dia mus jausti kalt\u0119 d\u0117l neveiklumo. Ta\u010diau taip darydami mes savo vidiniam gyvenimui visi\u0161kai nebepaliekame vietos. \u0160ioje knygoje \u2013 40 tekst\u0173, padedan\u010di\u0173 atskleisti ir puosel\u0117ti vidin\u012f gyvenim\u0105. Skaitykite l\u0117tai, \u012fd\u0117miai, vien\u0105 tekst\u0105 per dien\u0105, ir leiskite jam skleistis.  Skirkite laiko sau. Atsigr\u0119\u017ekite \u012f savo vid\u0173. Puosel\u0117kite savo vidin\u012f sod\u0105.\" \/>\n<meta name=\"robots\" content=\"index, follow, max-snippet:-1, max-image-preview:large, max-video-preview:-1\" \/>\n<link rel=\"canonical\" href=\"https:\/\/skaitytaknyga.lt\/en\/produktas\/christophe-andre-vidinis-gyvenimas-40-trumpu-kelioniu-i-jusu-sielos-gelmes\/\" \/>\n<meta property=\"og:locale\" content=\"en_GB\" \/>\n<meta property=\"og:locale:alternate\" content=\"lt_LT\" \/>\n<meta property=\"og:type\" content=\"article\" \/>\n<meta property=\"og:title\" content=\"Christophe Andr\u00e9 \u201eVidinis gyvenimas: 40 trump\u0173 kelioni\u0173 \u012f j\u016bs\u0173 sielos gelmes\u201c - Skaitytaknyga\" \/>\n<meta property=\"og:description\" content=\"Vidinis gyvenimas yra tylus ir apima visa tai, kas ne i\u0161syk patraukia m\u016bs\u0173 d\u0117mes\u012f. Svarb\u016bs dalykai neretai vyksta paslap\u010dia ir nebyliai.  Visuomen\u0117 ver\u010dia mus skub\u0117ti, priimti sprendimus, kuri\u0173 visai nenorime priimti, rinktis tok\u012f gyvenimo b\u016bd\u0105 ir ritm\u0105, kuris svetimas m\u016bs\u0173 prigim\u010diai. Ji ver\u010dia mus pirkti, kad jaustum\u0117s laimingi, vartoti, kad nusiramintume. Ji ver\u010dia mus nuolat k\u0105 nors daryti, nes tik taip gali i\u0161gyventi, ir ver\u010dia mus jausti kalt\u0119 d\u0117l neveiklumo. Ta\u010diau taip darydami mes savo vidiniam gyvenimui visi\u0161kai nebepaliekame vietos. \u0160ioje knygoje \u2013 40 tekst\u0173, padedan\u010di\u0173 atskleisti ir puosel\u0117ti vidin\u012f gyvenim\u0105. Skaitykite l\u0117tai, \u012fd\u0117miai, vien\u0105 tekst\u0105 per dien\u0105, ir leiskite jam skleistis.  Skirkite laiko sau. Atsigr\u0119\u017ekite \u012f savo vid\u0173. Puosel\u0117kite savo vidin\u012f sod\u0105.\" \/>\n<meta property=\"og:url\" content=\"https:\/\/skaitytaknyga.lt\/en\/produktas\/christophe-andre-vidinis-gyvenimas-40-trumpu-kelioniu-i-jusu-sielos-gelmes\/\" \/>\n<meta property=\"og:site_name\" content=\"Skaitytaknyga\" \/>\n<meta property=\"article:publisher\" content=\"https:\/\/www.facebook.com\/skaitytaknyga\/\" \/>\n<meta property=\"article:modified_time\" content=\"2024-05-03T07:29:40+00:00\" \/>\n<meta property=\"og:image\" content=\"https:\/\/skaitytaknyga.lt\/wp-content\/uploads\/2024\/05\/1584541551_vidinis-gyvenimas-1.jpg\" \/>\n\t<meta property=\"og:image:width\" content=\"287\" \/>\n\t<meta property=\"og:image:height\" content=\"430\" \/>\n\t<meta property=\"og:image:type\" content=\"image\/jpeg\" \/>\n<meta name=\"twitter:card\" content=\"summary_large_image\" \/>\n<meta name=\"twitter:label1\" content=\"Estimated reading time\" \/>\n\t<meta name=\"twitter:data1\" content=\"1 minute\" \/>\n<script type=\"application\/ld+json\" class=\"yoast-schema-graph\">{\"@context\":\"https:\/\/schema.org\",\"@graph\":[{\"@type\":\"WebPage\",\"@id\":\"https:\/\/skaitytaknyga.lt\/produktas\/christophe-andre-vidinis-gyvenimas-40-trumpu-kelioniu-i-jusu-sielos-gelmes\/\",\"url\":\"https:\/\/skaitytaknyga.lt\/produktas\/christophe-andre-vidinis-gyvenimas-40-trumpu-kelioniu-i-jusu-sielos-gelmes\/\",\"name\":\"Christophe Andr\u00e9 \u201eVidinis gyvenimas: 40 trump\u0173 kelioni\u0173 \u012f j\u016bs\u0173 sielos gelmes\u201c - Skaitytaknyga\",\"isPartOf\":{\"@id\":\"https:\/\/skaitytaknyga.lt\/#website\"},\"primaryImageOfPage\":{\"@id\":\"https:\/\/skaitytaknyga.lt\/produktas\/christophe-andre-vidinis-gyvenimas-40-trumpu-kelioniu-i-jusu-sielos-gelmes\/#primaryimage\"},\"image\":{\"@id\":\"https:\/\/skaitytaknyga.lt\/produktas\/christophe-andre-vidinis-gyvenimas-40-trumpu-kelioniu-i-jusu-sielos-gelmes\/#primaryimage\"},\"thumbnailUrl\":\"https:\/\/skaitytaknyga.lt\/wp-content\/uploads\/2024\/05\/1584541551_vidinis-gyvenimas-1.jpg\",\"datePublished\":\"2024-05-02T13:14:07+00:00\",\"dateModified\":\"2024-05-03T07:29:40+00:00\",\"description\":\"Vidinis gyvenimas yra tylus ir apima visa tai, kas ne i\u0161syk patraukia m\u016bs\u0173 d\u0117mes\u012f. Svarb\u016bs dalykai neretai vyksta paslap\u010dia ir nebyliai. Visuomen\u0117 ver\u010dia mus skub\u0117ti, priimti sprendimus, kuri\u0173 visai nenorime priimti, rinktis tok\u012f gyvenimo b\u016bd\u0105 ir ritm\u0105, kuris svetimas m\u016bs\u0173 prigim\u010diai. Ji ver\u010dia mus pirkti, kad jaustum\u0117s laimingi, vartoti, kad nusiramintume. Ji ver\u010dia mus nuolat k\u0105 nors daryti, nes tik taip gali i\u0161gyventi, ir ver\u010dia mus jausti kalt\u0119 d\u0117l neveiklumo. Ta\u010diau taip darydami mes savo vidiniam gyvenimui visi\u0161kai nebepaliekame vietos. \u0160ioje knygoje \u2013 40 tekst\u0173, padedan\u010di\u0173 atskleisti ir puosel\u0117ti vidin\u012f gyvenim\u0105. Skaitykite l\u0117tai, \u012fd\u0117miai, vien\u0105 tekst\u0105 per dien\u0105, ir leiskite jam skleistis. Skirkite laiko sau. Atsigr\u0119\u017ekite \u012f savo vid\u0173. Puosel\u0117kite savo vidin\u012f sod\u0105.\",\"breadcrumb\":{\"@id\":\"https:\/\/skaitytaknyga.lt\/produktas\/christophe-andre-vidinis-gyvenimas-40-trumpu-kelioniu-i-jusu-sielos-gelmes\/#breadcrumb\"},\"inLanguage\":\"en-GB\",\"potentialAction\":[{\"@type\":\"ReadAction\",\"target\":[\"https:\/\/skaitytaknyga.lt\/produktas\/christophe-andre-vidinis-gyvenimas-40-trumpu-kelioniu-i-jusu-sielos-gelmes\/\"]}]},{\"@type\":\"ImageObject\",\"inLanguage\":\"en-GB\",\"@id\":\"https:\/\/skaitytaknyga.lt\/produktas\/christophe-andre-vidinis-gyvenimas-40-trumpu-kelioniu-i-jusu-sielos-gelmes\/#primaryimage\",\"url\":\"https:\/\/skaitytaknyga.lt\/wp-content\/uploads\/2024\/05\/1584541551_vidinis-gyvenimas-1.jpg\",\"contentUrl\":\"https:\/\/skaitytaknyga.lt\/wp-content\/uploads\/2024\/05\/1584541551_vidinis-gyvenimas-1.jpg\",\"width\":287,\"height\":430},{\"@type\":\"BreadcrumbList\",\"@id\":\"https:\/\/skaitytaknyga.lt\/produktas\/christophe-andre-vidinis-gyvenimas-40-trumpu-kelioniu-i-jusu-sielos-gelmes\/#breadcrumb\",\"itemListElement\":[{\"@type\":\"ListItem\",\"position\":1,\"name\":\"Home\",\"item\":\"https:\/\/skaitytaknyga.lt\/\"},{\"@type\":\"ListItem\",\"position\":2,\"name\":\"Parduotuv\u0117\",\"item\":\"https:\/\/skaitytaknyga.lt\/knygu-parduotuve\/\"},{\"@type\":\"ListItem\",\"position\":3,\"name\":\"Christophe Andr\u00e9 \u201eVidinis gyvenimas: 40 trump\u0173 kelioni\u0173 \u012f j\u016bs\u0173 sielos gelmes\u201c\"}]},{\"@type\":\"WebSite\",\"@id\":\"https:\/\/skaitytaknyga.lt\/#website\",\"url\":\"https:\/\/skaitytaknyga.lt\/\",\"name\":\"skaitytaknyga.lt\",\"description\":\"Skaitytaknyga.lt \u2013 tai ma\u017eas \u0161eimos verslas, kuris prasid\u0117jo nuo meil\u0117s knygoms ir siekio i\u0161gelb\u0117ti knygas nuo likimo prie konteinerio. Kas vienam nereikalingas daiktas \u2013 kitam lobis, o mes esame tarpininkai, kurie padeda abiems tapti laimingesniems ???? \u017dinome kaip nelengva i\u0161gyventi ma\u017eiems verslams, tad nuo \u0161iol, \u010dia rasite ir kit\u0173, ma\u017e\u0173 \u0161eim\u0173 versl\u0173, rank\u0173 darbo, dovan\u0173 sau ir artimiesiems.\",\"publisher\":{\"@id\":\"https:\/\/skaitytaknyga.lt\/#organization\"},\"potentialAction\":[{\"@type\":\"SearchAction\",\"target\":{\"@type\":\"EntryPoint\",\"urlTemplate\":\"https:\/\/skaitytaknyga.lt\/?s={search_term_string}\"},\"query-input\":{\"@type\":\"PropertyValueSpecification\",\"valueRequired\":true,\"valueName\":\"search_term_string\"}}],\"inLanguage\":\"en-GB\"},{\"@type\":\"Organization\",\"@id\":\"https:\/\/skaitytaknyga.lt\/#organization\",\"name\":\"skaitytaknyga.lt\",\"url\":\"https:\/\/skaitytaknyga.lt\/\",\"logo\":{\"@type\":\"ImageObject\",\"inLanguage\":\"en-GB\",\"@id\":\"https:\/\/skaitytaknyga.lt\/#\/schema\/logo\/image\/\",\"url\":\"https:\/\/skaitytaknyga.lt\/wp-content\/uploads\/2024\/05\/cropped-cropped-cropped-02_00843_jt3bggkj1j3HLc7SyY6rEUpg.jpeg\",\"contentUrl\":\"https:\/\/skaitytaknyga.lt\/wp-content\/uploads\/2024\/05\/cropped-cropped-cropped-02_00843_jt3bggkj1j3HLc7SyY6rEUpg.jpeg\",\"width\":1600,\"height\":1600,\"caption\":\"skaitytaknyga.lt\"},\"image\":{\"@id\":\"https:\/\/skaitytaknyga.lt\/#\/schema\/logo\/image\/\"},\"sameAs\":[\"https:\/\/www.facebook.com\/skaitytaknyga\/\"]}]}<\/script>\n<!-- \/ Yoast SEO plugin. -->","yoast_head_json":{"title":"Christophe Andr\u00e9 \u201eVidinis gyvenimas: 40 trump\u0173 kelioni\u0173 \u012f j\u016bs\u0173 sielos gelmes\u201c - Skaitytaknyga","description":"Vidinis gyvenimas yra tylus ir apima visa tai, kas ne i\u0161syk patraukia m\u016bs\u0173 d\u0117mes\u012f. Svarb\u016bs dalykai neretai vyksta paslap\u010dia ir nebyliai.  Visuomen\u0117 ver\u010dia mus skub\u0117ti, priimti sprendimus, kuri\u0173 visai nenorime priimti, rinktis tok\u012f gyvenimo b\u016bd\u0105 ir ritm\u0105, kuris svetimas m\u016bs\u0173 prigim\u010diai. Ji ver\u010dia mus pirkti, kad jaustum\u0117s laimingi, vartoti, kad nusiramintume. Ji ver\u010dia mus nuolat k\u0105 nors daryti, nes tik taip gali i\u0161gyventi, ir ver\u010dia mus jausti kalt\u0119 d\u0117l neveiklumo. Ta\u010diau taip darydami mes savo vidiniam gyvenimui visi\u0161kai nebepaliekame vietos. \u0160ioje knygoje \u2013 40 tekst\u0173, padedan\u010di\u0173 atskleisti ir puosel\u0117ti vidin\u012f gyvenim\u0105. Skaitykite l\u0117tai, \u012fd\u0117miai, vien\u0105 tekst\u0105 per dien\u0105, ir leiskite jam skleistis.  Skirkite laiko sau. Atsigr\u0119\u017ekite \u012f savo vid\u0173. Puosel\u0117kite savo vidin\u012f sod\u0105.","robots":{"index":"index","follow":"follow","max-snippet":"max-snippet:-1","max-image-preview":"max-image-preview:large","max-video-preview":"max-video-preview:-1"},"canonical":"https:\/\/skaitytaknyga.lt\/en\/produktas\/christophe-andre-vidinis-gyvenimas-40-trumpu-kelioniu-i-jusu-sielos-gelmes\/","og_locale":"en_GB","og_type":"article","og_title":"Christophe Andr\u00e9 \u201eVidinis gyvenimas: 40 trump\u0173 kelioni\u0173 \u012f j\u016bs\u0173 sielos gelmes\u201c - Skaitytaknyga","og_description":"Vidinis gyvenimas yra tylus ir apima visa tai, kas ne i\u0161syk patraukia m\u016bs\u0173 d\u0117mes\u012f. Svarb\u016bs dalykai neretai vyksta paslap\u010dia ir nebyliai.  Visuomen\u0117 ver\u010dia mus skub\u0117ti, priimti sprendimus, kuri\u0173 visai nenorime priimti, rinktis tok\u012f gyvenimo b\u016bd\u0105 ir ritm\u0105, kuris svetimas m\u016bs\u0173 prigim\u010diai. Ji ver\u010dia mus pirkti, kad jaustum\u0117s laimingi, vartoti, kad nusiramintume. Ji ver\u010dia mus nuolat k\u0105 nors daryti, nes tik taip gali i\u0161gyventi, ir ver\u010dia mus jausti kalt\u0119 d\u0117l neveiklumo. Ta\u010diau taip darydami mes savo vidiniam gyvenimui visi\u0161kai nebepaliekame vietos. \u0160ioje knygoje \u2013 40 tekst\u0173, padedan\u010di\u0173 atskleisti ir puosel\u0117ti vidin\u012f gyvenim\u0105. Skaitykite l\u0117tai, \u012fd\u0117miai, vien\u0105 tekst\u0105 per dien\u0105, ir leiskite jam skleistis.  Skirkite laiko sau. Atsigr\u0119\u017ekite \u012f savo vid\u0173. Puosel\u0117kite savo vidin\u012f sod\u0105.","og_url":"https:\/\/skaitytaknyga.lt\/en\/produktas\/christophe-andre-vidinis-gyvenimas-40-trumpu-kelioniu-i-jusu-sielos-gelmes\/","og_site_name":"Skaitytaknyga","article_publisher":"https:\/\/www.facebook.com\/skaitytaknyga\/","article_modified_time":"2024-05-03T07:29:40+00:00","og_image":[{"width":287,"height":430,"url":"https:\/\/skaitytaknyga.lt\/wp-content\/uploads\/2024\/05\/1584541551_vidinis-gyvenimas-1.jpg","type":"image\/jpeg"}],"twitter_card":"summary_large_image","twitter_misc":{"Estimated reading time":"1 minute"},"schema":{"@context":"https:\/\/schema.org","@graph":[{"@type":"WebPage","@id":"https:\/\/skaitytaknyga.lt\/produktas\/christophe-andre-vidinis-gyvenimas-40-trumpu-kelioniu-i-jusu-sielos-gelmes\/","url":"https:\/\/skaitytaknyga.lt\/produktas\/christophe-andre-vidinis-gyvenimas-40-trumpu-kelioniu-i-jusu-sielos-gelmes\/","name":"Christophe Andr\u00e9 \u201eVidinis gyvenimas: 40 trump\u0173 kelioni\u0173 \u012f j\u016bs\u0173 sielos gelmes\u201c - Skaitytaknyga","isPartOf":{"@id":"https:\/\/skaitytaknyga.lt\/#website"},"primaryImageOfPage":{"@id":"https:\/\/skaitytaknyga.lt\/produktas\/christophe-andre-vidinis-gyvenimas-40-trumpu-kelioniu-i-jusu-sielos-gelmes\/#primaryimage"},"image":{"@id":"https:\/\/skaitytaknyga.lt\/produktas\/christophe-andre-vidinis-gyvenimas-40-trumpu-kelioniu-i-jusu-sielos-gelmes\/#primaryimage"},"thumbnailUrl":"https:\/\/skaitytaknyga.lt\/wp-content\/uploads\/2024\/05\/1584541551_vidinis-gyvenimas-1.jpg","datePublished":"2024-05-02T13:14:07+00:00","dateModified":"2024-05-03T07:29:40+00:00","description":"Vidinis gyvenimas yra tylus ir apima visa tai, kas ne i\u0161syk patraukia m\u016bs\u0173 d\u0117mes\u012f. Svarb\u016bs dalykai neretai vyksta paslap\u010dia ir nebyliai. Visuomen\u0117 ver\u010dia mus skub\u0117ti, priimti sprendimus, kuri\u0173 visai nenorime priimti, rinktis tok\u012f gyvenimo b\u016bd\u0105 ir ritm\u0105, kuris svetimas m\u016bs\u0173 prigim\u010diai. Ji ver\u010dia mus pirkti, kad jaustum\u0117s laimingi, vartoti, kad nusiramintume. Ji ver\u010dia mus nuolat k\u0105 nors daryti, nes tik taip gali i\u0161gyventi, ir ver\u010dia mus jausti kalt\u0119 d\u0117l neveiklumo. Ta\u010diau taip darydami mes savo vidiniam gyvenimui visi\u0161kai nebepaliekame vietos. \u0160ioje knygoje \u2013 40 tekst\u0173, padedan\u010di\u0173 atskleisti ir puosel\u0117ti vidin\u012f gyvenim\u0105. Skaitykite l\u0117tai, \u012fd\u0117miai, vien\u0105 tekst\u0105 per dien\u0105, ir leiskite jam skleistis. Skirkite laiko sau. Atsigr\u0119\u017ekite \u012f savo vid\u0173. Puosel\u0117kite savo vidin\u012f sod\u0105.","breadcrumb":{"@id":"https:\/\/skaitytaknyga.lt\/produktas\/christophe-andre-vidinis-gyvenimas-40-trumpu-kelioniu-i-jusu-sielos-gelmes\/#breadcrumb"},"inLanguage":"en-GB","potentialAction":[{"@type":"ReadAction","target":["https:\/\/skaitytaknyga.lt\/produktas\/christophe-andre-vidinis-gyvenimas-40-trumpu-kelioniu-i-jusu-sielos-gelmes\/"]}]},{"@type":"ImageObject","inLanguage":"en-GB","@id":"https:\/\/skaitytaknyga.lt\/produktas\/christophe-andre-vidinis-gyvenimas-40-trumpu-kelioniu-i-jusu-sielos-gelmes\/#primaryimage","url":"https:\/\/skaitytaknyga.lt\/wp-content\/uploads\/2024\/05\/1584541551_vidinis-gyvenimas-1.jpg","contentUrl":"https:\/\/skaitytaknyga.lt\/wp-content\/uploads\/2024\/05\/1584541551_vidinis-gyvenimas-1.jpg","width":287,"height":430},{"@type":"BreadcrumbList","@id":"https:\/\/skaitytaknyga.lt\/produktas\/christophe-andre-vidinis-gyvenimas-40-trumpu-kelioniu-i-jusu-sielos-gelmes\/#breadcrumb","itemListElement":[{"@type":"ListItem","position":1,"name":"Home","item":"https:\/\/skaitytaknyga.lt\/"},{"@type":"ListItem","position":2,"name":"Parduotuv\u0117","item":"https:\/\/skaitytaknyga.lt\/knygu-parduotuve\/"},{"@type":"ListItem","position":3,"name":"Christophe Andr\u00e9 \u201eVidinis gyvenimas: 40 trump\u0173 kelioni\u0173 \u012f j\u016bs\u0173 sielos gelmes\u201c"}]},{"@type":"WebSite","@id":"https:\/\/skaitytaknyga.lt\/#website","url":"https:\/\/skaitytaknyga.lt\/","name":"skaitytaknyga.lt","description":"Skaitytaknyga.lt \u2013 tai ma\u017eas \u0161eimos verslas, kuris prasid\u0117jo nuo meil\u0117s knygoms ir siekio i\u0161gelb\u0117ti knygas nuo likimo prie konteinerio. Kas vienam nereikalingas daiktas \u2013 kitam lobis, o mes esame tarpininkai, kurie padeda abiems tapti laimingesniems ???? \u017dinome kaip nelengva i\u0161gyventi ma\u017eiems verslams, tad nuo \u0161iol, \u010dia rasite ir kit\u0173, ma\u017e\u0173 \u0161eim\u0173 versl\u0173, rank\u0173 darbo, dovan\u0173 sau ir artimiesiems.","publisher":{"@id":"https:\/\/skaitytaknyga.lt\/#organization"},"potentialAction":[{"@type":"SearchAction","target":{"@type":"EntryPoint","urlTemplate":"https:\/\/skaitytaknyga.lt\/?s={search_term_string}"},"query-input":{"@type":"PropertyValueSpecification","valueRequired":true,"valueName":"search_term_string"}}],"inLanguage":"en-GB"},{"@type":"Organization","@id":"https:\/\/skaitytaknyga.lt\/#organization","name":"skaitytaknyga.lt","url":"https:\/\/skaitytaknyga.lt\/","logo":{"@type":"ImageObject","inLanguage":"en-GB","@id":"https:\/\/skaitytaknyga.lt\/#\/schema\/logo\/image\/","url":"https:\/\/skaitytaknyga.lt\/wp-content\/uploads\/2024\/05\/cropped-cropped-cropped-02_00843_jt3bggkj1j3HLc7SyY6rEUpg.jpeg","contentUrl":"https:\/\/skaitytaknyga.lt\/wp-content\/uploads\/2024\/05\/cropped-cropped-cropped-02_00843_jt3bggkj1j3HLc7SyY6rEUpg.jpeg","width":1600,"height":1600,"caption":"skaitytaknyga.lt"},"image":{"@id":"https:\/\/skaitytaknyga.lt\/#\/schema\/logo\/image\/"},"sameAs":["https:\/\/www.facebook.com\/skaitytaknyga\/"]}]}},"_links":{"self":[{"href":"https:\/\/skaitytaknyga.lt\/en\/wp-json\/wp\/v2\/product\/6242","targetHints":{"allow":["GET"]}}],"collection":[{"href":"https:\/\/skaitytaknyga.lt\/en\/wp-json\/wp\/v2\/product"}],"about":[{"href":"https:\/\/skaitytaknyga.lt\/en\/wp-json\/wp\/v2\/types\/product"}],"replies":[{"embeddable":true,"href":"https:\/\/skaitytaknyga.lt\/en\/wp-json\/wp\/v2\/comments?post=6242"}],"wp:featuredmedia":[{"embeddable":true,"href":"https:\/\/skaitytaknyga.lt\/en\/wp-json\/wp\/v2\/media\/6261"}],"wp:attachment":[{"href":"https:\/\/skaitytaknyga.lt\/en\/wp-json\/wp\/v2\/media?parent=6242"}],"wp:term":[{"taxonomy":"product_brand","embeddable":true,"href":"https:\/\/skaitytaknyga.lt\/en\/wp-json\/wp\/v2\/product_brand?post=6242"},{"taxonomy":"product_cat","embeddable":true,"href":"https:\/\/skaitytaknyga.lt\/en\/wp-json\/wp\/v2\/product_cat?post=6242"},{"taxonomy":"product_tag","embeddable":true,"href":"https:\/\/skaitytaknyga.lt\/en\/wp-json\/wp\/v2\/product_tag?post=6242"}],"curies":[{"name":"wp","href":"https:\/\/api.w.org\/{rel}","templated":true}]}}