{"id":6226,"date":"2024-05-02T13:12:36","date_gmt":"2024-05-02T13:12:36","guid":{"rendered":"https:\/\/skaitytaknyga.lt\/?post_type=product&#038;p=6226"},"modified":"2025-07-12T11:57:02","modified_gmt":"2025-07-12T08:57:02","slug":"dienos-ritualai-kaip-dirba-menininkai","status":"publish","type":"product","link":"https:\/\/skaitytaknyga.lt\/en\/produktas\/dienos-ritualai-kaip-dirba-menininkai\/","title":{"rendered":"Dienos ritualai. Kaip dirba menininkai"},"content":{"rendered":"<p>Romanistai, poetai, dramaturgai, filosofai, mokslininkai ir matematikai pasakoja, kaip \u012fveikia daugum\u0105 kli\u016b\u010di\u0173, kad gal\u0117t\u0173 dirbti kaip tinkami &#8211; keldamiesi anksti ar ilgai vakarodami; m\u0117gaudamiesi spurgomis ar vonia, be saiko gerdami kav\u0105 ar ilgai vaik\u0161tin\u0117dami. Thomasas Wolfe&#8217;as ra\u0161\u0117 stov\u0117damas virtuv\u0117je, Jeanas-Paulas Sartre&#8217;as rydavo koridan\u0105, Descartesas m\u0117go gulin\u0117ti lovoje, Anthony Trollope&#8217;as kiekvien\u0105 ryt\u0105 prie\u0161 eidamas \u012f darb\u0105 u\u017esibr\u0117\u017edavo para\u0161yti tris t\u016bkstan\u010dius \u017eod\u017ei\u0173 (250 \u017eod\u017ei\u0173 kas penkiolika minu\u010di\u0173 per tris valandas).<\/p>\n<p>Puikiai parengti, kupini i\u0161sami\u0173 detali\u0173 ir anekdot\u0173 161 \u012f\u017eymaus \u017emogaus dienos ritualai \u012fkv\u0117ps kiekvien\u0105.<\/p>\n","protected":false},"excerpt":{"rendered":"<p>Romanistai, poetai, dramaturgai, filosofai, mokslininkai ir matematikai pasakoja, kaip \u012fveikia daugum\u0105 kli\u016b\u010di\u0173, kad gal\u0117t\u0173 dirbti kaip tinkami &#8211; keldamiesi anksti ar ilgai vakarodami; m\u0117gaudamiesi spurgomis ar vonia, be saiko gerdami kav\u0105 ar ilgai vaik\u0161tin\u0117dami. Thomasas Wolfe&#8217;as ra\u0161\u0117 stov\u0117damas virtuv\u0117je, Jeanas-Paulas Sartre&#8217;as rydavo koridan\u0105, Descartesas m\u0117go gulin\u0117ti lovoje, Anthony Trollope&#8217;as kiekvien\u0105 ryt\u0105 prie\u0161 eidamas \u012f darb\u0105 u\u017esibr\u0117\u017edavo para\u0161yti tris t\u016bkstan\u010dius \u017eod\u017ei\u0173 (250 \u017eod\u017ei\u0173 kas penkiolika minu\u010di\u0173 per tris valandas).<\/p>\n<p>Puikiai parengti, kupini i\u0161sami\u0173 detali\u0173 ir anekdot\u0173 161 \u012f\u017eymaus \u017emogaus dienos ritualai \u012fkv\u0117ps kiekvien\u0105.<\/p>\n","protected":false},"featured_media":6249,"comment_status":"closed","ping_status":"closed","template":"","meta":{"_acf_changed":false,"site-sidebar-layout":"default","site-content-layout":"","ast-site-content-layout":"default","site-content-style":"default","site-sidebar-style":"default","ast-global-header-display":"","ast-banner-title-visibility":"","ast-main-header-display":"","ast-hfb-above-header-display":"","ast-hfb-below-header-display":"","ast-hfb-mobile-header-display":"","site-post-title":"","ast-breadcrumbs-content":"","ast-featured-img":"","footer-sml-layout":"","ast-disable-related-posts":"","theme-transparent-header-meta":"","adv-header-id-meta":"","stick-header-meta":"","header-above-stick-meta":"","header-main-stick-meta":"","header-below-stick-meta":"","astra-migrate-meta-layouts":"default","ast-page-background-enabled":"default","ast-page-background-meta":{"desktop":{"background-color":"","background-image":"","background-repeat":"repeat","background-position":"center center","background-size":"auto","background-attachment":"scroll","background-type":"","background-media":"","overlay-type":"","overlay-color":"","overlay-opacity":"","overlay-gradient":""},"tablet":{"background-color":"","background-image":"","background-repeat":"repeat","background-position":"center center","background-size":"auto","background-attachment":"scroll","background-type":"","background-media":"","overlay-type":"","overlay-color":"","overlay-opacity":"","overlay-gradient":""},"mobile":{"background-color":"","background-image":"","background-repeat":"repeat","background-position":"center center","background-size":"auto","background-attachment":"scroll","background-type":"","background-media":"","overlay-type":"","overlay-color":"","overlay-opacity":"","overlay-gradient":""}},"ast-content-background-meta":{"desktop":{"background-color":"var(--ast-global-color-4)","background-image":"","background-repeat":"repeat","background-position":"center center","background-size":"auto","background-attachment":"scroll","background-type":"","background-media":"","overlay-type":"","overlay-color":"","overlay-opacity":"","overlay-gradient":""},"tablet":{"background-color":"var(--ast-global-color-4)","background-image":"","background-repeat":"repeat","background-position":"center center","background-size":"auto","background-attachment":"scroll","background-type":"","background-media":"","overlay-type":"","overlay-color":"","overlay-opacity":"","overlay-gradient":""},"mobile":{"background-color":"var(--ast-global-color-4)","background-image":"","background-repeat":"repeat","background-position":"center center","background-size":"auto","background-attachment":"scroll","background-type":"","background-media":"","overlay-type":"","overlay-color":"","overlay-opacity":"","overlay-gradient":""}}},"product_brand":[],"product_cat":[33,57,30],"product_tag":[],"class_list":{"0":"post-6226","1":"product","2":"type-product","3":"status-publish","4":"has-post-thumbnail","6":"product_cat-biografijos","7":"product_cat-menas-ir-albumai","8":"product_cat-psichologija-ir-saviugda","9":"desktop-align-left","10":"tablet-align-left","11":"mobile-align-left","13":"first","14":"instock","15":"shipping-taxable","16":"purchasable","17":"product-type-simple"},"acf":[],"yoast_head":"<!-- This site is optimized with the Yoast SEO plugin v27.0 - https:\/\/yoast.com\/product\/yoast-seo-wordpress\/ -->\n<title>Dienos ritualai. Kaip dirba menininkai - Skaitytaknyga<\/title>\n<meta name=\"description\" content=\"Romanistai, poetai, dramaturgai, filosofai, mokslininkai ir matematikai pasakoja, kaip \u012fveikia daugum\u0105 kli\u016b\u010di\u0173, kad gal\u0117t\u0173 dirbti kaip tinkami - keldamiesi anksti ar ilgai vakarodami; m\u0117gaudamiesi spurgomis ar vonia, be saiko gerdami kav\u0105 ar ilgai vaik\u0161tin\u0117dami. Thomasas Wolfe&#039;as ra\u0161\u0117 stov\u0117damas virtuv\u0117je, Jeanas-Paulas Sartre&#039;as rydavo koridan\u0105, Descartesas m\u0117go gulin\u0117ti lovoje, Anthony Trollope&#039;as kiekvien\u0105 ryt\u0105 prie\u0161 eidamas \u012f darb\u0105 u\u017esibr\u0117\u017edavo para\u0161yti tris t\u016bkstan\u010dius \u017eod\u017ei\u0173 (250 \u017eod\u017ei\u0173 kas penkiolika minu\u010di\u0173 per tris valandas).  Puikiai parengti, kupini i\u0161sami\u0173 detali\u0173 ir anekdot\u0173 161 \u012f\u017eymaus \u017emogaus dienos ritualai \u012fkv\u0117ps kiekvien\u0105.\" \/>\n<meta name=\"robots\" content=\"index, follow, max-snippet:-1, max-image-preview:large, max-video-preview:-1\" \/>\n<link rel=\"canonical\" href=\"https:\/\/skaitytaknyga.lt\/en\/produktas\/dienos-ritualai-kaip-dirba-menininkai\/\" \/>\n<meta property=\"og:locale\" content=\"en_GB\" \/>\n<meta property=\"og:locale:alternate\" content=\"lt_LT\" \/>\n<meta property=\"og:type\" content=\"article\" \/>\n<meta property=\"og:title\" content=\"Dienos ritualai. Kaip dirba menininkai - Skaitytaknyga\" \/>\n<meta property=\"og:description\" content=\"Romanistai, poetai, dramaturgai, filosofai, mokslininkai ir matematikai pasakoja, kaip \u012fveikia daugum\u0105 kli\u016b\u010di\u0173, kad gal\u0117t\u0173 dirbti kaip tinkami - keldamiesi anksti ar ilgai vakarodami; m\u0117gaudamiesi spurgomis ar vonia, be saiko gerdami kav\u0105 ar ilgai vaik\u0161tin\u0117dami. Thomasas Wolfe&#039;as ra\u0161\u0117 stov\u0117damas virtuv\u0117je, Jeanas-Paulas Sartre&#039;as rydavo koridan\u0105, Descartesas m\u0117go gulin\u0117ti lovoje, Anthony Trollope&#039;as kiekvien\u0105 ryt\u0105 prie\u0161 eidamas \u012f darb\u0105 u\u017esibr\u0117\u017edavo para\u0161yti tris t\u016bkstan\u010dius \u017eod\u017ei\u0173 (250 \u017eod\u017ei\u0173 kas penkiolika minu\u010di\u0173 per tris valandas).  Puikiai parengti, kupini i\u0161sami\u0173 detali\u0173 ir anekdot\u0173 161 \u012f\u017eymaus \u017emogaus dienos ritualai \u012fkv\u0117ps kiekvien\u0105.\" \/>\n<meta property=\"og:url\" content=\"https:\/\/skaitytaknyga.lt\/en\/produktas\/dienos-ritualai-kaip-dirba-menininkai\/\" \/>\n<meta property=\"og:site_name\" content=\"Skaitytaknyga\" \/>\n<meta property=\"article:publisher\" content=\"https:\/\/www.facebook.com\/skaitytaknyga\/\" \/>\n<meta property=\"article:modified_time\" content=\"2025-07-12T08:57:02+00:00\" \/>\n<meta property=\"og:image\" content=\"https:\/\/skaitytaknyga.lt\/wp-content\/uploads\/2024\/05\/1601625119_Dienos_ritualai_VIRSELIS_priekis_2020_09_09.jpg\" \/>\n\t<meta property=\"og:image:width\" content=\"267\" \/>\n\t<meta property=\"og:image:height\" content=\"430\" \/>\n\t<meta property=\"og:image:type\" content=\"image\/jpeg\" \/>\n<meta name=\"twitter:card\" content=\"summary_large_image\" \/>\n<meta name=\"twitter:label1\" content=\"Estimated reading time\" \/>\n\t<meta name=\"twitter:data1\" content=\"1 minute\" \/>\n<script type=\"application\/ld+json\" class=\"yoast-schema-graph\">{\"@context\":\"https:\/\/schema.org\",\"@graph\":[{\"@type\":\"WebPage\",\"@id\":\"https:\/\/skaitytaknyga.lt\/produktas\/dienos-ritualai-kaip-dirba-menininkai\/\",\"url\":\"https:\/\/skaitytaknyga.lt\/produktas\/dienos-ritualai-kaip-dirba-menininkai\/\",\"name\":\"Dienos ritualai. Kaip dirba menininkai - Skaitytaknyga\",\"isPartOf\":{\"@id\":\"https:\/\/skaitytaknyga.lt\/#website\"},\"primaryImageOfPage\":{\"@id\":\"https:\/\/skaitytaknyga.lt\/produktas\/dienos-ritualai-kaip-dirba-menininkai\/#primaryimage\"},\"image\":{\"@id\":\"https:\/\/skaitytaknyga.lt\/produktas\/dienos-ritualai-kaip-dirba-menininkai\/#primaryimage\"},\"thumbnailUrl\":\"https:\/\/skaitytaknyga.lt\/wp-content\/uploads\/2024\/05\/1601625119_Dienos_ritualai_VIRSELIS_priekis_2020_09_09.jpg\",\"datePublished\":\"2024-05-02T13:12:36+00:00\",\"dateModified\":\"2025-07-12T08:57:02+00:00\",\"description\":\"Romanistai, poetai, dramaturgai, filosofai, mokslininkai ir matematikai pasakoja, kaip \u012fveikia daugum\u0105 kli\u016b\u010di\u0173, kad gal\u0117t\u0173 dirbti kaip tinkami - keldamiesi anksti ar ilgai vakarodami; m\u0117gaudamiesi spurgomis ar vonia, be saiko gerdami kav\u0105 ar ilgai vaik\u0161tin\u0117dami. Thomasas Wolfe'as ra\u0161\u0117 stov\u0117damas virtuv\u0117je, Jeanas-Paulas Sartre'as rydavo koridan\u0105, Descartesas m\u0117go gulin\u0117ti lovoje, Anthony Trollope'as kiekvien\u0105 ryt\u0105 prie\u0161 eidamas \u012f darb\u0105 u\u017esibr\u0117\u017edavo para\u0161yti tris t\u016bkstan\u010dius \u017eod\u017ei\u0173 (250 \u017eod\u017ei\u0173 kas penkiolika minu\u010di\u0173 per tris valandas). Puikiai parengti, kupini i\u0161sami\u0173 detali\u0173 ir anekdot\u0173 161 \u012f\u017eymaus \u017emogaus dienos ritualai \u012fkv\u0117ps kiekvien\u0105.\",\"breadcrumb\":{\"@id\":\"https:\/\/skaitytaknyga.lt\/produktas\/dienos-ritualai-kaip-dirba-menininkai\/#breadcrumb\"},\"inLanguage\":\"en-GB\",\"potentialAction\":[{\"@type\":\"ReadAction\",\"target\":[\"https:\/\/skaitytaknyga.lt\/produktas\/dienos-ritualai-kaip-dirba-menininkai\/\"]}]},{\"@type\":\"ImageObject\",\"inLanguage\":\"en-GB\",\"@id\":\"https:\/\/skaitytaknyga.lt\/produktas\/dienos-ritualai-kaip-dirba-menininkai\/#primaryimage\",\"url\":\"https:\/\/skaitytaknyga.lt\/wp-content\/uploads\/2024\/05\/1601625119_Dienos_ritualai_VIRSELIS_priekis_2020_09_09.jpg\",\"contentUrl\":\"https:\/\/skaitytaknyga.lt\/wp-content\/uploads\/2024\/05\/1601625119_Dienos_ritualai_VIRSELIS_priekis_2020_09_09.jpg\",\"width\":267,\"height\":430},{\"@type\":\"BreadcrumbList\",\"@id\":\"https:\/\/skaitytaknyga.lt\/produktas\/dienos-ritualai-kaip-dirba-menininkai\/#breadcrumb\",\"itemListElement\":[{\"@type\":\"ListItem\",\"position\":1,\"name\":\"Home\",\"item\":\"https:\/\/skaitytaknyga.lt\/\"},{\"@type\":\"ListItem\",\"position\":2,\"name\":\"Parduotuv\u0117\",\"item\":\"https:\/\/skaitytaknyga.lt\/knygu-parduotuve\/\"},{\"@type\":\"ListItem\",\"position\":3,\"name\":\"Dienos ritualai. Kaip dirba menininkai\"}]},{\"@type\":\"WebSite\",\"@id\":\"https:\/\/skaitytaknyga.lt\/#website\",\"url\":\"https:\/\/skaitytaknyga.lt\/\",\"name\":\"skaitytaknyga.lt\",\"description\":\"Skaitytaknyga.lt \u2013 tai ma\u017eas \u0161eimos verslas, kuris prasid\u0117jo nuo meil\u0117s knygoms ir siekio i\u0161gelb\u0117ti knygas nuo likimo prie konteinerio. Kas vienam nereikalingas daiktas \u2013 kitam lobis, o mes esame tarpininkai, kurie padeda abiems tapti laimingesniems ???? \u017dinome kaip nelengva i\u0161gyventi ma\u017eiems verslams, tad nuo \u0161iol, \u010dia rasite ir kit\u0173, ma\u017e\u0173 \u0161eim\u0173 versl\u0173, rank\u0173 darbo, dovan\u0173 sau ir artimiesiems.\",\"publisher\":{\"@id\":\"https:\/\/skaitytaknyga.lt\/#organization\"},\"potentialAction\":[{\"@type\":\"SearchAction\",\"target\":{\"@type\":\"EntryPoint\",\"urlTemplate\":\"https:\/\/skaitytaknyga.lt\/?s={search_term_string}\"},\"query-input\":{\"@type\":\"PropertyValueSpecification\",\"valueRequired\":true,\"valueName\":\"search_term_string\"}}],\"inLanguage\":\"en-GB\"},{\"@type\":\"Organization\",\"@id\":\"https:\/\/skaitytaknyga.lt\/#organization\",\"name\":\"skaitytaknyga.lt\",\"url\":\"https:\/\/skaitytaknyga.lt\/\",\"logo\":{\"@type\":\"ImageObject\",\"inLanguage\":\"en-GB\",\"@id\":\"https:\/\/skaitytaknyga.lt\/#\/schema\/logo\/image\/\",\"url\":\"https:\/\/skaitytaknyga.lt\/wp-content\/uploads\/2024\/05\/cropped-cropped-cropped-02_00843_jt3bggkj1j3HLc7SyY6rEUpg.jpeg\",\"contentUrl\":\"https:\/\/skaitytaknyga.lt\/wp-content\/uploads\/2024\/05\/cropped-cropped-cropped-02_00843_jt3bggkj1j3HLc7SyY6rEUpg.jpeg\",\"width\":1600,\"height\":1600,\"caption\":\"skaitytaknyga.lt\"},\"image\":{\"@id\":\"https:\/\/skaitytaknyga.lt\/#\/schema\/logo\/image\/\"},\"sameAs\":[\"https:\/\/www.facebook.com\/skaitytaknyga\/\"]}]}<\/script>\n<!-- \/ Yoast SEO plugin. -->","yoast_head_json":{"title":"Dienos ritualai. Kaip dirba menininkai - Skaitytaknyga","description":"Romanistai, poetai, dramaturgai, filosofai, mokslininkai ir matematikai pasakoja, kaip \u012fveikia daugum\u0105 kli\u016b\u010di\u0173, kad gal\u0117t\u0173 dirbti kaip tinkami - keldamiesi anksti ar ilgai vakarodami; m\u0117gaudamiesi spurgomis ar vonia, be saiko gerdami kav\u0105 ar ilgai vaik\u0161tin\u0117dami. Thomasas Wolfe'as ra\u0161\u0117 stov\u0117damas virtuv\u0117je, Jeanas-Paulas Sartre'as rydavo koridan\u0105, Descartesas m\u0117go gulin\u0117ti lovoje, Anthony Trollope'as kiekvien\u0105 ryt\u0105 prie\u0161 eidamas \u012f darb\u0105 u\u017esibr\u0117\u017edavo para\u0161yti tris t\u016bkstan\u010dius \u017eod\u017ei\u0173 (250 \u017eod\u017ei\u0173 kas penkiolika minu\u010di\u0173 per tris valandas).  Puikiai parengti, kupini i\u0161sami\u0173 detali\u0173 ir anekdot\u0173 161 \u012f\u017eymaus \u017emogaus dienos ritualai \u012fkv\u0117ps kiekvien\u0105.","robots":{"index":"index","follow":"follow","max-snippet":"max-snippet:-1","max-image-preview":"max-image-preview:large","max-video-preview":"max-video-preview:-1"},"canonical":"https:\/\/skaitytaknyga.lt\/en\/produktas\/dienos-ritualai-kaip-dirba-menininkai\/","og_locale":"en_GB","og_type":"article","og_title":"Dienos ritualai. Kaip dirba menininkai - Skaitytaknyga","og_description":"Romanistai, poetai, dramaturgai, filosofai, mokslininkai ir matematikai pasakoja, kaip \u012fveikia daugum\u0105 kli\u016b\u010di\u0173, kad gal\u0117t\u0173 dirbti kaip tinkami - keldamiesi anksti ar ilgai vakarodami; m\u0117gaudamiesi spurgomis ar vonia, be saiko gerdami kav\u0105 ar ilgai vaik\u0161tin\u0117dami. Thomasas Wolfe'as ra\u0161\u0117 stov\u0117damas virtuv\u0117je, Jeanas-Paulas Sartre'as rydavo koridan\u0105, Descartesas m\u0117go gulin\u0117ti lovoje, Anthony Trollope'as kiekvien\u0105 ryt\u0105 prie\u0161 eidamas \u012f darb\u0105 u\u017esibr\u0117\u017edavo para\u0161yti tris t\u016bkstan\u010dius \u017eod\u017ei\u0173 (250 \u017eod\u017ei\u0173 kas penkiolika minu\u010di\u0173 per tris valandas).  Puikiai parengti, kupini i\u0161sami\u0173 detali\u0173 ir anekdot\u0173 161 \u012f\u017eymaus \u017emogaus dienos ritualai \u012fkv\u0117ps kiekvien\u0105.","og_url":"https:\/\/skaitytaknyga.lt\/en\/produktas\/dienos-ritualai-kaip-dirba-menininkai\/","og_site_name":"Skaitytaknyga","article_publisher":"https:\/\/www.facebook.com\/skaitytaknyga\/","article_modified_time":"2025-07-12T08:57:02+00:00","og_image":[{"width":267,"height":430,"url":"https:\/\/skaitytaknyga.lt\/wp-content\/uploads\/2024\/05\/1601625119_Dienos_ritualai_VIRSELIS_priekis_2020_09_09.jpg","type":"image\/jpeg"}],"twitter_card":"summary_large_image","twitter_misc":{"Estimated reading time":"1 minute"},"schema":{"@context":"https:\/\/schema.org","@graph":[{"@type":"WebPage","@id":"https:\/\/skaitytaknyga.lt\/produktas\/dienos-ritualai-kaip-dirba-menininkai\/","url":"https:\/\/skaitytaknyga.lt\/produktas\/dienos-ritualai-kaip-dirba-menininkai\/","name":"Dienos ritualai. Kaip dirba menininkai - Skaitytaknyga","isPartOf":{"@id":"https:\/\/skaitytaknyga.lt\/#website"},"primaryImageOfPage":{"@id":"https:\/\/skaitytaknyga.lt\/produktas\/dienos-ritualai-kaip-dirba-menininkai\/#primaryimage"},"image":{"@id":"https:\/\/skaitytaknyga.lt\/produktas\/dienos-ritualai-kaip-dirba-menininkai\/#primaryimage"},"thumbnailUrl":"https:\/\/skaitytaknyga.lt\/wp-content\/uploads\/2024\/05\/1601625119_Dienos_ritualai_VIRSELIS_priekis_2020_09_09.jpg","datePublished":"2024-05-02T13:12:36+00:00","dateModified":"2025-07-12T08:57:02+00:00","description":"Romanistai, poetai, dramaturgai, filosofai, mokslininkai ir matematikai pasakoja, kaip \u012fveikia daugum\u0105 kli\u016b\u010di\u0173, kad gal\u0117t\u0173 dirbti kaip tinkami - keldamiesi anksti ar ilgai vakarodami; m\u0117gaudamiesi spurgomis ar vonia, be saiko gerdami kav\u0105 ar ilgai vaik\u0161tin\u0117dami. Thomasas Wolfe'as ra\u0161\u0117 stov\u0117damas virtuv\u0117je, Jeanas-Paulas Sartre'as rydavo koridan\u0105, Descartesas m\u0117go gulin\u0117ti lovoje, Anthony Trollope'as kiekvien\u0105 ryt\u0105 prie\u0161 eidamas \u012f darb\u0105 u\u017esibr\u0117\u017edavo para\u0161yti tris t\u016bkstan\u010dius \u017eod\u017ei\u0173 (250 \u017eod\u017ei\u0173 kas penkiolika minu\u010di\u0173 per tris valandas). Puikiai parengti, kupini i\u0161sami\u0173 detali\u0173 ir anekdot\u0173 161 \u012f\u017eymaus \u017emogaus dienos ritualai \u012fkv\u0117ps kiekvien\u0105.","breadcrumb":{"@id":"https:\/\/skaitytaknyga.lt\/produktas\/dienos-ritualai-kaip-dirba-menininkai\/#breadcrumb"},"inLanguage":"en-GB","potentialAction":[{"@type":"ReadAction","target":["https:\/\/skaitytaknyga.lt\/produktas\/dienos-ritualai-kaip-dirba-menininkai\/"]}]},{"@type":"ImageObject","inLanguage":"en-GB","@id":"https:\/\/skaitytaknyga.lt\/produktas\/dienos-ritualai-kaip-dirba-menininkai\/#primaryimage","url":"https:\/\/skaitytaknyga.lt\/wp-content\/uploads\/2024\/05\/1601625119_Dienos_ritualai_VIRSELIS_priekis_2020_09_09.jpg","contentUrl":"https:\/\/skaitytaknyga.lt\/wp-content\/uploads\/2024\/05\/1601625119_Dienos_ritualai_VIRSELIS_priekis_2020_09_09.jpg","width":267,"height":430},{"@type":"BreadcrumbList","@id":"https:\/\/skaitytaknyga.lt\/produktas\/dienos-ritualai-kaip-dirba-menininkai\/#breadcrumb","itemListElement":[{"@type":"ListItem","position":1,"name":"Home","item":"https:\/\/skaitytaknyga.lt\/"},{"@type":"ListItem","position":2,"name":"Parduotuv\u0117","item":"https:\/\/skaitytaknyga.lt\/knygu-parduotuve\/"},{"@type":"ListItem","position":3,"name":"Dienos ritualai. Kaip dirba menininkai"}]},{"@type":"WebSite","@id":"https:\/\/skaitytaknyga.lt\/#website","url":"https:\/\/skaitytaknyga.lt\/","name":"skaitytaknyga.lt","description":"Skaitytaknyga.lt \u2013 tai ma\u017eas \u0161eimos verslas, kuris prasid\u0117jo nuo meil\u0117s knygoms ir siekio i\u0161gelb\u0117ti knygas nuo likimo prie konteinerio. Kas vienam nereikalingas daiktas \u2013 kitam lobis, o mes esame tarpininkai, kurie padeda abiems tapti laimingesniems ???? \u017dinome kaip nelengva i\u0161gyventi ma\u017eiems verslams, tad nuo \u0161iol, \u010dia rasite ir kit\u0173, ma\u017e\u0173 \u0161eim\u0173 versl\u0173, rank\u0173 darbo, dovan\u0173 sau ir artimiesiems.","publisher":{"@id":"https:\/\/skaitytaknyga.lt\/#organization"},"potentialAction":[{"@type":"SearchAction","target":{"@type":"EntryPoint","urlTemplate":"https:\/\/skaitytaknyga.lt\/?s={search_term_string}"},"query-input":{"@type":"PropertyValueSpecification","valueRequired":true,"valueName":"search_term_string"}}],"inLanguage":"en-GB"},{"@type":"Organization","@id":"https:\/\/skaitytaknyga.lt\/#organization","name":"skaitytaknyga.lt","url":"https:\/\/skaitytaknyga.lt\/","logo":{"@type":"ImageObject","inLanguage":"en-GB","@id":"https:\/\/skaitytaknyga.lt\/#\/schema\/logo\/image\/","url":"https:\/\/skaitytaknyga.lt\/wp-content\/uploads\/2024\/05\/cropped-cropped-cropped-02_00843_jt3bggkj1j3HLc7SyY6rEUpg.jpeg","contentUrl":"https:\/\/skaitytaknyga.lt\/wp-content\/uploads\/2024\/05\/cropped-cropped-cropped-02_00843_jt3bggkj1j3HLc7SyY6rEUpg.jpeg","width":1600,"height":1600,"caption":"skaitytaknyga.lt"},"image":{"@id":"https:\/\/skaitytaknyga.lt\/#\/schema\/logo\/image\/"},"sameAs":["https:\/\/www.facebook.com\/skaitytaknyga\/"]}]}},"_links":{"self":[{"href":"https:\/\/skaitytaknyga.lt\/en\/wp-json\/wp\/v2\/product\/6226","targetHints":{"allow":["GET"]}}],"collection":[{"href":"https:\/\/skaitytaknyga.lt\/en\/wp-json\/wp\/v2\/product"}],"about":[{"href":"https:\/\/skaitytaknyga.lt\/en\/wp-json\/wp\/v2\/types\/product"}],"replies":[{"embeddable":true,"href":"https:\/\/skaitytaknyga.lt\/en\/wp-json\/wp\/v2\/comments?post=6226"}],"wp:featuredmedia":[{"embeddable":true,"href":"https:\/\/skaitytaknyga.lt\/en\/wp-json\/wp\/v2\/media\/6249"}],"wp:attachment":[{"href":"https:\/\/skaitytaknyga.lt\/en\/wp-json\/wp\/v2\/media?parent=6226"}],"wp:term":[{"taxonomy":"product_brand","embeddable":true,"href":"https:\/\/skaitytaknyga.lt\/en\/wp-json\/wp\/v2\/product_brand?post=6226"},{"taxonomy":"product_cat","embeddable":true,"href":"https:\/\/skaitytaknyga.lt\/en\/wp-json\/wp\/v2\/product_cat?post=6226"},{"taxonomy":"product_tag","embeddable":true,"href":"https:\/\/skaitytaknyga.lt\/en\/wp-json\/wp\/v2\/product_tag?post=6226"}],"curies":[{"name":"wp","href":"https:\/\/api.w.org\/{rel}","templated":true}]}}