{"id":6198,"date":"2024-05-02T13:11:11","date_gmt":"2024-05-02T13:11:11","guid":{"rendered":"https:\/\/skaitytaknyga.lt\/?post_type=product&#038;p=6198"},"modified":"2026-03-18T15:00:11","modified_gmt":"2026-03-18T13:00:11","slug":"jurate-kiaupiene-mes-lietuva-lietuvos-didziosios-kunigaikstystes-bajorija-xvi-a-viesasis-ir-privatus-gyvenimas-yra-nezymiu-defektu","status":"publish","type":"product","link":"https:\/\/skaitytaknyga.lt\/en\/produktas\/jurate-kiaupiene-mes-lietuva-lietuvos-didziosios-kunigaikstystes-bajorija-xvi-a-viesasis-ir-privatus-gyvenimas-yra-nezymiu-defektu\/","title":{"rendered":"J\u016brat\u0117 Kiaupien\u0117 \u201e&#8221;Mes, Lietuva&#8221;. Lietuvos Did\u017eiosios Kunigaik\u0161tyst\u0117s bajorija XVI a. (vie\u0161asis ir privatus gyvenimas)\u201c (Yra ne\u017eymi\u0173 defekt\u0173)"},"content":{"rendered":"<p>Mokslo darb\u0173 konkurso laureat\u0117s (mokslo darbuotoj\u0173 grup\u0117je) J\u016brat\u0117s Kiaupien\u0117s studijoje \u201eMes, Lietuva. Lietuvos Did\u017eiosios Kunigaik\u0161tyst\u0117s bajorija XVI a. (vie\u0161asis ir privatus gyvenimas)\u201c tyrin\u0117jama nauj\u0173j\u0173 laik\u0173 (XVI a.) bajorija, jos vaidmuo vie\u0161ajame ir priva\u010diame gyvenime. Leidinio pirmojoje dalyje autor\u0117, pasinaudodama Lietuvos istorik\u0173 darbais, kaimynini\u0173 \u0161ali\u0173 ir gan\u0117tinai pla\u010diai Vakar\u0173 Europos autori\u0173 naujausia literat\u016bra, aptaria teorines problemos metmenis. Europiniame istorijos mokslo kontekste pristatomos iki \u0161iol nei\u0161spr\u0119stos diskutuotinos problemos ir si\u016blomi sprendimai. I\u0161 antrosios knygos dalies skaitytojai per \u0161altini\u0173 kalb\u0105 gal\u0117s giliau pajausti epochos dvasi\u0105, \u017emoni\u0173 m\u0105stysen\u0105 ir suvokti, kas buvo XVI a. Lietuvos bajorija.<\/p>\n","protected":false},"excerpt":{"rendered":"<p>Mokslo darb\u0173 konkurso laureat\u0117s (mokslo darbuotoj\u0173 grup\u0117je) J\u016brat\u0117s Kiaupien\u0117s studijoje \u201eMes, Lietuva. Lietuvos Did\u017eiosios Kunigaik\u0161tyst\u0117s bajorija XVI a. (vie\u0161asis ir privatus gyvenimas)\u201c tyrin\u0117jama nauj\u0173j\u0173 laik\u0173 (XVI a.) bajorija, jos vaidmuo vie\u0161ajame ir priva\u010diame gyvenime. Leidinio pirmojoje dalyje autor\u0117, pasinaudodama Lietuvos istorik\u0173 darbais, kaimynini\u0173 \u0161ali\u0173 ir gan\u0117tinai pla\u010diai Vakar\u0173 Europos autori\u0173 naujausia literat\u016bra, aptaria teorines problemos metmenis. Europiniame istorijos mokslo kontekste pristatomos iki \u0161iol nei\u0161spr\u0119stos diskutuotinos problemos ir si\u016blomi sprendimai. I\u0161 antrosios knygos dalies skaitytojai per \u0161altini\u0173 kalb\u0105 gal\u0117s giliau pajausti epochos dvasi\u0105, \u017emoni\u0173 m\u0105stysen\u0105 ir suvokti, kas buvo XVI a. Lietuvos bajorija.<\/p>\n","protected":false},"featured_media":6217,"comment_status":"closed","ping_status":"closed","template":"","meta":{"_acf_changed":false,"site-sidebar-layout":"default","site-content-layout":"","ast-site-content-layout":"default","site-content-style":"default","site-sidebar-style":"default","ast-global-header-display":"","ast-banner-title-visibility":"","ast-main-header-display":"","ast-hfb-above-header-display":"","ast-hfb-below-header-display":"","ast-hfb-mobile-header-display":"","site-post-title":"","ast-breadcrumbs-content":"","ast-featured-img":"","footer-sml-layout":"","ast-disable-related-posts":"","theme-transparent-header-meta":"","adv-header-id-meta":"","stick-header-meta":"","header-above-stick-meta":"","header-main-stick-meta":"","header-below-stick-meta":"","astra-migrate-meta-layouts":"default","ast-page-background-enabled":"default","ast-page-background-meta":{"desktop":{"background-color":"","background-image":"","background-repeat":"repeat","background-position":"center center","background-size":"auto","background-attachment":"scroll","background-type":"","background-media":"","overlay-type":"","overlay-color":"","overlay-opacity":"","overlay-gradient":""},"tablet":{"background-color":"","background-image":"","background-repeat":"repeat","background-position":"center center","background-size":"auto","background-attachment":"scroll","background-type":"","background-media":"","overlay-type":"","overlay-color":"","overlay-opacity":"","overlay-gradient":""},"mobile":{"background-color":"","background-image":"","background-repeat":"repeat","background-position":"center center","background-size":"auto","background-attachment":"scroll","background-type":"","background-media":"","overlay-type":"","overlay-color":"","overlay-opacity":"","overlay-gradient":""}},"ast-content-background-meta":{"desktop":{"background-color":"var(--ast-global-color-4)","background-image":"","background-repeat":"repeat","background-position":"center center","background-size":"auto","background-attachment":"scroll","background-type":"","background-media":"","overlay-type":"","overlay-color":"","overlay-opacity":"","overlay-gradient":""},"tablet":{"background-color":"var(--ast-global-color-4)","background-image":"","background-repeat":"repeat","background-position":"center center","background-size":"auto","background-attachment":"scroll","background-type":"","background-media":"","overlay-type":"","overlay-color":"","overlay-opacity":"","overlay-gradient":""},"mobile":{"background-color":"var(--ast-global-color-4)","background-image":"","background-repeat":"repeat","background-position":"center center","background-size":"auto","background-attachment":"scroll","background-type":"","background-media":"","overlay-type":"","overlay-color":"","overlay-opacity":"","overlay-gradient":""}}},"product_brand":[],"product_cat":[9862,174],"product_tag":[],"class_list":{"0":"post-6198","1":"product","2":"type-product","3":"status-publish","4":"has-post-thumbnail","6":"product_cat-lietuvos-istorija","7":"product_cat-istorija-ir-politologija","8":"desktop-align-left","9":"tablet-align-left","10":"mobile-align-left","12":"first","13":"outofstock","14":"shipping-taxable","15":"purchasable","16":"product-type-simple"},"acf":[],"yoast_head":"<!-- This site is optimized with the Yoast SEO plugin v27.0 - https:\/\/yoast.com\/product\/yoast-seo-wordpress\/ -->\n<title>J\u016brat\u0117 Kiaupien\u0117 \u201e&quot;Mes, Lietuva&quot;. Lietuvos Did\u017eiosios Kunigaik\u0161tyst\u0117s bajorija XVI a. (vie\u0161asis ir privatus gyvenimas)\u201c (Yra ne\u017eymi\u0173 defekt\u0173)<\/title>\n<meta name=\"description\" content=\"Mokslo darb\u0173 konkurso laureat\u0117s (mokslo darbuotoj\u0173 grup\u0117je) J\u016brat\u0117s Kiaupien\u0117s studijoje \u201eMes, Lietuva. Lietuvos Did\u017eiosios Kunigaik\u0161tyst\u0117s bajorija XVI a. (vie\u0161asis ir privatus gyvenimas)\u201c tyrin\u0117jama nauj\u0173j\u0173 laik\u0173 (XVI a.) bajorija, jos vaidmuo vie\u0161ajame ir priva\u010diame gyvenime. Leidinio pirmojoje dalyje autor\u0117, pasinaudodama Lietuvos istorik\u0173 darbais, kaimynini\u0173 \u0161ali\u0173 ir gan\u0117tinai pla\u010diai Vakar\u0173 Europos autori\u0173 naujausia literat\u016bra, aptaria teorines problemos metmenis. Europiniame istorijos mokslo kontekste pristatomos iki \u0161iol nei\u0161spr\u0119stos diskutuotinos problemos ir si\u016blomi sprendimai. I\u0161 antrosios knygos dalies skaitytojai per \u0161altini\u0173 kalb\u0105 gal\u0117s giliau pajausti epochos dvasi\u0105, \u017emoni\u0173 m\u0105stysen\u0105 ir suvokti, kas buvo XVI a. Lietuvos bajorija.\" \/>\n<meta name=\"robots\" content=\"index, follow, max-snippet:-1, max-image-preview:large, max-video-preview:-1\" \/>\n<link rel=\"canonical\" href=\"https:\/\/skaitytaknyga.lt\/en\/produktas\/jurate-kiaupiene-mes-lietuva-lietuvos-didziosios-kunigaikstystes-bajorija-xvi-a-viesasis-ir-privatus-gyvenimas-yra-nezymiu-defektu\/\" \/>\n<meta property=\"og:locale\" content=\"en_GB\" \/>\n<meta property=\"og:locale:alternate\" content=\"lt_LT\" \/>\n<meta property=\"og:type\" content=\"article\" \/>\n<meta property=\"og:title\" content=\"J\u016brat\u0117 Kiaupien\u0117 \u201e&quot;Mes, Lietuva&quot;. Lietuvos Did\u017eiosios Kunigaik\u0161tyst\u0117s bajorija XVI a. (vie\u0161asis ir privatus gyvenimas)\u201c (Yra ne\u017eymi\u0173 defekt\u0173)\" \/>\n<meta property=\"og:description\" content=\"Mokslo darb\u0173 konkurso laureat\u0117s (mokslo darbuotoj\u0173 grup\u0117je) J\u016brat\u0117s Kiaupien\u0117s studijoje \u201eMes, Lietuva. Lietuvos Did\u017eiosios Kunigaik\u0161tyst\u0117s bajorija XVI a. (vie\u0161asis ir privatus gyvenimas)\u201c tyrin\u0117jama nauj\u0173j\u0173 laik\u0173 (XVI a.) bajorija, jos vaidmuo vie\u0161ajame ir priva\u010diame gyvenime. Leidinio pirmojoje dalyje autor\u0117, pasinaudodama Lietuvos istorik\u0173 darbais, kaimynini\u0173 \u0161ali\u0173 ir gan\u0117tinai pla\u010diai Vakar\u0173 Europos autori\u0173 naujausia literat\u016bra, aptaria teorines problemos metmenis. Europiniame istorijos mokslo kontekste pristatomos iki \u0161iol nei\u0161spr\u0119stos diskutuotinos problemos ir si\u016blomi sprendimai. I\u0161 antrosios knygos dalies skaitytojai per \u0161altini\u0173 kalb\u0105 gal\u0117s giliau pajausti epochos dvasi\u0105, \u017emoni\u0173 m\u0105stysen\u0105 ir suvokti, kas buvo XVI a. Lietuvos bajorija.\" \/>\n<meta property=\"og:url\" content=\"https:\/\/skaitytaknyga.lt\/en\/produktas\/jurate-kiaupiene-mes-lietuva-lietuvos-didziosios-kunigaikstystes-bajorija-xvi-a-viesasis-ir-privatus-gyvenimas-yra-nezymiu-defektu\/\" \/>\n<meta property=\"og:site_name\" content=\"Skaitytaknyga\" \/>\n<meta property=\"article:publisher\" content=\"https:\/\/www.facebook.com\/skaitytaknyga\/\" \/>\n<meta property=\"article:modified_time\" content=\"2026-03-18T13:00:11+00:00\" \/>\n<meta property=\"og:image\" content=\"https:\/\/skaitytaknyga.lt\/wp-content\/uploads\/2024\/05\/mes-lietuva.jpg\" \/>\n\t<meta property=\"og:image:width\" content=\"600\" \/>\n\t<meta property=\"og:image:height\" content=\"850\" \/>\n\t<meta property=\"og:image:type\" content=\"image\/jpeg\" \/>\n<meta name=\"twitter:card\" content=\"summary_large_image\" \/>\n<meta name=\"twitter:label1\" content=\"Estimated reading time\" \/>\n\t<meta name=\"twitter:data1\" content=\"1 minute\" \/>\n<script type=\"application\/ld+json\" class=\"yoast-schema-graph\">{\"@context\":\"https:\/\/schema.org\",\"@graph\":[{\"@type\":\"WebPage\",\"@id\":\"https:\/\/skaitytaknyga.lt\/produktas\/jurate-kiaupiene-mes-lietuva-lietuvos-didziosios-kunigaikstystes-bajorija-xvi-a-viesasis-ir-privatus-gyvenimas-yra-nezymiu-defektu\/\",\"url\":\"https:\/\/skaitytaknyga.lt\/produktas\/jurate-kiaupiene-mes-lietuva-lietuvos-didziosios-kunigaikstystes-bajorija-xvi-a-viesasis-ir-privatus-gyvenimas-yra-nezymiu-defektu\/\",\"name\":\"J\u016brat\u0117 Kiaupien\u0117 \u201e\\\"Mes, Lietuva\\\". Lietuvos Did\u017eiosios Kunigaik\u0161tyst\u0117s bajorija XVI a. (vie\u0161asis ir privatus gyvenimas)\u201c (Yra ne\u017eymi\u0173 defekt\u0173)\",\"isPartOf\":{\"@id\":\"https:\/\/skaitytaknyga.lt\/#website\"},\"primaryImageOfPage\":{\"@id\":\"https:\/\/skaitytaknyga.lt\/produktas\/jurate-kiaupiene-mes-lietuva-lietuvos-didziosios-kunigaikstystes-bajorija-xvi-a-viesasis-ir-privatus-gyvenimas-yra-nezymiu-defektu\/#primaryimage\"},\"image\":{\"@id\":\"https:\/\/skaitytaknyga.lt\/produktas\/jurate-kiaupiene-mes-lietuva-lietuvos-didziosios-kunigaikstystes-bajorija-xvi-a-viesasis-ir-privatus-gyvenimas-yra-nezymiu-defektu\/#primaryimage\"},\"thumbnailUrl\":\"https:\/\/skaitytaknyga.lt\/wp-content\/uploads\/2024\/05\/mes-lietuva.jpg\",\"datePublished\":\"2024-05-02T13:11:11+00:00\",\"dateModified\":\"2026-03-18T13:00:11+00:00\",\"description\":\"Mokslo darb\u0173 konkurso laureat\u0117s (mokslo darbuotoj\u0173 grup\u0117je) J\u016brat\u0117s Kiaupien\u0117s studijoje \u201eMes, Lietuva. Lietuvos Did\u017eiosios Kunigaik\u0161tyst\u0117s bajorija XVI a. (vie\u0161asis ir privatus gyvenimas)\u201c tyrin\u0117jama nauj\u0173j\u0173 laik\u0173 (XVI a.) bajorija, jos vaidmuo vie\u0161ajame ir priva\u010diame gyvenime. Leidinio pirmojoje dalyje autor\u0117, pasinaudodama Lietuvos istorik\u0173 darbais, kaimynini\u0173 \u0161ali\u0173 ir gan\u0117tinai pla\u010diai Vakar\u0173 Europos autori\u0173 naujausia literat\u016bra, aptaria teorines problemos metmenis. Europiniame istorijos mokslo kontekste pristatomos iki \u0161iol nei\u0161spr\u0119stos diskutuotinos problemos ir si\u016blomi sprendimai. I\u0161 antrosios knygos dalies skaitytojai per \u0161altini\u0173 kalb\u0105 gal\u0117s giliau pajausti epochos dvasi\u0105, \u017emoni\u0173 m\u0105stysen\u0105 ir suvokti, kas buvo XVI a. Lietuvos bajorija.\",\"breadcrumb\":{\"@id\":\"https:\/\/skaitytaknyga.lt\/produktas\/jurate-kiaupiene-mes-lietuva-lietuvos-didziosios-kunigaikstystes-bajorija-xvi-a-viesasis-ir-privatus-gyvenimas-yra-nezymiu-defektu\/#breadcrumb\"},\"inLanguage\":\"en-GB\",\"potentialAction\":[{\"@type\":\"ReadAction\",\"target\":[\"https:\/\/skaitytaknyga.lt\/produktas\/jurate-kiaupiene-mes-lietuva-lietuvos-didziosios-kunigaikstystes-bajorija-xvi-a-viesasis-ir-privatus-gyvenimas-yra-nezymiu-defektu\/\"]}]},{\"@type\":\"ImageObject\",\"inLanguage\":\"en-GB\",\"@id\":\"https:\/\/skaitytaknyga.lt\/produktas\/jurate-kiaupiene-mes-lietuva-lietuvos-didziosios-kunigaikstystes-bajorija-xvi-a-viesasis-ir-privatus-gyvenimas-yra-nezymiu-defektu\/#primaryimage\",\"url\":\"https:\/\/skaitytaknyga.lt\/wp-content\/uploads\/2024\/05\/mes-lietuva.jpg\",\"contentUrl\":\"https:\/\/skaitytaknyga.lt\/wp-content\/uploads\/2024\/05\/mes-lietuva.jpg\",\"width\":600,\"height\":850},{\"@type\":\"BreadcrumbList\",\"@id\":\"https:\/\/skaitytaknyga.lt\/produktas\/jurate-kiaupiene-mes-lietuva-lietuvos-didziosios-kunigaikstystes-bajorija-xvi-a-viesasis-ir-privatus-gyvenimas-yra-nezymiu-defektu\/#breadcrumb\",\"itemListElement\":[{\"@type\":\"ListItem\",\"position\":1,\"name\":\"Home\",\"item\":\"https:\/\/skaitytaknyga.lt\/\"},{\"@type\":\"ListItem\",\"position\":2,\"name\":\"Parduotuv\u0117\",\"item\":\"https:\/\/skaitytaknyga.lt\/knygu-parduotuve\/\"},{\"@type\":\"ListItem\",\"position\":3,\"name\":\"J\u016brat\u0117 Kiaupien\u0117 \u201e&#8221;Mes, Lietuva&#8221;. Lietuvos Did\u017eiosios Kunigaik\u0161tyst\u0117s bajorija XVI a. (vie\u0161asis ir privatus gyvenimas)\u201c (Yra ne\u017eymi\u0173 defekt\u0173)\"}]},{\"@type\":\"WebSite\",\"@id\":\"https:\/\/skaitytaknyga.lt\/#website\",\"url\":\"https:\/\/skaitytaknyga.lt\/\",\"name\":\"skaitytaknyga.lt\",\"description\":\"Skaitytaknyga.lt \u2013 tai ma\u017eas \u0161eimos verslas, kuris prasid\u0117jo nuo meil\u0117s knygoms ir siekio i\u0161gelb\u0117ti knygas nuo likimo prie konteinerio. Kas vienam nereikalingas daiktas \u2013 kitam lobis, o mes esame tarpininkai, kurie padeda abiems tapti laimingesniems ???? \u017dinome kaip nelengva i\u0161gyventi ma\u017eiems verslams, tad nuo \u0161iol, \u010dia rasite ir kit\u0173, ma\u017e\u0173 \u0161eim\u0173 versl\u0173, rank\u0173 darbo, dovan\u0173 sau ir artimiesiems.\",\"publisher\":{\"@id\":\"https:\/\/skaitytaknyga.lt\/#organization\"},\"potentialAction\":[{\"@type\":\"SearchAction\",\"target\":{\"@type\":\"EntryPoint\",\"urlTemplate\":\"https:\/\/skaitytaknyga.lt\/?s={search_term_string}\"},\"query-input\":{\"@type\":\"PropertyValueSpecification\",\"valueRequired\":true,\"valueName\":\"search_term_string\"}}],\"inLanguage\":\"en-GB\"},{\"@type\":\"Organization\",\"@id\":\"https:\/\/skaitytaknyga.lt\/#organization\",\"name\":\"skaitytaknyga.lt\",\"url\":\"https:\/\/skaitytaknyga.lt\/\",\"logo\":{\"@type\":\"ImageObject\",\"inLanguage\":\"en-GB\",\"@id\":\"https:\/\/skaitytaknyga.lt\/#\/schema\/logo\/image\/\",\"url\":\"https:\/\/skaitytaknyga.lt\/wp-content\/uploads\/2024\/05\/cropped-cropped-cropped-02_00843_jt3bggkj1j3HLc7SyY6rEUpg.jpeg\",\"contentUrl\":\"https:\/\/skaitytaknyga.lt\/wp-content\/uploads\/2024\/05\/cropped-cropped-cropped-02_00843_jt3bggkj1j3HLc7SyY6rEUpg.jpeg\",\"width\":1600,\"height\":1600,\"caption\":\"skaitytaknyga.lt\"},\"image\":{\"@id\":\"https:\/\/skaitytaknyga.lt\/#\/schema\/logo\/image\/\"},\"sameAs\":[\"https:\/\/www.facebook.com\/skaitytaknyga\/\"]}]}<\/script>\n<!-- \/ Yoast SEO plugin. -->","yoast_head_json":{"title":"J\u016brat\u0117 Kiaupien\u0117 \u201e\"Mes, Lietuva\". Lietuvos Did\u017eiosios Kunigaik\u0161tyst\u0117s bajorija XVI a. (vie\u0161asis ir privatus gyvenimas)\u201c (Yra ne\u017eymi\u0173 defekt\u0173)","description":"Mokslo darb\u0173 konkurso laureat\u0117s (mokslo darbuotoj\u0173 grup\u0117je) J\u016brat\u0117s Kiaupien\u0117s studijoje \u201eMes, Lietuva. Lietuvos Did\u017eiosios Kunigaik\u0161tyst\u0117s bajorija XVI a. (vie\u0161asis ir privatus gyvenimas)\u201c tyrin\u0117jama nauj\u0173j\u0173 laik\u0173 (XVI a.) bajorija, jos vaidmuo vie\u0161ajame ir priva\u010diame gyvenime. Leidinio pirmojoje dalyje autor\u0117, pasinaudodama Lietuvos istorik\u0173 darbais, kaimynini\u0173 \u0161ali\u0173 ir gan\u0117tinai pla\u010diai Vakar\u0173 Europos autori\u0173 naujausia literat\u016bra, aptaria teorines problemos metmenis. Europiniame istorijos mokslo kontekste pristatomos iki \u0161iol nei\u0161spr\u0119stos diskutuotinos problemos ir si\u016blomi sprendimai. I\u0161 antrosios knygos dalies skaitytojai per \u0161altini\u0173 kalb\u0105 gal\u0117s giliau pajausti epochos dvasi\u0105, \u017emoni\u0173 m\u0105stysen\u0105 ir suvokti, kas buvo XVI a. Lietuvos bajorija.","robots":{"index":"index","follow":"follow","max-snippet":"max-snippet:-1","max-image-preview":"max-image-preview:large","max-video-preview":"max-video-preview:-1"},"canonical":"https:\/\/skaitytaknyga.lt\/en\/produktas\/jurate-kiaupiene-mes-lietuva-lietuvos-didziosios-kunigaikstystes-bajorija-xvi-a-viesasis-ir-privatus-gyvenimas-yra-nezymiu-defektu\/","og_locale":"en_GB","og_type":"article","og_title":"[:lt]J\u016brat\u0117 Kiaupien\u0117 \u201e\"Mes, Lietuva\". Lietuvos Did\u017eiosios Kunigaik\u0161tyst\u0117s bajorija XVI a. (vie\u0161asis ir privatus gyvenimas)\u201c (Yra ne\u017eymi\u0173 defekt\u0173)[:] - Skaitytaknyga","og_description":"Mokslo darb\u0173 konkurso laureat\u0117s (mokslo darbuotoj\u0173 grup\u0117je) J\u016brat\u0117s Kiaupien\u0117s studijoje \u201eMes, Lietuva. Lietuvos Did\u017eiosios Kunigaik\u0161tyst\u0117s bajorija XVI a. (vie\u0161asis ir privatus gyvenimas)\u201c tyrin\u0117jama nauj\u0173j\u0173 laik\u0173 (XVI a.) bajorija, jos vaidmuo vie\u0161ajame ir priva\u010diame gyvenime. Leidinio pirmojoje dalyje autor\u0117, pasinaudodama Lietuvos istorik\u0173 darbais, kaimynini\u0173 \u0161ali\u0173 ir gan\u0117tinai pla\u010diai Vakar\u0173 Europos autori\u0173 naujausia literat\u016bra, aptaria teorines problemos metmenis. Europiniame istorijos mokslo kontekste pristatomos iki \u0161iol nei\u0161spr\u0119stos diskutuotinos problemos ir si\u016blomi sprendimai. I\u0161 antrosios knygos dalies skaitytojai per \u0161altini\u0173 kalb\u0105 gal\u0117s giliau pajausti epochos dvasi\u0105, \u017emoni\u0173 m\u0105stysen\u0105 ir suvokti, kas buvo XVI a. Lietuvos bajorija.","og_url":"https:\/\/skaitytaknyga.lt\/en\/produktas\/jurate-kiaupiene-mes-lietuva-lietuvos-didziosios-kunigaikstystes-bajorija-xvi-a-viesasis-ir-privatus-gyvenimas-yra-nezymiu-defektu\/","og_site_name":"Skaitytaknyga","article_publisher":"https:\/\/www.facebook.com\/skaitytaknyga\/","article_modified_time":"2026-03-18T13:00:11+00:00","og_image":[{"width":600,"height":850,"url":"https:\/\/skaitytaknyga.lt\/wp-content\/uploads\/2024\/05\/mes-lietuva.jpg","type":"image\/jpeg"}],"twitter_card":"summary_large_image","twitter_misc":{"Estimated reading time":"1 minute"},"schema":{"@context":"https:\/\/schema.org","@graph":[{"@type":"WebPage","@id":"https:\/\/skaitytaknyga.lt\/produktas\/jurate-kiaupiene-mes-lietuva-lietuvos-didziosios-kunigaikstystes-bajorija-xvi-a-viesasis-ir-privatus-gyvenimas-yra-nezymiu-defektu\/","url":"https:\/\/skaitytaknyga.lt\/produktas\/jurate-kiaupiene-mes-lietuva-lietuvos-didziosios-kunigaikstystes-bajorija-xvi-a-viesasis-ir-privatus-gyvenimas-yra-nezymiu-defektu\/","name":"J\u016brat\u0117 Kiaupien\u0117 \u201e\"Mes, Lietuva\". Lietuvos Did\u017eiosios Kunigaik\u0161tyst\u0117s bajorija XVI a. (vie\u0161asis ir privatus gyvenimas)\u201c (Yra ne\u017eymi\u0173 defekt\u0173)","isPartOf":{"@id":"https:\/\/skaitytaknyga.lt\/#website"},"primaryImageOfPage":{"@id":"https:\/\/skaitytaknyga.lt\/produktas\/jurate-kiaupiene-mes-lietuva-lietuvos-didziosios-kunigaikstystes-bajorija-xvi-a-viesasis-ir-privatus-gyvenimas-yra-nezymiu-defektu\/#primaryimage"},"image":{"@id":"https:\/\/skaitytaknyga.lt\/produktas\/jurate-kiaupiene-mes-lietuva-lietuvos-didziosios-kunigaikstystes-bajorija-xvi-a-viesasis-ir-privatus-gyvenimas-yra-nezymiu-defektu\/#primaryimage"},"thumbnailUrl":"https:\/\/skaitytaknyga.lt\/wp-content\/uploads\/2024\/05\/mes-lietuva.jpg","datePublished":"2024-05-02T13:11:11+00:00","dateModified":"2026-03-18T13:00:11+00:00","description":"Mokslo darb\u0173 konkurso laureat\u0117s (mokslo darbuotoj\u0173 grup\u0117je) J\u016brat\u0117s Kiaupien\u0117s studijoje \u201eMes, Lietuva. Lietuvos Did\u017eiosios Kunigaik\u0161tyst\u0117s bajorija XVI a. (vie\u0161asis ir privatus gyvenimas)\u201c tyrin\u0117jama nauj\u0173j\u0173 laik\u0173 (XVI a.) bajorija, jos vaidmuo vie\u0161ajame ir priva\u010diame gyvenime. Leidinio pirmojoje dalyje autor\u0117, pasinaudodama Lietuvos istorik\u0173 darbais, kaimynini\u0173 \u0161ali\u0173 ir gan\u0117tinai pla\u010diai Vakar\u0173 Europos autori\u0173 naujausia literat\u016bra, aptaria teorines problemos metmenis. Europiniame istorijos mokslo kontekste pristatomos iki \u0161iol nei\u0161spr\u0119stos diskutuotinos problemos ir si\u016blomi sprendimai. I\u0161 antrosios knygos dalies skaitytojai per \u0161altini\u0173 kalb\u0105 gal\u0117s giliau pajausti epochos dvasi\u0105, \u017emoni\u0173 m\u0105stysen\u0105 ir suvokti, kas buvo XVI a. Lietuvos bajorija.","breadcrumb":{"@id":"https:\/\/skaitytaknyga.lt\/produktas\/jurate-kiaupiene-mes-lietuva-lietuvos-didziosios-kunigaikstystes-bajorija-xvi-a-viesasis-ir-privatus-gyvenimas-yra-nezymiu-defektu\/#breadcrumb"},"inLanguage":"en-GB","potentialAction":[{"@type":"ReadAction","target":["https:\/\/skaitytaknyga.lt\/produktas\/jurate-kiaupiene-mes-lietuva-lietuvos-didziosios-kunigaikstystes-bajorija-xvi-a-viesasis-ir-privatus-gyvenimas-yra-nezymiu-defektu\/"]}]},{"@type":"ImageObject","inLanguage":"en-GB","@id":"https:\/\/skaitytaknyga.lt\/produktas\/jurate-kiaupiene-mes-lietuva-lietuvos-didziosios-kunigaikstystes-bajorija-xvi-a-viesasis-ir-privatus-gyvenimas-yra-nezymiu-defektu\/#primaryimage","url":"https:\/\/skaitytaknyga.lt\/wp-content\/uploads\/2024\/05\/mes-lietuva.jpg","contentUrl":"https:\/\/skaitytaknyga.lt\/wp-content\/uploads\/2024\/05\/mes-lietuva.jpg","width":600,"height":850},{"@type":"BreadcrumbList","@id":"https:\/\/skaitytaknyga.lt\/produktas\/jurate-kiaupiene-mes-lietuva-lietuvos-didziosios-kunigaikstystes-bajorija-xvi-a-viesasis-ir-privatus-gyvenimas-yra-nezymiu-defektu\/#breadcrumb","itemListElement":[{"@type":"ListItem","position":1,"name":"Home","item":"https:\/\/skaitytaknyga.lt\/"},{"@type":"ListItem","position":2,"name":"Parduotuv\u0117","item":"https:\/\/skaitytaknyga.lt\/knygu-parduotuve\/"},{"@type":"ListItem","position":3,"name":"J\u016brat\u0117 Kiaupien\u0117 \u201e&#8221;Mes, Lietuva&#8221;. Lietuvos Did\u017eiosios Kunigaik\u0161tyst\u0117s bajorija XVI a. (vie\u0161asis ir privatus gyvenimas)\u201c (Yra ne\u017eymi\u0173 defekt\u0173)"}]},{"@type":"WebSite","@id":"https:\/\/skaitytaknyga.lt\/#website","url":"https:\/\/skaitytaknyga.lt\/","name":"skaitytaknyga.lt","description":"Skaitytaknyga.lt \u2013 tai ma\u017eas \u0161eimos verslas, kuris prasid\u0117jo nuo meil\u0117s knygoms ir siekio i\u0161gelb\u0117ti knygas nuo likimo prie konteinerio. Kas vienam nereikalingas daiktas \u2013 kitam lobis, o mes esame tarpininkai, kurie padeda abiems tapti laimingesniems ???? \u017dinome kaip nelengva i\u0161gyventi ma\u017eiems verslams, tad nuo \u0161iol, \u010dia rasite ir kit\u0173, ma\u017e\u0173 \u0161eim\u0173 versl\u0173, rank\u0173 darbo, dovan\u0173 sau ir artimiesiems.","publisher":{"@id":"https:\/\/skaitytaknyga.lt\/#organization"},"potentialAction":[{"@type":"SearchAction","target":{"@type":"EntryPoint","urlTemplate":"https:\/\/skaitytaknyga.lt\/?s={search_term_string}"},"query-input":{"@type":"PropertyValueSpecification","valueRequired":true,"valueName":"search_term_string"}}],"inLanguage":"en-GB"},{"@type":"Organization","@id":"https:\/\/skaitytaknyga.lt\/#organization","name":"skaitytaknyga.lt","url":"https:\/\/skaitytaknyga.lt\/","logo":{"@type":"ImageObject","inLanguage":"en-GB","@id":"https:\/\/skaitytaknyga.lt\/#\/schema\/logo\/image\/","url":"https:\/\/skaitytaknyga.lt\/wp-content\/uploads\/2024\/05\/cropped-cropped-cropped-02_00843_jt3bggkj1j3HLc7SyY6rEUpg.jpeg","contentUrl":"https:\/\/skaitytaknyga.lt\/wp-content\/uploads\/2024\/05\/cropped-cropped-cropped-02_00843_jt3bggkj1j3HLc7SyY6rEUpg.jpeg","width":1600,"height":1600,"caption":"skaitytaknyga.lt"},"image":{"@id":"https:\/\/skaitytaknyga.lt\/#\/schema\/logo\/image\/"},"sameAs":["https:\/\/www.facebook.com\/skaitytaknyga\/"]}]}},"_links":{"self":[{"href":"https:\/\/skaitytaknyga.lt\/en\/wp-json\/wp\/v2\/product\/6198","targetHints":{"allow":["GET"]}}],"collection":[{"href":"https:\/\/skaitytaknyga.lt\/en\/wp-json\/wp\/v2\/product"}],"about":[{"href":"https:\/\/skaitytaknyga.lt\/en\/wp-json\/wp\/v2\/types\/product"}],"replies":[{"embeddable":true,"href":"https:\/\/skaitytaknyga.lt\/en\/wp-json\/wp\/v2\/comments?post=6198"}],"wp:featuredmedia":[{"embeddable":true,"href":"https:\/\/skaitytaknyga.lt\/en\/wp-json\/wp\/v2\/media\/6217"}],"wp:attachment":[{"href":"https:\/\/skaitytaknyga.lt\/en\/wp-json\/wp\/v2\/media?parent=6198"}],"wp:term":[{"taxonomy":"product_brand","embeddable":true,"href":"https:\/\/skaitytaknyga.lt\/en\/wp-json\/wp\/v2\/product_brand?post=6198"},{"taxonomy":"product_cat","embeddable":true,"href":"https:\/\/skaitytaknyga.lt\/en\/wp-json\/wp\/v2\/product_cat?post=6198"},{"taxonomy":"product_tag","embeddable":true,"href":"https:\/\/skaitytaknyga.lt\/en\/wp-json\/wp\/v2\/product_tag?post=6198"}],"curies":[{"name":"wp","href":"https:\/\/api.w.org\/{rel}","templated":true}]}}