{"id":6176,"date":"2024-05-02T13:10:11","date_gmt":"2024-05-02T13:10:11","guid":{"rendered":"https:\/\/skaitytaknyga.lt\/?post_type=product&#038;p=6176"},"modified":"2025-02-26T11:14:25","modified_gmt":"2025-02-26T09:14:25","slug":"vincas-kreve-dangaus-ir-zemes-sunus","status":"publish","type":"product","link":"https:\/\/skaitytaknyga.lt\/en\/produktas\/vincas-kreve-dangaus-ir-zemes-sunus\/","title":{"rendered":"Vincas Kr\u0117v\u0117 \u201eDangaus ir \u017eem\u0117s s\u016bn\u016bs\u201c"},"content":{"rendered":"<p>Lietuvi\u0173 literat\u016bros klasiko k\u016brybos rinktin\u0117. Nema\u017ea m\u016bs\u0173 ra\u0161ytoj\u0173 pastaruoju metu yra pasi\u0161ov\u0119 \u012f filosofavim\u0105. Tuo tarpu daugiausia gelm\u0117s\u2026 Yra pasiek\u0119s Vincas Kr\u0117v\u0117 \u2013 ir visai ne koki\u0173 samprotavim\u0173 ir i\u0161ved\u017eiojim\u0173 keliu, o mok\u0117damas i\u0161 paties gyvenimo i\u0161rauti prasminguosius momentus, juos suklostyti tokioje plotm\u0117je, kad jie \u012fgauna kitoki\u0105 spalv\u0105 ir mint\u012f. Jis paliet\u0117 ir valstyb\u0117s, ir tautos, ir religijos, ir \u017emogaus likimo kelius. Tas id\u0117jinis svoris nesiliauja lyd\u0117j\u0119s j\u012f ligi paskutini\u0173 met\u0173, kaip tai liudija \u201cDangaus ir \u017eem\u0117s s\u016bn\u016bs\u201d. Knygoje taip pat publikuojami \u201cRaganius\u201d, \u201cSkirgaila\u201d, \u201cPratjekabuda\u201d.<\/p>\n","protected":false},"excerpt":{"rendered":"<p>Lietuvi\u0173 literat\u016bros klasiko k\u016brybos rinktin\u0117. Nema\u017ea m\u016bs\u0173 ra\u0161ytoj\u0173 pastaruoju metu yra pasi\u0161ov\u0119 \u012f filosofavim\u0105. Tuo tarpu daugiausia gelm\u0117s\u2026 Yra pasiek\u0119s Vincas Kr\u0117v\u0117 \u2013 ir visai ne koki\u0173 samprotavim\u0173 ir i\u0161ved\u017eiojim\u0173 keliu, o mok\u0117damas i\u0161 paties gyvenimo i\u0161rauti prasminguosius momentus, juos suklostyti tokioje plotm\u0117je, kad jie \u012fgauna kitoki\u0105 spalv\u0105 ir mint\u012f. Jis paliet\u0117 ir valstyb\u0117s, ir tautos, ir religijos, ir \u017emogaus likimo kelius. Tas id\u0117jinis svoris nesiliauja lyd\u0117j\u0119s j\u012f ligi paskutini\u0173 met\u0173, kaip tai liudija \u201cDangaus ir \u017eem\u0117s s\u016bn\u016bs\u201d. Knygoje taip pat publikuojami \u201cRaganius\u201d, \u201cSkirgaila\u201d, \u201cPratjekabuda\u201d.<\/p>\n","protected":false},"featured_media":6191,"comment_status":"closed","ping_status":"closed","template":"","meta":{"_acf_changed":false,"site-sidebar-layout":"default","site-content-layout":"","ast-site-content-layout":"default","site-content-style":"default","site-sidebar-style":"default","ast-global-header-display":"","ast-banner-title-visibility":"","ast-main-header-display":"","ast-hfb-above-header-display":"","ast-hfb-below-header-display":"","ast-hfb-mobile-header-display":"","site-post-title":"","ast-breadcrumbs-content":"","ast-featured-img":"","footer-sml-layout":"","ast-disable-related-posts":"","theme-transparent-header-meta":"","adv-header-id-meta":"","stick-header-meta":"","header-above-stick-meta":"","header-main-stick-meta":"","header-below-stick-meta":"","astra-migrate-meta-layouts":"default","ast-page-background-enabled":"default","ast-page-background-meta":{"desktop":{"background-color":"","background-image":"","background-repeat":"repeat","background-position":"center center","background-size":"auto","background-attachment":"scroll","background-type":"","background-media":"","overlay-type":"","overlay-color":"","overlay-opacity":"","overlay-gradient":""},"tablet":{"background-color":"","background-image":"","background-repeat":"repeat","background-position":"center center","background-size":"auto","background-attachment":"scroll","background-type":"","background-media":"","overlay-type":"","overlay-color":"","overlay-opacity":"","overlay-gradient":""},"mobile":{"background-color":"","background-image":"","background-repeat":"repeat","background-position":"center center","background-size":"auto","background-attachment":"scroll","background-type":"","background-media":"","overlay-type":"","overlay-color":"","overlay-opacity":"","overlay-gradient":""}},"ast-content-background-meta":{"desktop":{"background-color":"var(--ast-global-color-4)","background-image":"","background-repeat":"repeat","background-position":"center center","background-size":"auto","background-attachment":"scroll","background-type":"","background-media":"","overlay-type":"","overlay-color":"","overlay-opacity":"","overlay-gradient":""},"tablet":{"background-color":"var(--ast-global-color-4)","background-image":"","background-repeat":"repeat","background-position":"center center","background-size":"auto","background-attachment":"scroll","background-type":"","background-media":"","overlay-type":"","overlay-color":"","overlay-opacity":"","overlay-gradient":""},"mobile":{"background-color":"var(--ast-global-color-4)","background-image":"","background-repeat":"repeat","background-position":"center center","background-size":"auto","background-attachment":"scroll","background-type":"","background-media":"","overlay-type":"","overlay-color":"","overlay-opacity":"","overlay-gradient":""}}},"product_brand":[],"product_cat":[28,331,35],"product_tag":[],"class_list":{"0":"post-6176","1":"product","2":"type-product","3":"status-publish","4":"has-post-thumbnail","6":"product_cat-klasika","7":"product_cat-programine-literatura","8":"product_cat-vaikams-ir-paaugliams","9":"desktop-align-left","10":"tablet-align-left","11":"mobile-align-left","13":"first","14":"instock","15":"sale","16":"shipping-taxable","17":"purchasable","18":"product-type-simple"},"acf":[],"yoast_head":"<!-- This site is optimized with the Yoast SEO plugin v27.0 - https:\/\/yoast.com\/product\/yoast-seo-wordpress\/ -->\n<title>Vincas Kr\u0117v\u0117 \u201eDangaus ir \u017eem\u0117s s\u016bn\u016bs\u201c<\/title>\n<meta name=\"description\" content=\"Lietuvi\u0173 literat\u016bros klasiko k\u016brybos rinktin\u0117. Nema\u017ea m\u016bs\u0173 ra\u0161ytoj\u0173 pastaruoju metu yra pasi\u0161ov\u0119 \u012f filosofavim\u0105. Tuo tarpu daugiausia gelm\u0117s\u2026 Yra pasiek\u0119s Vincas Kr\u0117v\u0117 \u2013 ir visai ne koki\u0173 samprotavim\u0173 ir i\u0161ved\u017eiojim\u0173 keliu, o mok\u0117damas i\u0161 paties gyvenimo i\u0161rauti prasminguosius momentus, juos suklostyti tokioje plotm\u0117je, kad jie \u012fgauna kitoki\u0105 spalv\u0105 ir mint\u012f. Jis paliet\u0117 ir valstyb\u0117s, ir tautos, ir religijos, ir \u017emogaus likimo kelius. Tas id\u0117jinis svoris nesiliauja lyd\u0117j\u0119s j\u012f ligi paskutini\u0173 met\u0173, kaip tai liudija \u201cDangaus ir \u017eem\u0117s s\u016bn\u016bs\u201d. Knygoje taip pat publikuojami \u201cRaganius\u201d, \u201cSkirgaila\u201d, \u201cPratjekabuda\u201d.\" \/>\n<meta name=\"robots\" content=\"index, follow, max-snippet:-1, max-image-preview:large, max-video-preview:-1\" \/>\n<link rel=\"canonical\" href=\"https:\/\/skaitytaknyga.lt\/en\/produktas\/vincas-kreve-dangaus-ir-zemes-sunus\/\" \/>\n<meta property=\"og:locale\" content=\"en_GB\" \/>\n<meta property=\"og:locale:alternate\" content=\"lt_LT\" \/>\n<meta property=\"og:type\" content=\"article\" \/>\n<meta property=\"og:title\" content=\"Vincas Kr\u0117v\u0117 \u201eDangaus ir \u017eem\u0117s s\u016bn\u016bs\u201c\" \/>\n<meta property=\"og:description\" content=\"Lietuvi\u0173 literat\u016bros klasiko k\u016brybos rinktin\u0117. Nema\u017ea m\u016bs\u0173 ra\u0161ytoj\u0173 pastaruoju metu yra pasi\u0161ov\u0119 \u012f filosofavim\u0105. Tuo tarpu daugiausia gelm\u0117s\u2026 Yra pasiek\u0119s Vincas Kr\u0117v\u0117 \u2013 ir visai ne koki\u0173 samprotavim\u0173 ir i\u0161ved\u017eiojim\u0173 keliu, o mok\u0117damas i\u0161 paties gyvenimo i\u0161rauti prasminguosius momentus, juos suklostyti tokioje plotm\u0117je, kad jie \u012fgauna kitoki\u0105 spalv\u0105 ir mint\u012f. Jis paliet\u0117 ir valstyb\u0117s, ir tautos, ir religijos, ir \u017emogaus likimo kelius. Tas id\u0117jinis svoris nesiliauja lyd\u0117j\u0119s j\u012f ligi paskutini\u0173 met\u0173, kaip tai liudija \u201cDangaus ir \u017eem\u0117s s\u016bn\u016bs\u201d. Knygoje taip pat publikuojami \u201cRaganius\u201d, \u201cSkirgaila\u201d, \u201cPratjekabuda\u201d.\" \/>\n<meta property=\"og:url\" content=\"https:\/\/skaitytaknyga.lt\/en\/produktas\/vincas-kreve-dangaus-ir-zemes-sunus\/\" \/>\n<meta property=\"og:site_name\" content=\"Skaitytaknyga\" \/>\n<meta property=\"article:publisher\" content=\"https:\/\/www.facebook.com\/skaitytaknyga\/\" \/>\n<meta property=\"article:modified_time\" content=\"2025-02-26T09:14:25+00:00\" \/>\n<meta property=\"og:image\" content=\"https:\/\/skaitytaknyga.lt\/wp-content\/uploads\/2024\/05\/150319-scanimage031.jpg\" \/>\n\t<meta property=\"og:image:width\" content=\"1044\" \/>\n\t<meta property=\"og:image:height\" content=\"1600\" \/>\n\t<meta property=\"og:image:type\" content=\"image\/jpeg\" \/>\n<meta name=\"twitter:card\" content=\"summary_large_image\" \/>\n<meta name=\"twitter:label1\" content=\"Estimated reading time\" \/>\n\t<meta name=\"twitter:data1\" content=\"1 minute\" \/>\n<script type=\"application\/ld+json\" class=\"yoast-schema-graph\">{\"@context\":\"https:\/\/schema.org\",\"@graph\":[{\"@type\":\"WebPage\",\"@id\":\"https:\/\/skaitytaknyga.lt\/produktas\/vincas-kreve-dangaus-ir-zemes-sunus\/\",\"url\":\"https:\/\/skaitytaknyga.lt\/produktas\/vincas-kreve-dangaus-ir-zemes-sunus\/\",\"name\":\"Vincas Kr\u0117v\u0117 \u201eDangaus ir \u017eem\u0117s s\u016bn\u016bs\u201c\",\"isPartOf\":{\"@id\":\"https:\/\/skaitytaknyga.lt\/#website\"},\"primaryImageOfPage\":{\"@id\":\"https:\/\/skaitytaknyga.lt\/produktas\/vincas-kreve-dangaus-ir-zemes-sunus\/#primaryimage\"},\"image\":{\"@id\":\"https:\/\/skaitytaknyga.lt\/produktas\/vincas-kreve-dangaus-ir-zemes-sunus\/#primaryimage\"},\"thumbnailUrl\":\"https:\/\/skaitytaknyga.lt\/wp-content\/uploads\/2024\/05\/150319-scanimage031.jpg\",\"datePublished\":\"2024-05-02T13:10:11+00:00\",\"dateModified\":\"2025-02-26T09:14:25+00:00\",\"description\":\"Lietuvi\u0173 literat\u016bros klasiko k\u016brybos rinktin\u0117. Nema\u017ea m\u016bs\u0173 ra\u0161ytoj\u0173 pastaruoju metu yra pasi\u0161ov\u0119 \u012f filosofavim\u0105. Tuo tarpu daugiausia gelm\u0117s\u2026 Yra pasiek\u0119s Vincas Kr\u0117v\u0117 \u2013 ir visai ne koki\u0173 samprotavim\u0173 ir i\u0161ved\u017eiojim\u0173 keliu, o mok\u0117damas i\u0161 paties gyvenimo i\u0161rauti prasminguosius momentus, juos suklostyti tokioje plotm\u0117je, kad jie \u012fgauna kitoki\u0105 spalv\u0105 ir mint\u012f. Jis paliet\u0117 ir valstyb\u0117s, ir tautos, ir religijos, ir \u017emogaus likimo kelius. Tas id\u0117jinis svoris nesiliauja lyd\u0117j\u0119s j\u012f ligi paskutini\u0173 met\u0173, kaip tai liudija \u201cDangaus ir \u017eem\u0117s s\u016bn\u016bs\u201d. Knygoje taip pat publikuojami \u201cRaganius\u201d, \u201cSkirgaila\u201d, \u201cPratjekabuda\u201d.\",\"breadcrumb\":{\"@id\":\"https:\/\/skaitytaknyga.lt\/produktas\/vincas-kreve-dangaus-ir-zemes-sunus\/#breadcrumb\"},\"inLanguage\":\"en-GB\",\"potentialAction\":[{\"@type\":\"ReadAction\",\"target\":[\"https:\/\/skaitytaknyga.lt\/produktas\/vincas-kreve-dangaus-ir-zemes-sunus\/\"]}]},{\"@type\":\"ImageObject\",\"inLanguage\":\"en-GB\",\"@id\":\"https:\/\/skaitytaknyga.lt\/produktas\/vincas-kreve-dangaus-ir-zemes-sunus\/#primaryimage\",\"url\":\"https:\/\/skaitytaknyga.lt\/wp-content\/uploads\/2024\/05\/150319-scanimage031.jpg\",\"contentUrl\":\"https:\/\/skaitytaknyga.lt\/wp-content\/uploads\/2024\/05\/150319-scanimage031.jpg\",\"width\":1044,\"height\":1600},{\"@type\":\"BreadcrumbList\",\"@id\":\"https:\/\/skaitytaknyga.lt\/produktas\/vincas-kreve-dangaus-ir-zemes-sunus\/#breadcrumb\",\"itemListElement\":[{\"@type\":\"ListItem\",\"position\":1,\"name\":\"Home\",\"item\":\"https:\/\/skaitytaknyga.lt\/\"},{\"@type\":\"ListItem\",\"position\":2,\"name\":\"Parduotuv\u0117\",\"item\":\"https:\/\/skaitytaknyga.lt\/knygu-parduotuve\/\"},{\"@type\":\"ListItem\",\"position\":3,\"name\":\"Vincas Kr\u0117v\u0117 \u201eDangaus ir \u017eem\u0117s s\u016bn\u016bs\u201c\"}]},{\"@type\":\"WebSite\",\"@id\":\"https:\/\/skaitytaknyga.lt\/#website\",\"url\":\"https:\/\/skaitytaknyga.lt\/\",\"name\":\"skaitytaknyga.lt\",\"description\":\"Skaitytaknyga.lt \u2013 tai ma\u017eas \u0161eimos verslas, kuris prasid\u0117jo nuo meil\u0117s knygoms ir siekio i\u0161gelb\u0117ti knygas nuo likimo prie konteinerio. Kas vienam nereikalingas daiktas \u2013 kitam lobis, o mes esame tarpininkai, kurie padeda abiems tapti laimingesniems ???? \u017dinome kaip nelengva i\u0161gyventi ma\u017eiems verslams, tad nuo \u0161iol, \u010dia rasite ir kit\u0173, ma\u017e\u0173 \u0161eim\u0173 versl\u0173, rank\u0173 darbo, dovan\u0173 sau ir artimiesiems.\",\"publisher\":{\"@id\":\"https:\/\/skaitytaknyga.lt\/#organization\"},\"potentialAction\":[{\"@type\":\"SearchAction\",\"target\":{\"@type\":\"EntryPoint\",\"urlTemplate\":\"https:\/\/skaitytaknyga.lt\/?s={search_term_string}\"},\"query-input\":{\"@type\":\"PropertyValueSpecification\",\"valueRequired\":true,\"valueName\":\"search_term_string\"}}],\"inLanguage\":\"en-GB\"},{\"@type\":\"Organization\",\"@id\":\"https:\/\/skaitytaknyga.lt\/#organization\",\"name\":\"skaitytaknyga.lt\",\"url\":\"https:\/\/skaitytaknyga.lt\/\",\"logo\":{\"@type\":\"ImageObject\",\"inLanguage\":\"en-GB\",\"@id\":\"https:\/\/skaitytaknyga.lt\/#\/schema\/logo\/image\/\",\"url\":\"https:\/\/skaitytaknyga.lt\/wp-content\/uploads\/2024\/05\/cropped-cropped-cropped-02_00843_jt3bggkj1j3HLc7SyY6rEUpg.jpeg\",\"contentUrl\":\"https:\/\/skaitytaknyga.lt\/wp-content\/uploads\/2024\/05\/cropped-cropped-cropped-02_00843_jt3bggkj1j3HLc7SyY6rEUpg.jpeg\",\"width\":1600,\"height\":1600,\"caption\":\"skaitytaknyga.lt\"},\"image\":{\"@id\":\"https:\/\/skaitytaknyga.lt\/#\/schema\/logo\/image\/\"},\"sameAs\":[\"https:\/\/www.facebook.com\/skaitytaknyga\/\"]}]}<\/script>\n<!-- \/ Yoast SEO plugin. -->","yoast_head_json":{"title":"Vincas Kr\u0117v\u0117 \u201eDangaus ir \u017eem\u0117s s\u016bn\u016bs\u201c","description":"Lietuvi\u0173 literat\u016bros klasiko k\u016brybos rinktin\u0117. Nema\u017ea m\u016bs\u0173 ra\u0161ytoj\u0173 pastaruoju metu yra pasi\u0161ov\u0119 \u012f filosofavim\u0105. Tuo tarpu daugiausia gelm\u0117s\u2026 Yra pasiek\u0119s Vincas Kr\u0117v\u0117 \u2013 ir visai ne koki\u0173 samprotavim\u0173 ir i\u0161ved\u017eiojim\u0173 keliu, o mok\u0117damas i\u0161 paties gyvenimo i\u0161rauti prasminguosius momentus, juos suklostyti tokioje plotm\u0117je, kad jie \u012fgauna kitoki\u0105 spalv\u0105 ir mint\u012f. Jis paliet\u0117 ir valstyb\u0117s, ir tautos, ir religijos, ir \u017emogaus likimo kelius. Tas id\u0117jinis svoris nesiliauja lyd\u0117j\u0119s j\u012f ligi paskutini\u0173 met\u0173, kaip tai liudija \u201cDangaus ir \u017eem\u0117s s\u016bn\u016bs\u201d. Knygoje taip pat publikuojami \u201cRaganius\u201d, \u201cSkirgaila\u201d, \u201cPratjekabuda\u201d.","robots":{"index":"index","follow":"follow","max-snippet":"max-snippet:-1","max-image-preview":"max-image-preview:large","max-video-preview":"max-video-preview:-1"},"canonical":"https:\/\/skaitytaknyga.lt\/en\/produktas\/vincas-kreve-dangaus-ir-zemes-sunus\/","og_locale":"en_GB","og_type":"article","og_title":"[:lt]Vincas Kr\u0117v\u0117 \u201eDangaus ir \u017eem\u0117s s\u016bn\u016bs\u201c[:] - Skaitytaknyga","og_description":"Lietuvi\u0173 literat\u016bros klasiko k\u016brybos rinktin\u0117. Nema\u017ea m\u016bs\u0173 ra\u0161ytoj\u0173 pastaruoju metu yra pasi\u0161ov\u0119 \u012f filosofavim\u0105. Tuo tarpu daugiausia gelm\u0117s\u2026 Yra pasiek\u0119s Vincas Kr\u0117v\u0117 \u2013 ir visai ne koki\u0173 samprotavim\u0173 ir i\u0161ved\u017eiojim\u0173 keliu, o mok\u0117damas i\u0161 paties gyvenimo i\u0161rauti prasminguosius momentus, juos suklostyti tokioje plotm\u0117je, kad jie \u012fgauna kitoki\u0105 spalv\u0105 ir mint\u012f. Jis paliet\u0117 ir valstyb\u0117s, ir tautos, ir religijos, ir \u017emogaus likimo kelius. Tas id\u0117jinis svoris nesiliauja lyd\u0117j\u0119s j\u012f ligi paskutini\u0173 met\u0173, kaip tai liudija \u201cDangaus ir \u017eem\u0117s s\u016bn\u016bs\u201d. Knygoje taip pat publikuojami \u201cRaganius\u201d, \u201cSkirgaila\u201d, \u201cPratjekabuda\u201d.","og_url":"https:\/\/skaitytaknyga.lt\/en\/produktas\/vincas-kreve-dangaus-ir-zemes-sunus\/","og_site_name":"Skaitytaknyga","article_publisher":"https:\/\/www.facebook.com\/skaitytaknyga\/","article_modified_time":"2025-02-26T09:14:25+00:00","og_image":[{"width":1044,"height":1600,"url":"https:\/\/skaitytaknyga.lt\/wp-content\/uploads\/2024\/05\/150319-scanimage031.jpg","type":"image\/jpeg"}],"twitter_card":"summary_large_image","twitter_misc":{"Estimated reading time":"1 minute"},"schema":{"@context":"https:\/\/schema.org","@graph":[{"@type":"WebPage","@id":"https:\/\/skaitytaknyga.lt\/produktas\/vincas-kreve-dangaus-ir-zemes-sunus\/","url":"https:\/\/skaitytaknyga.lt\/produktas\/vincas-kreve-dangaus-ir-zemes-sunus\/","name":"Vincas Kr\u0117v\u0117 \u201eDangaus ir \u017eem\u0117s s\u016bn\u016bs\u201c","isPartOf":{"@id":"https:\/\/skaitytaknyga.lt\/#website"},"primaryImageOfPage":{"@id":"https:\/\/skaitytaknyga.lt\/produktas\/vincas-kreve-dangaus-ir-zemes-sunus\/#primaryimage"},"image":{"@id":"https:\/\/skaitytaknyga.lt\/produktas\/vincas-kreve-dangaus-ir-zemes-sunus\/#primaryimage"},"thumbnailUrl":"https:\/\/skaitytaknyga.lt\/wp-content\/uploads\/2024\/05\/150319-scanimage031.jpg","datePublished":"2024-05-02T13:10:11+00:00","dateModified":"2025-02-26T09:14:25+00:00","description":"Lietuvi\u0173 literat\u016bros klasiko k\u016brybos rinktin\u0117. Nema\u017ea m\u016bs\u0173 ra\u0161ytoj\u0173 pastaruoju metu yra pasi\u0161ov\u0119 \u012f filosofavim\u0105. Tuo tarpu daugiausia gelm\u0117s\u2026 Yra pasiek\u0119s Vincas Kr\u0117v\u0117 \u2013 ir visai ne koki\u0173 samprotavim\u0173 ir i\u0161ved\u017eiojim\u0173 keliu, o mok\u0117damas i\u0161 paties gyvenimo i\u0161rauti prasminguosius momentus, juos suklostyti tokioje plotm\u0117je, kad jie \u012fgauna kitoki\u0105 spalv\u0105 ir mint\u012f. Jis paliet\u0117 ir valstyb\u0117s, ir tautos, ir religijos, ir \u017emogaus likimo kelius. Tas id\u0117jinis svoris nesiliauja lyd\u0117j\u0119s j\u012f ligi paskutini\u0173 met\u0173, kaip tai liudija \u201cDangaus ir \u017eem\u0117s s\u016bn\u016bs\u201d. Knygoje taip pat publikuojami \u201cRaganius\u201d, \u201cSkirgaila\u201d, \u201cPratjekabuda\u201d.","breadcrumb":{"@id":"https:\/\/skaitytaknyga.lt\/produktas\/vincas-kreve-dangaus-ir-zemes-sunus\/#breadcrumb"},"inLanguage":"en-GB","potentialAction":[{"@type":"ReadAction","target":["https:\/\/skaitytaknyga.lt\/produktas\/vincas-kreve-dangaus-ir-zemes-sunus\/"]}]},{"@type":"ImageObject","inLanguage":"en-GB","@id":"https:\/\/skaitytaknyga.lt\/produktas\/vincas-kreve-dangaus-ir-zemes-sunus\/#primaryimage","url":"https:\/\/skaitytaknyga.lt\/wp-content\/uploads\/2024\/05\/150319-scanimage031.jpg","contentUrl":"https:\/\/skaitytaknyga.lt\/wp-content\/uploads\/2024\/05\/150319-scanimage031.jpg","width":1044,"height":1600},{"@type":"BreadcrumbList","@id":"https:\/\/skaitytaknyga.lt\/produktas\/vincas-kreve-dangaus-ir-zemes-sunus\/#breadcrumb","itemListElement":[{"@type":"ListItem","position":1,"name":"Home","item":"https:\/\/skaitytaknyga.lt\/"},{"@type":"ListItem","position":2,"name":"Parduotuv\u0117","item":"https:\/\/skaitytaknyga.lt\/knygu-parduotuve\/"},{"@type":"ListItem","position":3,"name":"Vincas Kr\u0117v\u0117 \u201eDangaus ir \u017eem\u0117s s\u016bn\u016bs\u201c"}]},{"@type":"WebSite","@id":"https:\/\/skaitytaknyga.lt\/#website","url":"https:\/\/skaitytaknyga.lt\/","name":"skaitytaknyga.lt","description":"Skaitytaknyga.lt \u2013 tai ma\u017eas \u0161eimos verslas, kuris prasid\u0117jo nuo meil\u0117s knygoms ir siekio i\u0161gelb\u0117ti knygas nuo likimo prie konteinerio. Kas vienam nereikalingas daiktas \u2013 kitam lobis, o mes esame tarpininkai, kurie padeda abiems tapti laimingesniems ???? \u017dinome kaip nelengva i\u0161gyventi ma\u017eiems verslams, tad nuo \u0161iol, \u010dia rasite ir kit\u0173, ma\u017e\u0173 \u0161eim\u0173 versl\u0173, rank\u0173 darbo, dovan\u0173 sau ir artimiesiems.","publisher":{"@id":"https:\/\/skaitytaknyga.lt\/#organization"},"potentialAction":[{"@type":"SearchAction","target":{"@type":"EntryPoint","urlTemplate":"https:\/\/skaitytaknyga.lt\/?s={search_term_string}"},"query-input":{"@type":"PropertyValueSpecification","valueRequired":true,"valueName":"search_term_string"}}],"inLanguage":"en-GB"},{"@type":"Organization","@id":"https:\/\/skaitytaknyga.lt\/#organization","name":"skaitytaknyga.lt","url":"https:\/\/skaitytaknyga.lt\/","logo":{"@type":"ImageObject","inLanguage":"en-GB","@id":"https:\/\/skaitytaknyga.lt\/#\/schema\/logo\/image\/","url":"https:\/\/skaitytaknyga.lt\/wp-content\/uploads\/2024\/05\/cropped-cropped-cropped-02_00843_jt3bggkj1j3HLc7SyY6rEUpg.jpeg","contentUrl":"https:\/\/skaitytaknyga.lt\/wp-content\/uploads\/2024\/05\/cropped-cropped-cropped-02_00843_jt3bggkj1j3HLc7SyY6rEUpg.jpeg","width":1600,"height":1600,"caption":"skaitytaknyga.lt"},"image":{"@id":"https:\/\/skaitytaknyga.lt\/#\/schema\/logo\/image\/"},"sameAs":["https:\/\/www.facebook.com\/skaitytaknyga\/"]}]}},"_links":{"self":[{"href":"https:\/\/skaitytaknyga.lt\/en\/wp-json\/wp\/v2\/product\/6176","targetHints":{"allow":["GET"]}}],"collection":[{"href":"https:\/\/skaitytaknyga.lt\/en\/wp-json\/wp\/v2\/product"}],"about":[{"href":"https:\/\/skaitytaknyga.lt\/en\/wp-json\/wp\/v2\/types\/product"}],"replies":[{"embeddable":true,"href":"https:\/\/skaitytaknyga.lt\/en\/wp-json\/wp\/v2\/comments?post=6176"}],"wp:featuredmedia":[{"embeddable":true,"href":"https:\/\/skaitytaknyga.lt\/en\/wp-json\/wp\/v2\/media\/6191"}],"wp:attachment":[{"href":"https:\/\/skaitytaknyga.lt\/en\/wp-json\/wp\/v2\/media?parent=6176"}],"wp:term":[{"taxonomy":"product_brand","embeddable":true,"href":"https:\/\/skaitytaknyga.lt\/en\/wp-json\/wp\/v2\/product_brand?post=6176"},{"taxonomy":"product_cat","embeddable":true,"href":"https:\/\/skaitytaknyga.lt\/en\/wp-json\/wp\/v2\/product_cat?post=6176"},{"taxonomy":"product_tag","embeddable":true,"href":"https:\/\/skaitytaknyga.lt\/en\/wp-json\/wp\/v2\/product_tag?post=6176"}],"curies":[{"name":"wp","href":"https:\/\/api.w.org\/{rel}","templated":true}]}}