{"id":6149,"date":"2024-05-02T13:09:23","date_gmt":"2024-05-02T13:09:23","guid":{"rendered":"https:\/\/skaitytaknyga.lt\/?post_type=product&#038;p=6149"},"modified":"2026-01-27T12:49:22","modified_gmt":"2026-01-27T10:49:22","slug":"remarkas-trys-draugai-su-nedideliais-defektais","status":"publish","type":"product","link":"https:\/\/skaitytaknyga.lt\/en\/produktas\/remarkas-trys-draugai-su-nedideliais-defektais\/","title":{"rendered":"Remarkas \u201eTrys draugai\u201c (su nedideliais defektais)"},"content":{"rendered":"<p>\u017dymaus vokie\u010di\u0173 ra\u0161ytojo \u0116. M. Remarko (1898-1970) romanas \u201eTrys draugai\u201c (1938) vaizduoja Berlyn\u0105 a\u0161trios politin\u0117s kovos metais ir \u017emones tokius, kokie jie yra \u2013 nelaimingus, nuod\u0117mingus, i\u0161kankintus ir net sugniu\u017edytus sunkaus, netikusio gyvenimo.<\/p>\n","protected":false},"excerpt":{"rendered":"<p>\u017dymaus vokie\u010di\u0173 ra\u0161ytojo \u0116. M. Remarko (1898-1970) romanas \u201eTrys draugai\u201c (1938) vaizduoja Berlyn\u0105 a\u0161trios politin\u0117s kovos metais ir \u017emones tokius, kokie jie yra \u2013 nelaimingus, nuod\u0117mingus, i\u0161kankintus ir net sugniu\u017edytus sunkaus, netikusio gyvenimo.<\/p>\n","protected":false},"featured_media":6167,"comment_status":"closed","ping_status":"closed","template":"","meta":{"_acf_changed":false,"site-sidebar-layout":"default","site-content-layout":"","ast-site-content-layout":"default","site-content-style":"default","site-sidebar-style":"default","ast-global-header-display":"","ast-banner-title-visibility":"","ast-main-header-display":"","ast-hfb-above-header-display":"","ast-hfb-below-header-display":"","ast-hfb-mobile-header-display":"","site-post-title":"","ast-breadcrumbs-content":"","ast-featured-img":"","footer-sml-layout":"","ast-disable-related-posts":"","theme-transparent-header-meta":"","adv-header-id-meta":"","stick-header-meta":"","header-above-stick-meta":"","header-main-stick-meta":"","header-below-stick-meta":"","astra-migrate-meta-layouts":"default","ast-page-background-enabled":"default","ast-page-background-meta":{"desktop":{"background-color":"","background-image":"","background-repeat":"repeat","background-position":"center center","background-size":"auto","background-attachment":"scroll","background-type":"","background-media":"","overlay-type":"","overlay-color":"","overlay-opacity":"","overlay-gradient":""},"tablet":{"background-color":"","background-image":"","background-repeat":"repeat","background-position":"center center","background-size":"auto","background-attachment":"scroll","background-type":"","background-media":"","overlay-type":"","overlay-color":"","overlay-opacity":"","overlay-gradient":""},"mobile":{"background-color":"","background-image":"","background-repeat":"repeat","background-position":"center center","background-size":"auto","background-attachment":"scroll","background-type":"","background-media":"","overlay-type":"","overlay-color":"","overlay-opacity":"","overlay-gradient":""}},"ast-content-background-meta":{"desktop":{"background-color":"var(--ast-global-color-4)","background-image":"","background-repeat":"repeat","background-position":"center center","background-size":"auto","background-attachment":"scroll","background-type":"","background-media":"","overlay-type":"","overlay-color":"","overlay-opacity":"","overlay-gradient":""},"tablet":{"background-color":"var(--ast-global-color-4)","background-image":"","background-repeat":"repeat","background-position":"center center","background-size":"auto","background-attachment":"scroll","background-type":"","background-media":"","overlay-type":"","overlay-color":"","overlay-opacity":"","overlay-gradient":""},"mobile":{"background-color":"var(--ast-global-color-4)","background-image":"","background-repeat":"repeat","background-position":"center center","background-size":"auto","background-attachment":"scroll","background-type":"","background-media":"","overlay-type":"","overlay-color":"","overlay-opacity":"","overlay-gradient":""}}},"product_brand":[],"product_cat":[31,28],"product_tag":[],"class_list":{"0":"post-6149","1":"product","2":"type-product","3":"status-publish","4":"has-post-thumbnail","6":"product_cat-grozine-literatura","7":"product_cat-klasika","8":"desktop-align-left","9":"tablet-align-left","10":"mobile-align-left","12":"first","13":"instock","14":"shipping-taxable","15":"purchasable","16":"product-type-simple"},"acf":[],"yoast_head":"<!-- This site is optimized with the Yoast SEO plugin v27.0 - https:\/\/yoast.com\/product\/yoast-seo-wordpress\/ -->\n<title>Remarkas \u201eTrys draugai\u201c (su nedideliais defektais)<\/title>\n<meta name=\"description\" content=\"\u017dymaus vokie\u010di\u0173 ra\u0161ytojo \u0116. M. Remarko (1898-1970) romanas \u201eTrys draugai\u201c (1938) vaizduoja Berlyn\u0105 a\u0161trios politin\u0117s kovos metais ir \u017emones tokius, kokie jie yra \u2013 nelaimingus, nuod\u0117mingus, i\u0161kankintus ir net sugniu\u017edytus sunkaus, netikusio gyvenimo.\" \/>\n<meta name=\"robots\" content=\"index, follow, max-snippet:-1, max-image-preview:large, max-video-preview:-1\" \/>\n<link rel=\"canonical\" href=\"https:\/\/skaitytaknyga.lt\/en\/produktas\/remarkas-trys-draugai-su-nedideliais-defektais\/\" \/>\n<meta property=\"og:locale\" content=\"en_GB\" \/>\n<meta property=\"og:locale:alternate\" content=\"lt_LT\" \/>\n<meta property=\"og:type\" content=\"article\" \/>\n<meta property=\"og:title\" content=\"Remarkas \u201eTrys draugai\u201c (su nedideliais defektais)\" \/>\n<meta property=\"og:description\" content=\"\u017dymaus vokie\u010di\u0173 ra\u0161ytojo \u0116. M. Remarko (1898-1970) romanas \u201eTrys draugai\u201c (1938) vaizduoja Berlyn\u0105 a\u0161trios politin\u0117s kovos metais ir \u017emones tokius, kokie jie yra \u2013 nelaimingus, nuod\u0117mingus, i\u0161kankintus ir net sugniu\u017edytus sunkaus, netikusio gyvenimo.\" \/>\n<meta property=\"og:url\" content=\"https:\/\/skaitytaknyga.lt\/en\/produktas\/remarkas-trys-draugai-su-nedideliais-defektais\/\" \/>\n<meta property=\"og:site_name\" content=\"Skaitytaknyga\" \/>\n<meta property=\"article:publisher\" content=\"https:\/\/www.facebook.com\/skaitytaknyga\/\" \/>\n<meta property=\"article:modified_time\" content=\"2026-01-27T10:49:22+00:00\" \/>\n<meta property=\"og:image\" content=\"https:\/\/skaitytaknyga.lt\/wp-content\/uploads\/2024\/05\/trys-draugai.jpg\" \/>\n\t<meta property=\"og:image:width\" content=\"740\" \/>\n\t<meta property=\"og:image:height\" content=\"1192\" \/>\n\t<meta property=\"og:image:type\" content=\"image\/jpeg\" \/>\n<meta name=\"twitter:card\" content=\"summary_large_image\" \/>\n<meta name=\"twitter:label1\" content=\"Estimated reading time\" \/>\n\t<meta name=\"twitter:data1\" content=\"1 minute\" \/>\n<script type=\"application\/ld+json\" class=\"yoast-schema-graph\">{\"@context\":\"https:\/\/schema.org\",\"@graph\":[{\"@type\":\"WebPage\",\"@id\":\"https:\/\/skaitytaknyga.lt\/produktas\/remarkas-trys-draugai-su-nedideliais-defektais\/\",\"url\":\"https:\/\/skaitytaknyga.lt\/produktas\/remarkas-trys-draugai-su-nedideliais-defektais\/\",\"name\":\"Remarkas \u201eTrys draugai\u201c (su nedideliais defektais)\",\"isPartOf\":{\"@id\":\"https:\/\/skaitytaknyga.lt\/#website\"},\"primaryImageOfPage\":{\"@id\":\"https:\/\/skaitytaknyga.lt\/produktas\/remarkas-trys-draugai-su-nedideliais-defektais\/#primaryimage\"},\"image\":{\"@id\":\"https:\/\/skaitytaknyga.lt\/produktas\/remarkas-trys-draugai-su-nedideliais-defektais\/#primaryimage\"},\"thumbnailUrl\":\"https:\/\/skaitytaknyga.lt\/wp-content\/uploads\/2024\/05\/trys-draugai.jpg\",\"datePublished\":\"2024-05-02T13:09:23+00:00\",\"dateModified\":\"2026-01-27T10:49:22+00:00\",\"description\":\"\u017dymaus vokie\u010di\u0173 ra\u0161ytojo \u0116. M. Remarko (1898-1970) romanas \u201eTrys draugai\u201c (1938) vaizduoja Berlyn\u0105 a\u0161trios politin\u0117s kovos metais ir \u017emones tokius, kokie jie yra \u2013 nelaimingus, nuod\u0117mingus, i\u0161kankintus ir net sugniu\u017edytus sunkaus, netikusio gyvenimo.\",\"breadcrumb\":{\"@id\":\"https:\/\/skaitytaknyga.lt\/produktas\/remarkas-trys-draugai-su-nedideliais-defektais\/#breadcrumb\"},\"inLanguage\":\"en-GB\",\"potentialAction\":[{\"@type\":\"ReadAction\",\"target\":[\"https:\/\/skaitytaknyga.lt\/produktas\/remarkas-trys-draugai-su-nedideliais-defektais\/\"]}]},{\"@type\":\"ImageObject\",\"inLanguage\":\"en-GB\",\"@id\":\"https:\/\/skaitytaknyga.lt\/produktas\/remarkas-trys-draugai-su-nedideliais-defektais\/#primaryimage\",\"url\":\"https:\/\/skaitytaknyga.lt\/wp-content\/uploads\/2024\/05\/trys-draugai.jpg\",\"contentUrl\":\"https:\/\/skaitytaknyga.lt\/wp-content\/uploads\/2024\/05\/trys-draugai.jpg\",\"width\":740,\"height\":1192},{\"@type\":\"BreadcrumbList\",\"@id\":\"https:\/\/skaitytaknyga.lt\/produktas\/remarkas-trys-draugai-su-nedideliais-defektais\/#breadcrumb\",\"itemListElement\":[{\"@type\":\"ListItem\",\"position\":1,\"name\":\"Home\",\"item\":\"https:\/\/skaitytaknyga.lt\/\"},{\"@type\":\"ListItem\",\"position\":2,\"name\":\"Parduotuv\u0117\",\"item\":\"https:\/\/skaitytaknyga.lt\/knygu-parduotuve\/\"},{\"@type\":\"ListItem\",\"position\":3,\"name\":\"Remarkas \u201eTrys draugai\u201c (su nedideliais defektais)\"}]},{\"@type\":\"WebSite\",\"@id\":\"https:\/\/skaitytaknyga.lt\/#website\",\"url\":\"https:\/\/skaitytaknyga.lt\/\",\"name\":\"skaitytaknyga.lt\",\"description\":\"Skaitytaknyga.lt \u2013 tai ma\u017eas \u0161eimos verslas, kuris prasid\u0117jo nuo meil\u0117s knygoms ir siekio i\u0161gelb\u0117ti knygas nuo likimo prie konteinerio. Kas vienam nereikalingas daiktas \u2013 kitam lobis, o mes esame tarpininkai, kurie padeda abiems tapti laimingesniems ???? \u017dinome kaip nelengva i\u0161gyventi ma\u017eiems verslams, tad nuo \u0161iol, \u010dia rasite ir kit\u0173, ma\u017e\u0173 \u0161eim\u0173 versl\u0173, rank\u0173 darbo, dovan\u0173 sau ir artimiesiems.\",\"publisher\":{\"@id\":\"https:\/\/skaitytaknyga.lt\/#organization\"},\"potentialAction\":[{\"@type\":\"SearchAction\",\"target\":{\"@type\":\"EntryPoint\",\"urlTemplate\":\"https:\/\/skaitytaknyga.lt\/?s={search_term_string}\"},\"query-input\":{\"@type\":\"PropertyValueSpecification\",\"valueRequired\":true,\"valueName\":\"search_term_string\"}}],\"inLanguage\":\"en-GB\"},{\"@type\":\"Organization\",\"@id\":\"https:\/\/skaitytaknyga.lt\/#organization\",\"name\":\"skaitytaknyga.lt\",\"url\":\"https:\/\/skaitytaknyga.lt\/\",\"logo\":{\"@type\":\"ImageObject\",\"inLanguage\":\"en-GB\",\"@id\":\"https:\/\/skaitytaknyga.lt\/#\/schema\/logo\/image\/\",\"url\":\"https:\/\/skaitytaknyga.lt\/wp-content\/uploads\/2024\/05\/cropped-cropped-cropped-02_00843_jt3bggkj1j3HLc7SyY6rEUpg.jpeg\",\"contentUrl\":\"https:\/\/skaitytaknyga.lt\/wp-content\/uploads\/2024\/05\/cropped-cropped-cropped-02_00843_jt3bggkj1j3HLc7SyY6rEUpg.jpeg\",\"width\":1600,\"height\":1600,\"caption\":\"skaitytaknyga.lt\"},\"image\":{\"@id\":\"https:\/\/skaitytaknyga.lt\/#\/schema\/logo\/image\/\"},\"sameAs\":[\"https:\/\/www.facebook.com\/skaitytaknyga\/\"]}]}<\/script>\n<!-- \/ Yoast SEO plugin. -->","yoast_head_json":{"title":"Remarkas \u201eTrys draugai\u201c (su nedideliais defektais)","description":"\u017dymaus vokie\u010di\u0173 ra\u0161ytojo \u0116. M. Remarko (1898-1970) romanas \u201eTrys draugai\u201c (1938) vaizduoja Berlyn\u0105 a\u0161trios politin\u0117s kovos metais ir \u017emones tokius, kokie jie yra \u2013 nelaimingus, nuod\u0117mingus, i\u0161kankintus ir net sugniu\u017edytus sunkaus, netikusio gyvenimo.","robots":{"index":"index","follow":"follow","max-snippet":"max-snippet:-1","max-image-preview":"max-image-preview:large","max-video-preview":"max-video-preview:-1"},"canonical":"https:\/\/skaitytaknyga.lt\/en\/produktas\/remarkas-trys-draugai-su-nedideliais-defektais\/","og_locale":"en_GB","og_type":"article","og_title":"[:lt]Remarkas \u201eTrys draugai\u201c (su nedideliais defektais)[:] - Skaitytaknyga","og_description":"\u017dymaus vokie\u010di\u0173 ra\u0161ytojo \u0116. M. Remarko (1898-1970) romanas \u201eTrys draugai\u201c (1938) vaizduoja Berlyn\u0105 a\u0161trios politin\u0117s kovos metais ir \u017emones tokius, kokie jie yra \u2013 nelaimingus, nuod\u0117mingus, i\u0161kankintus ir net sugniu\u017edytus sunkaus, netikusio gyvenimo.","og_url":"https:\/\/skaitytaknyga.lt\/en\/produktas\/remarkas-trys-draugai-su-nedideliais-defektais\/","og_site_name":"Skaitytaknyga","article_publisher":"https:\/\/www.facebook.com\/skaitytaknyga\/","article_modified_time":"2026-01-27T10:49:22+00:00","og_image":[{"width":740,"height":1192,"url":"https:\/\/skaitytaknyga.lt\/wp-content\/uploads\/2024\/05\/trys-draugai.jpg","type":"image\/jpeg"}],"twitter_card":"summary_large_image","twitter_misc":{"Estimated reading time":"1 minute"},"schema":{"@context":"https:\/\/schema.org","@graph":[{"@type":"WebPage","@id":"https:\/\/skaitytaknyga.lt\/produktas\/remarkas-trys-draugai-su-nedideliais-defektais\/","url":"https:\/\/skaitytaknyga.lt\/produktas\/remarkas-trys-draugai-su-nedideliais-defektais\/","name":"Remarkas \u201eTrys draugai\u201c (su nedideliais defektais)","isPartOf":{"@id":"https:\/\/skaitytaknyga.lt\/#website"},"primaryImageOfPage":{"@id":"https:\/\/skaitytaknyga.lt\/produktas\/remarkas-trys-draugai-su-nedideliais-defektais\/#primaryimage"},"image":{"@id":"https:\/\/skaitytaknyga.lt\/produktas\/remarkas-trys-draugai-su-nedideliais-defektais\/#primaryimage"},"thumbnailUrl":"https:\/\/skaitytaknyga.lt\/wp-content\/uploads\/2024\/05\/trys-draugai.jpg","datePublished":"2024-05-02T13:09:23+00:00","dateModified":"2026-01-27T10:49:22+00:00","description":"\u017dymaus vokie\u010di\u0173 ra\u0161ytojo \u0116. M. Remarko (1898-1970) romanas \u201eTrys draugai\u201c (1938) vaizduoja Berlyn\u0105 a\u0161trios politin\u0117s kovos metais ir \u017emones tokius, kokie jie yra \u2013 nelaimingus, nuod\u0117mingus, i\u0161kankintus ir net sugniu\u017edytus sunkaus, netikusio gyvenimo.","breadcrumb":{"@id":"https:\/\/skaitytaknyga.lt\/produktas\/remarkas-trys-draugai-su-nedideliais-defektais\/#breadcrumb"},"inLanguage":"en-GB","potentialAction":[{"@type":"ReadAction","target":["https:\/\/skaitytaknyga.lt\/produktas\/remarkas-trys-draugai-su-nedideliais-defektais\/"]}]},{"@type":"ImageObject","inLanguage":"en-GB","@id":"https:\/\/skaitytaknyga.lt\/produktas\/remarkas-trys-draugai-su-nedideliais-defektais\/#primaryimage","url":"https:\/\/skaitytaknyga.lt\/wp-content\/uploads\/2024\/05\/trys-draugai.jpg","contentUrl":"https:\/\/skaitytaknyga.lt\/wp-content\/uploads\/2024\/05\/trys-draugai.jpg","width":740,"height":1192},{"@type":"BreadcrumbList","@id":"https:\/\/skaitytaknyga.lt\/produktas\/remarkas-trys-draugai-su-nedideliais-defektais\/#breadcrumb","itemListElement":[{"@type":"ListItem","position":1,"name":"Home","item":"https:\/\/skaitytaknyga.lt\/"},{"@type":"ListItem","position":2,"name":"Parduotuv\u0117","item":"https:\/\/skaitytaknyga.lt\/knygu-parduotuve\/"},{"@type":"ListItem","position":3,"name":"Remarkas \u201eTrys draugai\u201c (su nedideliais defektais)"}]},{"@type":"WebSite","@id":"https:\/\/skaitytaknyga.lt\/#website","url":"https:\/\/skaitytaknyga.lt\/","name":"skaitytaknyga.lt","description":"Skaitytaknyga.lt \u2013 tai ma\u017eas \u0161eimos verslas, kuris prasid\u0117jo nuo meil\u0117s knygoms ir siekio i\u0161gelb\u0117ti knygas nuo likimo prie konteinerio. Kas vienam nereikalingas daiktas \u2013 kitam lobis, o mes esame tarpininkai, kurie padeda abiems tapti laimingesniems ???? \u017dinome kaip nelengva i\u0161gyventi ma\u017eiems verslams, tad nuo \u0161iol, \u010dia rasite ir kit\u0173, ma\u017e\u0173 \u0161eim\u0173 versl\u0173, rank\u0173 darbo, dovan\u0173 sau ir artimiesiems.","publisher":{"@id":"https:\/\/skaitytaknyga.lt\/#organization"},"potentialAction":[{"@type":"SearchAction","target":{"@type":"EntryPoint","urlTemplate":"https:\/\/skaitytaknyga.lt\/?s={search_term_string}"},"query-input":{"@type":"PropertyValueSpecification","valueRequired":true,"valueName":"search_term_string"}}],"inLanguage":"en-GB"},{"@type":"Organization","@id":"https:\/\/skaitytaknyga.lt\/#organization","name":"skaitytaknyga.lt","url":"https:\/\/skaitytaknyga.lt\/","logo":{"@type":"ImageObject","inLanguage":"en-GB","@id":"https:\/\/skaitytaknyga.lt\/#\/schema\/logo\/image\/","url":"https:\/\/skaitytaknyga.lt\/wp-content\/uploads\/2024\/05\/cropped-cropped-cropped-02_00843_jt3bggkj1j3HLc7SyY6rEUpg.jpeg","contentUrl":"https:\/\/skaitytaknyga.lt\/wp-content\/uploads\/2024\/05\/cropped-cropped-cropped-02_00843_jt3bggkj1j3HLc7SyY6rEUpg.jpeg","width":1600,"height":1600,"caption":"skaitytaknyga.lt"},"image":{"@id":"https:\/\/skaitytaknyga.lt\/#\/schema\/logo\/image\/"},"sameAs":["https:\/\/www.facebook.com\/skaitytaknyga\/"]}]}},"_links":{"self":[{"href":"https:\/\/skaitytaknyga.lt\/en\/wp-json\/wp\/v2\/product\/6149","targetHints":{"allow":["GET"]}}],"collection":[{"href":"https:\/\/skaitytaknyga.lt\/en\/wp-json\/wp\/v2\/product"}],"about":[{"href":"https:\/\/skaitytaknyga.lt\/en\/wp-json\/wp\/v2\/types\/product"}],"replies":[{"embeddable":true,"href":"https:\/\/skaitytaknyga.lt\/en\/wp-json\/wp\/v2\/comments?post=6149"}],"wp:featuredmedia":[{"embeddable":true,"href":"https:\/\/skaitytaknyga.lt\/en\/wp-json\/wp\/v2\/media\/6167"}],"wp:attachment":[{"href":"https:\/\/skaitytaknyga.lt\/en\/wp-json\/wp\/v2\/media?parent=6149"}],"wp:term":[{"taxonomy":"product_brand","embeddable":true,"href":"https:\/\/skaitytaknyga.lt\/en\/wp-json\/wp\/v2\/product_brand?post=6149"},{"taxonomy":"product_cat","embeddable":true,"href":"https:\/\/skaitytaknyga.lt\/en\/wp-json\/wp\/v2\/product_cat?post=6149"},{"taxonomy":"product_tag","embeddable":true,"href":"https:\/\/skaitytaknyga.lt\/en\/wp-json\/wp\/v2\/product_tag?post=6149"}],"curies":[{"name":"wp","href":"https:\/\/api.w.org\/{rel}","templated":true}]}}