{"id":6129,"date":"2024-05-02T13:08:31","date_gmt":"2024-05-02T13:08:31","guid":{"rendered":"https:\/\/skaitytaknyga.lt\/?post_type=product&#038;p=6129"},"modified":"2024-07-16T15:08:17","modified_gmt":"2024-07-16T12:08:17","slug":"100-dalyku-kuriu-niekada-nedarysite-kaip-pasiekti-tai-kas-neimanoma","status":"publish","type":"product","link":"https:\/\/skaitytaknyga.lt\/en\/produktas\/100-dalyku-kuriu-niekada-nedarysite-kaip-pasiekti-tai-kas-neimanoma\/","title":{"rendered":"100 dalyk\u0173, kuri\u0173 niekada nedarysite: kaip pasiekti tai, kas ne\u012fmanoma"},"content":{"rendered":"<p>\u201eNe\u012fmanoma \u2013 tai \u017eodis, aptinkamas tik kvaili\u0173 \u017eodyne.&#8221;<\/p>\n<p>Napoleonas Bonaparte&#8217;as<\/p>\n<p>Per vis\u0105 istorij\u0105 \u017emonija atliko daug nepaprast\u0173 \u017eygi\u0173: vieni j\u0173 stebina neprilygstamu meistri\u0161kumu, kiti \u2013 i\u0161skirtine dr\u0105sa, treti priblo\u0161kia kvailumu. \u0160i knyga \u2013 jaudinantis \u017evilgsnis \u012f beribes \u017emoni\u0173 galimybes.<\/p>\n<p>Yra \u017emoni\u0173, kurie:<\/p>\n<ul>\n<li>dresuoja li\u016btus ar kaunasi koridoje;<\/li>\n<li>perplaukia Laman\u0161\u0105 ar tampa olimpiniais \u010dempionais;<\/li>\n<li>b\u0117ga ultramaraton\u0105 Sacharos dykumoje;<\/li>\n<li>ir netgi vaik\u0161to vandens pavir\u0161iumi ar stebi NSO.<\/li>\n<\/ul>\n<p>Jei esate i\u0161 t\u0173, kurie \u017eavisi tokiais \u017emon\u0117mis, arba patys trok\u0161tate padaryti tai, kas atrodo ne\u012fmanoma, \u0161i knyga \u2013 kaip tik Jums.<\/p>\n<p>BESTSELERI\u0172 \u201e100 VIET\u0172, KURI\u0172 NIEKADA NEAPLANKYSITE&#8221; IR \u201e100 DALYK\u0172, KURI\u0172 NIEKADA NERASITE&#8221; AUTORIAUS NAUJA KNYGA.<\/p>\n<p><strong>DANIELIS SMITHAS<\/strong>\u00a0\u2013 ra\u0161ytojas ir tyrin\u0117tojas, para\u0161\u0119s daugiau kaip 15 knyg\u0173 labai \u012fvairiomis temomis. Tai jau tre\u010dia autoriaus knyga lietuvi\u0173 kalba. Anks\u010diau i\u0161leistos knygos \u2013\u00a0<strong>\u201e100 viet\u0173, kuri\u0173 niekada neaplankysite&#8221;<\/strong>\u00a0ir\u00a0<strong>\u201e100 dalyk\u0173, kuri\u0173 niekada nerasite&#8221;.<\/strong><\/p>\n","protected":false},"excerpt":{"rendered":"<p>\u201eNe\u012fmanoma \u2013 tai \u017eodis, aptinkamas tik kvaili\u0173 \u017eodyne.&#8221;<\/p>\n<p>Napoleonas Bonaparte&#8217;as<\/p>\n<p>Per vis\u0105 istorij\u0105 \u017emonija atliko daug nepaprast\u0173 \u017eygi\u0173: vieni j\u0173 stebina neprilygstamu meistri\u0161kumu, kiti \u2013 i\u0161skirtine dr\u0105sa, treti priblo\u0161kia kvailumu. \u0160i knyga \u2013 jaudinantis \u017evilgsnis \u012f beribes \u017emoni\u0173 galimybes.<\/p>\n<p>Yra \u017emoni\u0173, kurie:<\/p>\n<ul>\n<li>dresuoja li\u016btus ar kaunasi koridoje;<\/li>\n<li>perplaukia Laman\u0161\u0105 ar tampa olimpiniais \u010dempionais;<\/li>\n<li>b\u0117ga ultramaraton\u0105 Sacharos dykumoje;<\/li>\n<li>ir netgi vaik\u0161to vandens pavir\u0161iumi ar stebi NSO.<\/li>\n<\/ul>\n<p>Jei esate i\u0161 t\u0173, kurie \u017eavisi tokiais \u017emon\u0117mis, arba patys trok\u0161tate padaryti tai, kas atrodo ne\u012fmanoma, \u0161i knyga \u2013 kaip tik Jums.<\/p>\n<p>BESTSELERI\u0172 \u201e100 VIET\u0172, KURI\u0172 NIEKADA NEAPLANKYSITE&#8221; IR \u201e100 DALYK\u0172, KURI\u0172 NIEKADA NERASITE&#8221; AUTORIAUS NAUJA KNYGA.<\/p>\n<p><strong>DANIELIS SMITHAS<\/strong>\u00a0\u2013 ra\u0161ytojas ir tyrin\u0117tojas, para\u0161\u0119s daugiau kaip 15 knyg\u0173 labai \u012fvairiomis temomis. Tai jau tre\u010dia autoriaus knyga lietuvi\u0173 kalba. Anks\u010diau i\u0161leistos knygos \u2013\u00a0<strong>\u201e100 viet\u0173, kuri\u0173 niekada neaplankysite&#8221;<\/strong>\u00a0ir\u00a0<strong>\u201e100 dalyk\u0173, kuri\u0173 niekada nerasite&#8221;.<\/strong><\/p>\n","protected":false},"featured_media":6151,"comment_status":"closed","ping_status":"closed","template":"","meta":{"_acf_changed":false,"site-sidebar-layout":"default","site-content-layout":"","ast-site-content-layout":"default","site-content-style":"default","site-sidebar-style":"default","ast-global-header-display":"","ast-banner-title-visibility":"","ast-main-header-display":"","ast-hfb-above-header-display":"","ast-hfb-below-header-display":"","ast-hfb-mobile-header-display":"","site-post-title":"","ast-breadcrumbs-content":"","ast-featured-img":"","footer-sml-layout":"","ast-disable-related-posts":"","theme-transparent-header-meta":"","adv-header-id-meta":"","stick-header-meta":"","header-above-stick-meta":"","header-main-stick-meta":"","header-below-stick-meta":"","astra-migrate-meta-layouts":"default","ast-page-background-enabled":"default","ast-page-background-meta":{"desktop":{"background-color":"","background-image":"","background-repeat":"repeat","background-position":"center center","background-size":"auto","background-attachment":"scroll","background-type":"","background-media":"","overlay-type":"","overlay-color":"","overlay-opacity":"","overlay-gradient":""},"tablet":{"background-color":"","background-image":"","background-repeat":"repeat","background-position":"center center","background-size":"auto","background-attachment":"scroll","background-type":"","background-media":"","overlay-type":"","overlay-color":"","overlay-opacity":"","overlay-gradient":""},"mobile":{"background-color":"","background-image":"","background-repeat":"repeat","background-position":"center center","background-size":"auto","background-attachment":"scroll","background-type":"","background-media":"","overlay-type":"","overlay-color":"","overlay-opacity":"","overlay-gradient":""}},"ast-content-background-meta":{"desktop":{"background-color":"var(--ast-global-color-4)","background-image":"","background-repeat":"repeat","background-position":"center center","background-size":"auto","background-attachment":"scroll","background-type":"","background-media":"","overlay-type":"","overlay-color":"","overlay-opacity":"","overlay-gradient":""},"tablet":{"background-color":"var(--ast-global-color-4)","background-image":"","background-repeat":"repeat","background-position":"center center","background-size":"auto","background-attachment":"scroll","background-type":"","background-media":"","overlay-type":"","overlay-color":"","overlay-opacity":"","overlay-gradient":""},"mobile":{"background-color":"var(--ast-global-color-4)","background-image":"","background-repeat":"repeat","background-position":"center center","background-size":"auto","background-attachment":"scroll","background-type":"","background-media":"","overlay-type":"","overlay-color":"","overlay-opacity":"","overlay-gradient":""}}},"product_brand":[],"product_cat":[448],"product_tag":[],"class_list":{"0":"post-6129","1":"product","2":"type-product","3":"status-publish","4":"has-post-thumbnail","6":"product_cat-keliones","7":"pa_leidimo-metai-662","8":"desktop-align-left","9":"tablet-align-left","10":"mobile-align-left","12":"first","13":"outofstock","14":"shipping-taxable","15":"purchasable","16":"product-type-simple"},"acf":[],"yoast_head":"<!-- This site is optimized with the Yoast SEO plugin v27.0 - https:\/\/yoast.com\/product\/yoast-seo-wordpress\/ -->\n<title>100 dalyk\u0173, kuri\u0173 niekada nedarysite: kaip pasiekti tai, kas ne\u012fmanoma<\/title>\n<meta name=\"description\" content=\"\u201eNe\u012fmanoma \u2013 tai \u017eodis, aptinkamas tik kvaili\u0173 \u017eodyne.&quot;  Napoleonas Bonaparte&#039;as  Per vis\u0105 istorij\u0105 \u017emonija atliko daug nepaprast\u0173 \u017eygi\u0173: vieni j\u0173 stebina neprilygstamu meistri\u0161kumu, kiti \u2013 i\u0161skirtine dr\u0105sa, treti priblo\u0161kia kvailumu. \u0160i knyga \u2013 jaudinantis \u017evilgsnis \u012f beribes \u017emoni\u0173 galimybes.  Yra \u017emoni\u0173, kurie:   dresuoja li\u016btus ar kaunasi koridoje;  perplaukia Laman\u0161\u0105 ar tampa olimpiniais \u010dempionais;  b\u0117ga ultramaraton\u0105 Sacharos dykumoje;  ir netgi vaik\u0161to vandens pavir\u0161iumi ar stebi NSO.  Jei esate i\u0161 t\u0173, kurie \u017eavisi tokiais \u017emon\u0117mis, arba patys trok\u0161tate padaryti tai, kas atrodo ne\u012fmanoma, \u0161i knyga \u2013 kaip tik Jums.  BESTSELERI\u0172 \u201e100 VIET\u0172, KURI\u0172 NIEKADA NEAPLANKYSITE&quot; IR \u201e100 DALYK\u0172, KURI\u0172 NIEKADA NERASITE&quot; AUTORIAUS NAUJA KNYGA.  DANIELIS SMITHAS\u00a0\u2013 ra\u0161ytojas ir tyrin\u0117tojas, para\u0161\u0119s daugiau kaip 15 knyg\u0173 labai \u012fvairiomis temomis. Tai jau tre\u010dia autoriaus knyga lietuvi\u0173 kalba. Anks\u010diau i\u0161leistos knygos \u2013\u00a0\u201e100 viet\u0173, kuri\u0173 niekada neaplankysite&quot;\u00a0ir\u00a0\u201e100 dalyk\u0173, kuri\u0173 niekada nerasite&quot;.\" \/>\n<meta name=\"robots\" content=\"index, follow, max-snippet:-1, max-image-preview:large, max-video-preview:-1\" \/>\n<link rel=\"canonical\" href=\"https:\/\/skaitytaknyga.lt\/en\/produktas\/100-dalyku-kuriu-niekada-nedarysite-kaip-pasiekti-tai-kas-neimanoma\/\" \/>\n<meta property=\"og:locale\" content=\"en_GB\" \/>\n<meta property=\"og:locale:alternate\" content=\"lt_LT\" \/>\n<meta property=\"og:type\" content=\"article\" \/>\n<meta property=\"og:title\" content=\"100 dalyk\u0173, kuri\u0173 niekada nedarysite: kaip pasiekti tai, kas ne\u012fmanoma\" \/>\n<meta property=\"og:description\" content=\"\u201eNe\u012fmanoma \u2013 tai \u017eodis, aptinkamas tik kvaili\u0173 \u017eodyne.&quot;  Napoleonas Bonaparte&#039;as  Per vis\u0105 istorij\u0105 \u017emonija atliko daug nepaprast\u0173 \u017eygi\u0173: vieni j\u0173 stebina neprilygstamu meistri\u0161kumu, kiti \u2013 i\u0161skirtine dr\u0105sa, treti priblo\u0161kia kvailumu. \u0160i knyga \u2013 jaudinantis \u017evilgsnis \u012f beribes \u017emoni\u0173 galimybes.  Yra \u017emoni\u0173, kurie:   dresuoja li\u016btus ar kaunasi koridoje;  perplaukia Laman\u0161\u0105 ar tampa olimpiniais \u010dempionais;  b\u0117ga ultramaraton\u0105 Sacharos dykumoje;  ir netgi vaik\u0161to vandens pavir\u0161iumi ar stebi NSO.  Jei esate i\u0161 t\u0173, kurie \u017eavisi tokiais \u017emon\u0117mis, arba patys trok\u0161tate padaryti tai, kas atrodo ne\u012fmanoma, \u0161i knyga \u2013 kaip tik Jums.  BESTSELERI\u0172 \u201e100 VIET\u0172, KURI\u0172 NIEKADA NEAPLANKYSITE&quot; IR \u201e100 DALYK\u0172, KURI\u0172 NIEKADA NERASITE&quot; AUTORIAUS NAUJA KNYGA.  DANIELIS SMITHAS\u00a0\u2013 ra\u0161ytojas ir tyrin\u0117tojas, para\u0161\u0119s daugiau kaip 15 knyg\u0173 labai \u012fvairiomis temomis. Tai jau tre\u010dia autoriaus knyga lietuvi\u0173 kalba. Anks\u010diau i\u0161leistos knygos \u2013\u00a0\u201e100 viet\u0173, kuri\u0173 niekada neaplankysite&quot;\u00a0ir\u00a0\u201e100 dalyk\u0173, kuri\u0173 niekada nerasite&quot;.\" \/>\n<meta property=\"og:url\" content=\"https:\/\/skaitytaknyga.lt\/en\/produktas\/100-dalyku-kuriu-niekada-nedarysite-kaip-pasiekti-tai-kas-neimanoma\/\" \/>\n<meta property=\"og:site_name\" content=\"Skaitytaknyga\" \/>\n<meta property=\"article:publisher\" content=\"https:\/\/www.facebook.com\/skaitytaknyga\/\" \/>\n<meta property=\"article:modified_time\" content=\"2024-07-16T12:08:17+00:00\" \/>\n<meta property=\"og:image\" content=\"https:\/\/skaitytaknyga.lt\/wp-content\/uploads\/2024\/05\/1508221786_cdb_100-dalyku-kuriu-niekada-nedarysite_p1.png\" \/>\n\t<meta property=\"og:image:width\" content=\"285\" \/>\n\t<meta property=\"og:image:height\" content=\"379\" \/>\n\t<meta property=\"og:image:type\" content=\"image\/png\" \/>\n<meta name=\"twitter:card\" content=\"summary_large_image\" \/>\n<meta name=\"twitter:label1\" content=\"Estimated reading time\" \/>\n\t<meta name=\"twitter:data1\" content=\"1 minute\" \/>\n<script type=\"application\/ld+json\" class=\"yoast-schema-graph\">{\"@context\":\"https:\/\/schema.org\",\"@graph\":[{\"@type\":\"WebPage\",\"@id\":\"https:\/\/skaitytaknyga.lt\/produktas\/100-dalyku-kuriu-niekada-nedarysite-kaip-pasiekti-tai-kas-neimanoma\/\",\"url\":\"https:\/\/skaitytaknyga.lt\/produktas\/100-dalyku-kuriu-niekada-nedarysite-kaip-pasiekti-tai-kas-neimanoma\/\",\"name\":\"100 dalyk\u0173, kuri\u0173 niekada nedarysite: kaip pasiekti tai, kas ne\u012fmanoma\",\"isPartOf\":{\"@id\":\"https:\/\/skaitytaknyga.lt\/#website\"},\"primaryImageOfPage\":{\"@id\":\"https:\/\/skaitytaknyga.lt\/produktas\/100-dalyku-kuriu-niekada-nedarysite-kaip-pasiekti-tai-kas-neimanoma\/#primaryimage\"},\"image\":{\"@id\":\"https:\/\/skaitytaknyga.lt\/produktas\/100-dalyku-kuriu-niekada-nedarysite-kaip-pasiekti-tai-kas-neimanoma\/#primaryimage\"},\"thumbnailUrl\":\"https:\/\/skaitytaknyga.lt\/wp-content\/uploads\/2024\/05\/1508221786_cdb_100-dalyku-kuriu-niekada-nedarysite_p1.png\",\"datePublished\":\"2024-05-02T13:08:31+00:00\",\"dateModified\":\"2024-07-16T12:08:17+00:00\",\"description\":\"\u201eNe\u012fmanoma \u2013 tai \u017eodis, aptinkamas tik kvaili\u0173 \u017eodyne.\\\" Napoleonas Bonaparte'as Per vis\u0105 istorij\u0105 \u017emonija atliko daug nepaprast\u0173 \u017eygi\u0173: vieni j\u0173 stebina neprilygstamu meistri\u0161kumu, kiti \u2013 i\u0161skirtine dr\u0105sa, treti priblo\u0161kia kvailumu. \u0160i knyga \u2013 jaudinantis \u017evilgsnis \u012f beribes \u017emoni\u0173 galimybes. Yra \u017emoni\u0173, kurie: dresuoja li\u016btus ar kaunasi koridoje; perplaukia Laman\u0161\u0105 ar tampa olimpiniais \u010dempionais; b\u0117ga ultramaraton\u0105 Sacharos dykumoje; ir netgi vaik\u0161to vandens pavir\u0161iumi ar stebi NSO. Jei esate i\u0161 t\u0173, kurie \u017eavisi tokiais \u017emon\u0117mis, arba patys trok\u0161tate padaryti tai, kas atrodo ne\u012fmanoma, \u0161i knyga \u2013 kaip tik Jums. BESTSELERI\u0172 \u201e100 VIET\u0172, KURI\u0172 NIEKADA NEAPLANKYSITE\\\" IR \u201e100 DALYK\u0172, KURI\u0172 NIEKADA NERASITE\\\" AUTORIAUS NAUJA KNYGA. DANIELIS SMITHAS\u00a0\u2013 ra\u0161ytojas ir tyrin\u0117tojas, para\u0161\u0119s daugiau kaip 15 knyg\u0173 labai \u012fvairiomis temomis. Tai jau tre\u010dia autoriaus knyga lietuvi\u0173 kalba. Anks\u010diau i\u0161leistos knygos \u2013\u00a0\u201e100 viet\u0173, kuri\u0173 niekada neaplankysite\\\"\u00a0ir\u00a0\u201e100 dalyk\u0173, kuri\u0173 niekada nerasite\\\".\",\"breadcrumb\":{\"@id\":\"https:\/\/skaitytaknyga.lt\/produktas\/100-dalyku-kuriu-niekada-nedarysite-kaip-pasiekti-tai-kas-neimanoma\/#breadcrumb\"},\"inLanguage\":\"en-GB\",\"potentialAction\":[{\"@type\":\"ReadAction\",\"target\":[\"https:\/\/skaitytaknyga.lt\/produktas\/100-dalyku-kuriu-niekada-nedarysite-kaip-pasiekti-tai-kas-neimanoma\/\"]}]},{\"@type\":\"ImageObject\",\"inLanguage\":\"en-GB\",\"@id\":\"https:\/\/skaitytaknyga.lt\/produktas\/100-dalyku-kuriu-niekada-nedarysite-kaip-pasiekti-tai-kas-neimanoma\/#primaryimage\",\"url\":\"https:\/\/skaitytaknyga.lt\/wp-content\/uploads\/2024\/05\/1508221786_cdb_100-dalyku-kuriu-niekada-nedarysite_p1.png\",\"contentUrl\":\"https:\/\/skaitytaknyga.lt\/wp-content\/uploads\/2024\/05\/1508221786_cdb_100-dalyku-kuriu-niekada-nedarysite_p1.png\",\"width\":285,\"height\":379},{\"@type\":\"BreadcrumbList\",\"@id\":\"https:\/\/skaitytaknyga.lt\/produktas\/100-dalyku-kuriu-niekada-nedarysite-kaip-pasiekti-tai-kas-neimanoma\/#breadcrumb\",\"itemListElement\":[{\"@type\":\"ListItem\",\"position\":1,\"name\":\"Home\",\"item\":\"https:\/\/skaitytaknyga.lt\/\"},{\"@type\":\"ListItem\",\"position\":2,\"name\":\"Parduotuv\u0117\",\"item\":\"https:\/\/skaitytaknyga.lt\/knygu-parduotuve\/\"},{\"@type\":\"ListItem\",\"position\":3,\"name\":\"100 dalyk\u0173, kuri\u0173 niekada nedarysite: kaip pasiekti tai, kas ne\u012fmanoma\"}]},{\"@type\":\"WebSite\",\"@id\":\"https:\/\/skaitytaknyga.lt\/#website\",\"url\":\"https:\/\/skaitytaknyga.lt\/\",\"name\":\"skaitytaknyga.lt\",\"description\":\"Skaitytaknyga.lt \u2013 tai ma\u017eas \u0161eimos verslas, kuris prasid\u0117jo nuo meil\u0117s knygoms ir siekio i\u0161gelb\u0117ti knygas nuo likimo prie konteinerio. Kas vienam nereikalingas daiktas \u2013 kitam lobis, o mes esame tarpininkai, kurie padeda abiems tapti laimingesniems ???? \u017dinome kaip nelengva i\u0161gyventi ma\u017eiems verslams, tad nuo \u0161iol, \u010dia rasite ir kit\u0173, ma\u017e\u0173 \u0161eim\u0173 versl\u0173, rank\u0173 darbo, dovan\u0173 sau ir artimiesiems.\",\"publisher\":{\"@id\":\"https:\/\/skaitytaknyga.lt\/#organization\"},\"potentialAction\":[{\"@type\":\"SearchAction\",\"target\":{\"@type\":\"EntryPoint\",\"urlTemplate\":\"https:\/\/skaitytaknyga.lt\/?s={search_term_string}\"},\"query-input\":{\"@type\":\"PropertyValueSpecification\",\"valueRequired\":true,\"valueName\":\"search_term_string\"}}],\"inLanguage\":\"en-GB\"},{\"@type\":\"Organization\",\"@id\":\"https:\/\/skaitytaknyga.lt\/#organization\",\"name\":\"skaitytaknyga.lt\",\"url\":\"https:\/\/skaitytaknyga.lt\/\",\"logo\":{\"@type\":\"ImageObject\",\"inLanguage\":\"en-GB\",\"@id\":\"https:\/\/skaitytaknyga.lt\/#\/schema\/logo\/image\/\",\"url\":\"https:\/\/skaitytaknyga.lt\/wp-content\/uploads\/2024\/05\/cropped-cropped-cropped-02_00843_jt3bggkj1j3HLc7SyY6rEUpg.jpeg\",\"contentUrl\":\"https:\/\/skaitytaknyga.lt\/wp-content\/uploads\/2024\/05\/cropped-cropped-cropped-02_00843_jt3bggkj1j3HLc7SyY6rEUpg.jpeg\",\"width\":1600,\"height\":1600,\"caption\":\"skaitytaknyga.lt\"},\"image\":{\"@id\":\"https:\/\/skaitytaknyga.lt\/#\/schema\/logo\/image\/\"},\"sameAs\":[\"https:\/\/www.facebook.com\/skaitytaknyga\/\"]}]}<\/script>\n<!-- \/ Yoast SEO plugin. -->","yoast_head_json":{"title":"100 dalyk\u0173, kuri\u0173 niekada nedarysite: kaip pasiekti tai, kas ne\u012fmanoma","description":"\u201eNe\u012fmanoma \u2013 tai \u017eodis, aptinkamas tik kvaili\u0173 \u017eodyne.\"  Napoleonas Bonaparte'as  Per vis\u0105 istorij\u0105 \u017emonija atliko daug nepaprast\u0173 \u017eygi\u0173: vieni j\u0173 stebina neprilygstamu meistri\u0161kumu, kiti \u2013 i\u0161skirtine dr\u0105sa, treti priblo\u0161kia kvailumu. \u0160i knyga \u2013 jaudinantis \u017evilgsnis \u012f beribes \u017emoni\u0173 galimybes.  Yra \u017emoni\u0173, kurie:   dresuoja li\u016btus ar kaunasi koridoje;  perplaukia Laman\u0161\u0105 ar tampa olimpiniais \u010dempionais;  b\u0117ga ultramaraton\u0105 Sacharos dykumoje;  ir netgi vaik\u0161to vandens pavir\u0161iumi ar stebi NSO.  Jei esate i\u0161 t\u0173, kurie \u017eavisi tokiais \u017emon\u0117mis, arba patys trok\u0161tate padaryti tai, kas atrodo ne\u012fmanoma, \u0161i knyga \u2013 kaip tik Jums.  BESTSELERI\u0172 \u201e100 VIET\u0172, KURI\u0172 NIEKADA NEAPLANKYSITE\" IR \u201e100 DALYK\u0172, KURI\u0172 NIEKADA NERASITE\" AUTORIAUS NAUJA KNYGA.  DANIELIS SMITHAS\u00a0\u2013 ra\u0161ytojas ir tyrin\u0117tojas, para\u0161\u0119s daugiau kaip 15 knyg\u0173 labai \u012fvairiomis temomis. Tai jau tre\u010dia autoriaus knyga lietuvi\u0173 kalba. Anks\u010diau i\u0161leistos knygos \u2013\u00a0\u201e100 viet\u0173, kuri\u0173 niekada neaplankysite\"\u00a0ir\u00a0\u201e100 dalyk\u0173, kuri\u0173 niekada nerasite\".","robots":{"index":"index","follow":"follow","max-snippet":"max-snippet:-1","max-image-preview":"max-image-preview:large","max-video-preview":"max-video-preview:-1"},"canonical":"https:\/\/skaitytaknyga.lt\/en\/produktas\/100-dalyku-kuriu-niekada-nedarysite-kaip-pasiekti-tai-kas-neimanoma\/","og_locale":"en_GB","og_type":"article","og_title":"[:lt]100 dalyk\u0173, kuri\u0173 niekada nedarysite: kaip pasiekti tai, kas ne\u012fmanoma[:] - Skaitytaknyga","og_description":"\u201eNe\u012fmanoma \u2013 tai \u017eodis, aptinkamas tik kvaili\u0173 \u017eodyne.\"  Napoleonas Bonaparte'as  Per vis\u0105 istorij\u0105 \u017emonija atliko daug nepaprast\u0173 \u017eygi\u0173: vieni j\u0173 stebina neprilygstamu meistri\u0161kumu, kiti \u2013 i\u0161skirtine dr\u0105sa, treti priblo\u0161kia kvailumu. \u0160i knyga \u2013 jaudinantis \u017evilgsnis \u012f beribes \u017emoni\u0173 galimybes.  Yra \u017emoni\u0173, kurie:   dresuoja li\u016btus ar kaunasi koridoje;  perplaukia Laman\u0161\u0105 ar tampa olimpiniais \u010dempionais;  b\u0117ga ultramaraton\u0105 Sacharos dykumoje;  ir netgi vaik\u0161to vandens pavir\u0161iumi ar stebi NSO.  Jei esate i\u0161 t\u0173, kurie \u017eavisi tokiais \u017emon\u0117mis, arba patys trok\u0161tate padaryti tai, kas atrodo ne\u012fmanoma, \u0161i knyga \u2013 kaip tik Jums.  BESTSELERI\u0172 \u201e100 VIET\u0172, KURI\u0172 NIEKADA NEAPLANKYSITE\" IR \u201e100 DALYK\u0172, KURI\u0172 NIEKADA NERASITE\" AUTORIAUS NAUJA KNYGA.  DANIELIS SMITHAS\u00a0\u2013 ra\u0161ytojas ir tyrin\u0117tojas, para\u0161\u0119s daugiau kaip 15 knyg\u0173 labai \u012fvairiomis temomis. Tai jau tre\u010dia autoriaus knyga lietuvi\u0173 kalba. Anks\u010diau i\u0161leistos knygos \u2013\u00a0\u201e100 viet\u0173, kuri\u0173 niekada neaplankysite\"\u00a0ir\u00a0\u201e100 dalyk\u0173, kuri\u0173 niekada nerasite\".","og_url":"https:\/\/skaitytaknyga.lt\/en\/produktas\/100-dalyku-kuriu-niekada-nedarysite-kaip-pasiekti-tai-kas-neimanoma\/","og_site_name":"Skaitytaknyga","article_publisher":"https:\/\/www.facebook.com\/skaitytaknyga\/","article_modified_time":"2024-07-16T12:08:17+00:00","og_image":[{"width":285,"height":379,"url":"https:\/\/skaitytaknyga.lt\/wp-content\/uploads\/2024\/05\/1508221786_cdb_100-dalyku-kuriu-niekada-nedarysite_p1.png","type":"image\/png"}],"twitter_card":"summary_large_image","twitter_misc":{"Estimated reading time":"1 minute"},"schema":{"@context":"https:\/\/schema.org","@graph":[{"@type":"WebPage","@id":"https:\/\/skaitytaknyga.lt\/produktas\/100-dalyku-kuriu-niekada-nedarysite-kaip-pasiekti-tai-kas-neimanoma\/","url":"https:\/\/skaitytaknyga.lt\/produktas\/100-dalyku-kuriu-niekada-nedarysite-kaip-pasiekti-tai-kas-neimanoma\/","name":"100 dalyk\u0173, kuri\u0173 niekada nedarysite: kaip pasiekti tai, kas ne\u012fmanoma","isPartOf":{"@id":"https:\/\/skaitytaknyga.lt\/#website"},"primaryImageOfPage":{"@id":"https:\/\/skaitytaknyga.lt\/produktas\/100-dalyku-kuriu-niekada-nedarysite-kaip-pasiekti-tai-kas-neimanoma\/#primaryimage"},"image":{"@id":"https:\/\/skaitytaknyga.lt\/produktas\/100-dalyku-kuriu-niekada-nedarysite-kaip-pasiekti-tai-kas-neimanoma\/#primaryimage"},"thumbnailUrl":"https:\/\/skaitytaknyga.lt\/wp-content\/uploads\/2024\/05\/1508221786_cdb_100-dalyku-kuriu-niekada-nedarysite_p1.png","datePublished":"2024-05-02T13:08:31+00:00","dateModified":"2024-07-16T12:08:17+00:00","description":"\u201eNe\u012fmanoma \u2013 tai \u017eodis, aptinkamas tik kvaili\u0173 \u017eodyne.\" Napoleonas Bonaparte'as Per vis\u0105 istorij\u0105 \u017emonija atliko daug nepaprast\u0173 \u017eygi\u0173: vieni j\u0173 stebina neprilygstamu meistri\u0161kumu, kiti \u2013 i\u0161skirtine dr\u0105sa, treti priblo\u0161kia kvailumu. \u0160i knyga \u2013 jaudinantis \u017evilgsnis \u012f beribes \u017emoni\u0173 galimybes. Yra \u017emoni\u0173, kurie: dresuoja li\u016btus ar kaunasi koridoje; perplaukia Laman\u0161\u0105 ar tampa olimpiniais \u010dempionais; b\u0117ga ultramaraton\u0105 Sacharos dykumoje; ir netgi vaik\u0161to vandens pavir\u0161iumi ar stebi NSO. Jei esate i\u0161 t\u0173, kurie \u017eavisi tokiais \u017emon\u0117mis, arba patys trok\u0161tate padaryti tai, kas atrodo ne\u012fmanoma, \u0161i knyga \u2013 kaip tik Jums. BESTSELERI\u0172 \u201e100 VIET\u0172, KURI\u0172 NIEKADA NEAPLANKYSITE\" IR \u201e100 DALYK\u0172, KURI\u0172 NIEKADA NERASITE\" AUTORIAUS NAUJA KNYGA. DANIELIS SMITHAS\u00a0\u2013 ra\u0161ytojas ir tyrin\u0117tojas, para\u0161\u0119s daugiau kaip 15 knyg\u0173 labai \u012fvairiomis temomis. Tai jau tre\u010dia autoriaus knyga lietuvi\u0173 kalba. Anks\u010diau i\u0161leistos knygos \u2013\u00a0\u201e100 viet\u0173, kuri\u0173 niekada neaplankysite\"\u00a0ir\u00a0\u201e100 dalyk\u0173, kuri\u0173 niekada nerasite\".","breadcrumb":{"@id":"https:\/\/skaitytaknyga.lt\/produktas\/100-dalyku-kuriu-niekada-nedarysite-kaip-pasiekti-tai-kas-neimanoma\/#breadcrumb"},"inLanguage":"en-GB","potentialAction":[{"@type":"ReadAction","target":["https:\/\/skaitytaknyga.lt\/produktas\/100-dalyku-kuriu-niekada-nedarysite-kaip-pasiekti-tai-kas-neimanoma\/"]}]},{"@type":"ImageObject","inLanguage":"en-GB","@id":"https:\/\/skaitytaknyga.lt\/produktas\/100-dalyku-kuriu-niekada-nedarysite-kaip-pasiekti-tai-kas-neimanoma\/#primaryimage","url":"https:\/\/skaitytaknyga.lt\/wp-content\/uploads\/2024\/05\/1508221786_cdb_100-dalyku-kuriu-niekada-nedarysite_p1.png","contentUrl":"https:\/\/skaitytaknyga.lt\/wp-content\/uploads\/2024\/05\/1508221786_cdb_100-dalyku-kuriu-niekada-nedarysite_p1.png","width":285,"height":379},{"@type":"BreadcrumbList","@id":"https:\/\/skaitytaknyga.lt\/produktas\/100-dalyku-kuriu-niekada-nedarysite-kaip-pasiekti-tai-kas-neimanoma\/#breadcrumb","itemListElement":[{"@type":"ListItem","position":1,"name":"Home","item":"https:\/\/skaitytaknyga.lt\/"},{"@type":"ListItem","position":2,"name":"Parduotuv\u0117","item":"https:\/\/skaitytaknyga.lt\/knygu-parduotuve\/"},{"@type":"ListItem","position":3,"name":"100 dalyk\u0173, kuri\u0173 niekada nedarysite: kaip pasiekti tai, kas ne\u012fmanoma"}]},{"@type":"WebSite","@id":"https:\/\/skaitytaknyga.lt\/#website","url":"https:\/\/skaitytaknyga.lt\/","name":"skaitytaknyga.lt","description":"Skaitytaknyga.lt \u2013 tai ma\u017eas \u0161eimos verslas, kuris prasid\u0117jo nuo meil\u0117s knygoms ir siekio i\u0161gelb\u0117ti knygas nuo likimo prie konteinerio. Kas vienam nereikalingas daiktas \u2013 kitam lobis, o mes esame tarpininkai, kurie padeda abiems tapti laimingesniems ???? \u017dinome kaip nelengva i\u0161gyventi ma\u017eiems verslams, tad nuo \u0161iol, \u010dia rasite ir kit\u0173, ma\u017e\u0173 \u0161eim\u0173 versl\u0173, rank\u0173 darbo, dovan\u0173 sau ir artimiesiems.","publisher":{"@id":"https:\/\/skaitytaknyga.lt\/#organization"},"potentialAction":[{"@type":"SearchAction","target":{"@type":"EntryPoint","urlTemplate":"https:\/\/skaitytaknyga.lt\/?s={search_term_string}"},"query-input":{"@type":"PropertyValueSpecification","valueRequired":true,"valueName":"search_term_string"}}],"inLanguage":"en-GB"},{"@type":"Organization","@id":"https:\/\/skaitytaknyga.lt\/#organization","name":"skaitytaknyga.lt","url":"https:\/\/skaitytaknyga.lt\/","logo":{"@type":"ImageObject","inLanguage":"en-GB","@id":"https:\/\/skaitytaknyga.lt\/#\/schema\/logo\/image\/","url":"https:\/\/skaitytaknyga.lt\/wp-content\/uploads\/2024\/05\/cropped-cropped-cropped-02_00843_jt3bggkj1j3HLc7SyY6rEUpg.jpeg","contentUrl":"https:\/\/skaitytaknyga.lt\/wp-content\/uploads\/2024\/05\/cropped-cropped-cropped-02_00843_jt3bggkj1j3HLc7SyY6rEUpg.jpeg","width":1600,"height":1600,"caption":"skaitytaknyga.lt"},"image":{"@id":"https:\/\/skaitytaknyga.lt\/#\/schema\/logo\/image\/"},"sameAs":["https:\/\/www.facebook.com\/skaitytaknyga\/"]}]}},"_links":{"self":[{"href":"https:\/\/skaitytaknyga.lt\/en\/wp-json\/wp\/v2\/product\/6129","targetHints":{"allow":["GET"]}}],"collection":[{"href":"https:\/\/skaitytaknyga.lt\/en\/wp-json\/wp\/v2\/product"}],"about":[{"href":"https:\/\/skaitytaknyga.lt\/en\/wp-json\/wp\/v2\/types\/product"}],"replies":[{"embeddable":true,"href":"https:\/\/skaitytaknyga.lt\/en\/wp-json\/wp\/v2\/comments?post=6129"}],"wp:featuredmedia":[{"embeddable":true,"href":"https:\/\/skaitytaknyga.lt\/en\/wp-json\/wp\/v2\/media\/6151"}],"wp:attachment":[{"href":"https:\/\/skaitytaknyga.lt\/en\/wp-json\/wp\/v2\/media?parent=6129"}],"wp:term":[{"taxonomy":"product_brand","embeddable":true,"href":"https:\/\/skaitytaknyga.lt\/en\/wp-json\/wp\/v2\/product_brand?post=6129"},{"taxonomy":"product_cat","embeddable":true,"href":"https:\/\/skaitytaknyga.lt\/en\/wp-json\/wp\/v2\/product_cat?post=6129"},{"taxonomy":"product_tag","embeddable":true,"href":"https:\/\/skaitytaknyga.lt\/en\/wp-json\/wp\/v2\/product_tag?post=6129"}],"curies":[{"name":"wp","href":"https:\/\/api.w.org\/{rel}","templated":true}]}}