{"id":6124,"date":"2024-05-02T13:08:30","date_gmt":"2024-05-02T13:08:30","guid":{"rendered":"https:\/\/skaitytaknyga.lt\/?post_type=product&#038;p=6124"},"modified":"2025-11-13T20:09:12","modified_gmt":"2025-11-13T18:09:12","slug":"thomas-mann-budenbrokai","status":"publish","type":"product","link":"https:\/\/skaitytaknyga.lt\/en\/produktas\/thomas-mann-budenbrokai\/","title":{"rendered":"Thomas Mann \u201eBudenbrokai\u201c (padil\u0119 kra\u0161tai)"},"content":{"rendered":"<p>Garsiajame\u00a0<strong>Tomo Mano<\/strong>\u00a0romane\u00a0<strong>\u201eBudenbrokai\u201c<\/strong>, u\u017e kur\u012f ra\u0161ytojas 1929 m. peln\u0117 literat\u016brin\u0119 Nobelio premij\u0105, papasakota vienos biurgeri\u0173 verslinink\u0173 \u0161eimos istorija, apr\u0117pianti kelias jos kartas, suklest\u0117jim\u0105 ir nuosmuk\u012f.<\/p>\n<p>Romanas pasi\u017eymi turtingais ir be galo subtiliai perteiktais veik\u0117j\u0173 charakteriais, tiksliomis XIX a. vokie\u010di\u0173 miestel\u0117n\u0173 gyvenimo detal\u0117mis ir intelektualiu po\u017ei\u016briu \u012f dvasinius heroj\u0173 i\u0161gyvenimus.<\/p>\n<ul class=\"about-product mb-3\">\n<li><strong style=\"font-weight: bold;\">Autorius:<\/strong> Tomas Manas<\/li>\n<li><strong style=\"font-weight: bold;\">Leid\u0117jas:<\/strong> Vaga<\/li>\n<li><strong style=\"font-weight: bold;\">Metai:<\/strong> 1968<\/li>\n<li><strong style=\"font-weight: bold;\">Puslapiai:<\/strong> 666<\/li>\n<\/ul>\n<p>&nbsp;<\/p>\n","protected":false},"excerpt":{"rendered":"<p>Garsiajame\u00a0Tomo Mano\u00a0romane\u00a0\u201eBudenbrokai\u201c, u\u017e kur\u012f ra\u0161ytojas 1929 m. peln\u0117 literat\u016brin\u0119 Nobelio premij\u0105, papasakota vienos biurgeri\u0173 verslinink\u0173 \u0161eimos istorija, apr\u0117pianti kelias jos kartas, suklest\u0117jim\u0105 ir nuosmuk\u012f. Romanas pasi\u017eymi turtingais ir be galo subtiliai perteiktais veik\u0117j\u0173 charakteriais, tiksliomis XIX a. vokie\u010di\u0173 miestel\u0117n\u0173 gyvenimo detal\u0117mis ir intelektualiu po\u017ei\u016briu \u012f dvasinius heroj\u0173 i\u0161gyvenimus. Autorius: Tomas Manas Leid\u0117jas: Vaga Metai: 1968 Puslapiai: 666 &nbsp;<\/p>\n","protected":false},"featured_media":6137,"comment_status":"closed","ping_status":"closed","template":"","meta":{"_acf_changed":false,"site-sidebar-layout":"default","site-content-layout":"","ast-site-content-layout":"default","site-content-style":"default","site-sidebar-style":"default","ast-global-header-display":"","ast-banner-title-visibility":"","ast-main-header-display":"","ast-hfb-above-header-display":"","ast-hfb-below-header-display":"","ast-hfb-mobile-header-display":"","site-post-title":"","ast-breadcrumbs-content":"","ast-featured-img":"","footer-sml-layout":"","ast-disable-related-posts":"","theme-transparent-header-meta":"default","adv-header-id-meta":"","stick-header-meta":"","header-above-stick-meta":"","header-main-stick-meta":"","header-below-stick-meta":"","astra-migrate-meta-layouts":"set","ast-page-background-enabled":"default","ast-page-background-meta":{"desktop":{"background-color":"","background-image":"","background-repeat":"repeat","background-position":"center center","background-size":"auto","background-attachment":"scroll","background-type":"","background-media":"","overlay-type":"","overlay-color":"","overlay-opacity":"","overlay-gradient":""},"tablet":{"background-color":"","background-image":"","background-repeat":"repeat","background-position":"center center","background-size":"auto","background-attachment":"scroll","background-type":"","background-media":"","overlay-type":"","overlay-color":"","overlay-opacity":"","overlay-gradient":""},"mobile":{"background-color":"","background-image":"","background-repeat":"repeat","background-position":"center center","background-size":"auto","background-attachment":"scroll","background-type":"","background-media":"","overlay-type":"","overlay-color":"","overlay-opacity":"","overlay-gradient":""}},"ast-content-background-meta":{"desktop":{"background-color":"var(--ast-global-color-4)","background-image":"","background-repeat":"repeat","background-position":"center center","background-size":"auto","background-attachment":"scroll","background-type":"","background-media":"","overlay-type":"","overlay-color":"","overlay-opacity":"","overlay-gradient":""},"tablet":{"background-color":"var(--ast-global-color-4)","background-image":"","background-repeat":"repeat","background-position":"center center","background-size":"auto","background-attachment":"scroll","background-type":"","background-media":"","overlay-type":"","overlay-color":"","overlay-opacity":"","overlay-gradient":""},"mobile":{"background-color":"var(--ast-global-color-4)","background-image":"","background-repeat":"repeat","background-position":"center center","background-size":"auto","background-attachment":"scroll","background-type":"","background-media":"","overlay-type":"","overlay-color":"","overlay-opacity":"","overlay-gradient":""}}},"product_brand":[],"product_cat":[31,28],"product_tag":[],"class_list":{"0":"post-6124","1":"product","2":"type-product","3":"status-publish","4":"has-post-thumbnail","6":"product_cat-grozine-literatura","7":"product_cat-klasika","8":"desktop-align-left","9":"tablet-align-left","10":"mobile-align-left","12":"first","13":"instock","14":"shipping-taxable","15":"purchasable","16":"product-type-simple"},"acf":[],"yoast_head":"<!-- This site is optimized with the Yoast SEO plugin v27.0 - https:\/\/yoast.com\/product\/yoast-seo-wordpress\/ -->\n<title>Thomas Mann \u201eBudenbrokai\u201c (padil\u0119 kra\u0161tai)<\/title>\n<meta name=\"description\" content=\"Garsiajame\u00a0Tomo Mano\u00a0romane\u00a0\u201eBudenbrokai\u201c, u\u017e kur\u012f ra\u0161ytojas 1929 m. peln\u0117 literat\u016brin\u0119 Nobelio premij\u0105, papasakota vienos biurgeri\u0173 verslinink\u0173 \u0161eimos\" \/>\n<meta name=\"robots\" content=\"index, follow, max-snippet:-1, max-image-preview:large, max-video-preview:-1\" \/>\n<link rel=\"canonical\" href=\"https:\/\/skaitytaknyga.lt\/en\/produktas\/thomas-mann-budenbrokai\/\" \/>\n<meta property=\"og:locale\" content=\"en_GB\" \/>\n<meta property=\"og:locale:alternate\" content=\"lt_LT\" \/>\n<meta property=\"og:type\" content=\"article\" \/>\n<meta property=\"og:title\" content=\"Thomas Mann \u201eBudenbrokai\u201c (padil\u0119 kra\u0161tai)\" \/>\n<meta property=\"og:description\" content=\"Garsiajame\u00a0Tomo Mano\u00a0romane\u00a0\u201eBudenbrokai\u201c, u\u017e kur\u012f ra\u0161ytojas 1929 m. peln\u0117 literat\u016brin\u0119 Nobelio premij\u0105, papasakota vienos biurgeri\u0173 verslinink\u0173 \u0161eimos\" \/>\n<meta property=\"og:url\" content=\"https:\/\/skaitytaknyga.lt\/en\/produktas\/thomas-mann-budenbrokai\/\" \/>\n<meta property=\"og:site_name\" content=\"Skaitytaknyga\" \/>\n<meta property=\"article:publisher\" content=\"https:\/\/www.facebook.com\/skaitytaknyga\/\" \/>\n<meta property=\"article:modified_time\" content=\"2025-11-13T18:09:12+00:00\" \/>\n<meta property=\"og:image\" content=\"https:\/\/skaitytaknyga.lt\/wp-content\/uploads\/2024\/05\/104551-20180102-153557-e1624184806947.jpg\" \/>\n\t<meta property=\"og:image:width\" content=\"350\" \/>\n\t<meta property=\"og:image:height\" content=\"558\" \/>\n\t<meta property=\"og:image:type\" content=\"image\/jpeg\" \/>\n<meta name=\"twitter:card\" content=\"summary_large_image\" \/>\n<meta name=\"twitter:label1\" content=\"Estimated reading time\" \/>\n\t<meta name=\"twitter:data1\" content=\"1 minute\" \/>\n<script type=\"application\/ld+json\" class=\"yoast-schema-graph\">{\"@context\":\"https:\/\/schema.org\",\"@graph\":[{\"@type\":\"WebPage\",\"@id\":\"https:\/\/skaitytaknyga.lt\/produktas\/thomas-mann-budenbrokai\/\",\"url\":\"https:\/\/skaitytaknyga.lt\/produktas\/thomas-mann-budenbrokai\/\",\"name\":\"Thomas Mann \u201eBudenbrokai\u201c (padil\u0119 kra\u0161tai)\",\"isPartOf\":{\"@id\":\"https:\/\/skaitytaknyga.lt\/#website\"},\"primaryImageOfPage\":{\"@id\":\"https:\/\/skaitytaknyga.lt\/produktas\/thomas-mann-budenbrokai\/#primaryimage\"},\"image\":{\"@id\":\"https:\/\/skaitytaknyga.lt\/produktas\/thomas-mann-budenbrokai\/#primaryimage\"},\"thumbnailUrl\":\"https:\/\/skaitytaknyga.lt\/wp-content\/uploads\/2024\/05\/104551-20180102-153557-e1624184806947.jpg\",\"datePublished\":\"2024-05-02T13:08:30+00:00\",\"dateModified\":\"2025-11-13T18:09:12+00:00\",\"description\":\"Garsiajame\u00a0Tomo Mano\u00a0romane\u00a0\u201eBudenbrokai\u201c, u\u017e kur\u012f ra\u0161ytojas 1929 m. peln\u0117 literat\u016brin\u0119 Nobelio premij\u0105, papasakota vienos biurgeri\u0173 verslinink\u0173 \u0161eimos\",\"breadcrumb\":{\"@id\":\"https:\/\/skaitytaknyga.lt\/produktas\/thomas-mann-budenbrokai\/#breadcrumb\"},\"inLanguage\":\"en-GB\",\"potentialAction\":[{\"@type\":\"ReadAction\",\"target\":[\"https:\/\/skaitytaknyga.lt\/produktas\/thomas-mann-budenbrokai\/\"]}]},{\"@type\":\"ImageObject\",\"inLanguage\":\"en-GB\",\"@id\":\"https:\/\/skaitytaknyga.lt\/produktas\/thomas-mann-budenbrokai\/#primaryimage\",\"url\":\"https:\/\/skaitytaknyga.lt\/wp-content\/uploads\/2024\/05\/104551-20180102-153557-e1624184806947.jpg\",\"contentUrl\":\"https:\/\/skaitytaknyga.lt\/wp-content\/uploads\/2024\/05\/104551-20180102-153557-e1624184806947.jpg\",\"width\":350,\"height\":558,\"caption\":\"Budenbrokai\"},{\"@type\":\"BreadcrumbList\",\"@id\":\"https:\/\/skaitytaknyga.lt\/produktas\/thomas-mann-budenbrokai\/#breadcrumb\",\"itemListElement\":[{\"@type\":\"ListItem\",\"position\":1,\"name\":\"Home\",\"item\":\"https:\/\/skaitytaknyga.lt\/\"},{\"@type\":\"ListItem\",\"position\":2,\"name\":\"Parduotuv\u0117\",\"item\":\"https:\/\/skaitytaknyga.lt\/knygu-parduotuve\/\"},{\"@type\":\"ListItem\",\"position\":3,\"name\":\"Thomas Mann \u201eBudenbrokai\u201c (padil\u0119 kra\u0161tai)\"}]},{\"@type\":\"WebSite\",\"@id\":\"https:\/\/skaitytaknyga.lt\/#website\",\"url\":\"https:\/\/skaitytaknyga.lt\/\",\"name\":\"skaitytaknyga.lt\",\"description\":\"Skaitytaknyga.lt \u2013 tai ma\u017eas \u0161eimos verslas, kuris prasid\u0117jo nuo meil\u0117s knygoms ir siekio i\u0161gelb\u0117ti knygas nuo likimo prie konteinerio. Kas vienam nereikalingas daiktas \u2013 kitam lobis, o mes esame tarpininkai, kurie padeda abiems tapti laimingesniems ???? \u017dinome kaip nelengva i\u0161gyventi ma\u017eiems verslams, tad nuo \u0161iol, \u010dia rasite ir kit\u0173, ma\u017e\u0173 \u0161eim\u0173 versl\u0173, rank\u0173 darbo, dovan\u0173 sau ir artimiesiems.\",\"publisher\":{\"@id\":\"https:\/\/skaitytaknyga.lt\/#organization\"},\"potentialAction\":[{\"@type\":\"SearchAction\",\"target\":{\"@type\":\"EntryPoint\",\"urlTemplate\":\"https:\/\/skaitytaknyga.lt\/?s={search_term_string}\"},\"query-input\":{\"@type\":\"PropertyValueSpecification\",\"valueRequired\":true,\"valueName\":\"search_term_string\"}}],\"inLanguage\":\"en-GB\"},{\"@type\":\"Organization\",\"@id\":\"https:\/\/skaitytaknyga.lt\/#organization\",\"name\":\"skaitytaknyga.lt\",\"url\":\"https:\/\/skaitytaknyga.lt\/\",\"logo\":{\"@type\":\"ImageObject\",\"inLanguage\":\"en-GB\",\"@id\":\"https:\/\/skaitytaknyga.lt\/#\/schema\/logo\/image\/\",\"url\":\"https:\/\/skaitytaknyga.lt\/wp-content\/uploads\/2024\/05\/cropped-cropped-cropped-02_00843_jt3bggkj1j3HLc7SyY6rEUpg.jpeg\",\"contentUrl\":\"https:\/\/skaitytaknyga.lt\/wp-content\/uploads\/2024\/05\/cropped-cropped-cropped-02_00843_jt3bggkj1j3HLc7SyY6rEUpg.jpeg\",\"width\":1600,\"height\":1600,\"caption\":\"skaitytaknyga.lt\"},\"image\":{\"@id\":\"https:\/\/skaitytaknyga.lt\/#\/schema\/logo\/image\/\"},\"sameAs\":[\"https:\/\/www.facebook.com\/skaitytaknyga\/\"]}]}<\/script>\n<!-- \/ Yoast SEO plugin. -->","yoast_head_json":{"title":"Thomas Mann \u201eBudenbrokai\u201c (padil\u0119 kra\u0161tai)","description":"Garsiajame\u00a0Tomo Mano\u00a0romane\u00a0\u201eBudenbrokai\u201c, u\u017e kur\u012f ra\u0161ytojas 1929 m. peln\u0117 literat\u016brin\u0119 Nobelio premij\u0105, papasakota vienos biurgeri\u0173 verslinink\u0173 \u0161eimos","robots":{"index":"index","follow":"follow","max-snippet":"max-snippet:-1","max-image-preview":"max-image-preview:large","max-video-preview":"max-video-preview:-1"},"canonical":"https:\/\/skaitytaknyga.lt\/en\/produktas\/thomas-mann-budenbrokai\/","og_locale":"en_GB","og_type":"article","og_title":"[:lt]Thomas Mann \u201eBudenbrokai\u201c (padil\u0119 kra\u0161tai)[:] - Skaitytaknyga","og_description":"Garsiajame\u00a0Tomo Mano\u00a0romane\u00a0\u201eBudenbrokai\u201c, u\u017e kur\u012f ra\u0161ytojas 1929 m. peln\u0117 literat\u016brin\u0119 Nobelio premij\u0105, papasakota vienos biurgeri\u0173 verslinink\u0173 \u0161eimos","og_url":"https:\/\/skaitytaknyga.lt\/en\/produktas\/thomas-mann-budenbrokai\/","og_site_name":"Skaitytaknyga","article_publisher":"https:\/\/www.facebook.com\/skaitytaknyga\/","article_modified_time":"2025-11-13T18:09:12+00:00","og_image":[{"width":350,"height":558,"url":"https:\/\/skaitytaknyga.lt\/wp-content\/uploads\/2024\/05\/104551-20180102-153557-e1624184806947.jpg","type":"image\/jpeg"}],"twitter_card":"summary_large_image","twitter_misc":{"Estimated reading time":"1 minute"},"schema":{"@context":"https:\/\/schema.org","@graph":[{"@type":"WebPage","@id":"https:\/\/skaitytaknyga.lt\/produktas\/thomas-mann-budenbrokai\/","url":"https:\/\/skaitytaknyga.lt\/produktas\/thomas-mann-budenbrokai\/","name":"Thomas Mann \u201eBudenbrokai\u201c (padil\u0119 kra\u0161tai)","isPartOf":{"@id":"https:\/\/skaitytaknyga.lt\/#website"},"primaryImageOfPage":{"@id":"https:\/\/skaitytaknyga.lt\/produktas\/thomas-mann-budenbrokai\/#primaryimage"},"image":{"@id":"https:\/\/skaitytaknyga.lt\/produktas\/thomas-mann-budenbrokai\/#primaryimage"},"thumbnailUrl":"https:\/\/skaitytaknyga.lt\/wp-content\/uploads\/2024\/05\/104551-20180102-153557-e1624184806947.jpg","datePublished":"2024-05-02T13:08:30+00:00","dateModified":"2025-11-13T18:09:12+00:00","description":"Garsiajame\u00a0Tomo Mano\u00a0romane\u00a0\u201eBudenbrokai\u201c, u\u017e kur\u012f ra\u0161ytojas 1929 m. peln\u0117 literat\u016brin\u0119 Nobelio premij\u0105, papasakota vienos biurgeri\u0173 verslinink\u0173 \u0161eimos","breadcrumb":{"@id":"https:\/\/skaitytaknyga.lt\/produktas\/thomas-mann-budenbrokai\/#breadcrumb"},"inLanguage":"en-GB","potentialAction":[{"@type":"ReadAction","target":["https:\/\/skaitytaknyga.lt\/produktas\/thomas-mann-budenbrokai\/"]}]},{"@type":"ImageObject","inLanguage":"en-GB","@id":"https:\/\/skaitytaknyga.lt\/produktas\/thomas-mann-budenbrokai\/#primaryimage","url":"https:\/\/skaitytaknyga.lt\/wp-content\/uploads\/2024\/05\/104551-20180102-153557-e1624184806947.jpg","contentUrl":"https:\/\/skaitytaknyga.lt\/wp-content\/uploads\/2024\/05\/104551-20180102-153557-e1624184806947.jpg","width":350,"height":558,"caption":"Budenbrokai"},{"@type":"BreadcrumbList","@id":"https:\/\/skaitytaknyga.lt\/produktas\/thomas-mann-budenbrokai\/#breadcrumb","itemListElement":[{"@type":"ListItem","position":1,"name":"Home","item":"https:\/\/skaitytaknyga.lt\/"},{"@type":"ListItem","position":2,"name":"Parduotuv\u0117","item":"https:\/\/skaitytaknyga.lt\/knygu-parduotuve\/"},{"@type":"ListItem","position":3,"name":"Thomas Mann \u201eBudenbrokai\u201c (padil\u0119 kra\u0161tai)"}]},{"@type":"WebSite","@id":"https:\/\/skaitytaknyga.lt\/#website","url":"https:\/\/skaitytaknyga.lt\/","name":"skaitytaknyga.lt","description":"Skaitytaknyga.lt \u2013 tai ma\u017eas \u0161eimos verslas, kuris prasid\u0117jo nuo meil\u0117s knygoms ir siekio i\u0161gelb\u0117ti knygas nuo likimo prie konteinerio. Kas vienam nereikalingas daiktas \u2013 kitam lobis, o mes esame tarpininkai, kurie padeda abiems tapti laimingesniems ???? \u017dinome kaip nelengva i\u0161gyventi ma\u017eiems verslams, tad nuo \u0161iol, \u010dia rasite ir kit\u0173, ma\u017e\u0173 \u0161eim\u0173 versl\u0173, rank\u0173 darbo, dovan\u0173 sau ir artimiesiems.","publisher":{"@id":"https:\/\/skaitytaknyga.lt\/#organization"},"potentialAction":[{"@type":"SearchAction","target":{"@type":"EntryPoint","urlTemplate":"https:\/\/skaitytaknyga.lt\/?s={search_term_string}"},"query-input":{"@type":"PropertyValueSpecification","valueRequired":true,"valueName":"search_term_string"}}],"inLanguage":"en-GB"},{"@type":"Organization","@id":"https:\/\/skaitytaknyga.lt\/#organization","name":"skaitytaknyga.lt","url":"https:\/\/skaitytaknyga.lt\/","logo":{"@type":"ImageObject","inLanguage":"en-GB","@id":"https:\/\/skaitytaknyga.lt\/#\/schema\/logo\/image\/","url":"https:\/\/skaitytaknyga.lt\/wp-content\/uploads\/2024\/05\/cropped-cropped-cropped-02_00843_jt3bggkj1j3HLc7SyY6rEUpg.jpeg","contentUrl":"https:\/\/skaitytaknyga.lt\/wp-content\/uploads\/2024\/05\/cropped-cropped-cropped-02_00843_jt3bggkj1j3HLc7SyY6rEUpg.jpeg","width":1600,"height":1600,"caption":"skaitytaknyga.lt"},"image":{"@id":"https:\/\/skaitytaknyga.lt\/#\/schema\/logo\/image\/"},"sameAs":["https:\/\/www.facebook.com\/skaitytaknyga\/"]}]}},"_links":{"self":[{"href":"https:\/\/skaitytaknyga.lt\/en\/wp-json\/wp\/v2\/product\/6124","targetHints":{"allow":["GET"]}}],"collection":[{"href":"https:\/\/skaitytaknyga.lt\/en\/wp-json\/wp\/v2\/product"}],"about":[{"href":"https:\/\/skaitytaknyga.lt\/en\/wp-json\/wp\/v2\/types\/product"}],"replies":[{"embeddable":true,"href":"https:\/\/skaitytaknyga.lt\/en\/wp-json\/wp\/v2\/comments?post=6124"}],"wp:featuredmedia":[{"embeddable":true,"href":"https:\/\/skaitytaknyga.lt\/en\/wp-json\/wp\/v2\/media\/6137"}],"wp:attachment":[{"href":"https:\/\/skaitytaknyga.lt\/en\/wp-json\/wp\/v2\/media?parent=6124"}],"wp:term":[{"taxonomy":"product_brand","embeddable":true,"href":"https:\/\/skaitytaknyga.lt\/en\/wp-json\/wp\/v2\/product_brand?post=6124"},{"taxonomy":"product_cat","embeddable":true,"href":"https:\/\/skaitytaknyga.lt\/en\/wp-json\/wp\/v2\/product_cat?post=6124"},{"taxonomy":"product_tag","embeddable":true,"href":"https:\/\/skaitytaknyga.lt\/en\/wp-json\/wp\/v2\/product_tag?post=6124"}],"curies":[{"name":"wp","href":"https:\/\/api.w.org\/{rel}","templated":true}]}}